{"id":51269,"date":"2026-03-02T15:09:46","date_gmt":"2026-03-02T08:09:46","guid":{"rendered":"http:\/\/tourcruiser.com\/product\/women-nike-free-metcon-6"},"modified":"2026-03-28T00:58:55","modified_gmt":"2026-03-27T17:58:55","slug":"women-nike-free-metcon-6","status":"publish","type":"product","link":"https:\/\/tourcruiser.com\/de\/products\/women-nike-free-metcon-6\/","title":{"rendered":"(Women) Nike Free Metcon 6"},"content":{"rendered":"<p>Der Nike Free Metcon 6 FJ7126-107 ist ein vielseitiger, leistungsstarker Trainingsschuh speziell f\u00fcr Frauen. Er vereint Flexibilit\u00e4t und Stabilit\u00e4t und unterst\u00fctzt so ein breites Spektrum an Workouts. Dank seiner leichten und dennoch strapazierf\u00e4higen Konstruktion eignet er sich perfekt f\u00fcr alles \u201d\u201c vom hochintensiven Intervalltraining bis zum Gewichtheben \u201d\u201c und ist damit eine unverzichtbare Erg\u00e4nzung f\u00fcr dein Fitnessprogramm.<\/p>\n<p>Das atmungsaktive Mesh-Obermaterial sorgt f\u00fcr optimale Bel\u00fcftung und h\u00e4lt deine F\u00fc\u00dfe auch bei intensivsten Trainingseinheiten angenehm k\u00fchl. Eine breite Ferse und die Gummiau\u00dfensohle garantieren hervorragenden Grip und Stabilit\u00e4t und helfen dir, bei schweren \u00dcbungen oder dynamischen Bewegungen die Balance zu halten. Die Free-Technologie im Vorfu\u00dfbereich erm\u00f6glicht nat\u00fcrliche, uneingeschr\u00e4nkte Bewegungsabl\u00e4ufe und f\u00f6rdert optimale Fu\u00dfflexibilit\u00e4t f\u00fcr funktionelles Training.<\/p>\n<p>Mit seinem eleganten und modernen Design in einer frischen Farbgebung \u00fcberzeugt der Nike Free Metcon 6 nicht nur durch seine au\u00dfergew\u00f6hnliche Performance, sondern sieht auch im Fitnessstudio und in der Freizeit stylisch aus. Die flache Silhouette und die ged\u00e4mpfte Mittelsohle bieten ein angenehmes, aber dennoch stabiles Laufgef\u00fchl und reduzieren die Belastung deiner F\u00fc\u00dfe bei jedem Schritt, Sprung oder Heben. Dieser Schuh wurde speziell f\u00fcr die Bed\u00fcrfnisse ambitionierter Athleten und Fitnessbegeisterter entwickelt und erm\u00f6glicht es dir, deine Grenzen komfortabel und selbstbewusst zu erweitern. Der Nike Free Metcon 6 vereint Style und Funktionalit\u00e4t perfekt und ist ein unverzichtbares Schuh-Upgrade f\u00fcr deinen aktiven Lifestyle.<\/p>\n<ul>\n<li><strong>Farbgebung:<\/strong> Wei\u00df\/Gletscherblau\/Dusty Cactus<\/li>\n<li><strong>Style-Code:<\/strong> FJ7126-107<\/li>\n<li><strong>Obermaterial:<\/strong> Mesh<\/li>\n<li><strong>Zwischensohle:<\/strong> Free<\/li>\n<li><strong>Farbe:<\/strong> Wei\u00df<\/li>\n<\/ul>\n","protected":false},"excerpt":{"rendered":"<p>Nike Free Metcon 6 \u201d\u201d White\/Glacier Blue\/Dusty Cactus<\/p>\n","protected":false},"featured_media":51270,"comment_status":"open","ping_status":"closed","template":"","meta":[],"product_brand":[],"product_cat":[10809],"product_tag":[10801,10802,10873,10758],"class_list":{"0":"post-51269","1":"product","2":"type-product","3":"status-publish","4":"has-post-thumbnail","6":"product_cat-nike-women","7":"product_tag-nike","8":"product_tag-performance-sport-shoes","9":"product_tag-training-shoes","10":"product_tag-under-retail","11":"wcpa_has_options","13":"first","14":"outofstock","15":"taxable","16":"shipping-taxable","17":"purchasable","18":"product-type-simple"},"wcpa_form_fields":{"rules":{"pric_overide_base_price":false,"pric_overide_base_price_if_gt_zero":false,"pric_overide_base_price_fully":false,"pric_cal_option_once":false,"pric_use_as_fee":false,"bind_quantity":false,"quantity_bind_formula":false},"fields":[{"type":"color-group","required":true,"elementId":"wcpa-color-group-66c4a75505e74","label":"Gr\u00f6\u00dfe - EU Gr\u00f6\u00dfe","inline":true,"priceOptions":"different_for_all","pricingType":"fixed","className":"hassizechart product-shoes-size-eu product-shoes-size","name":"color-group-66c4a75505e89","disp_type":"square","selection_type":"tick-border","disp_size":"44","show_label_inside":true,"adjust_width":true,"cart_display_type":"text","other_text":"Other","cl_rule":"show","col":6,"values":[{"label":"35.5","value":"EU 35.5","price":"","pimage":"","pimage_id":"","pthumb":"","color":""},{"label":"36","value":"EU 36","price":"","pimage":"","pimage_id":"","pthumb":"","color":"","selected":true},{"label":"36.5","value":"EU 36.5","price":"","pimage":"","pimage_id":"","pthumb":"","color":""},{"label":"37.5","value":"EU 37.5","price":"","pimage":"","pimage_id":"","pthumb":"","color":""},{"label":"38","value":"EU 38","price":"","pimage":"","pimage_id":"","pthumb":"","color":""},{"label":"38.5","value":"EU 38.5","price":"","pimage":"","pimage_id":"","pthumb":"","color":""},{"label":"39","value":"EU 39","price":"","pimage":"","pimage_id":"","pthumb":"","color":""},{"label":"40","value":"EU 40","price":"","pimage":"","pimage_id":"","pthumb":"","color":""},{"label":"40.5","value":"EU 40.5","price":"","pimage":"","pimage_id":"","pthumb":"","color":""},{"label":"41","value":"EU 41","price":"","pimage":"","pimage_id":"","pthumb":"","color":""},{"label":"42","value":"EU 42","price":"","pimage":"","pimage_id":"","pthumb":"","color":""},{"label":"42.5","value":"EU 42.5","price":"","pimage":"","pimage_id":"","pthumb":"","color":""},{"label":"43","value":"EU 43","price":"","pimage":"","pimage_id":"","pthumb":"","color":""},{"label":"44","value":"EU 44","price":"","pimage":"","pimage_id":"","pthumb":"","color":""},{"label":"44.5","value":"EU 44.5","price":"","pimage":"","pimage_id":"","pthumb":"","color":""},{"label":"45","value":"EU 45","price":"","pimage":"","pimage_id":"","pthumb":"","color":""},{"label":"45.5","value":"EU 45.5","price":"","pimage":"","pimage_id":"","pthumb":"","color":""},{"label":"46","value":"EU 46","price":"","pimage":"","pimage_id":"","pthumb":"","color":""},{"label":"47","value":"EU 47","price":"","pimage":"","pimage_id":"","pthumb":"","color":""},{"label":"47.5","value":"EU 47.5","price":"","pimage":"","pimage_id":"","pthumb":"","color":""},{"label":"48","value":"EU 48","price":"","pimage":"","pimage_id":"","pthumb":"","color":""}],"relations":[{"operator":false,"rules":[]}],"form_id":18106,"form_rules":{"pric_cal_option_once":false,"exclude_from_discount":false,"pric_use_as_fee":false,"fee_label":"Fee","render_after_acb":false,"disp_hide_options_price":false}}]},"yoast_head":"<!-- This site is optimized with the Yoast SEO plugin v26.5 - https:\/\/yoast.com\/wordpress\/plugins\/seo\/ -->\n<title>(Women) Nike Free Metcon 6  - Tourcruiser PTE. LTD<\/title>\n<meta name=\"robots\" content=\"index, follow, max-snippet:-1, max-image-preview:large, max-video-preview:-1\" \/>\n<link rel=\"canonical\" href=\"https:\/\/tourcruiser.com\/\" \/>\n<meta property=\"og:locale\" content=\"de_DE\" \/>\n<meta property=\"og:type\" content=\"article\" \/>\n<meta property=\"og:title\" content=\"(Women) Nike Free Metcon 6  - Tourcruiser PTE. LTD\" \/>\n<meta property=\"og:description\" content=\"Nike Free Metcon 6 \u201d\u201d White\/Glacier Blue\/Dusty Cactus\" \/>\n<meta property=\"og:url\" content=\"\/\" \/>\n<meta property=\"og:site_name\" content=\"Tourcruiser Sneaker Store\" \/>\n<meta property=\"article:modified_time\" content=\"2026-03-27T17:58:55+00:00\" \/>\n<meta name=\"twitter:card\" content=\"summary_large_image\" \/>\n<meta name=\"twitter:image\" content=\"https:\/\/images.novelship.com\/product\/_women__nike_free_metcon_6_fj7126-107_0_72612.png;https:\/\/images.novelship.com\/product\/_women__nike_free_metcon_6_fj7126-107_1_72612.png;https:\/\/images.novelship.com\/product\/_women__nike_free_metcon_6_fj7126-107_2_72612.png;https:\/\/images.novelship.com\/product\/_women__nike_free_metcon_6_fj7126-107_3_72612.png;https:\/\/images.novelship.com\/product\/_women__nike_free_metcon_6_fj7126-107_4_72612.png;https:\/\/images.novelship.com\/product\/_women__nike_free_metcon_6_fj7126-107_5_72612.png;https:\/\/images.novelship.com\/product\/_women__nike_free_metcon_6_fj7126-107_6_72612.png;https:\/\/images.novelship.com\/product\/_women__nike_free_metcon_6_fj7126-107_7_72612.png\" \/>\n<meta name=\"twitter:label1\" content=\"Gesch\u00e4tzte Lesezeit\" \/>\n\t<meta name=\"twitter:data1\" content=\"1\u00a0Minute\" \/>\n<script type=\"application\/ld+json\" class=\"yoast-schema-graph\">{\"@context\":\"https:\/\/schema.org\",\"@graph\":[{\"@type\":\"WebPage\",\"@id\":\"\/\",\"url\":\"https:\/\/tourcruiser.com\/\",\"name\":\"(Women) Nike Free Metcon 6 - Tourcruiser PTE. LTD\",\"isPartOf\":{\"@id\":\"https:\/\/tourcruiser.com\/de\/#website\"},\"primaryImageOfPage\":{\"@id\":\"https:\/\/tourcruiser.com\/#primaryimage\"},\"image\":{\"@id\":\"https:\/\/tourcruiser.com\/#primaryimage\"},\"thumbnailUrl\":\"https:\/\/images.novelship.com\/product\/_women__nike_free_metcon_6_fj7126-107_0_72612.png;https:\/\/images.novelship.com\/product\/_women__nike_free_metcon_6_fj7126-107_1_72612.png;https:\/\/images.novelship.com\/product\/_women__nike_free_metcon_6_fj7126-107_2_72612.png;https:\/\/images.novelship.com\/product\/_women__nike_free_metcon_6_fj7126-107_3_72612.png;https:\/\/images.novelship.com\/product\/_women__nike_free_metcon_6_fj7126-107_4_72612.png;https:\/\/images.novelship.com\/product\/_women__nike_free_metcon_6_fj7126-107_5_72612.png;https:\/\/images.novelship.com\/product\/_women__nike_free_metcon_6_fj7126-107_6_72612.png;https:\/\/images.novelship.com\/product\/_women__nike_free_metcon_6_fj7126-107_7_72612.png\",\"datePublished\":\"2026-03-02T08:09:46+00:00\",\"dateModified\":\"2026-03-27T17:58:55+00:00\",\"breadcrumb\":{\"@id\":\"https:\/\/tourcruiser.com\/#breadcrumb\"},\"inLanguage\":\"de\",\"potentialAction\":[{\"@type\":\"ReadAction\",\"target\":[\"https:\/\/tourcruiser.com\/\"]}]},{\"@type\":\"ImageObject\",\"inLanguage\":\"de\",\"@id\":\"https:\/\/tourcruiser.com\/#primaryimage\",\"url\":\"https:\/\/images.novelship.com\/product\/_women__nike_free_metcon_6_fj7126-107_0_72612.png;https:\/\/images.novelship.com\/product\/_women__nike_free_metcon_6_fj7126-107_1_72612.png;https:\/\/images.novelship.com\/product\/_women__nike_free_metcon_6_fj7126-107_2_72612.png;https:\/\/images.novelship.com\/product\/_women__nike_free_metcon_6_fj7126-107_3_72612.png;https:\/\/images.novelship.com\/product\/_women__nike_free_metcon_6_fj7126-107_4_72612.png;https:\/\/images.novelship.com\/product\/_women__nike_free_metcon_6_fj7126-107_5_72612.png;https:\/\/images.novelship.com\/product\/_women__nike_free_metcon_6_fj7126-107_6_72612.png;https:\/\/images.novelship.com\/product\/_women__nike_free_metcon_6_fj7126-107_7_72612.png\",\"contentUrl\":\"https:\/\/images.novelship.com\/product\/_women__nike_free_metcon_6_fj7126-107_0_72612.png;https:\/\/images.novelship.com\/product\/_women__nike_free_metcon_6_fj7126-107_1_72612.png;https:\/\/images.novelship.com\/product\/_women__nike_free_metcon_6_fj7126-107_2_72612.png;https:\/\/images.novelship.com\/product\/_women__nike_free_metcon_6_fj7126-107_3_72612.png;https:\/\/images.novelship.com\/product\/_women__nike_free_metcon_6_fj7126-107_4_72612.png;https:\/\/images.novelship.com\/product\/_women__nike_free_metcon_6_fj7126-107_5_72612.png;https:\/\/images.novelship.com\/product\/_women__nike_free_metcon_6_fj7126-107_6_72612.png;https:\/\/images.novelship.com\/product\/_women__nike_free_metcon_6_fj7126-107_7_72612.png\"},{\"@type\":\"BreadcrumbList\",\"@id\":\"https:\/\/tourcruiser.com\/#breadcrumb\",\"itemListElement\":[{\"@type\":\"ListItem\",\"position\":1,\"name\":\"Home\",\"item\":\"https:\/\/tourcruiser.com\/de\/\"},{\"@type\":\"ListItem\",\"position\":2,\"name\":\"Shop\",\"item\":\"https:\/\/tourcruiser.com\/de\/shop\/\"},{\"@type\":\"ListItem\",\"position\":3,\"name\":\"(Women) Nike Free Metcon 6\"}]},{\"@type\":\"WebSite\",\"@id\":\"https:\/\/tourcruiser.com\/de\/#website\",\"url\":\"https:\/\/tourcruiser.com\/de\/\",\"name\":\"Styloral Jewelry Shop\",\"description\":\"Tourcruiser Sneaker Store \u2014 der Ort, an dem das Universum deine Einzigartigkeit trifft.\",\"publisher\":{\"@id\":\"https:\/\/tourcruiser.com\/de\/#organization\"},\"potentialAction\":[{\"@type\":\"SearchAction\",\"target\":{\"@type\":\"EntryPoint\",\"urlTemplate\":\"https:\/\/tourcruiser.com\/de\/?s={search_term_string}\"},\"query-input\":{\"@type\":\"PropertyValueSpecification\",\"valueRequired\":true,\"valueName\":\"search_term_string\"}}],\"inLanguage\":\"de\"},{\"@type\":\"Organization\",\"@id\":\"https:\/\/tourcruiser.com\/de\/#organization\",\"name\":\"STYLORAL PTE. LTD\",\"url\":\"https:\/\/tourcruiser.com\/de\/\",\"logo\":{\"@type\":\"ImageObject\",\"inLanguage\":\"de\",\"@id\":\"https:\/\/tourcruiser.com\/de\/#\/schema\/logo\/image\/\",\"url\":\"https:\/\/www.tourcruiser.com\/wp-content\/uploads\/2025\/12\/logo.png\",\"contentUrl\":\"https:\/\/www.tourcruiser.com\/wp-content\/uploads\/2025\/12\/logo.png\",\"width\":200,\"height\":65,\"caption\":\"STYLORAL PTE. LTD\"},\"image\":{\"@id\":\"https:\/\/tourcruiser.com\/de\/#\/schema\/logo\/image\/\"}}]}<\/script>\n<!-- \/ Yoast SEO plugin. -->","yoast_head_json":{"title":"(Women) Nike Free Metcon 6  - Tourcruiser PTE. LTD","robots":{"index":"index","follow":"follow","max-snippet":"max-snippet:-1","max-image-preview":"max-image-preview:large","max-video-preview":"max-video-preview:-1"},"canonical":"https:\/\/tourcruiser.com\/","og_locale":"de_DE","og_type":"article","og_title":"(Women) Nike Free Metcon 6  - Tourcruiser PTE. LTD","og_description":"Nike Free Metcon 6 \u201d\u201d White\/Glacier Blue\/Dusty Cactus","og_url":"\/","og_site_name":"Tourcruiser Sneaker Store","article_modified_time":"2026-03-27T17:58:55+00:00","twitter_card":"summary_large_image","twitter_image":"https:\/\/images.novelship.com\/product\/_women__nike_free_metcon_6_fj7126-107_0_72612.png;https:\/\/images.novelship.com\/product\/_women__nike_free_metcon_6_fj7126-107_1_72612.png;https:\/\/images.novelship.com\/product\/_women__nike_free_metcon_6_fj7126-107_2_72612.png;https:\/\/images.novelship.com\/product\/_women__nike_free_metcon_6_fj7126-107_3_72612.png;https:\/\/images.novelship.com\/product\/_women__nike_free_metcon_6_fj7126-107_4_72612.png;https:\/\/images.novelship.com\/product\/_women__nike_free_metcon_6_fj7126-107_5_72612.png;https:\/\/images.novelship.com\/product\/_women__nike_free_metcon_6_fj7126-107_6_72612.png;https:\/\/images.novelship.com\/product\/_women__nike_free_metcon_6_fj7126-107_7_72612.png","twitter_misc":{"Gesch\u00e4tzte Lesezeit":"1\u00a0Minute"},"schema":{"@context":"https:\/\/schema.org","@graph":[{"@type":"WebPage","@id":"\/","url":"https:\/\/tourcruiser.com\/","name":"(Women) Nike Free Metcon 6 - Tourcruiser PTE. LTD","isPartOf":{"@id":"https:\/\/tourcruiser.com\/de\/#website"},"primaryImageOfPage":{"@id":"https:\/\/tourcruiser.com\/#primaryimage"},"image":{"@id":"https:\/\/tourcruiser.com\/#primaryimage"},"thumbnailUrl":"https:\/\/images.novelship.com\/product\/_women__nike_free_metcon_6_fj7126-107_0_72612.png;https:\/\/images.novelship.com\/product\/_women__nike_free_metcon_6_fj7126-107_1_72612.png;https:\/\/images.novelship.com\/product\/_women__nike_free_metcon_6_fj7126-107_2_72612.png;https:\/\/images.novelship.com\/product\/_women__nike_free_metcon_6_fj7126-107_3_72612.png;https:\/\/images.novelship.com\/product\/_women__nike_free_metcon_6_fj7126-107_4_72612.png;https:\/\/images.novelship.com\/product\/_women__nike_free_metcon_6_fj7126-107_5_72612.png;https:\/\/images.novelship.com\/product\/_women__nike_free_metcon_6_fj7126-107_6_72612.png;https:\/\/images.novelship.com\/product\/_women__nike_free_metcon_6_fj7126-107_7_72612.png","datePublished":"2026-03-02T08:09:46+00:00","dateModified":"2026-03-27T17:58:55+00:00","breadcrumb":{"@id":"https:\/\/tourcruiser.com\/#breadcrumb"},"inLanguage":"de","potentialAction":[{"@type":"ReadAction","target":["https:\/\/tourcruiser.com\/"]}]},{"@type":"ImageObject","inLanguage":"de","@id":"https:\/\/tourcruiser.com\/#primaryimage","url":"https:\/\/images.novelship.com\/product\/_women__nike_free_metcon_6_fj7126-107_0_72612.png;https:\/\/images.novelship.com\/product\/_women__nike_free_metcon_6_fj7126-107_1_72612.png;https:\/\/images.novelship.com\/product\/_women__nike_free_metcon_6_fj7126-107_2_72612.png;https:\/\/images.novelship.com\/product\/_women__nike_free_metcon_6_fj7126-107_3_72612.png;https:\/\/images.novelship.com\/product\/_women__nike_free_metcon_6_fj7126-107_4_72612.png;https:\/\/images.novelship.com\/product\/_women__nike_free_metcon_6_fj7126-107_5_72612.png;https:\/\/images.novelship.com\/product\/_women__nike_free_metcon_6_fj7126-107_6_72612.png;https:\/\/images.novelship.com\/product\/_women__nike_free_metcon_6_fj7126-107_7_72612.png","contentUrl":"https:\/\/images.novelship.com\/product\/_women__nike_free_metcon_6_fj7126-107_0_72612.png;https:\/\/images.novelship.com\/product\/_women__nike_free_metcon_6_fj7126-107_1_72612.png;https:\/\/images.novelship.com\/product\/_women__nike_free_metcon_6_fj7126-107_2_72612.png;https:\/\/images.novelship.com\/product\/_women__nike_free_metcon_6_fj7126-107_3_72612.png;https:\/\/images.novelship.com\/product\/_women__nike_free_metcon_6_fj7126-107_4_72612.png;https:\/\/images.novelship.com\/product\/_women__nike_free_metcon_6_fj7126-107_5_72612.png;https:\/\/images.novelship.com\/product\/_women__nike_free_metcon_6_fj7126-107_6_72612.png;https:\/\/images.novelship.com\/product\/_women__nike_free_metcon_6_fj7126-107_7_72612.png"},{"@type":"BreadcrumbList","@id":"https:\/\/tourcruiser.com\/#breadcrumb","itemListElement":[{"@type":"ListItem","position":1,"name":"Home","item":"https:\/\/tourcruiser.com\/de\/"},{"@type":"ListItem","position":2,"name":"Shop","item":"https:\/\/tourcruiser.com\/de\/shop\/"},{"@type":"ListItem","position":3,"name":"(Women) Nike Free Metcon 6"}]},{"@type":"WebSite","@id":"https:\/\/tourcruiser.com\/de\/#website","url":"https:\/\/tourcruiser.com\/de\/","name":"Styloral Jewelry Shop","description":"Tourcruiser Sneaker Store \u2014 der Ort, an dem das Universum deine Einzigartigkeit trifft.","publisher":{"@id":"https:\/\/tourcruiser.com\/de\/#organization"},"potentialAction":[{"@type":"SearchAction","target":{"@type":"EntryPoint","urlTemplate":"https:\/\/tourcruiser.com\/de\/?s={search_term_string}"},"query-input":{"@type":"PropertyValueSpecification","valueRequired":true,"valueName":"search_term_string"}}],"inLanguage":"de"},{"@type":"Organization","@id":"https:\/\/tourcruiser.com\/de\/#organization","name":"STYLORAL PTE. LTD","url":"https:\/\/tourcruiser.com\/de\/","logo":{"@type":"ImageObject","inLanguage":"de","@id":"https:\/\/tourcruiser.com\/de\/#\/schema\/logo\/image\/","url":"https:\/\/www.tourcruiser.com\/wp-content\/uploads\/2025\/12\/logo.png","contentUrl":"https:\/\/www.tourcruiser.com\/wp-content\/uploads\/2025\/12\/logo.png","width":200,"height":65,"caption":"STYLORAL PTE. LTD"},"image":{"@id":"https:\/\/tourcruiser.com\/de\/#\/schema\/logo\/image\/"}}]}},"_links":{"self":[{"href":"https:\/\/tourcruiser.com\/de\/wp-json\/wp\/v2\/product\/51269","targetHints":{"allow":["GET"]}}],"collection":[{"href":"https:\/\/tourcruiser.com\/de\/wp-json\/wp\/v2\/product"}],"about":[{"href":"https:\/\/tourcruiser.com\/de\/wp-json\/wp\/v2\/types\/product"}],"replies":[{"embeddable":true,"href":"https:\/\/tourcruiser.com\/de\/wp-json\/wp\/v2\/comments?post=51269"}],"wp:featuredmedia":[{"embeddable":true,"href":"https:\/\/tourcruiser.com\/de\/wp-json\/wp\/v2\/media\/51270"}],"wp:attachment":[{"href":"https:\/\/tourcruiser.com\/de\/wp-json\/wp\/v2\/media?parent=51269"}],"wp:term":[{"taxonomy":"product_brand","embeddable":true,"href":"https:\/\/tourcruiser.com\/de\/wp-json\/wp\/v2\/product_brand?post=51269"},{"taxonomy":"product_cat","embeddable":true,"href":"https:\/\/tourcruiser.com\/de\/wp-json\/wp\/v2\/product_cat?post=51269"},{"taxonomy":"product_tag","embeddable":true,"href":"https:\/\/tourcruiser.com\/de\/wp-json\/wp\/v2\/product_tag?post=51269"}],"curies":[{"name":"wp","href":"https:\/\/api.w.org\/{rel}","templated":true}]}}