{"id":51237,"date":"2026-03-02T15:09:44","date_gmt":"2026-03-02T08:09:44","guid":{"rendered":"http:\/\/tourcruiser.com\/product\/nike-metcon-9-cement-gray-black"},"modified":"2026-03-28T00:58:49","modified_gmt":"2026-03-27T17:58:49","slug":"nike-metcon-9-cement-gray-black","status":"publish","type":"product","link":"https:\/\/tourcruiser.com\/de\/products\/nike-metcon-9-cement-gray-black\/","title":{"rendered":"Nike Metcon 9 &#8218;Cement Gray Black&#8216;"},"content":{"rendered":"<p>Der Nike Metcon 9 \u201eCement Gray Black\u201c DZ2617-006 wurde f\u00fcr H\u00f6chstleistungen im intensiven Training entwickelt und bietet un\u00fcbertroffene Stabilit\u00e4t, Unterst\u00fctzung und Strapazierf\u00e4higkeit in einem eleganten, modernen Design. Dieser vielseitige Cross-Trainingsschuh verf\u00fcgt \u00fcber ein atmungsaktives, zementgraues Obermaterial mit verst\u00e4rkten Overlays f\u00fcr zus\u00e4tzliche Strapazierf\u00e4higkeit, kombiniert mit einer markanten schwarzen Sohle f\u00fcr einen auff\u00e4lligen Kontrast. Der Schuh ist f\u00fcr anspruchsvolle Workouts konzipiert und verf\u00fcgt \u00fcber eine breite Ferse mit Hyperlift-Eins\u00e4tzen f\u00fcr zus\u00e4tzliche Stabilit\u00e4t beim Gewichtheben und bei Bewegungen mit hoher Belastung. Der flexible Vorfu\u00dfbereich und die strapazierf\u00e4hige Au\u00dfensohle gew\u00e4hrleisten sicheren Halt und nat\u00fcrliche Bewegungsabl\u00e4ufe bei Agilit\u00e4ts\u00fcbungen, w\u00e4hrend die reaktionsfreudige D\u00e4mpfung f\u00fcr Komfort bei hochintensiven Intervallen sorgt. Dieser Schuh wurde entwickelt, um den Anforderungen jedes Trainingsprogramms standzuhalten und ist dein ultimativer Partner, um deine Fitnessziele mit Stil und Leistung zu erreichen.<\/p>\n<ul>\n<li><strong>Farbgebung:<\/strong> Zementgrau\/Schwarz\/Concord\/Hot Punch<\/li>\n<li><strong>Artikelnummer:<\/strong> DZ2617-006<\/li>\n<li><strong>Obermaterial:<\/strong> Mesh<\/li>\n<li><strong>Zwischensohle:<\/strong> Hyperlift<\/li>\n<li><strong>Farbe:<\/strong> Grau<\/li>\n<\/ul>\n","protected":false},"excerpt":{"rendered":"<p>Nike Metcon 9 \u201d\u201d Cement Grey\/Black\/Concord\/Hot Punch<\/p>\n","protected":false},"featured_media":51238,"comment_status":"open","ping_status":"closed","template":"","meta":[],"product_brand":[],"product_cat":[10803],"product_tag":[10799,10800,10847,10753,10801,10802,10873,10785,10786,10758],"class_list":{"0":"post-51237","1":"product","2":"type-product","3":"status-publish","4":"has-post-thumbnail","6":"product_cat-nike","7":"product_tag-ankle-support-basketball-shoes","8":"product_tag-basketball-shoes","9":"product_tag-best-finds-under-100","10":"product_tag-gift-for-him","11":"product_tag-nike","12":"product_tag-performance-sport-shoes","13":"product_tag-training-shoes","14":"product_tag-trending-deals","15":"product_tag-trending-deals-under-150","16":"product_tag-under-retail","17":"wcpa_has_options","19":"first","20":"outofstock","21":"taxable","22":"shipping-taxable","23":"purchasable","24":"product-type-simple"},"wcpa_form_fields":{"rules":{"pric_overide_base_price":false,"pric_overide_base_price_if_gt_zero":false,"pric_overide_base_price_fully":false,"pric_cal_option_once":false,"pric_use_as_fee":false,"bind_quantity":false,"quantity_bind_formula":false},"fields":[{"type":"color-group","required":true,"elementId":"wcpa-color-group-66c4a75505e74","label":"Gr\u00f6\u00dfe - EU Gr\u00f6\u00dfe","inline":true,"priceOptions":"different_for_all","pricingType":"fixed","className":"hassizechart product-shoes-size-eu product-shoes-size","name":"color-group-66c4a75505e89","disp_type":"square","selection_type":"tick-border","disp_size":"44","show_label_inside":true,"adjust_width":true,"cart_display_type":"text","other_text":"Other","cl_rule":"show","col":6,"values":[{"label":"35.5","value":"EU 35.5","price":"","pimage":"","pimage_id":"","pthumb":"","color":""},{"label":"36","value":"EU 36","price":"","pimage":"","pimage_id":"","pthumb":"","color":"","selected":true},{"label":"36.5","value":"EU 36.5","price":"","pimage":"","pimage_id":"","pthumb":"","color":""},{"label":"37.5","value":"EU 37.5","price":"","pimage":"","pimage_id":"","pthumb":"","color":""},{"label":"38","value":"EU 38","price":"","pimage":"","pimage_id":"","pthumb":"","color":""},{"label":"38.5","value":"EU 38.5","price":"","pimage":"","pimage_id":"","pthumb":"","color":""},{"label":"39","value":"EU 39","price":"","pimage":"","pimage_id":"","pthumb":"","color":""},{"label":"40","value":"EU 40","price":"","pimage":"","pimage_id":"","pthumb":"","color":""},{"label":"40.5","value":"EU 40.5","price":"","pimage":"","pimage_id":"","pthumb":"","color":""},{"label":"41","value":"EU 41","price":"","pimage":"","pimage_id":"","pthumb":"","color":""},{"label":"42","value":"EU 42","price":"","pimage":"","pimage_id":"","pthumb":"","color":""},{"label":"42.5","value":"EU 42.5","price":"","pimage":"","pimage_id":"","pthumb":"","color":""},{"label":"43","value":"EU 43","price":"","pimage":"","pimage_id":"","pthumb":"","color":""},{"label":"44","value":"EU 44","price":"","pimage":"","pimage_id":"","pthumb":"","color":""},{"label":"44.5","value":"EU 44.5","price":"","pimage":"","pimage_id":"","pthumb":"","color":""},{"label":"45","value":"EU 45","price":"","pimage":"","pimage_id":"","pthumb":"","color":""},{"label":"45.5","value":"EU 45.5","price":"","pimage":"","pimage_id":"","pthumb":"","color":""},{"label":"46","value":"EU 46","price":"","pimage":"","pimage_id":"","pthumb":"","color":""},{"label":"47","value":"EU 47","price":"","pimage":"","pimage_id":"","pthumb":"","color":""},{"label":"47.5","value":"EU 47.5","price":"","pimage":"","pimage_id":"","pthumb":"","color":""},{"label":"48","value":"EU 48","price":"","pimage":"","pimage_id":"","pthumb":"","color":""}],"relations":[{"operator":false,"rules":[]}],"form_id":18106,"form_rules":{"pric_cal_option_once":false,"exclude_from_discount":false,"pric_use_as_fee":false,"fee_label":"Fee","render_after_acb":false,"disp_hide_options_price":false}}]},"yoast_head":"<!-- This site is optimized with the Yoast SEO plugin v26.5 - https:\/\/yoast.com\/wordpress\/plugins\/seo\/ -->\n<title>Nike Metcon 9 &#039;Cement Gray Black&#039;  - Tourcruiser PTE. LTD<\/title>\n<meta name=\"robots\" content=\"index, follow, max-snippet:-1, max-image-preview:large, max-video-preview:-1\" \/>\n<link rel=\"canonical\" href=\"https:\/\/tourcruiser.com\/\" \/>\n<meta property=\"og:locale\" content=\"de_DE\" \/>\n<meta property=\"og:type\" content=\"article\" \/>\n<meta property=\"og:title\" content=\"Nike Metcon 9 &#039;Cement Gray Black&#039;  - Tourcruiser PTE. LTD\" \/>\n<meta property=\"og:description\" content=\"Nike Metcon 9 \u201d\u201d Cement Grey\/Black\/Concord\/Hot Punch\" \/>\n<meta property=\"og:url\" content=\"\/\" \/>\n<meta property=\"og:site_name\" content=\"Tourcruiser Sneaker Store\" \/>\n<meta property=\"article:modified_time\" content=\"2026-03-27T17:58:49+00:00\" \/>\n<meta name=\"twitter:card\" content=\"summary_large_image\" \/>\n<meta name=\"twitter:image\" content=\"https:\/\/images.novelship.com\/product\/nike_metcon_9__cement_gray_black__dz2617-006_0_55950.jpeg;https:\/\/images.novelship.com\/product\/nike_metcon_9__cement_gray_black__dz2617-006_1_55950.jpeg;https:\/\/images.novelship.com\/product\/nike_metcon_9__cement_gray_black__dz2617-006_2_55950.jpeg;https:\/\/images.novelship.com\/product\/nike_metcon_9__cement_gray_black__dz2617-006_3_55950.jpeg;https:\/\/images.novelship.com\/product\/nike_metcon_9__cement_gray_black__dz2617-006_4_55950.jpeg;https:\/\/images.novelship.com\/product\/nike_metcon_9__cement_gray_black__dz2617-006_5_55950.jpeg;https:\/\/images.novelship.com\/product\/nike_metcon_9__cement_gray_black__dz2617-006_6_55950.jpeg;https:\/\/images.novelship.com\/product\/nike_metcon_9__cement_gray_black__dz2617-006_7_55950.jpeg\" \/>\n<meta name=\"twitter:label1\" content=\"Gesch\u00e4tzte Lesezeit\" \/>\n\t<meta name=\"twitter:data1\" content=\"1\u00a0Minute\" \/>\n<script type=\"application\/ld+json\" class=\"yoast-schema-graph\">{\"@context\":\"https:\/\/schema.org\",\"@graph\":[{\"@type\":\"WebPage\",\"@id\":\"\/\",\"url\":\"https:\/\/tourcruiser.com\/\",\"name\":\"Nike Metcon 9 'Cement Gray Black' - Tourcruiser PTE. LTD\",\"isPartOf\":{\"@id\":\"https:\/\/tourcruiser.com\/de\/#website\"},\"primaryImageOfPage\":{\"@id\":\"https:\/\/tourcruiser.com\/#primaryimage\"},\"image\":{\"@id\":\"https:\/\/tourcruiser.com\/#primaryimage\"},\"thumbnailUrl\":\"https:\/\/images.novelship.com\/product\/nike_metcon_9__cement_gray_black__dz2617-006_0_55950.jpeg;https:\/\/images.novelship.com\/product\/nike_metcon_9__cement_gray_black__dz2617-006_1_55950.jpeg;https:\/\/images.novelship.com\/product\/nike_metcon_9__cement_gray_black__dz2617-006_2_55950.jpeg;https:\/\/images.novelship.com\/product\/nike_metcon_9__cement_gray_black__dz2617-006_3_55950.jpeg;https:\/\/images.novelship.com\/product\/nike_metcon_9__cement_gray_black__dz2617-006_4_55950.jpeg;https:\/\/images.novelship.com\/product\/nike_metcon_9__cement_gray_black__dz2617-006_5_55950.jpeg;https:\/\/images.novelship.com\/product\/nike_metcon_9__cement_gray_black__dz2617-006_6_55950.jpeg;https:\/\/images.novelship.com\/product\/nike_metcon_9__cement_gray_black__dz2617-006_7_55950.jpeg\",\"datePublished\":\"2026-03-02T08:09:44+00:00\",\"dateModified\":\"2026-03-27T17:58:49+00:00\",\"breadcrumb\":{\"@id\":\"https:\/\/tourcruiser.com\/#breadcrumb\"},\"inLanguage\":\"de\",\"potentialAction\":[{\"@type\":\"ReadAction\",\"target\":[\"https:\/\/tourcruiser.com\/\"]}]},{\"@type\":\"ImageObject\",\"inLanguage\":\"de\",\"@id\":\"https:\/\/tourcruiser.com\/#primaryimage\",\"url\":\"https:\/\/images.novelship.com\/product\/nike_metcon_9__cement_gray_black__dz2617-006_0_55950.jpeg;https:\/\/images.novelship.com\/product\/nike_metcon_9__cement_gray_black__dz2617-006_1_55950.jpeg;https:\/\/images.novelship.com\/product\/nike_metcon_9__cement_gray_black__dz2617-006_2_55950.jpeg;https:\/\/images.novelship.com\/product\/nike_metcon_9__cement_gray_black__dz2617-006_3_55950.jpeg;https:\/\/images.novelship.com\/product\/nike_metcon_9__cement_gray_black__dz2617-006_4_55950.jpeg;https:\/\/images.novelship.com\/product\/nike_metcon_9__cement_gray_black__dz2617-006_5_55950.jpeg;https:\/\/images.novelship.com\/product\/nike_metcon_9__cement_gray_black__dz2617-006_6_55950.jpeg;https:\/\/images.novelship.com\/product\/nike_metcon_9__cement_gray_black__dz2617-006_7_55950.jpeg\",\"contentUrl\":\"https:\/\/images.novelship.com\/product\/nike_metcon_9__cement_gray_black__dz2617-006_0_55950.jpeg;https:\/\/images.novelship.com\/product\/nike_metcon_9__cement_gray_black__dz2617-006_1_55950.jpeg;https:\/\/images.novelship.com\/product\/nike_metcon_9__cement_gray_black__dz2617-006_2_55950.jpeg;https:\/\/images.novelship.com\/product\/nike_metcon_9__cement_gray_black__dz2617-006_3_55950.jpeg;https:\/\/images.novelship.com\/product\/nike_metcon_9__cement_gray_black__dz2617-006_4_55950.jpeg;https:\/\/images.novelship.com\/product\/nike_metcon_9__cement_gray_black__dz2617-006_5_55950.jpeg;https:\/\/images.novelship.com\/product\/nike_metcon_9__cement_gray_black__dz2617-006_6_55950.jpeg;https:\/\/images.novelship.com\/product\/nike_metcon_9__cement_gray_black__dz2617-006_7_55950.jpeg\"},{\"@type\":\"BreadcrumbList\",\"@id\":\"https:\/\/tourcruiser.com\/#breadcrumb\",\"itemListElement\":[{\"@type\":\"ListItem\",\"position\":1,\"name\":\"Home\",\"item\":\"https:\/\/tourcruiser.com\/de\/\"},{\"@type\":\"ListItem\",\"position\":2,\"name\":\"Shop\",\"item\":\"https:\/\/tourcruiser.com\/de\/shop\/\"},{\"@type\":\"ListItem\",\"position\":3,\"name\":\"Nike Metcon 9 &#8218;Cement Gray Black&#8216;\"}]},{\"@type\":\"WebSite\",\"@id\":\"https:\/\/tourcruiser.com\/de\/#website\",\"url\":\"https:\/\/tourcruiser.com\/de\/\",\"name\":\"Styloral Jewelry Shop\",\"description\":\"Tourcruiser Sneaker Store \u2014 der Ort, an dem das Universum deine Einzigartigkeit trifft.\",\"publisher\":{\"@id\":\"https:\/\/tourcruiser.com\/de\/#organization\"},\"potentialAction\":[{\"@type\":\"SearchAction\",\"target\":{\"@type\":\"EntryPoint\",\"urlTemplate\":\"https:\/\/tourcruiser.com\/de\/?s={search_term_string}\"},\"query-input\":{\"@type\":\"PropertyValueSpecification\",\"valueRequired\":true,\"valueName\":\"search_term_string\"}}],\"inLanguage\":\"de\"},{\"@type\":\"Organization\",\"@id\":\"https:\/\/tourcruiser.com\/de\/#organization\",\"name\":\"STYLORAL PTE. LTD\",\"url\":\"https:\/\/tourcruiser.com\/de\/\",\"logo\":{\"@type\":\"ImageObject\",\"inLanguage\":\"de\",\"@id\":\"https:\/\/tourcruiser.com\/de\/#\/schema\/logo\/image\/\",\"url\":\"https:\/\/www.tourcruiser.com\/wp-content\/uploads\/2025\/12\/logo.png\",\"contentUrl\":\"https:\/\/www.tourcruiser.com\/wp-content\/uploads\/2025\/12\/logo.png\",\"width\":200,\"height\":65,\"caption\":\"STYLORAL PTE. LTD\"},\"image\":{\"@id\":\"https:\/\/tourcruiser.com\/de\/#\/schema\/logo\/image\/\"}}]}<\/script>\n<!-- \/ Yoast SEO plugin. -->","yoast_head_json":{"title":"Nike Metcon 9 'Cement Gray Black'  - Tourcruiser PTE. LTD","robots":{"index":"index","follow":"follow","max-snippet":"max-snippet:-1","max-image-preview":"max-image-preview:large","max-video-preview":"max-video-preview:-1"},"canonical":"https:\/\/tourcruiser.com\/","og_locale":"de_DE","og_type":"article","og_title":"Nike Metcon 9 'Cement Gray Black'  - Tourcruiser PTE. LTD","og_description":"Nike Metcon 9 \u201d\u201d Cement Grey\/Black\/Concord\/Hot Punch","og_url":"\/","og_site_name":"Tourcruiser Sneaker Store","article_modified_time":"2026-03-27T17:58:49+00:00","twitter_card":"summary_large_image","twitter_image":"https:\/\/images.novelship.com\/product\/nike_metcon_9__cement_gray_black__dz2617-006_0_55950.jpeg;https:\/\/images.novelship.com\/product\/nike_metcon_9__cement_gray_black__dz2617-006_1_55950.jpeg;https:\/\/images.novelship.com\/product\/nike_metcon_9__cement_gray_black__dz2617-006_2_55950.jpeg;https:\/\/images.novelship.com\/product\/nike_metcon_9__cement_gray_black__dz2617-006_3_55950.jpeg;https:\/\/images.novelship.com\/product\/nike_metcon_9__cement_gray_black__dz2617-006_4_55950.jpeg;https:\/\/images.novelship.com\/product\/nike_metcon_9__cement_gray_black__dz2617-006_5_55950.jpeg;https:\/\/images.novelship.com\/product\/nike_metcon_9__cement_gray_black__dz2617-006_6_55950.jpeg;https:\/\/images.novelship.com\/product\/nike_metcon_9__cement_gray_black__dz2617-006_7_55950.jpeg","twitter_misc":{"Gesch\u00e4tzte Lesezeit":"1\u00a0Minute"},"schema":{"@context":"https:\/\/schema.org","@graph":[{"@type":"WebPage","@id":"\/","url":"https:\/\/tourcruiser.com\/","name":"Nike Metcon 9 'Cement Gray Black' - Tourcruiser PTE. LTD","isPartOf":{"@id":"https:\/\/tourcruiser.com\/de\/#website"},"primaryImageOfPage":{"@id":"https:\/\/tourcruiser.com\/#primaryimage"},"image":{"@id":"https:\/\/tourcruiser.com\/#primaryimage"},"thumbnailUrl":"https:\/\/images.novelship.com\/product\/nike_metcon_9__cement_gray_black__dz2617-006_0_55950.jpeg;https:\/\/images.novelship.com\/product\/nike_metcon_9__cement_gray_black__dz2617-006_1_55950.jpeg;https:\/\/images.novelship.com\/product\/nike_metcon_9__cement_gray_black__dz2617-006_2_55950.jpeg;https:\/\/images.novelship.com\/product\/nike_metcon_9__cement_gray_black__dz2617-006_3_55950.jpeg;https:\/\/images.novelship.com\/product\/nike_metcon_9__cement_gray_black__dz2617-006_4_55950.jpeg;https:\/\/images.novelship.com\/product\/nike_metcon_9__cement_gray_black__dz2617-006_5_55950.jpeg;https:\/\/images.novelship.com\/product\/nike_metcon_9__cement_gray_black__dz2617-006_6_55950.jpeg;https:\/\/images.novelship.com\/product\/nike_metcon_9__cement_gray_black__dz2617-006_7_55950.jpeg","datePublished":"2026-03-02T08:09:44+00:00","dateModified":"2026-03-27T17:58:49+00:00","breadcrumb":{"@id":"https:\/\/tourcruiser.com\/#breadcrumb"},"inLanguage":"de","potentialAction":[{"@type":"ReadAction","target":["https:\/\/tourcruiser.com\/"]}]},{"@type":"ImageObject","inLanguage":"de","@id":"https:\/\/tourcruiser.com\/#primaryimage","url":"https:\/\/images.novelship.com\/product\/nike_metcon_9__cement_gray_black__dz2617-006_0_55950.jpeg;https:\/\/images.novelship.com\/product\/nike_metcon_9__cement_gray_black__dz2617-006_1_55950.jpeg;https:\/\/images.novelship.com\/product\/nike_metcon_9__cement_gray_black__dz2617-006_2_55950.jpeg;https:\/\/images.novelship.com\/product\/nike_metcon_9__cement_gray_black__dz2617-006_3_55950.jpeg;https:\/\/images.novelship.com\/product\/nike_metcon_9__cement_gray_black__dz2617-006_4_55950.jpeg;https:\/\/images.novelship.com\/product\/nike_metcon_9__cement_gray_black__dz2617-006_5_55950.jpeg;https:\/\/images.novelship.com\/product\/nike_metcon_9__cement_gray_black__dz2617-006_6_55950.jpeg;https:\/\/images.novelship.com\/product\/nike_metcon_9__cement_gray_black__dz2617-006_7_55950.jpeg","contentUrl":"https:\/\/images.novelship.com\/product\/nike_metcon_9__cement_gray_black__dz2617-006_0_55950.jpeg;https:\/\/images.novelship.com\/product\/nike_metcon_9__cement_gray_black__dz2617-006_1_55950.jpeg;https:\/\/images.novelship.com\/product\/nike_metcon_9__cement_gray_black__dz2617-006_2_55950.jpeg;https:\/\/images.novelship.com\/product\/nike_metcon_9__cement_gray_black__dz2617-006_3_55950.jpeg;https:\/\/images.novelship.com\/product\/nike_metcon_9__cement_gray_black__dz2617-006_4_55950.jpeg;https:\/\/images.novelship.com\/product\/nike_metcon_9__cement_gray_black__dz2617-006_5_55950.jpeg;https:\/\/images.novelship.com\/product\/nike_metcon_9__cement_gray_black__dz2617-006_6_55950.jpeg;https:\/\/images.novelship.com\/product\/nike_metcon_9__cement_gray_black__dz2617-006_7_55950.jpeg"},{"@type":"BreadcrumbList","@id":"https:\/\/tourcruiser.com\/#breadcrumb","itemListElement":[{"@type":"ListItem","position":1,"name":"Home","item":"https:\/\/tourcruiser.com\/de\/"},{"@type":"ListItem","position":2,"name":"Shop","item":"https:\/\/tourcruiser.com\/de\/shop\/"},{"@type":"ListItem","position":3,"name":"Nike Metcon 9 &#8218;Cement Gray Black&#8216;"}]},{"@type":"WebSite","@id":"https:\/\/tourcruiser.com\/de\/#website","url":"https:\/\/tourcruiser.com\/de\/","name":"Styloral Jewelry Shop","description":"Tourcruiser Sneaker Store \u2014 der Ort, an dem das Universum deine Einzigartigkeit trifft.","publisher":{"@id":"https:\/\/tourcruiser.com\/de\/#organization"},"potentialAction":[{"@type":"SearchAction","target":{"@type":"EntryPoint","urlTemplate":"https:\/\/tourcruiser.com\/de\/?s={search_term_string}"},"query-input":{"@type":"PropertyValueSpecification","valueRequired":true,"valueName":"search_term_string"}}],"inLanguage":"de"},{"@type":"Organization","@id":"https:\/\/tourcruiser.com\/de\/#organization","name":"STYLORAL PTE. LTD","url":"https:\/\/tourcruiser.com\/de\/","logo":{"@type":"ImageObject","inLanguage":"de","@id":"https:\/\/tourcruiser.com\/de\/#\/schema\/logo\/image\/","url":"https:\/\/www.tourcruiser.com\/wp-content\/uploads\/2025\/12\/logo.png","contentUrl":"https:\/\/www.tourcruiser.com\/wp-content\/uploads\/2025\/12\/logo.png","width":200,"height":65,"caption":"STYLORAL PTE. LTD"},"image":{"@id":"https:\/\/tourcruiser.com\/de\/#\/schema\/logo\/image\/"}}]}},"_links":{"self":[{"href":"https:\/\/tourcruiser.com\/de\/wp-json\/wp\/v2\/product\/51237","targetHints":{"allow":["GET"]}}],"collection":[{"href":"https:\/\/tourcruiser.com\/de\/wp-json\/wp\/v2\/product"}],"about":[{"href":"https:\/\/tourcruiser.com\/de\/wp-json\/wp\/v2\/types\/product"}],"replies":[{"embeddable":true,"href":"https:\/\/tourcruiser.com\/de\/wp-json\/wp\/v2\/comments?post=51237"}],"wp:featuredmedia":[{"embeddable":true,"href":"https:\/\/tourcruiser.com\/de\/wp-json\/wp\/v2\/media\/51238"}],"wp:attachment":[{"href":"https:\/\/tourcruiser.com\/de\/wp-json\/wp\/v2\/media?parent=51237"}],"wp:term":[{"taxonomy":"product_brand","embeddable":true,"href":"https:\/\/tourcruiser.com\/de\/wp-json\/wp\/v2\/product_brand?post=51237"},{"taxonomy":"product_cat","embeddable":true,"href":"https:\/\/tourcruiser.com\/de\/wp-json\/wp\/v2\/product_cat?post=51237"},{"taxonomy":"product_tag","embeddable":true,"href":"https:\/\/tourcruiser.com\/de\/wp-json\/wp\/v2\/product_tag?post=51237"}],"curies":[{"name":"wp","href":"https:\/\/api.w.org\/{rel}","templated":true}]}}