{"id":51200,"date":"2026-03-02T15:09:41","date_gmt":"2026-03-02T08:09:41","guid":{"rendered":"http:\/\/tourcruiser.com\/product\/nike-pegasus-41-black-cool-gray"},"modified":"2026-03-28T00:58:47","modified_gmt":"2026-03-27T17:58:47","slug":"nike-pegasus-41-black-cool-gray","status":"publish","type":"product","link":"https:\/\/tourcruiser.com\/de\/products\/nike-pegasus-41-black-cool-gray\/","title":{"rendered":"Nike Pegasus 41 &#8218;Black Cool Gray&#8216;"},"content":{"rendered":"<p>Verbessere dein Lauftraining mit dem Nike Pegasus 41 &#8218;Black Cool Gray&#8216; FD2722-006 \u201d\u201c die perfekte Kombination aus Style, Komfort und Performance f\u00fcr ambitionierte Sportler. Der vielseitige Laufschuh besticht durch sein elegantes schwarzes Design mit coolen grauen Akzenten und vereint moderne \u00c4sthetik mit innovativer Technologie. Das leichte Mesh-Obermaterial sorgt f\u00fcr optimale Atmungsaktivit\u00e4t, w\u00e4hrend die reaktionsfreudige React-Mittelsohle hervorragende D\u00e4mpfung bietet. So garantiert der Pegasus 41 bei jedem Schritt optimale Unterst\u00fctzung und Energier\u00fcckgabe. Die strapazierf\u00e4hige Gummiau\u00dfensohle bietet exzellente Traktion auf verschiedenen Untergr\u00fcnden und ist somit ideal f\u00fcr Stra\u00dfenl\u00e4ufe und den Alltag. Dank seines stromlinienf\u00f6rmigen Designs und der bequemen Passform ist dieser Schuh perfekt f\u00fcr L\u00e4ufer und Fitnessbegeisterte, die Wert auf Zuverl\u00e4ssigkeit legen, ohne dabei auf Style zu verzichten. Der Pegasus 41 passt sich der nat\u00fcrlichen Fu\u00dfbewegung an und bietet ein sicheres und gleichzeitig flexibles Tragegef\u00fchl f\u00fcr langanhaltenden Komfort beim Training und im Alltag. Egal, ob du f\u00fcr einen Marathon trainierst oder nur eine kurze Joggingrunde drehen willst: Der Nike Pegasus 41 \u201eBlack Cool Gray\u201c \u00fcbertrifft alle Erwartungen und gibt dir ein sicheres Gef\u00fchl beim Laufen. Dieser Schuh ist perfekt f\u00fcr alle, die Wert auf Top-Performance und dezente Eleganz legen. Er bietet Funktionalit\u00e4t, Langlebigkeit und einen zeitlos klassischen Look.<\/p>\n<ul>\n<li><strong>Farbe:<\/strong> Schwarz<\/li>\n<li><strong>Style-Code:<\/strong> FD2722-006<\/li>\n<li><strong>Obermaterial:<\/strong> Mesh<\/li>\n<li><strong>Farbe:<\/strong> Schwarz<\/li>\n<\/ul>\n","protected":false},"excerpt":{"rendered":"<p>Nike Pegasus 41 \u201d\u201d Black<\/p>\n","protected":false},"featured_media":51201,"comment_status":"open","ping_status":"closed","template":"","meta":[],"product_brand":[],"product_cat":[10803],"product_tag":[10799,10800,10753,10801,10802,10840,10758],"class_list":{"0":"post-51200","1":"product","2":"type-product","3":"status-publish","4":"has-post-thumbnail","6":"product_cat-nike","7":"product_tag-ankle-support-basketball-shoes","8":"product_tag-basketball-shoes","9":"product_tag-gift-for-him","10":"product_tag-nike","11":"product_tag-performance-sport-shoes","12":"product_tag-running-shoes","13":"product_tag-under-retail","14":"wcpa_has_options","16":"first","17":"outofstock","18":"taxable","19":"shipping-taxable","20":"purchasable","21":"product-type-simple"},"wcpa_form_fields":{"rules":{"pric_overide_base_price":false,"pric_overide_base_price_if_gt_zero":false,"pric_overide_base_price_fully":false,"pric_cal_option_once":false,"pric_use_as_fee":false,"bind_quantity":false,"quantity_bind_formula":false},"fields":[{"type":"color-group","required":true,"elementId":"wcpa-color-group-66c4a75505e74","label":"Gr\u00f6\u00dfe - EU Gr\u00f6\u00dfe","inline":true,"priceOptions":"different_for_all","pricingType":"fixed","className":"hassizechart product-shoes-size-eu product-shoes-size","name":"color-group-66c4a75505e89","disp_type":"square","selection_type":"tick-border","disp_size":"44","show_label_inside":true,"adjust_width":true,"cart_display_type":"text","other_text":"Other","cl_rule":"show","col":6,"values":[{"label":"35.5","value":"EU 35.5","price":"","pimage":"","pimage_id":"","pthumb":"","color":""},{"label":"36","value":"EU 36","price":"","pimage":"","pimage_id":"","pthumb":"","color":"","selected":true},{"label":"36.5","value":"EU 36.5","price":"","pimage":"","pimage_id":"","pthumb":"","color":""},{"label":"37.5","value":"EU 37.5","price":"","pimage":"","pimage_id":"","pthumb":"","color":""},{"label":"38","value":"EU 38","price":"","pimage":"","pimage_id":"","pthumb":"","color":""},{"label":"38.5","value":"EU 38.5","price":"","pimage":"","pimage_id":"","pthumb":"","color":""},{"label":"39","value":"EU 39","price":"","pimage":"","pimage_id":"","pthumb":"","color":""},{"label":"40","value":"EU 40","price":"","pimage":"","pimage_id":"","pthumb":"","color":""},{"label":"40.5","value":"EU 40.5","price":"","pimage":"","pimage_id":"","pthumb":"","color":""},{"label":"41","value":"EU 41","price":"","pimage":"","pimage_id":"","pthumb":"","color":""},{"label":"42","value":"EU 42","price":"","pimage":"","pimage_id":"","pthumb":"","color":""},{"label":"42.5","value":"EU 42.5","price":"","pimage":"","pimage_id":"","pthumb":"","color":""},{"label":"43","value":"EU 43","price":"","pimage":"","pimage_id":"","pthumb":"","color":""},{"label":"44","value":"EU 44","price":"","pimage":"","pimage_id":"","pthumb":"","color":""},{"label":"44.5","value":"EU 44.5","price":"","pimage":"","pimage_id":"","pthumb":"","color":""},{"label":"45","value":"EU 45","price":"","pimage":"","pimage_id":"","pthumb":"","color":""},{"label":"45.5","value":"EU 45.5","price":"","pimage":"","pimage_id":"","pthumb":"","color":""},{"label":"46","value":"EU 46","price":"","pimage":"","pimage_id":"","pthumb":"","color":""},{"label":"47","value":"EU 47","price":"","pimage":"","pimage_id":"","pthumb":"","color":""},{"label":"47.5","value":"EU 47.5","price":"","pimage":"","pimage_id":"","pthumb":"","color":""},{"label":"48","value":"EU 48","price":"","pimage":"","pimage_id":"","pthumb":"","color":""}],"relations":[{"operator":false,"rules":[]}],"form_id":18106,"form_rules":{"pric_cal_option_once":false,"exclude_from_discount":false,"pric_use_as_fee":false,"fee_label":"Fee","render_after_acb":false,"disp_hide_options_price":false}}]},"yoast_head":"<!-- This site is optimized with the Yoast SEO plugin v26.5 - https:\/\/yoast.com\/wordpress\/plugins\/seo\/ -->\n<title>Nike Pegasus 41 &#039;Black Cool Gray&#039;  - Tourcruiser PTE. LTD<\/title>\n<meta name=\"robots\" content=\"index, follow, max-snippet:-1, max-image-preview:large, max-video-preview:-1\" \/>\n<link rel=\"canonical\" href=\"https:\/\/tourcruiser.com\/de\/products\/nike-pegasus-41-black-cool-gray\/\" \/>\n<meta property=\"og:locale\" content=\"de_DE\" \/>\n<meta property=\"og:type\" content=\"article\" \/>\n<meta property=\"og:title\" content=\"Nike Pegasus 41 &#039;Black Cool Gray&#039;  - Tourcruiser PTE. LTD\" \/>\n<meta property=\"og:description\" content=\"Nike Pegasus 41 \u201d\u201d Black\" \/>\n<meta property=\"og:url\" content=\"https:\/\/tourcruiser.com\/de\/products\/nike-pegasus-41-black-cool-gray\/\" \/>\n<meta property=\"og:site_name\" content=\"Tourcruiser Sneaker Store\" \/>\n<meta property=\"article:modified_time\" content=\"2026-03-27T17:58:47+00:00\" \/>\n<meta name=\"twitter:card\" content=\"summary_large_image\" \/>\n<meta name=\"twitter:image\" content=\"https:\/\/images.novelship.com\/product\/nike_pegasus_41__black_cool_gray__fd2722-006_0_71757.jpeg;https:\/\/images.novelship.com\/product\/nike_pegasus_41__black_cool_gray__fd2722-006_1_71757.jpeg;https:\/\/images.novelship.com\/product\/nike_pegasus_41__black_cool_gray__fd2722-006_2_71757.jpeg;https:\/\/images.novelship.com\/product\/nike_pegasus_41__black_cool_gray__fd2722-006_3_71757.jpeg;https:\/\/images.novelship.com\/product\/nike_pegasus_41__black_cool_gray__fd2722-006_4_71757.jpeg;https:\/\/images.novelship.com\/product\/nike_pegasus_41__black_cool_gray__fd2722-006_5_71757.jpeg;https:\/\/images.novelship.com\/product\/nike_pegasus_41__black_cool_gray__fd2722-006_6_71758.jpeg;https:\/\/images.novelship.com\/product\/nike_pegasus_41__black_cool_gray__fd2722-006_7_71758.jpeg;https:\/\/images.novelship.com\/product\/nike_pegasus_41__black_cool_gray__fd2722-006_8_71758.jpeg;https:\/\/images.novelship.com\/product\/nike_pegasus_41__black_cool_gray__fd2722-006_9_71758.jpeg;https:\/\/images.novelship.com\/product\/nike_pegasus_41__black_cool_gray__fd2722-006_10_71758.jpeg;https:\/\/images.novelship.com\/product\/nike_pegasus_41__black_cool_gray__fd2722-006_11_71758.jpeg\" \/>\n<meta name=\"twitter:label1\" content=\"Gesch\u00e4tzte Lesezeit\" \/>\n\t<meta name=\"twitter:data1\" content=\"1\u00a0Minute\" \/>\n<script type=\"application\/ld+json\" class=\"yoast-schema-graph\">{\"@context\":\"https:\/\/schema.org\",\"@graph\":[{\"@type\":\"WebPage\",\"@id\":\"https:\/\/tourcruiser.com\/de\/products\/nike-pegasus-41-black-cool-gray\/\",\"url\":\"https:\/\/tourcruiser.com\/de\/products\/nike-pegasus-41-black-cool-gray\/\",\"name\":\"Nike Pegasus 41 'Black Cool Gray' - Tourcruiser PTE. LTD\",\"isPartOf\":{\"@id\":\"https:\/\/tourcruiser.com\/de\/#website\"},\"primaryImageOfPage\":{\"@id\":\"https:\/\/tourcruiser.com\/de\/products\/nike-pegasus-41-black-cool-gray\/#primaryimage\"},\"image\":{\"@id\":\"https:\/\/tourcruiser.com\/de\/products\/nike-pegasus-41-black-cool-gray\/#primaryimage\"},\"thumbnailUrl\":\"https:\/\/images.novelship.com\/product\/nike_pegasus_41__black_cool_gray__fd2722-006_0_71757.jpeg;https:\/\/images.novelship.com\/product\/nike_pegasus_41__black_cool_gray__fd2722-006_1_71757.jpeg;https:\/\/images.novelship.com\/product\/nike_pegasus_41__black_cool_gray__fd2722-006_2_71757.jpeg;https:\/\/images.novelship.com\/product\/nike_pegasus_41__black_cool_gray__fd2722-006_3_71757.jpeg;https:\/\/images.novelship.com\/product\/nike_pegasus_41__black_cool_gray__fd2722-006_4_71757.jpeg;https:\/\/images.novelship.com\/product\/nike_pegasus_41__black_cool_gray__fd2722-006_5_71757.jpeg;https:\/\/images.novelship.com\/product\/nike_pegasus_41__black_cool_gray__fd2722-006_6_71758.jpeg;https:\/\/images.novelship.com\/product\/nike_pegasus_41__black_cool_gray__fd2722-006_7_71758.jpeg;https:\/\/images.novelship.com\/product\/nike_pegasus_41__black_cool_gray__fd2722-006_8_71758.jpeg;https:\/\/images.novelship.com\/product\/nike_pegasus_41__black_cool_gray__fd2722-006_9_71758.jpeg;https:\/\/images.novelship.com\/product\/nike_pegasus_41__black_cool_gray__fd2722-006_10_71758.jpeg;https:\/\/images.novelship.com\/product\/nike_pegasus_41__black_cool_gray__fd2722-006_11_71758.jpeg\",\"datePublished\":\"2026-03-02T08:09:41+00:00\",\"dateModified\":\"2026-03-27T17:58:47+00:00\",\"breadcrumb\":{\"@id\":\"https:\/\/tourcruiser.com\/de\/products\/nike-pegasus-41-black-cool-gray\/#breadcrumb\"},\"inLanguage\":\"de\",\"potentialAction\":[{\"@type\":\"ReadAction\",\"target\":[\"https:\/\/tourcruiser.com\/de\/products\/nike-pegasus-41-black-cool-gray\/\"]}]},{\"@type\":\"ImageObject\",\"inLanguage\":\"de\",\"@id\":\"https:\/\/tourcruiser.com\/de\/products\/nike-pegasus-41-black-cool-gray\/#primaryimage\",\"url\":\"https:\/\/images.novelship.com\/product\/nike_pegasus_41__black_cool_gray__fd2722-006_0_71757.jpeg;https:\/\/images.novelship.com\/product\/nike_pegasus_41__black_cool_gray__fd2722-006_1_71757.jpeg;https:\/\/images.novelship.com\/product\/nike_pegasus_41__black_cool_gray__fd2722-006_2_71757.jpeg;https:\/\/images.novelship.com\/product\/nike_pegasus_41__black_cool_gray__fd2722-006_3_71757.jpeg;https:\/\/images.novelship.com\/product\/nike_pegasus_41__black_cool_gray__fd2722-006_4_71757.jpeg;https:\/\/images.novelship.com\/product\/nike_pegasus_41__black_cool_gray__fd2722-006_5_71757.jpeg;https:\/\/images.novelship.com\/product\/nike_pegasus_41__black_cool_gray__fd2722-006_6_71758.jpeg;https:\/\/images.novelship.com\/product\/nike_pegasus_41__black_cool_gray__fd2722-006_7_71758.jpeg;https:\/\/images.novelship.com\/product\/nike_pegasus_41__black_cool_gray__fd2722-006_8_71758.jpeg;https:\/\/images.novelship.com\/product\/nike_pegasus_41__black_cool_gray__fd2722-006_9_71758.jpeg;https:\/\/images.novelship.com\/product\/nike_pegasus_41__black_cool_gray__fd2722-006_10_71758.jpeg;https:\/\/images.novelship.com\/product\/nike_pegasus_41__black_cool_gray__fd2722-006_11_71758.jpeg\",\"contentUrl\":\"https:\/\/images.novelship.com\/product\/nike_pegasus_41__black_cool_gray__fd2722-006_0_71757.jpeg;https:\/\/images.novelship.com\/product\/nike_pegasus_41__black_cool_gray__fd2722-006_1_71757.jpeg;https:\/\/images.novelship.com\/product\/nike_pegasus_41__black_cool_gray__fd2722-006_2_71757.jpeg;https:\/\/images.novelship.com\/product\/nike_pegasus_41__black_cool_gray__fd2722-006_3_71757.jpeg;https:\/\/images.novelship.com\/product\/nike_pegasus_41__black_cool_gray__fd2722-006_4_71757.jpeg;https:\/\/images.novelship.com\/product\/nike_pegasus_41__black_cool_gray__fd2722-006_5_71757.jpeg;https:\/\/images.novelship.com\/product\/nike_pegasus_41__black_cool_gray__fd2722-006_6_71758.jpeg;https:\/\/images.novelship.com\/product\/nike_pegasus_41__black_cool_gray__fd2722-006_7_71758.jpeg;https:\/\/images.novelship.com\/product\/nike_pegasus_41__black_cool_gray__fd2722-006_8_71758.jpeg;https:\/\/images.novelship.com\/product\/nike_pegasus_41__black_cool_gray__fd2722-006_9_71758.jpeg;https:\/\/images.novelship.com\/product\/nike_pegasus_41__black_cool_gray__fd2722-006_10_71758.jpeg;https:\/\/images.novelship.com\/product\/nike_pegasus_41__black_cool_gray__fd2722-006_11_71758.jpeg\"},{\"@type\":\"BreadcrumbList\",\"@id\":\"https:\/\/tourcruiser.com\/de\/products\/nike-pegasus-41-black-cool-gray\/#breadcrumb\",\"itemListElement\":[{\"@type\":\"ListItem\",\"position\":1,\"name\":\"Home\",\"item\":\"https:\/\/tourcruiser.com\/de\/\"},{\"@type\":\"ListItem\",\"position\":2,\"name\":\"Shop\",\"item\":\"https:\/\/tourcruiser.com\/de\/shop\/\"},{\"@type\":\"ListItem\",\"position\":3,\"name\":\"Nike Pegasus 41 'Black Cool Gray'\"}]},{\"@type\":\"WebSite\",\"@id\":\"https:\/\/tourcruiser.com\/de\/#website\",\"url\":\"https:\/\/tourcruiser.com\/de\/\",\"name\":\"Styloral Jewelry Shop\",\"description\":\"Tourcruiser Sneaker Store \u2014 der Ort, an dem das Universum deine Einzigartigkeit trifft.\",\"publisher\":{\"@id\":\"https:\/\/tourcruiser.com\/de\/#organization\"},\"potentialAction\":[{\"@type\":\"SearchAction\",\"target\":{\"@type\":\"EntryPoint\",\"urlTemplate\":\"https:\/\/tourcruiser.com\/de\/?s={search_term_string}\"},\"query-input\":{\"@type\":\"PropertyValueSpecification\",\"valueRequired\":true,\"valueName\":\"search_term_string\"}}],\"inLanguage\":\"de\"},{\"@type\":\"Organization\",\"@id\":\"https:\/\/tourcruiser.com\/de\/#organization\",\"name\":\"STYLORAL PTE. LTD\",\"url\":\"https:\/\/tourcruiser.com\/de\/\",\"logo\":{\"@type\":\"ImageObject\",\"inLanguage\":\"de\",\"@id\":\"https:\/\/tourcruiser.com\/de\/#\/schema\/logo\/image\/\",\"url\":\"https:\/\/www.tourcruiser.com\/wp-content\/uploads\/2025\/12\/logo.png\",\"contentUrl\":\"https:\/\/www.tourcruiser.com\/wp-content\/uploads\/2025\/12\/logo.png\",\"width\":200,\"height\":65,\"caption\":\"STYLORAL PTE. LTD\"},\"image\":{\"@id\":\"https:\/\/tourcruiser.com\/de\/#\/schema\/logo\/image\/\"}}]}<\/script>\n<!-- \/ Yoast SEO plugin. -->","yoast_head_json":{"title":"Nike Pegasus 41 'Black Cool Gray'  - Tourcruiser PTE. LTD","robots":{"index":"index","follow":"follow","max-snippet":"max-snippet:-1","max-image-preview":"max-image-preview:large","max-video-preview":"max-video-preview:-1"},"canonical":"https:\/\/tourcruiser.com\/de\/products\/nike-pegasus-41-black-cool-gray\/","og_locale":"de_DE","og_type":"article","og_title":"Nike Pegasus 41 'Black Cool Gray'  - Tourcruiser PTE. LTD","og_description":"Nike Pegasus 41 \u201d\u201d Black","og_url":"https:\/\/tourcruiser.com\/de\/products\/nike-pegasus-41-black-cool-gray\/","og_site_name":"Tourcruiser Sneaker Store","article_modified_time":"2026-03-27T17:58:47+00:00","twitter_card":"summary_large_image","twitter_image":"https:\/\/images.novelship.com\/product\/nike_pegasus_41__black_cool_gray__fd2722-006_0_71757.jpeg;https:\/\/images.novelship.com\/product\/nike_pegasus_41__black_cool_gray__fd2722-006_1_71757.jpeg;https:\/\/images.novelship.com\/product\/nike_pegasus_41__black_cool_gray__fd2722-006_2_71757.jpeg;https:\/\/images.novelship.com\/product\/nike_pegasus_41__black_cool_gray__fd2722-006_3_71757.jpeg;https:\/\/images.novelship.com\/product\/nike_pegasus_41__black_cool_gray__fd2722-006_4_71757.jpeg;https:\/\/images.novelship.com\/product\/nike_pegasus_41__black_cool_gray__fd2722-006_5_71757.jpeg;https:\/\/images.novelship.com\/product\/nike_pegasus_41__black_cool_gray__fd2722-006_6_71758.jpeg;https:\/\/images.novelship.com\/product\/nike_pegasus_41__black_cool_gray__fd2722-006_7_71758.jpeg;https:\/\/images.novelship.com\/product\/nike_pegasus_41__black_cool_gray__fd2722-006_8_71758.jpeg;https:\/\/images.novelship.com\/product\/nike_pegasus_41__black_cool_gray__fd2722-006_9_71758.jpeg;https:\/\/images.novelship.com\/product\/nike_pegasus_41__black_cool_gray__fd2722-006_10_71758.jpeg;https:\/\/images.novelship.com\/product\/nike_pegasus_41__black_cool_gray__fd2722-006_11_71758.jpeg","twitter_misc":{"Gesch\u00e4tzte Lesezeit":"1\u00a0Minute"},"schema":{"@context":"https:\/\/schema.org","@graph":[{"@type":"WebPage","@id":"https:\/\/tourcruiser.com\/de\/products\/nike-pegasus-41-black-cool-gray\/","url":"https:\/\/tourcruiser.com\/de\/products\/nike-pegasus-41-black-cool-gray\/","name":"Nike Pegasus 41 'Black Cool Gray' - Tourcruiser PTE. LTD","isPartOf":{"@id":"https:\/\/tourcruiser.com\/de\/#website"},"primaryImageOfPage":{"@id":"https:\/\/tourcruiser.com\/de\/products\/nike-pegasus-41-black-cool-gray\/#primaryimage"},"image":{"@id":"https:\/\/tourcruiser.com\/de\/products\/nike-pegasus-41-black-cool-gray\/#primaryimage"},"thumbnailUrl":"https:\/\/images.novelship.com\/product\/nike_pegasus_41__black_cool_gray__fd2722-006_0_71757.jpeg;https:\/\/images.novelship.com\/product\/nike_pegasus_41__black_cool_gray__fd2722-006_1_71757.jpeg;https:\/\/images.novelship.com\/product\/nike_pegasus_41__black_cool_gray__fd2722-006_2_71757.jpeg;https:\/\/images.novelship.com\/product\/nike_pegasus_41__black_cool_gray__fd2722-006_3_71757.jpeg;https:\/\/images.novelship.com\/product\/nike_pegasus_41__black_cool_gray__fd2722-006_4_71757.jpeg;https:\/\/images.novelship.com\/product\/nike_pegasus_41__black_cool_gray__fd2722-006_5_71757.jpeg;https:\/\/images.novelship.com\/product\/nike_pegasus_41__black_cool_gray__fd2722-006_6_71758.jpeg;https:\/\/images.novelship.com\/product\/nike_pegasus_41__black_cool_gray__fd2722-006_7_71758.jpeg;https:\/\/images.novelship.com\/product\/nike_pegasus_41__black_cool_gray__fd2722-006_8_71758.jpeg;https:\/\/images.novelship.com\/product\/nike_pegasus_41__black_cool_gray__fd2722-006_9_71758.jpeg;https:\/\/images.novelship.com\/product\/nike_pegasus_41__black_cool_gray__fd2722-006_10_71758.jpeg;https:\/\/images.novelship.com\/product\/nike_pegasus_41__black_cool_gray__fd2722-006_11_71758.jpeg","datePublished":"2026-03-02T08:09:41+00:00","dateModified":"2026-03-27T17:58:47+00:00","breadcrumb":{"@id":"https:\/\/tourcruiser.com\/de\/products\/nike-pegasus-41-black-cool-gray\/#breadcrumb"},"inLanguage":"de","potentialAction":[{"@type":"ReadAction","target":["https:\/\/tourcruiser.com\/de\/products\/nike-pegasus-41-black-cool-gray\/"]}]},{"@type":"ImageObject","inLanguage":"de","@id":"https:\/\/tourcruiser.com\/de\/products\/nike-pegasus-41-black-cool-gray\/#primaryimage","url":"https:\/\/images.novelship.com\/product\/nike_pegasus_41__black_cool_gray__fd2722-006_0_71757.jpeg;https:\/\/images.novelship.com\/product\/nike_pegasus_41__black_cool_gray__fd2722-006_1_71757.jpeg;https:\/\/images.novelship.com\/product\/nike_pegasus_41__black_cool_gray__fd2722-006_2_71757.jpeg;https:\/\/images.novelship.com\/product\/nike_pegasus_41__black_cool_gray__fd2722-006_3_71757.jpeg;https:\/\/images.novelship.com\/product\/nike_pegasus_41__black_cool_gray__fd2722-006_4_71757.jpeg;https:\/\/images.novelship.com\/product\/nike_pegasus_41__black_cool_gray__fd2722-006_5_71757.jpeg;https:\/\/images.novelship.com\/product\/nike_pegasus_41__black_cool_gray__fd2722-006_6_71758.jpeg;https:\/\/images.novelship.com\/product\/nike_pegasus_41__black_cool_gray__fd2722-006_7_71758.jpeg;https:\/\/images.novelship.com\/product\/nike_pegasus_41__black_cool_gray__fd2722-006_8_71758.jpeg;https:\/\/images.novelship.com\/product\/nike_pegasus_41__black_cool_gray__fd2722-006_9_71758.jpeg;https:\/\/images.novelship.com\/product\/nike_pegasus_41__black_cool_gray__fd2722-006_10_71758.jpeg;https:\/\/images.novelship.com\/product\/nike_pegasus_41__black_cool_gray__fd2722-006_11_71758.jpeg","contentUrl":"https:\/\/images.novelship.com\/product\/nike_pegasus_41__black_cool_gray__fd2722-006_0_71757.jpeg;https:\/\/images.novelship.com\/product\/nike_pegasus_41__black_cool_gray__fd2722-006_1_71757.jpeg;https:\/\/images.novelship.com\/product\/nike_pegasus_41__black_cool_gray__fd2722-006_2_71757.jpeg;https:\/\/images.novelship.com\/product\/nike_pegasus_41__black_cool_gray__fd2722-006_3_71757.jpeg;https:\/\/images.novelship.com\/product\/nike_pegasus_41__black_cool_gray__fd2722-006_4_71757.jpeg;https:\/\/images.novelship.com\/product\/nike_pegasus_41__black_cool_gray__fd2722-006_5_71757.jpeg;https:\/\/images.novelship.com\/product\/nike_pegasus_41__black_cool_gray__fd2722-006_6_71758.jpeg;https:\/\/images.novelship.com\/product\/nike_pegasus_41__black_cool_gray__fd2722-006_7_71758.jpeg;https:\/\/images.novelship.com\/product\/nike_pegasus_41__black_cool_gray__fd2722-006_8_71758.jpeg;https:\/\/images.novelship.com\/product\/nike_pegasus_41__black_cool_gray__fd2722-006_9_71758.jpeg;https:\/\/images.novelship.com\/product\/nike_pegasus_41__black_cool_gray__fd2722-006_10_71758.jpeg;https:\/\/images.novelship.com\/product\/nike_pegasus_41__black_cool_gray__fd2722-006_11_71758.jpeg"},{"@type":"BreadcrumbList","@id":"https:\/\/tourcruiser.com\/de\/products\/nike-pegasus-41-black-cool-gray\/#breadcrumb","itemListElement":[{"@type":"ListItem","position":1,"name":"Home","item":"https:\/\/tourcruiser.com\/de\/"},{"@type":"ListItem","position":2,"name":"Shop","item":"https:\/\/tourcruiser.com\/de\/shop\/"},{"@type":"ListItem","position":3,"name":"Nike Pegasus 41 'Black Cool Gray'"}]},{"@type":"WebSite","@id":"https:\/\/tourcruiser.com\/de\/#website","url":"https:\/\/tourcruiser.com\/de\/","name":"Styloral Jewelry Shop","description":"Tourcruiser Sneaker Store \u2014 der Ort, an dem das Universum deine Einzigartigkeit trifft.","publisher":{"@id":"https:\/\/tourcruiser.com\/de\/#organization"},"potentialAction":[{"@type":"SearchAction","target":{"@type":"EntryPoint","urlTemplate":"https:\/\/tourcruiser.com\/de\/?s={search_term_string}"},"query-input":{"@type":"PropertyValueSpecification","valueRequired":true,"valueName":"search_term_string"}}],"inLanguage":"de"},{"@type":"Organization","@id":"https:\/\/tourcruiser.com\/de\/#organization","name":"STYLORAL PTE. LTD","url":"https:\/\/tourcruiser.com\/de\/","logo":{"@type":"ImageObject","inLanguage":"de","@id":"https:\/\/tourcruiser.com\/de\/#\/schema\/logo\/image\/","url":"https:\/\/www.tourcruiser.com\/wp-content\/uploads\/2025\/12\/logo.png","contentUrl":"https:\/\/www.tourcruiser.com\/wp-content\/uploads\/2025\/12\/logo.png","width":200,"height":65,"caption":"STYLORAL PTE. LTD"},"image":{"@id":"https:\/\/tourcruiser.com\/de\/#\/schema\/logo\/image\/"}}]}},"_links":{"self":[{"href":"https:\/\/tourcruiser.com\/de\/wp-json\/wp\/v2\/product\/51200","targetHints":{"allow":["GET"]}}],"collection":[{"href":"https:\/\/tourcruiser.com\/de\/wp-json\/wp\/v2\/product"}],"about":[{"href":"https:\/\/tourcruiser.com\/de\/wp-json\/wp\/v2\/types\/product"}],"replies":[{"embeddable":true,"href":"https:\/\/tourcruiser.com\/de\/wp-json\/wp\/v2\/comments?post=51200"}],"wp:featuredmedia":[{"embeddable":true,"href":"https:\/\/tourcruiser.com\/de\/wp-json\/wp\/v2\/media\/51201"}],"wp:attachment":[{"href":"https:\/\/tourcruiser.com\/de\/wp-json\/wp\/v2\/media?parent=51200"}],"wp:term":[{"taxonomy":"product_brand","embeddable":true,"href":"https:\/\/tourcruiser.com\/de\/wp-json\/wp\/v2\/product_brand?post=51200"},{"taxonomy":"product_cat","embeddable":true,"href":"https:\/\/tourcruiser.com\/de\/wp-json\/wp\/v2\/product_cat?post=51200"},{"taxonomy":"product_tag","embeddable":true,"href":"https:\/\/tourcruiser.com\/de\/wp-json\/wp\/v2\/product_tag?post=51200"}],"curies":[{"name":"wp","href":"https:\/\/api.w.org\/{rel}","templated":true}]}}