{"id":50735,"date":"2026-03-02T15:09:01","date_gmt":"2026-03-02T08:09:01","guid":{"rendered":"http:\/\/tourcruiser.com\/product\/nike-flex-experience-run-12-white-black"},"modified":"2026-03-28T00:58:15","modified_gmt":"2026-03-27T17:58:15","slug":"nike-flex-experience-run-12-white-black","status":"publish","type":"product","link":"https:\/\/tourcruiser.com\/de\/products\/nike-flex-experience-run-12-white-black\/","title":{"rendered":"Nike Flex Experience Run 12 &#8218;White Black&#8216;"},"content":{"rendered":"<p>Verbessere dein Lauferlebnis mit dem Nike Flex Experience Run 12 &#8218;White Black&#8216; DV0740-101 \u201d\u201c entwickelt f\u00fcr Komfort, Flexibilit\u00e4t und ein geringes Gewicht. Der minimalistische Laufschuh in Wei\u00df und Schwarz vereint Stil und Funktionalit\u00e4t und ist somit ideal f\u00fcr Sportler und Freizeitl\u00e4ufer. Das leichte Mesh-Obermaterial sorgt f\u00fcr optimale Luftzirkulation und h\u00e4lt deine F\u00fc\u00dfe auch bei intensiven Trainingseinheiten angenehm k\u00fchl. Die flexible D\u00e4mpfung passt sich deinem nat\u00fcrlichen Laufstil an und erm\u00f6glicht so geschmeidige, reaktionsfreudige \u00dcberg\u00e4nge. Die Gummiau\u00dfensohle bietet strapazierf\u00e4hige Traktion auf verschiedenen Untergr\u00fcnden und garantiert Stabilit\u00e4t und Grip beim Training auf der Stra\u00dfe oder im Fitnessstudio. Dank des bequemen Hineinschl\u00fcpfens und der sicheren Passform ist dieser vielseitige Schuh perfekt f\u00fcr lange Strecken oder f\u00fcr ganzt\u00e4gigen Tragekomfort im Alltag. Ideal f\u00fcr alle, die einen eleganten, leistungsstarken Schuh suchen, der in puncto Form und Funktion neue Ma\u00dfst\u00e4be setzt.<\/p>\n<ul>\n<li><strong>Farbgebung:<\/strong> Wei\u00df\/Wei\u00df\/Schwarz<\/li>\n<li><strong>Artikelnummer:<\/strong> DV0740-101<\/li>\n<li><strong>Obermaterial:<\/strong> Mesh<\/li>\n<li><strong>Farbe:<\/strong> Wei\u00df<\/li>\n<li><strong>Saison:<\/strong> Sommer<\/li>\n<li><strong>Erscheinungsjahr:<\/strong> 2024<\/li>\n<\/ul>\n","protected":false},"excerpt":{"rendered":"<p>Nike Flex Experience Run 12 \u201d\u201d White\/White\/Black<\/p>\n","protected":false},"featured_media":50736,"comment_status":"open","ping_status":"closed","template":"","meta":[],"product_brand":[],"product_cat":[10803],"product_tag":[10992],"class_list":{"0":"post-50735","1":"product","2":"type-product","3":"status-publish","4":"has-post-thumbnail","6":"product_cat-nike","7":"product_tag-small-100-usd","8":"wcpa_has_options","10":"first","11":"outofstock","12":"taxable","13":"shipping-taxable","14":"purchasable","15":"product-type-simple"},"wcpa_form_fields":{"rules":{"pric_overide_base_price":false,"pric_overide_base_price_if_gt_zero":false,"pric_overide_base_price_fully":false,"pric_cal_option_once":false,"pric_use_as_fee":false,"bind_quantity":false,"quantity_bind_formula":false},"fields":[{"type":"color-group","required":true,"elementId":"wcpa-color-group-66c4a75505e74","label":"Gr\u00f6\u00dfe - EU Gr\u00f6\u00dfe","inline":true,"priceOptions":"different_for_all","pricingType":"fixed","className":"hassizechart product-shoes-size-eu product-shoes-size","name":"color-group-66c4a75505e89","disp_type":"square","selection_type":"tick-border","disp_size":"44","show_label_inside":true,"adjust_width":true,"cart_display_type":"text","other_text":"Other","cl_rule":"show","col":6,"values":[{"label":"35.5","value":"EU 35.5","price":"","pimage":"","pimage_id":"","pthumb":"","color":""},{"label":"36","value":"EU 36","price":"","pimage":"","pimage_id":"","pthumb":"","color":"","selected":true},{"label":"36.5","value":"EU 36.5","price":"","pimage":"","pimage_id":"","pthumb":"","color":""},{"label":"37.5","value":"EU 37.5","price":"","pimage":"","pimage_id":"","pthumb":"","color":""},{"label":"38","value":"EU 38","price":"","pimage":"","pimage_id":"","pthumb":"","color":""},{"label":"38.5","value":"EU 38.5","price":"","pimage":"","pimage_id":"","pthumb":"","color":""},{"label":"39","value":"EU 39","price":"","pimage":"","pimage_id":"","pthumb":"","color":""},{"label":"40","value":"EU 40","price":"","pimage":"","pimage_id":"","pthumb":"","color":""},{"label":"40.5","value":"EU 40.5","price":"","pimage":"","pimage_id":"","pthumb":"","color":""},{"label":"41","value":"EU 41","price":"","pimage":"","pimage_id":"","pthumb":"","color":""},{"label":"42","value":"EU 42","price":"","pimage":"","pimage_id":"","pthumb":"","color":""},{"label":"42.5","value":"EU 42.5","price":"","pimage":"","pimage_id":"","pthumb":"","color":""},{"label":"43","value":"EU 43","price":"","pimage":"","pimage_id":"","pthumb":"","color":""},{"label":"44","value":"EU 44","price":"","pimage":"","pimage_id":"","pthumb":"","color":""},{"label":"44.5","value":"EU 44.5","price":"","pimage":"","pimage_id":"","pthumb":"","color":""},{"label":"45","value":"EU 45","price":"","pimage":"","pimage_id":"","pthumb":"","color":""},{"label":"45.5","value":"EU 45.5","price":"","pimage":"","pimage_id":"","pthumb":"","color":""},{"label":"46","value":"EU 46","price":"","pimage":"","pimage_id":"","pthumb":"","color":""},{"label":"47","value":"EU 47","price":"","pimage":"","pimage_id":"","pthumb":"","color":""},{"label":"47.5","value":"EU 47.5","price":"","pimage":"","pimage_id":"","pthumb":"","color":""},{"label":"48","value":"EU 48","price":"","pimage":"","pimage_id":"","pthumb":"","color":""}],"relations":[{"operator":false,"rules":[]}],"form_id":18106,"form_rules":{"pric_cal_option_once":false,"exclude_from_discount":false,"pric_use_as_fee":false,"fee_label":"Fee","render_after_acb":false,"disp_hide_options_price":false}}]},"yoast_head":"<!-- This site is optimized with the Yoast SEO plugin v26.5 - https:\/\/yoast.com\/wordpress\/plugins\/seo\/ -->\n<title>Nike Flex Experience Run 12 &#039;White Black&#039;  - Tourcruiser PTE. LTD<\/title>\n<meta name=\"robots\" content=\"index, follow, max-snippet:-1, max-image-preview:large, max-video-preview:-1\" \/>\n<link rel=\"canonical\" href=\"https:\/\/tourcruiser.com\/\" \/>\n<meta property=\"og:locale\" content=\"de_DE\" \/>\n<meta property=\"og:type\" content=\"article\" \/>\n<meta property=\"og:title\" content=\"Nike Flex Experience Run 12 &#039;White Black&#039;  - Tourcruiser PTE. LTD\" \/>\n<meta property=\"og:description\" content=\"Nike Flex Experience Run 12 \u201d\u201d White\/White\/Black\" \/>\n<meta property=\"og:url\" content=\"\/\" \/>\n<meta property=\"og:site_name\" content=\"Tourcruiser Sneaker Store\" \/>\n<meta property=\"article:modified_time\" content=\"2026-03-27T17:58:15+00:00\" \/>\n<meta name=\"twitter:card\" content=\"summary_large_image\" \/>\n<meta name=\"twitter:image\" content=\"https:\/\/images.novelship.com\/product\/nike_flex_experience_run_12__white_black__dv0740-1_0_28106.jpeg;https:\/\/images.novelship.com\/product\/nike_flex_experience_run_12__white_black__dv0740-1_1_28106.jpeg;https:\/\/images.novelship.com\/product\/nike_flex_experience_run_12__white_black__dv0740-1_2_28106.jpeg;https:\/\/images.novelship.com\/product\/nike_flex_experience_run_12__white_black__dv0740-1_3_28106.jpeg;https:\/\/images.novelship.com\/product\/nike_flex_experience_run_12__white_black__dv0740-1_4_28106.jpeg;https:\/\/images.novelship.com\/product\/nike_flex_experience_run_12__white_black__dv0740-1_5_28106.jpeg;https:\/\/images.novelship.com\/product\/nike_flex_experience_run_12__white_black__dv0740-1_6_28106.jpeg\" \/>\n<meta name=\"twitter:label1\" content=\"Gesch\u00e4tzte Lesezeit\" \/>\n\t<meta name=\"twitter:data1\" content=\"1\u00a0Minute\" \/>\n<script type=\"application\/ld+json\" class=\"yoast-schema-graph\">{\"@context\":\"https:\/\/schema.org\",\"@graph\":[{\"@type\":\"WebPage\",\"@id\":\"\/\",\"url\":\"https:\/\/tourcruiser.com\/\",\"name\":\"Nike Flex Experience Run 12 'White Black' - Tourcruiser PTE. LTD\",\"isPartOf\":{\"@id\":\"https:\/\/tourcruiser.com\/de\/#website\"},\"primaryImageOfPage\":{\"@id\":\"https:\/\/tourcruiser.com\/#primaryimage\"},\"image\":{\"@id\":\"https:\/\/tourcruiser.com\/#primaryimage\"},\"thumbnailUrl\":\"https:\/\/images.novelship.com\/product\/nike_flex_experience_run_12__white_black__dv0740-1_0_28106.jpeg;https:\/\/images.novelship.com\/product\/nike_flex_experience_run_12__white_black__dv0740-1_1_28106.jpeg;https:\/\/images.novelship.com\/product\/nike_flex_experience_run_12__white_black__dv0740-1_2_28106.jpeg;https:\/\/images.novelship.com\/product\/nike_flex_experience_run_12__white_black__dv0740-1_3_28106.jpeg;https:\/\/images.novelship.com\/product\/nike_flex_experience_run_12__white_black__dv0740-1_4_28106.jpeg;https:\/\/images.novelship.com\/product\/nike_flex_experience_run_12__white_black__dv0740-1_5_28106.jpeg;https:\/\/images.novelship.com\/product\/nike_flex_experience_run_12__white_black__dv0740-1_6_28106.jpeg\",\"datePublished\":\"2026-03-02T08:09:01+00:00\",\"dateModified\":\"2026-03-27T17:58:15+00:00\",\"breadcrumb\":{\"@id\":\"https:\/\/tourcruiser.com\/#breadcrumb\"},\"inLanguage\":\"de\",\"potentialAction\":[{\"@type\":\"ReadAction\",\"target\":[\"https:\/\/tourcruiser.com\/\"]}]},{\"@type\":\"ImageObject\",\"inLanguage\":\"de\",\"@id\":\"https:\/\/tourcruiser.com\/#primaryimage\",\"url\":\"https:\/\/images.novelship.com\/product\/nike_flex_experience_run_12__white_black__dv0740-1_0_28106.jpeg;https:\/\/images.novelship.com\/product\/nike_flex_experience_run_12__white_black__dv0740-1_1_28106.jpeg;https:\/\/images.novelship.com\/product\/nike_flex_experience_run_12__white_black__dv0740-1_2_28106.jpeg;https:\/\/images.novelship.com\/product\/nike_flex_experience_run_12__white_black__dv0740-1_3_28106.jpeg;https:\/\/images.novelship.com\/product\/nike_flex_experience_run_12__white_black__dv0740-1_4_28106.jpeg;https:\/\/images.novelship.com\/product\/nike_flex_experience_run_12__white_black__dv0740-1_5_28106.jpeg;https:\/\/images.novelship.com\/product\/nike_flex_experience_run_12__white_black__dv0740-1_6_28106.jpeg\",\"contentUrl\":\"https:\/\/images.novelship.com\/product\/nike_flex_experience_run_12__white_black__dv0740-1_0_28106.jpeg;https:\/\/images.novelship.com\/product\/nike_flex_experience_run_12__white_black__dv0740-1_1_28106.jpeg;https:\/\/images.novelship.com\/product\/nike_flex_experience_run_12__white_black__dv0740-1_2_28106.jpeg;https:\/\/images.novelship.com\/product\/nike_flex_experience_run_12__white_black__dv0740-1_3_28106.jpeg;https:\/\/images.novelship.com\/product\/nike_flex_experience_run_12__white_black__dv0740-1_4_28106.jpeg;https:\/\/images.novelship.com\/product\/nike_flex_experience_run_12__white_black__dv0740-1_5_28106.jpeg;https:\/\/images.novelship.com\/product\/nike_flex_experience_run_12__white_black__dv0740-1_6_28106.jpeg\"},{\"@type\":\"BreadcrumbList\",\"@id\":\"https:\/\/tourcruiser.com\/#breadcrumb\",\"itemListElement\":[{\"@type\":\"ListItem\",\"position\":1,\"name\":\"Home\",\"item\":\"https:\/\/tourcruiser.com\/de\/\"},{\"@type\":\"ListItem\",\"position\":2,\"name\":\"Shop\",\"item\":\"https:\/\/tourcruiser.com\/de\/shop\/\"},{\"@type\":\"ListItem\",\"position\":3,\"name\":\"Nike Flex Experience Run 12 &#8218;White Black&#8216;\"}]},{\"@type\":\"WebSite\",\"@id\":\"https:\/\/tourcruiser.com\/de\/#website\",\"url\":\"https:\/\/tourcruiser.com\/de\/\",\"name\":\"Styloral Jewelry Shop\",\"description\":\"Tourcruiser Sneaker Store \u2014 der Ort, an dem das Universum deine Einzigartigkeit trifft.\",\"publisher\":{\"@id\":\"https:\/\/tourcruiser.com\/de\/#organization\"},\"potentialAction\":[{\"@type\":\"SearchAction\",\"target\":{\"@type\":\"EntryPoint\",\"urlTemplate\":\"https:\/\/tourcruiser.com\/de\/?s={search_term_string}\"},\"query-input\":{\"@type\":\"PropertyValueSpecification\",\"valueRequired\":true,\"valueName\":\"search_term_string\"}}],\"inLanguage\":\"de\"},{\"@type\":\"Organization\",\"@id\":\"https:\/\/tourcruiser.com\/de\/#organization\",\"name\":\"STYLORAL PTE. LTD\",\"url\":\"https:\/\/tourcruiser.com\/de\/\",\"logo\":{\"@type\":\"ImageObject\",\"inLanguage\":\"de\",\"@id\":\"https:\/\/tourcruiser.com\/de\/#\/schema\/logo\/image\/\",\"url\":\"https:\/\/www.tourcruiser.com\/wp-content\/uploads\/2025\/12\/logo.png\",\"contentUrl\":\"https:\/\/www.tourcruiser.com\/wp-content\/uploads\/2025\/12\/logo.png\",\"width\":200,\"height\":65,\"caption\":\"STYLORAL PTE. LTD\"},\"image\":{\"@id\":\"https:\/\/tourcruiser.com\/de\/#\/schema\/logo\/image\/\"}}]}<\/script>\n<!-- \/ Yoast SEO plugin. -->","yoast_head_json":{"title":"Nike Flex Experience Run 12 'White Black'  - Tourcruiser PTE. LTD","robots":{"index":"index","follow":"follow","max-snippet":"max-snippet:-1","max-image-preview":"max-image-preview:large","max-video-preview":"max-video-preview:-1"},"canonical":"https:\/\/tourcruiser.com\/","og_locale":"de_DE","og_type":"article","og_title":"Nike Flex Experience Run 12 'White Black'  - Tourcruiser PTE. LTD","og_description":"Nike Flex Experience Run 12 \u201d\u201d White\/White\/Black","og_url":"\/","og_site_name":"Tourcruiser Sneaker Store","article_modified_time":"2026-03-27T17:58:15+00:00","twitter_card":"summary_large_image","twitter_image":"https:\/\/images.novelship.com\/product\/nike_flex_experience_run_12__white_black__dv0740-1_0_28106.jpeg;https:\/\/images.novelship.com\/product\/nike_flex_experience_run_12__white_black__dv0740-1_1_28106.jpeg;https:\/\/images.novelship.com\/product\/nike_flex_experience_run_12__white_black__dv0740-1_2_28106.jpeg;https:\/\/images.novelship.com\/product\/nike_flex_experience_run_12__white_black__dv0740-1_3_28106.jpeg;https:\/\/images.novelship.com\/product\/nike_flex_experience_run_12__white_black__dv0740-1_4_28106.jpeg;https:\/\/images.novelship.com\/product\/nike_flex_experience_run_12__white_black__dv0740-1_5_28106.jpeg;https:\/\/images.novelship.com\/product\/nike_flex_experience_run_12__white_black__dv0740-1_6_28106.jpeg","twitter_misc":{"Gesch\u00e4tzte Lesezeit":"1\u00a0Minute"},"schema":{"@context":"https:\/\/schema.org","@graph":[{"@type":"WebPage","@id":"\/","url":"https:\/\/tourcruiser.com\/","name":"Nike Flex Experience Run 12 'White Black' - Tourcruiser PTE. LTD","isPartOf":{"@id":"https:\/\/tourcruiser.com\/de\/#website"},"primaryImageOfPage":{"@id":"https:\/\/tourcruiser.com\/#primaryimage"},"image":{"@id":"https:\/\/tourcruiser.com\/#primaryimage"},"thumbnailUrl":"https:\/\/images.novelship.com\/product\/nike_flex_experience_run_12__white_black__dv0740-1_0_28106.jpeg;https:\/\/images.novelship.com\/product\/nike_flex_experience_run_12__white_black__dv0740-1_1_28106.jpeg;https:\/\/images.novelship.com\/product\/nike_flex_experience_run_12__white_black__dv0740-1_2_28106.jpeg;https:\/\/images.novelship.com\/product\/nike_flex_experience_run_12__white_black__dv0740-1_3_28106.jpeg;https:\/\/images.novelship.com\/product\/nike_flex_experience_run_12__white_black__dv0740-1_4_28106.jpeg;https:\/\/images.novelship.com\/product\/nike_flex_experience_run_12__white_black__dv0740-1_5_28106.jpeg;https:\/\/images.novelship.com\/product\/nike_flex_experience_run_12__white_black__dv0740-1_6_28106.jpeg","datePublished":"2026-03-02T08:09:01+00:00","dateModified":"2026-03-27T17:58:15+00:00","breadcrumb":{"@id":"https:\/\/tourcruiser.com\/#breadcrumb"},"inLanguage":"de","potentialAction":[{"@type":"ReadAction","target":["https:\/\/tourcruiser.com\/"]}]},{"@type":"ImageObject","inLanguage":"de","@id":"https:\/\/tourcruiser.com\/#primaryimage","url":"https:\/\/images.novelship.com\/product\/nike_flex_experience_run_12__white_black__dv0740-1_0_28106.jpeg;https:\/\/images.novelship.com\/product\/nike_flex_experience_run_12__white_black__dv0740-1_1_28106.jpeg;https:\/\/images.novelship.com\/product\/nike_flex_experience_run_12__white_black__dv0740-1_2_28106.jpeg;https:\/\/images.novelship.com\/product\/nike_flex_experience_run_12__white_black__dv0740-1_3_28106.jpeg;https:\/\/images.novelship.com\/product\/nike_flex_experience_run_12__white_black__dv0740-1_4_28106.jpeg;https:\/\/images.novelship.com\/product\/nike_flex_experience_run_12__white_black__dv0740-1_5_28106.jpeg;https:\/\/images.novelship.com\/product\/nike_flex_experience_run_12__white_black__dv0740-1_6_28106.jpeg","contentUrl":"https:\/\/images.novelship.com\/product\/nike_flex_experience_run_12__white_black__dv0740-1_0_28106.jpeg;https:\/\/images.novelship.com\/product\/nike_flex_experience_run_12__white_black__dv0740-1_1_28106.jpeg;https:\/\/images.novelship.com\/product\/nike_flex_experience_run_12__white_black__dv0740-1_2_28106.jpeg;https:\/\/images.novelship.com\/product\/nike_flex_experience_run_12__white_black__dv0740-1_3_28106.jpeg;https:\/\/images.novelship.com\/product\/nike_flex_experience_run_12__white_black__dv0740-1_4_28106.jpeg;https:\/\/images.novelship.com\/product\/nike_flex_experience_run_12__white_black__dv0740-1_5_28106.jpeg;https:\/\/images.novelship.com\/product\/nike_flex_experience_run_12__white_black__dv0740-1_6_28106.jpeg"},{"@type":"BreadcrumbList","@id":"https:\/\/tourcruiser.com\/#breadcrumb","itemListElement":[{"@type":"ListItem","position":1,"name":"Home","item":"https:\/\/tourcruiser.com\/de\/"},{"@type":"ListItem","position":2,"name":"Shop","item":"https:\/\/tourcruiser.com\/de\/shop\/"},{"@type":"ListItem","position":3,"name":"Nike Flex Experience Run 12 &#8218;White Black&#8216;"}]},{"@type":"WebSite","@id":"https:\/\/tourcruiser.com\/de\/#website","url":"https:\/\/tourcruiser.com\/de\/","name":"Styloral Jewelry Shop","description":"Tourcruiser Sneaker Store \u2014 der Ort, an dem das Universum deine Einzigartigkeit trifft.","publisher":{"@id":"https:\/\/tourcruiser.com\/de\/#organization"},"potentialAction":[{"@type":"SearchAction","target":{"@type":"EntryPoint","urlTemplate":"https:\/\/tourcruiser.com\/de\/?s={search_term_string}"},"query-input":{"@type":"PropertyValueSpecification","valueRequired":true,"valueName":"search_term_string"}}],"inLanguage":"de"},{"@type":"Organization","@id":"https:\/\/tourcruiser.com\/de\/#organization","name":"STYLORAL PTE. LTD","url":"https:\/\/tourcruiser.com\/de\/","logo":{"@type":"ImageObject","inLanguage":"de","@id":"https:\/\/tourcruiser.com\/de\/#\/schema\/logo\/image\/","url":"https:\/\/www.tourcruiser.com\/wp-content\/uploads\/2025\/12\/logo.png","contentUrl":"https:\/\/www.tourcruiser.com\/wp-content\/uploads\/2025\/12\/logo.png","width":200,"height":65,"caption":"STYLORAL PTE. LTD"},"image":{"@id":"https:\/\/tourcruiser.com\/de\/#\/schema\/logo\/image\/"}}]}},"_links":{"self":[{"href":"https:\/\/tourcruiser.com\/de\/wp-json\/wp\/v2\/product\/50735","targetHints":{"allow":["GET"]}}],"collection":[{"href":"https:\/\/tourcruiser.com\/de\/wp-json\/wp\/v2\/product"}],"about":[{"href":"https:\/\/tourcruiser.com\/de\/wp-json\/wp\/v2\/types\/product"}],"replies":[{"embeddable":true,"href":"https:\/\/tourcruiser.com\/de\/wp-json\/wp\/v2\/comments?post=50735"}],"wp:featuredmedia":[{"embeddable":true,"href":"https:\/\/tourcruiser.com\/de\/wp-json\/wp\/v2\/media\/50736"}],"wp:attachment":[{"href":"https:\/\/tourcruiser.com\/de\/wp-json\/wp\/v2\/media?parent=50735"}],"wp:term":[{"taxonomy":"product_brand","embeddable":true,"href":"https:\/\/tourcruiser.com\/de\/wp-json\/wp\/v2\/product_brand?post=50735"},{"taxonomy":"product_cat","embeddable":true,"href":"https:\/\/tourcruiser.com\/de\/wp-json\/wp\/v2\/product_cat?post=50735"},{"taxonomy":"product_tag","embeddable":true,"href":"https:\/\/tourcruiser.com\/de\/wp-json\/wp\/v2\/product_tag?post=50735"}],"curies":[{"name":"wp","href":"https:\/\/api.w.org\/{rel}","templated":true}]}}