{"id":50722,"date":"2026-03-02T15:09:00","date_gmt":"2026-03-02T08:09:00","guid":{"rendered":"http:\/\/tourcruiser.com\/product\/nike-zoom-vomero-5-black-anthracite-metallic"},"modified":"2026-03-28T00:58:15","modified_gmt":"2026-03-27T17:58:15","slug":"nike-zoom-vomero-5-black-anthracite-metallic","status":"publish","type":"product","link":"https:\/\/tourcruiser.com\/de\/products\/nike-zoom-vomero-5-black-anthracite-metallic\/","title":{"rendered":"Nike Zoom Vomero 5 &#8218;Black Anthracite Metallic&#8216;"},"content":{"rendered":"<p>Erlebe ein v\u00f6llig neues Laufgef\u00fchl mit dem Nike Zoom Vomero 5 \u201eBlack Anthracite Metallic\u201c HF1553-001 \u201d\u201c die perfekte Kombination aus elegantem Design und modernster Performance. Der Schuh besticht durch seine edle Farbkombination aus Schwarz und Anthrazit mit Metallic-Akzenten und vereint Style und Funktion auf elegante Weise. Das leichte Mesh-Obermaterial sorgt f\u00fcr optimale Atmungsaktivit\u00e4t, w\u00e4hrend die Zoom Air-D\u00e4mpfung bei jedem Schritt reaktionsfreudigen Halt bietet. Die weiche Schaumstoff-Mittelsohle ist auf langanhaltenden Komfort ausgelegt und absorbiert St\u00f6\u00dfe, damit du dich geschmeidig bewegen kannst. Die robuste Au\u00dfensohle bietet hervorragende Traktion auf verschiedenen Untergr\u00fcnden und macht den Schuh zur idealen Wahl f\u00fcr urbanes Laufen und Freizeit. Der Nike Zoom Vomero 5 vereint moderne \u00c4sthetik mit innovativen Materialien und ist der vielseitige Begleiter f\u00fcr Fitnessbegeisterte, die Wert auf Style und Funktionalit\u00e4t legen. Egal, ob du pers\u00f6nliche Bestleistungen anstrebst oder deinen Alltagslook aufpeppen willst \u201d\u201c mit diesem Paar Schuhe bist du bestens ger\u00fcstet und genie\u00dft dabei unvergleichlichen Komfort und Langlebigkeit.<\/p>\n<ul>\n<li><strong>Farbgebung:<\/strong> Schwarz\/Anthrazit\/Metallic-Dunkelgrau\/Schwarz<\/li>\n<li><strong>Artikelnummer:<\/strong> HF1553-001<\/li>\n<li><strong>Obermaterial:<\/strong> Mesh<\/li>\n<li><strong>Zwischensohle:<\/strong> Zoom Air<\/li>\n<li><strong>Farbe:<\/strong> Schwarz<\/li>\n<\/ul>\n","protected":false},"excerpt":{"rendered":"<p>Nike Zoom Vomero 5 \u201d\u201d Black\/Anthracite\/Metallic Dark Grey\/Black<\/p>\n","protected":false},"featured_media":50723,"comment_status":"open","ping_status":"closed","template":"","meta":[],"product_brand":[],"product_cat":[10803],"product_tag":[10750,10753,10754,10765,10801,10768,10840,10758],"class_list":{"0":"post-50722","1":"product","2":"type-product","3":"status-publish","4":"has-post-thumbnail","6":"product_cat-nike","7":"product_tag-athleisure-shoes","8":"product_tag-gift-for-him","9":"product_tag-lifestyle-casual-shoes","10":"product_tag-lifestyle-shoes-running-inspired","11":"product_tag-nike","12":"product_tag-retro-running-shoes","13":"product_tag-running-shoes","14":"product_tag-under-retail","15":"wcpa_has_options","17":"first","18":"outofstock","19":"sale","20":"taxable","21":"shipping-taxable","22":"purchasable","23":"product-type-simple"},"wcpa_form_fields":{"rules":{"pric_overide_base_price":false,"pric_overide_base_price_if_gt_zero":false,"pric_overide_base_price_fully":false,"pric_cal_option_once":false,"pric_use_as_fee":false,"bind_quantity":false,"quantity_bind_formula":false},"fields":[{"type":"color-group","required":true,"elementId":"wcpa-color-group-66c4a75505e74","label":"Gr\u00f6\u00dfe - EU Gr\u00f6\u00dfe","inline":true,"priceOptions":"different_for_all","pricingType":"fixed","className":"hassizechart product-shoes-size-eu product-shoes-size","name":"color-group-66c4a75505e89","disp_type":"square","selection_type":"tick-border","disp_size":"44","show_label_inside":true,"adjust_width":true,"cart_display_type":"text","other_text":"Other","cl_rule":"show","col":6,"values":[{"label":"35.5","value":"EU 35.5","price":"","pimage":"","pimage_id":"","pthumb":"","color":""},{"label":"36","value":"EU 36","price":"","pimage":"","pimage_id":"","pthumb":"","color":"","selected":true},{"label":"36.5","value":"EU 36.5","price":"","pimage":"","pimage_id":"","pthumb":"","color":""},{"label":"37.5","value":"EU 37.5","price":"","pimage":"","pimage_id":"","pthumb":"","color":""},{"label":"38","value":"EU 38","price":"","pimage":"","pimage_id":"","pthumb":"","color":""},{"label":"38.5","value":"EU 38.5","price":"","pimage":"","pimage_id":"","pthumb":"","color":""},{"label":"39","value":"EU 39","price":"","pimage":"","pimage_id":"","pthumb":"","color":""},{"label":"40","value":"EU 40","price":"","pimage":"","pimage_id":"","pthumb":"","color":""},{"label":"40.5","value":"EU 40.5","price":"","pimage":"","pimage_id":"","pthumb":"","color":""},{"label":"41","value":"EU 41","price":"","pimage":"","pimage_id":"","pthumb":"","color":""},{"label":"42","value":"EU 42","price":"","pimage":"","pimage_id":"","pthumb":"","color":""},{"label":"42.5","value":"EU 42.5","price":"","pimage":"","pimage_id":"","pthumb":"","color":""},{"label":"43","value":"EU 43","price":"","pimage":"","pimage_id":"","pthumb":"","color":""},{"label":"44","value":"EU 44","price":"","pimage":"","pimage_id":"","pthumb":"","color":""},{"label":"44.5","value":"EU 44.5","price":"","pimage":"","pimage_id":"","pthumb":"","color":""},{"label":"45","value":"EU 45","price":"","pimage":"","pimage_id":"","pthumb":"","color":""},{"label":"45.5","value":"EU 45.5","price":"","pimage":"","pimage_id":"","pthumb":"","color":""},{"label":"46","value":"EU 46","price":"","pimage":"","pimage_id":"","pthumb":"","color":""},{"label":"47","value":"EU 47","price":"","pimage":"","pimage_id":"","pthumb":"","color":""},{"label":"47.5","value":"EU 47.5","price":"","pimage":"","pimage_id":"","pthumb":"","color":""},{"label":"48","value":"EU 48","price":"","pimage":"","pimage_id":"","pthumb":"","color":""}],"relations":[{"operator":false,"rules":[]}],"form_id":18106,"form_rules":{"pric_cal_option_once":false,"exclude_from_discount":false,"pric_use_as_fee":false,"fee_label":"Fee","render_after_acb":false,"disp_hide_options_price":false}}]},"yoast_head":"<!-- This site is optimized with the Yoast SEO plugin v26.5 - https:\/\/yoast.com\/wordpress\/plugins\/seo\/ -->\n<title>Nike Zoom Vomero 5 &#039;Black Anthracite Metallic&#039;  - Tourcruiser PTE. LTD<\/title>\n<meta name=\"robots\" content=\"index, follow, max-snippet:-1, max-image-preview:large, max-video-preview:-1\" \/>\n<link rel=\"canonical\" href=\"https:\/\/tourcruiser.com\/\" \/>\n<meta property=\"og:locale\" content=\"de_DE\" \/>\n<meta property=\"og:type\" content=\"article\" \/>\n<meta property=\"og:title\" content=\"Nike Zoom Vomero 5 &#039;Black Anthracite Metallic&#039;  - Tourcruiser PTE. LTD\" \/>\n<meta property=\"og:description\" content=\"Nike Zoom Vomero 5 \u201d\u201d Black\/Anthracite\/Metallic Dark Grey\/Black\" \/>\n<meta property=\"og:url\" content=\"\/\" \/>\n<meta property=\"og:site_name\" content=\"Tourcruiser Sneaker Store\" \/>\n<meta property=\"article:modified_time\" content=\"2026-03-27T17:58:15+00:00\" \/>\n<meta name=\"twitter:card\" content=\"summary_large_image\" \/>\n<meta name=\"twitter:image\" content=\"https:\/\/images.novelship.com\/product\/nike_zoom_vomero_5__black_anthracite_metallic__hf1_0_15574.jpeg;https:\/\/images.novelship.com\/product\/nike_zoom_vomero_5__black_anthracite_metallic__hf1_1_15574.jpeg;https:\/\/images.novelship.com\/product\/nike_zoom_vomero_5__black_anthracite_metallic__hf1_2_15574.jpeg;https:\/\/images.novelship.com\/product\/nike_zoom_vomero_5__black_anthracite_metallic__hf1_3_15574.jpeg;https:\/\/images.novelship.com\/product\/nike_zoom_vomero_5__black_anthracite_metallic__hf1_4_15574.jpeg;https:\/\/images.novelship.com\/product\/nike_zoom_vomero_5__black_anthracite_metallic__hf1_5_15574.jpeg;https:\/\/images.novelship.com\/product\/nike_zoom_vomero_5__black_anthracite_metallic__hf1_6_15574.jpeg;https:\/\/images.novelship.com\/product\/nike_zoom_vomero_5__black_anthracite_metallic__hf1_7_15574.jpeg;https:\/\/images.novelship.com\/product\/nike_zoom_vomero_5__black_anthracite_metallic__hf1_8_15574.jpeg;https:\/\/images.novelship.com\/product\/nike_zoom_vomero_5__black_anthracite_metallic__hf1_9_15574.jpeg;https:\/\/images.novelship.com\/product\/nike_zoom_vomero_5__black_anthracite_metallic__hf1_10_15574.jpeg;https:\/\/images.novelship.com\/product\/nike_zoom_vomero_5__black_anthracite_metallic__hf1_11_15575.jpeg\" \/>\n<meta name=\"twitter:label1\" content=\"Gesch\u00e4tzte Lesezeit\" \/>\n\t<meta name=\"twitter:data1\" content=\"1\u00a0Minute\" \/>\n<script type=\"application\/ld+json\" class=\"yoast-schema-graph\">{\"@context\":\"https:\/\/schema.org\",\"@graph\":[{\"@type\":\"WebPage\",\"@id\":\"\/\",\"url\":\"https:\/\/tourcruiser.com\/\",\"name\":\"Nike Zoom Vomero 5 'Black Anthracite Metallic' - Tourcruiser PTE. LTD\",\"isPartOf\":{\"@id\":\"https:\/\/tourcruiser.com\/de\/#website\"},\"primaryImageOfPage\":{\"@id\":\"https:\/\/tourcruiser.com\/#primaryimage\"},\"image\":{\"@id\":\"https:\/\/tourcruiser.com\/#primaryimage\"},\"thumbnailUrl\":\"https:\/\/images.novelship.com\/product\/nike_zoom_vomero_5__black_anthracite_metallic__hf1_0_15574.jpeg;https:\/\/images.novelship.com\/product\/nike_zoom_vomero_5__black_anthracite_metallic__hf1_1_15574.jpeg;https:\/\/images.novelship.com\/product\/nike_zoom_vomero_5__black_anthracite_metallic__hf1_2_15574.jpeg;https:\/\/images.novelship.com\/product\/nike_zoom_vomero_5__black_anthracite_metallic__hf1_3_15574.jpeg;https:\/\/images.novelship.com\/product\/nike_zoom_vomero_5__black_anthracite_metallic__hf1_4_15574.jpeg;https:\/\/images.novelship.com\/product\/nike_zoom_vomero_5__black_anthracite_metallic__hf1_5_15574.jpeg;https:\/\/images.novelship.com\/product\/nike_zoom_vomero_5__black_anthracite_metallic__hf1_6_15574.jpeg;https:\/\/images.novelship.com\/product\/nike_zoom_vomero_5__black_anthracite_metallic__hf1_7_15574.jpeg;https:\/\/images.novelship.com\/product\/nike_zoom_vomero_5__black_anthracite_metallic__hf1_8_15574.jpeg;https:\/\/images.novelship.com\/product\/nike_zoom_vomero_5__black_anthracite_metallic__hf1_9_15574.jpeg;https:\/\/images.novelship.com\/product\/nike_zoom_vomero_5__black_anthracite_metallic__hf1_10_15574.jpeg;https:\/\/images.novelship.com\/product\/nike_zoom_vomero_5__black_anthracite_metallic__hf1_11_15575.jpeg\",\"datePublished\":\"2026-03-02T08:09:00+00:00\",\"dateModified\":\"2026-03-27T17:58:15+00:00\",\"breadcrumb\":{\"@id\":\"https:\/\/tourcruiser.com\/#breadcrumb\"},\"inLanguage\":\"de\",\"potentialAction\":[{\"@type\":\"ReadAction\",\"target\":[\"https:\/\/tourcruiser.com\/\"]}]},{\"@type\":\"ImageObject\",\"inLanguage\":\"de\",\"@id\":\"https:\/\/tourcruiser.com\/#primaryimage\",\"url\":\"https:\/\/images.novelship.com\/product\/nike_zoom_vomero_5__black_anthracite_metallic__hf1_0_15574.jpeg;https:\/\/images.novelship.com\/product\/nike_zoom_vomero_5__black_anthracite_metallic__hf1_1_15574.jpeg;https:\/\/images.novelship.com\/product\/nike_zoom_vomero_5__black_anthracite_metallic__hf1_2_15574.jpeg;https:\/\/images.novelship.com\/product\/nike_zoom_vomero_5__black_anthracite_metallic__hf1_3_15574.jpeg;https:\/\/images.novelship.com\/product\/nike_zoom_vomero_5__black_anthracite_metallic__hf1_4_15574.jpeg;https:\/\/images.novelship.com\/product\/nike_zoom_vomero_5__black_anthracite_metallic__hf1_5_15574.jpeg;https:\/\/images.novelship.com\/product\/nike_zoom_vomero_5__black_anthracite_metallic__hf1_6_15574.jpeg;https:\/\/images.novelship.com\/product\/nike_zoom_vomero_5__black_anthracite_metallic__hf1_7_15574.jpeg;https:\/\/images.novelship.com\/product\/nike_zoom_vomero_5__black_anthracite_metallic__hf1_8_15574.jpeg;https:\/\/images.novelship.com\/product\/nike_zoom_vomero_5__black_anthracite_metallic__hf1_9_15574.jpeg;https:\/\/images.novelship.com\/product\/nike_zoom_vomero_5__black_anthracite_metallic__hf1_10_15574.jpeg;https:\/\/images.novelship.com\/product\/nike_zoom_vomero_5__black_anthracite_metallic__hf1_11_15575.jpeg\",\"contentUrl\":\"https:\/\/images.novelship.com\/product\/nike_zoom_vomero_5__black_anthracite_metallic__hf1_0_15574.jpeg;https:\/\/images.novelship.com\/product\/nike_zoom_vomero_5__black_anthracite_metallic__hf1_1_15574.jpeg;https:\/\/images.novelship.com\/product\/nike_zoom_vomero_5__black_anthracite_metallic__hf1_2_15574.jpeg;https:\/\/images.novelship.com\/product\/nike_zoom_vomero_5__black_anthracite_metallic__hf1_3_15574.jpeg;https:\/\/images.novelship.com\/product\/nike_zoom_vomero_5__black_anthracite_metallic__hf1_4_15574.jpeg;https:\/\/images.novelship.com\/product\/nike_zoom_vomero_5__black_anthracite_metallic__hf1_5_15574.jpeg;https:\/\/images.novelship.com\/product\/nike_zoom_vomero_5__black_anthracite_metallic__hf1_6_15574.jpeg;https:\/\/images.novelship.com\/product\/nike_zoom_vomero_5__black_anthracite_metallic__hf1_7_15574.jpeg;https:\/\/images.novelship.com\/product\/nike_zoom_vomero_5__black_anthracite_metallic__hf1_8_15574.jpeg;https:\/\/images.novelship.com\/product\/nike_zoom_vomero_5__black_anthracite_metallic__hf1_9_15574.jpeg;https:\/\/images.novelship.com\/product\/nike_zoom_vomero_5__black_anthracite_metallic__hf1_10_15574.jpeg;https:\/\/images.novelship.com\/product\/nike_zoom_vomero_5__black_anthracite_metallic__hf1_11_15575.jpeg\"},{\"@type\":\"BreadcrumbList\",\"@id\":\"https:\/\/tourcruiser.com\/#breadcrumb\",\"itemListElement\":[{\"@type\":\"ListItem\",\"position\":1,\"name\":\"Home\",\"item\":\"https:\/\/tourcruiser.com\/de\/\"},{\"@type\":\"ListItem\",\"position\":2,\"name\":\"Shop\",\"item\":\"https:\/\/tourcruiser.com\/de\/shop\/\"},{\"@type\":\"ListItem\",\"position\":3,\"name\":\"Nike Zoom Vomero 5 &#8218;Black Anthracite Metallic&#8216;\"}]},{\"@type\":\"WebSite\",\"@id\":\"https:\/\/tourcruiser.com\/de\/#website\",\"url\":\"https:\/\/tourcruiser.com\/de\/\",\"name\":\"Styloral Jewelry Shop\",\"description\":\"Tourcruiser Sneaker Store \u2014 der Ort, an dem das Universum deine Einzigartigkeit trifft.\",\"publisher\":{\"@id\":\"https:\/\/tourcruiser.com\/de\/#organization\"},\"potentialAction\":[{\"@type\":\"SearchAction\",\"target\":{\"@type\":\"EntryPoint\",\"urlTemplate\":\"https:\/\/tourcruiser.com\/de\/?s={search_term_string}\"},\"query-input\":{\"@type\":\"PropertyValueSpecification\",\"valueRequired\":true,\"valueName\":\"search_term_string\"}}],\"inLanguage\":\"de\"},{\"@type\":\"Organization\",\"@id\":\"https:\/\/tourcruiser.com\/de\/#organization\",\"name\":\"STYLORAL PTE. LTD\",\"url\":\"https:\/\/tourcruiser.com\/de\/\",\"logo\":{\"@type\":\"ImageObject\",\"inLanguage\":\"de\",\"@id\":\"https:\/\/tourcruiser.com\/de\/#\/schema\/logo\/image\/\",\"url\":\"https:\/\/www.tourcruiser.com\/wp-content\/uploads\/2025\/12\/logo.png\",\"contentUrl\":\"https:\/\/www.tourcruiser.com\/wp-content\/uploads\/2025\/12\/logo.png\",\"width\":200,\"height\":65,\"caption\":\"STYLORAL PTE. LTD\"},\"image\":{\"@id\":\"https:\/\/tourcruiser.com\/de\/#\/schema\/logo\/image\/\"}}]}<\/script>\n<!-- \/ Yoast SEO plugin. -->","yoast_head_json":{"title":"Nike Zoom Vomero 5 'Black Anthracite Metallic'  - Tourcruiser PTE. LTD","robots":{"index":"index","follow":"follow","max-snippet":"max-snippet:-1","max-image-preview":"max-image-preview:large","max-video-preview":"max-video-preview:-1"},"canonical":"https:\/\/tourcruiser.com\/","og_locale":"de_DE","og_type":"article","og_title":"Nike Zoom Vomero 5 'Black Anthracite Metallic'  - Tourcruiser PTE. LTD","og_description":"Nike Zoom Vomero 5 \u201d\u201d Black\/Anthracite\/Metallic Dark Grey\/Black","og_url":"\/","og_site_name":"Tourcruiser Sneaker Store","article_modified_time":"2026-03-27T17:58:15+00:00","twitter_card":"summary_large_image","twitter_image":"https:\/\/images.novelship.com\/product\/nike_zoom_vomero_5__black_anthracite_metallic__hf1_0_15574.jpeg;https:\/\/images.novelship.com\/product\/nike_zoom_vomero_5__black_anthracite_metallic__hf1_1_15574.jpeg;https:\/\/images.novelship.com\/product\/nike_zoom_vomero_5__black_anthracite_metallic__hf1_2_15574.jpeg;https:\/\/images.novelship.com\/product\/nike_zoom_vomero_5__black_anthracite_metallic__hf1_3_15574.jpeg;https:\/\/images.novelship.com\/product\/nike_zoom_vomero_5__black_anthracite_metallic__hf1_4_15574.jpeg;https:\/\/images.novelship.com\/product\/nike_zoom_vomero_5__black_anthracite_metallic__hf1_5_15574.jpeg;https:\/\/images.novelship.com\/product\/nike_zoom_vomero_5__black_anthracite_metallic__hf1_6_15574.jpeg;https:\/\/images.novelship.com\/product\/nike_zoom_vomero_5__black_anthracite_metallic__hf1_7_15574.jpeg;https:\/\/images.novelship.com\/product\/nike_zoom_vomero_5__black_anthracite_metallic__hf1_8_15574.jpeg;https:\/\/images.novelship.com\/product\/nike_zoom_vomero_5__black_anthracite_metallic__hf1_9_15574.jpeg;https:\/\/images.novelship.com\/product\/nike_zoom_vomero_5__black_anthracite_metallic__hf1_10_15574.jpeg;https:\/\/images.novelship.com\/product\/nike_zoom_vomero_5__black_anthracite_metallic__hf1_11_15575.jpeg","twitter_misc":{"Gesch\u00e4tzte Lesezeit":"1\u00a0Minute"},"schema":{"@context":"https:\/\/schema.org","@graph":[{"@type":"WebPage","@id":"\/","url":"https:\/\/tourcruiser.com\/","name":"Nike Zoom Vomero 5 'Black Anthracite Metallic' - Tourcruiser PTE. LTD","isPartOf":{"@id":"https:\/\/tourcruiser.com\/de\/#website"},"primaryImageOfPage":{"@id":"https:\/\/tourcruiser.com\/#primaryimage"},"image":{"@id":"https:\/\/tourcruiser.com\/#primaryimage"},"thumbnailUrl":"https:\/\/images.novelship.com\/product\/nike_zoom_vomero_5__black_anthracite_metallic__hf1_0_15574.jpeg;https:\/\/images.novelship.com\/product\/nike_zoom_vomero_5__black_anthracite_metallic__hf1_1_15574.jpeg;https:\/\/images.novelship.com\/product\/nike_zoom_vomero_5__black_anthracite_metallic__hf1_2_15574.jpeg;https:\/\/images.novelship.com\/product\/nike_zoom_vomero_5__black_anthracite_metallic__hf1_3_15574.jpeg;https:\/\/images.novelship.com\/product\/nike_zoom_vomero_5__black_anthracite_metallic__hf1_4_15574.jpeg;https:\/\/images.novelship.com\/product\/nike_zoom_vomero_5__black_anthracite_metallic__hf1_5_15574.jpeg;https:\/\/images.novelship.com\/product\/nike_zoom_vomero_5__black_anthracite_metallic__hf1_6_15574.jpeg;https:\/\/images.novelship.com\/product\/nike_zoom_vomero_5__black_anthracite_metallic__hf1_7_15574.jpeg;https:\/\/images.novelship.com\/product\/nike_zoom_vomero_5__black_anthracite_metallic__hf1_8_15574.jpeg;https:\/\/images.novelship.com\/product\/nike_zoom_vomero_5__black_anthracite_metallic__hf1_9_15574.jpeg;https:\/\/images.novelship.com\/product\/nike_zoom_vomero_5__black_anthracite_metallic__hf1_10_15574.jpeg;https:\/\/images.novelship.com\/product\/nike_zoom_vomero_5__black_anthracite_metallic__hf1_11_15575.jpeg","datePublished":"2026-03-02T08:09:00+00:00","dateModified":"2026-03-27T17:58:15+00:00","breadcrumb":{"@id":"https:\/\/tourcruiser.com\/#breadcrumb"},"inLanguage":"de","potentialAction":[{"@type":"ReadAction","target":["https:\/\/tourcruiser.com\/"]}]},{"@type":"ImageObject","inLanguage":"de","@id":"https:\/\/tourcruiser.com\/#primaryimage","url":"https:\/\/images.novelship.com\/product\/nike_zoom_vomero_5__black_anthracite_metallic__hf1_0_15574.jpeg;https:\/\/images.novelship.com\/product\/nike_zoom_vomero_5__black_anthracite_metallic__hf1_1_15574.jpeg;https:\/\/images.novelship.com\/product\/nike_zoom_vomero_5__black_anthracite_metallic__hf1_2_15574.jpeg;https:\/\/images.novelship.com\/product\/nike_zoom_vomero_5__black_anthracite_metallic__hf1_3_15574.jpeg;https:\/\/images.novelship.com\/product\/nike_zoom_vomero_5__black_anthracite_metallic__hf1_4_15574.jpeg;https:\/\/images.novelship.com\/product\/nike_zoom_vomero_5__black_anthracite_metallic__hf1_5_15574.jpeg;https:\/\/images.novelship.com\/product\/nike_zoom_vomero_5__black_anthracite_metallic__hf1_6_15574.jpeg;https:\/\/images.novelship.com\/product\/nike_zoom_vomero_5__black_anthracite_metallic__hf1_7_15574.jpeg;https:\/\/images.novelship.com\/product\/nike_zoom_vomero_5__black_anthracite_metallic__hf1_8_15574.jpeg;https:\/\/images.novelship.com\/product\/nike_zoom_vomero_5__black_anthracite_metallic__hf1_9_15574.jpeg;https:\/\/images.novelship.com\/product\/nike_zoom_vomero_5__black_anthracite_metallic__hf1_10_15574.jpeg;https:\/\/images.novelship.com\/product\/nike_zoom_vomero_5__black_anthracite_metallic__hf1_11_15575.jpeg","contentUrl":"https:\/\/images.novelship.com\/product\/nike_zoom_vomero_5__black_anthracite_metallic__hf1_0_15574.jpeg;https:\/\/images.novelship.com\/product\/nike_zoom_vomero_5__black_anthracite_metallic__hf1_1_15574.jpeg;https:\/\/images.novelship.com\/product\/nike_zoom_vomero_5__black_anthracite_metallic__hf1_2_15574.jpeg;https:\/\/images.novelship.com\/product\/nike_zoom_vomero_5__black_anthracite_metallic__hf1_3_15574.jpeg;https:\/\/images.novelship.com\/product\/nike_zoom_vomero_5__black_anthracite_metallic__hf1_4_15574.jpeg;https:\/\/images.novelship.com\/product\/nike_zoom_vomero_5__black_anthracite_metallic__hf1_5_15574.jpeg;https:\/\/images.novelship.com\/product\/nike_zoom_vomero_5__black_anthracite_metallic__hf1_6_15574.jpeg;https:\/\/images.novelship.com\/product\/nike_zoom_vomero_5__black_anthracite_metallic__hf1_7_15574.jpeg;https:\/\/images.novelship.com\/product\/nike_zoom_vomero_5__black_anthracite_metallic__hf1_8_15574.jpeg;https:\/\/images.novelship.com\/product\/nike_zoom_vomero_5__black_anthracite_metallic__hf1_9_15574.jpeg;https:\/\/images.novelship.com\/product\/nike_zoom_vomero_5__black_anthracite_metallic__hf1_10_15574.jpeg;https:\/\/images.novelship.com\/product\/nike_zoom_vomero_5__black_anthracite_metallic__hf1_11_15575.jpeg"},{"@type":"BreadcrumbList","@id":"https:\/\/tourcruiser.com\/#breadcrumb","itemListElement":[{"@type":"ListItem","position":1,"name":"Home","item":"https:\/\/tourcruiser.com\/de\/"},{"@type":"ListItem","position":2,"name":"Shop","item":"https:\/\/tourcruiser.com\/de\/shop\/"},{"@type":"ListItem","position":3,"name":"Nike Zoom Vomero 5 &#8218;Black Anthracite Metallic&#8216;"}]},{"@type":"WebSite","@id":"https:\/\/tourcruiser.com\/de\/#website","url":"https:\/\/tourcruiser.com\/de\/","name":"Styloral Jewelry Shop","description":"Tourcruiser Sneaker Store \u2014 der Ort, an dem das Universum deine Einzigartigkeit trifft.","publisher":{"@id":"https:\/\/tourcruiser.com\/de\/#organization"},"potentialAction":[{"@type":"SearchAction","target":{"@type":"EntryPoint","urlTemplate":"https:\/\/tourcruiser.com\/de\/?s={search_term_string}"},"query-input":{"@type":"PropertyValueSpecification","valueRequired":true,"valueName":"search_term_string"}}],"inLanguage":"de"},{"@type":"Organization","@id":"https:\/\/tourcruiser.com\/de\/#organization","name":"STYLORAL PTE. LTD","url":"https:\/\/tourcruiser.com\/de\/","logo":{"@type":"ImageObject","inLanguage":"de","@id":"https:\/\/tourcruiser.com\/de\/#\/schema\/logo\/image\/","url":"https:\/\/www.tourcruiser.com\/wp-content\/uploads\/2025\/12\/logo.png","contentUrl":"https:\/\/www.tourcruiser.com\/wp-content\/uploads\/2025\/12\/logo.png","width":200,"height":65,"caption":"STYLORAL PTE. LTD"},"image":{"@id":"https:\/\/tourcruiser.com\/de\/#\/schema\/logo\/image\/"}}]}},"_links":{"self":[{"href":"https:\/\/tourcruiser.com\/de\/wp-json\/wp\/v2\/product\/50722","targetHints":{"allow":["GET"]}}],"collection":[{"href":"https:\/\/tourcruiser.com\/de\/wp-json\/wp\/v2\/product"}],"about":[{"href":"https:\/\/tourcruiser.com\/de\/wp-json\/wp\/v2\/types\/product"}],"replies":[{"embeddable":true,"href":"https:\/\/tourcruiser.com\/de\/wp-json\/wp\/v2\/comments?post=50722"}],"wp:featuredmedia":[{"embeddable":true,"href":"https:\/\/tourcruiser.com\/de\/wp-json\/wp\/v2\/media\/50723"}],"wp:attachment":[{"href":"https:\/\/tourcruiser.com\/de\/wp-json\/wp\/v2\/media?parent=50722"}],"wp:term":[{"taxonomy":"product_brand","embeddable":true,"href":"https:\/\/tourcruiser.com\/de\/wp-json\/wp\/v2\/product_brand?post=50722"},{"taxonomy":"product_cat","embeddable":true,"href":"https:\/\/tourcruiser.com\/de\/wp-json\/wp\/v2\/product_cat?post=50722"},{"taxonomy":"product_tag","embeddable":true,"href":"https:\/\/tourcruiser.com\/de\/wp-json\/wp\/v2\/product_tag?post=50722"}],"curies":[{"name":"wp","href":"https:\/\/api.w.org\/{rel}","templated":true}]}}