{"id":50344,"date":"2026-03-02T15:08:29","date_gmt":"2026-03-02T08:08:29","guid":{"rendered":"http:\/\/tourcruiser.com\/product\/women-adidas-taekwondo-mei-ballet-silver-metallic"},"modified":"2026-03-28T00:57:57","modified_gmt":"2026-03-27T17:57:57","slug":"women-adidas-taekwondo-mei-ballet-silver-metallic","status":"publish","type":"product","link":"https:\/\/tourcruiser.com\/de\/products\/women-adidas-taekwondo-mei-ballet-silver-metallic\/","title":{"rendered":"(Women) adidas Taekwondo Mei Ballet &#8218;Silver Metallic&#8216;"},"content":{"rendered":"<p>Die W Taekwondo MEI Sneakers JR7032 vereinen Stil, Komfort und Leistung auf h\u00f6chstem Niveau und wurden speziell f\u00fcr Kampfsportbegeisterte und Athleten entwickelt. Dank ihrer Strapazierf\u00e4higkeit und der Verwendung leichter, atmungsaktiver Materialien bieten diese Sneakers optimale Bel\u00fcftung auch bei intensiven Trainingseinheiten. Die flexible Sohle sorgt f\u00fcr hervorragenden Grip und Balance und garantiert Stabilit\u00e4t und Pr\u00e4zision bei jedem Schritt, Tritt und jeder Bewegung. Mit ihrem modernen Design und der eleganten Verarbeitung erg\u00e4nzen sie perfekt Ihr Sportoutfit und bieten gleichzeitig h\u00f6chste Funktionalit\u00e4t. Die Sneakers eignen sich ideal f\u00fcr Indoor- und Outdoor-Training und unterst\u00fctzen schnelle Bewegungen und Agilit\u00e4t bei minimaler Fu\u00dferm\u00fcdung. Die W Taekwondo MEI Sneakers JR7032 wurden speziell f\u00fcr Taekwondo-Sportler entwickelt, sind aber vielseitig genug f\u00fcr eine Reihe anderer Sportarten. Sie sind der ideale Trainingspartner f\u00fcr H\u00f6chstleistungen.<\/p>\n<ul>\n<li><strong>Farbgebung:<\/strong> Silber Metallic\/Silber Metallic\/Gum<\/li>\n<li><strong>Artikelnummer:<\/strong> JR7032<\/li>\n<li><strong>Obermaterial:<\/strong> Leder<\/li>\n<li><strong>Farbe:<\/strong> Silber<\/li>\n<\/ul>\n","protected":false},"excerpt":{"rendered":"<p>adidas Taekwondo MEI \u201d\u201d Silver Metallic\/Silver Metallic\/Gum<\/p>\n","protected":false},"featured_media":50345,"comment_status":"open","ping_status":"closed","template":"","meta":[],"product_brand":[],"product_cat":[10941],"product_tag":[10759,10750,10751,10754,13385,10756,10758],"class_list":{"0":"post-50344","1":"product","2":"type-product","3":"status-publish","4":"has-post-thumbnail","6":"product_cat-adidas-women","7":"product_tag-adidas","8":"product_tag-athleisure-shoes","9":"product_tag-best-seller","10":"product_tag-lifestyle-casual-shoes","11":"product_tag-lifestyle-shoes-martial-arts-inspired","12":"product_tag-retro-casual-shoes","13":"product_tag-under-retail","14":"wcpa_has_options","16":"first","17":"outofstock","18":"taxable","19":"shipping-taxable","20":"purchasable","21":"product-type-simple"},"wcpa_form_fields":{"rules":{"pric_overide_base_price":false,"pric_overide_base_price_if_gt_zero":false,"pric_overide_base_price_fully":false,"pric_cal_option_once":false,"pric_use_as_fee":false,"bind_quantity":false,"quantity_bind_formula":false},"fields":[{"type":"color-group","required":true,"elementId":"wcpa-color-group-66c4a7f817afe","label":"Gr\u00f6\u00dfe","inline":true,"priceOptions":"different_for_all","pricingType":"fixed","className":"hassizechart product-shoes-size-eu product-shoes-size","name":"color-group-66c4a7f817b18","disp_type":"square","selection_type":"tick-border","disp_size":"50","show_label_inside":true,"adjust_width":true,"cart_display_type":"text","other_text":"Other","cl_rule":"show","col":6,"values":[{"label":"35","value":"EU 35","price":"","pimage":"","pimage_id":"","pthumb":"","color":""},{"label":"35.5","value":"EU 35.5","price":"","pimage":"","pimage_id":"","pthumb":"","color":""},{"label":"36","value":"EU 36","price":"","pimage":"","pimage_id":"","pthumb":"","color":"","selected":true},{"label":"36 2\/3","value":"EU 36 2\/3","price":"","pimage":"","pimage_id":"","pthumb":"","color":""},{"label":"37 1\/3","value":"EU 37 1\/3","price":"","pimage":"","pimage_id":"","pthumb":"","color":""},{"label":"38","value":"EU 38","price":"","pimage":"","pimage_id":"","pthumb":"","color":""},{"label":"38 2\/3","value":"EU 38 2\/3","price":"","pimage":"","pimage_id":"","pthumb":"","color":""},{"label":"39 1\/3","value":"EU 39 1\/3","price":"","pimage":"","pimage_id":"","pthumb":"","color":""},{"label":"40","value":"EU 40","price":"","pimage":"","pimage_id":"","pthumb":"","color":""},{"label":"40 2\/3","value":"EU 40 2\/3","price":"","pimage":"","pimage_id":"","pthumb":"","color":""},{"label":"41 1\/3","value":"EU 41 1\/3","price":"","pimage":"","pimage_id":"","pthumb":"","color":""},{"label":"42","value":"EU 42","price":"","pimage":"","pimage_id":"","pthumb":"","color":""},{"label":"42 2\/3","value":"EU 42 2\/3","price":"","pimage":"","pimage_id":"","pthumb":"","color":""},{"label":"43 1\/3","value":"EU 43 1\/3","price":"","pimage":"","pimage_id":"","pthumb":"","color":""},{"label":"44","value":"EU 44","price":"","pimage":"","pimage_id":"","pthumb":"","color":""},{"label":"44 2\/3","value":"EU 44 2\/3","price":"","pimage":"","pimage_id":"","pthumb":"","color":""},{"label":"45 1\/3","value":"EU 45 1\/3","price":"","pimage":"","pimage_id":"","pthumb":"","color":""},{"label":"46","value":"EU 46","price":"","pimage":"","pimage_id":"","pthumb":"","color":""},{"label":"46 2\/3","value":"EU 46 2\/3","price":"","pimage":"","pimage_id":"","pthumb":"","color":""},{"label":"47 1\/3","value":"EU 47 1\/3","price":"","pimage":"","pimage_id":"","pthumb":"","color":""}],"relations":[{"operator":false,"rules":[]}],"form_id":24802,"form_rules":{"pric_cal_option_once":false,"exclude_from_discount":false,"pric_use_as_fee":false,"fee_label":"Fee","render_after_acb":false,"disp_hide_options_price":false}}]},"yoast_head":"<!-- This site is optimized with the Yoast SEO plugin v26.5 - https:\/\/yoast.com\/wordpress\/plugins\/seo\/ -->\n<title>(Women) adidas Taekwondo Mei Ballet &#039;Silver Metallic&#039;  - Tourcruiser PTE. LTD<\/title>\n<meta name=\"robots\" content=\"index, follow, max-snippet:-1, max-image-preview:large, max-video-preview:-1\" \/>\n<link rel=\"canonical\" href=\"https:\/\/tourcruiser.com\/\" \/>\n<meta property=\"og:locale\" content=\"de_DE\" \/>\n<meta property=\"og:type\" content=\"article\" \/>\n<meta property=\"og:title\" content=\"(Women) adidas Taekwondo Mei Ballet &#039;Silver Metallic&#039;  - Tourcruiser PTE. LTD\" \/>\n<meta property=\"og:description\" content=\"adidas Taekwondo MEI \u201d\u201d Silver Metallic\/Silver Metallic\/Gum\" \/>\n<meta property=\"og:url\" content=\"\/\" \/>\n<meta property=\"og:site_name\" content=\"Tourcruiser Sneaker Store\" \/>\n<meta property=\"article:modified_time\" content=\"2026-03-27T17:57:57+00:00\" \/>\n<meta name=\"twitter:card\" content=\"summary_large_image\" \/>\n<meta name=\"twitter:image\" content=\"https:\/\/images.novelship.com\/product\/_w__taekwondo_mei_sneakers_jr7032_0_85226.jpeg;https:\/\/images.novelship.com\/product\/_w__taekwondo_mei_sneakers_jr7032_1_85226.jpeg;https:\/\/images.novelship.com\/product\/_w__taekwondo_mei_sneakers_jr7032_2_85226.jpeg;https:\/\/images.novelship.com\/product\/_w__taekwondo_mei_sneakers_jr7032_3_85226.jpeg;https:\/\/images.novelship.com\/product\/_w__taekwondo_mei_sneakers_jr7032_4_85226.jpeg;https:\/\/images.novelship.com\/product\/_w__taekwondo_mei_sneakers_jr7032_5_85226.jpeg;https:\/\/images.novelship.com\/product\/_w__taekwondo_mei_sneakers_jr7032_6_85226.jpeg;https:\/\/images.novelship.com\/product\/_w__taekwondo_mei_sneakers_jr7032_7_85226.jpeg;https:\/\/images.novelship.com\/product\/_w__taekwondo_mei_sneakers_jr7032_8_85226.jpeg;https:\/\/images.novelship.com\/product\/_w__taekwondo_mei_sneakers_jr7032_9_85226.jpeg\" \/>\n<meta name=\"twitter:label1\" content=\"Gesch\u00e4tzte Lesezeit\" \/>\n\t<meta name=\"twitter:data1\" content=\"1\u00a0Minute\" \/>\n<script type=\"application\/ld+json\" class=\"yoast-schema-graph\">{\"@context\":\"https:\/\/schema.org\",\"@graph\":[{\"@type\":\"WebPage\",\"@id\":\"\/\",\"url\":\"https:\/\/tourcruiser.com\/\",\"name\":\"(Women) adidas Taekwondo Mei Ballet 'Silver Metallic' - Tourcruiser PTE. LTD\",\"isPartOf\":{\"@id\":\"https:\/\/tourcruiser.com\/de\/#website\"},\"primaryImageOfPage\":{\"@id\":\"https:\/\/tourcruiser.com\/#primaryimage\"},\"image\":{\"@id\":\"https:\/\/tourcruiser.com\/#primaryimage\"},\"thumbnailUrl\":\"https:\/\/images.novelship.com\/product\/_w__taekwondo_mei_sneakers_jr7032_0_85226.jpeg;https:\/\/images.novelship.com\/product\/_w__taekwondo_mei_sneakers_jr7032_1_85226.jpeg;https:\/\/images.novelship.com\/product\/_w__taekwondo_mei_sneakers_jr7032_2_85226.jpeg;https:\/\/images.novelship.com\/product\/_w__taekwondo_mei_sneakers_jr7032_3_85226.jpeg;https:\/\/images.novelship.com\/product\/_w__taekwondo_mei_sneakers_jr7032_4_85226.jpeg;https:\/\/images.novelship.com\/product\/_w__taekwondo_mei_sneakers_jr7032_5_85226.jpeg;https:\/\/images.novelship.com\/product\/_w__taekwondo_mei_sneakers_jr7032_6_85226.jpeg;https:\/\/images.novelship.com\/product\/_w__taekwondo_mei_sneakers_jr7032_7_85226.jpeg;https:\/\/images.novelship.com\/product\/_w__taekwondo_mei_sneakers_jr7032_8_85226.jpeg;https:\/\/images.novelship.com\/product\/_w__taekwondo_mei_sneakers_jr7032_9_85226.jpeg\",\"datePublished\":\"2026-03-02T08:08:29+00:00\",\"dateModified\":\"2026-03-27T17:57:57+00:00\",\"breadcrumb\":{\"@id\":\"https:\/\/tourcruiser.com\/#breadcrumb\"},\"inLanguage\":\"de\",\"potentialAction\":[{\"@type\":\"ReadAction\",\"target\":[\"https:\/\/tourcruiser.com\/\"]}]},{\"@type\":\"ImageObject\",\"inLanguage\":\"de\",\"@id\":\"https:\/\/tourcruiser.com\/#primaryimage\",\"url\":\"https:\/\/images.novelship.com\/product\/_w__taekwondo_mei_sneakers_jr7032_0_85226.jpeg;https:\/\/images.novelship.com\/product\/_w__taekwondo_mei_sneakers_jr7032_1_85226.jpeg;https:\/\/images.novelship.com\/product\/_w__taekwondo_mei_sneakers_jr7032_2_85226.jpeg;https:\/\/images.novelship.com\/product\/_w__taekwondo_mei_sneakers_jr7032_3_85226.jpeg;https:\/\/images.novelship.com\/product\/_w__taekwondo_mei_sneakers_jr7032_4_85226.jpeg;https:\/\/images.novelship.com\/product\/_w__taekwondo_mei_sneakers_jr7032_5_85226.jpeg;https:\/\/images.novelship.com\/product\/_w__taekwondo_mei_sneakers_jr7032_6_85226.jpeg;https:\/\/images.novelship.com\/product\/_w__taekwondo_mei_sneakers_jr7032_7_85226.jpeg;https:\/\/images.novelship.com\/product\/_w__taekwondo_mei_sneakers_jr7032_8_85226.jpeg;https:\/\/images.novelship.com\/product\/_w__taekwondo_mei_sneakers_jr7032_9_85226.jpeg\",\"contentUrl\":\"https:\/\/images.novelship.com\/product\/_w__taekwondo_mei_sneakers_jr7032_0_85226.jpeg;https:\/\/images.novelship.com\/product\/_w__taekwondo_mei_sneakers_jr7032_1_85226.jpeg;https:\/\/images.novelship.com\/product\/_w__taekwondo_mei_sneakers_jr7032_2_85226.jpeg;https:\/\/images.novelship.com\/product\/_w__taekwondo_mei_sneakers_jr7032_3_85226.jpeg;https:\/\/images.novelship.com\/product\/_w__taekwondo_mei_sneakers_jr7032_4_85226.jpeg;https:\/\/images.novelship.com\/product\/_w__taekwondo_mei_sneakers_jr7032_5_85226.jpeg;https:\/\/images.novelship.com\/product\/_w__taekwondo_mei_sneakers_jr7032_6_85226.jpeg;https:\/\/images.novelship.com\/product\/_w__taekwondo_mei_sneakers_jr7032_7_85226.jpeg;https:\/\/images.novelship.com\/product\/_w__taekwondo_mei_sneakers_jr7032_8_85226.jpeg;https:\/\/images.novelship.com\/product\/_w__taekwondo_mei_sneakers_jr7032_9_85226.jpeg\"},{\"@type\":\"BreadcrumbList\",\"@id\":\"https:\/\/tourcruiser.com\/#breadcrumb\",\"itemListElement\":[{\"@type\":\"ListItem\",\"position\":1,\"name\":\"Home\",\"item\":\"https:\/\/tourcruiser.com\/de\/\"},{\"@type\":\"ListItem\",\"position\":2,\"name\":\"Shop\",\"item\":\"https:\/\/tourcruiser.com\/de\/shop\/\"},{\"@type\":\"ListItem\",\"position\":3,\"name\":\"(Women) adidas Taekwondo Mei Ballet &#8218;Silver Metallic&#8216;\"}]},{\"@type\":\"WebSite\",\"@id\":\"https:\/\/tourcruiser.com\/de\/#website\",\"url\":\"https:\/\/tourcruiser.com\/de\/\",\"name\":\"Styloral Jewelry Shop\",\"description\":\"Tourcruiser Sneaker Store \u2014 der Ort, an dem das Universum deine Einzigartigkeit trifft.\",\"publisher\":{\"@id\":\"https:\/\/tourcruiser.com\/de\/#organization\"},\"potentialAction\":[{\"@type\":\"SearchAction\",\"target\":{\"@type\":\"EntryPoint\",\"urlTemplate\":\"https:\/\/tourcruiser.com\/de\/?s={search_term_string}\"},\"query-input\":{\"@type\":\"PropertyValueSpecification\",\"valueRequired\":true,\"valueName\":\"search_term_string\"}}],\"inLanguage\":\"de\"},{\"@type\":\"Organization\",\"@id\":\"https:\/\/tourcruiser.com\/de\/#organization\",\"name\":\"STYLORAL PTE. LTD\",\"url\":\"https:\/\/tourcruiser.com\/de\/\",\"logo\":{\"@type\":\"ImageObject\",\"inLanguage\":\"de\",\"@id\":\"https:\/\/tourcruiser.com\/de\/#\/schema\/logo\/image\/\",\"url\":\"https:\/\/www.tourcruiser.com\/wp-content\/uploads\/2025\/12\/logo.png\",\"contentUrl\":\"https:\/\/www.tourcruiser.com\/wp-content\/uploads\/2025\/12\/logo.png\",\"width\":200,\"height\":65,\"caption\":\"STYLORAL PTE. LTD\"},\"image\":{\"@id\":\"https:\/\/tourcruiser.com\/de\/#\/schema\/logo\/image\/\"}}]}<\/script>\n<!-- \/ Yoast SEO plugin. -->","yoast_head_json":{"title":"(Women) adidas Taekwondo Mei Ballet 'Silver Metallic'  - Tourcruiser PTE. LTD","robots":{"index":"index","follow":"follow","max-snippet":"max-snippet:-1","max-image-preview":"max-image-preview:large","max-video-preview":"max-video-preview:-1"},"canonical":"https:\/\/tourcruiser.com\/","og_locale":"de_DE","og_type":"article","og_title":"(Women) adidas Taekwondo Mei Ballet 'Silver Metallic'  - Tourcruiser PTE. LTD","og_description":"adidas Taekwondo MEI \u201d\u201d Silver Metallic\/Silver Metallic\/Gum","og_url":"\/","og_site_name":"Tourcruiser Sneaker Store","article_modified_time":"2026-03-27T17:57:57+00:00","twitter_card":"summary_large_image","twitter_image":"https:\/\/images.novelship.com\/product\/_w__taekwondo_mei_sneakers_jr7032_0_85226.jpeg;https:\/\/images.novelship.com\/product\/_w__taekwondo_mei_sneakers_jr7032_1_85226.jpeg;https:\/\/images.novelship.com\/product\/_w__taekwondo_mei_sneakers_jr7032_2_85226.jpeg;https:\/\/images.novelship.com\/product\/_w__taekwondo_mei_sneakers_jr7032_3_85226.jpeg;https:\/\/images.novelship.com\/product\/_w__taekwondo_mei_sneakers_jr7032_4_85226.jpeg;https:\/\/images.novelship.com\/product\/_w__taekwondo_mei_sneakers_jr7032_5_85226.jpeg;https:\/\/images.novelship.com\/product\/_w__taekwondo_mei_sneakers_jr7032_6_85226.jpeg;https:\/\/images.novelship.com\/product\/_w__taekwondo_mei_sneakers_jr7032_7_85226.jpeg;https:\/\/images.novelship.com\/product\/_w__taekwondo_mei_sneakers_jr7032_8_85226.jpeg;https:\/\/images.novelship.com\/product\/_w__taekwondo_mei_sneakers_jr7032_9_85226.jpeg","twitter_misc":{"Gesch\u00e4tzte Lesezeit":"1\u00a0Minute"},"schema":{"@context":"https:\/\/schema.org","@graph":[{"@type":"WebPage","@id":"\/","url":"https:\/\/tourcruiser.com\/","name":"(Women) adidas Taekwondo Mei Ballet 'Silver Metallic' - Tourcruiser PTE. LTD","isPartOf":{"@id":"https:\/\/tourcruiser.com\/de\/#website"},"primaryImageOfPage":{"@id":"https:\/\/tourcruiser.com\/#primaryimage"},"image":{"@id":"https:\/\/tourcruiser.com\/#primaryimage"},"thumbnailUrl":"https:\/\/images.novelship.com\/product\/_w__taekwondo_mei_sneakers_jr7032_0_85226.jpeg;https:\/\/images.novelship.com\/product\/_w__taekwondo_mei_sneakers_jr7032_1_85226.jpeg;https:\/\/images.novelship.com\/product\/_w__taekwondo_mei_sneakers_jr7032_2_85226.jpeg;https:\/\/images.novelship.com\/product\/_w__taekwondo_mei_sneakers_jr7032_3_85226.jpeg;https:\/\/images.novelship.com\/product\/_w__taekwondo_mei_sneakers_jr7032_4_85226.jpeg;https:\/\/images.novelship.com\/product\/_w__taekwondo_mei_sneakers_jr7032_5_85226.jpeg;https:\/\/images.novelship.com\/product\/_w__taekwondo_mei_sneakers_jr7032_6_85226.jpeg;https:\/\/images.novelship.com\/product\/_w__taekwondo_mei_sneakers_jr7032_7_85226.jpeg;https:\/\/images.novelship.com\/product\/_w__taekwondo_mei_sneakers_jr7032_8_85226.jpeg;https:\/\/images.novelship.com\/product\/_w__taekwondo_mei_sneakers_jr7032_9_85226.jpeg","datePublished":"2026-03-02T08:08:29+00:00","dateModified":"2026-03-27T17:57:57+00:00","breadcrumb":{"@id":"https:\/\/tourcruiser.com\/#breadcrumb"},"inLanguage":"de","potentialAction":[{"@type":"ReadAction","target":["https:\/\/tourcruiser.com\/"]}]},{"@type":"ImageObject","inLanguage":"de","@id":"https:\/\/tourcruiser.com\/#primaryimage","url":"https:\/\/images.novelship.com\/product\/_w__taekwondo_mei_sneakers_jr7032_0_85226.jpeg;https:\/\/images.novelship.com\/product\/_w__taekwondo_mei_sneakers_jr7032_1_85226.jpeg;https:\/\/images.novelship.com\/product\/_w__taekwondo_mei_sneakers_jr7032_2_85226.jpeg;https:\/\/images.novelship.com\/product\/_w__taekwondo_mei_sneakers_jr7032_3_85226.jpeg;https:\/\/images.novelship.com\/product\/_w__taekwondo_mei_sneakers_jr7032_4_85226.jpeg;https:\/\/images.novelship.com\/product\/_w__taekwondo_mei_sneakers_jr7032_5_85226.jpeg;https:\/\/images.novelship.com\/product\/_w__taekwondo_mei_sneakers_jr7032_6_85226.jpeg;https:\/\/images.novelship.com\/product\/_w__taekwondo_mei_sneakers_jr7032_7_85226.jpeg;https:\/\/images.novelship.com\/product\/_w__taekwondo_mei_sneakers_jr7032_8_85226.jpeg;https:\/\/images.novelship.com\/product\/_w__taekwondo_mei_sneakers_jr7032_9_85226.jpeg","contentUrl":"https:\/\/images.novelship.com\/product\/_w__taekwondo_mei_sneakers_jr7032_0_85226.jpeg;https:\/\/images.novelship.com\/product\/_w__taekwondo_mei_sneakers_jr7032_1_85226.jpeg;https:\/\/images.novelship.com\/product\/_w__taekwondo_mei_sneakers_jr7032_2_85226.jpeg;https:\/\/images.novelship.com\/product\/_w__taekwondo_mei_sneakers_jr7032_3_85226.jpeg;https:\/\/images.novelship.com\/product\/_w__taekwondo_mei_sneakers_jr7032_4_85226.jpeg;https:\/\/images.novelship.com\/product\/_w__taekwondo_mei_sneakers_jr7032_5_85226.jpeg;https:\/\/images.novelship.com\/product\/_w__taekwondo_mei_sneakers_jr7032_6_85226.jpeg;https:\/\/images.novelship.com\/product\/_w__taekwondo_mei_sneakers_jr7032_7_85226.jpeg;https:\/\/images.novelship.com\/product\/_w__taekwondo_mei_sneakers_jr7032_8_85226.jpeg;https:\/\/images.novelship.com\/product\/_w__taekwondo_mei_sneakers_jr7032_9_85226.jpeg"},{"@type":"BreadcrumbList","@id":"https:\/\/tourcruiser.com\/#breadcrumb","itemListElement":[{"@type":"ListItem","position":1,"name":"Home","item":"https:\/\/tourcruiser.com\/de\/"},{"@type":"ListItem","position":2,"name":"Shop","item":"https:\/\/tourcruiser.com\/de\/shop\/"},{"@type":"ListItem","position":3,"name":"(Women) adidas Taekwondo Mei Ballet &#8218;Silver Metallic&#8216;"}]},{"@type":"WebSite","@id":"https:\/\/tourcruiser.com\/de\/#website","url":"https:\/\/tourcruiser.com\/de\/","name":"Styloral Jewelry Shop","description":"Tourcruiser Sneaker Store \u2014 der Ort, an dem das Universum deine Einzigartigkeit trifft.","publisher":{"@id":"https:\/\/tourcruiser.com\/de\/#organization"},"potentialAction":[{"@type":"SearchAction","target":{"@type":"EntryPoint","urlTemplate":"https:\/\/tourcruiser.com\/de\/?s={search_term_string}"},"query-input":{"@type":"PropertyValueSpecification","valueRequired":true,"valueName":"search_term_string"}}],"inLanguage":"de"},{"@type":"Organization","@id":"https:\/\/tourcruiser.com\/de\/#organization","name":"STYLORAL PTE. LTD","url":"https:\/\/tourcruiser.com\/de\/","logo":{"@type":"ImageObject","inLanguage":"de","@id":"https:\/\/tourcruiser.com\/de\/#\/schema\/logo\/image\/","url":"https:\/\/www.tourcruiser.com\/wp-content\/uploads\/2025\/12\/logo.png","contentUrl":"https:\/\/www.tourcruiser.com\/wp-content\/uploads\/2025\/12\/logo.png","width":200,"height":65,"caption":"STYLORAL PTE. LTD"},"image":{"@id":"https:\/\/tourcruiser.com\/de\/#\/schema\/logo\/image\/"}}]}},"_links":{"self":[{"href":"https:\/\/tourcruiser.com\/de\/wp-json\/wp\/v2\/product\/50344","targetHints":{"allow":["GET"]}}],"collection":[{"href":"https:\/\/tourcruiser.com\/de\/wp-json\/wp\/v2\/product"}],"about":[{"href":"https:\/\/tourcruiser.com\/de\/wp-json\/wp\/v2\/types\/product"}],"replies":[{"embeddable":true,"href":"https:\/\/tourcruiser.com\/de\/wp-json\/wp\/v2\/comments?post=50344"}],"wp:featuredmedia":[{"embeddable":true,"href":"https:\/\/tourcruiser.com\/de\/wp-json\/wp\/v2\/media\/50345"}],"wp:attachment":[{"href":"https:\/\/tourcruiser.com\/de\/wp-json\/wp\/v2\/media?parent=50344"}],"wp:term":[{"taxonomy":"product_brand","embeddable":true,"href":"https:\/\/tourcruiser.com\/de\/wp-json\/wp\/v2\/product_brand?post=50344"},{"taxonomy":"product_cat","embeddable":true,"href":"https:\/\/tourcruiser.com\/de\/wp-json\/wp\/v2\/product_cat?post=50344"},{"taxonomy":"product_tag","embeddable":true,"href":"https:\/\/tourcruiser.com\/de\/wp-json\/wp\/v2\/product_tag?post=50344"}],"curies":[{"name":"wp","href":"https:\/\/api.w.org\/{rel}","templated":true}]}}