{"id":48918,"date":"2026-03-02T15:06:31","date_gmt":"2026-03-02T08:06:31","guid":{"rendered":"http:\/\/tourcruiser.com\/product\/adidas-r71-grey-two"},"modified":"2026-03-28T00:56:44","modified_gmt":"2026-03-27T17:56:44","slug":"adidas-r71-grey-two","status":"publish","type":"product","link":"https:\/\/tourcruiser.com\/de\/products\/adidas-r71-grey-two\/","title":{"rendered":"adidas R71 &#8218;Grey Two&#8216;"},"content":{"rendered":"<p>Mit dem adidas R71 &#8218;Grey Two&#8216; IH1322, einer eleganten Fusion aus modernem Design und Retro-\u00c4sthetik, verleihst du deinem Streetwear-Look das gewisse Etwas. Dieser Sneaker vereint Style und Komfort perfekt und besticht durch seine schlanke Silhouette und die neutrale graue Farbgebung, die sich m\u00fchelos in jedes Outfit integrieren l\u00e4sst.<\/p>\n<p>Das Obermaterial aus hochwertigen Materialien kombiniert strapazierf\u00e4higes Mesh und synthetische Overlays f\u00fcr Atmungsaktivit\u00e4t und Halt und ist somit ideal f\u00fcr den Alltag. Die leichte EVA-Zwischensohle bietet hervorragende D\u00e4mpfung, w\u00e4hrend die charakteristische adidas Gummiau\u00dfensohle f\u00fcr unschlagbare Traktion und Stabilit\u00e4t sorgt. Mit seinem dezenten Branding und minimalistischen Charme setzt dieser Schuh ein klares Statement, ohne dabei aufdringlich zu wirken.<\/p>\n<p>Ob aktiver Lifestyle oder entspannte Stadttouren \u201d\u201c der R71 &#8218;Grey Two&#8216; ist vielseitig genug f\u00fcr jeden Anlass. Die innovative Kombination aus Komfort und trendigem Design garantiert dir modische Highlights und unvergleichlichen Tragekomfort bei jedem Schritt.<\/p>\n<p>Egal ob beim Joggen, im Fitnessstudio oder beim Treffen mit Freunden \u201d\u201c der adidas R71 \u201eGrey Two\u201c IH1322 ist der perfekte Schuh f\u00fcr unvergleichlichen Style und optimale Performance. Hol dir dieses zeitlose Meisterwerk, mit dem du dich rundum wohlf\u00fchlst und gut aussiehst.<\/p>\n<ul>\n<li><strong>Farbgebung:<\/strong> Grau\/Blau\/Gum<\/li>\n<li><strong>Style-Code:<\/strong> IH1322<\/li>\n<li><strong>Farbe:<\/strong> Grau<\/li>\n<\/ul>\n","protected":false},"excerpt":{"rendered":"<p>adidas R 71 \u201d\u201d Grey\/Blue\/Gum<\/p>\n","protected":false},"featured_media":48919,"comment_status":"open","ping_status":"closed","template":"","meta":[],"product_brand":[],"product_cat":[10760],"product_tag":[10759,10753,10754,10765,10768,10758],"class_list":{"0":"post-48918","1":"product","2":"type-product","3":"status-publish","4":"has-post-thumbnail","6":"product_cat-adidas","7":"product_tag-adidas","8":"product_tag-gift-for-him","9":"product_tag-lifestyle-casual-shoes","10":"product_tag-lifestyle-shoes-running-inspired","11":"product_tag-retro-running-shoes","12":"product_tag-under-retail","13":"wcpa_has_options","15":"first","16":"outofstock","17":"taxable","18":"shipping-taxable","19":"purchasable","20":"product-type-simple"},"wcpa_form_fields":{"rules":{"pric_overide_base_price":false,"pric_overide_base_price_if_gt_zero":false,"pric_overide_base_price_fully":false,"pric_cal_option_once":false,"pric_use_as_fee":false,"bind_quantity":false,"quantity_bind_formula":false},"fields":[{"type":"color-group","required":true,"elementId":"wcpa-color-group-66c4a7f817afe","label":"Gr\u00f6\u00dfe","inline":true,"priceOptions":"different_for_all","pricingType":"fixed","className":"hassizechart product-shoes-size-eu product-shoes-size","name":"color-group-66c4a7f817b18","disp_type":"square","selection_type":"tick-border","disp_size":"50","show_label_inside":true,"adjust_width":true,"cart_display_type":"text","other_text":"Other","cl_rule":"show","col":6,"values":[{"label":"35","value":"EU 35","price":"","pimage":"","pimage_id":"","pthumb":"","color":""},{"label":"35.5","value":"EU 35.5","price":"","pimage":"","pimage_id":"","pthumb":"","color":""},{"label":"36","value":"EU 36","price":"","pimage":"","pimage_id":"","pthumb":"","color":"","selected":true},{"label":"36 2\/3","value":"EU 36 2\/3","price":"","pimage":"","pimage_id":"","pthumb":"","color":""},{"label":"37 1\/3","value":"EU 37 1\/3","price":"","pimage":"","pimage_id":"","pthumb":"","color":""},{"label":"38","value":"EU 38","price":"","pimage":"","pimage_id":"","pthumb":"","color":""},{"label":"38 2\/3","value":"EU 38 2\/3","price":"","pimage":"","pimage_id":"","pthumb":"","color":""},{"label":"39 1\/3","value":"EU 39 1\/3","price":"","pimage":"","pimage_id":"","pthumb":"","color":""},{"label":"40","value":"EU 40","price":"","pimage":"","pimage_id":"","pthumb":"","color":""},{"label":"40 2\/3","value":"EU 40 2\/3","price":"","pimage":"","pimage_id":"","pthumb":"","color":""},{"label":"41 1\/3","value":"EU 41 1\/3","price":"","pimage":"","pimage_id":"","pthumb":"","color":""},{"label":"42","value":"EU 42","price":"","pimage":"","pimage_id":"","pthumb":"","color":""},{"label":"42 2\/3","value":"EU 42 2\/3","price":"","pimage":"","pimage_id":"","pthumb":"","color":""},{"label":"43 1\/3","value":"EU 43 1\/3","price":"","pimage":"","pimage_id":"","pthumb":"","color":""},{"label":"44","value":"EU 44","price":"","pimage":"","pimage_id":"","pthumb":"","color":""},{"label":"44 2\/3","value":"EU 44 2\/3","price":"","pimage":"","pimage_id":"","pthumb":"","color":""},{"label":"45 1\/3","value":"EU 45 1\/3","price":"","pimage":"","pimage_id":"","pthumb":"","color":""},{"label":"46","value":"EU 46","price":"","pimage":"","pimage_id":"","pthumb":"","color":""},{"label":"46 2\/3","value":"EU 46 2\/3","price":"","pimage":"","pimage_id":"","pthumb":"","color":""},{"label":"47 1\/3","value":"EU 47 1\/3","price":"","pimage":"","pimage_id":"","pthumb":"","color":""}],"relations":[{"operator":false,"rules":[]}],"form_id":24802,"form_rules":{"pric_cal_option_once":false,"exclude_from_discount":false,"pric_use_as_fee":false,"fee_label":"Fee","render_after_acb":false,"disp_hide_options_price":false}}]},"yoast_head":"<!-- This site is optimized with the Yoast SEO plugin v26.5 - https:\/\/yoast.com\/wordpress\/plugins\/seo\/ -->\n<title>adidas R71 &#039;Grey Two&#039;  - Tourcruiser PTE. LTD<\/title>\n<meta name=\"robots\" content=\"index, follow, max-snippet:-1, max-image-preview:large, max-video-preview:-1\" \/>\n<link rel=\"canonical\" href=\"https:\/\/tourcruiser.com\/de\/products\/adidas-r71-grey-two\/\" \/>\n<meta property=\"og:locale\" content=\"de_DE\" \/>\n<meta property=\"og:type\" content=\"article\" \/>\n<meta property=\"og:title\" content=\"adidas R71 &#039;Grey Two&#039;  - Tourcruiser PTE. LTD\" \/>\n<meta property=\"og:description\" content=\"adidas R 71 \u201d\u201d Grey\/Blue\/Gum\" \/>\n<meta property=\"og:url\" content=\"https:\/\/tourcruiser.com\/de\/products\/adidas-r71-grey-two\/\" \/>\n<meta property=\"og:site_name\" content=\"Tourcruiser Sneaker Store\" \/>\n<meta property=\"article:modified_time\" content=\"2026-03-27T17:56:44+00:00\" \/>\n<meta name=\"twitter:card\" content=\"summary_large_image\" \/>\n<meta name=\"twitter:image\" content=\"https:\/\/images.novelship.com\/product\/adidas_r71__grey_two__ih1322_0_95946.jpeg;https:\/\/images.novelship.com\/product\/adidas_r71__grey_two__ih1322_1_95946.jpeg;https:\/\/images.novelship.com\/product\/adidas_r71__grey_two__ih1322_2_95946.jpeg;https:\/\/images.novelship.com\/product\/adidas_r71__grey_two__ih1322_3_95946.jpeg;https:\/\/images.novelship.com\/product\/adidas_r71__grey_two__ih1322_4_95947.jpeg;https:\/\/images.novelship.com\/product\/adidas_r71__grey_two__ih1322_5_95947.jpeg;https:\/\/images.novelship.com\/product\/adidas_r71__grey_two__ih1322_6_95947.jpeg;https:\/\/images.novelship.com\/product\/adidas_r71__grey_two__ih1322_7_95947.jpeg\" \/>\n<meta name=\"twitter:label1\" content=\"Gesch\u00e4tzte Lesezeit\" \/>\n\t<meta name=\"twitter:data1\" content=\"1\u00a0Minute\" \/>\n<script type=\"application\/ld+json\" class=\"yoast-schema-graph\">{\"@context\":\"https:\/\/schema.org\",\"@graph\":[{\"@type\":\"WebPage\",\"@id\":\"https:\/\/tourcruiser.com\/de\/products\/adidas-r71-grey-two\/\",\"url\":\"https:\/\/tourcruiser.com\/de\/products\/adidas-r71-grey-two\/\",\"name\":\"adidas R71 'Grey Two' - Tourcruiser PTE. LTD\",\"isPartOf\":{\"@id\":\"https:\/\/tourcruiser.com\/de\/#website\"},\"primaryImageOfPage\":{\"@id\":\"https:\/\/tourcruiser.com\/de\/products\/adidas-r71-grey-two\/#primaryimage\"},\"image\":{\"@id\":\"https:\/\/tourcruiser.com\/de\/products\/adidas-r71-grey-two\/#primaryimage\"},\"thumbnailUrl\":\"https:\/\/images.novelship.com\/product\/adidas_r71__grey_two__ih1322_0_95946.jpeg;https:\/\/images.novelship.com\/product\/adidas_r71__grey_two__ih1322_1_95946.jpeg;https:\/\/images.novelship.com\/product\/adidas_r71__grey_two__ih1322_2_95946.jpeg;https:\/\/images.novelship.com\/product\/adidas_r71__grey_two__ih1322_3_95946.jpeg;https:\/\/images.novelship.com\/product\/adidas_r71__grey_two__ih1322_4_95947.jpeg;https:\/\/images.novelship.com\/product\/adidas_r71__grey_two__ih1322_5_95947.jpeg;https:\/\/images.novelship.com\/product\/adidas_r71__grey_two__ih1322_6_95947.jpeg;https:\/\/images.novelship.com\/product\/adidas_r71__grey_two__ih1322_7_95947.jpeg\",\"datePublished\":\"2026-03-02T08:06:31+00:00\",\"dateModified\":\"2026-03-27T17:56:44+00:00\",\"breadcrumb\":{\"@id\":\"https:\/\/tourcruiser.com\/de\/products\/adidas-r71-grey-two\/#breadcrumb\"},\"inLanguage\":\"de\",\"potentialAction\":[{\"@type\":\"ReadAction\",\"target\":[\"https:\/\/tourcruiser.com\/de\/products\/adidas-r71-grey-two\/\"]}]},{\"@type\":\"ImageObject\",\"inLanguage\":\"de\",\"@id\":\"https:\/\/tourcruiser.com\/de\/products\/adidas-r71-grey-two\/#primaryimage\",\"url\":\"https:\/\/images.novelship.com\/product\/adidas_r71__grey_two__ih1322_0_95946.jpeg;https:\/\/images.novelship.com\/product\/adidas_r71__grey_two__ih1322_1_95946.jpeg;https:\/\/images.novelship.com\/product\/adidas_r71__grey_two__ih1322_2_95946.jpeg;https:\/\/images.novelship.com\/product\/adidas_r71__grey_two__ih1322_3_95946.jpeg;https:\/\/images.novelship.com\/product\/adidas_r71__grey_two__ih1322_4_95947.jpeg;https:\/\/images.novelship.com\/product\/adidas_r71__grey_two__ih1322_5_95947.jpeg;https:\/\/images.novelship.com\/product\/adidas_r71__grey_two__ih1322_6_95947.jpeg;https:\/\/images.novelship.com\/product\/adidas_r71__grey_two__ih1322_7_95947.jpeg\",\"contentUrl\":\"https:\/\/images.novelship.com\/product\/adidas_r71__grey_two__ih1322_0_95946.jpeg;https:\/\/images.novelship.com\/product\/adidas_r71__grey_two__ih1322_1_95946.jpeg;https:\/\/images.novelship.com\/product\/adidas_r71__grey_two__ih1322_2_95946.jpeg;https:\/\/images.novelship.com\/product\/adidas_r71__grey_two__ih1322_3_95946.jpeg;https:\/\/images.novelship.com\/product\/adidas_r71__grey_two__ih1322_4_95947.jpeg;https:\/\/images.novelship.com\/product\/adidas_r71__grey_two__ih1322_5_95947.jpeg;https:\/\/images.novelship.com\/product\/adidas_r71__grey_two__ih1322_6_95947.jpeg;https:\/\/images.novelship.com\/product\/adidas_r71__grey_two__ih1322_7_95947.jpeg\"},{\"@type\":\"BreadcrumbList\",\"@id\":\"https:\/\/tourcruiser.com\/de\/products\/adidas-r71-grey-two\/#breadcrumb\",\"itemListElement\":[{\"@type\":\"ListItem\",\"position\":1,\"name\":\"Home\",\"item\":\"https:\/\/tourcruiser.com\/de\/\"},{\"@type\":\"ListItem\",\"position\":2,\"name\":\"Shop\",\"item\":\"https:\/\/tourcruiser.com\/de\/shop\/\"},{\"@type\":\"ListItem\",\"position\":3,\"name\":\"adidas R71 'Grey Two'\"}]},{\"@type\":\"WebSite\",\"@id\":\"https:\/\/tourcruiser.com\/de\/#website\",\"url\":\"https:\/\/tourcruiser.com\/de\/\",\"name\":\"Styloral Jewelry Shop\",\"description\":\"Tourcruiser Sneaker Store \u2014 der Ort, an dem das Universum deine Einzigartigkeit trifft.\",\"publisher\":{\"@id\":\"https:\/\/tourcruiser.com\/de\/#organization\"},\"potentialAction\":[{\"@type\":\"SearchAction\",\"target\":{\"@type\":\"EntryPoint\",\"urlTemplate\":\"https:\/\/tourcruiser.com\/de\/?s={search_term_string}\"},\"query-input\":{\"@type\":\"PropertyValueSpecification\",\"valueRequired\":true,\"valueName\":\"search_term_string\"}}],\"inLanguage\":\"de\"},{\"@type\":\"Organization\",\"@id\":\"https:\/\/tourcruiser.com\/de\/#organization\",\"name\":\"STYLORAL PTE. LTD\",\"url\":\"https:\/\/tourcruiser.com\/de\/\",\"logo\":{\"@type\":\"ImageObject\",\"inLanguage\":\"de\",\"@id\":\"https:\/\/tourcruiser.com\/de\/#\/schema\/logo\/image\/\",\"url\":\"https:\/\/www.tourcruiser.com\/wp-content\/uploads\/2025\/12\/logo.png\",\"contentUrl\":\"https:\/\/www.tourcruiser.com\/wp-content\/uploads\/2025\/12\/logo.png\",\"width\":200,\"height\":65,\"caption\":\"STYLORAL PTE. LTD\"},\"image\":{\"@id\":\"https:\/\/tourcruiser.com\/de\/#\/schema\/logo\/image\/\"}}]}<\/script>\n<!-- \/ Yoast SEO plugin. -->","yoast_head_json":{"title":"adidas R71 'Grey Two'  - Tourcruiser PTE. LTD","robots":{"index":"index","follow":"follow","max-snippet":"max-snippet:-1","max-image-preview":"max-image-preview:large","max-video-preview":"max-video-preview:-1"},"canonical":"https:\/\/tourcruiser.com\/de\/products\/adidas-r71-grey-two\/","og_locale":"de_DE","og_type":"article","og_title":"adidas R71 'Grey Two'  - Tourcruiser PTE. LTD","og_description":"adidas R 71 \u201d\u201d Grey\/Blue\/Gum","og_url":"https:\/\/tourcruiser.com\/de\/products\/adidas-r71-grey-two\/","og_site_name":"Tourcruiser Sneaker Store","article_modified_time":"2026-03-27T17:56:44+00:00","twitter_card":"summary_large_image","twitter_image":"https:\/\/images.novelship.com\/product\/adidas_r71__grey_two__ih1322_0_95946.jpeg;https:\/\/images.novelship.com\/product\/adidas_r71__grey_two__ih1322_1_95946.jpeg;https:\/\/images.novelship.com\/product\/adidas_r71__grey_two__ih1322_2_95946.jpeg;https:\/\/images.novelship.com\/product\/adidas_r71__grey_two__ih1322_3_95946.jpeg;https:\/\/images.novelship.com\/product\/adidas_r71__grey_two__ih1322_4_95947.jpeg;https:\/\/images.novelship.com\/product\/adidas_r71__grey_two__ih1322_5_95947.jpeg;https:\/\/images.novelship.com\/product\/adidas_r71__grey_two__ih1322_6_95947.jpeg;https:\/\/images.novelship.com\/product\/adidas_r71__grey_two__ih1322_7_95947.jpeg","twitter_misc":{"Gesch\u00e4tzte Lesezeit":"1\u00a0Minute"},"schema":{"@context":"https:\/\/schema.org","@graph":[{"@type":"WebPage","@id":"https:\/\/tourcruiser.com\/de\/products\/adidas-r71-grey-two\/","url":"https:\/\/tourcruiser.com\/de\/products\/adidas-r71-grey-two\/","name":"adidas R71 'Grey Two' - Tourcruiser PTE. LTD","isPartOf":{"@id":"https:\/\/tourcruiser.com\/de\/#website"},"primaryImageOfPage":{"@id":"https:\/\/tourcruiser.com\/de\/products\/adidas-r71-grey-two\/#primaryimage"},"image":{"@id":"https:\/\/tourcruiser.com\/de\/products\/adidas-r71-grey-two\/#primaryimage"},"thumbnailUrl":"https:\/\/images.novelship.com\/product\/adidas_r71__grey_two__ih1322_0_95946.jpeg;https:\/\/images.novelship.com\/product\/adidas_r71__grey_two__ih1322_1_95946.jpeg;https:\/\/images.novelship.com\/product\/adidas_r71__grey_two__ih1322_2_95946.jpeg;https:\/\/images.novelship.com\/product\/adidas_r71__grey_two__ih1322_3_95946.jpeg;https:\/\/images.novelship.com\/product\/adidas_r71__grey_two__ih1322_4_95947.jpeg;https:\/\/images.novelship.com\/product\/adidas_r71__grey_two__ih1322_5_95947.jpeg;https:\/\/images.novelship.com\/product\/adidas_r71__grey_two__ih1322_6_95947.jpeg;https:\/\/images.novelship.com\/product\/adidas_r71__grey_two__ih1322_7_95947.jpeg","datePublished":"2026-03-02T08:06:31+00:00","dateModified":"2026-03-27T17:56:44+00:00","breadcrumb":{"@id":"https:\/\/tourcruiser.com\/de\/products\/adidas-r71-grey-two\/#breadcrumb"},"inLanguage":"de","potentialAction":[{"@type":"ReadAction","target":["https:\/\/tourcruiser.com\/de\/products\/adidas-r71-grey-two\/"]}]},{"@type":"ImageObject","inLanguage":"de","@id":"https:\/\/tourcruiser.com\/de\/products\/adidas-r71-grey-two\/#primaryimage","url":"https:\/\/images.novelship.com\/product\/adidas_r71__grey_two__ih1322_0_95946.jpeg;https:\/\/images.novelship.com\/product\/adidas_r71__grey_two__ih1322_1_95946.jpeg;https:\/\/images.novelship.com\/product\/adidas_r71__grey_two__ih1322_2_95946.jpeg;https:\/\/images.novelship.com\/product\/adidas_r71__grey_two__ih1322_3_95946.jpeg;https:\/\/images.novelship.com\/product\/adidas_r71__grey_two__ih1322_4_95947.jpeg;https:\/\/images.novelship.com\/product\/adidas_r71__grey_two__ih1322_5_95947.jpeg;https:\/\/images.novelship.com\/product\/adidas_r71__grey_two__ih1322_6_95947.jpeg;https:\/\/images.novelship.com\/product\/adidas_r71__grey_two__ih1322_7_95947.jpeg","contentUrl":"https:\/\/images.novelship.com\/product\/adidas_r71__grey_two__ih1322_0_95946.jpeg;https:\/\/images.novelship.com\/product\/adidas_r71__grey_two__ih1322_1_95946.jpeg;https:\/\/images.novelship.com\/product\/adidas_r71__grey_two__ih1322_2_95946.jpeg;https:\/\/images.novelship.com\/product\/adidas_r71__grey_two__ih1322_3_95946.jpeg;https:\/\/images.novelship.com\/product\/adidas_r71__grey_two__ih1322_4_95947.jpeg;https:\/\/images.novelship.com\/product\/adidas_r71__grey_two__ih1322_5_95947.jpeg;https:\/\/images.novelship.com\/product\/adidas_r71__grey_two__ih1322_6_95947.jpeg;https:\/\/images.novelship.com\/product\/adidas_r71__grey_two__ih1322_7_95947.jpeg"},{"@type":"BreadcrumbList","@id":"https:\/\/tourcruiser.com\/de\/products\/adidas-r71-grey-two\/#breadcrumb","itemListElement":[{"@type":"ListItem","position":1,"name":"Home","item":"https:\/\/tourcruiser.com\/de\/"},{"@type":"ListItem","position":2,"name":"Shop","item":"https:\/\/tourcruiser.com\/de\/shop\/"},{"@type":"ListItem","position":3,"name":"adidas R71 'Grey Two'"}]},{"@type":"WebSite","@id":"https:\/\/tourcruiser.com\/de\/#website","url":"https:\/\/tourcruiser.com\/de\/","name":"Styloral Jewelry Shop","description":"Tourcruiser Sneaker Store \u2014 der Ort, an dem das Universum deine Einzigartigkeit trifft.","publisher":{"@id":"https:\/\/tourcruiser.com\/de\/#organization"},"potentialAction":[{"@type":"SearchAction","target":{"@type":"EntryPoint","urlTemplate":"https:\/\/tourcruiser.com\/de\/?s={search_term_string}"},"query-input":{"@type":"PropertyValueSpecification","valueRequired":true,"valueName":"search_term_string"}}],"inLanguage":"de"},{"@type":"Organization","@id":"https:\/\/tourcruiser.com\/de\/#organization","name":"STYLORAL PTE. LTD","url":"https:\/\/tourcruiser.com\/de\/","logo":{"@type":"ImageObject","inLanguage":"de","@id":"https:\/\/tourcruiser.com\/de\/#\/schema\/logo\/image\/","url":"https:\/\/www.tourcruiser.com\/wp-content\/uploads\/2025\/12\/logo.png","contentUrl":"https:\/\/www.tourcruiser.com\/wp-content\/uploads\/2025\/12\/logo.png","width":200,"height":65,"caption":"STYLORAL PTE. LTD"},"image":{"@id":"https:\/\/tourcruiser.com\/de\/#\/schema\/logo\/image\/"}}]}},"_links":{"self":[{"href":"https:\/\/tourcruiser.com\/de\/wp-json\/wp\/v2\/product\/48918","targetHints":{"allow":["GET"]}}],"collection":[{"href":"https:\/\/tourcruiser.com\/de\/wp-json\/wp\/v2\/product"}],"about":[{"href":"https:\/\/tourcruiser.com\/de\/wp-json\/wp\/v2\/types\/product"}],"replies":[{"embeddable":true,"href":"https:\/\/tourcruiser.com\/de\/wp-json\/wp\/v2\/comments?post=48918"}],"wp:featuredmedia":[{"embeddable":true,"href":"https:\/\/tourcruiser.com\/de\/wp-json\/wp\/v2\/media\/48919"}],"wp:attachment":[{"href":"https:\/\/tourcruiser.com\/de\/wp-json\/wp\/v2\/media?parent=48918"}],"wp:term":[{"taxonomy":"product_brand","embeddable":true,"href":"https:\/\/tourcruiser.com\/de\/wp-json\/wp\/v2\/product_brand?post=48918"},{"taxonomy":"product_cat","embeddable":true,"href":"https:\/\/tourcruiser.com\/de\/wp-json\/wp\/v2\/product_cat?post=48918"},{"taxonomy":"product_tag","embeddable":true,"href":"https:\/\/tourcruiser.com\/de\/wp-json\/wp\/v2\/product_tag?post=48918"}],"curies":[{"name":"wp","href":"https:\/\/api.w.org\/{rel}","templated":true}]}}