{"id":48850,"date":"2026-03-02T15:06:24","date_gmt":"2026-03-02T08:06:24","guid":{"rendered":"http:\/\/tourcruiser.com\/product\/women-adidas-gazelle-bold-off-white-silver-metallic-green"},"modified":"2026-03-28T00:56:41","modified_gmt":"2026-03-27T17:56:41","slug":"women-adidas-gazelle-bold-off-white-silver-metallic-green","status":"publish","type":"product","link":"https:\/\/tourcruiser.com\/de\/products\/women-adidas-gazelle-bold-off-white-silver-metallic-green\/","title":{"rendered":"(Women) adidas Gazelle Bold &#8218;Off White Silver Metallic Green&#8216;"},"content":{"rendered":"<p>Mit dem Adidas Gazelle Bold JI0328, einer modernen Interpretation eines zeitlosen Klassikers, verleihst du deinem Sneaker-Style das gewisse Etwas. Das klare und ikonische Design des Gazelle erh\u00e4lt durch die dezent erh\u00f6hte Plateausohle ein markantes Upgrade, das Style und H\u00f6he vereint. Gefertigt aus hochwertigem Wildleder mit charakteristischen Leder-Overlays und den legend\u00e4ren 3-Streifen, vereinen diese Sneaker m\u00fchelos Nostalgie mit modernen Trends.<\/p>\n<p>Das weiche Textilfutter sorgt f\u00fcr ganzt\u00e4gigen Tragekomfort, w\u00e4hrend die robuste Gummisohle zuverl\u00e4ssigen Halt f\u00fcr deine t\u00e4glichen Abenteuer bietet. Erh\u00e4ltlich in vielseitigen und lebendigen Farben, wertet der Gazelle Bold jedes Outfit auf \u201d\u201c von l\u00e4ssigem Streetwear-Look bis hin zu schicken minimalistischen Styles. Diese Sneaker wurden f\u00fcr Trendsetter und alle, die Wert auf Tradition legen, entworfen und verk\u00f6rpern den Geist einer globalen Ikone, neu interpretiert f\u00fcr die moderne Generation. Jeder Schritt ist eine Verschmelzung von Tradition und Innovation und macht sie zu einem Must-have f\u00fcr Sneaker-Fans weltweit.<\/p>\n<ul>\n<li><strong>Farbgebung:<\/strong> Off-White\/Silbermetallic\/Collegiate Green<\/li>\n<li><strong>Style-Code:<\/strong> JI0328<\/li>\n<li><strong>Obermaterial:<\/strong> Wildleder<\/li>\n<li><strong>Farbe:<\/strong> Beige<\/li>\n<\/ul>\n","protected":false},"excerpt":{"rendered":"<p>adidas Gazelle Bold \u201d\u201d Off White\/Silver Metallic\/Collegiate Green<\/p>\n","protected":false},"featured_media":48851,"comment_status":"open","ping_status":"closed","template":"","meta":[],"product_brand":[],"product_cat":[10941],"product_tag":[10759,10750,10754,11460,10756,10758],"class_list":{"0":"post-48850","1":"product","2":"type-product","3":"status-publish","4":"has-post-thumbnail","6":"product_cat-adidas-women","7":"product_tag-adidas","8":"product_tag-athleisure-shoes","9":"product_tag-lifestyle-casual-shoes","10":"product_tag-lifestyle-shoes-casual","11":"product_tag-retro-casual-shoes","12":"product_tag-under-retail","13":"wcpa_has_options","15":"first","16":"outofstock","17":"taxable","18":"shipping-taxable","19":"purchasable","20":"product-type-simple"},"wcpa_form_fields":{"rules":{"pric_overide_base_price":false,"pric_overide_base_price_if_gt_zero":false,"pric_overide_base_price_fully":false,"pric_cal_option_once":false,"pric_use_as_fee":false,"bind_quantity":false,"quantity_bind_formula":false},"fields":[{"type":"color-group","required":true,"elementId":"wcpa-color-group-66c4a7f817afe","label":"Gr\u00f6\u00dfe","inline":true,"priceOptions":"different_for_all","pricingType":"fixed","className":"hassizechart product-shoes-size-eu product-shoes-size","name":"color-group-66c4a7f817b18","disp_type":"square","selection_type":"tick-border","disp_size":"50","show_label_inside":true,"adjust_width":true,"cart_display_type":"text","other_text":"Other","cl_rule":"show","col":6,"values":[{"label":"35","value":"EU 35","price":"","pimage":"","pimage_id":"","pthumb":"","color":""},{"label":"35.5","value":"EU 35.5","price":"","pimage":"","pimage_id":"","pthumb":"","color":""},{"label":"36","value":"EU 36","price":"","pimage":"","pimage_id":"","pthumb":"","color":"","selected":true},{"label":"36 2\/3","value":"EU 36 2\/3","price":"","pimage":"","pimage_id":"","pthumb":"","color":""},{"label":"37 1\/3","value":"EU 37 1\/3","price":"","pimage":"","pimage_id":"","pthumb":"","color":""},{"label":"38","value":"EU 38","price":"","pimage":"","pimage_id":"","pthumb":"","color":""},{"label":"38 2\/3","value":"EU 38 2\/3","price":"","pimage":"","pimage_id":"","pthumb":"","color":""},{"label":"39 1\/3","value":"EU 39 1\/3","price":"","pimage":"","pimage_id":"","pthumb":"","color":""},{"label":"40","value":"EU 40","price":"","pimage":"","pimage_id":"","pthumb":"","color":""},{"label":"40 2\/3","value":"EU 40 2\/3","price":"","pimage":"","pimage_id":"","pthumb":"","color":""},{"label":"41 1\/3","value":"EU 41 1\/3","price":"","pimage":"","pimage_id":"","pthumb":"","color":""},{"label":"42","value":"EU 42","price":"","pimage":"","pimage_id":"","pthumb":"","color":""},{"label":"42 2\/3","value":"EU 42 2\/3","price":"","pimage":"","pimage_id":"","pthumb":"","color":""},{"label":"43 1\/3","value":"EU 43 1\/3","price":"","pimage":"","pimage_id":"","pthumb":"","color":""},{"label":"44","value":"EU 44","price":"","pimage":"","pimage_id":"","pthumb":"","color":""},{"label":"44 2\/3","value":"EU 44 2\/3","price":"","pimage":"","pimage_id":"","pthumb":"","color":""},{"label":"45 1\/3","value":"EU 45 1\/3","price":"","pimage":"","pimage_id":"","pthumb":"","color":""},{"label":"46","value":"EU 46","price":"","pimage":"","pimage_id":"","pthumb":"","color":""},{"label":"46 2\/3","value":"EU 46 2\/3","price":"","pimage":"","pimage_id":"","pthumb":"","color":""},{"label":"47 1\/3","value":"EU 47 1\/3","price":"","pimage":"","pimage_id":"","pthumb":"","color":""}],"relations":[{"operator":false,"rules":[]}],"form_id":24802,"form_rules":{"pric_cal_option_once":false,"exclude_from_discount":false,"pric_use_as_fee":false,"fee_label":"Fee","render_after_acb":false,"disp_hide_options_price":false}}]},"yoast_head":"<!-- This site is optimized with the Yoast SEO plugin v26.5 - https:\/\/yoast.com\/wordpress\/plugins\/seo\/ -->\n<title>(Women) adidas Gazelle Bold &#039;Off White Silver Metallic Green&#039;  - Tourcruiser PTE. LTD<\/title>\n<meta name=\"robots\" content=\"index, follow, max-snippet:-1, max-image-preview:large, max-video-preview:-1\" \/>\n<link rel=\"canonical\" href=\"https:\/\/tourcruiser.com\/de\/products\/women-adidas-gazelle-bold-off-white-silver-metallic-green\/\" \/>\n<meta property=\"og:locale\" content=\"de_DE\" \/>\n<meta property=\"og:type\" content=\"article\" \/>\n<meta property=\"og:title\" content=\"(Women) adidas Gazelle Bold &#039;Off White Silver Metallic Green&#039;  - Tourcruiser PTE. LTD\" \/>\n<meta property=\"og:description\" content=\"adidas Gazelle Bold \u201d\u201d Off White\/Silver Metallic\/Collegiate Green\" \/>\n<meta property=\"og:url\" content=\"https:\/\/tourcruiser.com\/de\/products\/women-adidas-gazelle-bold-off-white-silver-metallic-green\/\" \/>\n<meta property=\"og:site_name\" content=\"Tourcruiser Sneaker Store\" \/>\n<meta property=\"article:modified_time\" content=\"2026-03-27T17:56:41+00:00\" \/>\n<meta name=\"twitter:card\" content=\"summary_large_image\" \/>\n<meta name=\"twitter:image\" content=\"https:\/\/images.novelship.com\/product\/_w__adidas_gazelle_bold_ji0328_0_31213.jpeg;https:\/\/images.novelship.com\/product\/_w__adidas_gazelle_bold_ji0328_1_31213.jpeg;https:\/\/images.novelship.com\/product\/_w__adidas_gazelle_bold_ji0328_2_31214.jpeg;https:\/\/images.novelship.com\/product\/_w__adidas_gazelle_bold_ji0328_3_31214.jpeg;https:\/\/images.novelship.com\/product\/_w__adidas_gazelle_bold_ji0328_4_31214.jpeg;https:\/\/images.novelship.com\/product\/_w__adidas_gazelle_bold_ji0328_5_31214.jpeg;https:\/\/images.novelship.com\/product\/_w__adidas_gazelle_bold_ji0328_6_31214.jpeg;https:\/\/images.novelship.com\/product\/_w__adidas_gazelle_bold_ji0328_7_31214.jpeg;https:\/\/images.novelship.com\/product\/_w__adidas_gazelle_bold_ji0328_8_31214.jpeg;https:\/\/images.novelship.com\/product\/_w__adidas_gazelle_bold_ji0328_9_31214.jpeg\" \/>\n<meta name=\"twitter:label1\" content=\"Gesch\u00e4tzte Lesezeit\" \/>\n\t<meta name=\"twitter:data1\" content=\"1\u00a0Minute\" \/>\n<script type=\"application\/ld+json\" class=\"yoast-schema-graph\">{\"@context\":\"https:\/\/schema.org\",\"@graph\":[{\"@type\":\"WebPage\",\"@id\":\"https:\/\/tourcruiser.com\/de\/products\/women-adidas-gazelle-bold-off-white-silver-metallic-green\/\",\"url\":\"https:\/\/tourcruiser.com\/de\/products\/women-adidas-gazelle-bold-off-white-silver-metallic-green\/\",\"name\":\"(Women) adidas Gazelle Bold 'Off White Silver Metallic Green' - Tourcruiser PTE. LTD\",\"isPartOf\":{\"@id\":\"https:\/\/tourcruiser.com\/de\/#website\"},\"primaryImageOfPage\":{\"@id\":\"https:\/\/tourcruiser.com\/de\/products\/women-adidas-gazelle-bold-off-white-silver-metallic-green\/#primaryimage\"},\"image\":{\"@id\":\"https:\/\/tourcruiser.com\/de\/products\/women-adidas-gazelle-bold-off-white-silver-metallic-green\/#primaryimage\"},\"thumbnailUrl\":\"https:\/\/images.novelship.com\/product\/_w__adidas_gazelle_bold_ji0328_0_31213.jpeg;https:\/\/images.novelship.com\/product\/_w__adidas_gazelle_bold_ji0328_1_31213.jpeg;https:\/\/images.novelship.com\/product\/_w__adidas_gazelle_bold_ji0328_2_31214.jpeg;https:\/\/images.novelship.com\/product\/_w__adidas_gazelle_bold_ji0328_3_31214.jpeg;https:\/\/images.novelship.com\/product\/_w__adidas_gazelle_bold_ji0328_4_31214.jpeg;https:\/\/images.novelship.com\/product\/_w__adidas_gazelle_bold_ji0328_5_31214.jpeg;https:\/\/images.novelship.com\/product\/_w__adidas_gazelle_bold_ji0328_6_31214.jpeg;https:\/\/images.novelship.com\/product\/_w__adidas_gazelle_bold_ji0328_7_31214.jpeg;https:\/\/images.novelship.com\/product\/_w__adidas_gazelle_bold_ji0328_8_31214.jpeg;https:\/\/images.novelship.com\/product\/_w__adidas_gazelle_bold_ji0328_9_31214.jpeg\",\"datePublished\":\"2026-03-02T08:06:24+00:00\",\"dateModified\":\"2026-03-27T17:56:41+00:00\",\"breadcrumb\":{\"@id\":\"https:\/\/tourcruiser.com\/de\/products\/women-adidas-gazelle-bold-off-white-silver-metallic-green\/#breadcrumb\"},\"inLanguage\":\"de\",\"potentialAction\":[{\"@type\":\"ReadAction\",\"target\":[\"https:\/\/tourcruiser.com\/de\/products\/women-adidas-gazelle-bold-off-white-silver-metallic-green\/\"]}]},{\"@type\":\"ImageObject\",\"inLanguage\":\"de\",\"@id\":\"https:\/\/tourcruiser.com\/de\/products\/women-adidas-gazelle-bold-off-white-silver-metallic-green\/#primaryimage\",\"url\":\"https:\/\/images.novelship.com\/product\/_w__adidas_gazelle_bold_ji0328_0_31213.jpeg;https:\/\/images.novelship.com\/product\/_w__adidas_gazelle_bold_ji0328_1_31213.jpeg;https:\/\/images.novelship.com\/product\/_w__adidas_gazelle_bold_ji0328_2_31214.jpeg;https:\/\/images.novelship.com\/product\/_w__adidas_gazelle_bold_ji0328_3_31214.jpeg;https:\/\/images.novelship.com\/product\/_w__adidas_gazelle_bold_ji0328_4_31214.jpeg;https:\/\/images.novelship.com\/product\/_w__adidas_gazelle_bold_ji0328_5_31214.jpeg;https:\/\/images.novelship.com\/product\/_w__adidas_gazelle_bold_ji0328_6_31214.jpeg;https:\/\/images.novelship.com\/product\/_w__adidas_gazelle_bold_ji0328_7_31214.jpeg;https:\/\/images.novelship.com\/product\/_w__adidas_gazelle_bold_ji0328_8_31214.jpeg;https:\/\/images.novelship.com\/product\/_w__adidas_gazelle_bold_ji0328_9_31214.jpeg\",\"contentUrl\":\"https:\/\/images.novelship.com\/product\/_w__adidas_gazelle_bold_ji0328_0_31213.jpeg;https:\/\/images.novelship.com\/product\/_w__adidas_gazelle_bold_ji0328_1_31213.jpeg;https:\/\/images.novelship.com\/product\/_w__adidas_gazelle_bold_ji0328_2_31214.jpeg;https:\/\/images.novelship.com\/product\/_w__adidas_gazelle_bold_ji0328_3_31214.jpeg;https:\/\/images.novelship.com\/product\/_w__adidas_gazelle_bold_ji0328_4_31214.jpeg;https:\/\/images.novelship.com\/product\/_w__adidas_gazelle_bold_ji0328_5_31214.jpeg;https:\/\/images.novelship.com\/product\/_w__adidas_gazelle_bold_ji0328_6_31214.jpeg;https:\/\/images.novelship.com\/product\/_w__adidas_gazelle_bold_ji0328_7_31214.jpeg;https:\/\/images.novelship.com\/product\/_w__adidas_gazelle_bold_ji0328_8_31214.jpeg;https:\/\/images.novelship.com\/product\/_w__adidas_gazelle_bold_ji0328_9_31214.jpeg\"},{\"@type\":\"BreadcrumbList\",\"@id\":\"https:\/\/tourcruiser.com\/de\/products\/women-adidas-gazelle-bold-off-white-silver-metallic-green\/#breadcrumb\",\"itemListElement\":[{\"@type\":\"ListItem\",\"position\":1,\"name\":\"Home\",\"item\":\"https:\/\/tourcruiser.com\/de\/\"},{\"@type\":\"ListItem\",\"position\":2,\"name\":\"Shop\",\"item\":\"https:\/\/tourcruiser.com\/de\/shop\/\"},{\"@type\":\"ListItem\",\"position\":3,\"name\":\"(Women) adidas Gazelle Bold 'Off White Silver Metallic Green'\"}]},{\"@type\":\"WebSite\",\"@id\":\"https:\/\/tourcruiser.com\/de\/#website\",\"url\":\"https:\/\/tourcruiser.com\/de\/\",\"name\":\"Styloral Jewelry Shop\",\"description\":\"Tourcruiser Sneaker Store \u2014 der Ort, an dem das Universum deine Einzigartigkeit trifft.\",\"publisher\":{\"@id\":\"https:\/\/tourcruiser.com\/de\/#organization\"},\"potentialAction\":[{\"@type\":\"SearchAction\",\"target\":{\"@type\":\"EntryPoint\",\"urlTemplate\":\"https:\/\/tourcruiser.com\/de\/?s={search_term_string}\"},\"query-input\":{\"@type\":\"PropertyValueSpecification\",\"valueRequired\":true,\"valueName\":\"search_term_string\"}}],\"inLanguage\":\"de\"},{\"@type\":\"Organization\",\"@id\":\"https:\/\/tourcruiser.com\/de\/#organization\",\"name\":\"STYLORAL PTE. LTD\",\"url\":\"https:\/\/tourcruiser.com\/de\/\",\"logo\":{\"@type\":\"ImageObject\",\"inLanguage\":\"de\",\"@id\":\"https:\/\/tourcruiser.com\/de\/#\/schema\/logo\/image\/\",\"url\":\"https:\/\/www.tourcruiser.com\/wp-content\/uploads\/2025\/12\/logo.png\",\"contentUrl\":\"https:\/\/www.tourcruiser.com\/wp-content\/uploads\/2025\/12\/logo.png\",\"width\":200,\"height\":65,\"caption\":\"STYLORAL PTE. LTD\"},\"image\":{\"@id\":\"https:\/\/tourcruiser.com\/de\/#\/schema\/logo\/image\/\"}}]}<\/script>\n<!-- \/ Yoast SEO plugin. -->","yoast_head_json":{"title":"(Women) adidas Gazelle Bold 'Off White Silver Metallic Green'  - Tourcruiser PTE. LTD","robots":{"index":"index","follow":"follow","max-snippet":"max-snippet:-1","max-image-preview":"max-image-preview:large","max-video-preview":"max-video-preview:-1"},"canonical":"https:\/\/tourcruiser.com\/de\/products\/women-adidas-gazelle-bold-off-white-silver-metallic-green\/","og_locale":"de_DE","og_type":"article","og_title":"(Women) adidas Gazelle Bold 'Off White Silver Metallic Green'  - Tourcruiser PTE. LTD","og_description":"adidas Gazelle Bold \u201d\u201d Off White\/Silver Metallic\/Collegiate Green","og_url":"https:\/\/tourcruiser.com\/de\/products\/women-adidas-gazelle-bold-off-white-silver-metallic-green\/","og_site_name":"Tourcruiser Sneaker Store","article_modified_time":"2026-03-27T17:56:41+00:00","twitter_card":"summary_large_image","twitter_image":"https:\/\/images.novelship.com\/product\/_w__adidas_gazelle_bold_ji0328_0_31213.jpeg;https:\/\/images.novelship.com\/product\/_w__adidas_gazelle_bold_ji0328_1_31213.jpeg;https:\/\/images.novelship.com\/product\/_w__adidas_gazelle_bold_ji0328_2_31214.jpeg;https:\/\/images.novelship.com\/product\/_w__adidas_gazelle_bold_ji0328_3_31214.jpeg;https:\/\/images.novelship.com\/product\/_w__adidas_gazelle_bold_ji0328_4_31214.jpeg;https:\/\/images.novelship.com\/product\/_w__adidas_gazelle_bold_ji0328_5_31214.jpeg;https:\/\/images.novelship.com\/product\/_w__adidas_gazelle_bold_ji0328_6_31214.jpeg;https:\/\/images.novelship.com\/product\/_w__adidas_gazelle_bold_ji0328_7_31214.jpeg;https:\/\/images.novelship.com\/product\/_w__adidas_gazelle_bold_ji0328_8_31214.jpeg;https:\/\/images.novelship.com\/product\/_w__adidas_gazelle_bold_ji0328_9_31214.jpeg","twitter_misc":{"Gesch\u00e4tzte Lesezeit":"1\u00a0Minute"},"schema":{"@context":"https:\/\/schema.org","@graph":[{"@type":"WebPage","@id":"https:\/\/tourcruiser.com\/de\/products\/women-adidas-gazelle-bold-off-white-silver-metallic-green\/","url":"https:\/\/tourcruiser.com\/de\/products\/women-adidas-gazelle-bold-off-white-silver-metallic-green\/","name":"(Women) adidas Gazelle Bold 'Off White Silver Metallic Green' - Tourcruiser PTE. LTD","isPartOf":{"@id":"https:\/\/tourcruiser.com\/de\/#website"},"primaryImageOfPage":{"@id":"https:\/\/tourcruiser.com\/de\/products\/women-adidas-gazelle-bold-off-white-silver-metallic-green\/#primaryimage"},"image":{"@id":"https:\/\/tourcruiser.com\/de\/products\/women-adidas-gazelle-bold-off-white-silver-metallic-green\/#primaryimage"},"thumbnailUrl":"https:\/\/images.novelship.com\/product\/_w__adidas_gazelle_bold_ji0328_0_31213.jpeg;https:\/\/images.novelship.com\/product\/_w__adidas_gazelle_bold_ji0328_1_31213.jpeg;https:\/\/images.novelship.com\/product\/_w__adidas_gazelle_bold_ji0328_2_31214.jpeg;https:\/\/images.novelship.com\/product\/_w__adidas_gazelle_bold_ji0328_3_31214.jpeg;https:\/\/images.novelship.com\/product\/_w__adidas_gazelle_bold_ji0328_4_31214.jpeg;https:\/\/images.novelship.com\/product\/_w__adidas_gazelle_bold_ji0328_5_31214.jpeg;https:\/\/images.novelship.com\/product\/_w__adidas_gazelle_bold_ji0328_6_31214.jpeg;https:\/\/images.novelship.com\/product\/_w__adidas_gazelle_bold_ji0328_7_31214.jpeg;https:\/\/images.novelship.com\/product\/_w__adidas_gazelle_bold_ji0328_8_31214.jpeg;https:\/\/images.novelship.com\/product\/_w__adidas_gazelle_bold_ji0328_9_31214.jpeg","datePublished":"2026-03-02T08:06:24+00:00","dateModified":"2026-03-27T17:56:41+00:00","breadcrumb":{"@id":"https:\/\/tourcruiser.com\/de\/products\/women-adidas-gazelle-bold-off-white-silver-metallic-green\/#breadcrumb"},"inLanguage":"de","potentialAction":[{"@type":"ReadAction","target":["https:\/\/tourcruiser.com\/de\/products\/women-adidas-gazelle-bold-off-white-silver-metallic-green\/"]}]},{"@type":"ImageObject","inLanguage":"de","@id":"https:\/\/tourcruiser.com\/de\/products\/women-adidas-gazelle-bold-off-white-silver-metallic-green\/#primaryimage","url":"https:\/\/images.novelship.com\/product\/_w__adidas_gazelle_bold_ji0328_0_31213.jpeg;https:\/\/images.novelship.com\/product\/_w__adidas_gazelle_bold_ji0328_1_31213.jpeg;https:\/\/images.novelship.com\/product\/_w__adidas_gazelle_bold_ji0328_2_31214.jpeg;https:\/\/images.novelship.com\/product\/_w__adidas_gazelle_bold_ji0328_3_31214.jpeg;https:\/\/images.novelship.com\/product\/_w__adidas_gazelle_bold_ji0328_4_31214.jpeg;https:\/\/images.novelship.com\/product\/_w__adidas_gazelle_bold_ji0328_5_31214.jpeg;https:\/\/images.novelship.com\/product\/_w__adidas_gazelle_bold_ji0328_6_31214.jpeg;https:\/\/images.novelship.com\/product\/_w__adidas_gazelle_bold_ji0328_7_31214.jpeg;https:\/\/images.novelship.com\/product\/_w__adidas_gazelle_bold_ji0328_8_31214.jpeg;https:\/\/images.novelship.com\/product\/_w__adidas_gazelle_bold_ji0328_9_31214.jpeg","contentUrl":"https:\/\/images.novelship.com\/product\/_w__adidas_gazelle_bold_ji0328_0_31213.jpeg;https:\/\/images.novelship.com\/product\/_w__adidas_gazelle_bold_ji0328_1_31213.jpeg;https:\/\/images.novelship.com\/product\/_w__adidas_gazelle_bold_ji0328_2_31214.jpeg;https:\/\/images.novelship.com\/product\/_w__adidas_gazelle_bold_ji0328_3_31214.jpeg;https:\/\/images.novelship.com\/product\/_w__adidas_gazelle_bold_ji0328_4_31214.jpeg;https:\/\/images.novelship.com\/product\/_w__adidas_gazelle_bold_ji0328_5_31214.jpeg;https:\/\/images.novelship.com\/product\/_w__adidas_gazelle_bold_ji0328_6_31214.jpeg;https:\/\/images.novelship.com\/product\/_w__adidas_gazelle_bold_ji0328_7_31214.jpeg;https:\/\/images.novelship.com\/product\/_w__adidas_gazelle_bold_ji0328_8_31214.jpeg;https:\/\/images.novelship.com\/product\/_w__adidas_gazelle_bold_ji0328_9_31214.jpeg"},{"@type":"BreadcrumbList","@id":"https:\/\/tourcruiser.com\/de\/products\/women-adidas-gazelle-bold-off-white-silver-metallic-green\/#breadcrumb","itemListElement":[{"@type":"ListItem","position":1,"name":"Home","item":"https:\/\/tourcruiser.com\/de\/"},{"@type":"ListItem","position":2,"name":"Shop","item":"https:\/\/tourcruiser.com\/de\/shop\/"},{"@type":"ListItem","position":3,"name":"(Women) adidas Gazelle Bold 'Off White Silver Metallic Green'"}]},{"@type":"WebSite","@id":"https:\/\/tourcruiser.com\/de\/#website","url":"https:\/\/tourcruiser.com\/de\/","name":"Styloral Jewelry Shop","description":"Tourcruiser Sneaker Store \u2014 der Ort, an dem das Universum deine Einzigartigkeit trifft.","publisher":{"@id":"https:\/\/tourcruiser.com\/de\/#organization"},"potentialAction":[{"@type":"SearchAction","target":{"@type":"EntryPoint","urlTemplate":"https:\/\/tourcruiser.com\/de\/?s={search_term_string}"},"query-input":{"@type":"PropertyValueSpecification","valueRequired":true,"valueName":"search_term_string"}}],"inLanguage":"de"},{"@type":"Organization","@id":"https:\/\/tourcruiser.com\/de\/#organization","name":"STYLORAL PTE. LTD","url":"https:\/\/tourcruiser.com\/de\/","logo":{"@type":"ImageObject","inLanguage":"de","@id":"https:\/\/tourcruiser.com\/de\/#\/schema\/logo\/image\/","url":"https:\/\/www.tourcruiser.com\/wp-content\/uploads\/2025\/12\/logo.png","contentUrl":"https:\/\/www.tourcruiser.com\/wp-content\/uploads\/2025\/12\/logo.png","width":200,"height":65,"caption":"STYLORAL PTE. LTD"},"image":{"@id":"https:\/\/tourcruiser.com\/de\/#\/schema\/logo\/image\/"}}]}},"_links":{"self":[{"href":"https:\/\/tourcruiser.com\/de\/wp-json\/wp\/v2\/product\/48850","targetHints":{"allow":["GET"]}}],"collection":[{"href":"https:\/\/tourcruiser.com\/de\/wp-json\/wp\/v2\/product"}],"about":[{"href":"https:\/\/tourcruiser.com\/de\/wp-json\/wp\/v2\/types\/product"}],"replies":[{"embeddable":true,"href":"https:\/\/tourcruiser.com\/de\/wp-json\/wp\/v2\/comments?post=48850"}],"wp:featuredmedia":[{"embeddable":true,"href":"https:\/\/tourcruiser.com\/de\/wp-json\/wp\/v2\/media\/48851"}],"wp:attachment":[{"href":"https:\/\/tourcruiser.com\/de\/wp-json\/wp\/v2\/media?parent=48850"}],"wp:term":[{"taxonomy":"product_brand","embeddable":true,"href":"https:\/\/tourcruiser.com\/de\/wp-json\/wp\/v2\/product_brand?post=48850"},{"taxonomy":"product_cat","embeddable":true,"href":"https:\/\/tourcruiser.com\/de\/wp-json\/wp\/v2\/product_cat?post=48850"},{"taxonomy":"product_tag","embeddable":true,"href":"https:\/\/tourcruiser.com\/de\/wp-json\/wp\/v2\/product_tag?post=48850"}],"curies":[{"name":"wp","href":"https:\/\/api.w.org\/{rel}","templated":true}]}}