{"id":48569,"date":"2026-03-02T15:05:58","date_gmt":"2026-03-02T08:05:58","guid":{"rendered":"http:\/\/tourcruiser.com\/product\/nike-vapor-12-premium"},"modified":"2026-03-28T00:56:28","modified_gmt":"2026-03-27T17:56:28","slug":"nike-vapor-12-premium","status":"publish","type":"product","link":"https:\/\/tourcruiser.com\/de\/products\/nike-vapor-12-premium\/","title":{"rendered":"Nike Vapor 12 Premium"},"content":{"rendered":"<p>Entfessle deine Geschwindigkeit und Pr\u00e4zision auf dem Platz mit dem Nike Vapor 12 Premium HF7827-300, einem hochmodernen Fu\u00dfballschuh f\u00fcr H\u00f6chstleistungen. Dieser Premium-Schuh wurde f\u00fcr Spieler entwickelt, die Wert auf Stil und Funktion legen. Seine leichte, aerodynamische Konstruktion schmiegt sich perfekt an deinen Fu\u00df an und sorgt f\u00fcr ein hautenges Tragegef\u00fchl. Die auff\u00e4llige Farbgebung und das elegante Design verleihen dir einen markanten Look, der auf dem Spielfeld sofort ins Auge f\u00e4llt.<\/p>\n<p>Ausgestattet mit der fortschrittlichen All Conditions Control (ACC)-Technologie garantiert der Vapor 12 Premium \u00fcberragenden Grip und optimale Ballkontrolle bei allen Spielbedingungen. Die spezielle Sohle bietet explosive Traktion und Agilit\u00e4t f\u00fcr schnelle Sprints und blitzschnelle Richtungswechsel. Mit seiner gepolsterten Innensohle und dem eng anliegenden Flyknit-Schaft bietet dieser Schuh au\u00dfergew\u00f6hnlichen Komfort und Halt auch bei langen Spielen.<\/p>\n<p>Ob Amateur oder Profi \u201d\u201c der Nike Vapor 12 Premium HF7827-300 verbessert dein Spiel durch mehr Geschwindigkeit, Kontrolle und Reaktionsf\u00e4higkeit. Diese perfekte Kombination aus Innovation und Style ist ein Must-have f\u00fcr Athleten, die im Wettkampf dominieren wollen.<\/p>\n<ul>\n<li><strong>Farbgebung:<\/strong> High Voltage\/Luminous Green\/Mineral Teal\/Cave Stone<\/li>\n<li><strong>Artikelnummer:<\/strong> HF7827-300<\/li>\n<li><strong>Obermaterial:<\/strong> Mesh<\/li>\n<li><strong>Zwischensohle:<\/strong> Zoom Air<\/li>\n<li><strong>Farbe:<\/strong> Gelb<\/li>\n<\/ul>\n","protected":false},"excerpt":{"rendered":"<p>Nike Vapor 12 Premium \u201d\u201d High Voltage\/Luminous Green\/Mineral Teal\/Cave Stone<\/p>\n","protected":false},"featured_media":48570,"comment_status":"open","ping_status":"closed","template":"","meta":[],"product_brand":[],"product_cat":[10803],"product_tag":[11087,10801,10802,10986,10987,10758],"class_list":{"0":"post-48569","1":"product","2":"type-product","3":"status-publish","4":"has-post-thumbnail","6":"product_cat-nike","7":"product_tag-firm-ground-fg-football-boots","8":"product_tag-nike","9":"product_tag-performance-sport-shoes","10":"product_tag-soccer-shoes","11":"product_tag-soccer-shoes-football-cleats","12":"product_tag-under-retail","13":"wcpa_has_options","15":"first","16":"outofstock","17":"sale","18":"taxable","19":"shipping-taxable","20":"purchasable","21":"product-type-simple"},"wcpa_form_fields":{"rules":{"pric_overide_base_price":false,"pric_overide_base_price_if_gt_zero":false,"pric_overide_base_price_fully":false,"pric_cal_option_once":false,"pric_use_as_fee":false,"bind_quantity":false,"quantity_bind_formula":false},"fields":[{"type":"color-group","required":true,"elementId":"wcpa-color-group-66c4a75505e74","label":"Gr\u00f6\u00dfe - EU Gr\u00f6\u00dfe","inline":true,"priceOptions":"different_for_all","pricingType":"fixed","className":"hassizechart product-shoes-size-eu product-shoes-size","name":"color-group-66c4a75505e89","disp_type":"square","selection_type":"tick-border","disp_size":"44","show_label_inside":true,"adjust_width":true,"cart_display_type":"text","other_text":"Other","cl_rule":"show","col":6,"values":[{"label":"35.5","value":"EU 35.5","price":"","pimage":"","pimage_id":"","pthumb":"","color":""},{"label":"36","value":"EU 36","price":"","pimage":"","pimage_id":"","pthumb":"","color":"","selected":true},{"label":"36.5","value":"EU 36.5","price":"","pimage":"","pimage_id":"","pthumb":"","color":""},{"label":"37.5","value":"EU 37.5","price":"","pimage":"","pimage_id":"","pthumb":"","color":""},{"label":"38","value":"EU 38","price":"","pimage":"","pimage_id":"","pthumb":"","color":""},{"label":"38.5","value":"EU 38.5","price":"","pimage":"","pimage_id":"","pthumb":"","color":""},{"label":"39","value":"EU 39","price":"","pimage":"","pimage_id":"","pthumb":"","color":""},{"label":"40","value":"EU 40","price":"","pimage":"","pimage_id":"","pthumb":"","color":""},{"label":"40.5","value":"EU 40.5","price":"","pimage":"","pimage_id":"","pthumb":"","color":""},{"label":"41","value":"EU 41","price":"","pimage":"","pimage_id":"","pthumb":"","color":""},{"label":"42","value":"EU 42","price":"","pimage":"","pimage_id":"","pthumb":"","color":""},{"label":"42.5","value":"EU 42.5","price":"","pimage":"","pimage_id":"","pthumb":"","color":""},{"label":"43","value":"EU 43","price":"","pimage":"","pimage_id":"","pthumb":"","color":""},{"label":"44","value":"EU 44","price":"","pimage":"","pimage_id":"","pthumb":"","color":""},{"label":"44.5","value":"EU 44.5","price":"","pimage":"","pimage_id":"","pthumb":"","color":""},{"label":"45","value":"EU 45","price":"","pimage":"","pimage_id":"","pthumb":"","color":""},{"label":"45.5","value":"EU 45.5","price":"","pimage":"","pimage_id":"","pthumb":"","color":""},{"label":"46","value":"EU 46","price":"","pimage":"","pimage_id":"","pthumb":"","color":""},{"label":"47","value":"EU 47","price":"","pimage":"","pimage_id":"","pthumb":"","color":""},{"label":"47.5","value":"EU 47.5","price":"","pimage":"","pimage_id":"","pthumb":"","color":""},{"label":"48","value":"EU 48","price":"","pimage":"","pimage_id":"","pthumb":"","color":""}],"relations":[{"operator":false,"rules":[]}],"form_id":18106,"form_rules":{"pric_cal_option_once":false,"exclude_from_discount":false,"pric_use_as_fee":false,"fee_label":"Fee","render_after_acb":false,"disp_hide_options_price":false}}]},"yoast_head":"<!-- This site is optimized with the Yoast SEO plugin v26.5 - https:\/\/yoast.com\/wordpress\/plugins\/seo\/ -->\n<title>Nike Vapor 12 Premium  - Tourcruiser PTE. LTD<\/title>\n<meta name=\"robots\" content=\"index, follow, max-snippet:-1, max-image-preview:large, max-video-preview:-1\" \/>\n<link rel=\"canonical\" href=\"https:\/\/tourcruiser.com\/de\/products\/nike-vapor-12-premium\/\" \/>\n<meta property=\"og:locale\" content=\"de_DE\" \/>\n<meta property=\"og:type\" content=\"article\" \/>\n<meta property=\"og:title\" content=\"Nike Vapor 12 Premium  - Tourcruiser PTE. LTD\" \/>\n<meta property=\"og:description\" content=\"Nike Vapor 12 Premium \u201d\u201d High Voltage\/Luminous Green\/Mineral Teal\/Cave Stone\" \/>\n<meta property=\"og:url\" content=\"https:\/\/tourcruiser.com\/de\/products\/nike-vapor-12-premium\/\" \/>\n<meta property=\"og:site_name\" content=\"Tourcruiser Sneaker Store\" \/>\n<meta property=\"article:modified_time\" content=\"2026-03-27T17:56:28+00:00\" \/>\n<meta name=\"twitter:card\" content=\"summary_large_image\" \/>\n<meta name=\"twitter:image\" content=\"https:\/\/images.novelship.com\/product\/nike_vapor_12_premium_hf7827-300_0_77964.jpeg;https:\/\/images.novelship.com\/product\/nike_vapor_12_premium_hf7827-300_1_77965.jpeg;https:\/\/images.novelship.com\/product\/nike_vapor_12_premium_hf7827-300_2_77965.jpeg;https:\/\/images.novelship.com\/product\/nike_vapor_12_premium_hf7827-300_3_77965.jpeg;https:\/\/images.novelship.com\/product\/nike_vapor_12_premium_hf7827-300_4_77965.jpeg;https:\/\/images.novelship.com\/product\/nike_vapor_12_premium_hf7827-300_5_77965.jpeg;https:\/\/images.novelship.com\/product\/nike_vapor_12_premium_hf7827-300_6_77965.jpeg;https:\/\/images.novelship.com\/product\/nike_vapor_12_premium_hf7827-300_7_77965.jpeg;https:\/\/images.novelship.com\/product\/nike_vapor_12_premium_hf7827-300_8_77965.jpeg\" \/>\n<meta name=\"twitter:label1\" content=\"Gesch\u00e4tzte Lesezeit\" \/>\n\t<meta name=\"twitter:data1\" content=\"1\u00a0Minute\" \/>\n<script type=\"application\/ld+json\" class=\"yoast-schema-graph\">{\"@context\":\"https:\/\/schema.org\",\"@graph\":[{\"@type\":\"WebPage\",\"@id\":\"https:\/\/tourcruiser.com\/de\/products\/nike-vapor-12-premium\/\",\"url\":\"https:\/\/tourcruiser.com\/de\/products\/nike-vapor-12-premium\/\",\"name\":\"Nike Vapor 12 Premium - Tourcruiser PTE. LTD\",\"isPartOf\":{\"@id\":\"https:\/\/tourcruiser.com\/de\/#website\"},\"primaryImageOfPage\":{\"@id\":\"https:\/\/tourcruiser.com\/de\/products\/nike-vapor-12-premium\/#primaryimage\"},\"image\":{\"@id\":\"https:\/\/tourcruiser.com\/de\/products\/nike-vapor-12-premium\/#primaryimage\"},\"thumbnailUrl\":\"https:\/\/images.novelship.com\/product\/nike_vapor_12_premium_hf7827-300_0_77964.jpeg;https:\/\/images.novelship.com\/product\/nike_vapor_12_premium_hf7827-300_1_77965.jpeg;https:\/\/images.novelship.com\/product\/nike_vapor_12_premium_hf7827-300_2_77965.jpeg;https:\/\/images.novelship.com\/product\/nike_vapor_12_premium_hf7827-300_3_77965.jpeg;https:\/\/images.novelship.com\/product\/nike_vapor_12_premium_hf7827-300_4_77965.jpeg;https:\/\/images.novelship.com\/product\/nike_vapor_12_premium_hf7827-300_5_77965.jpeg;https:\/\/images.novelship.com\/product\/nike_vapor_12_premium_hf7827-300_6_77965.jpeg;https:\/\/images.novelship.com\/product\/nike_vapor_12_premium_hf7827-300_7_77965.jpeg;https:\/\/images.novelship.com\/product\/nike_vapor_12_premium_hf7827-300_8_77965.jpeg\",\"datePublished\":\"2026-03-02T08:05:58+00:00\",\"dateModified\":\"2026-03-27T17:56:28+00:00\",\"breadcrumb\":{\"@id\":\"https:\/\/tourcruiser.com\/de\/products\/nike-vapor-12-premium\/#breadcrumb\"},\"inLanguage\":\"de\",\"potentialAction\":[{\"@type\":\"ReadAction\",\"target\":[\"https:\/\/tourcruiser.com\/de\/products\/nike-vapor-12-premium\/\"]}]},{\"@type\":\"ImageObject\",\"inLanguage\":\"de\",\"@id\":\"https:\/\/tourcruiser.com\/de\/products\/nike-vapor-12-premium\/#primaryimage\",\"url\":\"https:\/\/images.novelship.com\/product\/nike_vapor_12_premium_hf7827-300_0_77964.jpeg;https:\/\/images.novelship.com\/product\/nike_vapor_12_premium_hf7827-300_1_77965.jpeg;https:\/\/images.novelship.com\/product\/nike_vapor_12_premium_hf7827-300_2_77965.jpeg;https:\/\/images.novelship.com\/product\/nike_vapor_12_premium_hf7827-300_3_77965.jpeg;https:\/\/images.novelship.com\/product\/nike_vapor_12_premium_hf7827-300_4_77965.jpeg;https:\/\/images.novelship.com\/product\/nike_vapor_12_premium_hf7827-300_5_77965.jpeg;https:\/\/images.novelship.com\/product\/nike_vapor_12_premium_hf7827-300_6_77965.jpeg;https:\/\/images.novelship.com\/product\/nike_vapor_12_premium_hf7827-300_7_77965.jpeg;https:\/\/images.novelship.com\/product\/nike_vapor_12_premium_hf7827-300_8_77965.jpeg\",\"contentUrl\":\"https:\/\/images.novelship.com\/product\/nike_vapor_12_premium_hf7827-300_0_77964.jpeg;https:\/\/images.novelship.com\/product\/nike_vapor_12_premium_hf7827-300_1_77965.jpeg;https:\/\/images.novelship.com\/product\/nike_vapor_12_premium_hf7827-300_2_77965.jpeg;https:\/\/images.novelship.com\/product\/nike_vapor_12_premium_hf7827-300_3_77965.jpeg;https:\/\/images.novelship.com\/product\/nike_vapor_12_premium_hf7827-300_4_77965.jpeg;https:\/\/images.novelship.com\/product\/nike_vapor_12_premium_hf7827-300_5_77965.jpeg;https:\/\/images.novelship.com\/product\/nike_vapor_12_premium_hf7827-300_6_77965.jpeg;https:\/\/images.novelship.com\/product\/nike_vapor_12_premium_hf7827-300_7_77965.jpeg;https:\/\/images.novelship.com\/product\/nike_vapor_12_premium_hf7827-300_8_77965.jpeg\"},{\"@type\":\"BreadcrumbList\",\"@id\":\"https:\/\/tourcruiser.com\/de\/products\/nike-vapor-12-premium\/#breadcrumb\",\"itemListElement\":[{\"@type\":\"ListItem\",\"position\":1,\"name\":\"Home\",\"item\":\"https:\/\/tourcruiser.com\/de\/\"},{\"@type\":\"ListItem\",\"position\":2,\"name\":\"Shop\",\"item\":\"https:\/\/tourcruiser.com\/de\/shop\/\"},{\"@type\":\"ListItem\",\"position\":3,\"name\":\"Nike Vapor 12 Premium\"}]},{\"@type\":\"WebSite\",\"@id\":\"https:\/\/tourcruiser.com\/de\/#website\",\"url\":\"https:\/\/tourcruiser.com\/de\/\",\"name\":\"Styloral Jewelry Shop\",\"description\":\"Tourcruiser Sneaker Store \u2014 der Ort, an dem das Universum deine Einzigartigkeit trifft.\",\"publisher\":{\"@id\":\"https:\/\/tourcruiser.com\/de\/#organization\"},\"potentialAction\":[{\"@type\":\"SearchAction\",\"target\":{\"@type\":\"EntryPoint\",\"urlTemplate\":\"https:\/\/tourcruiser.com\/de\/?s={search_term_string}\"},\"query-input\":{\"@type\":\"PropertyValueSpecification\",\"valueRequired\":true,\"valueName\":\"search_term_string\"}}],\"inLanguage\":\"de\"},{\"@type\":\"Organization\",\"@id\":\"https:\/\/tourcruiser.com\/de\/#organization\",\"name\":\"STYLORAL PTE. LTD\",\"url\":\"https:\/\/tourcruiser.com\/de\/\",\"logo\":{\"@type\":\"ImageObject\",\"inLanguage\":\"de\",\"@id\":\"https:\/\/tourcruiser.com\/de\/#\/schema\/logo\/image\/\",\"url\":\"https:\/\/www.tourcruiser.com\/wp-content\/uploads\/2025\/12\/logo.png\",\"contentUrl\":\"https:\/\/www.tourcruiser.com\/wp-content\/uploads\/2025\/12\/logo.png\",\"width\":200,\"height\":65,\"caption\":\"STYLORAL PTE. LTD\"},\"image\":{\"@id\":\"https:\/\/tourcruiser.com\/de\/#\/schema\/logo\/image\/\"}}]}<\/script>\n<!-- \/ Yoast SEO plugin. -->","yoast_head_json":{"title":"Nike Vapor 12 Premium  - Tourcruiser PTE. LTD","robots":{"index":"index","follow":"follow","max-snippet":"max-snippet:-1","max-image-preview":"max-image-preview:large","max-video-preview":"max-video-preview:-1"},"canonical":"https:\/\/tourcruiser.com\/de\/products\/nike-vapor-12-premium\/","og_locale":"de_DE","og_type":"article","og_title":"Nike Vapor 12 Premium  - Tourcruiser PTE. LTD","og_description":"Nike Vapor 12 Premium \u201d\u201d High Voltage\/Luminous Green\/Mineral Teal\/Cave Stone","og_url":"https:\/\/tourcruiser.com\/de\/products\/nike-vapor-12-premium\/","og_site_name":"Tourcruiser Sneaker Store","article_modified_time":"2026-03-27T17:56:28+00:00","twitter_card":"summary_large_image","twitter_image":"https:\/\/images.novelship.com\/product\/nike_vapor_12_premium_hf7827-300_0_77964.jpeg;https:\/\/images.novelship.com\/product\/nike_vapor_12_premium_hf7827-300_1_77965.jpeg;https:\/\/images.novelship.com\/product\/nike_vapor_12_premium_hf7827-300_2_77965.jpeg;https:\/\/images.novelship.com\/product\/nike_vapor_12_premium_hf7827-300_3_77965.jpeg;https:\/\/images.novelship.com\/product\/nike_vapor_12_premium_hf7827-300_4_77965.jpeg;https:\/\/images.novelship.com\/product\/nike_vapor_12_premium_hf7827-300_5_77965.jpeg;https:\/\/images.novelship.com\/product\/nike_vapor_12_premium_hf7827-300_6_77965.jpeg;https:\/\/images.novelship.com\/product\/nike_vapor_12_premium_hf7827-300_7_77965.jpeg;https:\/\/images.novelship.com\/product\/nike_vapor_12_premium_hf7827-300_8_77965.jpeg","twitter_misc":{"Gesch\u00e4tzte Lesezeit":"1\u00a0Minute"},"schema":{"@context":"https:\/\/schema.org","@graph":[{"@type":"WebPage","@id":"https:\/\/tourcruiser.com\/de\/products\/nike-vapor-12-premium\/","url":"https:\/\/tourcruiser.com\/de\/products\/nike-vapor-12-premium\/","name":"Nike Vapor 12 Premium - Tourcruiser PTE. LTD","isPartOf":{"@id":"https:\/\/tourcruiser.com\/de\/#website"},"primaryImageOfPage":{"@id":"https:\/\/tourcruiser.com\/de\/products\/nike-vapor-12-premium\/#primaryimage"},"image":{"@id":"https:\/\/tourcruiser.com\/de\/products\/nike-vapor-12-premium\/#primaryimage"},"thumbnailUrl":"https:\/\/images.novelship.com\/product\/nike_vapor_12_premium_hf7827-300_0_77964.jpeg;https:\/\/images.novelship.com\/product\/nike_vapor_12_premium_hf7827-300_1_77965.jpeg;https:\/\/images.novelship.com\/product\/nike_vapor_12_premium_hf7827-300_2_77965.jpeg;https:\/\/images.novelship.com\/product\/nike_vapor_12_premium_hf7827-300_3_77965.jpeg;https:\/\/images.novelship.com\/product\/nike_vapor_12_premium_hf7827-300_4_77965.jpeg;https:\/\/images.novelship.com\/product\/nike_vapor_12_premium_hf7827-300_5_77965.jpeg;https:\/\/images.novelship.com\/product\/nike_vapor_12_premium_hf7827-300_6_77965.jpeg;https:\/\/images.novelship.com\/product\/nike_vapor_12_premium_hf7827-300_7_77965.jpeg;https:\/\/images.novelship.com\/product\/nike_vapor_12_premium_hf7827-300_8_77965.jpeg","datePublished":"2026-03-02T08:05:58+00:00","dateModified":"2026-03-27T17:56:28+00:00","breadcrumb":{"@id":"https:\/\/tourcruiser.com\/de\/products\/nike-vapor-12-premium\/#breadcrumb"},"inLanguage":"de","potentialAction":[{"@type":"ReadAction","target":["https:\/\/tourcruiser.com\/de\/products\/nike-vapor-12-premium\/"]}]},{"@type":"ImageObject","inLanguage":"de","@id":"https:\/\/tourcruiser.com\/de\/products\/nike-vapor-12-premium\/#primaryimage","url":"https:\/\/images.novelship.com\/product\/nike_vapor_12_premium_hf7827-300_0_77964.jpeg;https:\/\/images.novelship.com\/product\/nike_vapor_12_premium_hf7827-300_1_77965.jpeg;https:\/\/images.novelship.com\/product\/nike_vapor_12_premium_hf7827-300_2_77965.jpeg;https:\/\/images.novelship.com\/product\/nike_vapor_12_premium_hf7827-300_3_77965.jpeg;https:\/\/images.novelship.com\/product\/nike_vapor_12_premium_hf7827-300_4_77965.jpeg;https:\/\/images.novelship.com\/product\/nike_vapor_12_premium_hf7827-300_5_77965.jpeg;https:\/\/images.novelship.com\/product\/nike_vapor_12_premium_hf7827-300_6_77965.jpeg;https:\/\/images.novelship.com\/product\/nike_vapor_12_premium_hf7827-300_7_77965.jpeg;https:\/\/images.novelship.com\/product\/nike_vapor_12_premium_hf7827-300_8_77965.jpeg","contentUrl":"https:\/\/images.novelship.com\/product\/nike_vapor_12_premium_hf7827-300_0_77964.jpeg;https:\/\/images.novelship.com\/product\/nike_vapor_12_premium_hf7827-300_1_77965.jpeg;https:\/\/images.novelship.com\/product\/nike_vapor_12_premium_hf7827-300_2_77965.jpeg;https:\/\/images.novelship.com\/product\/nike_vapor_12_premium_hf7827-300_3_77965.jpeg;https:\/\/images.novelship.com\/product\/nike_vapor_12_premium_hf7827-300_4_77965.jpeg;https:\/\/images.novelship.com\/product\/nike_vapor_12_premium_hf7827-300_5_77965.jpeg;https:\/\/images.novelship.com\/product\/nike_vapor_12_premium_hf7827-300_6_77965.jpeg;https:\/\/images.novelship.com\/product\/nike_vapor_12_premium_hf7827-300_7_77965.jpeg;https:\/\/images.novelship.com\/product\/nike_vapor_12_premium_hf7827-300_8_77965.jpeg"},{"@type":"BreadcrumbList","@id":"https:\/\/tourcruiser.com\/de\/products\/nike-vapor-12-premium\/#breadcrumb","itemListElement":[{"@type":"ListItem","position":1,"name":"Home","item":"https:\/\/tourcruiser.com\/de\/"},{"@type":"ListItem","position":2,"name":"Shop","item":"https:\/\/tourcruiser.com\/de\/shop\/"},{"@type":"ListItem","position":3,"name":"Nike Vapor 12 Premium"}]},{"@type":"WebSite","@id":"https:\/\/tourcruiser.com\/de\/#website","url":"https:\/\/tourcruiser.com\/de\/","name":"Styloral Jewelry Shop","description":"Tourcruiser Sneaker Store \u2014 der Ort, an dem das Universum deine Einzigartigkeit trifft.","publisher":{"@id":"https:\/\/tourcruiser.com\/de\/#organization"},"potentialAction":[{"@type":"SearchAction","target":{"@type":"EntryPoint","urlTemplate":"https:\/\/tourcruiser.com\/de\/?s={search_term_string}"},"query-input":{"@type":"PropertyValueSpecification","valueRequired":true,"valueName":"search_term_string"}}],"inLanguage":"de"},{"@type":"Organization","@id":"https:\/\/tourcruiser.com\/de\/#organization","name":"STYLORAL PTE. LTD","url":"https:\/\/tourcruiser.com\/de\/","logo":{"@type":"ImageObject","inLanguage":"de","@id":"https:\/\/tourcruiser.com\/de\/#\/schema\/logo\/image\/","url":"https:\/\/www.tourcruiser.com\/wp-content\/uploads\/2025\/12\/logo.png","contentUrl":"https:\/\/www.tourcruiser.com\/wp-content\/uploads\/2025\/12\/logo.png","width":200,"height":65,"caption":"STYLORAL PTE. LTD"},"image":{"@id":"https:\/\/tourcruiser.com\/de\/#\/schema\/logo\/image\/"}}]}},"_links":{"self":[{"href":"https:\/\/tourcruiser.com\/de\/wp-json\/wp\/v2\/product\/48569","targetHints":{"allow":["GET"]}}],"collection":[{"href":"https:\/\/tourcruiser.com\/de\/wp-json\/wp\/v2\/product"}],"about":[{"href":"https:\/\/tourcruiser.com\/de\/wp-json\/wp\/v2\/types\/product"}],"replies":[{"embeddable":true,"href":"https:\/\/tourcruiser.com\/de\/wp-json\/wp\/v2\/comments?post=48569"}],"wp:featuredmedia":[{"embeddable":true,"href":"https:\/\/tourcruiser.com\/de\/wp-json\/wp\/v2\/media\/48570"}],"wp:attachment":[{"href":"https:\/\/tourcruiser.com\/de\/wp-json\/wp\/v2\/media?parent=48569"}],"wp:term":[{"taxonomy":"product_brand","embeddable":true,"href":"https:\/\/tourcruiser.com\/de\/wp-json\/wp\/v2\/product_brand?post=48569"},{"taxonomy":"product_cat","embeddable":true,"href":"https:\/\/tourcruiser.com\/de\/wp-json\/wp\/v2\/product_cat?post=48569"},{"taxonomy":"product_tag","embeddable":true,"href":"https:\/\/tourcruiser.com\/de\/wp-json\/wp\/v2\/product_tag?post=48569"}],"curies":[{"name":"wp","href":"https:\/\/api.w.org\/{rel}","templated":true}]}}