{"id":48559,"date":"2026-03-02T15:05:58","date_gmt":"2026-03-02T08:05:58","guid":{"rendered":"http:\/\/tourcruiser.com\/product\/adidas-retrocross-24-spikeless-chalk-white"},"modified":"2026-03-28T00:56:28","modified_gmt":"2026-03-27T17:56:28","slug":"adidas-retrocross-24-spikeless-chalk-white","status":"publish","type":"product","link":"https:\/\/tourcruiser.com\/de\/products\/adidas-retrocross-24-spikeless-chalk-white\/","title":{"rendered":"adidas Retrocross 24 Spikeless &#8218;Chalk White&#8216;"},"content":{"rendered":"<p>Der adidas Retrocross 24 Spikeless \u201eChalk White\u201c ID8694 vereint Performance und Style auf h\u00f6chstem Niveau und ist ideal f\u00fcr alle, die sowohl auf als auch abseits des Golfplatzes vielseitige Schuhe suchen.<\/p>\n<p>Dieser spikelose Schuh in elegantem Kreidewei\u00df kombiniert Retro-Design mit moderner Funktionalit\u00e4t und ist damit die perfekte Wahl f\u00fcr Freizeit und Sport. Seine leichte Konstruktion sorgt f\u00fcr ganzt\u00e4gigen Tragekomfort, w\u00e4hrend die strapazierf\u00e4hige Au\u00dfensohle zuverl\u00e4ssigen Grip auf verschiedenen Untergr\u00fcnden bietet.<\/p>\n<p>Der Schuh wurde mit Blick auf Nachhaltigkeit entwickelt und besteht aus umweltfreundlichen Materialien, ohne Kompromisse bei Qualit\u00e4t oder \u00c4sthetik einzugehen. Das atmungsaktive Obermaterial gew\u00e4hrleistet optimale Luftzirkulation und h\u00e4lt Ihre F\u00fc\u00dfe auch bei l\u00e4ngerem Tragen angenehm k\u00fchl. Mit seinem minimalistischen und dennoch raffinierten Design passt der Retrocross 24 m\u00fchelos vom Fairway zum Alltag.<\/p>\n<p>Ob Sie nun 18 L\u00f6cher Golf spielen oder durch die Stra\u00dfen der Stadt schlendern \u201d\u201c diese vielseitigen Schuhe vereinen sportliche Innovation und zeitlose Eleganz perfekt und verleihen Ihnen einen selbstbewussten und stilvollen Auftritt.<\/p>\n<ul>\n<li><strong>Artikelnummer:<\/strong> ID8694<\/li>\n<li><strong>Farbe:<\/strong> Wei\u00df<\/li>\n<\/ul>\n","protected":false},"excerpt":{"rendered":"<p>adidas Retrocross 24 Spikeless &#8218;Chalk White&#8216;<\/p>\n","protected":false},"featured_media":48560,"comment_status":"open","ping_status":"closed","template":"","meta":[],"product_brand":[],"product_cat":[10760],"product_tag":[11169],"class_list":{"0":"post-48559","1":"product","2":"type-product","3":"status-publish","4":"has-post-thumbnail","6":"product_cat-adidas","7":"product_tag-small-special-price","8":"wcpa_has_options","10":"first","11":"outofstock","12":"taxable","13":"shipping-taxable","14":"purchasable","15":"product-type-simple"},"wcpa_form_fields":{"rules":{"pric_overide_base_price":false,"pric_overide_base_price_if_gt_zero":false,"pric_overide_base_price_fully":false,"pric_cal_option_once":false,"pric_use_as_fee":false,"bind_quantity":false,"quantity_bind_formula":false},"fields":[{"type":"color-group","required":true,"elementId":"wcpa-color-group-66c4a7f817afe","label":"Gr\u00f6\u00dfe","inline":true,"priceOptions":"different_for_all","pricingType":"fixed","className":"hassizechart product-shoes-size-eu product-shoes-size","name":"color-group-66c4a7f817b18","disp_type":"square","selection_type":"tick-border","disp_size":"50","show_label_inside":true,"adjust_width":true,"cart_display_type":"text","other_text":"Other","cl_rule":"show","col":6,"values":[{"label":"35","value":"EU 35","price":"","pimage":"","pimage_id":"","pthumb":"","color":""},{"label":"35.5","value":"EU 35.5","price":"","pimage":"","pimage_id":"","pthumb":"","color":""},{"label":"36","value":"EU 36","price":"","pimage":"","pimage_id":"","pthumb":"","color":"","selected":true},{"label":"36 2\/3","value":"EU 36 2\/3","price":"","pimage":"","pimage_id":"","pthumb":"","color":""},{"label":"37 1\/3","value":"EU 37 1\/3","price":"","pimage":"","pimage_id":"","pthumb":"","color":""},{"label":"38","value":"EU 38","price":"","pimage":"","pimage_id":"","pthumb":"","color":""},{"label":"38 2\/3","value":"EU 38 2\/3","price":"","pimage":"","pimage_id":"","pthumb":"","color":""},{"label":"39 1\/3","value":"EU 39 1\/3","price":"","pimage":"","pimage_id":"","pthumb":"","color":""},{"label":"40","value":"EU 40","price":"","pimage":"","pimage_id":"","pthumb":"","color":""},{"label":"40 2\/3","value":"EU 40 2\/3","price":"","pimage":"","pimage_id":"","pthumb":"","color":""},{"label":"41 1\/3","value":"EU 41 1\/3","price":"","pimage":"","pimage_id":"","pthumb":"","color":""},{"label":"42","value":"EU 42","price":"","pimage":"","pimage_id":"","pthumb":"","color":""},{"label":"42 2\/3","value":"EU 42 2\/3","price":"","pimage":"","pimage_id":"","pthumb":"","color":""},{"label":"43 1\/3","value":"EU 43 1\/3","price":"","pimage":"","pimage_id":"","pthumb":"","color":""},{"label":"44","value":"EU 44","price":"","pimage":"","pimage_id":"","pthumb":"","color":""},{"label":"44 2\/3","value":"EU 44 2\/3","price":"","pimage":"","pimage_id":"","pthumb":"","color":""},{"label":"45 1\/3","value":"EU 45 1\/3","price":"","pimage":"","pimage_id":"","pthumb":"","color":""},{"label":"46","value":"EU 46","price":"","pimage":"","pimage_id":"","pthumb":"","color":""},{"label":"46 2\/3","value":"EU 46 2\/3","price":"","pimage":"","pimage_id":"","pthumb":"","color":""},{"label":"47 1\/3","value":"EU 47 1\/3","price":"","pimage":"","pimage_id":"","pthumb":"","color":""}],"relations":[{"operator":false,"rules":[]}],"form_id":24802,"form_rules":{"pric_cal_option_once":false,"exclude_from_discount":false,"pric_use_as_fee":false,"fee_label":"Fee","render_after_acb":false,"disp_hide_options_price":false}}]},"yoast_head":"<!-- This site is optimized with the Yoast SEO plugin v26.5 - https:\/\/yoast.com\/wordpress\/plugins\/seo\/ -->\n<title>adidas Retrocross 24 Spikeless &#039;Chalk White&#039;  - Tourcruiser PTE. LTD<\/title>\n<meta name=\"robots\" content=\"index, follow, max-snippet:-1, max-image-preview:large, max-video-preview:-1\" \/>\n<link rel=\"canonical\" href=\"https:\/\/tourcruiser.com\/de\/products\/adidas-retrocross-24-spikeless-chalk-white\/\" \/>\n<meta property=\"og:locale\" content=\"de_DE\" \/>\n<meta property=\"og:type\" content=\"article\" \/>\n<meta property=\"og:title\" content=\"adidas Retrocross 24 Spikeless &#039;Chalk White&#039;  - Tourcruiser PTE. LTD\" \/>\n<meta property=\"og:description\" content=\"adidas Retrocross 24 Spikeless &#039;Chalk White&#039;\" \/>\n<meta property=\"og:url\" content=\"https:\/\/tourcruiser.com\/de\/products\/adidas-retrocross-24-spikeless-chalk-white\/\" \/>\n<meta property=\"og:site_name\" content=\"Tourcruiser Sneaker Store\" \/>\n<meta property=\"article:modified_time\" content=\"2026-03-27T17:56:28+00:00\" \/>\n<meta name=\"twitter:card\" content=\"summary_large_image\" \/>\n<meta name=\"twitter:image\" content=\"https:\/\/images.novelship.com\/product\/adidas_retrocross_24_spikeless__chalk_white__id869_0_81035.jpeg;https:\/\/images.novelship.com\/product\/adidas_retrocross_24_spikeless__chalk_white__id869_1_81035.jpeg;https:\/\/images.novelship.com\/product\/adidas_retrocross_24_spikeless__chalk_white__id869_2_81035.jpeg;https:\/\/images.novelship.com\/product\/adidas_retrocross_24_spikeless__chalk_white__id869_3_81035.jpeg;https:\/\/images.novelship.com\/product\/adidas_retrocross_24_spikeless__chalk_white__id869_4_81035.jpeg;https:\/\/images.novelship.com\/product\/adidas_retrocross_24_spikeless__chalk_white__id869_5_81035.jpeg;https:\/\/images.novelship.com\/product\/adidas_retrocross_24_spikeless__chalk_white__id869_6_81035.jpeg;https:\/\/images.novelship.com\/product\/adidas_retrocross_24_spikeless__chalk_white__id869_7_81035.jpeg;https:\/\/images.novelship.com\/product\/adidas_retrocross_24_spikeless__chalk_white__id869_8_81035.jpeg\" \/>\n<meta name=\"twitter:label1\" content=\"Gesch\u00e4tzte Lesezeit\" \/>\n\t<meta name=\"twitter:data1\" content=\"1\u00a0Minute\" \/>\n<script type=\"application\/ld+json\" class=\"yoast-schema-graph\">{\"@context\":\"https:\/\/schema.org\",\"@graph\":[{\"@type\":\"WebPage\",\"@id\":\"https:\/\/tourcruiser.com\/de\/products\/adidas-retrocross-24-spikeless-chalk-white\/\",\"url\":\"https:\/\/tourcruiser.com\/de\/products\/adidas-retrocross-24-spikeless-chalk-white\/\",\"name\":\"adidas Retrocross 24 Spikeless 'Chalk White' - Tourcruiser PTE. LTD\",\"isPartOf\":{\"@id\":\"https:\/\/tourcruiser.com\/de\/#website\"},\"primaryImageOfPage\":{\"@id\":\"https:\/\/tourcruiser.com\/de\/products\/adidas-retrocross-24-spikeless-chalk-white\/#primaryimage\"},\"image\":{\"@id\":\"https:\/\/tourcruiser.com\/de\/products\/adidas-retrocross-24-spikeless-chalk-white\/#primaryimage\"},\"thumbnailUrl\":\"https:\/\/images.novelship.com\/product\/adidas_retrocross_24_spikeless__chalk_white__id869_0_81035.jpeg;https:\/\/images.novelship.com\/product\/adidas_retrocross_24_spikeless__chalk_white__id869_1_81035.jpeg;https:\/\/images.novelship.com\/product\/adidas_retrocross_24_spikeless__chalk_white__id869_2_81035.jpeg;https:\/\/images.novelship.com\/product\/adidas_retrocross_24_spikeless__chalk_white__id869_3_81035.jpeg;https:\/\/images.novelship.com\/product\/adidas_retrocross_24_spikeless__chalk_white__id869_4_81035.jpeg;https:\/\/images.novelship.com\/product\/adidas_retrocross_24_spikeless__chalk_white__id869_5_81035.jpeg;https:\/\/images.novelship.com\/product\/adidas_retrocross_24_spikeless__chalk_white__id869_6_81035.jpeg;https:\/\/images.novelship.com\/product\/adidas_retrocross_24_spikeless__chalk_white__id869_7_81035.jpeg;https:\/\/images.novelship.com\/product\/adidas_retrocross_24_spikeless__chalk_white__id869_8_81035.jpeg\",\"datePublished\":\"2026-03-02T08:05:58+00:00\",\"dateModified\":\"2026-03-27T17:56:28+00:00\",\"breadcrumb\":{\"@id\":\"https:\/\/tourcruiser.com\/de\/products\/adidas-retrocross-24-spikeless-chalk-white\/#breadcrumb\"},\"inLanguage\":\"de\",\"potentialAction\":[{\"@type\":\"ReadAction\",\"target\":[\"https:\/\/tourcruiser.com\/de\/products\/adidas-retrocross-24-spikeless-chalk-white\/\"]}]},{\"@type\":\"ImageObject\",\"inLanguage\":\"de\",\"@id\":\"https:\/\/tourcruiser.com\/de\/products\/adidas-retrocross-24-spikeless-chalk-white\/#primaryimage\",\"url\":\"https:\/\/images.novelship.com\/product\/adidas_retrocross_24_spikeless__chalk_white__id869_0_81035.jpeg;https:\/\/images.novelship.com\/product\/adidas_retrocross_24_spikeless__chalk_white__id869_1_81035.jpeg;https:\/\/images.novelship.com\/product\/adidas_retrocross_24_spikeless__chalk_white__id869_2_81035.jpeg;https:\/\/images.novelship.com\/product\/adidas_retrocross_24_spikeless__chalk_white__id869_3_81035.jpeg;https:\/\/images.novelship.com\/product\/adidas_retrocross_24_spikeless__chalk_white__id869_4_81035.jpeg;https:\/\/images.novelship.com\/product\/adidas_retrocross_24_spikeless__chalk_white__id869_5_81035.jpeg;https:\/\/images.novelship.com\/product\/adidas_retrocross_24_spikeless__chalk_white__id869_6_81035.jpeg;https:\/\/images.novelship.com\/product\/adidas_retrocross_24_spikeless__chalk_white__id869_7_81035.jpeg;https:\/\/images.novelship.com\/product\/adidas_retrocross_24_spikeless__chalk_white__id869_8_81035.jpeg\",\"contentUrl\":\"https:\/\/images.novelship.com\/product\/adidas_retrocross_24_spikeless__chalk_white__id869_0_81035.jpeg;https:\/\/images.novelship.com\/product\/adidas_retrocross_24_spikeless__chalk_white__id869_1_81035.jpeg;https:\/\/images.novelship.com\/product\/adidas_retrocross_24_spikeless__chalk_white__id869_2_81035.jpeg;https:\/\/images.novelship.com\/product\/adidas_retrocross_24_spikeless__chalk_white__id869_3_81035.jpeg;https:\/\/images.novelship.com\/product\/adidas_retrocross_24_spikeless__chalk_white__id869_4_81035.jpeg;https:\/\/images.novelship.com\/product\/adidas_retrocross_24_spikeless__chalk_white__id869_5_81035.jpeg;https:\/\/images.novelship.com\/product\/adidas_retrocross_24_spikeless__chalk_white__id869_6_81035.jpeg;https:\/\/images.novelship.com\/product\/adidas_retrocross_24_spikeless__chalk_white__id869_7_81035.jpeg;https:\/\/images.novelship.com\/product\/adidas_retrocross_24_spikeless__chalk_white__id869_8_81035.jpeg\"},{\"@type\":\"BreadcrumbList\",\"@id\":\"https:\/\/tourcruiser.com\/de\/products\/adidas-retrocross-24-spikeless-chalk-white\/#breadcrumb\",\"itemListElement\":[{\"@type\":\"ListItem\",\"position\":1,\"name\":\"Home\",\"item\":\"https:\/\/tourcruiser.com\/de\/\"},{\"@type\":\"ListItem\",\"position\":2,\"name\":\"Shop\",\"item\":\"https:\/\/tourcruiser.com\/de\/shop\/\"},{\"@type\":\"ListItem\",\"position\":3,\"name\":\"adidas Retrocross 24 Spikeless 'Chalk White'\"}]},{\"@type\":\"WebSite\",\"@id\":\"https:\/\/tourcruiser.com\/de\/#website\",\"url\":\"https:\/\/tourcruiser.com\/de\/\",\"name\":\"Styloral Jewelry Shop\",\"description\":\"Tourcruiser Sneaker Store \u2014 der Ort, an dem das Universum deine Einzigartigkeit trifft.\",\"publisher\":{\"@id\":\"https:\/\/tourcruiser.com\/de\/#organization\"},\"potentialAction\":[{\"@type\":\"SearchAction\",\"target\":{\"@type\":\"EntryPoint\",\"urlTemplate\":\"https:\/\/tourcruiser.com\/de\/?s={search_term_string}\"},\"query-input\":{\"@type\":\"PropertyValueSpecification\",\"valueRequired\":true,\"valueName\":\"search_term_string\"}}],\"inLanguage\":\"de\"},{\"@type\":\"Organization\",\"@id\":\"https:\/\/tourcruiser.com\/de\/#organization\",\"name\":\"STYLORAL PTE. LTD\",\"url\":\"https:\/\/tourcruiser.com\/de\/\",\"logo\":{\"@type\":\"ImageObject\",\"inLanguage\":\"de\",\"@id\":\"https:\/\/tourcruiser.com\/de\/#\/schema\/logo\/image\/\",\"url\":\"https:\/\/www.tourcruiser.com\/wp-content\/uploads\/2025\/12\/logo.png\",\"contentUrl\":\"https:\/\/www.tourcruiser.com\/wp-content\/uploads\/2025\/12\/logo.png\",\"width\":200,\"height\":65,\"caption\":\"STYLORAL PTE. LTD\"},\"image\":{\"@id\":\"https:\/\/tourcruiser.com\/de\/#\/schema\/logo\/image\/\"}}]}<\/script>\n<!-- \/ Yoast SEO plugin. -->","yoast_head_json":{"title":"adidas Retrocross 24 Spikeless 'Chalk White'  - Tourcruiser PTE. LTD","robots":{"index":"index","follow":"follow","max-snippet":"max-snippet:-1","max-image-preview":"max-image-preview:large","max-video-preview":"max-video-preview:-1"},"canonical":"https:\/\/tourcruiser.com\/de\/products\/adidas-retrocross-24-spikeless-chalk-white\/","og_locale":"de_DE","og_type":"article","og_title":"adidas Retrocross 24 Spikeless 'Chalk White'  - Tourcruiser PTE. LTD","og_description":"adidas Retrocross 24 Spikeless 'Chalk White'","og_url":"https:\/\/tourcruiser.com\/de\/products\/adidas-retrocross-24-spikeless-chalk-white\/","og_site_name":"Tourcruiser Sneaker Store","article_modified_time":"2026-03-27T17:56:28+00:00","twitter_card":"summary_large_image","twitter_image":"https:\/\/images.novelship.com\/product\/adidas_retrocross_24_spikeless__chalk_white__id869_0_81035.jpeg;https:\/\/images.novelship.com\/product\/adidas_retrocross_24_spikeless__chalk_white__id869_1_81035.jpeg;https:\/\/images.novelship.com\/product\/adidas_retrocross_24_spikeless__chalk_white__id869_2_81035.jpeg;https:\/\/images.novelship.com\/product\/adidas_retrocross_24_spikeless__chalk_white__id869_3_81035.jpeg;https:\/\/images.novelship.com\/product\/adidas_retrocross_24_spikeless__chalk_white__id869_4_81035.jpeg;https:\/\/images.novelship.com\/product\/adidas_retrocross_24_spikeless__chalk_white__id869_5_81035.jpeg;https:\/\/images.novelship.com\/product\/adidas_retrocross_24_spikeless__chalk_white__id869_6_81035.jpeg;https:\/\/images.novelship.com\/product\/adidas_retrocross_24_spikeless__chalk_white__id869_7_81035.jpeg;https:\/\/images.novelship.com\/product\/adidas_retrocross_24_spikeless__chalk_white__id869_8_81035.jpeg","twitter_misc":{"Gesch\u00e4tzte Lesezeit":"1\u00a0Minute"},"schema":{"@context":"https:\/\/schema.org","@graph":[{"@type":"WebPage","@id":"https:\/\/tourcruiser.com\/de\/products\/adidas-retrocross-24-spikeless-chalk-white\/","url":"https:\/\/tourcruiser.com\/de\/products\/adidas-retrocross-24-spikeless-chalk-white\/","name":"adidas Retrocross 24 Spikeless 'Chalk White' - Tourcruiser PTE. LTD","isPartOf":{"@id":"https:\/\/tourcruiser.com\/de\/#website"},"primaryImageOfPage":{"@id":"https:\/\/tourcruiser.com\/de\/products\/adidas-retrocross-24-spikeless-chalk-white\/#primaryimage"},"image":{"@id":"https:\/\/tourcruiser.com\/de\/products\/adidas-retrocross-24-spikeless-chalk-white\/#primaryimage"},"thumbnailUrl":"https:\/\/images.novelship.com\/product\/adidas_retrocross_24_spikeless__chalk_white__id869_0_81035.jpeg;https:\/\/images.novelship.com\/product\/adidas_retrocross_24_spikeless__chalk_white__id869_1_81035.jpeg;https:\/\/images.novelship.com\/product\/adidas_retrocross_24_spikeless__chalk_white__id869_2_81035.jpeg;https:\/\/images.novelship.com\/product\/adidas_retrocross_24_spikeless__chalk_white__id869_3_81035.jpeg;https:\/\/images.novelship.com\/product\/adidas_retrocross_24_spikeless__chalk_white__id869_4_81035.jpeg;https:\/\/images.novelship.com\/product\/adidas_retrocross_24_spikeless__chalk_white__id869_5_81035.jpeg;https:\/\/images.novelship.com\/product\/adidas_retrocross_24_spikeless__chalk_white__id869_6_81035.jpeg;https:\/\/images.novelship.com\/product\/adidas_retrocross_24_spikeless__chalk_white__id869_7_81035.jpeg;https:\/\/images.novelship.com\/product\/adidas_retrocross_24_spikeless__chalk_white__id869_8_81035.jpeg","datePublished":"2026-03-02T08:05:58+00:00","dateModified":"2026-03-27T17:56:28+00:00","breadcrumb":{"@id":"https:\/\/tourcruiser.com\/de\/products\/adidas-retrocross-24-spikeless-chalk-white\/#breadcrumb"},"inLanguage":"de","potentialAction":[{"@type":"ReadAction","target":["https:\/\/tourcruiser.com\/de\/products\/adidas-retrocross-24-spikeless-chalk-white\/"]}]},{"@type":"ImageObject","inLanguage":"de","@id":"https:\/\/tourcruiser.com\/de\/products\/adidas-retrocross-24-spikeless-chalk-white\/#primaryimage","url":"https:\/\/images.novelship.com\/product\/adidas_retrocross_24_spikeless__chalk_white__id869_0_81035.jpeg;https:\/\/images.novelship.com\/product\/adidas_retrocross_24_spikeless__chalk_white__id869_1_81035.jpeg;https:\/\/images.novelship.com\/product\/adidas_retrocross_24_spikeless__chalk_white__id869_2_81035.jpeg;https:\/\/images.novelship.com\/product\/adidas_retrocross_24_spikeless__chalk_white__id869_3_81035.jpeg;https:\/\/images.novelship.com\/product\/adidas_retrocross_24_spikeless__chalk_white__id869_4_81035.jpeg;https:\/\/images.novelship.com\/product\/adidas_retrocross_24_spikeless__chalk_white__id869_5_81035.jpeg;https:\/\/images.novelship.com\/product\/adidas_retrocross_24_spikeless__chalk_white__id869_6_81035.jpeg;https:\/\/images.novelship.com\/product\/adidas_retrocross_24_spikeless__chalk_white__id869_7_81035.jpeg;https:\/\/images.novelship.com\/product\/adidas_retrocross_24_spikeless__chalk_white__id869_8_81035.jpeg","contentUrl":"https:\/\/images.novelship.com\/product\/adidas_retrocross_24_spikeless__chalk_white__id869_0_81035.jpeg;https:\/\/images.novelship.com\/product\/adidas_retrocross_24_spikeless__chalk_white__id869_1_81035.jpeg;https:\/\/images.novelship.com\/product\/adidas_retrocross_24_spikeless__chalk_white__id869_2_81035.jpeg;https:\/\/images.novelship.com\/product\/adidas_retrocross_24_spikeless__chalk_white__id869_3_81035.jpeg;https:\/\/images.novelship.com\/product\/adidas_retrocross_24_spikeless__chalk_white__id869_4_81035.jpeg;https:\/\/images.novelship.com\/product\/adidas_retrocross_24_spikeless__chalk_white__id869_5_81035.jpeg;https:\/\/images.novelship.com\/product\/adidas_retrocross_24_spikeless__chalk_white__id869_6_81035.jpeg;https:\/\/images.novelship.com\/product\/adidas_retrocross_24_spikeless__chalk_white__id869_7_81035.jpeg;https:\/\/images.novelship.com\/product\/adidas_retrocross_24_spikeless__chalk_white__id869_8_81035.jpeg"},{"@type":"BreadcrumbList","@id":"https:\/\/tourcruiser.com\/de\/products\/adidas-retrocross-24-spikeless-chalk-white\/#breadcrumb","itemListElement":[{"@type":"ListItem","position":1,"name":"Home","item":"https:\/\/tourcruiser.com\/de\/"},{"@type":"ListItem","position":2,"name":"Shop","item":"https:\/\/tourcruiser.com\/de\/shop\/"},{"@type":"ListItem","position":3,"name":"adidas Retrocross 24 Spikeless 'Chalk White'"}]},{"@type":"WebSite","@id":"https:\/\/tourcruiser.com\/de\/#website","url":"https:\/\/tourcruiser.com\/de\/","name":"Styloral Jewelry Shop","description":"Tourcruiser Sneaker Store \u2014 der Ort, an dem das Universum deine Einzigartigkeit trifft.","publisher":{"@id":"https:\/\/tourcruiser.com\/de\/#organization"},"potentialAction":[{"@type":"SearchAction","target":{"@type":"EntryPoint","urlTemplate":"https:\/\/tourcruiser.com\/de\/?s={search_term_string}"},"query-input":{"@type":"PropertyValueSpecification","valueRequired":true,"valueName":"search_term_string"}}],"inLanguage":"de"},{"@type":"Organization","@id":"https:\/\/tourcruiser.com\/de\/#organization","name":"STYLORAL PTE. LTD","url":"https:\/\/tourcruiser.com\/de\/","logo":{"@type":"ImageObject","inLanguage":"de","@id":"https:\/\/tourcruiser.com\/de\/#\/schema\/logo\/image\/","url":"https:\/\/www.tourcruiser.com\/wp-content\/uploads\/2025\/12\/logo.png","contentUrl":"https:\/\/www.tourcruiser.com\/wp-content\/uploads\/2025\/12\/logo.png","width":200,"height":65,"caption":"STYLORAL PTE. LTD"},"image":{"@id":"https:\/\/tourcruiser.com\/de\/#\/schema\/logo\/image\/"}}]}},"_links":{"self":[{"href":"https:\/\/tourcruiser.com\/de\/wp-json\/wp\/v2\/product\/48559","targetHints":{"allow":["GET"]}}],"collection":[{"href":"https:\/\/tourcruiser.com\/de\/wp-json\/wp\/v2\/product"}],"about":[{"href":"https:\/\/tourcruiser.com\/de\/wp-json\/wp\/v2\/types\/product"}],"replies":[{"embeddable":true,"href":"https:\/\/tourcruiser.com\/de\/wp-json\/wp\/v2\/comments?post=48559"}],"wp:featuredmedia":[{"embeddable":true,"href":"https:\/\/tourcruiser.com\/de\/wp-json\/wp\/v2\/media\/48560"}],"wp:attachment":[{"href":"https:\/\/tourcruiser.com\/de\/wp-json\/wp\/v2\/media?parent=48559"}],"wp:term":[{"taxonomy":"product_brand","embeddable":true,"href":"https:\/\/tourcruiser.com\/de\/wp-json\/wp\/v2\/product_brand?post=48559"},{"taxonomy":"product_cat","embeddable":true,"href":"https:\/\/tourcruiser.com\/de\/wp-json\/wp\/v2\/product_cat?post=48559"},{"taxonomy":"product_tag","embeddable":true,"href":"https:\/\/tourcruiser.com\/de\/wp-json\/wp\/v2\/product_tag?post=48559"}],"curies":[{"name":"wp","href":"https:\/\/api.w.org\/{rel}","templated":true}]}}