{"id":47890,"date":"2026-03-02T15:05:06","date_gmt":"2026-03-02T08:05:06","guid":{"rendered":"http:\/\/tourcruiser.com\/product\/travis-scott-x-nike-air-trainer-1-sp-wheat"},"modified":"2026-03-02T15:05:06","modified_gmt":"2026-03-02T08:05:06","slug":"travis-scott-x-nike-air-trainer-1-sp-wheat","status":"publish","type":"product","link":"https:\/\/tourcruiser.com\/de\/products\/travis-scott-x-nike-air-trainer-1-sp-wheat\/","title":{"rendered":"Travis Scott x Nike Air Trainer 1 SP &#8218;Wheat&#8216;"},"content":{"rendered":"<p>Die Travis Scott x Nike Air Trainer 1 SP Wheat Sneaker von Nike bieten stylische und leistungsstarke Schuhe. In Zusammenarbeit mit Travis Scott entstanden, bestechen diese Sneaker durch ihr Weizenfarbschema und hochwertige Materialien f\u00fcr einen einzigartigen und trendigen Look. Dank Nikes bekanntem Ruf f\u00fcr Qualit\u00e4t und Langlebigkeit vereinen diese Sneaker Style und Performance. Diese Sneaker sind ideal f\u00fcr Freizeit und Sport und ein Must-have f\u00fcr jede Sneaker-Sammlung.<\/p>\n<ul>\n<li><strong>Farbgebung:<\/strong> Hellbraun\/Rostrosa\/Archaeobraun<\/li>\n<li><strong>Artikelnummer:<\/strong> DR7515-200<\/li>\n<li><strong>Obermaterial:<\/strong> Textil<\/li>\n<li><strong>Zwischensohle:<\/strong> Air<\/li>\n<li><strong>Farbe:<\/strong> Braun<\/li>\n<li><strong>Saison:<\/strong> Fr\u00fchling<\/li>\n<li><strong>Erscheinungsjahr:<\/strong> 2022<\/li>\n<\/ul>\n","protected":false},"excerpt":{"rendered":"<p>Nike Air Trainer 1 SP \u201d\u201d Light Chocolate\/Rust Pink\/Archaeo Brown<\/p>\n","protected":false},"featured_media":47891,"comment_status":"open","ping_status":"closed","template":"","meta":[],"product_brand":[],"product_cat":[10803],"product_tag":[10750,10751,10752,10753,10754,17317,10801,10756,11671,11672,10785,10786,10758],"class_list":{"0":"post-47890","1":"product","2":"type-product","3":"status-publish","4":"has-post-thumbnail","6":"product_cat-nike","7":"product_tag-athleisure-shoes","8":"product_tag-best-seller","9":"product_tag-gallery-look","10":"product_tag-gift-for-him","11":"product_tag-lifestyle-casual-shoes","12":"product_tag-lifestyle-shoes-training-inspired","13":"product_tag-nike","14":"product_tag-retro-casual-shoes","15":"product_tag-travis-scott-collection","16":"product_tag-travis-scott-shoes","17":"product_tag-trending-deals","18":"product_tag-trending-deals-under-150","19":"product_tag-under-retail","20":"wcpa_has_options","22":"first","23":"instock","24":"taxable","25":"shipping-taxable","26":"purchasable","27":"product-type-simple"},"wcpa_form_fields":{"rules":{"pric_overide_base_price":false,"pric_overide_base_price_if_gt_zero":false,"pric_overide_base_price_fully":false,"pric_cal_option_once":false,"pric_use_as_fee":false,"bind_quantity":false,"quantity_bind_formula":false},"fields":[{"type":"color-group","required":true,"elementId":"wcpa-color-group-66c4a75505e74","label":"Gr\u00f6\u00dfe - EU Gr\u00f6\u00dfe","inline":true,"priceOptions":"different_for_all","pricingType":"fixed","className":"hassizechart product-shoes-size-eu product-shoes-size","name":"color-group-66c4a75505e89","disp_type":"square","selection_type":"tick-border","disp_size":"44","show_label_inside":true,"adjust_width":true,"cart_display_type":"text","other_text":"Other","cl_rule":"show","col":6,"values":[{"label":"35.5","value":"EU 35.5","price":"","pimage":"","pimage_id":"","pthumb":"","color":""},{"label":"36","value":"EU 36","price":"","pimage":"","pimage_id":"","pthumb":"","color":"","selected":true},{"label":"36.5","value":"EU 36.5","price":"","pimage":"","pimage_id":"","pthumb":"","color":""},{"label":"37.5","value":"EU 37.5","price":"","pimage":"","pimage_id":"","pthumb":"","color":""},{"label":"38","value":"EU 38","price":"","pimage":"","pimage_id":"","pthumb":"","color":""},{"label":"38.5","value":"EU 38.5","price":"","pimage":"","pimage_id":"","pthumb":"","color":""},{"label":"39","value":"EU 39","price":"","pimage":"","pimage_id":"","pthumb":"","color":""},{"label":"40","value":"EU 40","price":"","pimage":"","pimage_id":"","pthumb":"","color":""},{"label":"40.5","value":"EU 40.5","price":"","pimage":"","pimage_id":"","pthumb":"","color":""},{"label":"41","value":"EU 41","price":"","pimage":"","pimage_id":"","pthumb":"","color":""},{"label":"42","value":"EU 42","price":"","pimage":"","pimage_id":"","pthumb":"","color":""},{"label":"42.5","value":"EU 42.5","price":"","pimage":"","pimage_id":"","pthumb":"","color":""},{"label":"43","value":"EU 43","price":"","pimage":"","pimage_id":"","pthumb":"","color":""},{"label":"44","value":"EU 44","price":"","pimage":"","pimage_id":"","pthumb":"","color":""},{"label":"44.5","value":"EU 44.5","price":"","pimage":"","pimage_id":"","pthumb":"","color":""},{"label":"45","value":"EU 45","price":"","pimage":"","pimage_id":"","pthumb":"","color":""},{"label":"45.5","value":"EU 45.5","price":"","pimage":"","pimage_id":"","pthumb":"","color":""},{"label":"46","value":"EU 46","price":"","pimage":"","pimage_id":"","pthumb":"","color":""},{"label":"47","value":"EU 47","price":"","pimage":"","pimage_id":"","pthumb":"","color":""},{"label":"47.5","value":"EU 47.5","price":"","pimage":"","pimage_id":"","pthumb":"","color":""},{"label":"48","value":"EU 48","price":"","pimage":"","pimage_id":"","pthumb":"","color":""}],"relations":[{"operator":false,"rules":[]}],"form_id":18106,"form_rules":{"pric_cal_option_once":false,"exclude_from_discount":false,"pric_use_as_fee":false,"fee_label":"Fee","render_after_acb":false,"disp_hide_options_price":false}}]},"yoast_head":"<!-- This site is optimized with the Yoast SEO plugin v26.5 - https:\/\/yoast.com\/wordpress\/plugins\/seo\/ -->\n<title>Travis Scott x Nike Air Trainer 1 SP &#039;Wheat&#039;  - Tourcruiser PTE. LTD<\/title>\n<meta name=\"robots\" content=\"index, follow, max-snippet:-1, max-image-preview:large, max-video-preview:-1\" \/>\n<link rel=\"canonical\" href=\"https:\/\/tourcruiser.com\/de\/products\/travis-scott-x-nike-air-trainer-1-sp-wheat\/\" \/>\n<meta property=\"og:locale\" content=\"de_DE\" \/>\n<meta property=\"og:type\" content=\"article\" \/>\n<meta property=\"og:title\" content=\"Travis Scott x Nike Air Trainer 1 SP &#039;Wheat&#039;  - Tourcruiser PTE. LTD\" \/>\n<meta property=\"og:description\" content=\"Nike Air Trainer 1 SP \u201d\u201d Light Chocolate\/Rust Pink\/Archaeo Brown\" \/>\n<meta property=\"og:url\" content=\"https:\/\/tourcruiser.com\/de\/products\/travis-scott-x-nike-air-trainer-1-sp-wheat\/\" \/>\n<meta property=\"og:site_name\" content=\"Tourcruiser Sneaker Store\" \/>\n<meta name=\"twitter:card\" content=\"summary_large_image\" \/>\n<meta name=\"twitter:image\" content=\"https:\/\/images.novelship.com\/product\/travis_scott_x_nike_air_trainer_1_sp__wheat__dr751_0_41018.jpeg\" \/>\n<script type=\"application\/ld+json\" class=\"yoast-schema-graph\">{\"@context\":\"https:\/\/schema.org\",\"@graph\":[{\"@type\":\"WebPage\",\"@id\":\"https:\/\/tourcruiser.com\/de\/products\/travis-scott-x-nike-air-trainer-1-sp-wheat\/\",\"url\":\"https:\/\/tourcruiser.com\/de\/products\/travis-scott-x-nike-air-trainer-1-sp-wheat\/\",\"name\":\"Travis Scott x Nike Air Trainer 1 SP 'Wheat' - Tourcruiser PTE. LTD\",\"isPartOf\":{\"@id\":\"https:\/\/tourcruiser.com\/de\/#website\"},\"primaryImageOfPage\":{\"@id\":\"https:\/\/tourcruiser.com\/de\/products\/travis-scott-x-nike-air-trainer-1-sp-wheat\/#primaryimage\"},\"image\":{\"@id\":\"https:\/\/tourcruiser.com\/de\/products\/travis-scott-x-nike-air-trainer-1-sp-wheat\/#primaryimage\"},\"thumbnailUrl\":\"https:\/\/images.novelship.com\/product\/travis_scott_x_nike_air_trainer_1_sp__wheat__dr751_0_41018.jpeg\",\"datePublished\":\"2026-03-02T08:05:06+00:00\",\"breadcrumb\":{\"@id\":\"https:\/\/tourcruiser.com\/de\/products\/travis-scott-x-nike-air-trainer-1-sp-wheat\/#breadcrumb\"},\"inLanguage\":\"de\",\"potentialAction\":[{\"@type\":\"ReadAction\",\"target\":[\"https:\/\/tourcruiser.com\/de\/products\/travis-scott-x-nike-air-trainer-1-sp-wheat\/\"]}]},{\"@type\":\"ImageObject\",\"inLanguage\":\"de\",\"@id\":\"https:\/\/tourcruiser.com\/de\/products\/travis-scott-x-nike-air-trainer-1-sp-wheat\/#primaryimage\",\"url\":\"https:\/\/images.novelship.com\/product\/travis_scott_x_nike_air_trainer_1_sp__wheat__dr751_0_41018.jpeg\",\"contentUrl\":\"https:\/\/images.novelship.com\/product\/travis_scott_x_nike_air_trainer_1_sp__wheat__dr751_0_41018.jpeg\"},{\"@type\":\"BreadcrumbList\",\"@id\":\"https:\/\/tourcruiser.com\/de\/products\/travis-scott-x-nike-air-trainer-1-sp-wheat\/#breadcrumb\",\"itemListElement\":[{\"@type\":\"ListItem\",\"position\":1,\"name\":\"Home\",\"item\":\"https:\/\/tourcruiser.com\/de\/\"},{\"@type\":\"ListItem\",\"position\":2,\"name\":\"Shop\",\"item\":\"https:\/\/tourcruiser.com\/de\/shop\/\"},{\"@type\":\"ListItem\",\"position\":3,\"name\":\"Travis Scott x Nike Air Trainer 1 SP 'Wheat'\"}]},{\"@type\":\"WebSite\",\"@id\":\"https:\/\/tourcruiser.com\/de\/#website\",\"url\":\"https:\/\/tourcruiser.com\/de\/\",\"name\":\"Styloral Jewelry Shop\",\"description\":\"Tourcruiser Sneaker Store \u2014 der Ort, an dem das Universum deine Einzigartigkeit trifft.\",\"publisher\":{\"@id\":\"https:\/\/tourcruiser.com\/de\/#organization\"},\"potentialAction\":[{\"@type\":\"SearchAction\",\"target\":{\"@type\":\"EntryPoint\",\"urlTemplate\":\"https:\/\/tourcruiser.com\/de\/?s={search_term_string}\"},\"query-input\":{\"@type\":\"PropertyValueSpecification\",\"valueRequired\":true,\"valueName\":\"search_term_string\"}}],\"inLanguage\":\"de\"},{\"@type\":\"Organization\",\"@id\":\"https:\/\/tourcruiser.com\/de\/#organization\",\"name\":\"STYLORAL PTE. LTD\",\"url\":\"https:\/\/tourcruiser.com\/de\/\",\"logo\":{\"@type\":\"ImageObject\",\"inLanguage\":\"de\",\"@id\":\"https:\/\/tourcruiser.com\/de\/#\/schema\/logo\/image\/\",\"url\":\"https:\/\/www.tourcruiser.com\/wp-content\/uploads\/2025\/12\/logo.png\",\"contentUrl\":\"https:\/\/www.tourcruiser.com\/wp-content\/uploads\/2025\/12\/logo.png\",\"width\":200,\"height\":65,\"caption\":\"STYLORAL PTE. LTD\"},\"image\":{\"@id\":\"https:\/\/tourcruiser.com\/de\/#\/schema\/logo\/image\/\"}}]}<\/script>\n<!-- \/ Yoast SEO plugin. -->","yoast_head_json":{"title":"Travis Scott x Nike Air Trainer 1 SP 'Wheat'  - Tourcruiser PTE. LTD","robots":{"index":"index","follow":"follow","max-snippet":"max-snippet:-1","max-image-preview":"max-image-preview:large","max-video-preview":"max-video-preview:-1"},"canonical":"https:\/\/tourcruiser.com\/de\/products\/travis-scott-x-nike-air-trainer-1-sp-wheat\/","og_locale":"de_DE","og_type":"article","og_title":"Travis Scott x Nike Air Trainer 1 SP 'Wheat'  - Tourcruiser PTE. LTD","og_description":"Nike Air Trainer 1 SP \u201d\u201d Light Chocolate\/Rust Pink\/Archaeo Brown","og_url":"https:\/\/tourcruiser.com\/de\/products\/travis-scott-x-nike-air-trainer-1-sp-wheat\/","og_site_name":"Tourcruiser Sneaker Store","twitter_card":"summary_large_image","twitter_image":"https:\/\/images.novelship.com\/product\/travis_scott_x_nike_air_trainer_1_sp__wheat__dr751_0_41018.jpeg","schema":{"@context":"https:\/\/schema.org","@graph":[{"@type":"WebPage","@id":"https:\/\/tourcruiser.com\/de\/products\/travis-scott-x-nike-air-trainer-1-sp-wheat\/","url":"https:\/\/tourcruiser.com\/de\/products\/travis-scott-x-nike-air-trainer-1-sp-wheat\/","name":"Travis Scott x Nike Air Trainer 1 SP 'Wheat' - Tourcruiser PTE. LTD","isPartOf":{"@id":"https:\/\/tourcruiser.com\/de\/#website"},"primaryImageOfPage":{"@id":"https:\/\/tourcruiser.com\/de\/products\/travis-scott-x-nike-air-trainer-1-sp-wheat\/#primaryimage"},"image":{"@id":"https:\/\/tourcruiser.com\/de\/products\/travis-scott-x-nike-air-trainer-1-sp-wheat\/#primaryimage"},"thumbnailUrl":"https:\/\/images.novelship.com\/product\/travis_scott_x_nike_air_trainer_1_sp__wheat__dr751_0_41018.jpeg","datePublished":"2026-03-02T08:05:06+00:00","breadcrumb":{"@id":"https:\/\/tourcruiser.com\/de\/products\/travis-scott-x-nike-air-trainer-1-sp-wheat\/#breadcrumb"},"inLanguage":"de","potentialAction":[{"@type":"ReadAction","target":["https:\/\/tourcruiser.com\/de\/products\/travis-scott-x-nike-air-trainer-1-sp-wheat\/"]}]},{"@type":"ImageObject","inLanguage":"de","@id":"https:\/\/tourcruiser.com\/de\/products\/travis-scott-x-nike-air-trainer-1-sp-wheat\/#primaryimage","url":"https:\/\/images.novelship.com\/product\/travis_scott_x_nike_air_trainer_1_sp__wheat__dr751_0_41018.jpeg","contentUrl":"https:\/\/images.novelship.com\/product\/travis_scott_x_nike_air_trainer_1_sp__wheat__dr751_0_41018.jpeg"},{"@type":"BreadcrumbList","@id":"https:\/\/tourcruiser.com\/de\/products\/travis-scott-x-nike-air-trainer-1-sp-wheat\/#breadcrumb","itemListElement":[{"@type":"ListItem","position":1,"name":"Home","item":"https:\/\/tourcruiser.com\/de\/"},{"@type":"ListItem","position":2,"name":"Shop","item":"https:\/\/tourcruiser.com\/de\/shop\/"},{"@type":"ListItem","position":3,"name":"Travis Scott x Nike Air Trainer 1 SP 'Wheat'"}]},{"@type":"WebSite","@id":"https:\/\/tourcruiser.com\/de\/#website","url":"https:\/\/tourcruiser.com\/de\/","name":"Styloral Jewelry Shop","description":"Tourcruiser Sneaker Store \u2014 der Ort, an dem das Universum deine Einzigartigkeit trifft.","publisher":{"@id":"https:\/\/tourcruiser.com\/de\/#organization"},"potentialAction":[{"@type":"SearchAction","target":{"@type":"EntryPoint","urlTemplate":"https:\/\/tourcruiser.com\/de\/?s={search_term_string}"},"query-input":{"@type":"PropertyValueSpecification","valueRequired":true,"valueName":"search_term_string"}}],"inLanguage":"de"},{"@type":"Organization","@id":"https:\/\/tourcruiser.com\/de\/#organization","name":"STYLORAL PTE. LTD","url":"https:\/\/tourcruiser.com\/de\/","logo":{"@type":"ImageObject","inLanguage":"de","@id":"https:\/\/tourcruiser.com\/de\/#\/schema\/logo\/image\/","url":"https:\/\/www.tourcruiser.com\/wp-content\/uploads\/2025\/12\/logo.png","contentUrl":"https:\/\/www.tourcruiser.com\/wp-content\/uploads\/2025\/12\/logo.png","width":200,"height":65,"caption":"STYLORAL PTE. LTD"},"image":{"@id":"https:\/\/tourcruiser.com\/de\/#\/schema\/logo\/image\/"}}]}},"_links":{"self":[{"href":"https:\/\/tourcruiser.com\/de\/wp-json\/wp\/v2\/product\/47890","targetHints":{"allow":["GET"]}}],"collection":[{"href":"https:\/\/tourcruiser.com\/de\/wp-json\/wp\/v2\/product"}],"about":[{"href":"https:\/\/tourcruiser.com\/de\/wp-json\/wp\/v2\/types\/product"}],"replies":[{"embeddable":true,"href":"https:\/\/tourcruiser.com\/de\/wp-json\/wp\/v2\/comments?post=47890"}],"wp:featuredmedia":[{"embeddable":true,"href":"https:\/\/tourcruiser.com\/de\/wp-json\/wp\/v2\/media\/47891"}],"wp:attachment":[{"href":"https:\/\/tourcruiser.com\/de\/wp-json\/wp\/v2\/media?parent=47890"}],"wp:term":[{"taxonomy":"product_brand","embeddable":true,"href":"https:\/\/tourcruiser.com\/de\/wp-json\/wp\/v2\/product_brand?post=47890"},{"taxonomy":"product_cat","embeddable":true,"href":"https:\/\/tourcruiser.com\/de\/wp-json\/wp\/v2\/product_cat?post=47890"},{"taxonomy":"product_tag","embeddable":true,"href":"https:\/\/tourcruiser.com\/de\/wp-json\/wp\/v2\/product_tag?post=47890"}],"curies":[{"name":"wp","href":"https:\/\/api.w.org\/{rel}","templated":true}]}}