{"id":47861,"date":"2026-03-02T15:05:03","date_gmt":"2026-03-02T08:05:03","guid":{"rendered":"http:\/\/tourcruiser.com\/product\/women-adidas-sambae-white-black-gum"},"modified":"2026-03-02T15:05:03","modified_gmt":"2026-03-02T08:05:03","slug":"women-adidas-sambae-white-black-gum","status":"publish","type":"product","link":"https:\/\/tourcruiser.com\/de\/products\/women-adidas-sambae-white-black-gum\/","title":{"rendered":"(Women) adidas Sambae &#8218;White Black Gum&#8216;"},"content":{"rendered":"<p>Erlebe unvergleichlichen Style und Komfort mit den adidas Sambae \u201eCloud White Black\u201c-Sneakers. Diese Kultschuhe vereinen eine klassische Silhouette mit modernen Materialien. Das elegante wei\u00dfe Obermaterial wird durch schwarze Details f\u00fcr einen zeitlosen Look erg\u00e4nzt. Die weiche OrthoLite\u00c2\u00ae-Einlegesohle und die Cloudfoam-D\u00e4mpfung sorgen f\u00fcr au\u00dfergew\u00f6hnlichen Tragekomfort den ganzen Tag. Bereichere deine Garderobe mit der perfekten Fusion aus Mode und Funktion \u201d\u201c ein Schuh, der auf jeder Stra\u00dfe alle Blicke auf sich zieht.<\/p>\n<p>Farbe: Cloud White\/Schwarz<br \/>\nStyle-Code: JI1349<br \/>\nObermaterial: Leder<br \/>\nFarbe: Wei\u00df<\/p>\n<p>Farbe: Wei\u00df<\/p>\n","protected":false},"excerpt":{"rendered":"<p>adidas Sambae \u201d\u201d Cloud White\/Black<\/p>\n","protected":false},"featured_media":47862,"comment_status":"open","ping_status":"closed","template":"","meta":[],"product_brand":[],"product_cat":[10941],"product_tag":[10759,10750,10847,10926,10754,10765,10756,10785,10786,10758],"class_list":{"0":"post-47861","1":"product","2":"type-product","3":"status-publish","4":"has-post-thumbnail","6":"product_cat-adidas-women","7":"product_tag-adidas","8":"product_tag-athleisure-shoes","9":"product_tag-best-finds-under-100","10":"product_tag-gift-for-her","11":"product_tag-lifestyle-casual-shoes","12":"product_tag-lifestyle-shoes-running-inspired","13":"product_tag-retro-casual-shoes","14":"product_tag-trending-deals","15":"product_tag-trending-deals-under-150","16":"product_tag-under-retail","17":"wcpa_has_options","19":"first","20":"instock","21":"taxable","22":"shipping-taxable","23":"purchasable","24":"product-type-simple"},"wcpa_form_fields":{"rules":{"pric_overide_base_price":false,"pric_overide_base_price_if_gt_zero":false,"pric_overide_base_price_fully":false,"pric_cal_option_once":false,"pric_use_as_fee":false,"bind_quantity":false,"quantity_bind_formula":false},"fields":[{"type":"color-group","required":true,"elementId":"wcpa-color-group-66c4a7f817afe","label":"Gr\u00f6\u00dfe","inline":true,"priceOptions":"different_for_all","pricingType":"fixed","className":"hassizechart product-shoes-size-eu product-shoes-size","name":"color-group-66c4a7f817b18","disp_type":"square","selection_type":"tick-border","disp_size":"50","show_label_inside":true,"adjust_width":true,"cart_display_type":"text","other_text":"Other","cl_rule":"show","col":6,"values":[{"label":"35","value":"EU 35","price":"","pimage":"","pimage_id":"","pthumb":"","color":""},{"label":"35.5","value":"EU 35.5","price":"","pimage":"","pimage_id":"","pthumb":"","color":""},{"label":"36","value":"EU 36","price":"","pimage":"","pimage_id":"","pthumb":"","color":"","selected":true},{"label":"36 2\/3","value":"EU 36 2\/3","price":"","pimage":"","pimage_id":"","pthumb":"","color":""},{"label":"37 1\/3","value":"EU 37 1\/3","price":"","pimage":"","pimage_id":"","pthumb":"","color":""},{"label":"38","value":"EU 38","price":"","pimage":"","pimage_id":"","pthumb":"","color":""},{"label":"38 2\/3","value":"EU 38 2\/3","price":"","pimage":"","pimage_id":"","pthumb":"","color":""},{"label":"39 1\/3","value":"EU 39 1\/3","price":"","pimage":"","pimage_id":"","pthumb":"","color":""},{"label":"40","value":"EU 40","price":"","pimage":"","pimage_id":"","pthumb":"","color":""},{"label":"40 2\/3","value":"EU 40 2\/3","price":"","pimage":"","pimage_id":"","pthumb":"","color":""},{"label":"41 1\/3","value":"EU 41 1\/3","price":"","pimage":"","pimage_id":"","pthumb":"","color":""},{"label":"42","value":"EU 42","price":"","pimage":"","pimage_id":"","pthumb":"","color":""},{"label":"42 2\/3","value":"EU 42 2\/3","price":"","pimage":"","pimage_id":"","pthumb":"","color":""},{"label":"43 1\/3","value":"EU 43 1\/3","price":"","pimage":"","pimage_id":"","pthumb":"","color":""},{"label":"44","value":"EU 44","price":"","pimage":"","pimage_id":"","pthumb":"","color":""},{"label":"44 2\/3","value":"EU 44 2\/3","price":"","pimage":"","pimage_id":"","pthumb":"","color":""},{"label":"45 1\/3","value":"EU 45 1\/3","price":"","pimage":"","pimage_id":"","pthumb":"","color":""},{"label":"46","value":"EU 46","price":"","pimage":"","pimage_id":"","pthumb":"","color":""},{"label":"46 2\/3","value":"EU 46 2\/3","price":"","pimage":"","pimage_id":"","pthumb":"","color":""},{"label":"47 1\/3","value":"EU 47 1\/3","price":"","pimage":"","pimage_id":"","pthumb":"","color":""}],"relations":[{"operator":false,"rules":[]}],"form_id":24802,"form_rules":{"pric_cal_option_once":false,"exclude_from_discount":false,"pric_use_as_fee":false,"fee_label":"Fee","render_after_acb":false,"disp_hide_options_price":false}}]},"yoast_head":"<!-- This site is optimized with the Yoast SEO plugin v26.5 - https:\/\/yoast.com\/wordpress\/plugins\/seo\/ -->\n<title>(Women) adidas Sambae &#039;White Black Gum&#039;  - Tourcruiser PTE. LTD<\/title>\n<meta name=\"robots\" content=\"index, follow, max-snippet:-1, max-image-preview:large, max-video-preview:-1\" \/>\n<link rel=\"canonical\" href=\"https:\/\/tourcruiser.com\/de\/products\/women-adidas-sambae-white-black-gum\/\" \/>\n<meta property=\"og:locale\" content=\"de_DE\" \/>\n<meta property=\"og:type\" content=\"article\" \/>\n<meta property=\"og:title\" content=\"(Women) adidas Sambae &#039;White Black Gum&#039;  - Tourcruiser PTE. LTD\" \/>\n<meta property=\"og:description\" content=\"adidas Sambae \u201d\u201d Cloud White\/Black\" \/>\n<meta property=\"og:url\" content=\"https:\/\/tourcruiser.com\/de\/products\/women-adidas-sambae-white-black-gum\/\" \/>\n<meta property=\"og:site_name\" content=\"Tourcruiser Sneaker Store\" \/>\n<meta name=\"twitter:card\" content=\"summary_large_image\" \/>\n<meta name=\"twitter:image\" content=\"https:\/\/images.novelship.com\/product\/_women__adidas_sambae__cloud_white_black__ji1349_0_97973.jpeg\" \/>\n<script type=\"application\/ld+json\" class=\"yoast-schema-graph\">{\"@context\":\"https:\/\/schema.org\",\"@graph\":[{\"@type\":\"WebPage\",\"@id\":\"https:\/\/tourcruiser.com\/de\/products\/women-adidas-sambae-white-black-gum\/\",\"url\":\"https:\/\/tourcruiser.com\/de\/products\/women-adidas-sambae-white-black-gum\/\",\"name\":\"(Women) adidas Sambae 'White Black Gum' - Tourcruiser PTE. LTD\",\"isPartOf\":{\"@id\":\"https:\/\/tourcruiser.com\/de\/#website\"},\"primaryImageOfPage\":{\"@id\":\"https:\/\/tourcruiser.com\/de\/products\/women-adidas-sambae-white-black-gum\/#primaryimage\"},\"image\":{\"@id\":\"https:\/\/tourcruiser.com\/de\/products\/women-adidas-sambae-white-black-gum\/#primaryimage\"},\"thumbnailUrl\":\"https:\/\/images.novelship.com\/product\/_women__adidas_sambae__cloud_white_black__ji1349_0_97973.jpeg\",\"datePublished\":\"2026-03-02T08:05:03+00:00\",\"breadcrumb\":{\"@id\":\"https:\/\/tourcruiser.com\/de\/products\/women-adidas-sambae-white-black-gum\/#breadcrumb\"},\"inLanguage\":\"de\",\"potentialAction\":[{\"@type\":\"ReadAction\",\"target\":[\"https:\/\/tourcruiser.com\/de\/products\/women-adidas-sambae-white-black-gum\/\"]}]},{\"@type\":\"ImageObject\",\"inLanguage\":\"de\",\"@id\":\"https:\/\/tourcruiser.com\/de\/products\/women-adidas-sambae-white-black-gum\/#primaryimage\",\"url\":\"https:\/\/images.novelship.com\/product\/_women__adidas_sambae__cloud_white_black__ji1349_0_97973.jpeg\",\"contentUrl\":\"https:\/\/images.novelship.com\/product\/_women__adidas_sambae__cloud_white_black__ji1349_0_97973.jpeg\"},{\"@type\":\"BreadcrumbList\",\"@id\":\"https:\/\/tourcruiser.com\/de\/products\/women-adidas-sambae-white-black-gum\/#breadcrumb\",\"itemListElement\":[{\"@type\":\"ListItem\",\"position\":1,\"name\":\"Home\",\"item\":\"https:\/\/tourcruiser.com\/de\/\"},{\"@type\":\"ListItem\",\"position\":2,\"name\":\"Shop\",\"item\":\"https:\/\/tourcruiser.com\/de\/shop\/\"},{\"@type\":\"ListItem\",\"position\":3,\"name\":\"(Women) adidas Sambae 'White Black Gum'\"}]},{\"@type\":\"WebSite\",\"@id\":\"https:\/\/tourcruiser.com\/de\/#website\",\"url\":\"https:\/\/tourcruiser.com\/de\/\",\"name\":\"Styloral Jewelry Shop\",\"description\":\"Tourcruiser Sneaker Store \u2014 der Ort, an dem das Universum deine Einzigartigkeit trifft.\",\"publisher\":{\"@id\":\"https:\/\/tourcruiser.com\/de\/#organization\"},\"potentialAction\":[{\"@type\":\"SearchAction\",\"target\":{\"@type\":\"EntryPoint\",\"urlTemplate\":\"https:\/\/tourcruiser.com\/de\/?s={search_term_string}\"},\"query-input\":{\"@type\":\"PropertyValueSpecification\",\"valueRequired\":true,\"valueName\":\"search_term_string\"}}],\"inLanguage\":\"de\"},{\"@type\":\"Organization\",\"@id\":\"https:\/\/tourcruiser.com\/de\/#organization\",\"name\":\"STYLORAL PTE. LTD\",\"url\":\"https:\/\/tourcruiser.com\/de\/\",\"logo\":{\"@type\":\"ImageObject\",\"inLanguage\":\"de\",\"@id\":\"https:\/\/tourcruiser.com\/de\/#\/schema\/logo\/image\/\",\"url\":\"https:\/\/www.tourcruiser.com\/wp-content\/uploads\/2025\/12\/logo.png\",\"contentUrl\":\"https:\/\/www.tourcruiser.com\/wp-content\/uploads\/2025\/12\/logo.png\",\"width\":200,\"height\":65,\"caption\":\"STYLORAL PTE. LTD\"},\"image\":{\"@id\":\"https:\/\/tourcruiser.com\/de\/#\/schema\/logo\/image\/\"}}]}<\/script>\n<!-- \/ Yoast SEO plugin. -->","yoast_head_json":{"title":"(Women) adidas Sambae 'White Black Gum'  - Tourcruiser PTE. LTD","robots":{"index":"index","follow":"follow","max-snippet":"max-snippet:-1","max-image-preview":"max-image-preview:large","max-video-preview":"max-video-preview:-1"},"canonical":"https:\/\/tourcruiser.com\/de\/products\/women-adidas-sambae-white-black-gum\/","og_locale":"de_DE","og_type":"article","og_title":"(Women) adidas Sambae 'White Black Gum'  - Tourcruiser PTE. LTD","og_description":"adidas Sambae \u201d\u201d Cloud White\/Black","og_url":"https:\/\/tourcruiser.com\/de\/products\/women-adidas-sambae-white-black-gum\/","og_site_name":"Tourcruiser Sneaker Store","twitter_card":"summary_large_image","twitter_image":"https:\/\/images.novelship.com\/product\/_women__adidas_sambae__cloud_white_black__ji1349_0_97973.jpeg","schema":{"@context":"https:\/\/schema.org","@graph":[{"@type":"WebPage","@id":"https:\/\/tourcruiser.com\/de\/products\/women-adidas-sambae-white-black-gum\/","url":"https:\/\/tourcruiser.com\/de\/products\/women-adidas-sambae-white-black-gum\/","name":"(Women) adidas Sambae 'White Black Gum' - Tourcruiser PTE. LTD","isPartOf":{"@id":"https:\/\/tourcruiser.com\/de\/#website"},"primaryImageOfPage":{"@id":"https:\/\/tourcruiser.com\/de\/products\/women-adidas-sambae-white-black-gum\/#primaryimage"},"image":{"@id":"https:\/\/tourcruiser.com\/de\/products\/women-adidas-sambae-white-black-gum\/#primaryimage"},"thumbnailUrl":"https:\/\/images.novelship.com\/product\/_women__adidas_sambae__cloud_white_black__ji1349_0_97973.jpeg","datePublished":"2026-03-02T08:05:03+00:00","breadcrumb":{"@id":"https:\/\/tourcruiser.com\/de\/products\/women-adidas-sambae-white-black-gum\/#breadcrumb"},"inLanguage":"de","potentialAction":[{"@type":"ReadAction","target":["https:\/\/tourcruiser.com\/de\/products\/women-adidas-sambae-white-black-gum\/"]}]},{"@type":"ImageObject","inLanguage":"de","@id":"https:\/\/tourcruiser.com\/de\/products\/women-adidas-sambae-white-black-gum\/#primaryimage","url":"https:\/\/images.novelship.com\/product\/_women__adidas_sambae__cloud_white_black__ji1349_0_97973.jpeg","contentUrl":"https:\/\/images.novelship.com\/product\/_women__adidas_sambae__cloud_white_black__ji1349_0_97973.jpeg"},{"@type":"BreadcrumbList","@id":"https:\/\/tourcruiser.com\/de\/products\/women-adidas-sambae-white-black-gum\/#breadcrumb","itemListElement":[{"@type":"ListItem","position":1,"name":"Home","item":"https:\/\/tourcruiser.com\/de\/"},{"@type":"ListItem","position":2,"name":"Shop","item":"https:\/\/tourcruiser.com\/de\/shop\/"},{"@type":"ListItem","position":3,"name":"(Women) adidas Sambae 'White Black Gum'"}]},{"@type":"WebSite","@id":"https:\/\/tourcruiser.com\/de\/#website","url":"https:\/\/tourcruiser.com\/de\/","name":"Styloral Jewelry Shop","description":"Tourcruiser Sneaker Store \u2014 der Ort, an dem das Universum deine Einzigartigkeit trifft.","publisher":{"@id":"https:\/\/tourcruiser.com\/de\/#organization"},"potentialAction":[{"@type":"SearchAction","target":{"@type":"EntryPoint","urlTemplate":"https:\/\/tourcruiser.com\/de\/?s={search_term_string}"},"query-input":{"@type":"PropertyValueSpecification","valueRequired":true,"valueName":"search_term_string"}}],"inLanguage":"de"},{"@type":"Organization","@id":"https:\/\/tourcruiser.com\/de\/#organization","name":"STYLORAL PTE. LTD","url":"https:\/\/tourcruiser.com\/de\/","logo":{"@type":"ImageObject","inLanguage":"de","@id":"https:\/\/tourcruiser.com\/de\/#\/schema\/logo\/image\/","url":"https:\/\/www.tourcruiser.com\/wp-content\/uploads\/2025\/12\/logo.png","contentUrl":"https:\/\/www.tourcruiser.com\/wp-content\/uploads\/2025\/12\/logo.png","width":200,"height":65,"caption":"STYLORAL PTE. LTD"},"image":{"@id":"https:\/\/tourcruiser.com\/de\/#\/schema\/logo\/image\/"}}]}},"_links":{"self":[{"href":"https:\/\/tourcruiser.com\/de\/wp-json\/wp\/v2\/product\/47861","targetHints":{"allow":["GET"]}}],"collection":[{"href":"https:\/\/tourcruiser.com\/de\/wp-json\/wp\/v2\/product"}],"about":[{"href":"https:\/\/tourcruiser.com\/de\/wp-json\/wp\/v2\/types\/product"}],"replies":[{"embeddable":true,"href":"https:\/\/tourcruiser.com\/de\/wp-json\/wp\/v2\/comments?post=47861"}],"wp:featuredmedia":[{"embeddable":true,"href":"https:\/\/tourcruiser.com\/de\/wp-json\/wp\/v2\/media\/47862"}],"wp:attachment":[{"href":"https:\/\/tourcruiser.com\/de\/wp-json\/wp\/v2\/media?parent=47861"}],"wp:term":[{"taxonomy":"product_brand","embeddable":true,"href":"https:\/\/tourcruiser.com\/de\/wp-json\/wp\/v2\/product_brand?post=47861"},{"taxonomy":"product_cat","embeddable":true,"href":"https:\/\/tourcruiser.com\/de\/wp-json\/wp\/v2\/product_cat?post=47861"},{"taxonomy":"product_tag","embeddable":true,"href":"https:\/\/tourcruiser.com\/de\/wp-json\/wp\/v2\/product_tag?post=47861"}],"curies":[{"name":"wp","href":"https:\/\/api.w.org\/{rel}","templated":true}]}}