{"id":47737,"date":"2026-03-02T15:04:54","date_gmt":"2026-03-02T08:04:54","guid":{"rendered":"http:\/\/tourcruiser.com\/product\/adidas-samba-og-base-green"},"modified":"2026-03-28T00:55:54","modified_gmt":"2026-03-27T17:55:54","slug":"adidas-samba-og-base-green","status":"publish","type":"product","link":"https:\/\/tourcruiser.com\/de\/products\/adidas-samba-og-base-green\/","title":{"rendered":"adidas Samba OG &#8218;Base Green&#8216;"},"content":{"rendered":"<p>Entdecke zeitlosen Stil neu mit dem adidas Samba OG &#8218;Base Green&#8216; IE9163 \u201d\u201c eine moderne Interpretation einer klassischen Silhouette, die traditionelles Design mit zeitgen\u00f6ssischem Flair vereint. Das hochwertige Leder-Obermaterial mit den charakteristischen Wildleder-Overlays pr\u00e4sentiert sich in einem satten Gr\u00fcnton, der dezente Eleganz ausstrahlt. Perfekt abgestimmt auf die Gummisohle, garantiert dieser Sneaker unvergleichliche Traktion, Langlebigkeit und eine ikonische \u00c4sthetik, die tief in der Tradition des Sports verwurzelt ist.<\/p>\n<p>Ob auf dem Fu\u00dfballplatz oder in der Stadt \u201d\u201c das flache Design bietet Komfort und Vielseitigkeit und bewahrt gleichzeitig die Leichtigkeit, die Samba-Fans seit Jahrzehnten sch\u00e4tzen. Als Hommage an seine Wurzeln als Hallenfu\u00dfballschuh vereint der Samba OG Retro-Vibes mit moderner Verarbeitung und ist ideal f\u00fcr den Alltag oder um deine Freizeitgarderobe aufzuwerten.<\/p>\n<p>Abgerundet mit dem ikonischen 3-Streifen-Branding in dezenten Kontrastt\u00f6nen ist der &#8218;Base Green&#8216; IE9163 mehr als nur ein Schuh; Dieser Schuh ist ein echtes Statement-Piece, das sportliche Funktionalit\u00e4t und Lifestyle perfekt vereint. Ob Athleisure-Fan oder Sneaker-Sammler \u201d\u201c er ist die ideale Erg\u00e4nzung f\u00fcr jede Schuhsammlung und bietet Performance und Style f\u00fcr jeden Anlass. Erlebe mit adidas&#8216; Tradition von Qualit\u00e4t und Innovation, neu interpretiert in diesem markanten und gleichzeitig klassischen Design, ein Upgrade f\u00fcr deinen Sneaker-Style.<\/p>\n<ul>\n<li><strong>Farbgebung:<\/strong> Base Green\/Core Black\/Brown Desert<\/li>\n<li><strong>Style-Code:<\/strong> IE9163<\/li>\n<li><strong>Obermaterial:<\/strong> Leder<\/li>\n<li><strong>Farbe:<\/strong> Gr\u00fcn<\/li>\n<\/ul>\n","protected":false},"excerpt":{"rendered":"<p>adidas Samba OG \u201d\u201d Base Green\/Core Black\/Brown Desert<\/p>\n","protected":false},"featured_media":47738,"comment_status":"open","ping_status":"closed","template":"","meta":[],"product_brand":[],"product_cat":[10760],"product_tag":[10759,10750,10753,10754,10755,10756,10758],"class_list":{"0":"post-47737","1":"product","2":"type-product","3":"status-publish","4":"has-post-thumbnail","6":"product_cat-adidas","7":"product_tag-adidas","8":"product_tag-athleisure-shoes","9":"product_tag-gift-for-him","10":"product_tag-lifestyle-casual-shoes","11":"product_tag-lifestyle-shoes-soccer-inspired","12":"product_tag-retro-casual-shoes","13":"product_tag-under-retail","14":"wcpa_has_options","16":"first","17":"outofstock","18":"taxable","19":"shipping-taxable","20":"purchasable","21":"product-type-simple"},"wcpa_form_fields":{"rules":{"pric_overide_base_price":false,"pric_overide_base_price_if_gt_zero":false,"pric_overide_base_price_fully":false,"pric_cal_option_once":false,"pric_use_as_fee":false,"bind_quantity":false,"quantity_bind_formula":false},"fields":[{"type":"color-group","required":true,"elementId":"wcpa-color-group-66c4a7f817afe","label":"Gr\u00f6\u00dfe","inline":true,"priceOptions":"different_for_all","pricingType":"fixed","className":"hassizechart product-shoes-size-eu product-shoes-size","name":"color-group-66c4a7f817b18","disp_type":"square","selection_type":"tick-border","disp_size":"50","show_label_inside":true,"adjust_width":true,"cart_display_type":"text","other_text":"Other","cl_rule":"show","col":6,"values":[{"label":"35","value":"EU 35","price":"","pimage":"","pimage_id":"","pthumb":"","color":""},{"label":"35.5","value":"EU 35.5","price":"","pimage":"","pimage_id":"","pthumb":"","color":""},{"label":"36","value":"EU 36","price":"","pimage":"","pimage_id":"","pthumb":"","color":"","selected":true},{"label":"36 2\/3","value":"EU 36 2\/3","price":"","pimage":"","pimage_id":"","pthumb":"","color":""},{"label":"37 1\/3","value":"EU 37 1\/3","price":"","pimage":"","pimage_id":"","pthumb":"","color":""},{"label":"38","value":"EU 38","price":"","pimage":"","pimage_id":"","pthumb":"","color":""},{"label":"38 2\/3","value":"EU 38 2\/3","price":"","pimage":"","pimage_id":"","pthumb":"","color":""},{"label":"39 1\/3","value":"EU 39 1\/3","price":"","pimage":"","pimage_id":"","pthumb":"","color":""},{"label":"40","value":"EU 40","price":"","pimage":"","pimage_id":"","pthumb":"","color":""},{"label":"40 2\/3","value":"EU 40 2\/3","price":"","pimage":"","pimage_id":"","pthumb":"","color":""},{"label":"41 1\/3","value":"EU 41 1\/3","price":"","pimage":"","pimage_id":"","pthumb":"","color":""},{"label":"42","value":"EU 42","price":"","pimage":"","pimage_id":"","pthumb":"","color":""},{"label":"42 2\/3","value":"EU 42 2\/3","price":"","pimage":"","pimage_id":"","pthumb":"","color":""},{"label":"43 1\/3","value":"EU 43 1\/3","price":"","pimage":"","pimage_id":"","pthumb":"","color":""},{"label":"44","value":"EU 44","price":"","pimage":"","pimage_id":"","pthumb":"","color":""},{"label":"44 2\/3","value":"EU 44 2\/3","price":"","pimage":"","pimage_id":"","pthumb":"","color":""},{"label":"45 1\/3","value":"EU 45 1\/3","price":"","pimage":"","pimage_id":"","pthumb":"","color":""},{"label":"46","value":"EU 46","price":"","pimage":"","pimage_id":"","pthumb":"","color":""},{"label":"46 2\/3","value":"EU 46 2\/3","price":"","pimage":"","pimage_id":"","pthumb":"","color":""},{"label":"47 1\/3","value":"EU 47 1\/3","price":"","pimage":"","pimage_id":"","pthumb":"","color":""}],"relations":[{"operator":false,"rules":[]}],"form_id":24802,"form_rules":{"pric_cal_option_once":false,"exclude_from_discount":false,"pric_use_as_fee":false,"fee_label":"Fee","render_after_acb":false,"disp_hide_options_price":false}}]},"yoast_head":"<!-- This site is optimized with the Yoast SEO plugin v26.5 - https:\/\/yoast.com\/wordpress\/plugins\/seo\/ -->\n<title>adidas Samba OG &#039;Base Green&#039;  - Tourcruiser PTE. LTD<\/title>\n<meta name=\"robots\" content=\"index, follow, max-snippet:-1, max-image-preview:large, max-video-preview:-1\" \/>\n<link rel=\"canonical\" href=\"https:\/\/tourcruiser.com\/de\/products\/adidas-samba-og-base-green\/\" \/>\n<meta property=\"og:locale\" content=\"de_DE\" \/>\n<meta property=\"og:type\" content=\"article\" \/>\n<meta property=\"og:title\" content=\"adidas Samba OG &#039;Base Green&#039;  - Tourcruiser PTE. LTD\" \/>\n<meta property=\"og:description\" content=\"adidas Samba OG \u201d\u201d Base Green\/Core Black\/Brown Desert\" \/>\n<meta property=\"og:url\" content=\"https:\/\/tourcruiser.com\/de\/products\/adidas-samba-og-base-green\/\" \/>\n<meta property=\"og:site_name\" content=\"Tourcruiser Sneaker Store\" \/>\n<meta property=\"article:modified_time\" content=\"2026-03-27T17:55:54+00:00\" \/>\n<meta name=\"twitter:card\" content=\"summary_large_image\" \/>\n<meta name=\"twitter:image\" content=\"https:\/\/images.novelship.com\/product\/adidas_samba_og__base_green__ie9163_0_26650.jpeg;https:\/\/images.novelship.com\/product\/adidas_samba_og__base_green__ie9163_1_26650.jpeg;https:\/\/images.novelship.com\/product\/adidas_samba_og__base_green__ie9163_2_26650.jpeg;https:\/\/images.novelship.com\/product\/adidas_samba_og__base_green__ie9163_3_26650.jpeg;https:\/\/images.novelship.com\/product\/adidas_samba_og__base_green__ie9163_4_26650.jpeg;https:\/\/images.novelship.com\/product\/adidas_samba_og__base_green__ie9163_5_26650.jpeg;https:\/\/images.novelship.com\/product\/adidas_samba_og__base_green__ie9163_6_26650.jpeg;https:\/\/images.novelship.com\/product\/adidas_samba_og__base_green__ie9163_7_26650.jpeg;https:\/\/images.novelship.com\/product\/adidas_samba_og__base_green__ie9163_8_26650.jpeg\" \/>\n<meta name=\"twitter:label1\" content=\"Gesch\u00e4tzte Lesezeit\" \/>\n\t<meta name=\"twitter:data1\" content=\"1\u00a0Minute\" \/>\n<script type=\"application\/ld+json\" class=\"yoast-schema-graph\">{\"@context\":\"https:\/\/schema.org\",\"@graph\":[{\"@type\":\"WebPage\",\"@id\":\"https:\/\/tourcruiser.com\/de\/products\/adidas-samba-og-base-green\/\",\"url\":\"https:\/\/tourcruiser.com\/de\/products\/adidas-samba-og-base-green\/\",\"name\":\"adidas Samba OG 'Base Green' - Tourcruiser PTE. LTD\",\"isPartOf\":{\"@id\":\"https:\/\/tourcruiser.com\/de\/#website\"},\"primaryImageOfPage\":{\"@id\":\"https:\/\/tourcruiser.com\/de\/products\/adidas-samba-og-base-green\/#primaryimage\"},\"image\":{\"@id\":\"https:\/\/tourcruiser.com\/de\/products\/adidas-samba-og-base-green\/#primaryimage\"},\"thumbnailUrl\":\"https:\/\/images.novelship.com\/product\/adidas_samba_og__base_green__ie9163_0_26650.jpeg;https:\/\/images.novelship.com\/product\/adidas_samba_og__base_green__ie9163_1_26650.jpeg;https:\/\/images.novelship.com\/product\/adidas_samba_og__base_green__ie9163_2_26650.jpeg;https:\/\/images.novelship.com\/product\/adidas_samba_og__base_green__ie9163_3_26650.jpeg;https:\/\/images.novelship.com\/product\/adidas_samba_og__base_green__ie9163_4_26650.jpeg;https:\/\/images.novelship.com\/product\/adidas_samba_og__base_green__ie9163_5_26650.jpeg;https:\/\/images.novelship.com\/product\/adidas_samba_og__base_green__ie9163_6_26650.jpeg;https:\/\/images.novelship.com\/product\/adidas_samba_og__base_green__ie9163_7_26650.jpeg;https:\/\/images.novelship.com\/product\/adidas_samba_og__base_green__ie9163_8_26650.jpeg\",\"datePublished\":\"2026-03-02T08:04:54+00:00\",\"dateModified\":\"2026-03-27T17:55:54+00:00\",\"breadcrumb\":{\"@id\":\"https:\/\/tourcruiser.com\/de\/products\/adidas-samba-og-base-green\/#breadcrumb\"},\"inLanguage\":\"de\",\"potentialAction\":[{\"@type\":\"ReadAction\",\"target\":[\"https:\/\/tourcruiser.com\/de\/products\/adidas-samba-og-base-green\/\"]}]},{\"@type\":\"ImageObject\",\"inLanguage\":\"de\",\"@id\":\"https:\/\/tourcruiser.com\/de\/products\/adidas-samba-og-base-green\/#primaryimage\",\"url\":\"https:\/\/images.novelship.com\/product\/adidas_samba_og__base_green__ie9163_0_26650.jpeg;https:\/\/images.novelship.com\/product\/adidas_samba_og__base_green__ie9163_1_26650.jpeg;https:\/\/images.novelship.com\/product\/adidas_samba_og__base_green__ie9163_2_26650.jpeg;https:\/\/images.novelship.com\/product\/adidas_samba_og__base_green__ie9163_3_26650.jpeg;https:\/\/images.novelship.com\/product\/adidas_samba_og__base_green__ie9163_4_26650.jpeg;https:\/\/images.novelship.com\/product\/adidas_samba_og__base_green__ie9163_5_26650.jpeg;https:\/\/images.novelship.com\/product\/adidas_samba_og__base_green__ie9163_6_26650.jpeg;https:\/\/images.novelship.com\/product\/adidas_samba_og__base_green__ie9163_7_26650.jpeg;https:\/\/images.novelship.com\/product\/adidas_samba_og__base_green__ie9163_8_26650.jpeg\",\"contentUrl\":\"https:\/\/images.novelship.com\/product\/adidas_samba_og__base_green__ie9163_0_26650.jpeg;https:\/\/images.novelship.com\/product\/adidas_samba_og__base_green__ie9163_1_26650.jpeg;https:\/\/images.novelship.com\/product\/adidas_samba_og__base_green__ie9163_2_26650.jpeg;https:\/\/images.novelship.com\/product\/adidas_samba_og__base_green__ie9163_3_26650.jpeg;https:\/\/images.novelship.com\/product\/adidas_samba_og__base_green__ie9163_4_26650.jpeg;https:\/\/images.novelship.com\/product\/adidas_samba_og__base_green__ie9163_5_26650.jpeg;https:\/\/images.novelship.com\/product\/adidas_samba_og__base_green__ie9163_6_26650.jpeg;https:\/\/images.novelship.com\/product\/adidas_samba_og__base_green__ie9163_7_26650.jpeg;https:\/\/images.novelship.com\/product\/adidas_samba_og__base_green__ie9163_8_26650.jpeg\"},{\"@type\":\"BreadcrumbList\",\"@id\":\"https:\/\/tourcruiser.com\/de\/products\/adidas-samba-og-base-green\/#breadcrumb\",\"itemListElement\":[{\"@type\":\"ListItem\",\"position\":1,\"name\":\"Home\",\"item\":\"https:\/\/tourcruiser.com\/de\/\"},{\"@type\":\"ListItem\",\"position\":2,\"name\":\"Shop\",\"item\":\"https:\/\/tourcruiser.com\/de\/shop\/\"},{\"@type\":\"ListItem\",\"position\":3,\"name\":\"adidas Samba OG 'Base Green'\"}]},{\"@type\":\"WebSite\",\"@id\":\"https:\/\/tourcruiser.com\/de\/#website\",\"url\":\"https:\/\/tourcruiser.com\/de\/\",\"name\":\"Styloral Jewelry Shop\",\"description\":\"Tourcruiser Sneaker Store \u2014 der Ort, an dem das Universum deine Einzigartigkeit trifft.\",\"publisher\":{\"@id\":\"https:\/\/tourcruiser.com\/de\/#organization\"},\"potentialAction\":[{\"@type\":\"SearchAction\",\"target\":{\"@type\":\"EntryPoint\",\"urlTemplate\":\"https:\/\/tourcruiser.com\/de\/?s={search_term_string}\"},\"query-input\":{\"@type\":\"PropertyValueSpecification\",\"valueRequired\":true,\"valueName\":\"search_term_string\"}}],\"inLanguage\":\"de\"},{\"@type\":\"Organization\",\"@id\":\"https:\/\/tourcruiser.com\/de\/#organization\",\"name\":\"STYLORAL PTE. LTD\",\"url\":\"https:\/\/tourcruiser.com\/de\/\",\"logo\":{\"@type\":\"ImageObject\",\"inLanguage\":\"de\",\"@id\":\"https:\/\/tourcruiser.com\/de\/#\/schema\/logo\/image\/\",\"url\":\"https:\/\/www.tourcruiser.com\/wp-content\/uploads\/2025\/12\/logo.png\",\"contentUrl\":\"https:\/\/www.tourcruiser.com\/wp-content\/uploads\/2025\/12\/logo.png\",\"width\":200,\"height\":65,\"caption\":\"STYLORAL PTE. LTD\"},\"image\":{\"@id\":\"https:\/\/tourcruiser.com\/de\/#\/schema\/logo\/image\/\"}}]}<\/script>\n<!-- \/ Yoast SEO plugin. -->","yoast_head_json":{"title":"adidas Samba OG 'Base Green'  - Tourcruiser PTE. LTD","robots":{"index":"index","follow":"follow","max-snippet":"max-snippet:-1","max-image-preview":"max-image-preview:large","max-video-preview":"max-video-preview:-1"},"canonical":"https:\/\/tourcruiser.com\/de\/products\/adidas-samba-og-base-green\/","og_locale":"de_DE","og_type":"article","og_title":"adidas Samba OG 'Base Green'  - Tourcruiser PTE. LTD","og_description":"adidas Samba OG \u201d\u201d Base Green\/Core Black\/Brown Desert","og_url":"https:\/\/tourcruiser.com\/de\/products\/adidas-samba-og-base-green\/","og_site_name":"Tourcruiser Sneaker Store","article_modified_time":"2026-03-27T17:55:54+00:00","twitter_card":"summary_large_image","twitter_image":"https:\/\/images.novelship.com\/product\/adidas_samba_og__base_green__ie9163_0_26650.jpeg;https:\/\/images.novelship.com\/product\/adidas_samba_og__base_green__ie9163_1_26650.jpeg;https:\/\/images.novelship.com\/product\/adidas_samba_og__base_green__ie9163_2_26650.jpeg;https:\/\/images.novelship.com\/product\/adidas_samba_og__base_green__ie9163_3_26650.jpeg;https:\/\/images.novelship.com\/product\/adidas_samba_og__base_green__ie9163_4_26650.jpeg;https:\/\/images.novelship.com\/product\/adidas_samba_og__base_green__ie9163_5_26650.jpeg;https:\/\/images.novelship.com\/product\/adidas_samba_og__base_green__ie9163_6_26650.jpeg;https:\/\/images.novelship.com\/product\/adidas_samba_og__base_green__ie9163_7_26650.jpeg;https:\/\/images.novelship.com\/product\/adidas_samba_og__base_green__ie9163_8_26650.jpeg","twitter_misc":{"Gesch\u00e4tzte Lesezeit":"1\u00a0Minute"},"schema":{"@context":"https:\/\/schema.org","@graph":[{"@type":"WebPage","@id":"https:\/\/tourcruiser.com\/de\/products\/adidas-samba-og-base-green\/","url":"https:\/\/tourcruiser.com\/de\/products\/adidas-samba-og-base-green\/","name":"adidas Samba OG 'Base Green' - Tourcruiser PTE. LTD","isPartOf":{"@id":"https:\/\/tourcruiser.com\/de\/#website"},"primaryImageOfPage":{"@id":"https:\/\/tourcruiser.com\/de\/products\/adidas-samba-og-base-green\/#primaryimage"},"image":{"@id":"https:\/\/tourcruiser.com\/de\/products\/adidas-samba-og-base-green\/#primaryimage"},"thumbnailUrl":"https:\/\/images.novelship.com\/product\/adidas_samba_og__base_green__ie9163_0_26650.jpeg;https:\/\/images.novelship.com\/product\/adidas_samba_og__base_green__ie9163_1_26650.jpeg;https:\/\/images.novelship.com\/product\/adidas_samba_og__base_green__ie9163_2_26650.jpeg;https:\/\/images.novelship.com\/product\/adidas_samba_og__base_green__ie9163_3_26650.jpeg;https:\/\/images.novelship.com\/product\/adidas_samba_og__base_green__ie9163_4_26650.jpeg;https:\/\/images.novelship.com\/product\/adidas_samba_og__base_green__ie9163_5_26650.jpeg;https:\/\/images.novelship.com\/product\/adidas_samba_og__base_green__ie9163_6_26650.jpeg;https:\/\/images.novelship.com\/product\/adidas_samba_og__base_green__ie9163_7_26650.jpeg;https:\/\/images.novelship.com\/product\/adidas_samba_og__base_green__ie9163_8_26650.jpeg","datePublished":"2026-03-02T08:04:54+00:00","dateModified":"2026-03-27T17:55:54+00:00","breadcrumb":{"@id":"https:\/\/tourcruiser.com\/de\/products\/adidas-samba-og-base-green\/#breadcrumb"},"inLanguage":"de","potentialAction":[{"@type":"ReadAction","target":["https:\/\/tourcruiser.com\/de\/products\/adidas-samba-og-base-green\/"]}]},{"@type":"ImageObject","inLanguage":"de","@id":"https:\/\/tourcruiser.com\/de\/products\/adidas-samba-og-base-green\/#primaryimage","url":"https:\/\/images.novelship.com\/product\/adidas_samba_og__base_green__ie9163_0_26650.jpeg;https:\/\/images.novelship.com\/product\/adidas_samba_og__base_green__ie9163_1_26650.jpeg;https:\/\/images.novelship.com\/product\/adidas_samba_og__base_green__ie9163_2_26650.jpeg;https:\/\/images.novelship.com\/product\/adidas_samba_og__base_green__ie9163_3_26650.jpeg;https:\/\/images.novelship.com\/product\/adidas_samba_og__base_green__ie9163_4_26650.jpeg;https:\/\/images.novelship.com\/product\/adidas_samba_og__base_green__ie9163_5_26650.jpeg;https:\/\/images.novelship.com\/product\/adidas_samba_og__base_green__ie9163_6_26650.jpeg;https:\/\/images.novelship.com\/product\/adidas_samba_og__base_green__ie9163_7_26650.jpeg;https:\/\/images.novelship.com\/product\/adidas_samba_og__base_green__ie9163_8_26650.jpeg","contentUrl":"https:\/\/images.novelship.com\/product\/adidas_samba_og__base_green__ie9163_0_26650.jpeg;https:\/\/images.novelship.com\/product\/adidas_samba_og__base_green__ie9163_1_26650.jpeg;https:\/\/images.novelship.com\/product\/adidas_samba_og__base_green__ie9163_2_26650.jpeg;https:\/\/images.novelship.com\/product\/adidas_samba_og__base_green__ie9163_3_26650.jpeg;https:\/\/images.novelship.com\/product\/adidas_samba_og__base_green__ie9163_4_26650.jpeg;https:\/\/images.novelship.com\/product\/adidas_samba_og__base_green__ie9163_5_26650.jpeg;https:\/\/images.novelship.com\/product\/adidas_samba_og__base_green__ie9163_6_26650.jpeg;https:\/\/images.novelship.com\/product\/adidas_samba_og__base_green__ie9163_7_26650.jpeg;https:\/\/images.novelship.com\/product\/adidas_samba_og__base_green__ie9163_8_26650.jpeg"},{"@type":"BreadcrumbList","@id":"https:\/\/tourcruiser.com\/de\/products\/adidas-samba-og-base-green\/#breadcrumb","itemListElement":[{"@type":"ListItem","position":1,"name":"Home","item":"https:\/\/tourcruiser.com\/de\/"},{"@type":"ListItem","position":2,"name":"Shop","item":"https:\/\/tourcruiser.com\/de\/shop\/"},{"@type":"ListItem","position":3,"name":"adidas Samba OG 'Base Green'"}]},{"@type":"WebSite","@id":"https:\/\/tourcruiser.com\/de\/#website","url":"https:\/\/tourcruiser.com\/de\/","name":"Styloral Jewelry Shop","description":"Tourcruiser Sneaker Store \u2014 der Ort, an dem das Universum deine Einzigartigkeit trifft.","publisher":{"@id":"https:\/\/tourcruiser.com\/de\/#organization"},"potentialAction":[{"@type":"SearchAction","target":{"@type":"EntryPoint","urlTemplate":"https:\/\/tourcruiser.com\/de\/?s={search_term_string}"},"query-input":{"@type":"PropertyValueSpecification","valueRequired":true,"valueName":"search_term_string"}}],"inLanguage":"de"},{"@type":"Organization","@id":"https:\/\/tourcruiser.com\/de\/#organization","name":"STYLORAL PTE. LTD","url":"https:\/\/tourcruiser.com\/de\/","logo":{"@type":"ImageObject","inLanguage":"de","@id":"https:\/\/tourcruiser.com\/de\/#\/schema\/logo\/image\/","url":"https:\/\/www.tourcruiser.com\/wp-content\/uploads\/2025\/12\/logo.png","contentUrl":"https:\/\/www.tourcruiser.com\/wp-content\/uploads\/2025\/12\/logo.png","width":200,"height":65,"caption":"STYLORAL PTE. LTD"},"image":{"@id":"https:\/\/tourcruiser.com\/de\/#\/schema\/logo\/image\/"}}]}},"_links":{"self":[{"href":"https:\/\/tourcruiser.com\/de\/wp-json\/wp\/v2\/product\/47737","targetHints":{"allow":["GET"]}}],"collection":[{"href":"https:\/\/tourcruiser.com\/de\/wp-json\/wp\/v2\/product"}],"about":[{"href":"https:\/\/tourcruiser.com\/de\/wp-json\/wp\/v2\/types\/product"}],"replies":[{"embeddable":true,"href":"https:\/\/tourcruiser.com\/de\/wp-json\/wp\/v2\/comments?post=47737"}],"wp:featuredmedia":[{"embeddable":true,"href":"https:\/\/tourcruiser.com\/de\/wp-json\/wp\/v2\/media\/47738"}],"wp:attachment":[{"href":"https:\/\/tourcruiser.com\/de\/wp-json\/wp\/v2\/media?parent=47737"}],"wp:term":[{"taxonomy":"product_brand","embeddable":true,"href":"https:\/\/tourcruiser.com\/de\/wp-json\/wp\/v2\/product_brand?post=47737"},{"taxonomy":"product_cat","embeddable":true,"href":"https:\/\/tourcruiser.com\/de\/wp-json\/wp\/v2\/product_cat?post=47737"},{"taxonomy":"product_tag","embeddable":true,"href":"https:\/\/tourcruiser.com\/de\/wp-json\/wp\/v2\/product_tag?post=47737"}],"curies":[{"name":"wp","href":"https:\/\/api.w.org\/{rel}","templated":true}]}}