{"id":47410,"date":"2026-03-02T15:04:17","date_gmt":"2026-03-02T08:04:17","guid":{"rendered":"http:\/\/tourcruiser.com\/product\/adidas-maxxcetus-training-shoes-magic-beige-sand-strata"},"modified":"2026-03-28T00:55:33","modified_gmt":"2026-03-27T17:55:33","slug":"adidas-maxxcetus-training-shoes-magic-beige-sand-strata","status":"publish","type":"product","link":"https:\/\/tourcruiser.com\/de\/products\/adidas-maxxcetus-training-shoes-magic-beige-sand-strata\/","title":{"rendered":"adidas Maxxcetus Training Shoes &#8218;Magic Beige Sand Strata&#8216;"},"content":{"rendered":"<p>Wir pr\u00e4sentieren die adidas Maxxcetus Trainingsschuhe in \u201eMagic Beige Sand Strata\u201c (ID0645), entwickelt f\u00fcr Athleten, die H\u00f6chstleistungen anstreben. Das atmungsaktive Mesh-Obermaterial sorgt f\u00fcr optimale Luftzirkulation und Halt. Die Boost-Zwischensohle d\u00e4mpft St\u00f6\u00dfe und gibt Energie zur\u00fcck, um dich optimal zu unterst\u00fctzen. Die Gummiau\u00dfensohle garantiert Stabilit\u00e4t und Traktion bei intensiven Trainingseinheiten. Erlebe ein neues Level an Trainingsleistung mit den adidas Maxxcetus Trainingsschuhen \u201d\u201c entwickelt, um jede deiner Bewegungen zu unterst\u00fctzen.<\/p>\n<p>Farbgebung: Magic Beige \/ Clay Strata \/ Sand Strata<br \/>\nArtikelnummer: ID0645<\/p>\n<p>Farbe: Beige<\/p>\n<p>Farbe: Beige<\/p>\n","protected":false},"excerpt":{"rendered":"<p>adidas Maxxcetus \u201d\u201d Magic Beige \/ Clay Strata \/ Sand Strata<\/p>\n","protected":false},"featured_media":47411,"comment_status":"open","ping_status":"closed","template":"","meta":[],"product_brand":[],"product_cat":[10760],"product_tag":[10759,11010,10753,10802,10873,10758],"class_list":{"0":"post-47410","1":"product","2":"type-product","3":"status-publish","4":"has-post-thumbnail","6":"product_cat-adidas","7":"product_tag-adidas","8":"product_tag-adidas-running-shoes","9":"product_tag-gift-for-him","10":"product_tag-performance-sport-shoes","11":"product_tag-training-shoes","12":"product_tag-under-retail","13":"wcpa_has_options","15":"first","16":"outofstock","17":"taxable","18":"shipping-taxable","19":"purchasable","20":"product-type-simple"},"wcpa_form_fields":{"rules":{"pric_overide_base_price":false,"pric_overide_base_price_if_gt_zero":false,"pric_overide_base_price_fully":false,"pric_cal_option_once":false,"pric_use_as_fee":false,"bind_quantity":false,"quantity_bind_formula":false},"fields":[{"type":"color-group","required":true,"elementId":"wcpa-color-group-66c4a7f817afe","label":"Gr\u00f6\u00dfe","inline":true,"priceOptions":"different_for_all","pricingType":"fixed","className":"hassizechart product-shoes-size-eu product-shoes-size","name":"color-group-66c4a7f817b18","disp_type":"square","selection_type":"tick-border","disp_size":"50","show_label_inside":true,"adjust_width":true,"cart_display_type":"text","other_text":"Other","cl_rule":"show","col":6,"values":[{"label":"35","value":"EU 35","price":"","pimage":"","pimage_id":"","pthumb":"","color":""},{"label":"35.5","value":"EU 35.5","price":"","pimage":"","pimage_id":"","pthumb":"","color":""},{"label":"36","value":"EU 36","price":"","pimage":"","pimage_id":"","pthumb":"","color":"","selected":true},{"label":"36 2\/3","value":"EU 36 2\/3","price":"","pimage":"","pimage_id":"","pthumb":"","color":""},{"label":"37 1\/3","value":"EU 37 1\/3","price":"","pimage":"","pimage_id":"","pthumb":"","color":""},{"label":"38","value":"EU 38","price":"","pimage":"","pimage_id":"","pthumb":"","color":""},{"label":"38 2\/3","value":"EU 38 2\/3","price":"","pimage":"","pimage_id":"","pthumb":"","color":""},{"label":"39 1\/3","value":"EU 39 1\/3","price":"","pimage":"","pimage_id":"","pthumb":"","color":""},{"label":"40","value":"EU 40","price":"","pimage":"","pimage_id":"","pthumb":"","color":""},{"label":"40 2\/3","value":"EU 40 2\/3","price":"","pimage":"","pimage_id":"","pthumb":"","color":""},{"label":"41 1\/3","value":"EU 41 1\/3","price":"","pimage":"","pimage_id":"","pthumb":"","color":""},{"label":"42","value":"EU 42","price":"","pimage":"","pimage_id":"","pthumb":"","color":""},{"label":"42 2\/3","value":"EU 42 2\/3","price":"","pimage":"","pimage_id":"","pthumb":"","color":""},{"label":"43 1\/3","value":"EU 43 1\/3","price":"","pimage":"","pimage_id":"","pthumb":"","color":""},{"label":"44","value":"EU 44","price":"","pimage":"","pimage_id":"","pthumb":"","color":""},{"label":"44 2\/3","value":"EU 44 2\/3","price":"","pimage":"","pimage_id":"","pthumb":"","color":""},{"label":"45 1\/3","value":"EU 45 1\/3","price":"","pimage":"","pimage_id":"","pthumb":"","color":""},{"label":"46","value":"EU 46","price":"","pimage":"","pimage_id":"","pthumb":"","color":""},{"label":"46 2\/3","value":"EU 46 2\/3","price":"","pimage":"","pimage_id":"","pthumb":"","color":""},{"label":"47 1\/3","value":"EU 47 1\/3","price":"","pimage":"","pimage_id":"","pthumb":"","color":""}],"relations":[{"operator":false,"rules":[]}],"form_id":24802,"form_rules":{"pric_cal_option_once":false,"exclude_from_discount":false,"pric_use_as_fee":false,"fee_label":"Fee","render_after_acb":false,"disp_hide_options_price":false}}]},"yoast_head":"<!-- This site is optimized with the Yoast SEO plugin v26.5 - https:\/\/yoast.com\/wordpress\/plugins\/seo\/ -->\n<title>adidas Maxxcetus Training Shoes &#039;Magic Beige Sand Strata&#039;  - Tourcruiser PTE. LTD<\/title>\n<meta name=\"robots\" content=\"index, follow, max-snippet:-1, max-image-preview:large, max-video-preview:-1\" \/>\n<link rel=\"canonical\" href=\"https:\/\/tourcruiser.com\/\" \/>\n<meta property=\"og:locale\" content=\"de_DE\" \/>\n<meta property=\"og:type\" content=\"article\" \/>\n<meta property=\"og:title\" content=\"adidas Maxxcetus Training Shoes &#039;Magic Beige Sand Strata&#039;  - Tourcruiser PTE. LTD\" \/>\n<meta property=\"og:description\" content=\"adidas Maxxcetus \u201d\u201d Magic Beige \/ Clay Strata \/ Sand Strata\" \/>\n<meta property=\"og:url\" content=\"\/\" \/>\n<meta property=\"og:site_name\" content=\"Tourcruiser Sneaker Store\" \/>\n<meta property=\"article:modified_time\" content=\"2026-03-27T17:55:33+00:00\" \/>\n<meta name=\"twitter:card\" content=\"summary_large_image\" \/>\n<meta name=\"twitter:image\" content=\"https:\/\/images.novelship.com\/product\/adidas_maxxcetus__beige_non_slip_durable_low_top_r_0_72641.png;https:\/\/images.novelship.com\/product\/adidas_maxxcetus__beige_non_slip_durable_low_top_r_1_72641.png;https:\/\/images.novelship.com\/product\/adidas_maxxcetus__beige_non_slip_durable_low_top_r_2_72641.png;https:\/\/images.novelship.com\/product\/adidas_maxxcetus__beige_non_slip_durable_low_top_r_3_72641.png;https:\/\/images.novelship.com\/product\/adidas_maxxcetus__beige_non_slip_durable_low_top_r_4_72641.png;https:\/\/images.novelship.com\/product\/adidas_maxxcetus__beige_non_slip_durable_low_top_r_5_72641.png\" \/>\n<script type=\"application\/ld+json\" class=\"yoast-schema-graph\">{\"@context\":\"https:\/\/schema.org\",\"@graph\":[{\"@type\":\"WebPage\",\"@id\":\"\/\",\"url\":\"https:\/\/tourcruiser.com\/\",\"name\":\"adidas Maxxcetus Training Shoes 'Magic Beige Sand Strata' - Tourcruiser PTE. LTD\",\"isPartOf\":{\"@id\":\"https:\/\/tourcruiser.com\/de\/#website\"},\"primaryImageOfPage\":{\"@id\":\"https:\/\/tourcruiser.com\/#primaryimage\"},\"image\":{\"@id\":\"https:\/\/tourcruiser.com\/#primaryimage\"},\"thumbnailUrl\":\"https:\/\/images.novelship.com\/product\/adidas_maxxcetus__beige_non_slip_durable_low_top_r_0_72641.png;https:\/\/images.novelship.com\/product\/adidas_maxxcetus__beige_non_slip_durable_low_top_r_1_72641.png;https:\/\/images.novelship.com\/product\/adidas_maxxcetus__beige_non_slip_durable_low_top_r_2_72641.png;https:\/\/images.novelship.com\/product\/adidas_maxxcetus__beige_non_slip_durable_low_top_r_3_72641.png;https:\/\/images.novelship.com\/product\/adidas_maxxcetus__beige_non_slip_durable_low_top_r_4_72641.png;https:\/\/images.novelship.com\/product\/adidas_maxxcetus__beige_non_slip_durable_low_top_r_5_72641.png\",\"datePublished\":\"2026-03-02T08:04:17+00:00\",\"dateModified\":\"2026-03-27T17:55:33+00:00\",\"breadcrumb\":{\"@id\":\"https:\/\/tourcruiser.com\/#breadcrumb\"},\"inLanguage\":\"de\",\"potentialAction\":[{\"@type\":\"ReadAction\",\"target\":[\"https:\/\/tourcruiser.com\/\"]}]},{\"@type\":\"ImageObject\",\"inLanguage\":\"de\",\"@id\":\"https:\/\/tourcruiser.com\/#primaryimage\",\"url\":\"https:\/\/images.novelship.com\/product\/adidas_maxxcetus__beige_non_slip_durable_low_top_r_0_72641.png;https:\/\/images.novelship.com\/product\/adidas_maxxcetus__beige_non_slip_durable_low_top_r_1_72641.png;https:\/\/images.novelship.com\/product\/adidas_maxxcetus__beige_non_slip_durable_low_top_r_2_72641.png;https:\/\/images.novelship.com\/product\/adidas_maxxcetus__beige_non_slip_durable_low_top_r_3_72641.png;https:\/\/images.novelship.com\/product\/adidas_maxxcetus__beige_non_slip_durable_low_top_r_4_72641.png;https:\/\/images.novelship.com\/product\/adidas_maxxcetus__beige_non_slip_durable_low_top_r_5_72641.png\",\"contentUrl\":\"https:\/\/images.novelship.com\/product\/adidas_maxxcetus__beige_non_slip_durable_low_top_r_0_72641.png;https:\/\/images.novelship.com\/product\/adidas_maxxcetus__beige_non_slip_durable_low_top_r_1_72641.png;https:\/\/images.novelship.com\/product\/adidas_maxxcetus__beige_non_slip_durable_low_top_r_2_72641.png;https:\/\/images.novelship.com\/product\/adidas_maxxcetus__beige_non_slip_durable_low_top_r_3_72641.png;https:\/\/images.novelship.com\/product\/adidas_maxxcetus__beige_non_slip_durable_low_top_r_4_72641.png;https:\/\/images.novelship.com\/product\/adidas_maxxcetus__beige_non_slip_durable_low_top_r_5_72641.png\"},{\"@type\":\"BreadcrumbList\",\"@id\":\"https:\/\/tourcruiser.com\/#breadcrumb\",\"itemListElement\":[{\"@type\":\"ListItem\",\"position\":1,\"name\":\"Home\",\"item\":\"https:\/\/tourcruiser.com\/de\/\"},{\"@type\":\"ListItem\",\"position\":2,\"name\":\"Shop\",\"item\":\"https:\/\/tourcruiser.com\/de\/shop\/\"},{\"@type\":\"ListItem\",\"position\":3,\"name\":\"adidas Maxxcetus Training Shoes &#8218;Magic Beige Sand Strata&#8216;\"}]},{\"@type\":\"WebSite\",\"@id\":\"https:\/\/tourcruiser.com\/de\/#website\",\"url\":\"https:\/\/tourcruiser.com\/de\/\",\"name\":\"Styloral Jewelry Shop\",\"description\":\"Tourcruiser Sneaker Store \u2014 der Ort, an dem das Universum deine Einzigartigkeit trifft.\",\"publisher\":{\"@id\":\"https:\/\/tourcruiser.com\/de\/#organization\"},\"potentialAction\":[{\"@type\":\"SearchAction\",\"target\":{\"@type\":\"EntryPoint\",\"urlTemplate\":\"https:\/\/tourcruiser.com\/de\/?s={search_term_string}\"},\"query-input\":{\"@type\":\"PropertyValueSpecification\",\"valueRequired\":true,\"valueName\":\"search_term_string\"}}],\"inLanguage\":\"de\"},{\"@type\":\"Organization\",\"@id\":\"https:\/\/tourcruiser.com\/de\/#organization\",\"name\":\"STYLORAL PTE. LTD\",\"url\":\"https:\/\/tourcruiser.com\/de\/\",\"logo\":{\"@type\":\"ImageObject\",\"inLanguage\":\"de\",\"@id\":\"https:\/\/tourcruiser.com\/de\/#\/schema\/logo\/image\/\",\"url\":\"https:\/\/www.tourcruiser.com\/wp-content\/uploads\/2025\/12\/logo.png\",\"contentUrl\":\"https:\/\/www.tourcruiser.com\/wp-content\/uploads\/2025\/12\/logo.png\",\"width\":200,\"height\":65,\"caption\":\"STYLORAL PTE. LTD\"},\"image\":{\"@id\":\"https:\/\/tourcruiser.com\/de\/#\/schema\/logo\/image\/\"}}]}<\/script>\n<!-- \/ Yoast SEO plugin. -->","yoast_head_json":{"title":"adidas Maxxcetus Training Shoes 'Magic Beige Sand Strata'  - Tourcruiser PTE. LTD","robots":{"index":"index","follow":"follow","max-snippet":"max-snippet:-1","max-image-preview":"max-image-preview:large","max-video-preview":"max-video-preview:-1"},"canonical":"https:\/\/tourcruiser.com\/","og_locale":"de_DE","og_type":"article","og_title":"adidas Maxxcetus Training Shoes 'Magic Beige Sand Strata'  - Tourcruiser PTE. LTD","og_description":"adidas Maxxcetus \u201d\u201d Magic Beige \/ Clay Strata \/ Sand Strata","og_url":"\/","og_site_name":"Tourcruiser Sneaker Store","article_modified_time":"2026-03-27T17:55:33+00:00","twitter_card":"summary_large_image","twitter_image":"https:\/\/images.novelship.com\/product\/adidas_maxxcetus__beige_non_slip_durable_low_top_r_0_72641.png;https:\/\/images.novelship.com\/product\/adidas_maxxcetus__beige_non_slip_durable_low_top_r_1_72641.png;https:\/\/images.novelship.com\/product\/adidas_maxxcetus__beige_non_slip_durable_low_top_r_2_72641.png;https:\/\/images.novelship.com\/product\/adidas_maxxcetus__beige_non_slip_durable_low_top_r_3_72641.png;https:\/\/images.novelship.com\/product\/adidas_maxxcetus__beige_non_slip_durable_low_top_r_4_72641.png;https:\/\/images.novelship.com\/product\/adidas_maxxcetus__beige_non_slip_durable_low_top_r_5_72641.png","schema":{"@context":"https:\/\/schema.org","@graph":[{"@type":"WebPage","@id":"\/","url":"https:\/\/tourcruiser.com\/","name":"adidas Maxxcetus Training Shoes 'Magic Beige Sand Strata' - Tourcruiser PTE. LTD","isPartOf":{"@id":"https:\/\/tourcruiser.com\/de\/#website"},"primaryImageOfPage":{"@id":"https:\/\/tourcruiser.com\/#primaryimage"},"image":{"@id":"https:\/\/tourcruiser.com\/#primaryimage"},"thumbnailUrl":"https:\/\/images.novelship.com\/product\/adidas_maxxcetus__beige_non_slip_durable_low_top_r_0_72641.png;https:\/\/images.novelship.com\/product\/adidas_maxxcetus__beige_non_slip_durable_low_top_r_1_72641.png;https:\/\/images.novelship.com\/product\/adidas_maxxcetus__beige_non_slip_durable_low_top_r_2_72641.png;https:\/\/images.novelship.com\/product\/adidas_maxxcetus__beige_non_slip_durable_low_top_r_3_72641.png;https:\/\/images.novelship.com\/product\/adidas_maxxcetus__beige_non_slip_durable_low_top_r_4_72641.png;https:\/\/images.novelship.com\/product\/adidas_maxxcetus__beige_non_slip_durable_low_top_r_5_72641.png","datePublished":"2026-03-02T08:04:17+00:00","dateModified":"2026-03-27T17:55:33+00:00","breadcrumb":{"@id":"https:\/\/tourcruiser.com\/#breadcrumb"},"inLanguage":"de","potentialAction":[{"@type":"ReadAction","target":["https:\/\/tourcruiser.com\/"]}]},{"@type":"ImageObject","inLanguage":"de","@id":"https:\/\/tourcruiser.com\/#primaryimage","url":"https:\/\/images.novelship.com\/product\/adidas_maxxcetus__beige_non_slip_durable_low_top_r_0_72641.png;https:\/\/images.novelship.com\/product\/adidas_maxxcetus__beige_non_slip_durable_low_top_r_1_72641.png;https:\/\/images.novelship.com\/product\/adidas_maxxcetus__beige_non_slip_durable_low_top_r_2_72641.png;https:\/\/images.novelship.com\/product\/adidas_maxxcetus__beige_non_slip_durable_low_top_r_3_72641.png;https:\/\/images.novelship.com\/product\/adidas_maxxcetus__beige_non_slip_durable_low_top_r_4_72641.png;https:\/\/images.novelship.com\/product\/adidas_maxxcetus__beige_non_slip_durable_low_top_r_5_72641.png","contentUrl":"https:\/\/images.novelship.com\/product\/adidas_maxxcetus__beige_non_slip_durable_low_top_r_0_72641.png;https:\/\/images.novelship.com\/product\/adidas_maxxcetus__beige_non_slip_durable_low_top_r_1_72641.png;https:\/\/images.novelship.com\/product\/adidas_maxxcetus__beige_non_slip_durable_low_top_r_2_72641.png;https:\/\/images.novelship.com\/product\/adidas_maxxcetus__beige_non_slip_durable_low_top_r_3_72641.png;https:\/\/images.novelship.com\/product\/adidas_maxxcetus__beige_non_slip_durable_low_top_r_4_72641.png;https:\/\/images.novelship.com\/product\/adidas_maxxcetus__beige_non_slip_durable_low_top_r_5_72641.png"},{"@type":"BreadcrumbList","@id":"https:\/\/tourcruiser.com\/#breadcrumb","itemListElement":[{"@type":"ListItem","position":1,"name":"Home","item":"https:\/\/tourcruiser.com\/de\/"},{"@type":"ListItem","position":2,"name":"Shop","item":"https:\/\/tourcruiser.com\/de\/shop\/"},{"@type":"ListItem","position":3,"name":"adidas Maxxcetus Training Shoes &#8218;Magic Beige Sand Strata&#8216;"}]},{"@type":"WebSite","@id":"https:\/\/tourcruiser.com\/de\/#website","url":"https:\/\/tourcruiser.com\/de\/","name":"Styloral Jewelry Shop","description":"Tourcruiser Sneaker Store \u2014 der Ort, an dem das Universum deine Einzigartigkeit trifft.","publisher":{"@id":"https:\/\/tourcruiser.com\/de\/#organization"},"potentialAction":[{"@type":"SearchAction","target":{"@type":"EntryPoint","urlTemplate":"https:\/\/tourcruiser.com\/de\/?s={search_term_string}"},"query-input":{"@type":"PropertyValueSpecification","valueRequired":true,"valueName":"search_term_string"}}],"inLanguage":"de"},{"@type":"Organization","@id":"https:\/\/tourcruiser.com\/de\/#organization","name":"STYLORAL PTE. LTD","url":"https:\/\/tourcruiser.com\/de\/","logo":{"@type":"ImageObject","inLanguage":"de","@id":"https:\/\/tourcruiser.com\/de\/#\/schema\/logo\/image\/","url":"https:\/\/www.tourcruiser.com\/wp-content\/uploads\/2025\/12\/logo.png","contentUrl":"https:\/\/www.tourcruiser.com\/wp-content\/uploads\/2025\/12\/logo.png","width":200,"height":65,"caption":"STYLORAL PTE. LTD"},"image":{"@id":"https:\/\/tourcruiser.com\/de\/#\/schema\/logo\/image\/"}}]}},"_links":{"self":[{"href":"https:\/\/tourcruiser.com\/de\/wp-json\/wp\/v2\/product\/47410","targetHints":{"allow":["GET"]}}],"collection":[{"href":"https:\/\/tourcruiser.com\/de\/wp-json\/wp\/v2\/product"}],"about":[{"href":"https:\/\/tourcruiser.com\/de\/wp-json\/wp\/v2\/types\/product"}],"replies":[{"embeddable":true,"href":"https:\/\/tourcruiser.com\/de\/wp-json\/wp\/v2\/comments?post=47410"}],"wp:featuredmedia":[{"embeddable":true,"href":"https:\/\/tourcruiser.com\/de\/wp-json\/wp\/v2\/media\/47411"}],"wp:attachment":[{"href":"https:\/\/tourcruiser.com\/de\/wp-json\/wp\/v2\/media?parent=47410"}],"wp:term":[{"taxonomy":"product_brand","embeddable":true,"href":"https:\/\/tourcruiser.com\/de\/wp-json\/wp\/v2\/product_brand?post=47410"},{"taxonomy":"product_cat","embeddable":true,"href":"https:\/\/tourcruiser.com\/de\/wp-json\/wp\/v2\/product_cat?post=47410"},{"taxonomy":"product_tag","embeddable":true,"href":"https:\/\/tourcruiser.com\/de\/wp-json\/wp\/v2\/product_tag?post=47410"}],"curies":[{"name":"wp","href":"https:\/\/api.w.org\/{rel}","templated":true}]}}