{"id":47291,"date":"2026-03-02T15:04:08","date_gmt":"2026-03-02T08:04:08","guid":{"rendered":"http:\/\/tourcruiser.com\/product\/nike-infinity-golf-next-nature-wide-white-black"},"modified":"2026-03-28T00:55:25","modified_gmt":"2026-03-27T17:55:25","slug":"nike-infinity-golf-next-nature-wide-white-black","status":"publish","type":"product","link":"https:\/\/tourcruiser.com\/de\/products\/nike-infinity-golf-next-nature-wide-white-black\/","title":{"rendered":"Nike Infinity Golf Next Nature Wide &#8218;White Black&#8216;"},"content":{"rendered":"<p>Erleben Sie unvergleichlichen Komfort auf dem Gr\u00fcn mit den Nike Infinity Golf Next Nature Wide Golfschuhen in Wei\u00df und Schwarz. Diese aus nachhaltigen Materialien gefertigten Schuhe verf\u00fcgen \u00fcber ein weiches Flyknit-Obermaterial, das sich wie eine Socke an Ihren Fu\u00df anschmiegt. Die reaktionsfreudige React-Schaumstoffd\u00e4mpfung sorgt f\u00fcr Energier\u00fcckgabe bei jedem Schritt, w\u00e4hrend die breite Passform auch breiteren F\u00fc\u00dfen gerecht wird. Die strapazierf\u00e4hige Gummiau\u00dfensohle mit strategisch platzierten Stollen garantiert optimalen Grip und Traktion. Verbessern Sie Ihr Spiel und setzen Sie auf Nachhaltigkeit mit diesen innovativen und umweltfreundlichen Golfschuhen.<\/p>\n<p>Farbgebung: Wei\u00df\/Reinplatin\/Schwarz<br \/>\nArtikelnummer: FN0565-100<br \/>\nObermaterial: Mesh<br \/>\nFarbe: Wei\u00df<br \/>\nErscheinungsjahr: 2024<\/p>\n","protected":false},"excerpt":{"rendered":"<p>Nike Infinity Golf Next Nature Wide \u201d\u201d White\/Pure Platinum\/Black<\/p>\n","protected":false},"featured_media":47292,"comment_status":"open","ping_status":"closed","template":"","meta":[],"product_brand":[],"product_cat":[10803],"product_tag":[10753,11042,10801,10802,11895,10758],"class_list":{"0":"post-47291","1":"product","2":"type-product","3":"status-publish","4":"has-post-thumbnail","6":"product_cat-nike","7":"product_tag-gift-for-him","8":"product_tag-golf-shoes","9":"product_tag-nike","10":"product_tag-performance-sport-shoes","11":"product_tag-spikeless-golf-shoes","12":"product_tag-under-retail","13":"wcpa_has_options","15":"first","16":"outofstock","17":"taxable","18":"shipping-taxable","19":"purchasable","20":"product-type-simple"},"wcpa_form_fields":{"rules":{"pric_overide_base_price":false,"pric_overide_base_price_if_gt_zero":false,"pric_overide_base_price_fully":false,"pric_cal_option_once":false,"pric_use_as_fee":false,"bind_quantity":false,"quantity_bind_formula":false},"fields":[{"type":"color-group","required":true,"elementId":"wcpa-color-group-66c4a75505e74","label":"Gr\u00f6\u00dfe - EU Gr\u00f6\u00dfe","inline":true,"priceOptions":"different_for_all","pricingType":"fixed","className":"hassizechart product-shoes-size-eu product-shoes-size","name":"color-group-66c4a75505e89","disp_type":"square","selection_type":"tick-border","disp_size":"44","show_label_inside":true,"adjust_width":true,"cart_display_type":"text","other_text":"Other","cl_rule":"show","col":6,"values":[{"label":"35.5","value":"EU 35.5","price":"","pimage":"","pimage_id":"","pthumb":"","color":""},{"label":"36","value":"EU 36","price":"","pimage":"","pimage_id":"","pthumb":"","color":"","selected":true},{"label":"36.5","value":"EU 36.5","price":"","pimage":"","pimage_id":"","pthumb":"","color":""},{"label":"37.5","value":"EU 37.5","price":"","pimage":"","pimage_id":"","pthumb":"","color":""},{"label":"38","value":"EU 38","price":"","pimage":"","pimage_id":"","pthumb":"","color":""},{"label":"38.5","value":"EU 38.5","price":"","pimage":"","pimage_id":"","pthumb":"","color":""},{"label":"39","value":"EU 39","price":"","pimage":"","pimage_id":"","pthumb":"","color":""},{"label":"40","value":"EU 40","price":"","pimage":"","pimage_id":"","pthumb":"","color":""},{"label":"40.5","value":"EU 40.5","price":"","pimage":"","pimage_id":"","pthumb":"","color":""},{"label":"41","value":"EU 41","price":"","pimage":"","pimage_id":"","pthumb":"","color":""},{"label":"42","value":"EU 42","price":"","pimage":"","pimage_id":"","pthumb":"","color":""},{"label":"42.5","value":"EU 42.5","price":"","pimage":"","pimage_id":"","pthumb":"","color":""},{"label":"43","value":"EU 43","price":"","pimage":"","pimage_id":"","pthumb":"","color":""},{"label":"44","value":"EU 44","price":"","pimage":"","pimage_id":"","pthumb":"","color":""},{"label":"44.5","value":"EU 44.5","price":"","pimage":"","pimage_id":"","pthumb":"","color":""},{"label":"45","value":"EU 45","price":"","pimage":"","pimage_id":"","pthumb":"","color":""},{"label":"45.5","value":"EU 45.5","price":"","pimage":"","pimage_id":"","pthumb":"","color":""},{"label":"46","value":"EU 46","price":"","pimage":"","pimage_id":"","pthumb":"","color":""},{"label":"47","value":"EU 47","price":"","pimage":"","pimage_id":"","pthumb":"","color":""},{"label":"47.5","value":"EU 47.5","price":"","pimage":"","pimage_id":"","pthumb":"","color":""},{"label":"48","value":"EU 48","price":"","pimage":"","pimage_id":"","pthumb":"","color":""}],"relations":[{"operator":false,"rules":[]}],"form_id":18106,"form_rules":{"pric_cal_option_once":false,"exclude_from_discount":false,"pric_use_as_fee":false,"fee_label":"Fee","render_after_acb":false,"disp_hide_options_price":false}}]},"yoast_head":"<!-- This site is optimized with the Yoast SEO plugin v26.5 - https:\/\/yoast.com\/wordpress\/plugins\/seo\/ -->\n<title>Nike Infinity Golf Next Nature Wide &#039;White Black&#039;  - Tourcruiser PTE. LTD<\/title>\n<meta name=\"robots\" content=\"index, follow, max-snippet:-1, max-image-preview:large, max-video-preview:-1\" \/>\n<link rel=\"canonical\" href=\"https:\/\/tourcruiser.com\/de\/products\/nike-infinity-golf-next-nature-wide-white-black\/\" \/>\n<meta property=\"og:locale\" content=\"de_DE\" \/>\n<meta property=\"og:type\" content=\"article\" \/>\n<meta property=\"og:title\" content=\"Nike Infinity Golf Next Nature Wide &#039;White Black&#039;  - Tourcruiser PTE. LTD\" \/>\n<meta property=\"og:description\" content=\"Nike Infinity Golf Next Nature Wide \u201d\u201d White\/Pure Platinum\/Black\" \/>\n<meta property=\"og:url\" content=\"https:\/\/tourcruiser.com\/de\/products\/nike-infinity-golf-next-nature-wide-white-black\/\" \/>\n<meta property=\"og:site_name\" content=\"Tourcruiser Sneaker Store\" \/>\n<meta property=\"article:modified_time\" content=\"2026-03-27T17:55:25+00:00\" \/>\n<meta name=\"twitter:card\" content=\"summary_large_image\" \/>\n<meta name=\"twitter:image\" content=\"https:\/\/images.novelship.com\/product\/nike_infinity_golf_next_nature_wide__white_black___0_38482.jpeg;https:\/\/images.novelship.com\/product\/nike_infinity_golf_next_nature_wide__white_black___1_38482.jpeg;https:\/\/images.novelship.com\/product\/nike_infinity_golf_next_nature_wide__white_black___2_38482.jpeg;https:\/\/images.novelship.com\/product\/nike_infinity_golf_next_nature_wide__white_black___3_38482.jpeg;https:\/\/images.novelship.com\/product\/nike_infinity_golf_next_nature_wide__white_black___4_38482.jpeg;https:\/\/images.novelship.com\/product\/nike_infinity_golf_next_nature_wide__white_black___5_38482.jpeg\" \/>\n<meta name=\"twitter:label1\" content=\"Gesch\u00e4tzte Lesezeit\" \/>\n\t<meta name=\"twitter:data1\" content=\"1\u00a0Minute\" \/>\n<script type=\"application\/ld+json\" class=\"yoast-schema-graph\">{\"@context\":\"https:\/\/schema.org\",\"@graph\":[{\"@type\":\"WebPage\",\"@id\":\"https:\/\/tourcruiser.com\/de\/products\/nike-infinity-golf-next-nature-wide-white-black\/\",\"url\":\"https:\/\/tourcruiser.com\/de\/products\/nike-infinity-golf-next-nature-wide-white-black\/\",\"name\":\"Nike Infinity Golf Next Nature Wide 'White Black' - Tourcruiser PTE. LTD\",\"isPartOf\":{\"@id\":\"https:\/\/tourcruiser.com\/de\/#website\"},\"primaryImageOfPage\":{\"@id\":\"https:\/\/tourcruiser.com\/de\/products\/nike-infinity-golf-next-nature-wide-white-black\/#primaryimage\"},\"image\":{\"@id\":\"https:\/\/tourcruiser.com\/de\/products\/nike-infinity-golf-next-nature-wide-white-black\/#primaryimage\"},\"thumbnailUrl\":\"https:\/\/images.novelship.com\/product\/nike_infinity_golf_next_nature_wide__white_black___0_38482.jpeg;https:\/\/images.novelship.com\/product\/nike_infinity_golf_next_nature_wide__white_black___1_38482.jpeg;https:\/\/images.novelship.com\/product\/nike_infinity_golf_next_nature_wide__white_black___2_38482.jpeg;https:\/\/images.novelship.com\/product\/nike_infinity_golf_next_nature_wide__white_black___3_38482.jpeg;https:\/\/images.novelship.com\/product\/nike_infinity_golf_next_nature_wide__white_black___4_38482.jpeg;https:\/\/images.novelship.com\/product\/nike_infinity_golf_next_nature_wide__white_black___5_38482.jpeg\",\"datePublished\":\"2026-03-02T08:04:08+00:00\",\"dateModified\":\"2026-03-27T17:55:25+00:00\",\"breadcrumb\":{\"@id\":\"https:\/\/tourcruiser.com\/de\/products\/nike-infinity-golf-next-nature-wide-white-black\/#breadcrumb\"},\"inLanguage\":\"de\",\"potentialAction\":[{\"@type\":\"ReadAction\",\"target\":[\"https:\/\/tourcruiser.com\/de\/products\/nike-infinity-golf-next-nature-wide-white-black\/\"]}]},{\"@type\":\"ImageObject\",\"inLanguage\":\"de\",\"@id\":\"https:\/\/tourcruiser.com\/de\/products\/nike-infinity-golf-next-nature-wide-white-black\/#primaryimage\",\"url\":\"https:\/\/images.novelship.com\/product\/nike_infinity_golf_next_nature_wide__white_black___0_38482.jpeg;https:\/\/images.novelship.com\/product\/nike_infinity_golf_next_nature_wide__white_black___1_38482.jpeg;https:\/\/images.novelship.com\/product\/nike_infinity_golf_next_nature_wide__white_black___2_38482.jpeg;https:\/\/images.novelship.com\/product\/nike_infinity_golf_next_nature_wide__white_black___3_38482.jpeg;https:\/\/images.novelship.com\/product\/nike_infinity_golf_next_nature_wide__white_black___4_38482.jpeg;https:\/\/images.novelship.com\/product\/nike_infinity_golf_next_nature_wide__white_black___5_38482.jpeg\",\"contentUrl\":\"https:\/\/images.novelship.com\/product\/nike_infinity_golf_next_nature_wide__white_black___0_38482.jpeg;https:\/\/images.novelship.com\/product\/nike_infinity_golf_next_nature_wide__white_black___1_38482.jpeg;https:\/\/images.novelship.com\/product\/nike_infinity_golf_next_nature_wide__white_black___2_38482.jpeg;https:\/\/images.novelship.com\/product\/nike_infinity_golf_next_nature_wide__white_black___3_38482.jpeg;https:\/\/images.novelship.com\/product\/nike_infinity_golf_next_nature_wide__white_black___4_38482.jpeg;https:\/\/images.novelship.com\/product\/nike_infinity_golf_next_nature_wide__white_black___5_38482.jpeg\"},{\"@type\":\"BreadcrumbList\",\"@id\":\"https:\/\/tourcruiser.com\/de\/products\/nike-infinity-golf-next-nature-wide-white-black\/#breadcrumb\",\"itemListElement\":[{\"@type\":\"ListItem\",\"position\":1,\"name\":\"Home\",\"item\":\"https:\/\/tourcruiser.com\/de\/\"},{\"@type\":\"ListItem\",\"position\":2,\"name\":\"Shop\",\"item\":\"https:\/\/tourcruiser.com\/de\/shop\/\"},{\"@type\":\"ListItem\",\"position\":3,\"name\":\"Nike Infinity Golf Next Nature Wide 'White Black'\"}]},{\"@type\":\"WebSite\",\"@id\":\"https:\/\/tourcruiser.com\/de\/#website\",\"url\":\"https:\/\/tourcruiser.com\/de\/\",\"name\":\"Styloral Jewelry Shop\",\"description\":\"Tourcruiser Sneaker Store \u2014 der Ort, an dem das Universum deine Einzigartigkeit trifft.\",\"publisher\":{\"@id\":\"https:\/\/tourcruiser.com\/de\/#organization\"},\"potentialAction\":[{\"@type\":\"SearchAction\",\"target\":{\"@type\":\"EntryPoint\",\"urlTemplate\":\"https:\/\/tourcruiser.com\/de\/?s={search_term_string}\"},\"query-input\":{\"@type\":\"PropertyValueSpecification\",\"valueRequired\":true,\"valueName\":\"search_term_string\"}}],\"inLanguage\":\"de\"},{\"@type\":\"Organization\",\"@id\":\"https:\/\/tourcruiser.com\/de\/#organization\",\"name\":\"STYLORAL PTE. LTD\",\"url\":\"https:\/\/tourcruiser.com\/de\/\",\"logo\":{\"@type\":\"ImageObject\",\"inLanguage\":\"de\",\"@id\":\"https:\/\/tourcruiser.com\/de\/#\/schema\/logo\/image\/\",\"url\":\"https:\/\/www.tourcruiser.com\/wp-content\/uploads\/2025\/12\/logo.png\",\"contentUrl\":\"https:\/\/www.tourcruiser.com\/wp-content\/uploads\/2025\/12\/logo.png\",\"width\":200,\"height\":65,\"caption\":\"STYLORAL PTE. LTD\"},\"image\":{\"@id\":\"https:\/\/tourcruiser.com\/de\/#\/schema\/logo\/image\/\"}}]}<\/script>\n<!-- \/ Yoast SEO plugin. -->","yoast_head_json":{"title":"Nike Infinity Golf Next Nature Wide 'White Black'  - Tourcruiser PTE. LTD","robots":{"index":"index","follow":"follow","max-snippet":"max-snippet:-1","max-image-preview":"max-image-preview:large","max-video-preview":"max-video-preview:-1"},"canonical":"https:\/\/tourcruiser.com\/de\/products\/nike-infinity-golf-next-nature-wide-white-black\/","og_locale":"de_DE","og_type":"article","og_title":"Nike Infinity Golf Next Nature Wide 'White Black'  - Tourcruiser PTE. LTD","og_description":"Nike Infinity Golf Next Nature Wide \u201d\u201d White\/Pure Platinum\/Black","og_url":"https:\/\/tourcruiser.com\/de\/products\/nike-infinity-golf-next-nature-wide-white-black\/","og_site_name":"Tourcruiser Sneaker Store","article_modified_time":"2026-03-27T17:55:25+00:00","twitter_card":"summary_large_image","twitter_image":"https:\/\/images.novelship.com\/product\/nike_infinity_golf_next_nature_wide__white_black___0_38482.jpeg;https:\/\/images.novelship.com\/product\/nike_infinity_golf_next_nature_wide__white_black___1_38482.jpeg;https:\/\/images.novelship.com\/product\/nike_infinity_golf_next_nature_wide__white_black___2_38482.jpeg;https:\/\/images.novelship.com\/product\/nike_infinity_golf_next_nature_wide__white_black___3_38482.jpeg;https:\/\/images.novelship.com\/product\/nike_infinity_golf_next_nature_wide__white_black___4_38482.jpeg;https:\/\/images.novelship.com\/product\/nike_infinity_golf_next_nature_wide__white_black___5_38482.jpeg","twitter_misc":{"Gesch\u00e4tzte Lesezeit":"1\u00a0Minute"},"schema":{"@context":"https:\/\/schema.org","@graph":[{"@type":"WebPage","@id":"https:\/\/tourcruiser.com\/de\/products\/nike-infinity-golf-next-nature-wide-white-black\/","url":"https:\/\/tourcruiser.com\/de\/products\/nike-infinity-golf-next-nature-wide-white-black\/","name":"Nike Infinity Golf Next Nature Wide 'White Black' - Tourcruiser PTE. LTD","isPartOf":{"@id":"https:\/\/tourcruiser.com\/de\/#website"},"primaryImageOfPage":{"@id":"https:\/\/tourcruiser.com\/de\/products\/nike-infinity-golf-next-nature-wide-white-black\/#primaryimage"},"image":{"@id":"https:\/\/tourcruiser.com\/de\/products\/nike-infinity-golf-next-nature-wide-white-black\/#primaryimage"},"thumbnailUrl":"https:\/\/images.novelship.com\/product\/nike_infinity_golf_next_nature_wide__white_black___0_38482.jpeg;https:\/\/images.novelship.com\/product\/nike_infinity_golf_next_nature_wide__white_black___1_38482.jpeg;https:\/\/images.novelship.com\/product\/nike_infinity_golf_next_nature_wide__white_black___2_38482.jpeg;https:\/\/images.novelship.com\/product\/nike_infinity_golf_next_nature_wide__white_black___3_38482.jpeg;https:\/\/images.novelship.com\/product\/nike_infinity_golf_next_nature_wide__white_black___4_38482.jpeg;https:\/\/images.novelship.com\/product\/nike_infinity_golf_next_nature_wide__white_black___5_38482.jpeg","datePublished":"2026-03-02T08:04:08+00:00","dateModified":"2026-03-27T17:55:25+00:00","breadcrumb":{"@id":"https:\/\/tourcruiser.com\/de\/products\/nike-infinity-golf-next-nature-wide-white-black\/#breadcrumb"},"inLanguage":"de","potentialAction":[{"@type":"ReadAction","target":["https:\/\/tourcruiser.com\/de\/products\/nike-infinity-golf-next-nature-wide-white-black\/"]}]},{"@type":"ImageObject","inLanguage":"de","@id":"https:\/\/tourcruiser.com\/de\/products\/nike-infinity-golf-next-nature-wide-white-black\/#primaryimage","url":"https:\/\/images.novelship.com\/product\/nike_infinity_golf_next_nature_wide__white_black___0_38482.jpeg;https:\/\/images.novelship.com\/product\/nike_infinity_golf_next_nature_wide__white_black___1_38482.jpeg;https:\/\/images.novelship.com\/product\/nike_infinity_golf_next_nature_wide__white_black___2_38482.jpeg;https:\/\/images.novelship.com\/product\/nike_infinity_golf_next_nature_wide__white_black___3_38482.jpeg;https:\/\/images.novelship.com\/product\/nike_infinity_golf_next_nature_wide__white_black___4_38482.jpeg;https:\/\/images.novelship.com\/product\/nike_infinity_golf_next_nature_wide__white_black___5_38482.jpeg","contentUrl":"https:\/\/images.novelship.com\/product\/nike_infinity_golf_next_nature_wide__white_black___0_38482.jpeg;https:\/\/images.novelship.com\/product\/nike_infinity_golf_next_nature_wide__white_black___1_38482.jpeg;https:\/\/images.novelship.com\/product\/nike_infinity_golf_next_nature_wide__white_black___2_38482.jpeg;https:\/\/images.novelship.com\/product\/nike_infinity_golf_next_nature_wide__white_black___3_38482.jpeg;https:\/\/images.novelship.com\/product\/nike_infinity_golf_next_nature_wide__white_black___4_38482.jpeg;https:\/\/images.novelship.com\/product\/nike_infinity_golf_next_nature_wide__white_black___5_38482.jpeg"},{"@type":"BreadcrumbList","@id":"https:\/\/tourcruiser.com\/de\/products\/nike-infinity-golf-next-nature-wide-white-black\/#breadcrumb","itemListElement":[{"@type":"ListItem","position":1,"name":"Home","item":"https:\/\/tourcruiser.com\/de\/"},{"@type":"ListItem","position":2,"name":"Shop","item":"https:\/\/tourcruiser.com\/de\/shop\/"},{"@type":"ListItem","position":3,"name":"Nike Infinity Golf Next Nature Wide 'White Black'"}]},{"@type":"WebSite","@id":"https:\/\/tourcruiser.com\/de\/#website","url":"https:\/\/tourcruiser.com\/de\/","name":"Styloral Jewelry Shop","description":"Tourcruiser Sneaker Store \u2014 der Ort, an dem das Universum deine Einzigartigkeit trifft.","publisher":{"@id":"https:\/\/tourcruiser.com\/de\/#organization"},"potentialAction":[{"@type":"SearchAction","target":{"@type":"EntryPoint","urlTemplate":"https:\/\/tourcruiser.com\/de\/?s={search_term_string}"},"query-input":{"@type":"PropertyValueSpecification","valueRequired":true,"valueName":"search_term_string"}}],"inLanguage":"de"},{"@type":"Organization","@id":"https:\/\/tourcruiser.com\/de\/#organization","name":"STYLORAL PTE. LTD","url":"https:\/\/tourcruiser.com\/de\/","logo":{"@type":"ImageObject","inLanguage":"de","@id":"https:\/\/tourcruiser.com\/de\/#\/schema\/logo\/image\/","url":"https:\/\/www.tourcruiser.com\/wp-content\/uploads\/2025\/12\/logo.png","contentUrl":"https:\/\/www.tourcruiser.com\/wp-content\/uploads\/2025\/12\/logo.png","width":200,"height":65,"caption":"STYLORAL PTE. LTD"},"image":{"@id":"https:\/\/tourcruiser.com\/de\/#\/schema\/logo\/image\/"}}]}},"_links":{"self":[{"href":"https:\/\/tourcruiser.com\/de\/wp-json\/wp\/v2\/product\/47291","targetHints":{"allow":["GET"]}}],"collection":[{"href":"https:\/\/tourcruiser.com\/de\/wp-json\/wp\/v2\/product"}],"about":[{"href":"https:\/\/tourcruiser.com\/de\/wp-json\/wp\/v2\/types\/product"}],"replies":[{"embeddable":true,"href":"https:\/\/tourcruiser.com\/de\/wp-json\/wp\/v2\/comments?post=47291"}],"wp:featuredmedia":[{"embeddable":true,"href":"https:\/\/tourcruiser.com\/de\/wp-json\/wp\/v2\/media\/47292"}],"wp:attachment":[{"href":"https:\/\/tourcruiser.com\/de\/wp-json\/wp\/v2\/media?parent=47291"}],"wp:term":[{"taxonomy":"product_brand","embeddable":true,"href":"https:\/\/tourcruiser.com\/de\/wp-json\/wp\/v2\/product_brand?post=47291"},{"taxonomy":"product_cat","embeddable":true,"href":"https:\/\/tourcruiser.com\/de\/wp-json\/wp\/v2\/product_cat?post=47291"},{"taxonomy":"product_tag","embeddable":true,"href":"https:\/\/tourcruiser.com\/de\/wp-json\/wp\/v2\/product_tag?post=47291"}],"curies":[{"name":"wp","href":"https:\/\/api.w.org\/{rel}","templated":true}]}}