{"id":470979,"date":"2026-03-21T12:32:01","date_gmt":"2026-03-21T05:32:01","guid":{"rendered":"http:\/\/tourcruiser.com\/product\/women-noritake-x-new-balance-200-slides-white"},"modified":"2026-03-21T12:32:01","modified_gmt":"2026-03-21T05:32:01","slug":"women-noritake-x-new-balance-200-slides-white","status":"publish","type":"product","link":"https:\/\/tourcruiser.com\/de\/products\/women-noritake-x-new-balance-200-slides-white\/","title":{"rendered":"(Women) Noritake x New Balance 200 Slides &#8218;White&#8216;"},"content":{"rendered":"<p>Erleben Sie m\u00c3\u00bchelosen Stil und Komfort mit den Noritake x New Balance 200 Slides in Wei\u00c3\u0178. Diese leichten und strapazierf\u00c3\u00a4higen Slides bieten dank ihres weichen Fu\u00c3\u0178betts ganzt\u00c3\u00a4gigen Tragekomfort. Der ikonische Noritake-Print verleiht ihnen eine lebendige Note und macht sie zur perfekten Kombination aus Mode und Funktionalit\u00c3\u00a4t. Ob beim Einkaufen oder Entspannen am Pool \u00e2\u20ac\u201c die SWF200NW wertet Ihren Schuhstil auf. Genie\u00c3\u0178en Sie Komfort und Stil mit den Noritake x New Balance 200 Slides in Wei\u00c3\u0178.<\/p>\n<p>Farbe: Wei\u00c3\u0178<\/p>\n<p>Artikelnummer: SWF200NW<\/p>\n<p>Obermaterial: Gummi<\/p>\n<p>Saison: Ganzj\u00c3\u00a4hrig<\/p>\n<p>Erscheinungsjahr: 2021<\/p>\n","protected":false},"excerpt":{"rendered":"<p>Erleben Sie m\u00c3\u00bchelosen Stil und Komfort mit den Noritake x New Balance 200 Slides in Wei\u00c3\u0178. Diese leichten und strapazierf\u00c3\u00a4higen Slides bieten dank ihres weichen Fu\u00c3\u0178betts ganzt\u00c3\u00a4gigen Tragekomfort. Der ikonische Noritake-Print verleiht ihnen eine lebendige Note und macht sie zur perfekten Kombination aus Mode und Funktionalit\u00c3\u00a4t. Ob beim Einkaufen oder Entspannen am Pool \u00e2\u20ac\u201c die [&hellip;]<\/p>\n","protected":false},"featured_media":470980,"comment_status":"open","ping_status":"closed","template":"","meta":[],"product_brand":[],"product_cat":[40442,10771,39306,38854],"product_tag":[40473,40421,40424,10766,10808,40429],"class_list":{"0":"post-470979","1":"product","2":"type-product","3":"status-publish","4":"has-post-thumbnail","6":"product_cat-new-balance-200-slides","7":"product_cat-new-balance","8":"product_cat-slides","9":"product_cat-gender-women","10":"product_tag-geschenk-fa-r-sie","11":"product_tag-la-ssige-sandalen","12":"product_tag-lifestyle-freizeitschuhe","13":"product_tag-new-balance","14":"product_tag-slides","15":"product_tag-unter-retailpreis","16":"wcpa_has_options","18":"first","19":"instock","20":"taxable","21":"shipping-taxable","22":"purchasable","23":"product-type-simple"},"wcpa_form_fields":{"rules":{"pric_overide_base_price":false,"pric_overide_base_price_if_gt_zero":false,"pric_overide_base_price_fully":false,"pric_cal_option_once":false,"pric_use_as_fee":false,"bind_quantity":false,"quantity_bind_formula":false},"fields":[{"type":"color-group","required":true,"elementId":"wcpa-color-group-66c4a928225d2","label":"Gr\u00f6\u00dfe","inline":true,"priceOptions":"different_for_all","pricingType":"fixed","className":"hassizechart product-shoes-size-eu product-shoes-size","name":"color-group-66c4a928225e2","disp_type":"square","selection_type":"tick-border","disp_size":"50","show_label_inside":true,"adjust_width":true,"cart_display_type":"text","other_text":"Other","cl_rule":"show","col":6,"values":[{"label":"35","value":"EU 35","price":"","pimage":"","pimage_id":"","pthumb":"","color":""},{"label":"36","value":"EU 36","price":"","pimage":"","pimage_id":"","pthumb":"","color":"","selected":true},{"label":"37","value":"EU 37","price":"","pimage":"","pimage_id":"","pthumb":"","color":""},{"label":"37.5","value":"EU 37.5","price":"","pimage":"","pimage_id":"","pthumb":"","color":""},{"label":"38","value":"EU 38","price":"","pimage":"","pimage_id":"","pthumb":"","color":""},{"label":"38.5","value":"EU 38.5","price":"","pimage":"","pimage_id":"","pthumb":"","color":""},{"label":"39","value":"EU 39","price":"","pimage":"","pimage_id":"","pthumb":"","color":""},{"label":"39.5","value":"EU 39.5","price":"","pimage":"","pimage_id":"","pthumb":"","color":""},{"label":"40","value":"EU 40","price":"","pimage":"","pimage_id":"","pthumb":"","color":""},{"label":"40.5","value":"EU 40.5","price":"","pimage":"","pimage_id":"","pthumb":"","color":""},{"label":" 41.5","value":"EU 41.5","price":"","pimage":"","pimage_id":"","pthumb":"","color":""},{"label":"42","value":"EU 42","price":"","pimage":"","pimage_id":"","pthumb":"","color":""},{"label":"42.5","value":"EU 42.5","price":"","pimage":"","pimage_id":"","pthumb":"","color":""},{"label":"43","value":"EU 43","price":"","pimage":"","pimage_id":"","pthumb":"","color":""},{"label":"44","value":"EU 44","price":"","pimage":"","pimage_id":"","pthumb":"","color":""},{"label":"44.5","value":"EU 44.5","price":"","pimage":"","pimage_id":"","pthumb":"","color":""},{"label":"45","value":"EU 45","price":"","pimage":"","pimage_id":"","pthumb":"","color":""},{"label":"45.5","value":"EU 45.5","price":"","pimage":"","pimage_id":"","pthumb":"","color":""},{"label":"46","value":"EU 46","price":"","pimage":"","pimage_id":"","pthumb":"","color":""}],"relations":[{"operator":false,"rules":[]}],"form_id":24803,"form_rules":{"pric_cal_option_once":false,"exclude_from_discount":false,"pric_use_as_fee":false,"fee_label":"Fee","render_after_acb":false,"disp_hide_options_price":false}}]},"yoast_head":"<!-- This site is optimized with the Yoast SEO plugin v26.5 - https:\/\/yoast.com\/wordpress\/plugins\/seo\/ -->\n<title>(Women) Noritake x New Balance 200 Slides &#039;White&#039; - Tourcruiser PTE. LTD<\/title>\n<meta name=\"robots\" content=\"index, follow, max-snippet:-1, max-image-preview:large, max-video-preview:-1\" \/>\n<link rel=\"canonical\" href=\"https:\/\/tourcruiser.com\/de\/products\/women-noritake-x-new-balance-200-slides-white\/\" \/>\n<meta property=\"og:locale\" content=\"de_DE\" \/>\n<meta property=\"og:type\" content=\"article\" \/>\n<meta property=\"og:title\" content=\"(Women) Noritake x New Balance 200 Slides &#039;White&#039; - Tourcruiser PTE. LTD\" \/>\n<meta property=\"og:description\" content=\"Erleben Sie m\u00c3\u00bchelosen Stil und Komfort mit den Noritake x New Balance 200 Slides in Wei\u00c3\u0178. Diese leichten und strapazierf\u00c3\u00a4higen Slides bieten dank ihres weichen Fu\u00c3\u0178betts ganzt\u00c3\u00a4gigen Tragekomfort. Der ikonische Noritake-Print verleiht ihnen eine lebendige Note und macht sie zur perfekten Kombination aus Mode und Funktionalit\u00c3\u00a4t. Ob beim Einkaufen oder Entspannen am Pool \u00e2\u20ac\u201c die [&hellip;]\" \/>\n<meta property=\"og:url\" content=\"https:\/\/tourcruiser.com\/de\/products\/women-noritake-x-new-balance-200-slides-white\/\" \/>\n<meta property=\"og:site_name\" content=\"Tourcruiser Sneaker Store\" \/>\n<meta name=\"twitter:card\" content=\"summary_large_image\" \/>\n<meta name=\"twitter:image\" content=\"https:\/\/images.novelship.com\/product\/_women__noritake_x_new_balance_200_slides__white___0_11081.jpeg\" \/>\n<script type=\"application\/ld+json\" class=\"yoast-schema-graph\">{\"@context\":\"https:\/\/schema.org\",\"@graph\":[{\"@type\":\"WebPage\",\"@id\":\"https:\/\/tourcruiser.com\/de\/products\/women-noritake-x-new-balance-200-slides-white\/\",\"url\":\"https:\/\/tourcruiser.com\/de\/products\/women-noritake-x-new-balance-200-slides-white\/\",\"name\":\"(Women) Noritake x New Balance 200 Slides 'White' - Tourcruiser PTE. LTD\",\"isPartOf\":{\"@id\":\"https:\/\/tourcruiser.com\/de\/#website\"},\"primaryImageOfPage\":{\"@id\":\"https:\/\/tourcruiser.com\/de\/products\/women-noritake-x-new-balance-200-slides-white\/#primaryimage\"},\"image\":{\"@id\":\"https:\/\/tourcruiser.com\/de\/products\/women-noritake-x-new-balance-200-slides-white\/#primaryimage\"},\"thumbnailUrl\":\"https:\/\/images.novelship.com\/product\/_women__noritake_x_new_balance_200_slides__white___0_11081.jpeg\",\"datePublished\":\"2026-03-21T05:32:01+00:00\",\"breadcrumb\":{\"@id\":\"https:\/\/tourcruiser.com\/de\/products\/women-noritake-x-new-balance-200-slides-white\/#breadcrumb\"},\"inLanguage\":\"de\",\"potentialAction\":[{\"@type\":\"ReadAction\",\"target\":[\"https:\/\/tourcruiser.com\/de\/products\/women-noritake-x-new-balance-200-slides-white\/\"]}]},{\"@type\":\"ImageObject\",\"inLanguage\":\"de\",\"@id\":\"https:\/\/tourcruiser.com\/de\/products\/women-noritake-x-new-balance-200-slides-white\/#primaryimage\",\"url\":\"https:\/\/images.novelship.com\/product\/_women__noritake_x_new_balance_200_slides__white___0_11081.jpeg\",\"contentUrl\":\"https:\/\/images.novelship.com\/product\/_women__noritake_x_new_balance_200_slides__white___0_11081.jpeg\"},{\"@type\":\"BreadcrumbList\",\"@id\":\"https:\/\/tourcruiser.com\/de\/products\/women-noritake-x-new-balance-200-slides-white\/#breadcrumb\",\"itemListElement\":[{\"@type\":\"ListItem\",\"position\":1,\"name\":\"Home\",\"item\":\"https:\/\/tourcruiser.com\/de\/\"},{\"@type\":\"ListItem\",\"position\":2,\"name\":\"Shop\",\"item\":\"https:\/\/tourcruiser.com\/de\/shop\/\"},{\"@type\":\"ListItem\",\"position\":3,\"name\":\"(Women) Noritake x New Balance 200 Slides 'White'\"}]},{\"@type\":\"WebSite\",\"@id\":\"https:\/\/tourcruiser.com\/de\/#website\",\"url\":\"https:\/\/tourcruiser.com\/de\/\",\"name\":\"Styloral Jewelry Shop\",\"description\":\"Tourcruiser Sneaker Store \u2014 der Ort, an dem das Universum deine Einzigartigkeit trifft.\",\"publisher\":{\"@id\":\"https:\/\/tourcruiser.com\/de\/#organization\"},\"potentialAction\":[{\"@type\":\"SearchAction\",\"target\":{\"@type\":\"EntryPoint\",\"urlTemplate\":\"https:\/\/tourcruiser.com\/de\/?s={search_term_string}\"},\"query-input\":{\"@type\":\"PropertyValueSpecification\",\"valueRequired\":true,\"valueName\":\"search_term_string\"}}],\"inLanguage\":\"de\"},{\"@type\":\"Organization\",\"@id\":\"https:\/\/tourcruiser.com\/de\/#organization\",\"name\":\"STYLORAL PTE. LTD\",\"url\":\"https:\/\/tourcruiser.com\/de\/\",\"logo\":{\"@type\":\"ImageObject\",\"inLanguage\":\"de\",\"@id\":\"https:\/\/tourcruiser.com\/de\/#\/schema\/logo\/image\/\",\"url\":\"https:\/\/www.tourcruiser.com\/wp-content\/uploads\/2025\/12\/logo.png\",\"contentUrl\":\"https:\/\/www.tourcruiser.com\/wp-content\/uploads\/2025\/12\/logo.png\",\"width\":200,\"height\":65,\"caption\":\"STYLORAL PTE. LTD\"},\"image\":{\"@id\":\"https:\/\/tourcruiser.com\/de\/#\/schema\/logo\/image\/\"}}]}<\/script>\n<!-- \/ Yoast SEO plugin. -->","yoast_head_json":{"title":"(Women) Noritake x New Balance 200 Slides 'White' - Tourcruiser PTE. LTD","robots":{"index":"index","follow":"follow","max-snippet":"max-snippet:-1","max-image-preview":"max-image-preview:large","max-video-preview":"max-video-preview:-1"},"canonical":"https:\/\/tourcruiser.com\/de\/products\/women-noritake-x-new-balance-200-slides-white\/","og_locale":"de_DE","og_type":"article","og_title":"(Women) Noritake x New Balance 200 Slides 'White' - Tourcruiser PTE. LTD","og_description":"Erleben Sie m\u00c3\u00bchelosen Stil und Komfort mit den Noritake x New Balance 200 Slides in Wei\u00c3\u0178. Diese leichten und strapazierf\u00c3\u00a4higen Slides bieten dank ihres weichen Fu\u00c3\u0178betts ganzt\u00c3\u00a4gigen Tragekomfort. Der ikonische Noritake-Print verleiht ihnen eine lebendige Note und macht sie zur perfekten Kombination aus Mode und Funktionalit\u00c3\u00a4t. Ob beim Einkaufen oder Entspannen am Pool \u00e2\u20ac\u201c die [&hellip;]","og_url":"https:\/\/tourcruiser.com\/de\/products\/women-noritake-x-new-balance-200-slides-white\/","og_site_name":"Tourcruiser Sneaker Store","twitter_card":"summary_large_image","twitter_image":"https:\/\/images.novelship.com\/product\/_women__noritake_x_new_balance_200_slides__white___0_11081.jpeg","schema":{"@context":"https:\/\/schema.org","@graph":[{"@type":"WebPage","@id":"https:\/\/tourcruiser.com\/de\/products\/women-noritake-x-new-balance-200-slides-white\/","url":"https:\/\/tourcruiser.com\/de\/products\/women-noritake-x-new-balance-200-slides-white\/","name":"(Women) Noritake x New Balance 200 Slides 'White' - Tourcruiser PTE. LTD","isPartOf":{"@id":"https:\/\/tourcruiser.com\/de\/#website"},"primaryImageOfPage":{"@id":"https:\/\/tourcruiser.com\/de\/products\/women-noritake-x-new-balance-200-slides-white\/#primaryimage"},"image":{"@id":"https:\/\/tourcruiser.com\/de\/products\/women-noritake-x-new-balance-200-slides-white\/#primaryimage"},"thumbnailUrl":"https:\/\/images.novelship.com\/product\/_women__noritake_x_new_balance_200_slides__white___0_11081.jpeg","datePublished":"2026-03-21T05:32:01+00:00","breadcrumb":{"@id":"https:\/\/tourcruiser.com\/de\/products\/women-noritake-x-new-balance-200-slides-white\/#breadcrumb"},"inLanguage":"de","potentialAction":[{"@type":"ReadAction","target":["https:\/\/tourcruiser.com\/de\/products\/women-noritake-x-new-balance-200-slides-white\/"]}]},{"@type":"ImageObject","inLanguage":"de","@id":"https:\/\/tourcruiser.com\/de\/products\/women-noritake-x-new-balance-200-slides-white\/#primaryimage","url":"https:\/\/images.novelship.com\/product\/_women__noritake_x_new_balance_200_slides__white___0_11081.jpeg","contentUrl":"https:\/\/images.novelship.com\/product\/_women__noritake_x_new_balance_200_slides__white___0_11081.jpeg"},{"@type":"BreadcrumbList","@id":"https:\/\/tourcruiser.com\/de\/products\/women-noritake-x-new-balance-200-slides-white\/#breadcrumb","itemListElement":[{"@type":"ListItem","position":1,"name":"Home","item":"https:\/\/tourcruiser.com\/de\/"},{"@type":"ListItem","position":2,"name":"Shop","item":"https:\/\/tourcruiser.com\/de\/shop\/"},{"@type":"ListItem","position":3,"name":"(Women) Noritake x New Balance 200 Slides 'White'"}]},{"@type":"WebSite","@id":"https:\/\/tourcruiser.com\/de\/#website","url":"https:\/\/tourcruiser.com\/de\/","name":"Styloral Jewelry Shop","description":"Tourcruiser Sneaker Store \u2014 der Ort, an dem das Universum deine Einzigartigkeit trifft.","publisher":{"@id":"https:\/\/tourcruiser.com\/de\/#organization"},"potentialAction":[{"@type":"SearchAction","target":{"@type":"EntryPoint","urlTemplate":"https:\/\/tourcruiser.com\/de\/?s={search_term_string}"},"query-input":{"@type":"PropertyValueSpecification","valueRequired":true,"valueName":"search_term_string"}}],"inLanguage":"de"},{"@type":"Organization","@id":"https:\/\/tourcruiser.com\/de\/#organization","name":"STYLORAL PTE. LTD","url":"https:\/\/tourcruiser.com\/de\/","logo":{"@type":"ImageObject","inLanguage":"de","@id":"https:\/\/tourcruiser.com\/de\/#\/schema\/logo\/image\/","url":"https:\/\/www.tourcruiser.com\/wp-content\/uploads\/2025\/12\/logo.png","contentUrl":"https:\/\/www.tourcruiser.com\/wp-content\/uploads\/2025\/12\/logo.png","width":200,"height":65,"caption":"STYLORAL PTE. LTD"},"image":{"@id":"https:\/\/tourcruiser.com\/de\/#\/schema\/logo\/image\/"}}]}},"_links":{"self":[{"href":"https:\/\/tourcruiser.com\/de\/wp-json\/wp\/v2\/product\/470979","targetHints":{"allow":["GET"]}}],"collection":[{"href":"https:\/\/tourcruiser.com\/de\/wp-json\/wp\/v2\/product"}],"about":[{"href":"https:\/\/tourcruiser.com\/de\/wp-json\/wp\/v2\/types\/product"}],"replies":[{"embeddable":true,"href":"https:\/\/tourcruiser.com\/de\/wp-json\/wp\/v2\/comments?post=470979"}],"wp:featuredmedia":[{"embeddable":true,"href":"https:\/\/tourcruiser.com\/de\/wp-json\/wp\/v2\/media\/470980"}],"wp:attachment":[{"href":"https:\/\/tourcruiser.com\/de\/wp-json\/wp\/v2\/media?parent=470979"}],"wp:term":[{"taxonomy":"product_brand","embeddable":true,"href":"https:\/\/tourcruiser.com\/de\/wp-json\/wp\/v2\/product_brand?post=470979"},{"taxonomy":"product_cat","embeddable":true,"href":"https:\/\/tourcruiser.com\/de\/wp-json\/wp\/v2\/product_cat?post=470979"},{"taxonomy":"product_tag","embeddable":true,"href":"https:\/\/tourcruiser.com\/de\/wp-json\/wp\/v2\/product_tag?post=470979"}],"curies":[{"name":"wp","href":"https:\/\/api.w.org\/{rel}","templated":true}]}}