{"id":470970,"date":"2026-03-21T12:32:00","date_gmt":"2026-03-21T05:32:00","guid":{"rendered":"http:\/\/tourcruiser.com\/product\/mschf-x-inri-x-nike-air-max-97-jesus-shoes-custom"},"modified":"2026-03-21T12:32:00","modified_gmt":"2026-03-21T05:32:00","slug":"mschf-x-inri-x-nike-air-max-97-jesus-shoes-custom","status":"publish","type":"product","link":"https:\/\/tourcruiser.com\/de\/products\/mschf-x-inri-x-nike-air-max-97-jesus-shoes-custom\/","title":{"rendered":"MSCHF x INRI x Nike Air Max 97 &#8218;Jesus Shoes&#8216; Custom"},"content":{"rendered":"<p>Wir pr\u00c3\u00a4sentieren den MSCHF x INRI x Nike Air Max 97 Jesus Shoes Custom, eine Kollaboration von Nike und MSCHF. Diese einzigartigen Sneaker, auch bekannt als Jesus Shoes, sind in strahlendem Wei\u00c3\u0178 gehalten. Mit ihrem auff\u00c3\u00a4lligen Design und der himmlischen Inspiration sind diese Schuhe ein absolutes Muss f\u00c3\u00bcr Sammler und Sneaker-Fans. Setzen Sie ein modisches Statement mit dem MSCHF x INRI x Nike Air Max 97 Jesus Shoes Custom.<\/p>\n<p>Style-Code: 921826-101-JESUS<\/p>\n<p>Zwischensohle: Air<\/p>\n<p>Farbe: Wei\u00c3\u0178<\/p>\n<p>Saison: Herbst<\/p>\n<p>Erscheinungsjahr: 2019<\/p>\n","protected":false},"excerpt":{"rendered":"<p>Wir pr\u00c3\u00a4sentieren den MSCHF x INRI x Nike Air Max 97 Jesus Shoes Custom, eine Kollaboration von Nike und MSCHF. Diese einzigartigen Sneaker, auch bekannt als Jesus Shoes, sind in strahlendem Wei\u00c3\u0178 gehalten. Mit ihrem auff\u00c3\u00a4lligen Design und der himmlischen Inspiration sind diese Schuhe ein absolutes Muss f\u00c3\u00bcr Sammler und Sneaker-Fans. Setzen Sie ein modisches [&hellip;]<\/p>\n","protected":false},"featured_media":470971,"comment_status":"open","ping_status":"closed","template":"","meta":[],"product_brand":[],"product_cat":[40733,38840,38842,10803],"product_tag":[40430,40423,40424,40466,10801,40492],"class_list":{"0":"post-470970","1":"product","2":"type-product","3":"status-publish","4":"has-post-thumbnail","6":"product_cat-nike-air-max-97-jesus-shoes-custom","7":"product_cat-lifestyle-shoes-running-inspired","8":"product_cat-gender-men","9":"product_cat-nike","10":"product_tag-athleisure-schuhe","11":"product_tag-geschenk-fa-r-ihn","12":"product_tag-lifestyle-freizeitschuhe","13":"product_tag-lifestyle-schuhe-vom-laufen-inspiriert","14":"product_tag-nike","15":"product_tag-retro-laufschuhe","16":"wcpa_has_options","18":"first","19":"instock","20":"taxable","21":"shipping-taxable","22":"purchasable","23":"product-type-simple"},"wcpa_form_fields":{"rules":{"pric_overide_base_price":false,"pric_overide_base_price_if_gt_zero":false,"pric_overide_base_price_fully":false,"pric_cal_option_once":false,"pric_use_as_fee":false,"bind_quantity":false,"quantity_bind_formula":false},"fields":[{"type":"color-group","required":true,"elementId":"wcpa-color-group-66c4a75505e74","label":"Gr\u00f6\u00dfe - EU Gr\u00f6\u00dfe","inline":true,"priceOptions":"different_for_all","pricingType":"fixed","className":"hassizechart product-shoes-size-eu product-shoes-size","name":"color-group-66c4a75505e89","disp_type":"square","selection_type":"tick-border","disp_size":"44","show_label_inside":true,"adjust_width":true,"cart_display_type":"text","other_text":"Other","cl_rule":"show","col":6,"values":[{"label":"35.5","value":"EU 35.5","price":"","pimage":"","pimage_id":"","pthumb":"","color":""},{"label":"36","value":"EU 36","price":"","pimage":"","pimage_id":"","pthumb":"","color":"","selected":true},{"label":"36.5","value":"EU 36.5","price":"","pimage":"","pimage_id":"","pthumb":"","color":""},{"label":"37.5","value":"EU 37.5","price":"","pimage":"","pimage_id":"","pthumb":"","color":""},{"label":"38","value":"EU 38","price":"","pimage":"","pimage_id":"","pthumb":"","color":""},{"label":"38.5","value":"EU 38.5","price":"","pimage":"","pimage_id":"","pthumb":"","color":""},{"label":"39","value":"EU 39","price":"","pimage":"","pimage_id":"","pthumb":"","color":""},{"label":"40","value":"EU 40","price":"","pimage":"","pimage_id":"","pthumb":"","color":""},{"label":"40.5","value":"EU 40.5","price":"","pimage":"","pimage_id":"","pthumb":"","color":""},{"label":"41","value":"EU 41","price":"","pimage":"","pimage_id":"","pthumb":"","color":""},{"label":"42","value":"EU 42","price":"","pimage":"","pimage_id":"","pthumb":"","color":""},{"label":"42.5","value":"EU 42.5","price":"","pimage":"","pimage_id":"","pthumb":"","color":""},{"label":"43","value":"EU 43","price":"","pimage":"","pimage_id":"","pthumb":"","color":""},{"label":"44","value":"EU 44","price":"","pimage":"","pimage_id":"","pthumb":"","color":""},{"label":"44.5","value":"EU 44.5","price":"","pimage":"","pimage_id":"","pthumb":"","color":""},{"label":"45","value":"EU 45","price":"","pimage":"","pimage_id":"","pthumb":"","color":""},{"label":"45.5","value":"EU 45.5","price":"","pimage":"","pimage_id":"","pthumb":"","color":""},{"label":"46","value":"EU 46","price":"","pimage":"","pimage_id":"","pthumb":"","color":""},{"label":"47","value":"EU 47","price":"","pimage":"","pimage_id":"","pthumb":"","color":""},{"label":"47.5","value":"EU 47.5","price":"","pimage":"","pimage_id":"","pthumb":"","color":""},{"label":"48","value":"EU 48","price":"","pimage":"","pimage_id":"","pthumb":"","color":""}],"relations":[{"operator":false,"rules":[]}],"form_id":18106,"form_rules":{"pric_cal_option_once":false,"exclude_from_discount":false,"pric_use_as_fee":false,"fee_label":"Fee","render_after_acb":false,"disp_hide_options_price":false}}]},"yoast_head":"<!-- This site is optimized with the Yoast SEO plugin v26.5 - https:\/\/yoast.com\/wordpress\/plugins\/seo\/ -->\n<title>MSCHF x INRI x Nike Air Max 97 &#039;Jesus Shoes&#039; Custom - Tourcruiser PTE. LTD<\/title>\n<meta name=\"robots\" content=\"index, follow, max-snippet:-1, max-image-preview:large, max-video-preview:-1\" \/>\n<link rel=\"canonical\" href=\"https:\/\/tourcruiser.com\/de\/products\/mschf-x-inri-x-nike-air-max-97-jesus-shoes-custom\/\" \/>\n<meta property=\"og:locale\" content=\"de_DE\" \/>\n<meta property=\"og:type\" content=\"article\" \/>\n<meta property=\"og:title\" content=\"MSCHF x INRI x Nike Air Max 97 &#039;Jesus Shoes&#039; Custom - Tourcruiser PTE. LTD\" \/>\n<meta property=\"og:description\" content=\"Wir pr\u00c3\u00a4sentieren den MSCHF x INRI x Nike Air Max 97 Jesus Shoes Custom, eine Kollaboration von Nike und MSCHF. Diese einzigartigen Sneaker, auch bekannt als Jesus Shoes, sind in strahlendem Wei\u00c3\u0178 gehalten. Mit ihrem auff\u00c3\u00a4lligen Design und der himmlischen Inspiration sind diese Schuhe ein absolutes Muss f\u00c3\u00bcr Sammler und Sneaker-Fans. Setzen Sie ein modisches [&hellip;]\" \/>\n<meta property=\"og:url\" content=\"https:\/\/tourcruiser.com\/de\/products\/mschf-x-inri-x-nike-air-max-97-jesus-shoes-custom\/\" \/>\n<meta property=\"og:site_name\" content=\"Tourcruiser Sneaker Store\" \/>\n<meta name=\"twitter:card\" content=\"summary_large_image\" \/>\n<meta name=\"twitter:image\" content=\"https:\/\/images.novelship.com\/product\/mschf_x_inri_x_nike_air_max_97__jesus_shoes__custo_0_89652.jpeg\" \/>\n<script type=\"application\/ld+json\" class=\"yoast-schema-graph\">{\"@context\":\"https:\/\/schema.org\",\"@graph\":[{\"@type\":\"WebPage\",\"@id\":\"https:\/\/tourcruiser.com\/de\/products\/mschf-x-inri-x-nike-air-max-97-jesus-shoes-custom\/\",\"url\":\"https:\/\/tourcruiser.com\/de\/products\/mschf-x-inri-x-nike-air-max-97-jesus-shoes-custom\/\",\"name\":\"MSCHF x INRI x Nike Air Max 97 'Jesus Shoes' Custom - Tourcruiser PTE. LTD\",\"isPartOf\":{\"@id\":\"https:\/\/tourcruiser.com\/de\/#website\"},\"primaryImageOfPage\":{\"@id\":\"https:\/\/tourcruiser.com\/de\/products\/mschf-x-inri-x-nike-air-max-97-jesus-shoes-custom\/#primaryimage\"},\"image\":{\"@id\":\"https:\/\/tourcruiser.com\/de\/products\/mschf-x-inri-x-nike-air-max-97-jesus-shoes-custom\/#primaryimage\"},\"thumbnailUrl\":\"https:\/\/images.novelship.com\/product\/mschf_x_inri_x_nike_air_max_97__jesus_shoes__custo_0_89652.jpeg\",\"datePublished\":\"2026-03-21T05:32:00+00:00\",\"breadcrumb\":{\"@id\":\"https:\/\/tourcruiser.com\/de\/products\/mschf-x-inri-x-nike-air-max-97-jesus-shoes-custom\/#breadcrumb\"},\"inLanguage\":\"de\",\"potentialAction\":[{\"@type\":\"ReadAction\",\"target\":[\"https:\/\/tourcruiser.com\/de\/products\/mschf-x-inri-x-nike-air-max-97-jesus-shoes-custom\/\"]}]},{\"@type\":\"ImageObject\",\"inLanguage\":\"de\",\"@id\":\"https:\/\/tourcruiser.com\/de\/products\/mschf-x-inri-x-nike-air-max-97-jesus-shoes-custom\/#primaryimage\",\"url\":\"https:\/\/images.novelship.com\/product\/mschf_x_inri_x_nike_air_max_97__jesus_shoes__custo_0_89652.jpeg\",\"contentUrl\":\"https:\/\/images.novelship.com\/product\/mschf_x_inri_x_nike_air_max_97__jesus_shoes__custo_0_89652.jpeg\"},{\"@type\":\"BreadcrumbList\",\"@id\":\"https:\/\/tourcruiser.com\/de\/products\/mschf-x-inri-x-nike-air-max-97-jesus-shoes-custom\/#breadcrumb\",\"itemListElement\":[{\"@type\":\"ListItem\",\"position\":1,\"name\":\"Home\",\"item\":\"https:\/\/tourcruiser.com\/de\/\"},{\"@type\":\"ListItem\",\"position\":2,\"name\":\"Shop\",\"item\":\"https:\/\/tourcruiser.com\/de\/shop\/\"},{\"@type\":\"ListItem\",\"position\":3,\"name\":\"MSCHF x INRI x Nike Air Max 97 'Jesus Shoes' Custom\"}]},{\"@type\":\"WebSite\",\"@id\":\"https:\/\/tourcruiser.com\/de\/#website\",\"url\":\"https:\/\/tourcruiser.com\/de\/\",\"name\":\"Styloral Jewelry Shop\",\"description\":\"Tourcruiser Sneaker Store \u2014 der Ort, an dem das Universum deine Einzigartigkeit trifft.\",\"publisher\":{\"@id\":\"https:\/\/tourcruiser.com\/de\/#organization\"},\"potentialAction\":[{\"@type\":\"SearchAction\",\"target\":{\"@type\":\"EntryPoint\",\"urlTemplate\":\"https:\/\/tourcruiser.com\/de\/?s={search_term_string}\"},\"query-input\":{\"@type\":\"PropertyValueSpecification\",\"valueRequired\":true,\"valueName\":\"search_term_string\"}}],\"inLanguage\":\"de\"},{\"@type\":\"Organization\",\"@id\":\"https:\/\/tourcruiser.com\/de\/#organization\",\"name\":\"STYLORAL PTE. LTD\",\"url\":\"https:\/\/tourcruiser.com\/de\/\",\"logo\":{\"@type\":\"ImageObject\",\"inLanguage\":\"de\",\"@id\":\"https:\/\/tourcruiser.com\/de\/#\/schema\/logo\/image\/\",\"url\":\"https:\/\/www.tourcruiser.com\/wp-content\/uploads\/2025\/12\/logo.png\",\"contentUrl\":\"https:\/\/www.tourcruiser.com\/wp-content\/uploads\/2025\/12\/logo.png\",\"width\":200,\"height\":65,\"caption\":\"STYLORAL PTE. LTD\"},\"image\":{\"@id\":\"https:\/\/tourcruiser.com\/de\/#\/schema\/logo\/image\/\"}}]}<\/script>\n<!-- \/ Yoast SEO plugin. -->","yoast_head_json":{"title":"MSCHF x INRI x Nike Air Max 97 'Jesus Shoes' Custom - Tourcruiser PTE. LTD","robots":{"index":"index","follow":"follow","max-snippet":"max-snippet:-1","max-image-preview":"max-image-preview:large","max-video-preview":"max-video-preview:-1"},"canonical":"https:\/\/tourcruiser.com\/de\/products\/mschf-x-inri-x-nike-air-max-97-jesus-shoes-custom\/","og_locale":"de_DE","og_type":"article","og_title":"MSCHF x INRI x Nike Air Max 97 'Jesus Shoes' Custom - Tourcruiser PTE. LTD","og_description":"Wir pr\u00c3\u00a4sentieren den MSCHF x INRI x Nike Air Max 97 Jesus Shoes Custom, eine Kollaboration von Nike und MSCHF. Diese einzigartigen Sneaker, auch bekannt als Jesus Shoes, sind in strahlendem Wei\u00c3\u0178 gehalten. Mit ihrem auff\u00c3\u00a4lligen Design und der himmlischen Inspiration sind diese Schuhe ein absolutes Muss f\u00c3\u00bcr Sammler und Sneaker-Fans. Setzen Sie ein modisches [&hellip;]","og_url":"https:\/\/tourcruiser.com\/de\/products\/mschf-x-inri-x-nike-air-max-97-jesus-shoes-custom\/","og_site_name":"Tourcruiser Sneaker Store","twitter_card":"summary_large_image","twitter_image":"https:\/\/images.novelship.com\/product\/mschf_x_inri_x_nike_air_max_97__jesus_shoes__custo_0_89652.jpeg","schema":{"@context":"https:\/\/schema.org","@graph":[{"@type":"WebPage","@id":"https:\/\/tourcruiser.com\/de\/products\/mschf-x-inri-x-nike-air-max-97-jesus-shoes-custom\/","url":"https:\/\/tourcruiser.com\/de\/products\/mschf-x-inri-x-nike-air-max-97-jesus-shoes-custom\/","name":"MSCHF x INRI x Nike Air Max 97 'Jesus Shoes' Custom - Tourcruiser PTE. LTD","isPartOf":{"@id":"https:\/\/tourcruiser.com\/de\/#website"},"primaryImageOfPage":{"@id":"https:\/\/tourcruiser.com\/de\/products\/mschf-x-inri-x-nike-air-max-97-jesus-shoes-custom\/#primaryimage"},"image":{"@id":"https:\/\/tourcruiser.com\/de\/products\/mschf-x-inri-x-nike-air-max-97-jesus-shoes-custom\/#primaryimage"},"thumbnailUrl":"https:\/\/images.novelship.com\/product\/mschf_x_inri_x_nike_air_max_97__jesus_shoes__custo_0_89652.jpeg","datePublished":"2026-03-21T05:32:00+00:00","breadcrumb":{"@id":"https:\/\/tourcruiser.com\/de\/products\/mschf-x-inri-x-nike-air-max-97-jesus-shoes-custom\/#breadcrumb"},"inLanguage":"de","potentialAction":[{"@type":"ReadAction","target":["https:\/\/tourcruiser.com\/de\/products\/mschf-x-inri-x-nike-air-max-97-jesus-shoes-custom\/"]}]},{"@type":"ImageObject","inLanguage":"de","@id":"https:\/\/tourcruiser.com\/de\/products\/mschf-x-inri-x-nike-air-max-97-jesus-shoes-custom\/#primaryimage","url":"https:\/\/images.novelship.com\/product\/mschf_x_inri_x_nike_air_max_97__jesus_shoes__custo_0_89652.jpeg","contentUrl":"https:\/\/images.novelship.com\/product\/mschf_x_inri_x_nike_air_max_97__jesus_shoes__custo_0_89652.jpeg"},{"@type":"BreadcrumbList","@id":"https:\/\/tourcruiser.com\/de\/products\/mschf-x-inri-x-nike-air-max-97-jesus-shoes-custom\/#breadcrumb","itemListElement":[{"@type":"ListItem","position":1,"name":"Home","item":"https:\/\/tourcruiser.com\/de\/"},{"@type":"ListItem","position":2,"name":"Shop","item":"https:\/\/tourcruiser.com\/de\/shop\/"},{"@type":"ListItem","position":3,"name":"MSCHF x INRI x Nike Air Max 97 'Jesus Shoes' Custom"}]},{"@type":"WebSite","@id":"https:\/\/tourcruiser.com\/de\/#website","url":"https:\/\/tourcruiser.com\/de\/","name":"Styloral Jewelry Shop","description":"Tourcruiser Sneaker Store \u2014 der Ort, an dem das Universum deine Einzigartigkeit trifft.","publisher":{"@id":"https:\/\/tourcruiser.com\/de\/#organization"},"potentialAction":[{"@type":"SearchAction","target":{"@type":"EntryPoint","urlTemplate":"https:\/\/tourcruiser.com\/de\/?s={search_term_string}"},"query-input":{"@type":"PropertyValueSpecification","valueRequired":true,"valueName":"search_term_string"}}],"inLanguage":"de"},{"@type":"Organization","@id":"https:\/\/tourcruiser.com\/de\/#organization","name":"STYLORAL PTE. LTD","url":"https:\/\/tourcruiser.com\/de\/","logo":{"@type":"ImageObject","inLanguage":"de","@id":"https:\/\/tourcruiser.com\/de\/#\/schema\/logo\/image\/","url":"https:\/\/www.tourcruiser.com\/wp-content\/uploads\/2025\/12\/logo.png","contentUrl":"https:\/\/www.tourcruiser.com\/wp-content\/uploads\/2025\/12\/logo.png","width":200,"height":65,"caption":"STYLORAL PTE. LTD"},"image":{"@id":"https:\/\/tourcruiser.com\/de\/#\/schema\/logo\/image\/"}}]}},"_links":{"self":[{"href":"https:\/\/tourcruiser.com\/de\/wp-json\/wp\/v2\/product\/470970","targetHints":{"allow":["GET"]}}],"collection":[{"href":"https:\/\/tourcruiser.com\/de\/wp-json\/wp\/v2\/product"}],"about":[{"href":"https:\/\/tourcruiser.com\/de\/wp-json\/wp\/v2\/types\/product"}],"replies":[{"embeddable":true,"href":"https:\/\/tourcruiser.com\/de\/wp-json\/wp\/v2\/comments?post=470970"}],"wp:featuredmedia":[{"embeddable":true,"href":"https:\/\/tourcruiser.com\/de\/wp-json\/wp\/v2\/media\/470971"}],"wp:attachment":[{"href":"https:\/\/tourcruiser.com\/de\/wp-json\/wp\/v2\/media?parent=470970"}],"wp:term":[{"taxonomy":"product_brand","embeddable":true,"href":"https:\/\/tourcruiser.com\/de\/wp-json\/wp\/v2\/product_brand?post=470970"},{"taxonomy":"product_cat","embeddable":true,"href":"https:\/\/tourcruiser.com\/de\/wp-json\/wp\/v2\/product_cat?post=470970"},{"taxonomy":"product_tag","embeddable":true,"href":"https:\/\/tourcruiser.com\/de\/wp-json\/wp\/v2\/product_tag?post=470970"}],"curies":[{"name":"wp","href":"https:\/\/api.w.org\/{rel}","templated":true}]}}