{"id":470930,"date":"2026-03-21T12:30:21","date_gmt":"2026-03-21T05:30:21","guid":{"rendered":"http:\/\/tourcruiser.com\/product\/custom-shoes-nike-court-borough-low-gothic-shadow"},"modified":"2026-03-21T12:30:21","modified_gmt":"2026-03-21T05:30:21","slug":"custom-shoes-nike-court-borough-low-gothic-shadow","status":"publish","type":"product","link":"https:\/\/tourcruiser.com\/de\/products\/custom-shoes-nike-court-borough-low-gothic-shadow\/","title":{"rendered":"[Custom Shoes] Nike Court Borough Low &#8218;Gothic Shadow&#8216;"},"content":{"rendered":"<p>Verleihe deinem Style mit den Nike Court Borough Low &#8218;Gothic Shadow&#8216; Custom-Schuhen das gewisse Etwas. Diese Sneaker vereinen klassischen Court-Style mit einem modernen Touch und bestechen durch ein markantes schwarzes Obermaterial mit auff\u00c3\u00a4lligen Gothic-Details. Das individuelle Design macht sie zu einem echten Hingucker und verleiht deinen Schuhen eine einzigartige Note. Dank der weichen D\u00c3\u00a4mpfung und der robusten Konstruktion genie\u00c3\u0178t du Komfort und Halt bei jedem Schritt. Mit den Nike Court Borough Low &#8218;Gothic Shadow&#8216; Custom-Schuhen ziehst du alle Blicke auf dich.<\/p>\n<ul>\n<li><strong>Style Code:<\/strong> 838937-111 (Team87-\u00e5\u201c\u00a5\u00e7\u2030\u00b9\u00e4\u00b9\u2039\u00e5\u00bd\u00b1\u00e7\u201d\u00b7\u00e6\u00ac\u00be\u00e7\u0081\u00b0\u00e9\u00bb\u2018)<\/li>\n<li><strong>Color:<\/strong> White<\/li>\n<\/ul>\n","protected":false},"excerpt":{"rendered":"<p>Verleihe deinem Style mit den Nike Court Borough Low &#8218;Gothic Shadow&#8216; Custom-Schuhen das gewisse Etwas. Diese Sneaker vereinen klassischen Court-Style mit einem modernen Touch und bestechen durch ein markantes schwarzes Obermaterial mit auff\u00c3\u00a4lligen Gothic-Details. Das individuelle Design macht sie zu einem echten Hingucker und verleiht deinen Schuhen eine einzigartige Note. Dank der weichen D\u00c3\u00a4mpfung und [&hellip;]<\/p>\n","protected":false},"featured_media":470931,"comment_status":"open","ping_status":"closed","template":"","meta":[],"product_brand":[],"product_cat":[38972,38878,38842,10803],"product_tag":[40434,40446,40423,40424,40569,40568,10801,40583,40438,40427,40428,40429],"class_list":{"0":"post-470930","1":"product","2":"type-product","3":"status-publish","4":"has-post-thumbnail","6":"product_cat-nike-court-borough-low","7":"product_cat-lifestyle-shoes-basketball-inspired","8":"product_cat-gender-men","9":"product_cat-nike","10":"product_tag-basketballschuhe","11":"product_tag-basketballschuhe-mit-kna-cheluntersta-tzung","12":"product_tag-geschenk-fa-r-ihn","13":"product_tag-lifestyle-freizeitschuhe","14":"product_tag-lifestyle-schuhe-basketball-inspiriert","15":"product_tag-maaygeschneiderte-schuhe","16":"product_tag-nike","17":"product_tag-nike-maaygeschneiderte-schuhe","18":"product_tag-performance-sportschuhe","19":"product_tag-trendangebote","20":"product_tag-trendangebote-unter-150","21":"product_tag-unter-retailpreis","22":"wcpa_has_options","24":"first","25":"instock","26":"taxable","27":"shipping-taxable","28":"purchasable","29":"product-type-simple"},"wcpa_form_fields":{"rules":{"pric_overide_base_price":false,"pric_overide_base_price_if_gt_zero":false,"pric_overide_base_price_fully":false,"pric_cal_option_once":false,"pric_use_as_fee":false,"bind_quantity":false,"quantity_bind_formula":false},"fields":[{"type":"color-group","required":true,"elementId":"wcpa-color-group-66c4a75505e74","label":"Gr\u00f6\u00dfe - EU Gr\u00f6\u00dfe","inline":true,"priceOptions":"different_for_all","pricingType":"fixed","className":"hassizechart product-shoes-size-eu product-shoes-size","name":"color-group-66c4a75505e89","disp_type":"square","selection_type":"tick-border","disp_size":"44","show_label_inside":true,"adjust_width":true,"cart_display_type":"text","other_text":"Other","cl_rule":"show","col":6,"values":[{"label":"35.5","value":"EU 35.5","price":"","pimage":"","pimage_id":"","pthumb":"","color":""},{"label":"36","value":"EU 36","price":"","pimage":"","pimage_id":"","pthumb":"","color":"","selected":true},{"label":"36.5","value":"EU 36.5","price":"","pimage":"","pimage_id":"","pthumb":"","color":""},{"label":"37.5","value":"EU 37.5","price":"","pimage":"","pimage_id":"","pthumb":"","color":""},{"label":"38","value":"EU 38","price":"","pimage":"","pimage_id":"","pthumb":"","color":""},{"label":"38.5","value":"EU 38.5","price":"","pimage":"","pimage_id":"","pthumb":"","color":""},{"label":"39","value":"EU 39","price":"","pimage":"","pimage_id":"","pthumb":"","color":""},{"label":"40","value":"EU 40","price":"","pimage":"","pimage_id":"","pthumb":"","color":""},{"label":"40.5","value":"EU 40.5","price":"","pimage":"","pimage_id":"","pthumb":"","color":""},{"label":"41","value":"EU 41","price":"","pimage":"","pimage_id":"","pthumb":"","color":""},{"label":"42","value":"EU 42","price":"","pimage":"","pimage_id":"","pthumb":"","color":""},{"label":"42.5","value":"EU 42.5","price":"","pimage":"","pimage_id":"","pthumb":"","color":""},{"label":"43","value":"EU 43","price":"","pimage":"","pimage_id":"","pthumb":"","color":""},{"label":"44","value":"EU 44","price":"","pimage":"","pimage_id":"","pthumb":"","color":""},{"label":"44.5","value":"EU 44.5","price":"","pimage":"","pimage_id":"","pthumb":"","color":""},{"label":"45","value":"EU 45","price":"","pimage":"","pimage_id":"","pthumb":"","color":""},{"label":"45.5","value":"EU 45.5","price":"","pimage":"","pimage_id":"","pthumb":"","color":""},{"label":"46","value":"EU 46","price":"","pimage":"","pimage_id":"","pthumb":"","color":""},{"label":"47","value":"EU 47","price":"","pimage":"","pimage_id":"","pthumb":"","color":""},{"label":"47.5","value":"EU 47.5","price":"","pimage":"","pimage_id":"","pthumb":"","color":""},{"label":"48","value":"EU 48","price":"","pimage":"","pimage_id":"","pthumb":"","color":""}],"relations":[{"operator":false,"rules":[]}],"form_id":18106,"form_rules":{"pric_cal_option_once":false,"exclude_from_discount":false,"pric_use_as_fee":false,"fee_label":"Fee","render_after_acb":false,"disp_hide_options_price":false}}]},"yoast_head":"<!-- This site is optimized with the Yoast SEO plugin v26.5 - https:\/\/yoast.com\/wordpress\/plugins\/seo\/ -->\n<title>[Custom Shoes] Nike Court Borough Low &#039;Gothic Shadow&#039; - Tourcruiser PTE. LTD<\/title>\n<meta name=\"robots\" content=\"index, follow, max-snippet:-1, max-image-preview:large, max-video-preview:-1\" \/>\n<link rel=\"canonical\" href=\"https:\/\/tourcruiser.com\/de\/products\/custom-shoes-nike-court-borough-low-gothic-shadow\/\" \/>\n<meta property=\"og:locale\" content=\"de_DE\" \/>\n<meta property=\"og:type\" content=\"article\" \/>\n<meta property=\"og:title\" content=\"[Custom Shoes] Nike Court Borough Low &#039;Gothic Shadow&#039; - Tourcruiser PTE. LTD\" \/>\n<meta property=\"og:description\" content=\"Verleihe deinem Style mit den Nike Court Borough Low &#8218;Gothic Shadow&#8216; Custom-Schuhen das gewisse Etwas. Diese Sneaker vereinen klassischen Court-Style mit einem modernen Touch und bestechen durch ein markantes schwarzes Obermaterial mit auff\u00c3\u00a4lligen Gothic-Details. Das individuelle Design macht sie zu einem echten Hingucker und verleiht deinen Schuhen eine einzigartige Note. Dank der weichen D\u00c3\u00a4mpfung und [&hellip;]\" \/>\n<meta property=\"og:url\" content=\"https:\/\/tourcruiser.com\/de\/products\/custom-shoes-nike-court-borough-low-gothic-shadow\/\" \/>\n<meta property=\"og:site_name\" content=\"Tourcruiser Sneaker Store\" \/>\n<meta name=\"twitter:card\" content=\"summary_large_image\" \/>\n<meta name=\"twitter:image\" content=\"https:\/\/images.novelship.com\/product\/_custom_shoes__nike_court_borough_low__gothic_shad_0_8451.jpeg\" \/>\n<script type=\"application\/ld+json\" class=\"yoast-schema-graph\">{\"@context\":\"https:\/\/schema.org\",\"@graph\":[{\"@type\":\"WebPage\",\"@id\":\"https:\/\/tourcruiser.com\/de\/products\/custom-shoes-nike-court-borough-low-gothic-shadow\/\",\"url\":\"https:\/\/tourcruiser.com\/de\/products\/custom-shoes-nike-court-borough-low-gothic-shadow\/\",\"name\":\"[Custom Shoes] Nike Court Borough Low 'Gothic Shadow' - Tourcruiser PTE. LTD\",\"isPartOf\":{\"@id\":\"https:\/\/tourcruiser.com\/de\/#website\"},\"primaryImageOfPage\":{\"@id\":\"https:\/\/tourcruiser.com\/de\/products\/custom-shoes-nike-court-borough-low-gothic-shadow\/#primaryimage\"},\"image\":{\"@id\":\"https:\/\/tourcruiser.com\/de\/products\/custom-shoes-nike-court-borough-low-gothic-shadow\/#primaryimage\"},\"thumbnailUrl\":\"https:\/\/images.novelship.com\/product\/_custom_shoes__nike_court_borough_low__gothic_shad_0_8451.jpeg\",\"datePublished\":\"2026-03-21T05:30:21+00:00\",\"breadcrumb\":{\"@id\":\"https:\/\/tourcruiser.com\/de\/products\/custom-shoes-nike-court-borough-low-gothic-shadow\/#breadcrumb\"},\"inLanguage\":\"de\",\"potentialAction\":[{\"@type\":\"ReadAction\",\"target\":[\"https:\/\/tourcruiser.com\/de\/products\/custom-shoes-nike-court-borough-low-gothic-shadow\/\"]}]},{\"@type\":\"ImageObject\",\"inLanguage\":\"de\",\"@id\":\"https:\/\/tourcruiser.com\/de\/products\/custom-shoes-nike-court-borough-low-gothic-shadow\/#primaryimage\",\"url\":\"https:\/\/images.novelship.com\/product\/_custom_shoes__nike_court_borough_low__gothic_shad_0_8451.jpeg\",\"contentUrl\":\"https:\/\/images.novelship.com\/product\/_custom_shoes__nike_court_borough_low__gothic_shad_0_8451.jpeg\"},{\"@type\":\"BreadcrumbList\",\"@id\":\"https:\/\/tourcruiser.com\/de\/products\/custom-shoes-nike-court-borough-low-gothic-shadow\/#breadcrumb\",\"itemListElement\":[{\"@type\":\"ListItem\",\"position\":1,\"name\":\"Home\",\"item\":\"https:\/\/tourcruiser.com\/de\/\"},{\"@type\":\"ListItem\",\"position\":2,\"name\":\"Shop\",\"item\":\"https:\/\/tourcruiser.com\/de\/shop\/\"},{\"@type\":\"ListItem\",\"position\":3,\"name\":\"[Custom Shoes] Nike Court Borough Low &#8216;Gothic Shadow&#8217;\"}]},{\"@type\":\"WebSite\",\"@id\":\"https:\/\/tourcruiser.com\/de\/#website\",\"url\":\"https:\/\/tourcruiser.com\/de\/\",\"name\":\"Styloral Jewelry Shop\",\"description\":\"Tourcruiser Sneaker Store \u2014 der Ort, an dem das Universum deine Einzigartigkeit trifft.\",\"publisher\":{\"@id\":\"https:\/\/tourcruiser.com\/de\/#organization\"},\"potentialAction\":[{\"@type\":\"SearchAction\",\"target\":{\"@type\":\"EntryPoint\",\"urlTemplate\":\"https:\/\/tourcruiser.com\/de\/?s={search_term_string}\"},\"query-input\":{\"@type\":\"PropertyValueSpecification\",\"valueRequired\":true,\"valueName\":\"search_term_string\"}}],\"inLanguage\":\"de\"},{\"@type\":\"Organization\",\"@id\":\"https:\/\/tourcruiser.com\/de\/#organization\",\"name\":\"STYLORAL PTE. LTD\",\"url\":\"https:\/\/tourcruiser.com\/de\/\",\"logo\":{\"@type\":\"ImageObject\",\"inLanguage\":\"de\",\"@id\":\"https:\/\/tourcruiser.com\/de\/#\/schema\/logo\/image\/\",\"url\":\"https:\/\/www.tourcruiser.com\/wp-content\/uploads\/2025\/12\/logo.png\",\"contentUrl\":\"https:\/\/www.tourcruiser.com\/wp-content\/uploads\/2025\/12\/logo.png\",\"width\":200,\"height\":65,\"caption\":\"STYLORAL PTE. LTD\"},\"image\":{\"@id\":\"https:\/\/tourcruiser.com\/de\/#\/schema\/logo\/image\/\"}}]}<\/script>\n<!-- \/ Yoast SEO plugin. -->","yoast_head_json":{"title":"[Custom Shoes] Nike Court Borough Low 'Gothic Shadow' - Tourcruiser PTE. LTD","robots":{"index":"index","follow":"follow","max-snippet":"max-snippet:-1","max-image-preview":"max-image-preview:large","max-video-preview":"max-video-preview:-1"},"canonical":"https:\/\/tourcruiser.com\/de\/products\/custom-shoes-nike-court-borough-low-gothic-shadow\/","og_locale":"de_DE","og_type":"article","og_title":"[Custom Shoes] Nike Court Borough Low 'Gothic Shadow' - Tourcruiser PTE. LTD","og_description":"Verleihe deinem Style mit den Nike Court Borough Low &#8218;Gothic Shadow&#8216; Custom-Schuhen das gewisse Etwas. Diese Sneaker vereinen klassischen Court-Style mit einem modernen Touch und bestechen durch ein markantes schwarzes Obermaterial mit auff\u00c3\u00a4lligen Gothic-Details. Das individuelle Design macht sie zu einem echten Hingucker und verleiht deinen Schuhen eine einzigartige Note. Dank der weichen D\u00c3\u00a4mpfung und [&hellip;]","og_url":"https:\/\/tourcruiser.com\/de\/products\/custom-shoes-nike-court-borough-low-gothic-shadow\/","og_site_name":"Tourcruiser Sneaker Store","twitter_card":"summary_large_image","twitter_image":"https:\/\/images.novelship.com\/product\/_custom_shoes__nike_court_borough_low__gothic_shad_0_8451.jpeg","schema":{"@context":"https:\/\/schema.org","@graph":[{"@type":"WebPage","@id":"https:\/\/tourcruiser.com\/de\/products\/custom-shoes-nike-court-borough-low-gothic-shadow\/","url":"https:\/\/tourcruiser.com\/de\/products\/custom-shoes-nike-court-borough-low-gothic-shadow\/","name":"[Custom Shoes] Nike Court Borough Low 'Gothic Shadow' - Tourcruiser PTE. LTD","isPartOf":{"@id":"https:\/\/tourcruiser.com\/de\/#website"},"primaryImageOfPage":{"@id":"https:\/\/tourcruiser.com\/de\/products\/custom-shoes-nike-court-borough-low-gothic-shadow\/#primaryimage"},"image":{"@id":"https:\/\/tourcruiser.com\/de\/products\/custom-shoes-nike-court-borough-low-gothic-shadow\/#primaryimage"},"thumbnailUrl":"https:\/\/images.novelship.com\/product\/_custom_shoes__nike_court_borough_low__gothic_shad_0_8451.jpeg","datePublished":"2026-03-21T05:30:21+00:00","breadcrumb":{"@id":"https:\/\/tourcruiser.com\/de\/products\/custom-shoes-nike-court-borough-low-gothic-shadow\/#breadcrumb"},"inLanguage":"de","potentialAction":[{"@type":"ReadAction","target":["https:\/\/tourcruiser.com\/de\/products\/custom-shoes-nike-court-borough-low-gothic-shadow\/"]}]},{"@type":"ImageObject","inLanguage":"de","@id":"https:\/\/tourcruiser.com\/de\/products\/custom-shoes-nike-court-borough-low-gothic-shadow\/#primaryimage","url":"https:\/\/images.novelship.com\/product\/_custom_shoes__nike_court_borough_low__gothic_shad_0_8451.jpeg","contentUrl":"https:\/\/images.novelship.com\/product\/_custom_shoes__nike_court_borough_low__gothic_shad_0_8451.jpeg"},{"@type":"BreadcrumbList","@id":"https:\/\/tourcruiser.com\/de\/products\/custom-shoes-nike-court-borough-low-gothic-shadow\/#breadcrumb","itemListElement":[{"@type":"ListItem","position":1,"name":"Home","item":"https:\/\/tourcruiser.com\/de\/"},{"@type":"ListItem","position":2,"name":"Shop","item":"https:\/\/tourcruiser.com\/de\/shop\/"},{"@type":"ListItem","position":3,"name":"[Custom Shoes] Nike Court Borough Low &#8216;Gothic Shadow&#8217;"}]},{"@type":"WebSite","@id":"https:\/\/tourcruiser.com\/de\/#website","url":"https:\/\/tourcruiser.com\/de\/","name":"Styloral Jewelry Shop","description":"Tourcruiser Sneaker Store \u2014 der Ort, an dem das Universum deine Einzigartigkeit trifft.","publisher":{"@id":"https:\/\/tourcruiser.com\/de\/#organization"},"potentialAction":[{"@type":"SearchAction","target":{"@type":"EntryPoint","urlTemplate":"https:\/\/tourcruiser.com\/de\/?s={search_term_string}"},"query-input":{"@type":"PropertyValueSpecification","valueRequired":true,"valueName":"search_term_string"}}],"inLanguage":"de"},{"@type":"Organization","@id":"https:\/\/tourcruiser.com\/de\/#organization","name":"STYLORAL PTE. LTD","url":"https:\/\/tourcruiser.com\/de\/","logo":{"@type":"ImageObject","inLanguage":"de","@id":"https:\/\/tourcruiser.com\/de\/#\/schema\/logo\/image\/","url":"https:\/\/www.tourcruiser.com\/wp-content\/uploads\/2025\/12\/logo.png","contentUrl":"https:\/\/www.tourcruiser.com\/wp-content\/uploads\/2025\/12\/logo.png","width":200,"height":65,"caption":"STYLORAL PTE. LTD"},"image":{"@id":"https:\/\/tourcruiser.com\/de\/#\/schema\/logo\/image\/"}}]}},"_links":{"self":[{"href":"https:\/\/tourcruiser.com\/de\/wp-json\/wp\/v2\/product\/470930","targetHints":{"allow":["GET"]}}],"collection":[{"href":"https:\/\/tourcruiser.com\/de\/wp-json\/wp\/v2\/product"}],"about":[{"href":"https:\/\/tourcruiser.com\/de\/wp-json\/wp\/v2\/types\/product"}],"replies":[{"embeddable":true,"href":"https:\/\/tourcruiser.com\/de\/wp-json\/wp\/v2\/comments?post=470930"}],"wp:featuredmedia":[{"embeddable":true,"href":"https:\/\/tourcruiser.com\/de\/wp-json\/wp\/v2\/media\/470931"}],"wp:attachment":[{"href":"https:\/\/tourcruiser.com\/de\/wp-json\/wp\/v2\/media?parent=470930"}],"wp:term":[{"taxonomy":"product_brand","embeddable":true,"href":"https:\/\/tourcruiser.com\/de\/wp-json\/wp\/v2\/product_brand?post=470930"},{"taxonomy":"product_cat","embeddable":true,"href":"https:\/\/tourcruiser.com\/de\/wp-json\/wp\/v2\/product_cat?post=470930"},{"taxonomy":"product_tag","embeddable":true,"href":"https:\/\/tourcruiser.com\/de\/wp-json\/wp\/v2\/product_tag?post=470930"}],"curies":[{"name":"wp","href":"https:\/\/api.w.org\/{rel}","templated":true}]}}