{"id":470892,"date":"2026-03-21T12:30:16","date_gmt":"2026-03-21T05:30:16","guid":{"rendered":"http:\/\/tourcruiser.com\/product\/adidas-adicane-slides-olive-green"},"modified":"2026-03-21T12:30:16","modified_gmt":"2026-03-21T05:30:16","slug":"adidas-adicane-slides-olive-green","status":"publish","type":"product","link":"https:\/\/tourcruiser.com\/de\/products\/adidas-adicane-slides-olive-green\/","title":{"rendered":"adidas Adicane Slides &#8218;Olive Green&#8216;"},"content":{"rendered":"<p>Schl\u00c3\u00bcpfen Sie in Komfort und Stil mit den adidas Adicane Slides \u00e2\u20ac\u017eOlive Green\u00e2\u20ac\u0153 IE0159. Diese Slides bieten ein weiches, gepolstertes Fu\u00c3\u0178bett f\u00c3\u00bcr ganzt\u00c3\u00a4gigen Tragekomfort und eine griffige Au\u00c3\u0178ensohle f\u00c3\u00bcr zuverl\u00c3\u00a4ssigen Halt. Die olivgr\u00c3\u00bcne Farbe verleiht ihnen einen Hauch von Eleganz und macht sie perfekt f\u00c3\u00bcr l\u00c3\u00a4ssige und sportliche Outfits. Mit dem ikonischen adidas Branding, das prominent platziert ist, werden diese Slides Ihren Style aufwerten und gleichzeitig au\u00c3\u0178ergew\u00c3\u00b6hnlichen Komfort bieten.<\/p>\n<ul>\n<li><strong>Farbe:<\/strong> Olivgr\u00c3\u00bcn<\/li>\n<li><strong>Artikelnummer:<\/strong> IE0159<\/li>\n<\/ul>\n","protected":false},"excerpt":{"rendered":"<p>Schl\u00c3\u00bcpfen Sie in Komfort und Stil mit den adidas Adicane Slides \u00e2\u20ac\u017eOlive Green\u00e2\u20ac\u0153 IE0159. Diese Slides bieten ein weiches, gepolstertes Fu\u00c3\u0178bett f\u00c3\u00bcr ganzt\u00c3\u00a4gigen Tragekomfort und eine griffige Au\u00c3\u0178ensohle f\u00c3\u00bcr zuverl\u00c3\u00a4ssigen Halt. Die olivgr\u00c3\u00bcne Farbe verleiht ihnen einen Hauch von Eleganz und macht sie perfekt f\u00c3\u00bcr l\u00c3\u00a4ssige und sportliche Outfits. Mit dem ikonischen adidas Branding, das [&hellip;]<\/p>\n","protected":false},"featured_media":470893,"comment_status":"open","ping_status":"closed","template":"","meta":[],"product_brand":[],"product_cat":[40727,10760,38842,39306],"product_tag":[10759,40449,40423,40421,40424,10808,40427,40428,40429],"class_list":{"0":"post-470892","1":"product","2":"type-product","3":"status-publish","4":"has-post-thumbnail","6":"product_cat-adidas-adicane-slides","7":"product_cat-adidas","8":"product_cat-gender-men","9":"product_cat-slides","10":"product_tag-adidas","11":"product_tag-beste-funde-unter-100","12":"product_tag-geschenk-fa-r-ihn","13":"product_tag-la-ssige-sandalen","14":"product_tag-lifestyle-freizeitschuhe","15":"product_tag-slides","16":"product_tag-trendangebote","17":"product_tag-trendangebote-unter-150","18":"product_tag-unter-retailpreis","19":"wcpa_has_options","21":"first","22":"instock","23":"taxable","24":"shipping-taxable","25":"purchasable","26":"product-type-simple"},"wcpa_form_fields":{"rules":{"pric_overide_base_price":false,"pric_overide_base_price_if_gt_zero":false,"pric_overide_base_price_fully":false,"pric_cal_option_once":false,"pric_use_as_fee":false,"bind_quantity":false,"quantity_bind_formula":false},"fields":[{"type":"color-group","required":true,"elementId":"wcpa-color-group-66c4a7f817afe","label":"Gr\u00f6\u00dfe","inline":true,"priceOptions":"different_for_all","pricingType":"fixed","className":"hassizechart product-shoes-size-eu product-shoes-size","name":"color-group-66c4a7f817b18","disp_type":"square","selection_type":"tick-border","disp_size":"50","show_label_inside":true,"adjust_width":true,"cart_display_type":"text","other_text":"Other","cl_rule":"show","col":6,"values":[{"label":"35","value":"EU 35","price":"","pimage":"","pimage_id":"","pthumb":"","color":""},{"label":"35.5","value":"EU 35.5","price":"","pimage":"","pimage_id":"","pthumb":"","color":""},{"label":"36","value":"EU 36","price":"","pimage":"","pimage_id":"","pthumb":"","color":"","selected":true},{"label":"36 2\/3","value":"EU 36 2\/3","price":"","pimage":"","pimage_id":"","pthumb":"","color":""},{"label":"37 1\/3","value":"EU 37 1\/3","price":"","pimage":"","pimage_id":"","pthumb":"","color":""},{"label":"38","value":"EU 38","price":"","pimage":"","pimage_id":"","pthumb":"","color":""},{"label":"38 2\/3","value":"EU 38 2\/3","price":"","pimage":"","pimage_id":"","pthumb":"","color":""},{"label":"39 1\/3","value":"EU 39 1\/3","price":"","pimage":"","pimage_id":"","pthumb":"","color":""},{"label":"40","value":"EU 40","price":"","pimage":"","pimage_id":"","pthumb":"","color":""},{"label":"40 2\/3","value":"EU 40 2\/3","price":"","pimage":"","pimage_id":"","pthumb":"","color":""},{"label":"41 1\/3","value":"EU 41 1\/3","price":"","pimage":"","pimage_id":"","pthumb":"","color":""},{"label":"42","value":"EU 42","price":"","pimage":"","pimage_id":"","pthumb":"","color":""},{"label":"42 2\/3","value":"EU 42 2\/3","price":"","pimage":"","pimage_id":"","pthumb":"","color":""},{"label":"43 1\/3","value":"EU 43 1\/3","price":"","pimage":"","pimage_id":"","pthumb":"","color":""},{"label":"44","value":"EU 44","price":"","pimage":"","pimage_id":"","pthumb":"","color":""},{"label":"44 2\/3","value":"EU 44 2\/3","price":"","pimage":"","pimage_id":"","pthumb":"","color":""},{"label":"45 1\/3","value":"EU 45 1\/3","price":"","pimage":"","pimage_id":"","pthumb":"","color":""},{"label":"46","value":"EU 46","price":"","pimage":"","pimage_id":"","pthumb":"","color":""},{"label":"46 2\/3","value":"EU 46 2\/3","price":"","pimage":"","pimage_id":"","pthumb":"","color":""},{"label":"47 1\/3","value":"EU 47 1\/3","price":"","pimage":"","pimage_id":"","pthumb":"","color":""}],"relations":[{"operator":false,"rules":[]}],"form_id":24802,"form_rules":{"pric_cal_option_once":false,"exclude_from_discount":false,"pric_use_as_fee":false,"fee_label":"Fee","render_after_acb":false,"disp_hide_options_price":false}}]},"yoast_head":"<!-- This site is optimized with the Yoast SEO plugin v26.5 - https:\/\/yoast.com\/wordpress\/plugins\/seo\/ -->\n<title>adidas Adicane Slides &#039;Olive Green&#039; - Tourcruiser PTE. LTD<\/title>\n<meta name=\"robots\" content=\"index, follow, max-snippet:-1, max-image-preview:large, max-video-preview:-1\" \/>\n<link rel=\"canonical\" href=\"https:\/\/tourcruiser.com\/de\/products\/adidas-adicane-slides-olive-green\/\" \/>\n<meta property=\"og:locale\" content=\"de_DE\" \/>\n<meta property=\"og:type\" content=\"article\" \/>\n<meta property=\"og:title\" content=\"adidas Adicane Slides &#039;Olive Green&#039; - Tourcruiser PTE. LTD\" \/>\n<meta property=\"og:description\" content=\"Schl\u00c3\u00bcpfen Sie in Komfort und Stil mit den adidas Adicane Slides \u00e2\u20ac\u017eOlive Green\u00e2\u20ac\u0153 IE0159. Diese Slides bieten ein weiches, gepolstertes Fu\u00c3\u0178bett f\u00c3\u00bcr ganzt\u00c3\u00a4gigen Tragekomfort und eine griffige Au\u00c3\u0178ensohle f\u00c3\u00bcr zuverl\u00c3\u00a4ssigen Halt. Die olivgr\u00c3\u00bcne Farbe verleiht ihnen einen Hauch von Eleganz und macht sie perfekt f\u00c3\u00bcr l\u00c3\u00a4ssige und sportliche Outfits. Mit dem ikonischen adidas Branding, das [&hellip;]\" \/>\n<meta property=\"og:url\" content=\"https:\/\/tourcruiser.com\/de\/products\/adidas-adicane-slides-olive-green\/\" \/>\n<meta property=\"og:site_name\" content=\"Tourcruiser Sneaker Store\" \/>\n<meta name=\"twitter:card\" content=\"summary_large_image\" \/>\n<meta name=\"twitter:image\" content=\"https:\/\/images.novelship.com\/product\/adidas_adicane_slides__olive_green__ie0159_0_73460.png\" \/>\n<script type=\"application\/ld+json\" class=\"yoast-schema-graph\">{\"@context\":\"https:\/\/schema.org\",\"@graph\":[{\"@type\":\"WebPage\",\"@id\":\"https:\/\/tourcruiser.com\/de\/products\/adidas-adicane-slides-olive-green\/\",\"url\":\"https:\/\/tourcruiser.com\/de\/products\/adidas-adicane-slides-olive-green\/\",\"name\":\"adidas Adicane Slides 'Olive Green' - Tourcruiser PTE. LTD\",\"isPartOf\":{\"@id\":\"https:\/\/tourcruiser.com\/de\/#website\"},\"primaryImageOfPage\":{\"@id\":\"https:\/\/tourcruiser.com\/de\/products\/adidas-adicane-slides-olive-green\/#primaryimage\"},\"image\":{\"@id\":\"https:\/\/tourcruiser.com\/de\/products\/adidas-adicane-slides-olive-green\/#primaryimage\"},\"thumbnailUrl\":\"https:\/\/images.novelship.com\/product\/adidas_adicane_slides__olive_green__ie0159_0_73460.png\",\"datePublished\":\"2026-03-21T05:30:16+00:00\",\"breadcrumb\":{\"@id\":\"https:\/\/tourcruiser.com\/de\/products\/adidas-adicane-slides-olive-green\/#breadcrumb\"},\"inLanguage\":\"de\",\"potentialAction\":[{\"@type\":\"ReadAction\",\"target\":[\"https:\/\/tourcruiser.com\/de\/products\/adidas-adicane-slides-olive-green\/\"]}]},{\"@type\":\"ImageObject\",\"inLanguage\":\"de\",\"@id\":\"https:\/\/tourcruiser.com\/de\/products\/adidas-adicane-slides-olive-green\/#primaryimage\",\"url\":\"https:\/\/images.novelship.com\/product\/adidas_adicane_slides__olive_green__ie0159_0_73460.png\",\"contentUrl\":\"https:\/\/images.novelship.com\/product\/adidas_adicane_slides__olive_green__ie0159_0_73460.png\"},{\"@type\":\"BreadcrumbList\",\"@id\":\"https:\/\/tourcruiser.com\/de\/products\/adidas-adicane-slides-olive-green\/#breadcrumb\",\"itemListElement\":[{\"@type\":\"ListItem\",\"position\":1,\"name\":\"Home\",\"item\":\"https:\/\/tourcruiser.com\/de\/\"},{\"@type\":\"ListItem\",\"position\":2,\"name\":\"Shop\",\"item\":\"https:\/\/tourcruiser.com\/de\/shop\/\"},{\"@type\":\"ListItem\",\"position\":3,\"name\":\"adidas Adicane Slides 'Olive Green'\"}]},{\"@type\":\"WebSite\",\"@id\":\"https:\/\/tourcruiser.com\/de\/#website\",\"url\":\"https:\/\/tourcruiser.com\/de\/\",\"name\":\"Styloral Jewelry Shop\",\"description\":\"Tourcruiser Sneaker Store \u2014 der Ort, an dem das Universum deine Einzigartigkeit trifft.\",\"publisher\":{\"@id\":\"https:\/\/tourcruiser.com\/de\/#organization\"},\"potentialAction\":[{\"@type\":\"SearchAction\",\"target\":{\"@type\":\"EntryPoint\",\"urlTemplate\":\"https:\/\/tourcruiser.com\/de\/?s={search_term_string}\"},\"query-input\":{\"@type\":\"PropertyValueSpecification\",\"valueRequired\":true,\"valueName\":\"search_term_string\"}}],\"inLanguage\":\"de\"},{\"@type\":\"Organization\",\"@id\":\"https:\/\/tourcruiser.com\/de\/#organization\",\"name\":\"STYLORAL PTE. LTD\",\"url\":\"https:\/\/tourcruiser.com\/de\/\",\"logo\":{\"@type\":\"ImageObject\",\"inLanguage\":\"de\",\"@id\":\"https:\/\/tourcruiser.com\/de\/#\/schema\/logo\/image\/\",\"url\":\"https:\/\/www.tourcruiser.com\/wp-content\/uploads\/2025\/12\/logo.png\",\"contentUrl\":\"https:\/\/www.tourcruiser.com\/wp-content\/uploads\/2025\/12\/logo.png\",\"width\":200,\"height\":65,\"caption\":\"STYLORAL PTE. LTD\"},\"image\":{\"@id\":\"https:\/\/tourcruiser.com\/de\/#\/schema\/logo\/image\/\"}}]}<\/script>\n<!-- \/ Yoast SEO plugin. -->","yoast_head_json":{"title":"adidas Adicane Slides 'Olive Green' - Tourcruiser PTE. LTD","robots":{"index":"index","follow":"follow","max-snippet":"max-snippet:-1","max-image-preview":"max-image-preview:large","max-video-preview":"max-video-preview:-1"},"canonical":"https:\/\/tourcruiser.com\/de\/products\/adidas-adicane-slides-olive-green\/","og_locale":"de_DE","og_type":"article","og_title":"adidas Adicane Slides 'Olive Green' - Tourcruiser PTE. LTD","og_description":"Schl\u00c3\u00bcpfen Sie in Komfort und Stil mit den adidas Adicane Slides \u00e2\u20ac\u017eOlive Green\u00e2\u20ac\u0153 IE0159. Diese Slides bieten ein weiches, gepolstertes Fu\u00c3\u0178bett f\u00c3\u00bcr ganzt\u00c3\u00a4gigen Tragekomfort und eine griffige Au\u00c3\u0178ensohle f\u00c3\u00bcr zuverl\u00c3\u00a4ssigen Halt. Die olivgr\u00c3\u00bcne Farbe verleiht ihnen einen Hauch von Eleganz und macht sie perfekt f\u00c3\u00bcr l\u00c3\u00a4ssige und sportliche Outfits. Mit dem ikonischen adidas Branding, das [&hellip;]","og_url":"https:\/\/tourcruiser.com\/de\/products\/adidas-adicane-slides-olive-green\/","og_site_name":"Tourcruiser Sneaker Store","twitter_card":"summary_large_image","twitter_image":"https:\/\/images.novelship.com\/product\/adidas_adicane_slides__olive_green__ie0159_0_73460.png","schema":{"@context":"https:\/\/schema.org","@graph":[{"@type":"WebPage","@id":"https:\/\/tourcruiser.com\/de\/products\/adidas-adicane-slides-olive-green\/","url":"https:\/\/tourcruiser.com\/de\/products\/adidas-adicane-slides-olive-green\/","name":"adidas Adicane Slides 'Olive Green' - Tourcruiser PTE. LTD","isPartOf":{"@id":"https:\/\/tourcruiser.com\/de\/#website"},"primaryImageOfPage":{"@id":"https:\/\/tourcruiser.com\/de\/products\/adidas-adicane-slides-olive-green\/#primaryimage"},"image":{"@id":"https:\/\/tourcruiser.com\/de\/products\/adidas-adicane-slides-olive-green\/#primaryimage"},"thumbnailUrl":"https:\/\/images.novelship.com\/product\/adidas_adicane_slides__olive_green__ie0159_0_73460.png","datePublished":"2026-03-21T05:30:16+00:00","breadcrumb":{"@id":"https:\/\/tourcruiser.com\/de\/products\/adidas-adicane-slides-olive-green\/#breadcrumb"},"inLanguage":"de","potentialAction":[{"@type":"ReadAction","target":["https:\/\/tourcruiser.com\/de\/products\/adidas-adicane-slides-olive-green\/"]}]},{"@type":"ImageObject","inLanguage":"de","@id":"https:\/\/tourcruiser.com\/de\/products\/adidas-adicane-slides-olive-green\/#primaryimage","url":"https:\/\/images.novelship.com\/product\/adidas_adicane_slides__olive_green__ie0159_0_73460.png","contentUrl":"https:\/\/images.novelship.com\/product\/adidas_adicane_slides__olive_green__ie0159_0_73460.png"},{"@type":"BreadcrumbList","@id":"https:\/\/tourcruiser.com\/de\/products\/adidas-adicane-slides-olive-green\/#breadcrumb","itemListElement":[{"@type":"ListItem","position":1,"name":"Home","item":"https:\/\/tourcruiser.com\/de\/"},{"@type":"ListItem","position":2,"name":"Shop","item":"https:\/\/tourcruiser.com\/de\/shop\/"},{"@type":"ListItem","position":3,"name":"adidas Adicane Slides 'Olive Green'"}]},{"@type":"WebSite","@id":"https:\/\/tourcruiser.com\/de\/#website","url":"https:\/\/tourcruiser.com\/de\/","name":"Styloral Jewelry Shop","description":"Tourcruiser Sneaker Store \u2014 der Ort, an dem das Universum deine Einzigartigkeit trifft.","publisher":{"@id":"https:\/\/tourcruiser.com\/de\/#organization"},"potentialAction":[{"@type":"SearchAction","target":{"@type":"EntryPoint","urlTemplate":"https:\/\/tourcruiser.com\/de\/?s={search_term_string}"},"query-input":{"@type":"PropertyValueSpecification","valueRequired":true,"valueName":"search_term_string"}}],"inLanguage":"de"},{"@type":"Organization","@id":"https:\/\/tourcruiser.com\/de\/#organization","name":"STYLORAL PTE. LTD","url":"https:\/\/tourcruiser.com\/de\/","logo":{"@type":"ImageObject","inLanguage":"de","@id":"https:\/\/tourcruiser.com\/de\/#\/schema\/logo\/image\/","url":"https:\/\/www.tourcruiser.com\/wp-content\/uploads\/2025\/12\/logo.png","contentUrl":"https:\/\/www.tourcruiser.com\/wp-content\/uploads\/2025\/12\/logo.png","width":200,"height":65,"caption":"STYLORAL PTE. LTD"},"image":{"@id":"https:\/\/tourcruiser.com\/de\/#\/schema\/logo\/image\/"}}]}},"_links":{"self":[{"href":"https:\/\/tourcruiser.com\/de\/wp-json\/wp\/v2\/product\/470892","targetHints":{"allow":["GET"]}}],"collection":[{"href":"https:\/\/tourcruiser.com\/de\/wp-json\/wp\/v2\/product"}],"about":[{"href":"https:\/\/tourcruiser.com\/de\/wp-json\/wp\/v2\/types\/product"}],"replies":[{"embeddable":true,"href":"https:\/\/tourcruiser.com\/de\/wp-json\/wp\/v2\/comments?post=470892"}],"wp:featuredmedia":[{"embeddable":true,"href":"https:\/\/tourcruiser.com\/de\/wp-json\/wp\/v2\/media\/470893"}],"wp:attachment":[{"href":"https:\/\/tourcruiser.com\/de\/wp-json\/wp\/v2\/media?parent=470892"}],"wp:term":[{"taxonomy":"product_brand","embeddable":true,"href":"https:\/\/tourcruiser.com\/de\/wp-json\/wp\/v2\/product_brand?post=470892"},{"taxonomy":"product_cat","embeddable":true,"href":"https:\/\/tourcruiser.com\/de\/wp-json\/wp\/v2\/product_cat?post=470892"},{"taxonomy":"product_tag","embeddable":true,"href":"https:\/\/tourcruiser.com\/de\/wp-json\/wp\/v2\/product_tag?post=470892"}],"curies":[{"name":"wp","href":"https:\/\/api.w.org\/{rel}","templated":true}]}}