{"id":47059,"date":"2026-03-02T15:03:47","date_gmt":"2026-03-02T08:03:47","guid":{"rendered":"http:\/\/tourcruiser.com\/product\/adidas-predator-193-ag-red"},"modified":"2026-03-28T00:55:15","modified_gmt":"2026-03-27T17:55:15","slug":"adidas-predator-193-ag-red","status":"publish","type":"product","link":"https:\/\/tourcruiser.com\/de\/products\/adidas-predator-193-ag-red\/","title":{"rendered":"adidas Predator 193 Ag Red"},"content":{"rendered":"<p>Erlebe mit dem adidas Predator 193 AG Red un\u00fcbertroffene Pr\u00e4zision und Kontrolle auf dem Spielfeld. Dieser Schuh wurde speziell f\u00fcr offensive Mittelfeldspieler entwickelt und verf\u00fcgt \u00fcber eine Predator Precision-Oberfl\u00e4che f\u00fcr punktgenaue P\u00e4sse und pr\u00e4zise Sch\u00fcsse. Das eng anliegende Primeknit-Obermaterial sorgt f\u00fcr optimalen Halt, w\u00e4hrend die Controlskin-Beschichtung die Ballkontrolle bei allen Bedingungen verbessert. Dominiere das Spiel mit jeder Ballber\u00fchrung im adidas Predator 193 AG Red \u201d\u201c entwickelt, um dein Spiel auf ein neues Level zu heben und den Sieg zu sichern.<\/p>\n<p>Farbe: Rot<br \/>\nArtikelnummer: D97944<br \/>\nObermaterial: Textil\/Kunstleder<br \/>\nFarbe: Rot<\/p>\n<p>Artikelnummer: D97944<\/p>\n","protected":false},"excerpt":{"rendered":"<p>adidas Predator 19.3 \u201d\u201d Red<\/p>\n","protected":false},"featured_media":47060,"comment_status":"open","ping_status":"closed","template":"","meta":[],"product_brand":[],"product_cat":[10760],"product_tag":[10759,10749,13117,11476,10753,10802,10987,10758],"class_list":{"0":"post-47059","1":"product","2":"type-product","3":"status-publish","4":"has-post-thumbnail","6":"product_cat-adidas","7":"product_tag-adidas","8":"product_tag-adidas-skateboarding-shoes","9":"product_tag-adidas-soccer-shoes","10":"product_tag-artificial-ground-ag-football-boots","11":"product_tag-gift-for-him","12":"product_tag-performance-sport-shoes","13":"product_tag-soccer-shoes-football-cleats","14":"product_tag-under-retail","15":"wcpa_has_options","17":"first","18":"outofstock","19":"sale","20":"taxable","21":"shipping-taxable","22":"purchasable","23":"product-type-simple"},"wcpa_form_fields":{"rules":{"pric_overide_base_price":false,"pric_overide_base_price_if_gt_zero":false,"pric_overide_base_price_fully":false,"pric_cal_option_once":false,"pric_use_as_fee":false,"bind_quantity":false,"quantity_bind_formula":false},"fields":[{"type":"color-group","required":true,"elementId":"wcpa-color-group-66c4a7f817afe","label":"Gr\u00f6\u00dfe","inline":true,"priceOptions":"different_for_all","pricingType":"fixed","className":"hassizechart product-shoes-size-eu product-shoes-size","name":"color-group-66c4a7f817b18","disp_type":"square","selection_type":"tick-border","disp_size":"50","show_label_inside":true,"adjust_width":true,"cart_display_type":"text","other_text":"Other","cl_rule":"show","col":6,"values":[{"label":"35","value":"EU 35","price":"","pimage":"","pimage_id":"","pthumb":"","color":""},{"label":"35.5","value":"EU 35.5","price":"","pimage":"","pimage_id":"","pthumb":"","color":""},{"label":"36","value":"EU 36","price":"","pimage":"","pimage_id":"","pthumb":"","color":"","selected":true},{"label":"36 2\/3","value":"EU 36 2\/3","price":"","pimage":"","pimage_id":"","pthumb":"","color":""},{"label":"37 1\/3","value":"EU 37 1\/3","price":"","pimage":"","pimage_id":"","pthumb":"","color":""},{"label":"38","value":"EU 38","price":"","pimage":"","pimage_id":"","pthumb":"","color":""},{"label":"38 2\/3","value":"EU 38 2\/3","price":"","pimage":"","pimage_id":"","pthumb":"","color":""},{"label":"39 1\/3","value":"EU 39 1\/3","price":"","pimage":"","pimage_id":"","pthumb":"","color":""},{"label":"40","value":"EU 40","price":"","pimage":"","pimage_id":"","pthumb":"","color":""},{"label":"40 2\/3","value":"EU 40 2\/3","price":"","pimage":"","pimage_id":"","pthumb":"","color":""},{"label":"41 1\/3","value":"EU 41 1\/3","price":"","pimage":"","pimage_id":"","pthumb":"","color":""},{"label":"42","value":"EU 42","price":"","pimage":"","pimage_id":"","pthumb":"","color":""},{"label":"42 2\/3","value":"EU 42 2\/3","price":"","pimage":"","pimage_id":"","pthumb":"","color":""},{"label":"43 1\/3","value":"EU 43 1\/3","price":"","pimage":"","pimage_id":"","pthumb":"","color":""},{"label":"44","value":"EU 44","price":"","pimage":"","pimage_id":"","pthumb":"","color":""},{"label":"44 2\/3","value":"EU 44 2\/3","price":"","pimage":"","pimage_id":"","pthumb":"","color":""},{"label":"45 1\/3","value":"EU 45 1\/3","price":"","pimage":"","pimage_id":"","pthumb":"","color":""},{"label":"46","value":"EU 46","price":"","pimage":"","pimage_id":"","pthumb":"","color":""},{"label":"46 2\/3","value":"EU 46 2\/3","price":"","pimage":"","pimage_id":"","pthumb":"","color":""},{"label":"47 1\/3","value":"EU 47 1\/3","price":"","pimage":"","pimage_id":"","pthumb":"","color":""}],"relations":[{"operator":false,"rules":[]}],"form_id":24802,"form_rules":{"pric_cal_option_once":false,"exclude_from_discount":false,"pric_use_as_fee":false,"fee_label":"Fee","render_after_acb":false,"disp_hide_options_price":false}}]},"yoast_head":"<!-- This site is optimized with the Yoast SEO plugin v26.5 - https:\/\/yoast.com\/wordpress\/plugins\/seo\/ -->\n<title>adidas Predator 193 Ag Red  - Tourcruiser PTE. LTD<\/title>\n<meta name=\"robots\" content=\"index, follow, max-snippet:-1, max-image-preview:large, max-video-preview:-1\" \/>\n<link rel=\"canonical\" href=\"https:\/\/tourcruiser.com\/de\/products\/adidas-predator-193-ag-red\/\" \/>\n<meta property=\"og:locale\" content=\"de_DE\" \/>\n<meta property=\"og:type\" content=\"article\" \/>\n<meta property=\"og:title\" content=\"adidas Predator 193 Ag Red  - Tourcruiser PTE. LTD\" \/>\n<meta property=\"og:description\" content=\"adidas Predator 19.3 \u201d\u201d Red\" \/>\n<meta property=\"og:url\" content=\"https:\/\/tourcruiser.com\/de\/products\/adidas-predator-193-ag-red\/\" \/>\n<meta property=\"og:site_name\" content=\"Tourcruiser Sneaker Store\" \/>\n<meta property=\"article:modified_time\" content=\"2026-03-27T17:55:15+00:00\" \/>\n<meta name=\"twitter:card\" content=\"summary_large_image\" \/>\n<meta name=\"twitter:image\" content=\"https:\/\/images.novelship.com\/product\/adidas_predator_19_3_ag__red__d97944_0_55151.jpeg;https:\/\/images.novelship.com\/product\/adidas_predator_19_3_ag__red__d97944_1_55151.jpeg;https:\/\/images.novelship.com\/product\/adidas_predator_19_3_ag__red__d97944_2_55151.jpeg;https:\/\/images.novelship.com\/product\/adidas_predator_19_3_ag__red__d97944_3_55151.jpeg;https:\/\/images.novelship.com\/product\/adidas_predator_19_3_ag__red__d97944_4_55151.jpeg;https:\/\/images.novelship.com\/product\/adidas_predator_19_3_ag__red__d97944_5_55151.jpeg\" \/>\n<meta name=\"twitter:label1\" content=\"Gesch\u00e4tzte Lesezeit\" \/>\n\t<meta name=\"twitter:data1\" content=\"1\u00a0Minute\" \/>\n<script type=\"application\/ld+json\" class=\"yoast-schema-graph\">{\"@context\":\"https:\/\/schema.org\",\"@graph\":[{\"@type\":\"WebPage\",\"@id\":\"https:\/\/tourcruiser.com\/de\/products\/adidas-predator-193-ag-red\/\",\"url\":\"https:\/\/tourcruiser.com\/de\/products\/adidas-predator-193-ag-red\/\",\"name\":\"adidas Predator 193 Ag Red - Tourcruiser PTE. LTD\",\"isPartOf\":{\"@id\":\"https:\/\/tourcruiser.com\/de\/#website\"},\"primaryImageOfPage\":{\"@id\":\"https:\/\/tourcruiser.com\/de\/products\/adidas-predator-193-ag-red\/#primaryimage\"},\"image\":{\"@id\":\"https:\/\/tourcruiser.com\/de\/products\/adidas-predator-193-ag-red\/#primaryimage\"},\"thumbnailUrl\":\"https:\/\/images.novelship.com\/product\/adidas_predator_19_3_ag__red__d97944_0_55151.jpeg;https:\/\/images.novelship.com\/product\/adidas_predator_19_3_ag__red__d97944_1_55151.jpeg;https:\/\/images.novelship.com\/product\/adidas_predator_19_3_ag__red__d97944_2_55151.jpeg;https:\/\/images.novelship.com\/product\/adidas_predator_19_3_ag__red__d97944_3_55151.jpeg;https:\/\/images.novelship.com\/product\/adidas_predator_19_3_ag__red__d97944_4_55151.jpeg;https:\/\/images.novelship.com\/product\/adidas_predator_19_3_ag__red__d97944_5_55151.jpeg\",\"datePublished\":\"2026-03-02T08:03:47+00:00\",\"dateModified\":\"2026-03-27T17:55:15+00:00\",\"breadcrumb\":{\"@id\":\"https:\/\/tourcruiser.com\/de\/products\/adidas-predator-193-ag-red\/#breadcrumb\"},\"inLanguage\":\"de\",\"potentialAction\":[{\"@type\":\"ReadAction\",\"target\":[\"https:\/\/tourcruiser.com\/de\/products\/adidas-predator-193-ag-red\/\"]}]},{\"@type\":\"ImageObject\",\"inLanguage\":\"de\",\"@id\":\"https:\/\/tourcruiser.com\/de\/products\/adidas-predator-193-ag-red\/#primaryimage\",\"url\":\"https:\/\/images.novelship.com\/product\/adidas_predator_19_3_ag__red__d97944_0_55151.jpeg;https:\/\/images.novelship.com\/product\/adidas_predator_19_3_ag__red__d97944_1_55151.jpeg;https:\/\/images.novelship.com\/product\/adidas_predator_19_3_ag__red__d97944_2_55151.jpeg;https:\/\/images.novelship.com\/product\/adidas_predator_19_3_ag__red__d97944_3_55151.jpeg;https:\/\/images.novelship.com\/product\/adidas_predator_19_3_ag__red__d97944_4_55151.jpeg;https:\/\/images.novelship.com\/product\/adidas_predator_19_3_ag__red__d97944_5_55151.jpeg\",\"contentUrl\":\"https:\/\/images.novelship.com\/product\/adidas_predator_19_3_ag__red__d97944_0_55151.jpeg;https:\/\/images.novelship.com\/product\/adidas_predator_19_3_ag__red__d97944_1_55151.jpeg;https:\/\/images.novelship.com\/product\/adidas_predator_19_3_ag__red__d97944_2_55151.jpeg;https:\/\/images.novelship.com\/product\/adidas_predator_19_3_ag__red__d97944_3_55151.jpeg;https:\/\/images.novelship.com\/product\/adidas_predator_19_3_ag__red__d97944_4_55151.jpeg;https:\/\/images.novelship.com\/product\/adidas_predator_19_3_ag__red__d97944_5_55151.jpeg\"},{\"@type\":\"BreadcrumbList\",\"@id\":\"https:\/\/tourcruiser.com\/de\/products\/adidas-predator-193-ag-red\/#breadcrumb\",\"itemListElement\":[{\"@type\":\"ListItem\",\"position\":1,\"name\":\"Home\",\"item\":\"https:\/\/tourcruiser.com\/de\/\"},{\"@type\":\"ListItem\",\"position\":2,\"name\":\"Shop\",\"item\":\"https:\/\/tourcruiser.com\/de\/shop\/\"},{\"@type\":\"ListItem\",\"position\":3,\"name\":\"adidas Predator 193 Ag Red\"}]},{\"@type\":\"WebSite\",\"@id\":\"https:\/\/tourcruiser.com\/de\/#website\",\"url\":\"https:\/\/tourcruiser.com\/de\/\",\"name\":\"Styloral Jewelry Shop\",\"description\":\"Tourcruiser Sneaker Store \u2014 der Ort, an dem das Universum deine Einzigartigkeit trifft.\",\"publisher\":{\"@id\":\"https:\/\/tourcruiser.com\/de\/#organization\"},\"potentialAction\":[{\"@type\":\"SearchAction\",\"target\":{\"@type\":\"EntryPoint\",\"urlTemplate\":\"https:\/\/tourcruiser.com\/de\/?s={search_term_string}\"},\"query-input\":{\"@type\":\"PropertyValueSpecification\",\"valueRequired\":true,\"valueName\":\"search_term_string\"}}],\"inLanguage\":\"de\"},{\"@type\":\"Organization\",\"@id\":\"https:\/\/tourcruiser.com\/de\/#organization\",\"name\":\"STYLORAL PTE. LTD\",\"url\":\"https:\/\/tourcruiser.com\/de\/\",\"logo\":{\"@type\":\"ImageObject\",\"inLanguage\":\"de\",\"@id\":\"https:\/\/tourcruiser.com\/de\/#\/schema\/logo\/image\/\",\"url\":\"https:\/\/www.tourcruiser.com\/wp-content\/uploads\/2025\/12\/logo.png\",\"contentUrl\":\"https:\/\/www.tourcruiser.com\/wp-content\/uploads\/2025\/12\/logo.png\",\"width\":200,\"height\":65,\"caption\":\"STYLORAL PTE. LTD\"},\"image\":{\"@id\":\"https:\/\/tourcruiser.com\/de\/#\/schema\/logo\/image\/\"}}]}<\/script>\n<!-- \/ Yoast SEO plugin. -->","yoast_head_json":{"title":"adidas Predator 193 Ag Red  - Tourcruiser PTE. LTD","robots":{"index":"index","follow":"follow","max-snippet":"max-snippet:-1","max-image-preview":"max-image-preview:large","max-video-preview":"max-video-preview:-1"},"canonical":"https:\/\/tourcruiser.com\/de\/products\/adidas-predator-193-ag-red\/","og_locale":"de_DE","og_type":"article","og_title":"adidas Predator 193 Ag Red  - Tourcruiser PTE. LTD","og_description":"adidas Predator 19.3 \u201d\u201d Red","og_url":"https:\/\/tourcruiser.com\/de\/products\/adidas-predator-193-ag-red\/","og_site_name":"Tourcruiser Sneaker Store","article_modified_time":"2026-03-27T17:55:15+00:00","twitter_card":"summary_large_image","twitter_image":"https:\/\/images.novelship.com\/product\/adidas_predator_19_3_ag__red__d97944_0_55151.jpeg;https:\/\/images.novelship.com\/product\/adidas_predator_19_3_ag__red__d97944_1_55151.jpeg;https:\/\/images.novelship.com\/product\/adidas_predator_19_3_ag__red__d97944_2_55151.jpeg;https:\/\/images.novelship.com\/product\/adidas_predator_19_3_ag__red__d97944_3_55151.jpeg;https:\/\/images.novelship.com\/product\/adidas_predator_19_3_ag__red__d97944_4_55151.jpeg;https:\/\/images.novelship.com\/product\/adidas_predator_19_3_ag__red__d97944_5_55151.jpeg","twitter_misc":{"Gesch\u00e4tzte Lesezeit":"1\u00a0Minute"},"schema":{"@context":"https:\/\/schema.org","@graph":[{"@type":"WebPage","@id":"https:\/\/tourcruiser.com\/de\/products\/adidas-predator-193-ag-red\/","url":"https:\/\/tourcruiser.com\/de\/products\/adidas-predator-193-ag-red\/","name":"adidas Predator 193 Ag Red - Tourcruiser PTE. LTD","isPartOf":{"@id":"https:\/\/tourcruiser.com\/de\/#website"},"primaryImageOfPage":{"@id":"https:\/\/tourcruiser.com\/de\/products\/adidas-predator-193-ag-red\/#primaryimage"},"image":{"@id":"https:\/\/tourcruiser.com\/de\/products\/adidas-predator-193-ag-red\/#primaryimage"},"thumbnailUrl":"https:\/\/images.novelship.com\/product\/adidas_predator_19_3_ag__red__d97944_0_55151.jpeg;https:\/\/images.novelship.com\/product\/adidas_predator_19_3_ag__red__d97944_1_55151.jpeg;https:\/\/images.novelship.com\/product\/adidas_predator_19_3_ag__red__d97944_2_55151.jpeg;https:\/\/images.novelship.com\/product\/adidas_predator_19_3_ag__red__d97944_3_55151.jpeg;https:\/\/images.novelship.com\/product\/adidas_predator_19_3_ag__red__d97944_4_55151.jpeg;https:\/\/images.novelship.com\/product\/adidas_predator_19_3_ag__red__d97944_5_55151.jpeg","datePublished":"2026-03-02T08:03:47+00:00","dateModified":"2026-03-27T17:55:15+00:00","breadcrumb":{"@id":"https:\/\/tourcruiser.com\/de\/products\/adidas-predator-193-ag-red\/#breadcrumb"},"inLanguage":"de","potentialAction":[{"@type":"ReadAction","target":["https:\/\/tourcruiser.com\/de\/products\/adidas-predator-193-ag-red\/"]}]},{"@type":"ImageObject","inLanguage":"de","@id":"https:\/\/tourcruiser.com\/de\/products\/adidas-predator-193-ag-red\/#primaryimage","url":"https:\/\/images.novelship.com\/product\/adidas_predator_19_3_ag__red__d97944_0_55151.jpeg;https:\/\/images.novelship.com\/product\/adidas_predator_19_3_ag__red__d97944_1_55151.jpeg;https:\/\/images.novelship.com\/product\/adidas_predator_19_3_ag__red__d97944_2_55151.jpeg;https:\/\/images.novelship.com\/product\/adidas_predator_19_3_ag__red__d97944_3_55151.jpeg;https:\/\/images.novelship.com\/product\/adidas_predator_19_3_ag__red__d97944_4_55151.jpeg;https:\/\/images.novelship.com\/product\/adidas_predator_19_3_ag__red__d97944_5_55151.jpeg","contentUrl":"https:\/\/images.novelship.com\/product\/adidas_predator_19_3_ag__red__d97944_0_55151.jpeg;https:\/\/images.novelship.com\/product\/adidas_predator_19_3_ag__red__d97944_1_55151.jpeg;https:\/\/images.novelship.com\/product\/adidas_predator_19_3_ag__red__d97944_2_55151.jpeg;https:\/\/images.novelship.com\/product\/adidas_predator_19_3_ag__red__d97944_3_55151.jpeg;https:\/\/images.novelship.com\/product\/adidas_predator_19_3_ag__red__d97944_4_55151.jpeg;https:\/\/images.novelship.com\/product\/adidas_predator_19_3_ag__red__d97944_5_55151.jpeg"},{"@type":"BreadcrumbList","@id":"https:\/\/tourcruiser.com\/de\/products\/adidas-predator-193-ag-red\/#breadcrumb","itemListElement":[{"@type":"ListItem","position":1,"name":"Home","item":"https:\/\/tourcruiser.com\/de\/"},{"@type":"ListItem","position":2,"name":"Shop","item":"https:\/\/tourcruiser.com\/de\/shop\/"},{"@type":"ListItem","position":3,"name":"adidas Predator 193 Ag Red"}]},{"@type":"WebSite","@id":"https:\/\/tourcruiser.com\/de\/#website","url":"https:\/\/tourcruiser.com\/de\/","name":"Styloral Jewelry Shop","description":"Tourcruiser Sneaker Store \u2014 der Ort, an dem das Universum deine Einzigartigkeit trifft.","publisher":{"@id":"https:\/\/tourcruiser.com\/de\/#organization"},"potentialAction":[{"@type":"SearchAction","target":{"@type":"EntryPoint","urlTemplate":"https:\/\/tourcruiser.com\/de\/?s={search_term_string}"},"query-input":{"@type":"PropertyValueSpecification","valueRequired":true,"valueName":"search_term_string"}}],"inLanguage":"de"},{"@type":"Organization","@id":"https:\/\/tourcruiser.com\/de\/#organization","name":"STYLORAL PTE. LTD","url":"https:\/\/tourcruiser.com\/de\/","logo":{"@type":"ImageObject","inLanguage":"de","@id":"https:\/\/tourcruiser.com\/de\/#\/schema\/logo\/image\/","url":"https:\/\/www.tourcruiser.com\/wp-content\/uploads\/2025\/12\/logo.png","contentUrl":"https:\/\/www.tourcruiser.com\/wp-content\/uploads\/2025\/12\/logo.png","width":200,"height":65,"caption":"STYLORAL PTE. LTD"},"image":{"@id":"https:\/\/tourcruiser.com\/de\/#\/schema\/logo\/image\/"}}]}},"_links":{"self":[{"href":"https:\/\/tourcruiser.com\/de\/wp-json\/wp\/v2\/product\/47059","targetHints":{"allow":["GET"]}}],"collection":[{"href":"https:\/\/tourcruiser.com\/de\/wp-json\/wp\/v2\/product"}],"about":[{"href":"https:\/\/tourcruiser.com\/de\/wp-json\/wp\/v2\/types\/product"}],"replies":[{"embeddable":true,"href":"https:\/\/tourcruiser.com\/de\/wp-json\/wp\/v2\/comments?post=47059"}],"wp:featuredmedia":[{"embeddable":true,"href":"https:\/\/tourcruiser.com\/de\/wp-json\/wp\/v2\/media\/47060"}],"wp:attachment":[{"href":"https:\/\/tourcruiser.com\/de\/wp-json\/wp\/v2\/media?parent=47059"}],"wp:term":[{"taxonomy":"product_brand","embeddable":true,"href":"https:\/\/tourcruiser.com\/de\/wp-json\/wp\/v2\/product_brand?post=47059"},{"taxonomy":"product_cat","embeddable":true,"href":"https:\/\/tourcruiser.com\/de\/wp-json\/wp\/v2\/product_cat?post=47059"},{"taxonomy":"product_tag","embeddable":true,"href":"https:\/\/tourcruiser.com\/de\/wp-json\/wp\/v2\/product_tag?post=47059"}],"curies":[{"name":"wp","href":"https:\/\/api.w.org\/{rel}","templated":true}]}}