{"id":470565,"date":"2026-03-21T12:29:22","date_gmt":"2026-03-21T05:29:22","guid":{"rendered":"http:\/\/tourcruiser.com\/product\/women-nike-offcourt-slide-sail-pink-foam"},"modified":"2026-03-21T12:29:22","modified_gmt":"2026-03-21T05:29:22","slug":"women-nike-offcourt-slide-sail-pink-foam","status":"publish","type":"product","link":"https:\/\/tourcruiser.com\/de\/products\/women-nike-offcourt-slide-sail-pink-foam\/","title":{"rendered":"(Women) Nike Offcourt Slide &#8218;Sail Pink Foam&#8216;"},"content":{"rendered":"<p>Erlebe ultimativen Komfort und Style mit den Nike Offcourt Slides f\u00c3\u00bcr Damen \u00e2\u20ac\u017eSail Pink Foam\u00e2\u20ac\u0153. Diese vielseitigen und modern designten Slides mit weichem Riemen und elegantem Farbmix aus Sail und Pink Foam bieten dank ihrer leichten Schaumstoff-Mittelsohle erstklassige D\u00c3\u00a4mpfung bei jedem Schritt. Das konturierte Fu\u00c3\u0178bett sorgt f\u00c3\u00bcr optimale Unterst\u00c3\u00bctzung und macht die Slides perfekt zum Entspannen nach dem Training oder f\u00c3\u00bcr den l\u00c3\u00a4ssigen Alltag. Dank umweltfreundlicher Materialien und einer strapazierf\u00c3\u00a4higen Au\u00c3\u0178ensohle garantieren sie langanhaltende Performance und Grip auf verschiedenen Untergr\u00c3\u00bcnden. Verleihe deinem Freizeitlook das gewisse Extra und genie\u00c3\u0178e unvergleichlichen Komfort.<\/p>\n<ul>\n<li><strong>Farbgebung:<\/strong> Sail\/Pink<\/li>\n<li><strong>Style-Code:<\/strong> FQ7646-104<\/li>\n<li><strong>Obermaterial:<\/strong> Synthetik<\/li>\n<li><strong>Farbe:<\/strong> Pink<\/li>\n<li><strong>Erscheinungsjahr:<\/strong> 2025<\/li>\n<\/ul>\n","protected":false},"excerpt":{"rendered":"<p>Erlebe ultimativen Komfort und Style mit den Nike Offcourt Slides f\u00c3\u00bcr Damen \u00e2\u20ac\u017eSail Pink Foam\u00e2\u20ac\u0153. Diese vielseitigen und modern designten Slides mit weichem Riemen und elegantem Farbmix aus Sail und Pink Foam bieten dank ihrer leichten Schaumstoff-Mittelsohle erstklassige D\u00c3\u00a4mpfung bei jedem Schritt. Das konturierte Fu\u00c3\u0178bett sorgt f\u00c3\u00bcr optimale Unterst\u00c3\u00bctzung und macht die Slides perfekt zum [&hellip;]<\/p>\n","protected":false},"featured_media":470566,"comment_status":"open","ping_status":"closed","template":"","meta":[],"product_brand":[],"product_cat":[10803,40522,39306,38854],"product_tag":[40430,40449,40424,10801,10808,40427,40428,40429],"class_list":{"0":"post-470565","1":"product","2":"type-product","3":"status-publish","4":"has-post-thumbnail","6":"product_cat-nike","7":"product_cat-nike-offcourt-slide","8":"product_cat-slides","9":"product_cat-gender-women","10":"product_tag-athleisure-schuhe","11":"product_tag-beste-funde-unter-100","12":"product_tag-lifestyle-freizeitschuhe","13":"product_tag-nike","14":"product_tag-slides","15":"product_tag-trendangebote","16":"product_tag-trendangebote-unter-150","17":"product_tag-unter-retailpreis","18":"wcpa_has_options","20":"first","21":"instock","22":"taxable","23":"shipping-taxable","24":"purchasable","25":"product-type-simple"},"wcpa_form_fields":{"rules":{"pric_overide_base_price":false,"pric_overide_base_price_if_gt_zero":false,"pric_overide_base_price_fully":false,"pric_cal_option_once":false,"pric_use_as_fee":false,"bind_quantity":false,"quantity_bind_formula":false},"fields":[{"type":"color-group","required":true,"elementId":"wcpa-color-group-66c4a75505e74","label":"Gr\u00f6\u00dfe - EU Gr\u00f6\u00dfe","inline":true,"priceOptions":"different_for_all","pricingType":"fixed","className":"hassizechart product-shoes-size-eu product-shoes-size","name":"color-group-66c4a75505e89","disp_type":"square","selection_type":"tick-border","disp_size":"44","show_label_inside":true,"adjust_width":true,"cart_display_type":"text","other_text":"Other","cl_rule":"show","col":6,"values":[{"label":"35.5","value":"EU 35.5","price":"","pimage":"","pimage_id":"","pthumb":"","color":""},{"label":"36","value":"EU 36","price":"","pimage":"","pimage_id":"","pthumb":"","color":"","selected":true},{"label":"36.5","value":"EU 36.5","price":"","pimage":"","pimage_id":"","pthumb":"","color":""},{"label":"37.5","value":"EU 37.5","price":"","pimage":"","pimage_id":"","pthumb":"","color":""},{"label":"38","value":"EU 38","price":"","pimage":"","pimage_id":"","pthumb":"","color":""},{"label":"38.5","value":"EU 38.5","price":"","pimage":"","pimage_id":"","pthumb":"","color":""},{"label":"39","value":"EU 39","price":"","pimage":"","pimage_id":"","pthumb":"","color":""},{"label":"40","value":"EU 40","price":"","pimage":"","pimage_id":"","pthumb":"","color":""},{"label":"40.5","value":"EU 40.5","price":"","pimage":"","pimage_id":"","pthumb":"","color":""},{"label":"41","value":"EU 41","price":"","pimage":"","pimage_id":"","pthumb":"","color":""},{"label":"42","value":"EU 42","price":"","pimage":"","pimage_id":"","pthumb":"","color":""},{"label":"42.5","value":"EU 42.5","price":"","pimage":"","pimage_id":"","pthumb":"","color":""},{"label":"43","value":"EU 43","price":"","pimage":"","pimage_id":"","pthumb":"","color":""},{"label":"44","value":"EU 44","price":"","pimage":"","pimage_id":"","pthumb":"","color":""},{"label":"44.5","value":"EU 44.5","price":"","pimage":"","pimage_id":"","pthumb":"","color":""},{"label":"45","value":"EU 45","price":"","pimage":"","pimage_id":"","pthumb":"","color":""},{"label":"45.5","value":"EU 45.5","price":"","pimage":"","pimage_id":"","pthumb":"","color":""},{"label":"46","value":"EU 46","price":"","pimage":"","pimage_id":"","pthumb":"","color":""},{"label":"47","value":"EU 47","price":"","pimage":"","pimage_id":"","pthumb":"","color":""},{"label":"47.5","value":"EU 47.5","price":"","pimage":"","pimage_id":"","pthumb":"","color":""},{"label":"48","value":"EU 48","price":"","pimage":"","pimage_id":"","pthumb":"","color":""}],"relations":[{"operator":false,"rules":[]}],"form_id":18106,"form_rules":{"pric_cal_option_once":false,"exclude_from_discount":false,"pric_use_as_fee":false,"fee_label":"Fee","render_after_acb":false,"disp_hide_options_price":false}}]},"yoast_head":"<!-- This site is optimized with the Yoast SEO plugin v26.5 - https:\/\/yoast.com\/wordpress\/plugins\/seo\/ -->\n<title>(Women) Nike Offcourt Slide &#039;Sail Pink Foam&#039; - Tourcruiser PTE. LTD<\/title>\n<meta name=\"robots\" content=\"index, follow, max-snippet:-1, max-image-preview:large, max-video-preview:-1\" \/>\n<link rel=\"canonical\" href=\"https:\/\/tourcruiser.com\/de\/products\/women-nike-offcourt-slide-sail-pink-foam\/\" \/>\n<meta property=\"og:locale\" content=\"de_DE\" \/>\n<meta property=\"og:type\" content=\"article\" \/>\n<meta property=\"og:title\" content=\"(Women) Nike Offcourt Slide &#039;Sail Pink Foam&#039; - Tourcruiser PTE. LTD\" \/>\n<meta property=\"og:description\" content=\"Erlebe ultimativen Komfort und Style mit den Nike Offcourt Slides f\u00c3\u00bcr Damen \u00e2\u20ac\u017eSail Pink Foam\u00e2\u20ac\u0153. Diese vielseitigen und modern designten Slides mit weichem Riemen und elegantem Farbmix aus Sail und Pink Foam bieten dank ihrer leichten Schaumstoff-Mittelsohle erstklassige D\u00c3\u00a4mpfung bei jedem Schritt. Das konturierte Fu\u00c3\u0178bett sorgt f\u00c3\u00bcr optimale Unterst\u00c3\u00bctzung und macht die Slides perfekt zum [&hellip;]\" \/>\n<meta property=\"og:url\" content=\"https:\/\/tourcruiser.com\/de\/products\/women-nike-offcourt-slide-sail-pink-foam\/\" \/>\n<meta property=\"og:site_name\" content=\"Tourcruiser Sneaker Store\" \/>\n<meta name=\"twitter:card\" content=\"summary_large_image\" \/>\n<meta name=\"twitter:image\" content=\"https:\/\/images.novelship.com\/product\/_women__nike_offcourt_slide__sail_pink_foam__fq764_0_39586.jpeg\" \/>\n<meta name=\"twitter:label1\" content=\"Gesch\u00e4tzte Lesezeit\" \/>\n\t<meta name=\"twitter:data1\" content=\"1\u00a0Minute\" \/>\n<script type=\"application\/ld+json\" class=\"yoast-schema-graph\">{\"@context\":\"https:\/\/schema.org\",\"@graph\":[{\"@type\":\"WebPage\",\"@id\":\"https:\/\/tourcruiser.com\/de\/products\/women-nike-offcourt-slide-sail-pink-foam\/\",\"url\":\"https:\/\/tourcruiser.com\/de\/products\/women-nike-offcourt-slide-sail-pink-foam\/\",\"name\":\"(Women) Nike Offcourt Slide 'Sail Pink Foam' - Tourcruiser PTE. LTD\",\"isPartOf\":{\"@id\":\"https:\/\/tourcruiser.com\/de\/#website\"},\"primaryImageOfPage\":{\"@id\":\"https:\/\/tourcruiser.com\/de\/products\/women-nike-offcourt-slide-sail-pink-foam\/#primaryimage\"},\"image\":{\"@id\":\"https:\/\/tourcruiser.com\/de\/products\/women-nike-offcourt-slide-sail-pink-foam\/#primaryimage\"},\"thumbnailUrl\":\"https:\/\/images.novelship.com\/product\/_women__nike_offcourt_slide__sail_pink_foam__fq764_0_39586.jpeg\",\"datePublished\":\"2026-03-21T05:29:22+00:00\",\"breadcrumb\":{\"@id\":\"https:\/\/tourcruiser.com\/de\/products\/women-nike-offcourt-slide-sail-pink-foam\/#breadcrumb\"},\"inLanguage\":\"de\",\"potentialAction\":[{\"@type\":\"ReadAction\",\"target\":[\"https:\/\/tourcruiser.com\/de\/products\/women-nike-offcourt-slide-sail-pink-foam\/\"]}]},{\"@type\":\"ImageObject\",\"inLanguage\":\"de\",\"@id\":\"https:\/\/tourcruiser.com\/de\/products\/women-nike-offcourt-slide-sail-pink-foam\/#primaryimage\",\"url\":\"https:\/\/images.novelship.com\/product\/_women__nike_offcourt_slide__sail_pink_foam__fq764_0_39586.jpeg\",\"contentUrl\":\"https:\/\/images.novelship.com\/product\/_women__nike_offcourt_slide__sail_pink_foam__fq764_0_39586.jpeg\"},{\"@type\":\"BreadcrumbList\",\"@id\":\"https:\/\/tourcruiser.com\/de\/products\/women-nike-offcourt-slide-sail-pink-foam\/#breadcrumb\",\"itemListElement\":[{\"@type\":\"ListItem\",\"position\":1,\"name\":\"Home\",\"item\":\"https:\/\/tourcruiser.com\/de\/\"},{\"@type\":\"ListItem\",\"position\":2,\"name\":\"Shop\",\"item\":\"https:\/\/tourcruiser.com\/de\/shop\/\"},{\"@type\":\"ListItem\",\"position\":3,\"name\":\"(Women) Nike Offcourt Slide 'Sail Pink Foam'\"}]},{\"@type\":\"WebSite\",\"@id\":\"https:\/\/tourcruiser.com\/de\/#website\",\"url\":\"https:\/\/tourcruiser.com\/de\/\",\"name\":\"Styloral Jewelry Shop\",\"description\":\"Tourcruiser Sneaker Store \u2014 der Ort, an dem das Universum deine Einzigartigkeit trifft.\",\"publisher\":{\"@id\":\"https:\/\/tourcruiser.com\/de\/#organization\"},\"potentialAction\":[{\"@type\":\"SearchAction\",\"target\":{\"@type\":\"EntryPoint\",\"urlTemplate\":\"https:\/\/tourcruiser.com\/de\/?s={search_term_string}\"},\"query-input\":{\"@type\":\"PropertyValueSpecification\",\"valueRequired\":true,\"valueName\":\"search_term_string\"}}],\"inLanguage\":\"de\"},{\"@type\":\"Organization\",\"@id\":\"https:\/\/tourcruiser.com\/de\/#organization\",\"name\":\"STYLORAL PTE. LTD\",\"url\":\"https:\/\/tourcruiser.com\/de\/\",\"logo\":{\"@type\":\"ImageObject\",\"inLanguage\":\"de\",\"@id\":\"https:\/\/tourcruiser.com\/de\/#\/schema\/logo\/image\/\",\"url\":\"https:\/\/www.tourcruiser.com\/wp-content\/uploads\/2025\/12\/logo.png\",\"contentUrl\":\"https:\/\/www.tourcruiser.com\/wp-content\/uploads\/2025\/12\/logo.png\",\"width\":200,\"height\":65,\"caption\":\"STYLORAL PTE. LTD\"},\"image\":{\"@id\":\"https:\/\/tourcruiser.com\/de\/#\/schema\/logo\/image\/\"}}]}<\/script>\n<!-- \/ Yoast SEO plugin. -->","yoast_head_json":{"title":"(Women) Nike Offcourt Slide 'Sail Pink Foam' - Tourcruiser PTE. LTD","robots":{"index":"index","follow":"follow","max-snippet":"max-snippet:-1","max-image-preview":"max-image-preview:large","max-video-preview":"max-video-preview:-1"},"canonical":"https:\/\/tourcruiser.com\/de\/products\/women-nike-offcourt-slide-sail-pink-foam\/","og_locale":"de_DE","og_type":"article","og_title":"(Women) Nike Offcourt Slide 'Sail Pink Foam' - Tourcruiser PTE. LTD","og_description":"Erlebe ultimativen Komfort und Style mit den Nike Offcourt Slides f\u00c3\u00bcr Damen \u00e2\u20ac\u017eSail Pink Foam\u00e2\u20ac\u0153. Diese vielseitigen und modern designten Slides mit weichem Riemen und elegantem Farbmix aus Sail und Pink Foam bieten dank ihrer leichten Schaumstoff-Mittelsohle erstklassige D\u00c3\u00a4mpfung bei jedem Schritt. Das konturierte Fu\u00c3\u0178bett sorgt f\u00c3\u00bcr optimale Unterst\u00c3\u00bctzung und macht die Slides perfekt zum [&hellip;]","og_url":"https:\/\/tourcruiser.com\/de\/products\/women-nike-offcourt-slide-sail-pink-foam\/","og_site_name":"Tourcruiser Sneaker Store","twitter_card":"summary_large_image","twitter_image":"https:\/\/images.novelship.com\/product\/_women__nike_offcourt_slide__sail_pink_foam__fq764_0_39586.jpeg","twitter_misc":{"Gesch\u00e4tzte Lesezeit":"1\u00a0Minute"},"schema":{"@context":"https:\/\/schema.org","@graph":[{"@type":"WebPage","@id":"https:\/\/tourcruiser.com\/de\/products\/women-nike-offcourt-slide-sail-pink-foam\/","url":"https:\/\/tourcruiser.com\/de\/products\/women-nike-offcourt-slide-sail-pink-foam\/","name":"(Women) Nike Offcourt Slide 'Sail Pink Foam' - Tourcruiser PTE. LTD","isPartOf":{"@id":"https:\/\/tourcruiser.com\/de\/#website"},"primaryImageOfPage":{"@id":"https:\/\/tourcruiser.com\/de\/products\/women-nike-offcourt-slide-sail-pink-foam\/#primaryimage"},"image":{"@id":"https:\/\/tourcruiser.com\/de\/products\/women-nike-offcourt-slide-sail-pink-foam\/#primaryimage"},"thumbnailUrl":"https:\/\/images.novelship.com\/product\/_women__nike_offcourt_slide__sail_pink_foam__fq764_0_39586.jpeg","datePublished":"2026-03-21T05:29:22+00:00","breadcrumb":{"@id":"https:\/\/tourcruiser.com\/de\/products\/women-nike-offcourt-slide-sail-pink-foam\/#breadcrumb"},"inLanguage":"de","potentialAction":[{"@type":"ReadAction","target":["https:\/\/tourcruiser.com\/de\/products\/women-nike-offcourt-slide-sail-pink-foam\/"]}]},{"@type":"ImageObject","inLanguage":"de","@id":"https:\/\/tourcruiser.com\/de\/products\/women-nike-offcourt-slide-sail-pink-foam\/#primaryimage","url":"https:\/\/images.novelship.com\/product\/_women__nike_offcourt_slide__sail_pink_foam__fq764_0_39586.jpeg","contentUrl":"https:\/\/images.novelship.com\/product\/_women__nike_offcourt_slide__sail_pink_foam__fq764_0_39586.jpeg"},{"@type":"BreadcrumbList","@id":"https:\/\/tourcruiser.com\/de\/products\/women-nike-offcourt-slide-sail-pink-foam\/#breadcrumb","itemListElement":[{"@type":"ListItem","position":1,"name":"Home","item":"https:\/\/tourcruiser.com\/de\/"},{"@type":"ListItem","position":2,"name":"Shop","item":"https:\/\/tourcruiser.com\/de\/shop\/"},{"@type":"ListItem","position":3,"name":"(Women) Nike Offcourt Slide 'Sail Pink Foam'"}]},{"@type":"WebSite","@id":"https:\/\/tourcruiser.com\/de\/#website","url":"https:\/\/tourcruiser.com\/de\/","name":"Styloral Jewelry Shop","description":"Tourcruiser Sneaker Store \u2014 der Ort, an dem das Universum deine Einzigartigkeit trifft.","publisher":{"@id":"https:\/\/tourcruiser.com\/de\/#organization"},"potentialAction":[{"@type":"SearchAction","target":{"@type":"EntryPoint","urlTemplate":"https:\/\/tourcruiser.com\/de\/?s={search_term_string}"},"query-input":{"@type":"PropertyValueSpecification","valueRequired":true,"valueName":"search_term_string"}}],"inLanguage":"de"},{"@type":"Organization","@id":"https:\/\/tourcruiser.com\/de\/#organization","name":"STYLORAL PTE. LTD","url":"https:\/\/tourcruiser.com\/de\/","logo":{"@type":"ImageObject","inLanguage":"de","@id":"https:\/\/tourcruiser.com\/de\/#\/schema\/logo\/image\/","url":"https:\/\/www.tourcruiser.com\/wp-content\/uploads\/2025\/12\/logo.png","contentUrl":"https:\/\/www.tourcruiser.com\/wp-content\/uploads\/2025\/12\/logo.png","width":200,"height":65,"caption":"STYLORAL PTE. LTD"},"image":{"@id":"https:\/\/tourcruiser.com\/de\/#\/schema\/logo\/image\/"}}]}},"_links":{"self":[{"href":"https:\/\/tourcruiser.com\/de\/wp-json\/wp\/v2\/product\/470565","targetHints":{"allow":["GET"]}}],"collection":[{"href":"https:\/\/tourcruiser.com\/de\/wp-json\/wp\/v2\/product"}],"about":[{"href":"https:\/\/tourcruiser.com\/de\/wp-json\/wp\/v2\/types\/product"}],"replies":[{"embeddable":true,"href":"https:\/\/tourcruiser.com\/de\/wp-json\/wp\/v2\/comments?post=470565"}],"wp:featuredmedia":[{"embeddable":true,"href":"https:\/\/tourcruiser.com\/de\/wp-json\/wp\/v2\/media\/470566"}],"wp:attachment":[{"href":"https:\/\/tourcruiser.com\/de\/wp-json\/wp\/v2\/media?parent=470565"}],"wp:term":[{"taxonomy":"product_brand","embeddable":true,"href":"https:\/\/tourcruiser.com\/de\/wp-json\/wp\/v2\/product_brand?post=470565"},{"taxonomy":"product_cat","embeddable":true,"href":"https:\/\/tourcruiser.com\/de\/wp-json\/wp\/v2\/product_cat?post=470565"},{"taxonomy":"product_tag","embeddable":true,"href":"https:\/\/tourcruiser.com\/de\/wp-json\/wp\/v2\/product_tag?post=470565"}],"curies":[{"name":"wp","href":"https:\/\/api.w.org\/{rel}","templated":true}]}}