{"id":470412,"date":"2026-03-21T12:28:57","date_gmt":"2026-03-21T05:28:57","guid":{"rendered":"http:\/\/tourcruiser.com\/product\/nike-victori-one-slide-mix-cozy-non-slip-sports-black-red-sandals-red-black"},"modified":"2026-03-21T12:28:57","modified_gmt":"2026-03-21T05:28:57","slug":"nike-victori-one-slide-mix-cozy-non-slip-sports-black-red-sandals-red-black","status":"publish","type":"product","link":"https:\/\/tourcruiser.com\/de\/products\/nike-victori-one-slide-mix-cozy-non-slip-sports-black-red-sandals-red-black\/","title":{"rendered":"Nike Victori One Slide Mix Cozy Non-Slip Sports Black Red Sandals &#8218;Red Black&#8216;"},"content":{"rendered":"<p>Genie\u00c3\u0178en Sie unvergleichlichen Komfort und m\u00c3\u00bchelosen Style mit den Nike Victori One Slide Mix Cozy Non-Slip Sports Sandalen in Schwarz und Rot. Diese Sandalen bieten ein weiches, kuscheliges Futter, das Ihre F\u00c3\u00bc\u00c3\u0178e warm h\u00c3\u00a4lt, w\u00c3\u00a4hrend die rutschfeste Sohle f\u00c3\u00bcr sicheren Halt auf jedem Untergrund sorgt. Die lebendige Farbkombination aus Rot und Schwarz strahlt Selbstbewusstsein aus und macht diese Sandalen zu einem echten Hingucker, der jedes Freizeit- oder Sportoutfit perfekt erg\u00c3\u00a4nzt. Erleben Sie die perfekte Verbindung von Komfort und Style mit den Nike Victori One Slide Mix Cozy.<\/p>\n<ul>\n<li><strong>Farbgebung:<\/strong> Rot\/Schwarz<\/li>\n<li><strong>Artikelnummer:<\/strong> DD0234-600<\/li>\n<li><strong>Saison:<\/strong> Sommer<\/li>\n<\/ul>\n","protected":false},"excerpt":{"rendered":"<p>Genie\u00c3\u0178en Sie unvergleichlichen Komfort und m\u00c3\u00bchelosen Style mit den Nike Victori One Slide Mix Cozy Non-Slip Sports Sandalen in Schwarz und Rot. Diese Sandalen bieten ein weiches, kuscheliges Futter, das Ihre F\u00c3\u00bc\u00c3\u0178e warm h\u00c3\u00a4lt, w\u00c3\u00a4hrend die rutschfeste Sohle f\u00c3\u00bcr sicheren Halt auf jedem Untergrund sorgt. Die lebendige Farbkombination aus Rot und Schwarz strahlt Selbstbewusstsein aus [&hellip;]<\/p>\n","protected":false},"featured_media":470413,"comment_status":"open","ping_status":"closed","template":"","meta":[],"product_brand":[],"product_cat":[38842,10803,39306,40702],"product_tag":[40434,40446,40423,40424,10801,40438,10808,40427,40428,40429],"class_list":{"0":"post-470412","1":"product","2":"type-product","3":"status-publish","4":"has-post-thumbnail","6":"product_cat-gender-men","7":"product_cat-nike","8":"product_cat-slides","9":"product_cat-nike-victori-one-slide-mix-cozy","10":"product_tag-basketballschuhe","11":"product_tag-basketballschuhe-mit-kna-cheluntersta-tzung","12":"product_tag-geschenk-fa-r-ihn","13":"product_tag-lifestyle-freizeitschuhe","14":"product_tag-nike","15":"product_tag-performance-sportschuhe","16":"product_tag-slides","17":"product_tag-trendangebote","18":"product_tag-trendangebote-unter-150","19":"product_tag-unter-retailpreis","20":"wcpa_has_options","22":"first","23":"instock","24":"taxable","25":"shipping-taxable","26":"purchasable","27":"product-type-simple"},"wcpa_form_fields":{"rules":{"pric_overide_base_price":false,"pric_overide_base_price_if_gt_zero":false,"pric_overide_base_price_fully":false,"pric_cal_option_once":false,"pric_use_as_fee":false,"bind_quantity":false,"quantity_bind_formula":false},"fields":[{"type":"color-group","required":true,"elementId":"wcpa-color-group-66c4a75505e74","label":"Gr\u00f6\u00dfe - EU Gr\u00f6\u00dfe","inline":true,"priceOptions":"different_for_all","pricingType":"fixed","className":"hassizechart product-shoes-size-eu product-shoes-size","name":"color-group-66c4a75505e89","disp_type":"square","selection_type":"tick-border","disp_size":"44","show_label_inside":true,"adjust_width":true,"cart_display_type":"text","other_text":"Other","cl_rule":"show","col":6,"values":[{"label":"35.5","value":"EU 35.5","price":"","pimage":"","pimage_id":"","pthumb":"","color":""},{"label":"36","value":"EU 36","price":"","pimage":"","pimage_id":"","pthumb":"","color":"","selected":true},{"label":"36.5","value":"EU 36.5","price":"","pimage":"","pimage_id":"","pthumb":"","color":""},{"label":"37.5","value":"EU 37.5","price":"","pimage":"","pimage_id":"","pthumb":"","color":""},{"label":"38","value":"EU 38","price":"","pimage":"","pimage_id":"","pthumb":"","color":""},{"label":"38.5","value":"EU 38.5","price":"","pimage":"","pimage_id":"","pthumb":"","color":""},{"label":"39","value":"EU 39","price":"","pimage":"","pimage_id":"","pthumb":"","color":""},{"label":"40","value":"EU 40","price":"","pimage":"","pimage_id":"","pthumb":"","color":""},{"label":"40.5","value":"EU 40.5","price":"","pimage":"","pimage_id":"","pthumb":"","color":""},{"label":"41","value":"EU 41","price":"","pimage":"","pimage_id":"","pthumb":"","color":""},{"label":"42","value":"EU 42","price":"","pimage":"","pimage_id":"","pthumb":"","color":""},{"label":"42.5","value":"EU 42.5","price":"","pimage":"","pimage_id":"","pthumb":"","color":""},{"label":"43","value":"EU 43","price":"","pimage":"","pimage_id":"","pthumb":"","color":""},{"label":"44","value":"EU 44","price":"","pimage":"","pimage_id":"","pthumb":"","color":""},{"label":"44.5","value":"EU 44.5","price":"","pimage":"","pimage_id":"","pthumb":"","color":""},{"label":"45","value":"EU 45","price":"","pimage":"","pimage_id":"","pthumb":"","color":""},{"label":"45.5","value":"EU 45.5","price":"","pimage":"","pimage_id":"","pthumb":"","color":""},{"label":"46","value":"EU 46","price":"","pimage":"","pimage_id":"","pthumb":"","color":""},{"label":"47","value":"EU 47","price":"","pimage":"","pimage_id":"","pthumb":"","color":""},{"label":"47.5","value":"EU 47.5","price":"","pimage":"","pimage_id":"","pthumb":"","color":""},{"label":"48","value":"EU 48","price":"","pimage":"","pimage_id":"","pthumb":"","color":""}],"relations":[{"operator":false,"rules":[]}],"form_id":18106,"form_rules":{"pric_cal_option_once":false,"exclude_from_discount":false,"pric_use_as_fee":false,"fee_label":"Fee","render_after_acb":false,"disp_hide_options_price":false}}]},"yoast_head":"<!-- This site is optimized with the Yoast SEO plugin v26.5 - https:\/\/yoast.com\/wordpress\/plugins\/seo\/ -->\n<title>Nike Victori One Slide Mix Cozy Non-Slip Sports Black Red Sandals &#039;Red Black&#039; - Tourcruiser PTE. LTD<\/title>\n<meta name=\"robots\" content=\"index, follow, max-snippet:-1, max-image-preview:large, max-video-preview:-1\" \/>\n<link rel=\"canonical\" href=\"https:\/\/tourcruiser.com\/de\/products\/nike-victori-one-slide-mix-cozy-non-slip-sports-black-red-sandals-red-black\/\" \/>\n<meta property=\"og:locale\" content=\"de_DE\" \/>\n<meta property=\"og:type\" content=\"article\" \/>\n<meta property=\"og:title\" content=\"Nike Victori One Slide Mix Cozy Non-Slip Sports Black Red Sandals &#039;Red Black&#039; - Tourcruiser PTE. LTD\" \/>\n<meta property=\"og:description\" content=\"Genie\u00c3\u0178en Sie unvergleichlichen Komfort und m\u00c3\u00bchelosen Style mit den Nike Victori One Slide Mix Cozy Non-Slip Sports Sandalen in Schwarz und Rot. Diese Sandalen bieten ein weiches, kuscheliges Futter, das Ihre F\u00c3\u00bc\u00c3\u0178e warm h\u00c3\u00a4lt, w\u00c3\u00a4hrend die rutschfeste Sohle f\u00c3\u00bcr sicheren Halt auf jedem Untergrund sorgt. Die lebendige Farbkombination aus Rot und Schwarz strahlt Selbstbewusstsein aus [&hellip;]\" \/>\n<meta property=\"og:url\" content=\"https:\/\/tourcruiser.com\/de\/products\/nike-victori-one-slide-mix-cozy-non-slip-sports-black-red-sandals-red-black\/\" \/>\n<meta property=\"og:site_name\" content=\"Tourcruiser Sneaker Store\" \/>\n<meta name=\"twitter:card\" content=\"summary_large_image\" \/>\n<meta name=\"twitter:image\" content=\"https:\/\/images.novelship.com\/product\/nike_victori_one_slide_mix_cozy_non_slip_sports_bl_0_36331.jpeg\" \/>\n<meta name=\"twitter:label1\" content=\"Gesch\u00e4tzte Lesezeit\" \/>\n\t<meta name=\"twitter:data1\" content=\"1\u00a0Minute\" \/>\n<script type=\"application\/ld+json\" class=\"yoast-schema-graph\">{\"@context\":\"https:\/\/schema.org\",\"@graph\":[{\"@type\":\"WebPage\",\"@id\":\"https:\/\/tourcruiser.com\/de\/products\/nike-victori-one-slide-mix-cozy-non-slip-sports-black-red-sandals-red-black\/\",\"url\":\"https:\/\/tourcruiser.com\/de\/products\/nike-victori-one-slide-mix-cozy-non-slip-sports-black-red-sandals-red-black\/\",\"name\":\"Nike Victori One Slide Mix Cozy Non-Slip Sports Black Red Sandals 'Red Black' - Tourcruiser PTE. LTD\",\"isPartOf\":{\"@id\":\"https:\/\/tourcruiser.com\/de\/#website\"},\"primaryImageOfPage\":{\"@id\":\"https:\/\/tourcruiser.com\/de\/products\/nike-victori-one-slide-mix-cozy-non-slip-sports-black-red-sandals-red-black\/#primaryimage\"},\"image\":{\"@id\":\"https:\/\/tourcruiser.com\/de\/products\/nike-victori-one-slide-mix-cozy-non-slip-sports-black-red-sandals-red-black\/#primaryimage\"},\"thumbnailUrl\":\"https:\/\/images.novelship.com\/product\/nike_victori_one_slide_mix_cozy_non_slip_sports_bl_0_36331.jpeg\",\"datePublished\":\"2026-03-21T05:28:57+00:00\",\"breadcrumb\":{\"@id\":\"https:\/\/tourcruiser.com\/de\/products\/nike-victori-one-slide-mix-cozy-non-slip-sports-black-red-sandals-red-black\/#breadcrumb\"},\"inLanguage\":\"de\",\"potentialAction\":[{\"@type\":\"ReadAction\",\"target\":[\"https:\/\/tourcruiser.com\/de\/products\/nike-victori-one-slide-mix-cozy-non-slip-sports-black-red-sandals-red-black\/\"]}]},{\"@type\":\"ImageObject\",\"inLanguage\":\"de\",\"@id\":\"https:\/\/tourcruiser.com\/de\/products\/nike-victori-one-slide-mix-cozy-non-slip-sports-black-red-sandals-red-black\/#primaryimage\",\"url\":\"https:\/\/images.novelship.com\/product\/nike_victori_one_slide_mix_cozy_non_slip_sports_bl_0_36331.jpeg\",\"contentUrl\":\"https:\/\/images.novelship.com\/product\/nike_victori_one_slide_mix_cozy_non_slip_sports_bl_0_36331.jpeg\"},{\"@type\":\"BreadcrumbList\",\"@id\":\"https:\/\/tourcruiser.com\/de\/products\/nike-victori-one-slide-mix-cozy-non-slip-sports-black-red-sandals-red-black\/#breadcrumb\",\"itemListElement\":[{\"@type\":\"ListItem\",\"position\":1,\"name\":\"Home\",\"item\":\"https:\/\/tourcruiser.com\/de\/\"},{\"@type\":\"ListItem\",\"position\":2,\"name\":\"Shop\",\"item\":\"https:\/\/tourcruiser.com\/de\/shop\/\"},{\"@type\":\"ListItem\",\"position\":3,\"name\":\"Nike Victori One Slide Mix Cozy Non-Slip Sports Black Red Sandals 'Red Black'\"}]},{\"@type\":\"WebSite\",\"@id\":\"https:\/\/tourcruiser.com\/de\/#website\",\"url\":\"https:\/\/tourcruiser.com\/de\/\",\"name\":\"Styloral Jewelry Shop\",\"description\":\"Tourcruiser Sneaker Store \u2014 der Ort, an dem das Universum deine Einzigartigkeit trifft.\",\"publisher\":{\"@id\":\"https:\/\/tourcruiser.com\/de\/#organization\"},\"potentialAction\":[{\"@type\":\"SearchAction\",\"target\":{\"@type\":\"EntryPoint\",\"urlTemplate\":\"https:\/\/tourcruiser.com\/de\/?s={search_term_string}\"},\"query-input\":{\"@type\":\"PropertyValueSpecification\",\"valueRequired\":true,\"valueName\":\"search_term_string\"}}],\"inLanguage\":\"de\"},{\"@type\":\"Organization\",\"@id\":\"https:\/\/tourcruiser.com\/de\/#organization\",\"name\":\"STYLORAL PTE. LTD\",\"url\":\"https:\/\/tourcruiser.com\/de\/\",\"logo\":{\"@type\":\"ImageObject\",\"inLanguage\":\"de\",\"@id\":\"https:\/\/tourcruiser.com\/de\/#\/schema\/logo\/image\/\",\"url\":\"https:\/\/www.tourcruiser.com\/wp-content\/uploads\/2025\/12\/logo.png\",\"contentUrl\":\"https:\/\/www.tourcruiser.com\/wp-content\/uploads\/2025\/12\/logo.png\",\"width\":200,\"height\":65,\"caption\":\"STYLORAL PTE. LTD\"},\"image\":{\"@id\":\"https:\/\/tourcruiser.com\/de\/#\/schema\/logo\/image\/\"}}]}<\/script>\n<!-- \/ Yoast SEO plugin. -->","yoast_head_json":{"title":"Nike Victori One Slide Mix Cozy Non-Slip Sports Black Red Sandals 'Red Black' - Tourcruiser PTE. LTD","robots":{"index":"index","follow":"follow","max-snippet":"max-snippet:-1","max-image-preview":"max-image-preview:large","max-video-preview":"max-video-preview:-1"},"canonical":"https:\/\/tourcruiser.com\/de\/products\/nike-victori-one-slide-mix-cozy-non-slip-sports-black-red-sandals-red-black\/","og_locale":"de_DE","og_type":"article","og_title":"Nike Victori One Slide Mix Cozy Non-Slip Sports Black Red Sandals 'Red Black' - Tourcruiser PTE. LTD","og_description":"Genie\u00c3\u0178en Sie unvergleichlichen Komfort und m\u00c3\u00bchelosen Style mit den Nike Victori One Slide Mix Cozy Non-Slip Sports Sandalen in Schwarz und Rot. Diese Sandalen bieten ein weiches, kuscheliges Futter, das Ihre F\u00c3\u00bc\u00c3\u0178e warm h\u00c3\u00a4lt, w\u00c3\u00a4hrend die rutschfeste Sohle f\u00c3\u00bcr sicheren Halt auf jedem Untergrund sorgt. Die lebendige Farbkombination aus Rot und Schwarz strahlt Selbstbewusstsein aus [&hellip;]","og_url":"https:\/\/tourcruiser.com\/de\/products\/nike-victori-one-slide-mix-cozy-non-slip-sports-black-red-sandals-red-black\/","og_site_name":"Tourcruiser Sneaker Store","twitter_card":"summary_large_image","twitter_image":"https:\/\/images.novelship.com\/product\/nike_victori_one_slide_mix_cozy_non_slip_sports_bl_0_36331.jpeg","twitter_misc":{"Gesch\u00e4tzte Lesezeit":"1\u00a0Minute"},"schema":{"@context":"https:\/\/schema.org","@graph":[{"@type":"WebPage","@id":"https:\/\/tourcruiser.com\/de\/products\/nike-victori-one-slide-mix-cozy-non-slip-sports-black-red-sandals-red-black\/","url":"https:\/\/tourcruiser.com\/de\/products\/nike-victori-one-slide-mix-cozy-non-slip-sports-black-red-sandals-red-black\/","name":"Nike Victori One Slide Mix Cozy Non-Slip Sports Black Red Sandals 'Red Black' - Tourcruiser PTE. LTD","isPartOf":{"@id":"https:\/\/tourcruiser.com\/de\/#website"},"primaryImageOfPage":{"@id":"https:\/\/tourcruiser.com\/de\/products\/nike-victori-one-slide-mix-cozy-non-slip-sports-black-red-sandals-red-black\/#primaryimage"},"image":{"@id":"https:\/\/tourcruiser.com\/de\/products\/nike-victori-one-slide-mix-cozy-non-slip-sports-black-red-sandals-red-black\/#primaryimage"},"thumbnailUrl":"https:\/\/images.novelship.com\/product\/nike_victori_one_slide_mix_cozy_non_slip_sports_bl_0_36331.jpeg","datePublished":"2026-03-21T05:28:57+00:00","breadcrumb":{"@id":"https:\/\/tourcruiser.com\/de\/products\/nike-victori-one-slide-mix-cozy-non-slip-sports-black-red-sandals-red-black\/#breadcrumb"},"inLanguage":"de","potentialAction":[{"@type":"ReadAction","target":["https:\/\/tourcruiser.com\/de\/products\/nike-victori-one-slide-mix-cozy-non-slip-sports-black-red-sandals-red-black\/"]}]},{"@type":"ImageObject","inLanguage":"de","@id":"https:\/\/tourcruiser.com\/de\/products\/nike-victori-one-slide-mix-cozy-non-slip-sports-black-red-sandals-red-black\/#primaryimage","url":"https:\/\/images.novelship.com\/product\/nike_victori_one_slide_mix_cozy_non_slip_sports_bl_0_36331.jpeg","contentUrl":"https:\/\/images.novelship.com\/product\/nike_victori_one_slide_mix_cozy_non_slip_sports_bl_0_36331.jpeg"},{"@type":"BreadcrumbList","@id":"https:\/\/tourcruiser.com\/de\/products\/nike-victori-one-slide-mix-cozy-non-slip-sports-black-red-sandals-red-black\/#breadcrumb","itemListElement":[{"@type":"ListItem","position":1,"name":"Home","item":"https:\/\/tourcruiser.com\/de\/"},{"@type":"ListItem","position":2,"name":"Shop","item":"https:\/\/tourcruiser.com\/de\/shop\/"},{"@type":"ListItem","position":3,"name":"Nike Victori One Slide Mix Cozy Non-Slip Sports Black Red Sandals 'Red Black'"}]},{"@type":"WebSite","@id":"https:\/\/tourcruiser.com\/de\/#website","url":"https:\/\/tourcruiser.com\/de\/","name":"Styloral Jewelry Shop","description":"Tourcruiser Sneaker Store \u2014 der Ort, an dem das Universum deine Einzigartigkeit trifft.","publisher":{"@id":"https:\/\/tourcruiser.com\/de\/#organization"},"potentialAction":[{"@type":"SearchAction","target":{"@type":"EntryPoint","urlTemplate":"https:\/\/tourcruiser.com\/de\/?s={search_term_string}"},"query-input":{"@type":"PropertyValueSpecification","valueRequired":true,"valueName":"search_term_string"}}],"inLanguage":"de"},{"@type":"Organization","@id":"https:\/\/tourcruiser.com\/de\/#organization","name":"STYLORAL PTE. LTD","url":"https:\/\/tourcruiser.com\/de\/","logo":{"@type":"ImageObject","inLanguage":"de","@id":"https:\/\/tourcruiser.com\/de\/#\/schema\/logo\/image\/","url":"https:\/\/www.tourcruiser.com\/wp-content\/uploads\/2025\/12\/logo.png","contentUrl":"https:\/\/www.tourcruiser.com\/wp-content\/uploads\/2025\/12\/logo.png","width":200,"height":65,"caption":"STYLORAL PTE. LTD"},"image":{"@id":"https:\/\/tourcruiser.com\/de\/#\/schema\/logo\/image\/"}}]}},"_links":{"self":[{"href":"https:\/\/tourcruiser.com\/de\/wp-json\/wp\/v2\/product\/470412","targetHints":{"allow":["GET"]}}],"collection":[{"href":"https:\/\/tourcruiser.com\/de\/wp-json\/wp\/v2\/product"}],"about":[{"href":"https:\/\/tourcruiser.com\/de\/wp-json\/wp\/v2\/types\/product"}],"replies":[{"embeddable":true,"href":"https:\/\/tourcruiser.com\/de\/wp-json\/wp\/v2\/comments?post=470412"}],"wp:featuredmedia":[{"embeddable":true,"href":"https:\/\/tourcruiser.com\/de\/wp-json\/wp\/v2\/media\/470413"}],"wp:attachment":[{"href":"https:\/\/tourcruiser.com\/de\/wp-json\/wp\/v2\/media?parent=470412"}],"wp:term":[{"taxonomy":"product_brand","embeddable":true,"href":"https:\/\/tourcruiser.com\/de\/wp-json\/wp\/v2\/product_brand?post=470412"},{"taxonomy":"product_cat","embeddable":true,"href":"https:\/\/tourcruiser.com\/de\/wp-json\/wp\/v2\/product_cat?post=470412"},{"taxonomy":"product_tag","embeddable":true,"href":"https:\/\/tourcruiser.com\/de\/wp-json\/wp\/v2\/product_tag?post=470412"}],"curies":[{"name":"wp","href":"https:\/\/api.w.org\/{rel}","templated":true}]}}