{"id":469938,"date":"2026-03-21T12:27:19","date_gmt":"2026-03-21T05:27:19","guid":{"rendered":"http:\/\/tourcruiser.com\/product\/women-new-balance-200-series-flip-flop-dark-purple"},"modified":"2026-03-21T12:27:19","modified_gmt":"2026-03-21T05:27:19","slug":"women-new-balance-200-series-flip-flop-dark-purple","status":"publish","type":"product","link":"https:\/\/tourcruiser.com\/de\/products\/women-new-balance-200-series-flip-flop-dark-purple\/","title":{"rendered":"(Women) New Balance 200 Series Flip Flop &#8218;Dark Purple&#8216;"},"content":{"rendered":"<p>Genie\u00c3\u0178en Sie den m\u00c3\u00bchelosen Stil und Komfort der New Balance Flip-Flops der 200er-Serie in Dunkelviolett. Dank des weichen und st\u00c3\u00bctzenden Fu\u00c3\u0178betts passen sich diese Flip-Flops Ihren F\u00c3\u00bc\u00c3\u0178en perfekt an. Die robuste Verarbeitung garantiert lange Haltbarkeit, w\u00c3\u00a4hrend das klassische Design jedem Sommeroutfit zeitlose Eleganz verleiht. Ob am Pool, am Strand oder in der Freizeit \u00e2\u20ac\u201c diese Flip-Flops werten Ihren Schuhstil mit Stil und Komfort auf. G\u00c3\u00b6nnen Sie Ihren F\u00c3\u00bc\u00c3\u0178en eine wohlverdiente Auszeit mit den New Balance SWF200V1.<\/p>\n<p>Farbe: Dunkelviolett<br \/>\nArtikelnummer: SWF200V1<\/p>\n<p>Farbe: Dunkelviolett<\/p>\n","protected":false},"excerpt":{"rendered":"<p>Genie\u00c3\u0178en Sie den m\u00c3\u00bchelosen Stil und Komfort der New Balance Flip-Flops der 200er-Serie in Dunkelviolett. Dank des weichen und st\u00c3\u00bctzenden Fu\u00c3\u0178betts passen sich diese Flip-Flops Ihren F\u00c3\u00bc\u00c3\u0178en perfekt an. Die robuste Verarbeitung garantiert lange Haltbarkeit, w\u00c3\u00a4hrend das klassische Design jedem Sommeroutfit zeitlose Eleganz verleiht. Ob am Pool, am Strand oder in der Freizeit \u00e2\u20ac\u201c diese [&hellip;]<\/p>\n","protected":false},"featured_media":469939,"comment_status":"open","ping_status":"closed","template":"","meta":[],"product_brand":[],"product_cat":[40668,10771,39306,38854],"product_tag":[40449,40473,40421,40424,10766,10808,40427,40428,40429],"class_list":{"0":"post-469938","1":"product","2":"type-product","3":"status-publish","4":"has-post-thumbnail","6":"product_cat-new-balance-200-series-flip-flop","7":"product_cat-new-balance","8":"product_cat-slides","9":"product_cat-gender-women","10":"product_tag-beste-funde-unter-100","11":"product_tag-geschenk-fa-r-sie","12":"product_tag-la-ssige-sandalen","13":"product_tag-lifestyle-freizeitschuhe","14":"product_tag-new-balance","15":"product_tag-slides","16":"product_tag-trendangebote","17":"product_tag-trendangebote-unter-150","18":"product_tag-unter-retailpreis","19":"wcpa_has_options","21":"first","22":"instock","23":"taxable","24":"shipping-taxable","25":"purchasable","26":"product-type-simple"},"wcpa_form_fields":{"rules":{"pric_overide_base_price":false,"pric_overide_base_price_if_gt_zero":false,"pric_overide_base_price_fully":false,"pric_cal_option_once":false,"pric_use_as_fee":false,"bind_quantity":false,"quantity_bind_formula":false},"fields":[{"type":"color-group","required":true,"elementId":"wcpa-color-group-66c4a928225d2","label":"Gr\u00f6\u00dfe","inline":true,"priceOptions":"different_for_all","pricingType":"fixed","className":"hassizechart product-shoes-size-eu product-shoes-size","name":"color-group-66c4a928225e2","disp_type":"square","selection_type":"tick-border","disp_size":"50","show_label_inside":true,"adjust_width":true,"cart_display_type":"text","other_text":"Other","cl_rule":"show","col":6,"values":[{"label":"35","value":"EU 35","price":"","pimage":"","pimage_id":"","pthumb":"","color":""},{"label":"36","value":"EU 36","price":"","pimage":"","pimage_id":"","pthumb":"","color":"","selected":true},{"label":"37","value":"EU 37","price":"","pimage":"","pimage_id":"","pthumb":"","color":""},{"label":"37.5","value":"EU 37.5","price":"","pimage":"","pimage_id":"","pthumb":"","color":""},{"label":"38","value":"EU 38","price":"","pimage":"","pimage_id":"","pthumb":"","color":""},{"label":"38.5","value":"EU 38.5","price":"","pimage":"","pimage_id":"","pthumb":"","color":""},{"label":"39","value":"EU 39","price":"","pimage":"","pimage_id":"","pthumb":"","color":""},{"label":"39.5","value":"EU 39.5","price":"","pimage":"","pimage_id":"","pthumb":"","color":""},{"label":"40","value":"EU 40","price":"","pimage":"","pimage_id":"","pthumb":"","color":""},{"label":"40.5","value":"EU 40.5","price":"","pimage":"","pimage_id":"","pthumb":"","color":""},{"label":" 41.5","value":"EU 41.5","price":"","pimage":"","pimage_id":"","pthumb":"","color":""},{"label":"42","value":"EU 42","price":"","pimage":"","pimage_id":"","pthumb":"","color":""},{"label":"42.5","value":"EU 42.5","price":"","pimage":"","pimage_id":"","pthumb":"","color":""},{"label":"43","value":"EU 43","price":"","pimage":"","pimage_id":"","pthumb":"","color":""},{"label":"44","value":"EU 44","price":"","pimage":"","pimage_id":"","pthumb":"","color":""},{"label":"44.5","value":"EU 44.5","price":"","pimage":"","pimage_id":"","pthumb":"","color":""},{"label":"45","value":"EU 45","price":"","pimage":"","pimage_id":"","pthumb":"","color":""},{"label":"45.5","value":"EU 45.5","price":"","pimage":"","pimage_id":"","pthumb":"","color":""},{"label":"46","value":"EU 46","price":"","pimage":"","pimage_id":"","pthumb":"","color":""}],"relations":[{"operator":false,"rules":[]}],"form_id":24803,"form_rules":{"pric_cal_option_once":false,"exclude_from_discount":false,"pric_use_as_fee":false,"fee_label":"Fee","render_after_acb":false,"disp_hide_options_price":false}}]},"yoast_head":"<!-- This site is optimized with the Yoast SEO plugin v26.5 - https:\/\/yoast.com\/wordpress\/plugins\/seo\/ -->\n<title>(Women) New Balance 200 Series Flip Flop &#039;Dark Purple&#039; - Tourcruiser PTE. LTD<\/title>\n<meta name=\"robots\" content=\"index, follow, max-snippet:-1, max-image-preview:large, max-video-preview:-1\" \/>\n<link rel=\"canonical\" href=\"https:\/\/tourcruiser.com\/de\/products\/women-new-balance-200-series-flip-flop-dark-purple\/\" \/>\n<meta property=\"og:locale\" content=\"de_DE\" \/>\n<meta property=\"og:type\" content=\"article\" \/>\n<meta property=\"og:title\" content=\"(Women) New Balance 200 Series Flip Flop &#039;Dark Purple&#039; - Tourcruiser PTE. LTD\" \/>\n<meta property=\"og:description\" content=\"Genie\u00c3\u0178en Sie den m\u00c3\u00bchelosen Stil und Komfort der New Balance Flip-Flops der 200er-Serie in Dunkelviolett. Dank des weichen und st\u00c3\u00bctzenden Fu\u00c3\u0178betts passen sich diese Flip-Flops Ihren F\u00c3\u00bc\u00c3\u0178en perfekt an. Die robuste Verarbeitung garantiert lange Haltbarkeit, w\u00c3\u00a4hrend das klassische Design jedem Sommeroutfit zeitlose Eleganz verleiht. Ob am Pool, am Strand oder in der Freizeit \u00e2\u20ac\u201c diese [&hellip;]\" \/>\n<meta property=\"og:url\" content=\"https:\/\/tourcruiser.com\/de\/products\/women-new-balance-200-series-flip-flop-dark-purple\/\" \/>\n<meta property=\"og:site_name\" content=\"Tourcruiser Sneaker Store\" \/>\n<meta name=\"twitter:card\" content=\"summary_large_image\" \/>\n<meta name=\"twitter:image\" content=\"https:\/\/images.novelship.com\/product\/_women__new_balance_200_series_flip_flop__dark_pur_0_23264.jpeg\" \/>\n<script type=\"application\/ld+json\" class=\"yoast-schema-graph\">{\"@context\":\"https:\/\/schema.org\",\"@graph\":[{\"@type\":\"WebPage\",\"@id\":\"https:\/\/tourcruiser.com\/de\/products\/women-new-balance-200-series-flip-flop-dark-purple\/\",\"url\":\"https:\/\/tourcruiser.com\/de\/products\/women-new-balance-200-series-flip-flop-dark-purple\/\",\"name\":\"(Women) New Balance 200 Series Flip Flop 'Dark Purple' - Tourcruiser PTE. LTD\",\"isPartOf\":{\"@id\":\"https:\/\/tourcruiser.com\/de\/#website\"},\"primaryImageOfPage\":{\"@id\":\"https:\/\/tourcruiser.com\/de\/products\/women-new-balance-200-series-flip-flop-dark-purple\/#primaryimage\"},\"image\":{\"@id\":\"https:\/\/tourcruiser.com\/de\/products\/women-new-balance-200-series-flip-flop-dark-purple\/#primaryimage\"},\"thumbnailUrl\":\"https:\/\/images.novelship.com\/product\/_women__new_balance_200_series_flip_flop__dark_pur_0_23264.jpeg\",\"datePublished\":\"2026-03-21T05:27:19+00:00\",\"breadcrumb\":{\"@id\":\"https:\/\/tourcruiser.com\/de\/products\/women-new-balance-200-series-flip-flop-dark-purple\/#breadcrumb\"},\"inLanguage\":\"de\",\"potentialAction\":[{\"@type\":\"ReadAction\",\"target\":[\"https:\/\/tourcruiser.com\/de\/products\/women-new-balance-200-series-flip-flop-dark-purple\/\"]}]},{\"@type\":\"ImageObject\",\"inLanguage\":\"de\",\"@id\":\"https:\/\/tourcruiser.com\/de\/products\/women-new-balance-200-series-flip-flop-dark-purple\/#primaryimage\",\"url\":\"https:\/\/images.novelship.com\/product\/_women__new_balance_200_series_flip_flop__dark_pur_0_23264.jpeg\",\"contentUrl\":\"https:\/\/images.novelship.com\/product\/_women__new_balance_200_series_flip_flop__dark_pur_0_23264.jpeg\"},{\"@type\":\"BreadcrumbList\",\"@id\":\"https:\/\/tourcruiser.com\/de\/products\/women-new-balance-200-series-flip-flop-dark-purple\/#breadcrumb\",\"itemListElement\":[{\"@type\":\"ListItem\",\"position\":1,\"name\":\"Home\",\"item\":\"https:\/\/tourcruiser.com\/de\/\"},{\"@type\":\"ListItem\",\"position\":2,\"name\":\"Shop\",\"item\":\"https:\/\/tourcruiser.com\/de\/shop\/\"},{\"@type\":\"ListItem\",\"position\":3,\"name\":\"(Women) New Balance 200 Series Flip Flop 'Dark Purple'\"}]},{\"@type\":\"WebSite\",\"@id\":\"https:\/\/tourcruiser.com\/de\/#website\",\"url\":\"https:\/\/tourcruiser.com\/de\/\",\"name\":\"Styloral Jewelry Shop\",\"description\":\"Tourcruiser Sneaker Store \u2014 der Ort, an dem das Universum deine Einzigartigkeit trifft.\",\"publisher\":{\"@id\":\"https:\/\/tourcruiser.com\/de\/#organization\"},\"potentialAction\":[{\"@type\":\"SearchAction\",\"target\":{\"@type\":\"EntryPoint\",\"urlTemplate\":\"https:\/\/tourcruiser.com\/de\/?s={search_term_string}\"},\"query-input\":{\"@type\":\"PropertyValueSpecification\",\"valueRequired\":true,\"valueName\":\"search_term_string\"}}],\"inLanguage\":\"de\"},{\"@type\":\"Organization\",\"@id\":\"https:\/\/tourcruiser.com\/de\/#organization\",\"name\":\"STYLORAL PTE. LTD\",\"url\":\"https:\/\/tourcruiser.com\/de\/\",\"logo\":{\"@type\":\"ImageObject\",\"inLanguage\":\"de\",\"@id\":\"https:\/\/tourcruiser.com\/de\/#\/schema\/logo\/image\/\",\"url\":\"https:\/\/www.tourcruiser.com\/wp-content\/uploads\/2025\/12\/logo.png\",\"contentUrl\":\"https:\/\/www.tourcruiser.com\/wp-content\/uploads\/2025\/12\/logo.png\",\"width\":200,\"height\":65,\"caption\":\"STYLORAL PTE. LTD\"},\"image\":{\"@id\":\"https:\/\/tourcruiser.com\/de\/#\/schema\/logo\/image\/\"}}]}<\/script>\n<!-- \/ Yoast SEO plugin. -->","yoast_head_json":{"title":"(Women) New Balance 200 Series Flip Flop 'Dark Purple' - Tourcruiser PTE. LTD","robots":{"index":"index","follow":"follow","max-snippet":"max-snippet:-1","max-image-preview":"max-image-preview:large","max-video-preview":"max-video-preview:-1"},"canonical":"https:\/\/tourcruiser.com\/de\/products\/women-new-balance-200-series-flip-flop-dark-purple\/","og_locale":"de_DE","og_type":"article","og_title":"(Women) New Balance 200 Series Flip Flop 'Dark Purple' - Tourcruiser PTE. LTD","og_description":"Genie\u00c3\u0178en Sie den m\u00c3\u00bchelosen Stil und Komfort der New Balance Flip-Flops der 200er-Serie in Dunkelviolett. Dank des weichen und st\u00c3\u00bctzenden Fu\u00c3\u0178betts passen sich diese Flip-Flops Ihren F\u00c3\u00bc\u00c3\u0178en perfekt an. Die robuste Verarbeitung garantiert lange Haltbarkeit, w\u00c3\u00a4hrend das klassische Design jedem Sommeroutfit zeitlose Eleganz verleiht. Ob am Pool, am Strand oder in der Freizeit \u00e2\u20ac\u201c diese [&hellip;]","og_url":"https:\/\/tourcruiser.com\/de\/products\/women-new-balance-200-series-flip-flop-dark-purple\/","og_site_name":"Tourcruiser Sneaker Store","twitter_card":"summary_large_image","twitter_image":"https:\/\/images.novelship.com\/product\/_women__new_balance_200_series_flip_flop__dark_pur_0_23264.jpeg","schema":{"@context":"https:\/\/schema.org","@graph":[{"@type":"WebPage","@id":"https:\/\/tourcruiser.com\/de\/products\/women-new-balance-200-series-flip-flop-dark-purple\/","url":"https:\/\/tourcruiser.com\/de\/products\/women-new-balance-200-series-flip-flop-dark-purple\/","name":"(Women) New Balance 200 Series Flip Flop 'Dark Purple' - Tourcruiser PTE. LTD","isPartOf":{"@id":"https:\/\/tourcruiser.com\/de\/#website"},"primaryImageOfPage":{"@id":"https:\/\/tourcruiser.com\/de\/products\/women-new-balance-200-series-flip-flop-dark-purple\/#primaryimage"},"image":{"@id":"https:\/\/tourcruiser.com\/de\/products\/women-new-balance-200-series-flip-flop-dark-purple\/#primaryimage"},"thumbnailUrl":"https:\/\/images.novelship.com\/product\/_women__new_balance_200_series_flip_flop__dark_pur_0_23264.jpeg","datePublished":"2026-03-21T05:27:19+00:00","breadcrumb":{"@id":"https:\/\/tourcruiser.com\/de\/products\/women-new-balance-200-series-flip-flop-dark-purple\/#breadcrumb"},"inLanguage":"de","potentialAction":[{"@type":"ReadAction","target":["https:\/\/tourcruiser.com\/de\/products\/women-new-balance-200-series-flip-flop-dark-purple\/"]}]},{"@type":"ImageObject","inLanguage":"de","@id":"https:\/\/tourcruiser.com\/de\/products\/women-new-balance-200-series-flip-flop-dark-purple\/#primaryimage","url":"https:\/\/images.novelship.com\/product\/_women__new_balance_200_series_flip_flop__dark_pur_0_23264.jpeg","contentUrl":"https:\/\/images.novelship.com\/product\/_women__new_balance_200_series_flip_flop__dark_pur_0_23264.jpeg"},{"@type":"BreadcrumbList","@id":"https:\/\/tourcruiser.com\/de\/products\/women-new-balance-200-series-flip-flop-dark-purple\/#breadcrumb","itemListElement":[{"@type":"ListItem","position":1,"name":"Home","item":"https:\/\/tourcruiser.com\/de\/"},{"@type":"ListItem","position":2,"name":"Shop","item":"https:\/\/tourcruiser.com\/de\/shop\/"},{"@type":"ListItem","position":3,"name":"(Women) New Balance 200 Series Flip Flop 'Dark Purple'"}]},{"@type":"WebSite","@id":"https:\/\/tourcruiser.com\/de\/#website","url":"https:\/\/tourcruiser.com\/de\/","name":"Styloral Jewelry Shop","description":"Tourcruiser Sneaker Store \u2014 der Ort, an dem das Universum deine Einzigartigkeit trifft.","publisher":{"@id":"https:\/\/tourcruiser.com\/de\/#organization"},"potentialAction":[{"@type":"SearchAction","target":{"@type":"EntryPoint","urlTemplate":"https:\/\/tourcruiser.com\/de\/?s={search_term_string}"},"query-input":{"@type":"PropertyValueSpecification","valueRequired":true,"valueName":"search_term_string"}}],"inLanguage":"de"},{"@type":"Organization","@id":"https:\/\/tourcruiser.com\/de\/#organization","name":"STYLORAL PTE. LTD","url":"https:\/\/tourcruiser.com\/de\/","logo":{"@type":"ImageObject","inLanguage":"de","@id":"https:\/\/tourcruiser.com\/de\/#\/schema\/logo\/image\/","url":"https:\/\/www.tourcruiser.com\/wp-content\/uploads\/2025\/12\/logo.png","contentUrl":"https:\/\/www.tourcruiser.com\/wp-content\/uploads\/2025\/12\/logo.png","width":200,"height":65,"caption":"STYLORAL PTE. LTD"},"image":{"@id":"https:\/\/tourcruiser.com\/de\/#\/schema\/logo\/image\/"}}]}},"_links":{"self":[{"href":"https:\/\/tourcruiser.com\/de\/wp-json\/wp\/v2\/product\/469938","targetHints":{"allow":["GET"]}}],"collection":[{"href":"https:\/\/tourcruiser.com\/de\/wp-json\/wp\/v2\/product"}],"about":[{"href":"https:\/\/tourcruiser.com\/de\/wp-json\/wp\/v2\/types\/product"}],"replies":[{"embeddable":true,"href":"https:\/\/tourcruiser.com\/de\/wp-json\/wp\/v2\/comments?post=469938"}],"wp:featuredmedia":[{"embeddable":true,"href":"https:\/\/tourcruiser.com\/de\/wp-json\/wp\/v2\/media\/469939"}],"wp:attachment":[{"href":"https:\/\/tourcruiser.com\/de\/wp-json\/wp\/v2\/media?parent=469938"}],"wp:term":[{"taxonomy":"product_brand","embeddable":true,"href":"https:\/\/tourcruiser.com\/de\/wp-json\/wp\/v2\/product_brand?post=469938"},{"taxonomy":"product_cat","embeddable":true,"href":"https:\/\/tourcruiser.com\/de\/wp-json\/wp\/v2\/product_cat?post=469938"},{"taxonomy":"product_tag","embeddable":true,"href":"https:\/\/tourcruiser.com\/de\/wp-json\/wp\/v2\/product_tag?post=469938"}],"curies":[{"name":"wp","href":"https:\/\/api.w.org\/{rel}","templated":true}]}}