{"id":469903,"date":"2026-03-21T12:27:14","date_gmt":"2026-03-21T05:27:14","guid":{"rendered":"http:\/\/tourcruiser.com\/product\/custom-shoes-nike-court-borough-low-smog-starry-night"},"modified":"2026-03-21T12:27:14","modified_gmt":"2026-03-21T05:27:14","slug":"custom-shoes-nike-court-borough-low-smog-starry-night","status":"publish","type":"product","link":"https:\/\/tourcruiser.com\/de\/products\/custom-shoes-nike-court-borough-low-smog-starry-night\/","title":{"rendered":"[Custom Shoes] Nike Court Borough Low &#8218;Smog Starry Night&#8216;"},"content":{"rendered":"<p>Mit dem Nike Court Borough Low \u00e2\u20ac\u017eSmog Starry Night\u00e2\u20ac\u0153 verleihst du deinem Sneaker-Style das gewisse Etwas. Diese exklusiven Schuhe vereinen urbanen Charme mit himmlischer Sch\u00c3\u00b6nheit und bestechen durch ein einzigartiges, vom Smog inspiriertes Design vor einem sternenklaren Hintergrund. Sie sind auf Komfort und Style ausgelegt und bieten eine perfekte Passform, w\u00c3\u00a4hrend die strapazierf\u00c3\u00a4hige Au\u00c3\u0178ensohle f\u00c3\u00bcr hervorragende Traktion sorgt. Ob auf der Stra\u00c3\u0178e oder auf dem Court \u00e2\u20ac\u201c mit diesen Schuhen setzt du ein starkes Statement. Hebe dich mit jedem Schritt von der Masse ab \u00e2\u20ac\u201c dank der raffinierten Kombination aus Kunst und sportlicher Perfektion.<\/p>\n<ul>\n<li><strong>Style Code:<\/strong> BQ5448-100 (Team\u00e9\u2122\u2020-\u00e9\u203a\u00be\u00e9\u0153\u00be\u00e6\u02dc\u0178\u00e7\u00a9\u00baS-BOX)<\/li>\n<li><strong>Color:<\/strong> White<\/li>\n<\/ul>\n","protected":false},"excerpt":{"rendered":"<p>Mit dem Nike Court Borough Low \u00e2\u20ac\u017eSmog Starry Night\u00e2\u20ac\u0153 verleihst du deinem Sneaker-Style das gewisse Etwas. Diese exklusiven Schuhe vereinen urbanen Charme mit himmlischer Sch\u00c3\u00b6nheit und bestechen durch ein einzigartiges, vom Smog inspiriertes Design vor einem sternenklaren Hintergrund. Sie sind auf Komfort und Style ausgelegt und bieten eine perfekte Passform, w\u00c3\u00a4hrend die strapazierf\u00c3\u00a4hige Au\u00c3\u0178ensohle f\u00c3\u00bcr [&hellip;]<\/p>\n","protected":false},"featured_media":469904,"comment_status":"open","ping_status":"closed","template":"","meta":[],"product_brand":[],"product_cat":[40571,38878,38842,10803],"product_tag":[40434,40446,40423,40424,40569,40568,10801,40438,40427,40428,40429],"class_list":{"0":"post-469903","1":"product","2":"type-product","3":"status-publish","4":"has-post-thumbnail","6":"product_cat-nike-court-borough","7":"product_cat-lifestyle-shoes-basketball-inspired","8":"product_cat-gender-men","9":"product_cat-nike","10":"product_tag-basketballschuhe","11":"product_tag-basketballschuhe-mit-kna-cheluntersta-tzung","12":"product_tag-geschenk-fa-r-ihn","13":"product_tag-lifestyle-freizeitschuhe","14":"product_tag-lifestyle-schuhe-basketball-inspiriert","15":"product_tag-maaygeschneiderte-schuhe","16":"product_tag-nike","17":"product_tag-performance-sportschuhe","18":"product_tag-trendangebote","19":"product_tag-trendangebote-unter-150","20":"product_tag-unter-retailpreis","21":"wcpa_has_options","23":"first","24":"instock","25":"taxable","26":"shipping-taxable","27":"purchasable","28":"product-type-simple"},"wcpa_form_fields":{"rules":{"pric_overide_base_price":false,"pric_overide_base_price_if_gt_zero":false,"pric_overide_base_price_fully":false,"pric_cal_option_once":false,"pric_use_as_fee":false,"bind_quantity":false,"quantity_bind_formula":false},"fields":[{"type":"color-group","required":true,"elementId":"wcpa-color-group-66c4a75505e74","label":"Gr\u00f6\u00dfe - EU Gr\u00f6\u00dfe","inline":true,"priceOptions":"different_for_all","pricingType":"fixed","className":"hassizechart product-shoes-size-eu product-shoes-size","name":"color-group-66c4a75505e89","disp_type":"square","selection_type":"tick-border","disp_size":"44","show_label_inside":true,"adjust_width":true,"cart_display_type":"text","other_text":"Other","cl_rule":"show","col":6,"values":[{"label":"35.5","value":"EU 35.5","price":"","pimage":"","pimage_id":"","pthumb":"","color":""},{"label":"36","value":"EU 36","price":"","pimage":"","pimage_id":"","pthumb":"","color":"","selected":true},{"label":"36.5","value":"EU 36.5","price":"","pimage":"","pimage_id":"","pthumb":"","color":""},{"label":"37.5","value":"EU 37.5","price":"","pimage":"","pimage_id":"","pthumb":"","color":""},{"label":"38","value":"EU 38","price":"","pimage":"","pimage_id":"","pthumb":"","color":""},{"label":"38.5","value":"EU 38.5","price":"","pimage":"","pimage_id":"","pthumb":"","color":""},{"label":"39","value":"EU 39","price":"","pimage":"","pimage_id":"","pthumb":"","color":""},{"label":"40","value":"EU 40","price":"","pimage":"","pimage_id":"","pthumb":"","color":""},{"label":"40.5","value":"EU 40.5","price":"","pimage":"","pimage_id":"","pthumb":"","color":""},{"label":"41","value":"EU 41","price":"","pimage":"","pimage_id":"","pthumb":"","color":""},{"label":"42","value":"EU 42","price":"","pimage":"","pimage_id":"","pthumb":"","color":""},{"label":"42.5","value":"EU 42.5","price":"","pimage":"","pimage_id":"","pthumb":"","color":""},{"label":"43","value":"EU 43","price":"","pimage":"","pimage_id":"","pthumb":"","color":""},{"label":"44","value":"EU 44","price":"","pimage":"","pimage_id":"","pthumb":"","color":""},{"label":"44.5","value":"EU 44.5","price":"","pimage":"","pimage_id":"","pthumb":"","color":""},{"label":"45","value":"EU 45","price":"","pimage":"","pimage_id":"","pthumb":"","color":""},{"label":"45.5","value":"EU 45.5","price":"","pimage":"","pimage_id":"","pthumb":"","color":""},{"label":"46","value":"EU 46","price":"","pimage":"","pimage_id":"","pthumb":"","color":""},{"label":"47","value":"EU 47","price":"","pimage":"","pimage_id":"","pthumb":"","color":""},{"label":"47.5","value":"EU 47.5","price":"","pimage":"","pimage_id":"","pthumb":"","color":""},{"label":"48","value":"EU 48","price":"","pimage":"","pimage_id":"","pthumb":"","color":""}],"relations":[{"operator":false,"rules":[]}],"form_id":18106,"form_rules":{"pric_cal_option_once":false,"exclude_from_discount":false,"pric_use_as_fee":false,"fee_label":"Fee","render_after_acb":false,"disp_hide_options_price":false}}]},"yoast_head":"<!-- This site is optimized with the Yoast SEO plugin v26.5 - https:\/\/yoast.com\/wordpress\/plugins\/seo\/ -->\n<title>[Custom Shoes] Nike Court Borough Low &#039;Smog Starry Night&#039; - Tourcruiser PTE. LTD<\/title>\n<meta name=\"robots\" content=\"index, follow, max-snippet:-1, max-image-preview:large, max-video-preview:-1\" \/>\n<link rel=\"canonical\" href=\"https:\/\/tourcruiser.com\/\" \/>\n<meta property=\"og:locale\" content=\"de_DE\" \/>\n<meta property=\"og:type\" content=\"article\" \/>\n<meta property=\"og:title\" content=\"[Custom Shoes] Nike Court Borough Low &#039;Smog Starry Night&#039; - Tourcruiser PTE. LTD\" \/>\n<meta property=\"og:description\" content=\"Mit dem Nike Court Borough Low \u00e2\u20ac\u017eSmog Starry Night\u00e2\u20ac\u0153 verleihst du deinem Sneaker-Style das gewisse Etwas. Diese exklusiven Schuhe vereinen urbanen Charme mit himmlischer Sch\u00c3\u00b6nheit und bestechen durch ein einzigartiges, vom Smog inspiriertes Design vor einem sternenklaren Hintergrund. Sie sind auf Komfort und Style ausgelegt und bieten eine perfekte Passform, w\u00c3\u00a4hrend die strapazierf\u00c3\u00a4hige Au\u00c3\u0178ensohle f\u00c3\u00bcr [&hellip;]\" \/>\n<meta property=\"og:url\" content=\"\/\" \/>\n<meta property=\"og:site_name\" content=\"Tourcruiser Sneaker Store\" \/>\n<meta name=\"twitter:card\" content=\"summary_large_image\" \/>\n<meta name=\"twitter:image\" content=\"https:\/\/images.novelship.com\/product\/_custom_shoes__nike_court_borough_low__smog_starry_0_46598.jpeg\" \/>\n<meta name=\"twitter:label1\" content=\"Gesch\u00e4tzte Lesezeit\" \/>\n\t<meta name=\"twitter:data1\" content=\"1\u00a0Minute\" \/>\n<script type=\"application\/ld+json\" class=\"yoast-schema-graph\">{\"@context\":\"https:\/\/schema.org\",\"@graph\":[{\"@type\":\"WebPage\",\"@id\":\"\/\",\"url\":\"https:\/\/tourcruiser.com\/\",\"name\":\"[Custom Shoes] Nike Court Borough Low 'Smog Starry Night' - Tourcruiser PTE. LTD\",\"isPartOf\":{\"@id\":\"https:\/\/tourcruiser.com\/de\/#website\"},\"primaryImageOfPage\":{\"@id\":\"https:\/\/tourcruiser.com\/#primaryimage\"},\"image\":{\"@id\":\"https:\/\/tourcruiser.com\/#primaryimage\"},\"thumbnailUrl\":\"https:\/\/images.novelship.com\/product\/_custom_shoes__nike_court_borough_low__smog_starry_0_46598.jpeg\",\"datePublished\":\"2026-03-21T05:27:14+00:00\",\"breadcrumb\":{\"@id\":\"https:\/\/tourcruiser.com\/#breadcrumb\"},\"inLanguage\":\"de\",\"potentialAction\":[{\"@type\":\"ReadAction\",\"target\":[\"https:\/\/tourcruiser.com\/\"]}]},{\"@type\":\"ImageObject\",\"inLanguage\":\"de\",\"@id\":\"https:\/\/tourcruiser.com\/#primaryimage\",\"url\":\"https:\/\/images.novelship.com\/product\/_custom_shoes__nike_court_borough_low__smog_starry_0_46598.jpeg\",\"contentUrl\":\"https:\/\/images.novelship.com\/product\/_custom_shoes__nike_court_borough_low__smog_starry_0_46598.jpeg\"},{\"@type\":\"BreadcrumbList\",\"@id\":\"https:\/\/tourcruiser.com\/#breadcrumb\",\"itemListElement\":[{\"@type\":\"ListItem\",\"position\":1,\"name\":\"Home\",\"item\":\"https:\/\/tourcruiser.com\/de\/\"},{\"@type\":\"ListItem\",\"position\":2,\"name\":\"Shop\",\"item\":\"https:\/\/tourcruiser.com\/de\/shop\/\"},{\"@type\":\"ListItem\",\"position\":3,\"name\":\"[Custom Shoes] Nike Court Borough Low &#8218;Smog Starry Night&#8216;\"}]},{\"@type\":\"WebSite\",\"@id\":\"https:\/\/tourcruiser.com\/de\/#website\",\"url\":\"https:\/\/tourcruiser.com\/de\/\",\"name\":\"Styloral Jewelry Shop\",\"description\":\"Tourcruiser Sneaker Store \u2014 der Ort, an dem das Universum deine Einzigartigkeit trifft.\",\"publisher\":{\"@id\":\"https:\/\/tourcruiser.com\/de\/#organization\"},\"potentialAction\":[{\"@type\":\"SearchAction\",\"target\":{\"@type\":\"EntryPoint\",\"urlTemplate\":\"https:\/\/tourcruiser.com\/de\/?s={search_term_string}\"},\"query-input\":{\"@type\":\"PropertyValueSpecification\",\"valueRequired\":true,\"valueName\":\"search_term_string\"}}],\"inLanguage\":\"de\"},{\"@type\":\"Organization\",\"@id\":\"https:\/\/tourcruiser.com\/de\/#organization\",\"name\":\"STYLORAL PTE. LTD\",\"url\":\"https:\/\/tourcruiser.com\/de\/\",\"logo\":{\"@type\":\"ImageObject\",\"inLanguage\":\"de\",\"@id\":\"https:\/\/tourcruiser.com\/de\/#\/schema\/logo\/image\/\",\"url\":\"https:\/\/www.tourcruiser.com\/wp-content\/uploads\/2025\/12\/logo.png\",\"contentUrl\":\"https:\/\/www.tourcruiser.com\/wp-content\/uploads\/2025\/12\/logo.png\",\"width\":200,\"height\":65,\"caption\":\"STYLORAL PTE. LTD\"},\"image\":{\"@id\":\"https:\/\/tourcruiser.com\/de\/#\/schema\/logo\/image\/\"}}]}<\/script>\n<!-- \/ Yoast SEO plugin. -->","yoast_head_json":{"title":"[Custom Shoes] Nike Court Borough Low 'Smog Starry Night' - Tourcruiser PTE. LTD","robots":{"index":"index","follow":"follow","max-snippet":"max-snippet:-1","max-image-preview":"max-image-preview:large","max-video-preview":"max-video-preview:-1"},"canonical":"https:\/\/tourcruiser.com\/","og_locale":"de_DE","og_type":"article","og_title":"[Custom Shoes] Nike Court Borough Low 'Smog Starry Night' - Tourcruiser PTE. LTD","og_description":"Mit dem Nike Court Borough Low \u00e2\u20ac\u017eSmog Starry Night\u00e2\u20ac\u0153 verleihst du deinem Sneaker-Style das gewisse Etwas. Diese exklusiven Schuhe vereinen urbanen Charme mit himmlischer Sch\u00c3\u00b6nheit und bestechen durch ein einzigartiges, vom Smog inspiriertes Design vor einem sternenklaren Hintergrund. Sie sind auf Komfort und Style ausgelegt und bieten eine perfekte Passform, w\u00c3\u00a4hrend die strapazierf\u00c3\u00a4hige Au\u00c3\u0178ensohle f\u00c3\u00bcr [&hellip;]","og_url":"\/","og_site_name":"Tourcruiser Sneaker Store","twitter_card":"summary_large_image","twitter_image":"https:\/\/images.novelship.com\/product\/_custom_shoes__nike_court_borough_low__smog_starry_0_46598.jpeg","twitter_misc":{"Gesch\u00e4tzte Lesezeit":"1\u00a0Minute"},"schema":{"@context":"https:\/\/schema.org","@graph":[{"@type":"WebPage","@id":"\/","url":"https:\/\/tourcruiser.com\/","name":"[Custom Shoes] Nike Court Borough Low 'Smog Starry Night' - Tourcruiser PTE. LTD","isPartOf":{"@id":"https:\/\/tourcruiser.com\/de\/#website"},"primaryImageOfPage":{"@id":"https:\/\/tourcruiser.com\/#primaryimage"},"image":{"@id":"https:\/\/tourcruiser.com\/#primaryimage"},"thumbnailUrl":"https:\/\/images.novelship.com\/product\/_custom_shoes__nike_court_borough_low__smog_starry_0_46598.jpeg","datePublished":"2026-03-21T05:27:14+00:00","breadcrumb":{"@id":"https:\/\/tourcruiser.com\/#breadcrumb"},"inLanguage":"de","potentialAction":[{"@type":"ReadAction","target":["https:\/\/tourcruiser.com\/"]}]},{"@type":"ImageObject","inLanguage":"de","@id":"https:\/\/tourcruiser.com\/#primaryimage","url":"https:\/\/images.novelship.com\/product\/_custom_shoes__nike_court_borough_low__smog_starry_0_46598.jpeg","contentUrl":"https:\/\/images.novelship.com\/product\/_custom_shoes__nike_court_borough_low__smog_starry_0_46598.jpeg"},{"@type":"BreadcrumbList","@id":"https:\/\/tourcruiser.com\/#breadcrumb","itemListElement":[{"@type":"ListItem","position":1,"name":"Home","item":"https:\/\/tourcruiser.com\/de\/"},{"@type":"ListItem","position":2,"name":"Shop","item":"https:\/\/tourcruiser.com\/de\/shop\/"},{"@type":"ListItem","position":3,"name":"[Custom Shoes] Nike Court Borough Low &#8218;Smog Starry Night&#8216;"}]},{"@type":"WebSite","@id":"https:\/\/tourcruiser.com\/de\/#website","url":"https:\/\/tourcruiser.com\/de\/","name":"Styloral Jewelry Shop","description":"Tourcruiser Sneaker Store \u2014 der Ort, an dem das Universum deine Einzigartigkeit trifft.","publisher":{"@id":"https:\/\/tourcruiser.com\/de\/#organization"},"potentialAction":[{"@type":"SearchAction","target":{"@type":"EntryPoint","urlTemplate":"https:\/\/tourcruiser.com\/de\/?s={search_term_string}"},"query-input":{"@type":"PropertyValueSpecification","valueRequired":true,"valueName":"search_term_string"}}],"inLanguage":"de"},{"@type":"Organization","@id":"https:\/\/tourcruiser.com\/de\/#organization","name":"STYLORAL PTE. LTD","url":"https:\/\/tourcruiser.com\/de\/","logo":{"@type":"ImageObject","inLanguage":"de","@id":"https:\/\/tourcruiser.com\/de\/#\/schema\/logo\/image\/","url":"https:\/\/www.tourcruiser.com\/wp-content\/uploads\/2025\/12\/logo.png","contentUrl":"https:\/\/www.tourcruiser.com\/wp-content\/uploads\/2025\/12\/logo.png","width":200,"height":65,"caption":"STYLORAL PTE. LTD"},"image":{"@id":"https:\/\/tourcruiser.com\/de\/#\/schema\/logo\/image\/"}}]}},"_links":{"self":[{"href":"https:\/\/tourcruiser.com\/de\/wp-json\/wp\/v2\/product\/469903","targetHints":{"allow":["GET"]}}],"collection":[{"href":"https:\/\/tourcruiser.com\/de\/wp-json\/wp\/v2\/product"}],"about":[{"href":"https:\/\/tourcruiser.com\/de\/wp-json\/wp\/v2\/types\/product"}],"replies":[{"embeddable":true,"href":"https:\/\/tourcruiser.com\/de\/wp-json\/wp\/v2\/comments?post=469903"}],"wp:featuredmedia":[{"embeddable":true,"href":"https:\/\/tourcruiser.com\/de\/wp-json\/wp\/v2\/media\/469904"}],"wp:attachment":[{"href":"https:\/\/tourcruiser.com\/de\/wp-json\/wp\/v2\/media?parent=469903"}],"wp:term":[{"taxonomy":"product_brand","embeddable":true,"href":"https:\/\/tourcruiser.com\/de\/wp-json\/wp\/v2\/product_brand?post=469903"},{"taxonomy":"product_cat","embeddable":true,"href":"https:\/\/tourcruiser.com\/de\/wp-json\/wp\/v2\/product_cat?post=469903"},{"taxonomy":"product_tag","embeddable":true,"href":"https:\/\/tourcruiser.com\/de\/wp-json\/wp\/v2\/product_tag?post=469903"}],"curies":[{"name":"wp","href":"https:\/\/api.w.org\/{rel}","templated":true}]}}