{"id":469851,"date":"2026-03-21T12:27:08","date_gmt":"2026-03-21T05:27:08","guid":{"rendered":"http:\/\/tourcruiser.com\/product\/custom-shoes-women-nike-dunk-low-magpie-new-chinese-coffee-dyed-double-swoosh-white-brown"},"modified":"2026-03-21T12:27:08","modified_gmt":"2026-03-21T05:27:08","slug":"custom-shoes-women-nike-dunk-low-magpie-new-chinese-coffee-dyed-double-swoosh-white-brown","status":"publish","type":"product","link":"https:\/\/tourcruiser.com\/de\/products\/custom-shoes-women-nike-dunk-low-magpie-new-chinese-coffee-dyed-double-swoosh-white-brown\/","title":{"rendered":"[Custom Shoes] (Women) Nike Dunk Low &#8218;Magpie New Chinese Coffee Dyed Double Swoosh White Brown&#8216;"},"content":{"rendered":"<p>Verleihe deinem Style mit dem Nike Dunk Low \u00e2\u20ac\u017eMagpie New Chinese Coffee Dyed Double Swoosh White Brown\u00e2\u20ac\u0153, exklusiv f\u00c3\u00bcr Damen, das gewisse Extra. Diese individuellen Schuhe bestechen durch ein einzigartiges, kaffeefarbenes Muster, das perfekt durch den doppelten Swoosh in Wei\u00c3\u0178 und Braun erg\u00c3\u00a4nzt wird. Die harmonische Kombination aus satten, erdigen T\u00c3\u00b6nen verleiht jedem Outfit Eleganz. Diese Sneaker sind auf Komfort und Langlebigkeit ausgelegt und vereinen Tradition und modernen Stil. Mit diesem auff\u00c3\u00a4lligen Schuhwerk zeigst du Selbstbewusstsein und setzt bei jedem Schritt ein Statement.<\/p>\n<ul>\n<li><strong>Style Code:<\/strong> DH9765-102 (Team22-\u00e4\u00b8\u0192\u00e5\u00a4\u2022\u00e5\u2019\u2013\u00e5\u2022\u00a1\u00e6\u0178\u201cA-BOX)<\/li>\n<li><strong>Color:<\/strong> Beige<\/li>\n<\/ul>\n","protected":false},"excerpt":{"rendered":"<p>Verleihe deinem Style mit dem Nike Dunk Low \u00e2\u20ac\u017eMagpie New Chinese Coffee Dyed Double Swoosh White Brown\u00e2\u20ac\u0153, exklusiv f\u00c3\u00bcr Damen, das gewisse Extra. Diese individuellen Schuhe bestechen durch ein einzigartiges, kaffeefarbenes Muster, das perfekt durch den doppelten Swoosh in Wei\u00c3\u0178 und Braun erg\u00c3\u00a4nzt wird. Die harmonische Kombination aus satten, erdigen T\u00c3\u00b6nen verleiht jedem Outfit Eleganz. [&hellip;]<\/p>\n","protected":false},"featured_media":469852,"comment_status":"open","ping_status":"closed","template":"","meta":[],"product_brand":[],"product_cat":[38974,38966,10803,38854],"product_tag":[40473,40424,40569,40578,40568,10801,40429],"class_list":{"0":"post-469851","1":"product","2":"type-product","3":"status-publish","4":"has-post-thumbnail","6":"product_cat-nike-dunk-low","7":"product_cat-lifestyle-shoes-skateboarding-inspired","8":"product_cat-nike","9":"product_cat-gender-women","10":"product_tag-geschenk-fa-r-sie","11":"product_tag-lifestyle-freizeitschuhe","12":"product_tag-lifestyle-schuhe-basketball-inspiriert","13":"product_tag-lifestyle-schuhe-skateboarding-inspiriert","14":"product_tag-maaygeschneiderte-schuhe","15":"product_tag-nike","16":"product_tag-unter-retailpreis","17":"wcpa_has_options","19":"first","20":"instock","21":"taxable","22":"shipping-taxable","23":"purchasable","24":"product-type-simple"},"wcpa_form_fields":{"rules":{"pric_overide_base_price":false,"pric_overide_base_price_if_gt_zero":false,"pric_overide_base_price_fully":false,"pric_cal_option_once":false,"pric_use_as_fee":false,"bind_quantity":false,"quantity_bind_formula":false},"fields":[{"type":"color-group","required":true,"elementId":"wcpa-color-group-66c4a75505e74","label":"Gr\u00f6\u00dfe - EU Gr\u00f6\u00dfe","inline":true,"priceOptions":"different_for_all","pricingType":"fixed","className":"hassizechart product-shoes-size-eu product-shoes-size","name":"color-group-66c4a75505e89","disp_type":"square","selection_type":"tick-border","disp_size":"44","show_label_inside":true,"adjust_width":true,"cart_display_type":"text","other_text":"Other","cl_rule":"show","col":6,"values":[{"label":"35.5","value":"EU 35.5","price":"","pimage":"","pimage_id":"","pthumb":"","color":""},{"label":"36","value":"EU 36","price":"","pimage":"","pimage_id":"","pthumb":"","color":"","selected":true},{"label":"36.5","value":"EU 36.5","price":"","pimage":"","pimage_id":"","pthumb":"","color":""},{"label":"37.5","value":"EU 37.5","price":"","pimage":"","pimage_id":"","pthumb":"","color":""},{"label":"38","value":"EU 38","price":"","pimage":"","pimage_id":"","pthumb":"","color":""},{"label":"38.5","value":"EU 38.5","price":"","pimage":"","pimage_id":"","pthumb":"","color":""},{"label":"39","value":"EU 39","price":"","pimage":"","pimage_id":"","pthumb":"","color":""},{"label":"40","value":"EU 40","price":"","pimage":"","pimage_id":"","pthumb":"","color":""},{"label":"40.5","value":"EU 40.5","price":"","pimage":"","pimage_id":"","pthumb":"","color":""},{"label":"41","value":"EU 41","price":"","pimage":"","pimage_id":"","pthumb":"","color":""},{"label":"42","value":"EU 42","price":"","pimage":"","pimage_id":"","pthumb":"","color":""},{"label":"42.5","value":"EU 42.5","price":"","pimage":"","pimage_id":"","pthumb":"","color":""},{"label":"43","value":"EU 43","price":"","pimage":"","pimage_id":"","pthumb":"","color":""},{"label":"44","value":"EU 44","price":"","pimage":"","pimage_id":"","pthumb":"","color":""},{"label":"44.5","value":"EU 44.5","price":"","pimage":"","pimage_id":"","pthumb":"","color":""},{"label":"45","value":"EU 45","price":"","pimage":"","pimage_id":"","pthumb":"","color":""},{"label":"45.5","value":"EU 45.5","price":"","pimage":"","pimage_id":"","pthumb":"","color":""},{"label":"46","value":"EU 46","price":"","pimage":"","pimage_id":"","pthumb":"","color":""},{"label":"47","value":"EU 47","price":"","pimage":"","pimage_id":"","pthumb":"","color":""},{"label":"47.5","value":"EU 47.5","price":"","pimage":"","pimage_id":"","pthumb":"","color":""},{"label":"48","value":"EU 48","price":"","pimage":"","pimage_id":"","pthumb":"","color":""}],"relations":[{"operator":false,"rules":[]}],"form_id":18106,"form_rules":{"pric_cal_option_once":false,"exclude_from_discount":false,"pric_use_as_fee":false,"fee_label":"Fee","render_after_acb":false,"disp_hide_options_price":false}}]},"yoast_head":"<!-- This site is optimized with the Yoast SEO plugin v26.5 - https:\/\/yoast.com\/wordpress\/plugins\/seo\/ -->\n<title>[Custom Shoes] (Women) Nike Dunk Low &#039;Magpie New Chinese Coffee Dyed Double Swoosh White Brown&#039; - Tourcruiser PTE. LTD<\/title>\n<meta name=\"robots\" content=\"index, follow, max-snippet:-1, max-image-preview:large, max-video-preview:-1\" \/>\n<link rel=\"canonical\" href=\"https:\/\/tourcruiser.com\/\" \/>\n<meta property=\"og:locale\" content=\"de_DE\" \/>\n<meta property=\"og:type\" content=\"article\" \/>\n<meta property=\"og:title\" content=\"[Custom Shoes] (Women) Nike Dunk Low &#039;Magpie New Chinese Coffee Dyed Double Swoosh White Brown&#039; - Tourcruiser PTE. LTD\" \/>\n<meta property=\"og:description\" content=\"Verleihe deinem Style mit dem Nike Dunk Low \u00e2\u20ac\u017eMagpie New Chinese Coffee Dyed Double Swoosh White Brown\u00e2\u20ac\u0153, exklusiv f\u00c3\u00bcr Damen, das gewisse Extra. Diese individuellen Schuhe bestechen durch ein einzigartiges, kaffeefarbenes Muster, das perfekt durch den doppelten Swoosh in Wei\u00c3\u0178 und Braun erg\u00c3\u00a4nzt wird. Die harmonische Kombination aus satten, erdigen T\u00c3\u00b6nen verleiht jedem Outfit Eleganz. [&hellip;]\" \/>\n<meta property=\"og:url\" content=\"\/\" \/>\n<meta property=\"og:site_name\" content=\"Tourcruiser Sneaker Store\" \/>\n<meta name=\"twitter:card\" content=\"summary_large_image\" \/>\n<meta name=\"twitter:image\" content=\"https:\/\/images.novelship.com\/product\/_custom_shoes___women__nike_dunk_low__magpie_new_c_0_86878.jpeg\" \/>\n<script type=\"application\/ld+json\" class=\"yoast-schema-graph\">{\"@context\":\"https:\/\/schema.org\",\"@graph\":[{\"@type\":\"WebPage\",\"@id\":\"\/\",\"url\":\"https:\/\/tourcruiser.com\/\",\"name\":\"[Custom Shoes] (Women) Nike Dunk Low 'Magpie New Chinese Coffee Dyed Double Swoosh White Brown' - Tourcruiser PTE. LTD\",\"isPartOf\":{\"@id\":\"https:\/\/tourcruiser.com\/de\/#website\"},\"primaryImageOfPage\":{\"@id\":\"https:\/\/tourcruiser.com\/#primaryimage\"},\"image\":{\"@id\":\"https:\/\/tourcruiser.com\/#primaryimage\"},\"thumbnailUrl\":\"https:\/\/images.novelship.com\/product\/_custom_shoes___women__nike_dunk_low__magpie_new_c_0_86878.jpeg\",\"datePublished\":\"2026-03-21T05:27:08+00:00\",\"breadcrumb\":{\"@id\":\"https:\/\/tourcruiser.com\/#breadcrumb\"},\"inLanguage\":\"de\",\"potentialAction\":[{\"@type\":\"ReadAction\",\"target\":[\"https:\/\/tourcruiser.com\/\"]}]},{\"@type\":\"ImageObject\",\"inLanguage\":\"de\",\"@id\":\"https:\/\/tourcruiser.com\/#primaryimage\",\"url\":\"https:\/\/images.novelship.com\/product\/_custom_shoes___women__nike_dunk_low__magpie_new_c_0_86878.jpeg\",\"contentUrl\":\"https:\/\/images.novelship.com\/product\/_custom_shoes___women__nike_dunk_low__magpie_new_c_0_86878.jpeg\"},{\"@type\":\"BreadcrumbList\",\"@id\":\"https:\/\/tourcruiser.com\/#breadcrumb\",\"itemListElement\":[{\"@type\":\"ListItem\",\"position\":1,\"name\":\"Home\",\"item\":\"https:\/\/tourcruiser.com\/de\/\"},{\"@type\":\"ListItem\",\"position\":2,\"name\":\"Shop\",\"item\":\"https:\/\/tourcruiser.com\/de\/shop\/\"},{\"@type\":\"ListItem\",\"position\":3,\"name\":\"[Custom Shoes] (Women) Nike Dunk Low &#8218;Magpie New Chinese Coffee Dyed Double Swoosh White Brown&#8216;\"}]},{\"@type\":\"WebSite\",\"@id\":\"https:\/\/tourcruiser.com\/de\/#website\",\"url\":\"https:\/\/tourcruiser.com\/de\/\",\"name\":\"Styloral Jewelry Shop\",\"description\":\"Tourcruiser Sneaker Store \u2014 der Ort, an dem das Universum deine Einzigartigkeit trifft.\",\"publisher\":{\"@id\":\"https:\/\/tourcruiser.com\/de\/#organization\"},\"potentialAction\":[{\"@type\":\"SearchAction\",\"target\":{\"@type\":\"EntryPoint\",\"urlTemplate\":\"https:\/\/tourcruiser.com\/de\/?s={search_term_string}\"},\"query-input\":{\"@type\":\"PropertyValueSpecification\",\"valueRequired\":true,\"valueName\":\"search_term_string\"}}],\"inLanguage\":\"de\"},{\"@type\":\"Organization\",\"@id\":\"https:\/\/tourcruiser.com\/de\/#organization\",\"name\":\"STYLORAL PTE. LTD\",\"url\":\"https:\/\/tourcruiser.com\/de\/\",\"logo\":{\"@type\":\"ImageObject\",\"inLanguage\":\"de\",\"@id\":\"https:\/\/tourcruiser.com\/de\/#\/schema\/logo\/image\/\",\"url\":\"https:\/\/www.tourcruiser.com\/wp-content\/uploads\/2025\/12\/logo.png\",\"contentUrl\":\"https:\/\/www.tourcruiser.com\/wp-content\/uploads\/2025\/12\/logo.png\",\"width\":200,\"height\":65,\"caption\":\"STYLORAL PTE. LTD\"},\"image\":{\"@id\":\"https:\/\/tourcruiser.com\/de\/#\/schema\/logo\/image\/\"}}]}<\/script>\n<!-- \/ Yoast SEO plugin. -->","yoast_head_json":{"title":"[Custom Shoes] (Women) Nike Dunk Low 'Magpie New Chinese Coffee Dyed Double Swoosh White Brown' - Tourcruiser PTE. LTD","robots":{"index":"index","follow":"follow","max-snippet":"max-snippet:-1","max-image-preview":"max-image-preview:large","max-video-preview":"max-video-preview:-1"},"canonical":"https:\/\/tourcruiser.com\/","og_locale":"de_DE","og_type":"article","og_title":"[Custom Shoes] (Women) Nike Dunk Low 'Magpie New Chinese Coffee Dyed Double Swoosh White Brown' - Tourcruiser PTE. LTD","og_description":"Verleihe deinem Style mit dem Nike Dunk Low \u00e2\u20ac\u017eMagpie New Chinese Coffee Dyed Double Swoosh White Brown\u00e2\u20ac\u0153, exklusiv f\u00c3\u00bcr Damen, das gewisse Extra. Diese individuellen Schuhe bestechen durch ein einzigartiges, kaffeefarbenes Muster, das perfekt durch den doppelten Swoosh in Wei\u00c3\u0178 und Braun erg\u00c3\u00a4nzt wird. Die harmonische Kombination aus satten, erdigen T\u00c3\u00b6nen verleiht jedem Outfit Eleganz. [&hellip;]","og_url":"\/","og_site_name":"Tourcruiser Sneaker Store","twitter_card":"summary_large_image","twitter_image":"https:\/\/images.novelship.com\/product\/_custom_shoes___women__nike_dunk_low__magpie_new_c_0_86878.jpeg","schema":{"@context":"https:\/\/schema.org","@graph":[{"@type":"WebPage","@id":"\/","url":"https:\/\/tourcruiser.com\/","name":"[Custom Shoes] (Women) Nike Dunk Low 'Magpie New Chinese Coffee Dyed Double Swoosh White Brown' - Tourcruiser PTE. LTD","isPartOf":{"@id":"https:\/\/tourcruiser.com\/de\/#website"},"primaryImageOfPage":{"@id":"https:\/\/tourcruiser.com\/#primaryimage"},"image":{"@id":"https:\/\/tourcruiser.com\/#primaryimage"},"thumbnailUrl":"https:\/\/images.novelship.com\/product\/_custom_shoes___women__nike_dunk_low__magpie_new_c_0_86878.jpeg","datePublished":"2026-03-21T05:27:08+00:00","breadcrumb":{"@id":"https:\/\/tourcruiser.com\/#breadcrumb"},"inLanguage":"de","potentialAction":[{"@type":"ReadAction","target":["https:\/\/tourcruiser.com\/"]}]},{"@type":"ImageObject","inLanguage":"de","@id":"https:\/\/tourcruiser.com\/#primaryimage","url":"https:\/\/images.novelship.com\/product\/_custom_shoes___women__nike_dunk_low__magpie_new_c_0_86878.jpeg","contentUrl":"https:\/\/images.novelship.com\/product\/_custom_shoes___women__nike_dunk_low__magpie_new_c_0_86878.jpeg"},{"@type":"BreadcrumbList","@id":"https:\/\/tourcruiser.com\/#breadcrumb","itemListElement":[{"@type":"ListItem","position":1,"name":"Home","item":"https:\/\/tourcruiser.com\/de\/"},{"@type":"ListItem","position":2,"name":"Shop","item":"https:\/\/tourcruiser.com\/de\/shop\/"},{"@type":"ListItem","position":3,"name":"[Custom Shoes] (Women) Nike Dunk Low &#8218;Magpie New Chinese Coffee Dyed Double Swoosh White Brown&#8216;"}]},{"@type":"WebSite","@id":"https:\/\/tourcruiser.com\/de\/#website","url":"https:\/\/tourcruiser.com\/de\/","name":"Styloral Jewelry Shop","description":"Tourcruiser Sneaker Store \u2014 der Ort, an dem das Universum deine Einzigartigkeit trifft.","publisher":{"@id":"https:\/\/tourcruiser.com\/de\/#organization"},"potentialAction":[{"@type":"SearchAction","target":{"@type":"EntryPoint","urlTemplate":"https:\/\/tourcruiser.com\/de\/?s={search_term_string}"},"query-input":{"@type":"PropertyValueSpecification","valueRequired":true,"valueName":"search_term_string"}}],"inLanguage":"de"},{"@type":"Organization","@id":"https:\/\/tourcruiser.com\/de\/#organization","name":"STYLORAL PTE. LTD","url":"https:\/\/tourcruiser.com\/de\/","logo":{"@type":"ImageObject","inLanguage":"de","@id":"https:\/\/tourcruiser.com\/de\/#\/schema\/logo\/image\/","url":"https:\/\/www.tourcruiser.com\/wp-content\/uploads\/2025\/12\/logo.png","contentUrl":"https:\/\/www.tourcruiser.com\/wp-content\/uploads\/2025\/12\/logo.png","width":200,"height":65,"caption":"STYLORAL PTE. LTD"},"image":{"@id":"https:\/\/tourcruiser.com\/de\/#\/schema\/logo\/image\/"}}]}},"_links":{"self":[{"href":"https:\/\/tourcruiser.com\/de\/wp-json\/wp\/v2\/product\/469851","targetHints":{"allow":["GET"]}}],"collection":[{"href":"https:\/\/tourcruiser.com\/de\/wp-json\/wp\/v2\/product"}],"about":[{"href":"https:\/\/tourcruiser.com\/de\/wp-json\/wp\/v2\/types\/product"}],"replies":[{"embeddable":true,"href":"https:\/\/tourcruiser.com\/de\/wp-json\/wp\/v2\/comments?post=469851"}],"wp:featuredmedia":[{"embeddable":true,"href":"https:\/\/tourcruiser.com\/de\/wp-json\/wp\/v2\/media\/469852"}],"wp:attachment":[{"href":"https:\/\/tourcruiser.com\/de\/wp-json\/wp\/v2\/media?parent=469851"}],"wp:term":[{"taxonomy":"product_brand","embeddable":true,"href":"https:\/\/tourcruiser.com\/de\/wp-json\/wp\/v2\/product_brand?post=469851"},{"taxonomy":"product_cat","embeddable":true,"href":"https:\/\/tourcruiser.com\/de\/wp-json\/wp\/v2\/product_cat?post=469851"},{"taxonomy":"product_tag","embeddable":true,"href":"https:\/\/tourcruiser.com\/de\/wp-json\/wp\/v2\/product_tag?post=469851"}],"curies":[{"name":"wp","href":"https:\/\/api.w.org\/{rel}","templated":true}]}}