{"id":469566,"date":"2026-03-21T12:26:04","date_gmt":"2026-03-21T05:26:04","guid":{"rendered":"http:\/\/tourcruiser.com\/product\/custom-shoes-adidas-neo-vl-court-811-cream-yellow-black-meteor"},"modified":"2026-03-21T12:26:04","modified_gmt":"2026-03-21T05:26:04","slug":"custom-shoes-adidas-neo-vl-court-811-cream-yellow-black-meteor","status":"publish","type":"product","link":"https:\/\/tourcruiser.com\/de\/products\/custom-shoes-adidas-neo-vl-court-811-cream-yellow-black-meteor\/","title":{"rendered":"[Custom Shoes] adidas Neo Vl Court 811 &#8218;Cream Yellow Black Meteor&#8216;"},"content":{"rendered":"<p>Mit den adidas Neo Vl Court 811 \u00e2\u20ac\u017eCream Yellow Black Meteor\u00e2\u20ac\u0153 setzt du ein modisches Statement. Diese einzigartigen Sneaker vereinen Komfort und Style und bestechen durch eine auff\u00c3\u00a4llige cremefarbene Basis mit markanten schwarzen Meteor-Akzenten. Die gepolsterte Innensohle und die strapazierf\u00c3\u00a4hige Gummiau\u00c3\u0178ensohle garantieren ganzt\u00c3\u00a4gigen Tragekomfort und optimalen Halt. Perfekt f\u00c3\u00bcr alle, die Wert auf klassische adidas Qualit\u00c3\u00a4t und modernes Design legen. Hol dir jetzt deinen Sneaker-Style!<\/p>\n<ul>\n<li><strong>Style Code:<\/strong> ID6017(Team80-\u00e7\u201d\u00b7\u00e5\u00a5\u00b3\u00e5\u0090\u0152\u00e6\u00ac\u00be\u00e7\u00a5\u02c6\u00e6\u201e\u00bf\u00e6\u02dc\u0178)<\/li>\n<li><strong>Color:<\/strong> Black<\/li>\n<\/ul>\n","protected":false},"excerpt":{"rendered":"<p>Mit den adidas Neo Vl Court 811 \u00e2\u20ac\u017eCream Yellow Black Meteor\u00e2\u20ac\u0153 setzt du ein modisches Statement. Diese einzigartigen Sneaker vereinen Komfort und Style und bestechen durch eine auff\u00c3\u00a4llige cremefarbene Basis mit markanten schwarzen Meteor-Akzenten. Die gepolsterte Innensohle und die strapazierf\u00c3\u00a4hige Gummiau\u00c3\u0178ensohle garantieren ganzt\u00c3\u00a4gigen Tragekomfort und optimalen Halt. Perfekt f\u00c3\u00bcr alle, die Wert auf klassische adidas [&hellip;]<\/p>\n","protected":false},"featured_media":469567,"comment_status":"open","ping_status":"closed","template":"","meta":[],"product_brand":[],"product_cat":[10760,38945,40629,38941],"product_tag":[10759,40592,40430,40537,40424,40538,40568,40429],"class_list":{"0":"post-469566","1":"product","2":"type-product","3":"status-publish","4":"has-post-thumbnail","6":"product_cat-adidas","7":"product_cat-lifestyle-shoes-tennis-inspired","8":"product_cat-adidas-neo-vl-court-811","9":"product_cat-gender-unisex","10":"product_tag-adidas","11":"product_tag-adidas-maaygeschneiderte-schuhe","12":"product_tag-athleisure-schuhe","13":"product_tag-klassische-court-schuhe","14":"product_tag-lifestyle-freizeitschuhe","15":"product_tag-lifestyle-schuhe-tennis-inspiriert","16":"product_tag-maaygeschneiderte-schuhe","17":"product_tag-unter-retailpreis","18":"wcpa_has_options","20":"first","21":"instock","22":"taxable","23":"shipping-taxable","24":"purchasable","25":"product-type-simple"},"wcpa_form_fields":{"rules":{"pric_overide_base_price":false,"pric_overide_base_price_if_gt_zero":false,"pric_overide_base_price_fully":false,"pric_cal_option_once":false,"pric_use_as_fee":false,"bind_quantity":false,"quantity_bind_formula":false},"fields":[{"type":"color-group","required":true,"elementId":"wcpa-color-group-66c4a7f817afe","label":"Gr\u00f6\u00dfe","inline":true,"priceOptions":"different_for_all","pricingType":"fixed","className":"hassizechart product-shoes-size-eu product-shoes-size","name":"color-group-66c4a7f817b18","disp_type":"square","selection_type":"tick-border","disp_size":"50","show_label_inside":true,"adjust_width":true,"cart_display_type":"text","other_text":"Other","cl_rule":"show","col":6,"values":[{"label":"35","value":"EU 35","price":"","pimage":"","pimage_id":"","pthumb":"","color":""},{"label":"35.5","value":"EU 35.5","price":"","pimage":"","pimage_id":"","pthumb":"","color":""},{"label":"36","value":"EU 36","price":"","pimage":"","pimage_id":"","pthumb":"","color":"","selected":true},{"label":"36 2\/3","value":"EU 36 2\/3","price":"","pimage":"","pimage_id":"","pthumb":"","color":""},{"label":"37 1\/3","value":"EU 37 1\/3","price":"","pimage":"","pimage_id":"","pthumb":"","color":""},{"label":"38","value":"EU 38","price":"","pimage":"","pimage_id":"","pthumb":"","color":""},{"label":"38 2\/3","value":"EU 38 2\/3","price":"","pimage":"","pimage_id":"","pthumb":"","color":""},{"label":"39 1\/3","value":"EU 39 1\/3","price":"","pimage":"","pimage_id":"","pthumb":"","color":""},{"label":"40","value":"EU 40","price":"","pimage":"","pimage_id":"","pthumb":"","color":""},{"label":"40 2\/3","value":"EU 40 2\/3","price":"","pimage":"","pimage_id":"","pthumb":"","color":""},{"label":"41 1\/3","value":"EU 41 1\/3","price":"","pimage":"","pimage_id":"","pthumb":"","color":""},{"label":"42","value":"EU 42","price":"","pimage":"","pimage_id":"","pthumb":"","color":""},{"label":"42 2\/3","value":"EU 42 2\/3","price":"","pimage":"","pimage_id":"","pthumb":"","color":""},{"label":"43 1\/3","value":"EU 43 1\/3","price":"","pimage":"","pimage_id":"","pthumb":"","color":""},{"label":"44","value":"EU 44","price":"","pimage":"","pimage_id":"","pthumb":"","color":""},{"label":"44 2\/3","value":"EU 44 2\/3","price":"","pimage":"","pimage_id":"","pthumb":"","color":""},{"label":"45 1\/3","value":"EU 45 1\/3","price":"","pimage":"","pimage_id":"","pthumb":"","color":""},{"label":"46","value":"EU 46","price":"","pimage":"","pimage_id":"","pthumb":"","color":""},{"label":"46 2\/3","value":"EU 46 2\/3","price":"","pimage":"","pimage_id":"","pthumb":"","color":""},{"label":"47 1\/3","value":"EU 47 1\/3","price":"","pimage":"","pimage_id":"","pthumb":"","color":""}],"relations":[{"operator":false,"rules":[]}],"form_id":24802,"form_rules":{"pric_cal_option_once":false,"exclude_from_discount":false,"pric_use_as_fee":false,"fee_label":"Fee","render_after_acb":false,"disp_hide_options_price":false}}]},"yoast_head":"<!-- This site is optimized with the Yoast SEO plugin v26.5 - https:\/\/yoast.com\/wordpress\/plugins\/seo\/ -->\n<title>[Custom Shoes] adidas Neo Vl Court 811 &#039;Cream Yellow Black Meteor&#039; - Tourcruiser PTE. LTD<\/title>\n<meta name=\"robots\" content=\"index, follow, max-snippet:-1, max-image-preview:large, max-video-preview:-1\" \/>\n<link rel=\"canonical\" href=\"https:\/\/tourcruiser.com\/de\/products\/custom-shoes-adidas-neo-vl-court-811-cream-yellow-black-meteor\/\" \/>\n<meta property=\"og:locale\" content=\"de_DE\" \/>\n<meta property=\"og:type\" content=\"article\" \/>\n<meta property=\"og:title\" content=\"[Custom Shoes] adidas Neo Vl Court 811 &#039;Cream Yellow Black Meteor&#039; - Tourcruiser PTE. LTD\" \/>\n<meta property=\"og:description\" content=\"Mit den adidas Neo Vl Court 811 \u00e2\u20ac\u017eCream Yellow Black Meteor\u00e2\u20ac\u0153 setzt du ein modisches Statement. Diese einzigartigen Sneaker vereinen Komfort und Style und bestechen durch eine auff\u00c3\u00a4llige cremefarbene Basis mit markanten schwarzen Meteor-Akzenten. Die gepolsterte Innensohle und die strapazierf\u00c3\u00a4hige Gummiau\u00c3\u0178ensohle garantieren ganzt\u00c3\u00a4gigen Tragekomfort und optimalen Halt. Perfekt f\u00c3\u00bcr alle, die Wert auf klassische adidas [&hellip;]\" \/>\n<meta property=\"og:url\" content=\"https:\/\/tourcruiser.com\/de\/products\/custom-shoes-adidas-neo-vl-court-811-cream-yellow-black-meteor\/\" \/>\n<meta property=\"og:site_name\" content=\"Tourcruiser Sneaker Store\" \/>\n<meta name=\"twitter:card\" content=\"summary_large_image\" \/>\n<meta name=\"twitter:image\" content=\"https:\/\/images.novelship.com\/product\/_custom_shoes__adidas_neo_vl_court_811__cream_yell_0_78561.jpeg\" \/>\n<script type=\"application\/ld+json\" class=\"yoast-schema-graph\">{\"@context\":\"https:\/\/schema.org\",\"@graph\":[{\"@type\":\"WebPage\",\"@id\":\"https:\/\/tourcruiser.com\/de\/products\/custom-shoes-adidas-neo-vl-court-811-cream-yellow-black-meteor\/\",\"url\":\"https:\/\/tourcruiser.com\/de\/products\/custom-shoes-adidas-neo-vl-court-811-cream-yellow-black-meteor\/\",\"name\":\"[Custom Shoes] adidas Neo Vl Court 811 'Cream Yellow Black Meteor' - Tourcruiser PTE. LTD\",\"isPartOf\":{\"@id\":\"https:\/\/tourcruiser.com\/de\/#website\"},\"primaryImageOfPage\":{\"@id\":\"https:\/\/tourcruiser.com\/de\/products\/custom-shoes-adidas-neo-vl-court-811-cream-yellow-black-meteor\/#primaryimage\"},\"image\":{\"@id\":\"https:\/\/tourcruiser.com\/de\/products\/custom-shoes-adidas-neo-vl-court-811-cream-yellow-black-meteor\/#primaryimage\"},\"thumbnailUrl\":\"https:\/\/images.novelship.com\/product\/_custom_shoes__adidas_neo_vl_court_811__cream_yell_0_78561.jpeg\",\"datePublished\":\"2026-03-21T05:26:04+00:00\",\"breadcrumb\":{\"@id\":\"https:\/\/tourcruiser.com\/de\/products\/custom-shoes-adidas-neo-vl-court-811-cream-yellow-black-meteor\/#breadcrumb\"},\"inLanguage\":\"de\",\"potentialAction\":[{\"@type\":\"ReadAction\",\"target\":[\"https:\/\/tourcruiser.com\/de\/products\/custom-shoes-adidas-neo-vl-court-811-cream-yellow-black-meteor\/\"]}]},{\"@type\":\"ImageObject\",\"inLanguage\":\"de\",\"@id\":\"https:\/\/tourcruiser.com\/de\/products\/custom-shoes-adidas-neo-vl-court-811-cream-yellow-black-meteor\/#primaryimage\",\"url\":\"https:\/\/images.novelship.com\/product\/_custom_shoes__adidas_neo_vl_court_811__cream_yell_0_78561.jpeg\",\"contentUrl\":\"https:\/\/images.novelship.com\/product\/_custom_shoes__adidas_neo_vl_court_811__cream_yell_0_78561.jpeg\"},{\"@type\":\"BreadcrumbList\",\"@id\":\"https:\/\/tourcruiser.com\/de\/products\/custom-shoes-adidas-neo-vl-court-811-cream-yellow-black-meteor\/#breadcrumb\",\"itemListElement\":[{\"@type\":\"ListItem\",\"position\":1,\"name\":\"Home\",\"item\":\"https:\/\/tourcruiser.com\/de\/\"},{\"@type\":\"ListItem\",\"position\":2,\"name\":\"Shop\",\"item\":\"https:\/\/tourcruiser.com\/de\/shop\/\"},{\"@type\":\"ListItem\",\"position\":3,\"name\":\"[Custom Shoes] adidas Neo Vl Court 811 'Cream Yellow Black Meteor'\"}]},{\"@type\":\"WebSite\",\"@id\":\"https:\/\/tourcruiser.com\/de\/#website\",\"url\":\"https:\/\/tourcruiser.com\/de\/\",\"name\":\"Styloral Jewelry Shop\",\"description\":\"Tourcruiser Sneaker Store \u2014 der Ort, an dem das Universum deine Einzigartigkeit trifft.\",\"publisher\":{\"@id\":\"https:\/\/tourcruiser.com\/de\/#organization\"},\"potentialAction\":[{\"@type\":\"SearchAction\",\"target\":{\"@type\":\"EntryPoint\",\"urlTemplate\":\"https:\/\/tourcruiser.com\/de\/?s={search_term_string}\"},\"query-input\":{\"@type\":\"PropertyValueSpecification\",\"valueRequired\":true,\"valueName\":\"search_term_string\"}}],\"inLanguage\":\"de\"},{\"@type\":\"Organization\",\"@id\":\"https:\/\/tourcruiser.com\/de\/#organization\",\"name\":\"STYLORAL PTE. LTD\",\"url\":\"https:\/\/tourcruiser.com\/de\/\",\"logo\":{\"@type\":\"ImageObject\",\"inLanguage\":\"de\",\"@id\":\"https:\/\/tourcruiser.com\/de\/#\/schema\/logo\/image\/\",\"url\":\"https:\/\/www.tourcruiser.com\/wp-content\/uploads\/2025\/12\/logo.png\",\"contentUrl\":\"https:\/\/www.tourcruiser.com\/wp-content\/uploads\/2025\/12\/logo.png\",\"width\":200,\"height\":65,\"caption\":\"STYLORAL PTE. LTD\"},\"image\":{\"@id\":\"https:\/\/tourcruiser.com\/de\/#\/schema\/logo\/image\/\"}}]}<\/script>\n<!-- \/ Yoast SEO plugin. -->","yoast_head_json":{"title":"[Custom Shoes] adidas Neo Vl Court 811 'Cream Yellow Black Meteor' - Tourcruiser PTE. LTD","robots":{"index":"index","follow":"follow","max-snippet":"max-snippet:-1","max-image-preview":"max-image-preview:large","max-video-preview":"max-video-preview:-1"},"canonical":"https:\/\/tourcruiser.com\/de\/products\/custom-shoes-adidas-neo-vl-court-811-cream-yellow-black-meteor\/","og_locale":"de_DE","og_type":"article","og_title":"[Custom Shoes] adidas Neo Vl Court 811 'Cream Yellow Black Meteor' - Tourcruiser PTE. LTD","og_description":"Mit den adidas Neo Vl Court 811 \u00e2\u20ac\u017eCream Yellow Black Meteor\u00e2\u20ac\u0153 setzt du ein modisches Statement. Diese einzigartigen Sneaker vereinen Komfort und Style und bestechen durch eine auff\u00c3\u00a4llige cremefarbene Basis mit markanten schwarzen Meteor-Akzenten. Die gepolsterte Innensohle und die strapazierf\u00c3\u00a4hige Gummiau\u00c3\u0178ensohle garantieren ganzt\u00c3\u00a4gigen Tragekomfort und optimalen Halt. Perfekt f\u00c3\u00bcr alle, die Wert auf klassische adidas [&hellip;]","og_url":"https:\/\/tourcruiser.com\/de\/products\/custom-shoes-adidas-neo-vl-court-811-cream-yellow-black-meteor\/","og_site_name":"Tourcruiser Sneaker Store","twitter_card":"summary_large_image","twitter_image":"https:\/\/images.novelship.com\/product\/_custom_shoes__adidas_neo_vl_court_811__cream_yell_0_78561.jpeg","schema":{"@context":"https:\/\/schema.org","@graph":[{"@type":"WebPage","@id":"https:\/\/tourcruiser.com\/de\/products\/custom-shoes-adidas-neo-vl-court-811-cream-yellow-black-meteor\/","url":"https:\/\/tourcruiser.com\/de\/products\/custom-shoes-adidas-neo-vl-court-811-cream-yellow-black-meteor\/","name":"[Custom Shoes] adidas Neo Vl Court 811 'Cream Yellow Black Meteor' - Tourcruiser PTE. LTD","isPartOf":{"@id":"https:\/\/tourcruiser.com\/de\/#website"},"primaryImageOfPage":{"@id":"https:\/\/tourcruiser.com\/de\/products\/custom-shoes-adidas-neo-vl-court-811-cream-yellow-black-meteor\/#primaryimage"},"image":{"@id":"https:\/\/tourcruiser.com\/de\/products\/custom-shoes-adidas-neo-vl-court-811-cream-yellow-black-meteor\/#primaryimage"},"thumbnailUrl":"https:\/\/images.novelship.com\/product\/_custom_shoes__adidas_neo_vl_court_811__cream_yell_0_78561.jpeg","datePublished":"2026-03-21T05:26:04+00:00","breadcrumb":{"@id":"https:\/\/tourcruiser.com\/de\/products\/custom-shoes-adidas-neo-vl-court-811-cream-yellow-black-meteor\/#breadcrumb"},"inLanguage":"de","potentialAction":[{"@type":"ReadAction","target":["https:\/\/tourcruiser.com\/de\/products\/custom-shoes-adidas-neo-vl-court-811-cream-yellow-black-meteor\/"]}]},{"@type":"ImageObject","inLanguage":"de","@id":"https:\/\/tourcruiser.com\/de\/products\/custom-shoes-adidas-neo-vl-court-811-cream-yellow-black-meteor\/#primaryimage","url":"https:\/\/images.novelship.com\/product\/_custom_shoes__adidas_neo_vl_court_811__cream_yell_0_78561.jpeg","contentUrl":"https:\/\/images.novelship.com\/product\/_custom_shoes__adidas_neo_vl_court_811__cream_yell_0_78561.jpeg"},{"@type":"BreadcrumbList","@id":"https:\/\/tourcruiser.com\/de\/products\/custom-shoes-adidas-neo-vl-court-811-cream-yellow-black-meteor\/#breadcrumb","itemListElement":[{"@type":"ListItem","position":1,"name":"Home","item":"https:\/\/tourcruiser.com\/de\/"},{"@type":"ListItem","position":2,"name":"Shop","item":"https:\/\/tourcruiser.com\/de\/shop\/"},{"@type":"ListItem","position":3,"name":"[Custom Shoes] adidas Neo Vl Court 811 'Cream Yellow Black Meteor'"}]},{"@type":"WebSite","@id":"https:\/\/tourcruiser.com\/de\/#website","url":"https:\/\/tourcruiser.com\/de\/","name":"Styloral Jewelry Shop","description":"Tourcruiser Sneaker Store \u2014 der Ort, an dem das Universum deine Einzigartigkeit trifft.","publisher":{"@id":"https:\/\/tourcruiser.com\/de\/#organization"},"potentialAction":[{"@type":"SearchAction","target":{"@type":"EntryPoint","urlTemplate":"https:\/\/tourcruiser.com\/de\/?s={search_term_string}"},"query-input":{"@type":"PropertyValueSpecification","valueRequired":true,"valueName":"search_term_string"}}],"inLanguage":"de"},{"@type":"Organization","@id":"https:\/\/tourcruiser.com\/de\/#organization","name":"STYLORAL PTE. LTD","url":"https:\/\/tourcruiser.com\/de\/","logo":{"@type":"ImageObject","inLanguage":"de","@id":"https:\/\/tourcruiser.com\/de\/#\/schema\/logo\/image\/","url":"https:\/\/www.tourcruiser.com\/wp-content\/uploads\/2025\/12\/logo.png","contentUrl":"https:\/\/www.tourcruiser.com\/wp-content\/uploads\/2025\/12\/logo.png","width":200,"height":65,"caption":"STYLORAL PTE. LTD"},"image":{"@id":"https:\/\/tourcruiser.com\/de\/#\/schema\/logo\/image\/"}}]}},"_links":{"self":[{"href":"https:\/\/tourcruiser.com\/de\/wp-json\/wp\/v2\/product\/469566","targetHints":{"allow":["GET"]}}],"collection":[{"href":"https:\/\/tourcruiser.com\/de\/wp-json\/wp\/v2\/product"}],"about":[{"href":"https:\/\/tourcruiser.com\/de\/wp-json\/wp\/v2\/types\/product"}],"replies":[{"embeddable":true,"href":"https:\/\/tourcruiser.com\/de\/wp-json\/wp\/v2\/comments?post=469566"}],"wp:featuredmedia":[{"embeddable":true,"href":"https:\/\/tourcruiser.com\/de\/wp-json\/wp\/v2\/media\/469567"}],"wp:attachment":[{"href":"https:\/\/tourcruiser.com\/de\/wp-json\/wp\/v2\/media?parent=469566"}],"wp:term":[{"taxonomy":"product_brand","embeddable":true,"href":"https:\/\/tourcruiser.com\/de\/wp-json\/wp\/v2\/product_brand?post=469566"},{"taxonomy":"product_cat","embeddable":true,"href":"https:\/\/tourcruiser.com\/de\/wp-json\/wp\/v2\/product_cat?post=469566"},{"taxonomy":"product_tag","embeddable":true,"href":"https:\/\/tourcruiser.com\/de\/wp-json\/wp\/v2\/product_tag?post=469566"}],"curies":[{"name":"wp","href":"https:\/\/api.w.org\/{rel}","templated":true}]}}