{"id":469487,"date":"2026-03-21T12:25:51","date_gmt":"2026-03-21T05:25:51","guid":{"rendered":"http:\/\/tourcruiser.com\/product\/nike-air-more-uptempo-slide-bullsfj6035-600fj6036-600"},"modified":"2026-03-21T12:25:51","modified_gmt":"2026-03-21T05:25:51","slug":"nike-air-more-uptempo-slide-bullsfj6035-600fj6036-600","status":"publish","type":"product","link":"https:\/\/tourcruiser.com\/de\/products\/nike-air-more-uptempo-slide-bullsfj6035-600fj6036-600\/","title":{"rendered":"Nike Air More Uptempo Slide &#8218;Bulls&#8216;  &#8211; FJ6035-600\/FJ6036-600"},"content":{"rendered":"<p>Mit den legend\u00c3\u00a4ren Nike Air More Uptempo Slide &#8218;Bulls&#8216; verleihst du deinem Sneaker-Style das gewisse Extra. Inspiriert von den Chicago Bulls, bestechen diese Slides durch das klassische \u00e2\u20ac\u017eAIR\u00e2\u20ac\u0153-Branding in kr\u00c3\u00a4ftigem Rot und Schwarz, das an die ikonischen Trikots des Teams erinnert. Die weiche Schaumstoff-Mittelsohle und der verstellbare Riemen sorgen f\u00c3\u00bcr optimalen Tragekomfort, w\u00c3\u00a4hrend die Gummiau\u00c3\u0178ensohle strapazierf\u00c3\u00a4hige Traktion bietet. Egal ob auf der Stra\u00c3\u0178e oder zu Hause \u00e2\u20ac\u201c mit diesen Slides bist du immer stylisch unterwegs und genie\u00c3\u0178t gleichzeitig optimalen Halt. Der Nike Air More Uptempo Slide \u00e2\u20ac\u017eBulls\u00e2\u20ac\u0153 ist in Schwarz und Wei\u00c3\u0178 erh\u00c3\u00a4ltlich und ein absolutes Must-have f\u00c3\u00bcr Sneaker-Fans und Bulls-Anh\u00c3\u00a4nger.<\/p>\n<ul>\n<li><strong>Farbgebung:<\/strong> University Red\/Schwarz\/Transparent\/Wei\u00c3\u0178<\/li>\n<li><strong>Style-Code:<\/strong> FJ6035-600\/FJ6036-600<\/li>\n<li><strong>Obermaterial:<\/strong> Nubukleder<\/li>\n<li><strong>Mittelsohle:<\/strong> Air<\/li>\n<li><strong>Farbe:<\/strong> Rot<\/li>\n<li><strong>Erscheinungsjahr:<\/strong> 2023<\/li>\n<\/ul>\n","protected":false},"excerpt":{"rendered":"<p>Mit den legend\u00c3\u00a4ren Nike Air More Uptempo Slide &#8218;Bulls&#8216; verleihst du deinem Sneaker-Style das gewisse Extra. Inspiriert von den Chicago Bulls, bestechen diese Slides durch das klassische \u00e2\u20ac\u017eAIR\u00e2\u20ac\u0153-Branding in kr\u00c3\u00a4ftigem Rot und Schwarz, das an die ikonischen Trikots des Teams erinnert. Die weiche Schaumstoff-Mittelsohle und der verstellbare Riemen sorgen f\u00c3\u00bcr optimalen Tragekomfort, w\u00c3\u00a4hrend die Gummiau\u00c3\u0178ensohle [&hellip;]<\/p>\n","protected":false},"featured_media":469488,"comment_status":"open","ping_status":"closed","template":"","meta":[],"product_brand":[],"product_cat":[39183,38842,10803,39306],"product_tag":[40434,40446,40423,40424,10801,40438,10808],"class_list":{"0":"post-469487","1":"product","2":"type-product","3":"status-publish","4":"has-post-thumbnail","6":"product_cat-nike-air-more-uptempo","7":"product_cat-gender-men","8":"product_cat-nike","9":"product_cat-slides","10":"product_tag-basketballschuhe","11":"product_tag-basketballschuhe-mit-kna-cheluntersta-tzung","12":"product_tag-geschenk-fa-r-ihn","13":"product_tag-lifestyle-freizeitschuhe","14":"product_tag-nike","15":"product_tag-performance-sportschuhe","16":"product_tag-slides","17":"wcpa_has_options","19":"first","20":"instock","21":"taxable","22":"shipping-taxable","23":"purchasable","24":"product-type-simple"},"wcpa_form_fields":{"rules":{"pric_overide_base_price":false,"pric_overide_base_price_if_gt_zero":false,"pric_overide_base_price_fully":false,"pric_cal_option_once":false,"pric_use_as_fee":false,"bind_quantity":false,"quantity_bind_formula":false},"fields":[{"type":"color-group","required":true,"elementId":"wcpa-color-group-66c4a75505e74","label":"Gr\u00f6\u00dfe - EU Gr\u00f6\u00dfe","inline":true,"priceOptions":"different_for_all","pricingType":"fixed","className":"hassizechart product-shoes-size-eu product-shoes-size","name":"color-group-66c4a75505e89","disp_type":"square","selection_type":"tick-border","disp_size":"44","show_label_inside":true,"adjust_width":true,"cart_display_type":"text","other_text":"Other","cl_rule":"show","col":6,"values":[{"label":"35.5","value":"EU 35.5","price":"","pimage":"","pimage_id":"","pthumb":"","color":""},{"label":"36","value":"EU 36","price":"","pimage":"","pimage_id":"","pthumb":"","color":"","selected":true},{"label":"36.5","value":"EU 36.5","price":"","pimage":"","pimage_id":"","pthumb":"","color":""},{"label":"37.5","value":"EU 37.5","price":"","pimage":"","pimage_id":"","pthumb":"","color":""},{"label":"38","value":"EU 38","price":"","pimage":"","pimage_id":"","pthumb":"","color":""},{"label":"38.5","value":"EU 38.5","price":"","pimage":"","pimage_id":"","pthumb":"","color":""},{"label":"39","value":"EU 39","price":"","pimage":"","pimage_id":"","pthumb":"","color":""},{"label":"40","value":"EU 40","price":"","pimage":"","pimage_id":"","pthumb":"","color":""},{"label":"40.5","value":"EU 40.5","price":"","pimage":"","pimage_id":"","pthumb":"","color":""},{"label":"41","value":"EU 41","price":"","pimage":"","pimage_id":"","pthumb":"","color":""},{"label":"42","value":"EU 42","price":"","pimage":"","pimage_id":"","pthumb":"","color":""},{"label":"42.5","value":"EU 42.5","price":"","pimage":"","pimage_id":"","pthumb":"","color":""},{"label":"43","value":"EU 43","price":"","pimage":"","pimage_id":"","pthumb":"","color":""},{"label":"44","value":"EU 44","price":"","pimage":"","pimage_id":"","pthumb":"","color":""},{"label":"44.5","value":"EU 44.5","price":"","pimage":"","pimage_id":"","pthumb":"","color":""},{"label":"45","value":"EU 45","price":"","pimage":"","pimage_id":"","pthumb":"","color":""},{"label":"45.5","value":"EU 45.5","price":"","pimage":"","pimage_id":"","pthumb":"","color":""},{"label":"46","value":"EU 46","price":"","pimage":"","pimage_id":"","pthumb":"","color":""},{"label":"47","value":"EU 47","price":"","pimage":"","pimage_id":"","pthumb":"","color":""},{"label":"47.5","value":"EU 47.5","price":"","pimage":"","pimage_id":"","pthumb":"","color":""},{"label":"48","value":"EU 48","price":"","pimage":"","pimage_id":"","pthumb":"","color":""}],"relations":[{"operator":false,"rules":[]}],"form_id":18106,"form_rules":{"pric_cal_option_once":false,"exclude_from_discount":false,"pric_use_as_fee":false,"fee_label":"Fee","render_after_acb":false,"disp_hide_options_price":false}}]},"yoast_head":"<!-- This site is optimized with the Yoast SEO plugin v26.5 - https:\/\/yoast.com\/wordpress\/plugins\/seo\/ -->\n<title>Nike Air More Uptempo Slide &#039;Bulls&#039; - FJ6035-600\/FJ6036-600 - Tourcruiser PTE. LTD<\/title>\n<meta name=\"robots\" content=\"index, follow, max-snippet:-1, max-image-preview:large, max-video-preview:-1\" \/>\n<link rel=\"canonical\" href=\"https:\/\/tourcruiser.com\/de\/products\/nike-air-more-uptempo-slide-bullsfj6035-600fj6036-600\/\" \/>\n<meta property=\"og:locale\" content=\"de_DE\" \/>\n<meta property=\"og:type\" content=\"article\" \/>\n<meta property=\"og:title\" content=\"Nike Air More Uptempo Slide &#039;Bulls&#039; - FJ6035-600\/FJ6036-600 - Tourcruiser PTE. LTD\" \/>\n<meta property=\"og:description\" content=\"Mit den legend\u00c3\u00a4ren Nike Air More Uptempo Slide &#8218;Bulls&#8216; verleihst du deinem Sneaker-Style das gewisse Extra. Inspiriert von den Chicago Bulls, bestechen diese Slides durch das klassische \u00e2\u20ac\u017eAIR\u00e2\u20ac\u0153-Branding in kr\u00c3\u00a4ftigem Rot und Schwarz, das an die ikonischen Trikots des Teams erinnert. Die weiche Schaumstoff-Mittelsohle und der verstellbare Riemen sorgen f\u00c3\u00bcr optimalen Tragekomfort, w\u00c3\u00a4hrend die Gummiau\u00c3\u0178ensohle [&hellip;]\" \/>\n<meta property=\"og:url\" content=\"https:\/\/tourcruiser.com\/de\/products\/nike-air-more-uptempo-slide-bullsfj6035-600fj6036-600\/\" \/>\n<meta property=\"og:site_name\" content=\"Tourcruiser Sneaker Store\" \/>\n<meta name=\"twitter:card\" content=\"summary_large_image\" \/>\n<meta name=\"twitter:image\" content=\"https:\/\/images.novelship.com\/product\/nike_air_more_uptempo_slide__bulls__fj6035-600_fj6_0_70331.jpeg\" \/>\n<meta name=\"twitter:label1\" content=\"Gesch\u00e4tzte Lesezeit\" \/>\n\t<meta name=\"twitter:data1\" content=\"1\u00a0Minute\" \/>\n<script type=\"application\/ld+json\" class=\"yoast-schema-graph\">{\"@context\":\"https:\/\/schema.org\",\"@graph\":[{\"@type\":\"WebPage\",\"@id\":\"https:\/\/tourcruiser.com\/de\/products\/nike-air-more-uptempo-slide-bullsfj6035-600fj6036-600\/\",\"url\":\"https:\/\/tourcruiser.com\/de\/products\/nike-air-more-uptempo-slide-bullsfj6035-600fj6036-600\/\",\"name\":\"Nike Air More Uptempo Slide 'Bulls' - FJ6035-600\/FJ6036-600 - Tourcruiser PTE. LTD\",\"isPartOf\":{\"@id\":\"https:\/\/tourcruiser.com\/de\/#website\"},\"primaryImageOfPage\":{\"@id\":\"https:\/\/tourcruiser.com\/de\/products\/nike-air-more-uptempo-slide-bullsfj6035-600fj6036-600\/#primaryimage\"},\"image\":{\"@id\":\"https:\/\/tourcruiser.com\/de\/products\/nike-air-more-uptempo-slide-bullsfj6035-600fj6036-600\/#primaryimage\"},\"thumbnailUrl\":\"https:\/\/images.novelship.com\/product\/nike_air_more_uptempo_slide__bulls__fj6035-600_fj6_0_70331.jpeg\",\"datePublished\":\"2026-03-21T05:25:51+00:00\",\"breadcrumb\":{\"@id\":\"https:\/\/tourcruiser.com\/de\/products\/nike-air-more-uptempo-slide-bullsfj6035-600fj6036-600\/#breadcrumb\"},\"inLanguage\":\"de\",\"potentialAction\":[{\"@type\":\"ReadAction\",\"target\":[\"https:\/\/tourcruiser.com\/de\/products\/nike-air-more-uptempo-slide-bullsfj6035-600fj6036-600\/\"]}]},{\"@type\":\"ImageObject\",\"inLanguage\":\"de\",\"@id\":\"https:\/\/tourcruiser.com\/de\/products\/nike-air-more-uptempo-slide-bullsfj6035-600fj6036-600\/#primaryimage\",\"url\":\"https:\/\/images.novelship.com\/product\/nike_air_more_uptempo_slide__bulls__fj6035-600_fj6_0_70331.jpeg\",\"contentUrl\":\"https:\/\/images.novelship.com\/product\/nike_air_more_uptempo_slide__bulls__fj6035-600_fj6_0_70331.jpeg\"},{\"@type\":\"BreadcrumbList\",\"@id\":\"https:\/\/tourcruiser.com\/de\/products\/nike-air-more-uptempo-slide-bullsfj6035-600fj6036-600\/#breadcrumb\",\"itemListElement\":[{\"@type\":\"ListItem\",\"position\":1,\"name\":\"Home\",\"item\":\"https:\/\/tourcruiser.com\/de\/\"},{\"@type\":\"ListItem\",\"position\":2,\"name\":\"Shop\",\"item\":\"https:\/\/tourcruiser.com\/de\/shop\/\"},{\"@type\":\"ListItem\",\"position\":3,\"name\":\"Nike Air More Uptempo Slide 'Bulls' - FJ6035-600\/FJ6036-600\"}]},{\"@type\":\"WebSite\",\"@id\":\"https:\/\/tourcruiser.com\/de\/#website\",\"url\":\"https:\/\/tourcruiser.com\/de\/\",\"name\":\"Styloral Jewelry Shop\",\"description\":\"Tourcruiser Sneaker Store \u2014 der Ort, an dem das Universum deine Einzigartigkeit trifft.\",\"publisher\":{\"@id\":\"https:\/\/tourcruiser.com\/de\/#organization\"},\"potentialAction\":[{\"@type\":\"SearchAction\",\"target\":{\"@type\":\"EntryPoint\",\"urlTemplate\":\"https:\/\/tourcruiser.com\/de\/?s={search_term_string}\"},\"query-input\":{\"@type\":\"PropertyValueSpecification\",\"valueRequired\":true,\"valueName\":\"search_term_string\"}}],\"inLanguage\":\"de\"},{\"@type\":\"Organization\",\"@id\":\"https:\/\/tourcruiser.com\/de\/#organization\",\"name\":\"STYLORAL PTE. LTD\",\"url\":\"https:\/\/tourcruiser.com\/de\/\",\"logo\":{\"@type\":\"ImageObject\",\"inLanguage\":\"de\",\"@id\":\"https:\/\/tourcruiser.com\/de\/#\/schema\/logo\/image\/\",\"url\":\"https:\/\/www.tourcruiser.com\/wp-content\/uploads\/2025\/12\/logo.png\",\"contentUrl\":\"https:\/\/www.tourcruiser.com\/wp-content\/uploads\/2025\/12\/logo.png\",\"width\":200,\"height\":65,\"caption\":\"STYLORAL PTE. LTD\"},\"image\":{\"@id\":\"https:\/\/tourcruiser.com\/de\/#\/schema\/logo\/image\/\"}}]}<\/script>\n<!-- \/ Yoast SEO plugin. -->","yoast_head_json":{"title":"Nike Air More Uptempo Slide 'Bulls' - FJ6035-600\/FJ6036-600 - Tourcruiser PTE. LTD","robots":{"index":"index","follow":"follow","max-snippet":"max-snippet:-1","max-image-preview":"max-image-preview:large","max-video-preview":"max-video-preview:-1"},"canonical":"https:\/\/tourcruiser.com\/de\/products\/nike-air-more-uptempo-slide-bullsfj6035-600fj6036-600\/","og_locale":"de_DE","og_type":"article","og_title":"Nike Air More Uptempo Slide 'Bulls' - FJ6035-600\/FJ6036-600 - Tourcruiser PTE. LTD","og_description":"Mit den legend\u00c3\u00a4ren Nike Air More Uptempo Slide &#8218;Bulls&#8216; verleihst du deinem Sneaker-Style das gewisse Extra. Inspiriert von den Chicago Bulls, bestechen diese Slides durch das klassische \u00e2\u20ac\u017eAIR\u00e2\u20ac\u0153-Branding in kr\u00c3\u00a4ftigem Rot und Schwarz, das an die ikonischen Trikots des Teams erinnert. Die weiche Schaumstoff-Mittelsohle und der verstellbare Riemen sorgen f\u00c3\u00bcr optimalen Tragekomfort, w\u00c3\u00a4hrend die Gummiau\u00c3\u0178ensohle [&hellip;]","og_url":"https:\/\/tourcruiser.com\/de\/products\/nike-air-more-uptempo-slide-bullsfj6035-600fj6036-600\/","og_site_name":"Tourcruiser Sneaker Store","twitter_card":"summary_large_image","twitter_image":"https:\/\/images.novelship.com\/product\/nike_air_more_uptempo_slide__bulls__fj6035-600_fj6_0_70331.jpeg","twitter_misc":{"Gesch\u00e4tzte Lesezeit":"1\u00a0Minute"},"schema":{"@context":"https:\/\/schema.org","@graph":[{"@type":"WebPage","@id":"https:\/\/tourcruiser.com\/de\/products\/nike-air-more-uptempo-slide-bullsfj6035-600fj6036-600\/","url":"https:\/\/tourcruiser.com\/de\/products\/nike-air-more-uptempo-slide-bullsfj6035-600fj6036-600\/","name":"Nike Air More Uptempo Slide 'Bulls' - FJ6035-600\/FJ6036-600 - Tourcruiser PTE. LTD","isPartOf":{"@id":"https:\/\/tourcruiser.com\/de\/#website"},"primaryImageOfPage":{"@id":"https:\/\/tourcruiser.com\/de\/products\/nike-air-more-uptempo-slide-bullsfj6035-600fj6036-600\/#primaryimage"},"image":{"@id":"https:\/\/tourcruiser.com\/de\/products\/nike-air-more-uptempo-slide-bullsfj6035-600fj6036-600\/#primaryimage"},"thumbnailUrl":"https:\/\/images.novelship.com\/product\/nike_air_more_uptempo_slide__bulls__fj6035-600_fj6_0_70331.jpeg","datePublished":"2026-03-21T05:25:51+00:00","breadcrumb":{"@id":"https:\/\/tourcruiser.com\/de\/products\/nike-air-more-uptempo-slide-bullsfj6035-600fj6036-600\/#breadcrumb"},"inLanguage":"de","potentialAction":[{"@type":"ReadAction","target":["https:\/\/tourcruiser.com\/de\/products\/nike-air-more-uptempo-slide-bullsfj6035-600fj6036-600\/"]}]},{"@type":"ImageObject","inLanguage":"de","@id":"https:\/\/tourcruiser.com\/de\/products\/nike-air-more-uptempo-slide-bullsfj6035-600fj6036-600\/#primaryimage","url":"https:\/\/images.novelship.com\/product\/nike_air_more_uptempo_slide__bulls__fj6035-600_fj6_0_70331.jpeg","contentUrl":"https:\/\/images.novelship.com\/product\/nike_air_more_uptempo_slide__bulls__fj6035-600_fj6_0_70331.jpeg"},{"@type":"BreadcrumbList","@id":"https:\/\/tourcruiser.com\/de\/products\/nike-air-more-uptempo-slide-bullsfj6035-600fj6036-600\/#breadcrumb","itemListElement":[{"@type":"ListItem","position":1,"name":"Home","item":"https:\/\/tourcruiser.com\/de\/"},{"@type":"ListItem","position":2,"name":"Shop","item":"https:\/\/tourcruiser.com\/de\/shop\/"},{"@type":"ListItem","position":3,"name":"Nike Air More Uptempo Slide 'Bulls' - FJ6035-600\/FJ6036-600"}]},{"@type":"WebSite","@id":"https:\/\/tourcruiser.com\/de\/#website","url":"https:\/\/tourcruiser.com\/de\/","name":"Styloral Jewelry Shop","description":"Tourcruiser Sneaker Store \u2014 der Ort, an dem das Universum deine Einzigartigkeit trifft.","publisher":{"@id":"https:\/\/tourcruiser.com\/de\/#organization"},"potentialAction":[{"@type":"SearchAction","target":{"@type":"EntryPoint","urlTemplate":"https:\/\/tourcruiser.com\/de\/?s={search_term_string}"},"query-input":{"@type":"PropertyValueSpecification","valueRequired":true,"valueName":"search_term_string"}}],"inLanguage":"de"},{"@type":"Organization","@id":"https:\/\/tourcruiser.com\/de\/#organization","name":"STYLORAL PTE. LTD","url":"https:\/\/tourcruiser.com\/de\/","logo":{"@type":"ImageObject","inLanguage":"de","@id":"https:\/\/tourcruiser.com\/de\/#\/schema\/logo\/image\/","url":"https:\/\/www.tourcruiser.com\/wp-content\/uploads\/2025\/12\/logo.png","contentUrl":"https:\/\/www.tourcruiser.com\/wp-content\/uploads\/2025\/12\/logo.png","width":200,"height":65,"caption":"STYLORAL PTE. LTD"},"image":{"@id":"https:\/\/tourcruiser.com\/de\/#\/schema\/logo\/image\/"}}]}},"_links":{"self":[{"href":"https:\/\/tourcruiser.com\/de\/wp-json\/wp\/v2\/product\/469487","targetHints":{"allow":["GET"]}}],"collection":[{"href":"https:\/\/tourcruiser.com\/de\/wp-json\/wp\/v2\/product"}],"about":[{"href":"https:\/\/tourcruiser.com\/de\/wp-json\/wp\/v2\/types\/product"}],"replies":[{"embeddable":true,"href":"https:\/\/tourcruiser.com\/de\/wp-json\/wp\/v2\/comments?post=469487"}],"wp:featuredmedia":[{"embeddable":true,"href":"https:\/\/tourcruiser.com\/de\/wp-json\/wp\/v2\/media\/469488"}],"wp:attachment":[{"href":"https:\/\/tourcruiser.com\/de\/wp-json\/wp\/v2\/media?parent=469487"}],"wp:term":[{"taxonomy":"product_brand","embeddable":true,"href":"https:\/\/tourcruiser.com\/de\/wp-json\/wp\/v2\/product_brand?post=469487"},{"taxonomy":"product_cat","embeddable":true,"href":"https:\/\/tourcruiser.com\/de\/wp-json\/wp\/v2\/product_cat?post=469487"},{"taxonomy":"product_tag","embeddable":true,"href":"https:\/\/tourcruiser.com\/de\/wp-json\/wp\/v2\/product_tag?post=469487"}],"curies":[{"name":"wp","href":"https:\/\/api.w.org\/{rel}","templated":true}]}}