{"id":469478,"date":"2026-03-21T12:25:44","date_gmt":"2026-03-21T05:25:44","guid":{"rendered":"http:\/\/tourcruiser.com\/product\/custom-shoes-adidas-vento-xlg-deluxe-811-doomsday-ashes"},"modified":"2026-03-21T12:25:44","modified_gmt":"2026-03-21T05:25:44","slug":"custom-shoes-adidas-vento-xlg-deluxe-811-doomsday-ashes","status":"publish","type":"product","link":"https:\/\/tourcruiser.com\/de\/products\/custom-shoes-adidas-vento-xlg-deluxe-811-doomsday-ashes\/","title":{"rendered":"[Custom Shoes] adidas VENTO XLG DELUXE 811 &#8218;Doomsday Ashes&#8216;"},"content":{"rendered":"<p>Mit dem adidas VENTO XLG DELUXE 811 &#8218;Doomsday Ashes&#8216; bist du bereit f\u00c3\u00bcr die Zukunft. Diese Custom-Schuhe vereinen innovatives Design mit zeitlosem Komfort und bestechen durch ein markantes, aschgraues Farbschema, das sowohl auff\u00c3\u00a4llig als auch vielseitig ist. Dank der charakteristischen adidas D\u00c3\u00a4mpfungstechnologie bieten sie maximalen Halt und Langlebigkeit. Die einzigartige, strukturierte Oberfl\u00c3\u00a4che verleiht ihnen einen modernen Touch und macht sie perfekt f\u00c3\u00bcr Streetwear-Fans und Sportler. Setze mit einem Paar Sneaker, das Widerstandsf\u00c3\u00a4higkeit und Style verk\u00c3\u00b6rpert, neue Ma\u00c3\u0178st\u00c3\u00a4be.<\/p>\n<ul>\n<li><strong>Style Code:<\/strong> IH0070 (Team80-\u00e7\u201d\u00b7\u00e5\u00a5\u00b3\u00e5\u0090\u0152\u00e6\u00ac\u00be\u00e6\u0153\u00ab\u00e6\u2014\u00a5\u00e7\u0081\u00b0\u00e7\u0192\u00ac)<\/li>\n<li><strong>Color:<\/strong> Black<\/li>\n<\/ul>\n","protected":false},"excerpt":{"rendered":"<p>Mit dem adidas VENTO XLG DELUXE 811 &#8218;Doomsday Ashes&#8216; bist du bereit f\u00c3\u00bcr die Zukunft. Diese Custom-Schuhe vereinen innovatives Design mit zeitlosem Komfort und bestechen durch ein markantes, aschgraues Farbschema, das sowohl auff\u00c3\u00a4llig als auch vielseitig ist. Dank der charakteristischen adidas D\u00c3\u00a4mpfungstechnologie bieten sie maximalen Halt und Langlebigkeit. Die einzigartige, strukturierte Oberfl\u00c3\u00a4che verleiht ihnen einen [&hellip;]<\/p>\n","protected":false},"featured_media":469479,"comment_status":"open","ping_status":"closed","template":"","meta":[],"product_brand":[],"product_cat":[10760,38840,38941,40635],"product_tag":[10759,40592,40424,40466,40568,40492],"class_list":{"0":"post-469478","1":"product","2":"type-product","3":"status-publish","4":"has-post-thumbnail","6":"product_cat-adidas","7":"product_cat-lifestyle-shoes-running-inspired","8":"product_cat-gender-unisex","9":"product_cat-adidas-vento-xlg-deluxe","10":"product_tag-adidas","11":"product_tag-adidas-maaygeschneiderte-schuhe","12":"product_tag-lifestyle-freizeitschuhe","13":"product_tag-lifestyle-schuhe-vom-laufen-inspiriert","14":"product_tag-maaygeschneiderte-schuhe","15":"product_tag-retro-laufschuhe","16":"wcpa_has_options","18":"first","19":"instock","20":"taxable","21":"shipping-taxable","22":"purchasable","23":"product-type-simple"},"wcpa_form_fields":{"rules":{"pric_overide_base_price":false,"pric_overide_base_price_if_gt_zero":false,"pric_overide_base_price_fully":false,"pric_cal_option_once":false,"pric_use_as_fee":false,"bind_quantity":false,"quantity_bind_formula":false},"fields":[{"type":"color-group","required":true,"elementId":"wcpa-color-group-66c4a7f817afe","label":"Gr\u00f6\u00dfe","inline":true,"priceOptions":"different_for_all","pricingType":"fixed","className":"hassizechart product-shoes-size-eu product-shoes-size","name":"color-group-66c4a7f817b18","disp_type":"square","selection_type":"tick-border","disp_size":"50","show_label_inside":true,"adjust_width":true,"cart_display_type":"text","other_text":"Other","cl_rule":"show","col":6,"values":[{"label":"35","value":"EU 35","price":"","pimage":"","pimage_id":"","pthumb":"","color":""},{"label":"35.5","value":"EU 35.5","price":"","pimage":"","pimage_id":"","pthumb":"","color":""},{"label":"36","value":"EU 36","price":"","pimage":"","pimage_id":"","pthumb":"","color":"","selected":true},{"label":"36 2\/3","value":"EU 36 2\/3","price":"","pimage":"","pimage_id":"","pthumb":"","color":""},{"label":"37 1\/3","value":"EU 37 1\/3","price":"","pimage":"","pimage_id":"","pthumb":"","color":""},{"label":"38","value":"EU 38","price":"","pimage":"","pimage_id":"","pthumb":"","color":""},{"label":"38 2\/3","value":"EU 38 2\/3","price":"","pimage":"","pimage_id":"","pthumb":"","color":""},{"label":"39 1\/3","value":"EU 39 1\/3","price":"","pimage":"","pimage_id":"","pthumb":"","color":""},{"label":"40","value":"EU 40","price":"","pimage":"","pimage_id":"","pthumb":"","color":""},{"label":"40 2\/3","value":"EU 40 2\/3","price":"","pimage":"","pimage_id":"","pthumb":"","color":""},{"label":"41 1\/3","value":"EU 41 1\/3","price":"","pimage":"","pimage_id":"","pthumb":"","color":""},{"label":"42","value":"EU 42","price":"","pimage":"","pimage_id":"","pthumb":"","color":""},{"label":"42 2\/3","value":"EU 42 2\/3","price":"","pimage":"","pimage_id":"","pthumb":"","color":""},{"label":"43 1\/3","value":"EU 43 1\/3","price":"","pimage":"","pimage_id":"","pthumb":"","color":""},{"label":"44","value":"EU 44","price":"","pimage":"","pimage_id":"","pthumb":"","color":""},{"label":"44 2\/3","value":"EU 44 2\/3","price":"","pimage":"","pimage_id":"","pthumb":"","color":""},{"label":"45 1\/3","value":"EU 45 1\/3","price":"","pimage":"","pimage_id":"","pthumb":"","color":""},{"label":"46","value":"EU 46","price":"","pimage":"","pimage_id":"","pthumb":"","color":""},{"label":"46 2\/3","value":"EU 46 2\/3","price":"","pimage":"","pimage_id":"","pthumb":"","color":""},{"label":"47 1\/3","value":"EU 47 1\/3","price":"","pimage":"","pimage_id":"","pthumb":"","color":""}],"relations":[{"operator":false,"rules":[]}],"form_id":24802,"form_rules":{"pric_cal_option_once":false,"exclude_from_discount":false,"pric_use_as_fee":false,"fee_label":"Fee","render_after_acb":false,"disp_hide_options_price":false}}]},"yoast_head":"<!-- This site is optimized with the Yoast SEO plugin v26.5 - https:\/\/yoast.com\/wordpress\/plugins\/seo\/ -->\n<title>[Custom Shoes] adidas VENTO XLG DELUXE 811 &#039;Doomsday Ashes&#039; - Tourcruiser PTE. LTD<\/title>\n<meta name=\"robots\" content=\"index, follow, max-snippet:-1, max-image-preview:large, max-video-preview:-1\" \/>\n<link rel=\"canonical\" href=\"https:\/\/tourcruiser.com\/de\/products\/custom-shoes-adidas-vento-xlg-deluxe-811-doomsday-ashes\/\" \/>\n<meta property=\"og:locale\" content=\"de_DE\" \/>\n<meta property=\"og:type\" content=\"article\" \/>\n<meta property=\"og:title\" content=\"[Custom Shoes] adidas VENTO XLG DELUXE 811 &#039;Doomsday Ashes&#039; - Tourcruiser PTE. LTD\" \/>\n<meta property=\"og:description\" content=\"Mit dem adidas VENTO XLG DELUXE 811 &#8218;Doomsday Ashes&#8216; bist du bereit f\u00c3\u00bcr die Zukunft. Diese Custom-Schuhe vereinen innovatives Design mit zeitlosem Komfort und bestechen durch ein markantes, aschgraues Farbschema, das sowohl auff\u00c3\u00a4llig als auch vielseitig ist. Dank der charakteristischen adidas D\u00c3\u00a4mpfungstechnologie bieten sie maximalen Halt und Langlebigkeit. Die einzigartige, strukturierte Oberfl\u00c3\u00a4che verleiht ihnen einen [&hellip;]\" \/>\n<meta property=\"og:url\" content=\"https:\/\/tourcruiser.com\/de\/products\/custom-shoes-adidas-vento-xlg-deluxe-811-doomsday-ashes\/\" \/>\n<meta property=\"og:site_name\" content=\"Tourcruiser Sneaker Store\" \/>\n<meta name=\"twitter:card\" content=\"summary_large_image\" \/>\n<meta name=\"twitter:image\" content=\"https:\/\/images.novelship.com\/product\/_custom_shoes__adidas_vento_xlg_deluxe_811__doomsd_0_61988.jpeg\" \/>\n<script type=\"application\/ld+json\" class=\"yoast-schema-graph\">{\"@context\":\"https:\/\/schema.org\",\"@graph\":[{\"@type\":\"WebPage\",\"@id\":\"https:\/\/tourcruiser.com\/de\/products\/custom-shoes-adidas-vento-xlg-deluxe-811-doomsday-ashes\/\",\"url\":\"https:\/\/tourcruiser.com\/de\/products\/custom-shoes-adidas-vento-xlg-deluxe-811-doomsday-ashes\/\",\"name\":\"[Custom Shoes] adidas VENTO XLG DELUXE 811 'Doomsday Ashes' - Tourcruiser PTE. LTD\",\"isPartOf\":{\"@id\":\"https:\/\/tourcruiser.com\/de\/#website\"},\"primaryImageOfPage\":{\"@id\":\"https:\/\/tourcruiser.com\/de\/products\/custom-shoes-adidas-vento-xlg-deluxe-811-doomsday-ashes\/#primaryimage\"},\"image\":{\"@id\":\"https:\/\/tourcruiser.com\/de\/products\/custom-shoes-adidas-vento-xlg-deluxe-811-doomsday-ashes\/#primaryimage\"},\"thumbnailUrl\":\"https:\/\/images.novelship.com\/product\/_custom_shoes__adidas_vento_xlg_deluxe_811__doomsd_0_61988.jpeg\",\"datePublished\":\"2026-03-21T05:25:44+00:00\",\"breadcrumb\":{\"@id\":\"https:\/\/tourcruiser.com\/de\/products\/custom-shoes-adidas-vento-xlg-deluxe-811-doomsday-ashes\/#breadcrumb\"},\"inLanguage\":\"de\",\"potentialAction\":[{\"@type\":\"ReadAction\",\"target\":[\"https:\/\/tourcruiser.com\/de\/products\/custom-shoes-adidas-vento-xlg-deluxe-811-doomsday-ashes\/\"]}]},{\"@type\":\"ImageObject\",\"inLanguage\":\"de\",\"@id\":\"https:\/\/tourcruiser.com\/de\/products\/custom-shoes-adidas-vento-xlg-deluxe-811-doomsday-ashes\/#primaryimage\",\"url\":\"https:\/\/images.novelship.com\/product\/_custom_shoes__adidas_vento_xlg_deluxe_811__doomsd_0_61988.jpeg\",\"contentUrl\":\"https:\/\/images.novelship.com\/product\/_custom_shoes__adidas_vento_xlg_deluxe_811__doomsd_0_61988.jpeg\"},{\"@type\":\"BreadcrumbList\",\"@id\":\"https:\/\/tourcruiser.com\/de\/products\/custom-shoes-adidas-vento-xlg-deluxe-811-doomsday-ashes\/#breadcrumb\",\"itemListElement\":[{\"@type\":\"ListItem\",\"position\":1,\"name\":\"Home\",\"item\":\"https:\/\/tourcruiser.com\/de\/\"},{\"@type\":\"ListItem\",\"position\":2,\"name\":\"Shop\",\"item\":\"https:\/\/tourcruiser.com\/de\/shop\/\"},{\"@type\":\"ListItem\",\"position\":3,\"name\":\"[Custom Shoes] adidas VENTO XLG DELUXE 811 'Doomsday Ashes'\"}]},{\"@type\":\"WebSite\",\"@id\":\"https:\/\/tourcruiser.com\/de\/#website\",\"url\":\"https:\/\/tourcruiser.com\/de\/\",\"name\":\"Styloral Jewelry Shop\",\"description\":\"Tourcruiser Sneaker Store \u2014 der Ort, an dem das Universum deine Einzigartigkeit trifft.\",\"publisher\":{\"@id\":\"https:\/\/tourcruiser.com\/de\/#organization\"},\"potentialAction\":[{\"@type\":\"SearchAction\",\"target\":{\"@type\":\"EntryPoint\",\"urlTemplate\":\"https:\/\/tourcruiser.com\/de\/?s={search_term_string}\"},\"query-input\":{\"@type\":\"PropertyValueSpecification\",\"valueRequired\":true,\"valueName\":\"search_term_string\"}}],\"inLanguage\":\"de\"},{\"@type\":\"Organization\",\"@id\":\"https:\/\/tourcruiser.com\/de\/#organization\",\"name\":\"STYLORAL PTE. LTD\",\"url\":\"https:\/\/tourcruiser.com\/de\/\",\"logo\":{\"@type\":\"ImageObject\",\"inLanguage\":\"de\",\"@id\":\"https:\/\/tourcruiser.com\/de\/#\/schema\/logo\/image\/\",\"url\":\"https:\/\/www.tourcruiser.com\/wp-content\/uploads\/2025\/12\/logo.png\",\"contentUrl\":\"https:\/\/www.tourcruiser.com\/wp-content\/uploads\/2025\/12\/logo.png\",\"width\":200,\"height\":65,\"caption\":\"STYLORAL PTE. LTD\"},\"image\":{\"@id\":\"https:\/\/tourcruiser.com\/de\/#\/schema\/logo\/image\/\"}}]}<\/script>\n<!-- \/ Yoast SEO plugin. -->","yoast_head_json":{"title":"[Custom Shoes] adidas VENTO XLG DELUXE 811 'Doomsday Ashes' - Tourcruiser PTE. LTD","robots":{"index":"index","follow":"follow","max-snippet":"max-snippet:-1","max-image-preview":"max-image-preview:large","max-video-preview":"max-video-preview:-1"},"canonical":"https:\/\/tourcruiser.com\/de\/products\/custom-shoes-adidas-vento-xlg-deluxe-811-doomsday-ashes\/","og_locale":"de_DE","og_type":"article","og_title":"[Custom Shoes] adidas VENTO XLG DELUXE 811 'Doomsday Ashes' - Tourcruiser PTE. LTD","og_description":"Mit dem adidas VENTO XLG DELUXE 811 &#8218;Doomsday Ashes&#8216; bist du bereit f\u00c3\u00bcr die Zukunft. Diese Custom-Schuhe vereinen innovatives Design mit zeitlosem Komfort und bestechen durch ein markantes, aschgraues Farbschema, das sowohl auff\u00c3\u00a4llig als auch vielseitig ist. Dank der charakteristischen adidas D\u00c3\u00a4mpfungstechnologie bieten sie maximalen Halt und Langlebigkeit. Die einzigartige, strukturierte Oberfl\u00c3\u00a4che verleiht ihnen einen [&hellip;]","og_url":"https:\/\/tourcruiser.com\/de\/products\/custom-shoes-adidas-vento-xlg-deluxe-811-doomsday-ashes\/","og_site_name":"Tourcruiser Sneaker Store","twitter_card":"summary_large_image","twitter_image":"https:\/\/images.novelship.com\/product\/_custom_shoes__adidas_vento_xlg_deluxe_811__doomsd_0_61988.jpeg","schema":{"@context":"https:\/\/schema.org","@graph":[{"@type":"WebPage","@id":"https:\/\/tourcruiser.com\/de\/products\/custom-shoes-adidas-vento-xlg-deluxe-811-doomsday-ashes\/","url":"https:\/\/tourcruiser.com\/de\/products\/custom-shoes-adidas-vento-xlg-deluxe-811-doomsday-ashes\/","name":"[Custom Shoes] adidas VENTO XLG DELUXE 811 'Doomsday Ashes' - Tourcruiser PTE. LTD","isPartOf":{"@id":"https:\/\/tourcruiser.com\/de\/#website"},"primaryImageOfPage":{"@id":"https:\/\/tourcruiser.com\/de\/products\/custom-shoes-adidas-vento-xlg-deluxe-811-doomsday-ashes\/#primaryimage"},"image":{"@id":"https:\/\/tourcruiser.com\/de\/products\/custom-shoes-adidas-vento-xlg-deluxe-811-doomsday-ashes\/#primaryimage"},"thumbnailUrl":"https:\/\/images.novelship.com\/product\/_custom_shoes__adidas_vento_xlg_deluxe_811__doomsd_0_61988.jpeg","datePublished":"2026-03-21T05:25:44+00:00","breadcrumb":{"@id":"https:\/\/tourcruiser.com\/de\/products\/custom-shoes-adidas-vento-xlg-deluxe-811-doomsday-ashes\/#breadcrumb"},"inLanguage":"de","potentialAction":[{"@type":"ReadAction","target":["https:\/\/tourcruiser.com\/de\/products\/custom-shoes-adidas-vento-xlg-deluxe-811-doomsday-ashes\/"]}]},{"@type":"ImageObject","inLanguage":"de","@id":"https:\/\/tourcruiser.com\/de\/products\/custom-shoes-adidas-vento-xlg-deluxe-811-doomsday-ashes\/#primaryimage","url":"https:\/\/images.novelship.com\/product\/_custom_shoes__adidas_vento_xlg_deluxe_811__doomsd_0_61988.jpeg","contentUrl":"https:\/\/images.novelship.com\/product\/_custom_shoes__adidas_vento_xlg_deluxe_811__doomsd_0_61988.jpeg"},{"@type":"BreadcrumbList","@id":"https:\/\/tourcruiser.com\/de\/products\/custom-shoes-adidas-vento-xlg-deluxe-811-doomsday-ashes\/#breadcrumb","itemListElement":[{"@type":"ListItem","position":1,"name":"Home","item":"https:\/\/tourcruiser.com\/de\/"},{"@type":"ListItem","position":2,"name":"Shop","item":"https:\/\/tourcruiser.com\/de\/shop\/"},{"@type":"ListItem","position":3,"name":"[Custom Shoes] adidas VENTO XLG DELUXE 811 'Doomsday Ashes'"}]},{"@type":"WebSite","@id":"https:\/\/tourcruiser.com\/de\/#website","url":"https:\/\/tourcruiser.com\/de\/","name":"Styloral Jewelry Shop","description":"Tourcruiser Sneaker Store \u2014 der Ort, an dem das Universum deine Einzigartigkeit trifft.","publisher":{"@id":"https:\/\/tourcruiser.com\/de\/#organization"},"potentialAction":[{"@type":"SearchAction","target":{"@type":"EntryPoint","urlTemplate":"https:\/\/tourcruiser.com\/de\/?s={search_term_string}"},"query-input":{"@type":"PropertyValueSpecification","valueRequired":true,"valueName":"search_term_string"}}],"inLanguage":"de"},{"@type":"Organization","@id":"https:\/\/tourcruiser.com\/de\/#organization","name":"STYLORAL PTE. LTD","url":"https:\/\/tourcruiser.com\/de\/","logo":{"@type":"ImageObject","inLanguage":"de","@id":"https:\/\/tourcruiser.com\/de\/#\/schema\/logo\/image\/","url":"https:\/\/www.tourcruiser.com\/wp-content\/uploads\/2025\/12\/logo.png","contentUrl":"https:\/\/www.tourcruiser.com\/wp-content\/uploads\/2025\/12\/logo.png","width":200,"height":65,"caption":"STYLORAL PTE. LTD"},"image":{"@id":"https:\/\/tourcruiser.com\/de\/#\/schema\/logo\/image\/"}}]}},"_links":{"self":[{"href":"https:\/\/tourcruiser.com\/de\/wp-json\/wp\/v2\/product\/469478","targetHints":{"allow":["GET"]}}],"collection":[{"href":"https:\/\/tourcruiser.com\/de\/wp-json\/wp\/v2\/product"}],"about":[{"href":"https:\/\/tourcruiser.com\/de\/wp-json\/wp\/v2\/types\/product"}],"replies":[{"embeddable":true,"href":"https:\/\/tourcruiser.com\/de\/wp-json\/wp\/v2\/comments?post=469478"}],"wp:featuredmedia":[{"embeddable":true,"href":"https:\/\/tourcruiser.com\/de\/wp-json\/wp\/v2\/media\/469479"}],"wp:attachment":[{"href":"https:\/\/tourcruiser.com\/de\/wp-json\/wp\/v2\/media?parent=469478"}],"wp:term":[{"taxonomy":"product_brand","embeddable":true,"href":"https:\/\/tourcruiser.com\/de\/wp-json\/wp\/v2\/product_brand?post=469478"},{"taxonomy":"product_cat","embeddable":true,"href":"https:\/\/tourcruiser.com\/de\/wp-json\/wp\/v2\/product_cat?post=469478"},{"taxonomy":"product_tag","embeddable":true,"href":"https:\/\/tourcruiser.com\/de\/wp-json\/wp\/v2\/product_tag?post=469478"}],"curies":[{"name":"wp","href":"https:\/\/api.w.org\/{rel}","templated":true}]}}