{"id":469377,"date":"2026-03-21T12:24:42","date_gmt":"2026-03-21T05:24:42","guid":{"rendered":"http:\/\/tourcruiser.com\/product\/adidas-duramo-slides-white-blue-red"},"modified":"2026-03-21T12:24:42","modified_gmt":"2026-03-21T05:24:42","slug":"adidas-duramo-slides-white-blue-red","status":"publish","type":"product","link":"https:\/\/tourcruiser.com\/de\/products\/adidas-duramo-slides-white-blue-red\/","title":{"rendered":"adidas Duramo Slides &#8218;White Blue Red&#8216;"},"content":{"rendered":"<p>Die adidas Duramo Slides in Wei\u00c3\u0178, Blau und Rot vereinen Style und Komfort perfekt. Diese von adidas designten Slides bestechen durch ihre lebendige Farbkombination aus Wei\u00c3\u0178, Blau und Rot. Ob beim Entspannen am Pool oder beim Sport \u00e2\u20ac\u201c mit diesen Slides f\u00c3\u00bchlen sich Ihre F\u00c3\u00bc\u00c3\u0178e den ganzen Tag \u00c3\u00bcber wohl. Dank der hochwertigen Materialien sind sie besonders langlebig. Starten Sie selbstbewusst und stylisch in den Sommer mit den adidas Duramo Slides in Wei\u00c3\u0178, Blau und Rot.<\/p>\n<p>Farbkombination: Wei\u00c3\u0178\/Blau\/Rot<br \/>\nArtikelnummer: U43664<br \/>\nObermaterial: Textil<br \/>\nFarbe: Wei\u00c3\u0178<br \/>\nSaison: Fr\u00c3\u00bchling\/Sommer\/Herbst<\/p>\n<p>Farbe: Wei\u00c3\u0178<\/p>\n","protected":false},"excerpt":{"rendered":"<p>Die adidas Duramo Slides in Wei\u00c3\u0178, Blau und Rot vereinen Style und Komfort perfekt. Diese von adidas designten Slides bestechen durch ihre lebendige Farbkombination aus Wei\u00c3\u0178, Blau und Rot. Ob beim Entspannen am Pool oder beim Sport \u00e2\u20ac\u201c mit diesen Slides f\u00c3\u00bchlen sich Ihre F\u00c3\u00bc\u00c3\u0178e den ganzen Tag \u00c3\u00bcber wohl. Dank der hochwertigen Materialien sind [&hellip;]<\/p>\n","protected":false},"featured_media":469378,"comment_status":"open","ping_status":"closed","template":"","meta":[],"product_brand":[],"product_cat":[10760,40512,38842,39306],"product_tag":[10759,40423,40421,40424,10808,40429],"class_list":{"0":"post-469377","1":"product","2":"type-product","3":"status-publish","4":"has-post-thumbnail","6":"product_cat-adidas","7":"product_cat-adidas-duramo-slides","8":"product_cat-gender-men","9":"product_cat-slides","10":"product_tag-adidas","11":"product_tag-geschenk-fa-r-ihn","12":"product_tag-la-ssige-sandalen","13":"product_tag-lifestyle-freizeitschuhe","14":"product_tag-slides","15":"product_tag-unter-retailpreis","16":"wcpa_has_options","18":"first","19":"instock","20":"taxable","21":"shipping-taxable","22":"purchasable","23":"product-type-simple"},"wcpa_form_fields":{"rules":{"pric_overide_base_price":false,"pric_overide_base_price_if_gt_zero":false,"pric_overide_base_price_fully":false,"pric_cal_option_once":false,"pric_use_as_fee":false,"bind_quantity":false,"quantity_bind_formula":false},"fields":[{"type":"color-group","required":true,"elementId":"wcpa-color-group-66c4a7f817afe","label":"Gr\u00f6\u00dfe","inline":true,"priceOptions":"different_for_all","pricingType":"fixed","className":"hassizechart product-shoes-size-eu product-shoes-size","name":"color-group-66c4a7f817b18","disp_type":"square","selection_type":"tick-border","disp_size":"50","show_label_inside":true,"adjust_width":true,"cart_display_type":"text","other_text":"Other","cl_rule":"show","col":6,"values":[{"label":"35","value":"EU 35","price":"","pimage":"","pimage_id":"","pthumb":"","color":""},{"label":"35.5","value":"EU 35.5","price":"","pimage":"","pimage_id":"","pthumb":"","color":""},{"label":"36","value":"EU 36","price":"","pimage":"","pimage_id":"","pthumb":"","color":"","selected":true},{"label":"36 2\/3","value":"EU 36 2\/3","price":"","pimage":"","pimage_id":"","pthumb":"","color":""},{"label":"37 1\/3","value":"EU 37 1\/3","price":"","pimage":"","pimage_id":"","pthumb":"","color":""},{"label":"38","value":"EU 38","price":"","pimage":"","pimage_id":"","pthumb":"","color":""},{"label":"38 2\/3","value":"EU 38 2\/3","price":"","pimage":"","pimage_id":"","pthumb":"","color":""},{"label":"39 1\/3","value":"EU 39 1\/3","price":"","pimage":"","pimage_id":"","pthumb":"","color":""},{"label":"40","value":"EU 40","price":"","pimage":"","pimage_id":"","pthumb":"","color":""},{"label":"40 2\/3","value":"EU 40 2\/3","price":"","pimage":"","pimage_id":"","pthumb":"","color":""},{"label":"41 1\/3","value":"EU 41 1\/3","price":"","pimage":"","pimage_id":"","pthumb":"","color":""},{"label":"42","value":"EU 42","price":"","pimage":"","pimage_id":"","pthumb":"","color":""},{"label":"42 2\/3","value":"EU 42 2\/3","price":"","pimage":"","pimage_id":"","pthumb":"","color":""},{"label":"43 1\/3","value":"EU 43 1\/3","price":"","pimage":"","pimage_id":"","pthumb":"","color":""},{"label":"44","value":"EU 44","price":"","pimage":"","pimage_id":"","pthumb":"","color":""},{"label":"44 2\/3","value":"EU 44 2\/3","price":"","pimage":"","pimage_id":"","pthumb":"","color":""},{"label":"45 1\/3","value":"EU 45 1\/3","price":"","pimage":"","pimage_id":"","pthumb":"","color":""},{"label":"46","value":"EU 46","price":"","pimage":"","pimage_id":"","pthumb":"","color":""},{"label":"46 2\/3","value":"EU 46 2\/3","price":"","pimage":"","pimage_id":"","pthumb":"","color":""},{"label":"47 1\/3","value":"EU 47 1\/3","price":"","pimage":"","pimage_id":"","pthumb":"","color":""}],"relations":[{"operator":false,"rules":[]}],"form_id":24802,"form_rules":{"pric_cal_option_once":false,"exclude_from_discount":false,"pric_use_as_fee":false,"fee_label":"Fee","render_after_acb":false,"disp_hide_options_price":false}}]},"yoast_head":"<!-- This site is optimized with the Yoast SEO plugin v26.5 - https:\/\/yoast.com\/wordpress\/plugins\/seo\/ -->\n<title>adidas Duramo Slides &#039;White Blue Red&#039; - Tourcruiser PTE. LTD<\/title>\n<meta name=\"robots\" content=\"index, follow, max-snippet:-1, max-image-preview:large, max-video-preview:-1\" \/>\n<link rel=\"canonical\" href=\"https:\/\/tourcruiser.com\/de\/products\/adidas-duramo-slides-white-blue-red\/\" \/>\n<meta property=\"og:locale\" content=\"de_DE\" \/>\n<meta property=\"og:type\" content=\"article\" \/>\n<meta property=\"og:title\" content=\"adidas Duramo Slides &#039;White Blue Red&#039; - Tourcruiser PTE. LTD\" \/>\n<meta property=\"og:description\" content=\"Die adidas Duramo Slides in Wei\u00c3\u0178, Blau und Rot vereinen Style und Komfort perfekt. Diese von adidas designten Slides bestechen durch ihre lebendige Farbkombination aus Wei\u00c3\u0178, Blau und Rot. Ob beim Entspannen am Pool oder beim Sport \u00e2\u20ac\u201c mit diesen Slides f\u00c3\u00bchlen sich Ihre F\u00c3\u00bc\u00c3\u0178e den ganzen Tag \u00c3\u00bcber wohl. Dank der hochwertigen Materialien sind [&hellip;]\" \/>\n<meta property=\"og:url\" content=\"https:\/\/tourcruiser.com\/de\/products\/adidas-duramo-slides-white-blue-red\/\" \/>\n<meta property=\"og:site_name\" content=\"Tourcruiser Sneaker Store\" \/>\n<meta name=\"twitter:card\" content=\"summary_large_image\" \/>\n<meta name=\"twitter:image\" content=\"https:\/\/images.novelship.com\/product\/adidas_duramo_slides__white_blue_red__u43664_0_58972.jpeg\" \/>\n<script type=\"application\/ld+json\" class=\"yoast-schema-graph\">{\"@context\":\"https:\/\/schema.org\",\"@graph\":[{\"@type\":\"WebPage\",\"@id\":\"https:\/\/tourcruiser.com\/de\/products\/adidas-duramo-slides-white-blue-red\/\",\"url\":\"https:\/\/tourcruiser.com\/de\/products\/adidas-duramo-slides-white-blue-red\/\",\"name\":\"adidas Duramo Slides 'White Blue Red' - Tourcruiser PTE. LTD\",\"isPartOf\":{\"@id\":\"https:\/\/tourcruiser.com\/de\/#website\"},\"primaryImageOfPage\":{\"@id\":\"https:\/\/tourcruiser.com\/de\/products\/adidas-duramo-slides-white-blue-red\/#primaryimage\"},\"image\":{\"@id\":\"https:\/\/tourcruiser.com\/de\/products\/adidas-duramo-slides-white-blue-red\/#primaryimage\"},\"thumbnailUrl\":\"https:\/\/images.novelship.com\/product\/adidas_duramo_slides__white_blue_red__u43664_0_58972.jpeg\",\"datePublished\":\"2026-03-21T05:24:42+00:00\",\"breadcrumb\":{\"@id\":\"https:\/\/tourcruiser.com\/de\/products\/adidas-duramo-slides-white-blue-red\/#breadcrumb\"},\"inLanguage\":\"de\",\"potentialAction\":[{\"@type\":\"ReadAction\",\"target\":[\"https:\/\/tourcruiser.com\/de\/products\/adidas-duramo-slides-white-blue-red\/\"]}]},{\"@type\":\"ImageObject\",\"inLanguage\":\"de\",\"@id\":\"https:\/\/tourcruiser.com\/de\/products\/adidas-duramo-slides-white-blue-red\/#primaryimage\",\"url\":\"https:\/\/images.novelship.com\/product\/adidas_duramo_slides__white_blue_red__u43664_0_58972.jpeg\",\"contentUrl\":\"https:\/\/images.novelship.com\/product\/adidas_duramo_slides__white_blue_red__u43664_0_58972.jpeg\"},{\"@type\":\"BreadcrumbList\",\"@id\":\"https:\/\/tourcruiser.com\/de\/products\/adidas-duramo-slides-white-blue-red\/#breadcrumb\",\"itemListElement\":[{\"@type\":\"ListItem\",\"position\":1,\"name\":\"Home\",\"item\":\"https:\/\/tourcruiser.com\/de\/\"},{\"@type\":\"ListItem\",\"position\":2,\"name\":\"Shop\",\"item\":\"https:\/\/tourcruiser.com\/de\/shop\/\"},{\"@type\":\"ListItem\",\"position\":3,\"name\":\"adidas Duramo Slides 'White Blue Red'\"}]},{\"@type\":\"WebSite\",\"@id\":\"https:\/\/tourcruiser.com\/de\/#website\",\"url\":\"https:\/\/tourcruiser.com\/de\/\",\"name\":\"Styloral Jewelry Shop\",\"description\":\"Tourcruiser Sneaker Store \u2014 der Ort, an dem das Universum deine Einzigartigkeit trifft.\",\"publisher\":{\"@id\":\"https:\/\/tourcruiser.com\/de\/#organization\"},\"potentialAction\":[{\"@type\":\"SearchAction\",\"target\":{\"@type\":\"EntryPoint\",\"urlTemplate\":\"https:\/\/tourcruiser.com\/de\/?s={search_term_string}\"},\"query-input\":{\"@type\":\"PropertyValueSpecification\",\"valueRequired\":true,\"valueName\":\"search_term_string\"}}],\"inLanguage\":\"de\"},{\"@type\":\"Organization\",\"@id\":\"https:\/\/tourcruiser.com\/de\/#organization\",\"name\":\"STYLORAL PTE. LTD\",\"url\":\"https:\/\/tourcruiser.com\/de\/\",\"logo\":{\"@type\":\"ImageObject\",\"inLanguage\":\"de\",\"@id\":\"https:\/\/tourcruiser.com\/de\/#\/schema\/logo\/image\/\",\"url\":\"https:\/\/www.tourcruiser.com\/wp-content\/uploads\/2025\/12\/logo.png\",\"contentUrl\":\"https:\/\/www.tourcruiser.com\/wp-content\/uploads\/2025\/12\/logo.png\",\"width\":200,\"height\":65,\"caption\":\"STYLORAL PTE. LTD\"},\"image\":{\"@id\":\"https:\/\/tourcruiser.com\/de\/#\/schema\/logo\/image\/\"}}]}<\/script>\n<!-- \/ Yoast SEO plugin. -->","yoast_head_json":{"title":"adidas Duramo Slides 'White Blue Red' - Tourcruiser PTE. LTD","robots":{"index":"index","follow":"follow","max-snippet":"max-snippet:-1","max-image-preview":"max-image-preview:large","max-video-preview":"max-video-preview:-1"},"canonical":"https:\/\/tourcruiser.com\/de\/products\/adidas-duramo-slides-white-blue-red\/","og_locale":"de_DE","og_type":"article","og_title":"adidas Duramo Slides 'White Blue Red' - Tourcruiser PTE. LTD","og_description":"Die adidas Duramo Slides in Wei\u00c3\u0178, Blau und Rot vereinen Style und Komfort perfekt. Diese von adidas designten Slides bestechen durch ihre lebendige Farbkombination aus Wei\u00c3\u0178, Blau und Rot. Ob beim Entspannen am Pool oder beim Sport \u00e2\u20ac\u201c mit diesen Slides f\u00c3\u00bchlen sich Ihre F\u00c3\u00bc\u00c3\u0178e den ganzen Tag \u00c3\u00bcber wohl. Dank der hochwertigen Materialien sind [&hellip;]","og_url":"https:\/\/tourcruiser.com\/de\/products\/adidas-duramo-slides-white-blue-red\/","og_site_name":"Tourcruiser Sneaker Store","twitter_card":"summary_large_image","twitter_image":"https:\/\/images.novelship.com\/product\/adidas_duramo_slides__white_blue_red__u43664_0_58972.jpeg","schema":{"@context":"https:\/\/schema.org","@graph":[{"@type":"WebPage","@id":"https:\/\/tourcruiser.com\/de\/products\/adidas-duramo-slides-white-blue-red\/","url":"https:\/\/tourcruiser.com\/de\/products\/adidas-duramo-slides-white-blue-red\/","name":"adidas Duramo Slides 'White Blue Red' - Tourcruiser PTE. LTD","isPartOf":{"@id":"https:\/\/tourcruiser.com\/de\/#website"},"primaryImageOfPage":{"@id":"https:\/\/tourcruiser.com\/de\/products\/adidas-duramo-slides-white-blue-red\/#primaryimage"},"image":{"@id":"https:\/\/tourcruiser.com\/de\/products\/adidas-duramo-slides-white-blue-red\/#primaryimage"},"thumbnailUrl":"https:\/\/images.novelship.com\/product\/adidas_duramo_slides__white_blue_red__u43664_0_58972.jpeg","datePublished":"2026-03-21T05:24:42+00:00","breadcrumb":{"@id":"https:\/\/tourcruiser.com\/de\/products\/adidas-duramo-slides-white-blue-red\/#breadcrumb"},"inLanguage":"de","potentialAction":[{"@type":"ReadAction","target":["https:\/\/tourcruiser.com\/de\/products\/adidas-duramo-slides-white-blue-red\/"]}]},{"@type":"ImageObject","inLanguage":"de","@id":"https:\/\/tourcruiser.com\/de\/products\/adidas-duramo-slides-white-blue-red\/#primaryimage","url":"https:\/\/images.novelship.com\/product\/adidas_duramo_slides__white_blue_red__u43664_0_58972.jpeg","contentUrl":"https:\/\/images.novelship.com\/product\/adidas_duramo_slides__white_blue_red__u43664_0_58972.jpeg"},{"@type":"BreadcrumbList","@id":"https:\/\/tourcruiser.com\/de\/products\/adidas-duramo-slides-white-blue-red\/#breadcrumb","itemListElement":[{"@type":"ListItem","position":1,"name":"Home","item":"https:\/\/tourcruiser.com\/de\/"},{"@type":"ListItem","position":2,"name":"Shop","item":"https:\/\/tourcruiser.com\/de\/shop\/"},{"@type":"ListItem","position":3,"name":"adidas Duramo Slides 'White Blue Red'"}]},{"@type":"WebSite","@id":"https:\/\/tourcruiser.com\/de\/#website","url":"https:\/\/tourcruiser.com\/de\/","name":"Styloral Jewelry Shop","description":"Tourcruiser Sneaker Store \u2014 der Ort, an dem das Universum deine Einzigartigkeit trifft.","publisher":{"@id":"https:\/\/tourcruiser.com\/de\/#organization"},"potentialAction":[{"@type":"SearchAction","target":{"@type":"EntryPoint","urlTemplate":"https:\/\/tourcruiser.com\/de\/?s={search_term_string}"},"query-input":{"@type":"PropertyValueSpecification","valueRequired":true,"valueName":"search_term_string"}}],"inLanguage":"de"},{"@type":"Organization","@id":"https:\/\/tourcruiser.com\/de\/#organization","name":"STYLORAL PTE. LTD","url":"https:\/\/tourcruiser.com\/de\/","logo":{"@type":"ImageObject","inLanguage":"de","@id":"https:\/\/tourcruiser.com\/de\/#\/schema\/logo\/image\/","url":"https:\/\/www.tourcruiser.com\/wp-content\/uploads\/2025\/12\/logo.png","contentUrl":"https:\/\/www.tourcruiser.com\/wp-content\/uploads\/2025\/12\/logo.png","width":200,"height":65,"caption":"STYLORAL PTE. LTD"},"image":{"@id":"https:\/\/tourcruiser.com\/de\/#\/schema\/logo\/image\/"}}]}},"_links":{"self":[{"href":"https:\/\/tourcruiser.com\/de\/wp-json\/wp\/v2\/product\/469377","targetHints":{"allow":["GET"]}}],"collection":[{"href":"https:\/\/tourcruiser.com\/de\/wp-json\/wp\/v2\/product"}],"about":[{"href":"https:\/\/tourcruiser.com\/de\/wp-json\/wp\/v2\/types\/product"}],"replies":[{"embeddable":true,"href":"https:\/\/tourcruiser.com\/de\/wp-json\/wp\/v2\/comments?post=469377"}],"wp:featuredmedia":[{"embeddable":true,"href":"https:\/\/tourcruiser.com\/de\/wp-json\/wp\/v2\/media\/469378"}],"wp:attachment":[{"href":"https:\/\/tourcruiser.com\/de\/wp-json\/wp\/v2\/media?parent=469377"}],"wp:term":[{"taxonomy":"product_brand","embeddable":true,"href":"https:\/\/tourcruiser.com\/de\/wp-json\/wp\/v2\/product_brand?post=469377"},{"taxonomy":"product_cat","embeddable":true,"href":"https:\/\/tourcruiser.com\/de\/wp-json\/wp\/v2\/product_cat?post=469377"},{"taxonomy":"product_tag","embeddable":true,"href":"https:\/\/tourcruiser.com\/de\/wp-json\/wp\/v2\/product_tag?post=469377"}],"curies":[{"name":"wp","href":"https:\/\/api.w.org\/{rel}","templated":true}]}}