{"id":469224,"date":"2026-03-21T12:23:44","date_gmt":"2026-03-21T05:23:44","guid":{"rendered":"http:\/\/tourcruiser.com\/product\/women-nike-mind-001-slide-black-chrome"},"modified":"2026-03-21T12:23:44","modified_gmt":"2026-03-21T05:23:44","slug":"women-nike-mind-001-slide-black-chrome","status":"publish","type":"product","link":"https:\/\/tourcruiser.com\/de\/products\/women-nike-mind-001-slide-black-chrome\/","title":{"rendered":"(Women) Nike Mind 001 Slide Black Chrome"},"content":{"rendered":"<p>Erleben Sie m\u00c3\u00bchelosen Komfort und Stil mit dem Nike Mind 001 Slide, der exklusiv f\u00c3\u00bcr Frauen entwickelt wurde. Diese eleganten Pantoletten aus schwarzem Chrom vereinen moderne \u00c3\u201esthetik mit leichterer Funktionalit\u00c3\u00a4t und sind somit die perfekte Wahl zum Entspannen, f\u00c3\u00bcr Freizeitausfl\u00c3\u00bcge oder zur Erholung nach dem Training. Sie verf\u00c3\u00bcgen \u00c3\u00bcber ein konturiertes Fu\u00c3\u0178bett und eine weiche Schaumstoffpolsterung und bieten hervorragenden Halt, damit Ihre F\u00c3\u00bc\u00c3\u0178e den ganzen Tag \u00c3\u00bcber bequem bleiben. Das strapazierf\u00c3\u00a4hige Synthetik-Obermaterial mit seinen kr\u00c3\u00a4ftigen Chromakzenten verleiht einen Hauch von Eleganz und wertet Ihre sportlichen oder l\u00c3\u00a4ssigen Outfits m\u00c3\u00bchelos auf. Die auf Haltbarkeit und Griffigkeit ausgelegte Au\u00c3\u0178ensohle sorgt f\u00c3\u00bcr Stabilit\u00c3\u00a4t sowohl auf Innen- als auch auf Au\u00c3\u0178enfl\u00c3\u00a4chen. Egal, ob Sie zu Hause entspannen oder schnelle Sorgen machen, diese Nike-Slipper bieten un\u00c3\u00bcbertroffene Vielseitigkeit und zukunftsweisende Attraktivit\u00c3\u00a4t. Werten Sie Ihr Schuhwerk mit dem bequemen und stilvollen Nike Mind 001 Slide, HQ4309-001, auf.<\/p>\n<ul>\n<li><strong>Farbgebung:<\/strong> Schwarz\/Hyper Crimson\/Wei\u00c3\u0178\/Chrom<\/li>\n<li><strong>Stilcode:<\/strong> HQ4309-001<\/li>\n<li><strong>Obermaterial:<\/strong> EVA-Schaum<\/li>\n<li><strong>Farbe:<\/strong> Schwarz<\/li>\n<li><strong>Erscheinungsjahr:<\/strong> 2026<\/li>\n<\/ul>\n","protected":false},"excerpt":{"rendered":"<p>Erleben Sie m\u00c3\u00bchelosen Komfort und Stil mit dem Nike Mind 001 Slide, der exklusiv f\u00c3\u00bcr Frauen entwickelt wurde. Diese eleganten Pantoletten aus schwarzem Chrom vereinen moderne \u00c3\u201esthetik mit leichterer Funktionalit\u00c3\u00a4t und sind somit die perfekte Wahl zum Entspannen, f\u00c3\u00bcr Freizeitausfl\u00c3\u00bcge oder zur Erholung nach dem Training. Sie verf\u00c3\u00bcgen \u00c3\u00bcber ein konturiertes Fu\u00c3\u0178bett und eine weiche [&hellip;]<\/p>\n","protected":false},"featured_media":469225,"comment_status":"open","ping_status":"closed","template":"","meta":[],"product_brand":[],"product_cat":[40605,10803,39306,38854],"product_tag":[40430,40420,40424,40602,10801,10808,40603,40604],"class_list":{"0":"post-469224","1":"product","2":"type-product","3":"status-publish","4":"has-post-thumbnail","6":"product_cat-nike-mind-001","7":"product_cat-nike","8":"product_cat-slides","9":"product_cat-gender-women","10":"product_tag-athleisure-schuhe","11":"product_tag-bestseller","12":"product_tag-lifestyle-freizeitschuhe","13":"product_tag-neue-vera-ffentlichung","14":"product_tag-nike","15":"product_tag-slides","16":"product_tag-trendansicht","17":"product_tag-trendansicht-3","18":"wcpa_has_options","20":"first","21":"instock","22":"taxable","23":"shipping-taxable","24":"purchasable","25":"product-type-simple"},"wcpa_form_fields":{"rules":{"pric_overide_base_price":false,"pric_overide_base_price_if_gt_zero":false,"pric_overide_base_price_fully":false,"pric_cal_option_once":false,"pric_use_as_fee":false,"bind_quantity":false,"quantity_bind_formula":false},"fields":[{"type":"color-group","required":true,"elementId":"wcpa-color-group-66c4a75505e74","label":"Gr\u00f6\u00dfe - EU Gr\u00f6\u00dfe","inline":true,"priceOptions":"different_for_all","pricingType":"fixed","className":"hassizechart product-shoes-size-eu product-shoes-size","name":"color-group-66c4a75505e89","disp_type":"square","selection_type":"tick-border","disp_size":"44","show_label_inside":true,"adjust_width":true,"cart_display_type":"text","other_text":"Other","cl_rule":"show","col":6,"values":[{"label":"35.5","value":"EU 35.5","price":"","pimage":"","pimage_id":"","pthumb":"","color":""},{"label":"36","value":"EU 36","price":"","pimage":"","pimage_id":"","pthumb":"","color":"","selected":true},{"label":"36.5","value":"EU 36.5","price":"","pimage":"","pimage_id":"","pthumb":"","color":""},{"label":"37.5","value":"EU 37.5","price":"","pimage":"","pimage_id":"","pthumb":"","color":""},{"label":"38","value":"EU 38","price":"","pimage":"","pimage_id":"","pthumb":"","color":""},{"label":"38.5","value":"EU 38.5","price":"","pimage":"","pimage_id":"","pthumb":"","color":""},{"label":"39","value":"EU 39","price":"","pimage":"","pimage_id":"","pthumb":"","color":""},{"label":"40","value":"EU 40","price":"","pimage":"","pimage_id":"","pthumb":"","color":""},{"label":"40.5","value":"EU 40.5","price":"","pimage":"","pimage_id":"","pthumb":"","color":""},{"label":"41","value":"EU 41","price":"","pimage":"","pimage_id":"","pthumb":"","color":""},{"label":"42","value":"EU 42","price":"","pimage":"","pimage_id":"","pthumb":"","color":""},{"label":"42.5","value":"EU 42.5","price":"","pimage":"","pimage_id":"","pthumb":"","color":""},{"label":"43","value":"EU 43","price":"","pimage":"","pimage_id":"","pthumb":"","color":""},{"label":"44","value":"EU 44","price":"","pimage":"","pimage_id":"","pthumb":"","color":""},{"label":"44.5","value":"EU 44.5","price":"","pimage":"","pimage_id":"","pthumb":"","color":""},{"label":"45","value":"EU 45","price":"","pimage":"","pimage_id":"","pthumb":"","color":""},{"label":"45.5","value":"EU 45.5","price":"","pimage":"","pimage_id":"","pthumb":"","color":""},{"label":"46","value":"EU 46","price":"","pimage":"","pimage_id":"","pthumb":"","color":""},{"label":"47","value":"EU 47","price":"","pimage":"","pimage_id":"","pthumb":"","color":""},{"label":"47.5","value":"EU 47.5","price":"","pimage":"","pimage_id":"","pthumb":"","color":""},{"label":"48","value":"EU 48","price":"","pimage":"","pimage_id":"","pthumb":"","color":""}],"relations":[{"operator":false,"rules":[]}],"form_id":18106,"form_rules":{"pric_cal_option_once":false,"exclude_from_discount":false,"pric_use_as_fee":false,"fee_label":"Fee","render_after_acb":false,"disp_hide_options_price":false}}]},"yoast_head":"<!-- This site is optimized with the Yoast SEO plugin v26.5 - https:\/\/yoast.com\/wordpress\/plugins\/seo\/ -->\n<title>(Women) Nike Mind 001 Slide Black Chrome - Tourcruiser PTE. LTD<\/title>\n<meta name=\"robots\" content=\"index, follow, max-snippet:-1, max-image-preview:large, max-video-preview:-1\" \/>\n<link rel=\"canonical\" href=\"https:\/\/tourcruiser.com\/de\/products\/women-nike-mind-001-slide-black-chrome\/\" \/>\n<meta property=\"og:locale\" content=\"de_DE\" \/>\n<meta property=\"og:type\" content=\"article\" \/>\n<meta property=\"og:title\" content=\"(Women) Nike Mind 001 Slide Black Chrome - Tourcruiser PTE. LTD\" \/>\n<meta property=\"og:description\" content=\"Erleben Sie m\u00c3\u00bchelosen Komfort und Stil mit dem Nike Mind 001 Slide, der exklusiv f\u00c3\u00bcr Frauen entwickelt wurde. Diese eleganten Pantoletten aus schwarzem Chrom vereinen moderne \u00c3\u201esthetik mit leichterer Funktionalit\u00c3\u00a4t und sind somit die perfekte Wahl zum Entspannen, f\u00c3\u00bcr Freizeitausfl\u00c3\u00bcge oder zur Erholung nach dem Training. Sie verf\u00c3\u00bcgen \u00c3\u00bcber ein konturiertes Fu\u00c3\u0178bett und eine weiche [&hellip;]\" \/>\n<meta property=\"og:url\" content=\"https:\/\/tourcruiser.com\/de\/products\/women-nike-mind-001-slide-black-chrome\/\" \/>\n<meta property=\"og:site_name\" content=\"Tourcruiser Sneaker Store\" \/>\n<meta name=\"twitter:card\" content=\"summary_large_image\" \/>\n<meta name=\"twitter:image\" content=\"https:\/\/images.novelship.com\/product\/_women__nike_mind_001_slide_black_chrome_hq4309-00_0_2350.png\" \/>\n<meta name=\"twitter:label1\" content=\"Gesch\u00e4tzte Lesezeit\" \/>\n\t<meta name=\"twitter:data1\" content=\"1\u00a0Minute\" \/>\n<script type=\"application\/ld+json\" class=\"yoast-schema-graph\">{\"@context\":\"https:\/\/schema.org\",\"@graph\":[{\"@type\":\"WebPage\",\"@id\":\"https:\/\/tourcruiser.com\/de\/products\/women-nike-mind-001-slide-black-chrome\/\",\"url\":\"https:\/\/tourcruiser.com\/de\/products\/women-nike-mind-001-slide-black-chrome\/\",\"name\":\"(Women) Nike Mind 001 Slide Black Chrome - Tourcruiser PTE. LTD\",\"isPartOf\":{\"@id\":\"https:\/\/tourcruiser.com\/de\/#website\"},\"primaryImageOfPage\":{\"@id\":\"https:\/\/tourcruiser.com\/de\/products\/women-nike-mind-001-slide-black-chrome\/#primaryimage\"},\"image\":{\"@id\":\"https:\/\/tourcruiser.com\/de\/products\/women-nike-mind-001-slide-black-chrome\/#primaryimage\"},\"thumbnailUrl\":\"https:\/\/images.novelship.com\/product\/_women__nike_mind_001_slide_black_chrome_hq4309-00_0_2350.png\",\"datePublished\":\"2026-03-21T05:23:44+00:00\",\"breadcrumb\":{\"@id\":\"https:\/\/tourcruiser.com\/de\/products\/women-nike-mind-001-slide-black-chrome\/#breadcrumb\"},\"inLanguage\":\"de\",\"potentialAction\":[{\"@type\":\"ReadAction\",\"target\":[\"https:\/\/tourcruiser.com\/de\/products\/women-nike-mind-001-slide-black-chrome\/\"]}]},{\"@type\":\"ImageObject\",\"inLanguage\":\"de\",\"@id\":\"https:\/\/tourcruiser.com\/de\/products\/women-nike-mind-001-slide-black-chrome\/#primaryimage\",\"url\":\"https:\/\/images.novelship.com\/product\/_women__nike_mind_001_slide_black_chrome_hq4309-00_0_2350.png\",\"contentUrl\":\"https:\/\/images.novelship.com\/product\/_women__nike_mind_001_slide_black_chrome_hq4309-00_0_2350.png\"},{\"@type\":\"BreadcrumbList\",\"@id\":\"https:\/\/tourcruiser.com\/de\/products\/women-nike-mind-001-slide-black-chrome\/#breadcrumb\",\"itemListElement\":[{\"@type\":\"ListItem\",\"position\":1,\"name\":\"Home\",\"item\":\"https:\/\/tourcruiser.com\/de\/\"},{\"@type\":\"ListItem\",\"position\":2,\"name\":\"Shop\",\"item\":\"https:\/\/tourcruiser.com\/de\/shop\/\"},{\"@type\":\"ListItem\",\"position\":3,\"name\":\"(Women) Nike Mind 001 Slide Black Chrome\"}]},{\"@type\":\"WebSite\",\"@id\":\"https:\/\/tourcruiser.com\/de\/#website\",\"url\":\"https:\/\/tourcruiser.com\/de\/\",\"name\":\"Styloral Jewelry Shop\",\"description\":\"Tourcruiser Sneaker Store \u2014 der Ort, an dem das Universum deine Einzigartigkeit trifft.\",\"publisher\":{\"@id\":\"https:\/\/tourcruiser.com\/de\/#organization\"},\"potentialAction\":[{\"@type\":\"SearchAction\",\"target\":{\"@type\":\"EntryPoint\",\"urlTemplate\":\"https:\/\/tourcruiser.com\/de\/?s={search_term_string}\"},\"query-input\":{\"@type\":\"PropertyValueSpecification\",\"valueRequired\":true,\"valueName\":\"search_term_string\"}}],\"inLanguage\":\"de\"},{\"@type\":\"Organization\",\"@id\":\"https:\/\/tourcruiser.com\/de\/#organization\",\"name\":\"STYLORAL PTE. LTD\",\"url\":\"https:\/\/tourcruiser.com\/de\/\",\"logo\":{\"@type\":\"ImageObject\",\"inLanguage\":\"de\",\"@id\":\"https:\/\/tourcruiser.com\/de\/#\/schema\/logo\/image\/\",\"url\":\"https:\/\/www.tourcruiser.com\/wp-content\/uploads\/2025\/12\/logo.png\",\"contentUrl\":\"https:\/\/www.tourcruiser.com\/wp-content\/uploads\/2025\/12\/logo.png\",\"width\":200,\"height\":65,\"caption\":\"STYLORAL PTE. LTD\"},\"image\":{\"@id\":\"https:\/\/tourcruiser.com\/de\/#\/schema\/logo\/image\/\"}}]}<\/script>\n<!-- \/ Yoast SEO plugin. -->","yoast_head_json":{"title":"(Women) Nike Mind 001 Slide Black Chrome - Tourcruiser PTE. LTD","robots":{"index":"index","follow":"follow","max-snippet":"max-snippet:-1","max-image-preview":"max-image-preview:large","max-video-preview":"max-video-preview:-1"},"canonical":"https:\/\/tourcruiser.com\/de\/products\/women-nike-mind-001-slide-black-chrome\/","og_locale":"de_DE","og_type":"article","og_title":"(Women) Nike Mind 001 Slide Black Chrome - Tourcruiser PTE. LTD","og_description":"Erleben Sie m\u00c3\u00bchelosen Komfort und Stil mit dem Nike Mind 001 Slide, der exklusiv f\u00c3\u00bcr Frauen entwickelt wurde. Diese eleganten Pantoletten aus schwarzem Chrom vereinen moderne \u00c3\u201esthetik mit leichterer Funktionalit\u00c3\u00a4t und sind somit die perfekte Wahl zum Entspannen, f\u00c3\u00bcr Freizeitausfl\u00c3\u00bcge oder zur Erholung nach dem Training. Sie verf\u00c3\u00bcgen \u00c3\u00bcber ein konturiertes Fu\u00c3\u0178bett und eine weiche [&hellip;]","og_url":"https:\/\/tourcruiser.com\/de\/products\/women-nike-mind-001-slide-black-chrome\/","og_site_name":"Tourcruiser Sneaker Store","twitter_card":"summary_large_image","twitter_image":"https:\/\/images.novelship.com\/product\/_women__nike_mind_001_slide_black_chrome_hq4309-00_0_2350.png","twitter_misc":{"Gesch\u00e4tzte Lesezeit":"1\u00a0Minute"},"schema":{"@context":"https:\/\/schema.org","@graph":[{"@type":"WebPage","@id":"https:\/\/tourcruiser.com\/de\/products\/women-nike-mind-001-slide-black-chrome\/","url":"https:\/\/tourcruiser.com\/de\/products\/women-nike-mind-001-slide-black-chrome\/","name":"(Women) Nike Mind 001 Slide Black Chrome - Tourcruiser PTE. LTD","isPartOf":{"@id":"https:\/\/tourcruiser.com\/de\/#website"},"primaryImageOfPage":{"@id":"https:\/\/tourcruiser.com\/de\/products\/women-nike-mind-001-slide-black-chrome\/#primaryimage"},"image":{"@id":"https:\/\/tourcruiser.com\/de\/products\/women-nike-mind-001-slide-black-chrome\/#primaryimage"},"thumbnailUrl":"https:\/\/images.novelship.com\/product\/_women__nike_mind_001_slide_black_chrome_hq4309-00_0_2350.png","datePublished":"2026-03-21T05:23:44+00:00","breadcrumb":{"@id":"https:\/\/tourcruiser.com\/de\/products\/women-nike-mind-001-slide-black-chrome\/#breadcrumb"},"inLanguage":"de","potentialAction":[{"@type":"ReadAction","target":["https:\/\/tourcruiser.com\/de\/products\/women-nike-mind-001-slide-black-chrome\/"]}]},{"@type":"ImageObject","inLanguage":"de","@id":"https:\/\/tourcruiser.com\/de\/products\/women-nike-mind-001-slide-black-chrome\/#primaryimage","url":"https:\/\/images.novelship.com\/product\/_women__nike_mind_001_slide_black_chrome_hq4309-00_0_2350.png","contentUrl":"https:\/\/images.novelship.com\/product\/_women__nike_mind_001_slide_black_chrome_hq4309-00_0_2350.png"},{"@type":"BreadcrumbList","@id":"https:\/\/tourcruiser.com\/de\/products\/women-nike-mind-001-slide-black-chrome\/#breadcrumb","itemListElement":[{"@type":"ListItem","position":1,"name":"Home","item":"https:\/\/tourcruiser.com\/de\/"},{"@type":"ListItem","position":2,"name":"Shop","item":"https:\/\/tourcruiser.com\/de\/shop\/"},{"@type":"ListItem","position":3,"name":"(Women) Nike Mind 001 Slide Black Chrome"}]},{"@type":"WebSite","@id":"https:\/\/tourcruiser.com\/de\/#website","url":"https:\/\/tourcruiser.com\/de\/","name":"Styloral Jewelry Shop","description":"Tourcruiser Sneaker Store \u2014 der Ort, an dem das Universum deine Einzigartigkeit trifft.","publisher":{"@id":"https:\/\/tourcruiser.com\/de\/#organization"},"potentialAction":[{"@type":"SearchAction","target":{"@type":"EntryPoint","urlTemplate":"https:\/\/tourcruiser.com\/de\/?s={search_term_string}"},"query-input":{"@type":"PropertyValueSpecification","valueRequired":true,"valueName":"search_term_string"}}],"inLanguage":"de"},{"@type":"Organization","@id":"https:\/\/tourcruiser.com\/de\/#organization","name":"STYLORAL PTE. LTD","url":"https:\/\/tourcruiser.com\/de\/","logo":{"@type":"ImageObject","inLanguage":"de","@id":"https:\/\/tourcruiser.com\/de\/#\/schema\/logo\/image\/","url":"https:\/\/www.tourcruiser.com\/wp-content\/uploads\/2025\/12\/logo.png","contentUrl":"https:\/\/www.tourcruiser.com\/wp-content\/uploads\/2025\/12\/logo.png","width":200,"height":65,"caption":"STYLORAL PTE. LTD"},"image":{"@id":"https:\/\/tourcruiser.com\/de\/#\/schema\/logo\/image\/"}}]}},"_links":{"self":[{"href":"https:\/\/tourcruiser.com\/de\/wp-json\/wp\/v2\/product\/469224","targetHints":{"allow":["GET"]}}],"collection":[{"href":"https:\/\/tourcruiser.com\/de\/wp-json\/wp\/v2\/product"}],"about":[{"href":"https:\/\/tourcruiser.com\/de\/wp-json\/wp\/v2\/types\/product"}],"replies":[{"embeddable":true,"href":"https:\/\/tourcruiser.com\/de\/wp-json\/wp\/v2\/comments?post=469224"}],"wp:featuredmedia":[{"embeddable":true,"href":"https:\/\/tourcruiser.com\/de\/wp-json\/wp\/v2\/media\/469225"}],"wp:attachment":[{"href":"https:\/\/tourcruiser.com\/de\/wp-json\/wp\/v2\/media?parent=469224"}],"wp:term":[{"taxonomy":"product_brand","embeddable":true,"href":"https:\/\/tourcruiser.com\/de\/wp-json\/wp\/v2\/product_brand?post=469224"},{"taxonomy":"product_cat","embeddable":true,"href":"https:\/\/tourcruiser.com\/de\/wp-json\/wp\/v2\/product_cat?post=469224"},{"taxonomy":"product_tag","embeddable":true,"href":"https:\/\/tourcruiser.com\/de\/wp-json\/wp\/v2\/product_tag?post=469224"}],"curies":[{"name":"wp","href":"https:\/\/api.w.org\/{rel}","templated":true}]}}