{"id":469051,"date":"2026-03-21T12:23:11","date_gmt":"2026-03-21T05:23:11","guid":{"rendered":"http:\/\/tourcruiser.com\/product\/women-nike-offcourt-slide-se-light-orewood-brown"},"modified":"2026-03-21T12:23:11","modified_gmt":"2026-03-21T05:23:11","slug":"women-nike-offcourt-slide-se-light-orewood-brown","status":"publish","type":"product","link":"https:\/\/tourcruiser.com\/de\/products\/women-nike-offcourt-slide-se-light-orewood-brown\/","title":{"rendered":"(Women) Nike OffCourt Slide SE &#8218;Light Orewood Brown&#8216;"},"content":{"rendered":"<p>Genie\u00c3\u0178en Sie Komfort und Stil mit den Nike OffCourt Slide SE \u00e2\u20ac\u017eLight Orewood Brown\u00e2\u20ac\u0153. Dank der weichen Schaumstoff-Mittelsohle bieten diese Slides au\u00c3\u0178ergew\u00c3\u00b6hnliche D\u00c3\u00a4mpfung f\u00c3\u00bcr ganzt\u00c3\u00a4gigen Tragekomfort. Die strapazierf\u00c3\u00a4hige Gummiau\u00c3\u0178ensohle sorgt f\u00c3\u00bcr optimale Traktion, w\u00c3\u00a4hrend das Obermaterial aus Kunstleder einen Hauch von Luxus verleiht. Perfekt zum Entspannen nach dem Training oder f\u00c3\u00bcr l\u00c3\u00a4ssige Ausfl\u00c3\u00bcge \u00e2\u20ac\u201c diese Slides sind ein Must-have f\u00c3\u00bcr Frauen, die Wert auf Komfort und Stil legen.<\/p>\n<ul>\n<li><strong>Farbgebung:<\/strong> Light Orewood Brown\/Light Orewood Brown\/Aura<\/li>\n<li><strong>Style-Code:<\/strong> DJ8502-100<\/li>\n<li><strong>Obermaterial:<\/strong> Canvas<\/li>\n<li><strong>Erscheinungsjahr:<\/strong> 2021<\/li>\n<\/ul>\n","protected":false},"excerpt":{"rendered":"<p>Genie\u00c3\u0178en Sie Komfort und Stil mit den Nike OffCourt Slide SE \u00e2\u20ac\u017eLight Orewood Brown\u00e2\u20ac\u0153. Dank der weichen Schaumstoff-Mittelsohle bieten diese Slides au\u00c3\u0178ergew\u00c3\u00b6hnliche D\u00c3\u00a4mpfung f\u00c3\u00bcr ganzt\u00c3\u00a4gigen Tragekomfort. Die strapazierf\u00c3\u00a4hige Gummiau\u00c3\u0178ensohle sorgt f\u00c3\u00bcr optimale Traktion, w\u00c3\u00a4hrend das Obermaterial aus Kunstleder einen Hauch von Luxus verleiht. Perfekt zum Entspannen nach dem Training oder f\u00c3\u00bcr l\u00c3\u00a4ssige Ausfl\u00c3\u00bcge \u00e2\u20ac\u201c diese [&hellip;]<\/p>\n","protected":false},"featured_media":469052,"comment_status":"open","ping_status":"closed","template":"","meta":[],"product_brand":[],"product_cat":[10803,40590,39306,38854],"product_tag":[40473,40424,10801,40520,10808,40429],"class_list":{"0":"post-469051","1":"product","2":"type-product","3":"status-publish","4":"has-post-thumbnail","6":"product_cat-nike","7":"product_cat-nike-offcourt-slide-se","8":"product_cat-slides","9":"product_cat-gender-women","10":"product_tag-geschenk-fa-r-sie","11":"product_tag-lifestyle-freizeitschuhe","12":"product_tag-nike","13":"product_tag-sandalen-mit-einem-riemen","14":"product_tag-slides","15":"product_tag-unter-retailpreis","16":"wcpa_has_options","18":"first","19":"instock","20":"sale","21":"taxable","22":"shipping-taxable","23":"purchasable","24":"product-type-simple"},"wcpa_form_fields":{"rules":{"pric_overide_base_price":false,"pric_overide_base_price_if_gt_zero":false,"pric_overide_base_price_fully":false,"pric_cal_option_once":false,"pric_use_as_fee":false,"bind_quantity":false,"quantity_bind_formula":false},"fields":[{"type":"color-group","required":true,"elementId":"wcpa-color-group-66c4a75505e74","label":"Gr\u00f6\u00dfe - EU Gr\u00f6\u00dfe","inline":true,"priceOptions":"different_for_all","pricingType":"fixed","className":"hassizechart product-shoes-size-eu product-shoes-size","name":"color-group-66c4a75505e89","disp_type":"square","selection_type":"tick-border","disp_size":"44","show_label_inside":true,"adjust_width":true,"cart_display_type":"text","other_text":"Other","cl_rule":"show","col":6,"values":[{"label":"35.5","value":"EU 35.5","price":"","pimage":"","pimage_id":"","pthumb":"","color":""},{"label":"36","value":"EU 36","price":"","pimage":"","pimage_id":"","pthumb":"","color":"","selected":true},{"label":"36.5","value":"EU 36.5","price":"","pimage":"","pimage_id":"","pthumb":"","color":""},{"label":"37.5","value":"EU 37.5","price":"","pimage":"","pimage_id":"","pthumb":"","color":""},{"label":"38","value":"EU 38","price":"","pimage":"","pimage_id":"","pthumb":"","color":""},{"label":"38.5","value":"EU 38.5","price":"","pimage":"","pimage_id":"","pthumb":"","color":""},{"label":"39","value":"EU 39","price":"","pimage":"","pimage_id":"","pthumb":"","color":""},{"label":"40","value":"EU 40","price":"","pimage":"","pimage_id":"","pthumb":"","color":""},{"label":"40.5","value":"EU 40.5","price":"","pimage":"","pimage_id":"","pthumb":"","color":""},{"label":"41","value":"EU 41","price":"","pimage":"","pimage_id":"","pthumb":"","color":""},{"label":"42","value":"EU 42","price":"","pimage":"","pimage_id":"","pthumb":"","color":""},{"label":"42.5","value":"EU 42.5","price":"","pimage":"","pimage_id":"","pthumb":"","color":""},{"label":"43","value":"EU 43","price":"","pimage":"","pimage_id":"","pthumb":"","color":""},{"label":"44","value":"EU 44","price":"","pimage":"","pimage_id":"","pthumb":"","color":""},{"label":"44.5","value":"EU 44.5","price":"","pimage":"","pimage_id":"","pthumb":"","color":""},{"label":"45","value":"EU 45","price":"","pimage":"","pimage_id":"","pthumb":"","color":""},{"label":"45.5","value":"EU 45.5","price":"","pimage":"","pimage_id":"","pthumb":"","color":""},{"label":"46","value":"EU 46","price":"","pimage":"","pimage_id":"","pthumb":"","color":""},{"label":"47","value":"EU 47","price":"","pimage":"","pimage_id":"","pthumb":"","color":""},{"label":"47.5","value":"EU 47.5","price":"","pimage":"","pimage_id":"","pthumb":"","color":""},{"label":"48","value":"EU 48","price":"","pimage":"","pimage_id":"","pthumb":"","color":""}],"relations":[{"operator":false,"rules":[]}],"form_id":18106,"form_rules":{"pric_cal_option_once":false,"exclude_from_discount":false,"pric_use_as_fee":false,"fee_label":"Fee","render_after_acb":false,"disp_hide_options_price":false}}]},"yoast_head":"<!-- This site is optimized with the Yoast SEO plugin v26.5 - https:\/\/yoast.com\/wordpress\/plugins\/seo\/ -->\n<title>(Women) Nike OffCourt Slide SE &#039;Light Orewood Brown&#039; - Tourcruiser PTE. LTD<\/title>\n<meta name=\"robots\" content=\"index, follow, max-snippet:-1, max-image-preview:large, max-video-preview:-1\" \/>\n<link rel=\"canonical\" href=\"https:\/\/tourcruiser.com\/de\/products\/women-nike-offcourt-slide-se-light-orewood-brown\/\" \/>\n<meta property=\"og:locale\" content=\"de_DE\" \/>\n<meta property=\"og:type\" content=\"article\" \/>\n<meta property=\"og:title\" content=\"(Women) Nike OffCourt Slide SE &#039;Light Orewood Brown&#039; - Tourcruiser PTE. LTD\" \/>\n<meta property=\"og:description\" content=\"Genie\u00c3\u0178en Sie Komfort und Stil mit den Nike OffCourt Slide SE \u00e2\u20ac\u017eLight Orewood Brown\u00e2\u20ac\u0153. Dank der weichen Schaumstoff-Mittelsohle bieten diese Slides au\u00c3\u0178ergew\u00c3\u00b6hnliche D\u00c3\u00a4mpfung f\u00c3\u00bcr ganzt\u00c3\u00a4gigen Tragekomfort. Die strapazierf\u00c3\u00a4hige Gummiau\u00c3\u0178ensohle sorgt f\u00c3\u00bcr optimale Traktion, w\u00c3\u00a4hrend das Obermaterial aus Kunstleder einen Hauch von Luxus verleiht. Perfekt zum Entspannen nach dem Training oder f\u00c3\u00bcr l\u00c3\u00a4ssige Ausfl\u00c3\u00bcge \u00e2\u20ac\u201c diese [&hellip;]\" \/>\n<meta property=\"og:url\" content=\"https:\/\/tourcruiser.com\/de\/products\/women-nike-offcourt-slide-se-light-orewood-brown\/\" \/>\n<meta property=\"og:site_name\" content=\"Tourcruiser Sneaker Store\" \/>\n<meta name=\"twitter:card\" content=\"summary_large_image\" \/>\n<meta name=\"twitter:image\" content=\"https:\/\/images.novelship.com\/product\/_women__nike_offcourt_slide_se__light_orewood_brow_0_10983.jpeg\" \/>\n<script type=\"application\/ld+json\" class=\"yoast-schema-graph\">{\"@context\":\"https:\/\/schema.org\",\"@graph\":[{\"@type\":\"WebPage\",\"@id\":\"https:\/\/tourcruiser.com\/de\/products\/women-nike-offcourt-slide-se-light-orewood-brown\/\",\"url\":\"https:\/\/tourcruiser.com\/de\/products\/women-nike-offcourt-slide-se-light-orewood-brown\/\",\"name\":\"(Women) Nike OffCourt Slide SE 'Light Orewood Brown' - Tourcruiser PTE. LTD\",\"isPartOf\":{\"@id\":\"https:\/\/tourcruiser.com\/de\/#website\"},\"primaryImageOfPage\":{\"@id\":\"https:\/\/tourcruiser.com\/de\/products\/women-nike-offcourt-slide-se-light-orewood-brown\/#primaryimage\"},\"image\":{\"@id\":\"https:\/\/tourcruiser.com\/de\/products\/women-nike-offcourt-slide-se-light-orewood-brown\/#primaryimage\"},\"thumbnailUrl\":\"https:\/\/images.novelship.com\/product\/_women__nike_offcourt_slide_se__light_orewood_brow_0_10983.jpeg\",\"datePublished\":\"2026-03-21T05:23:11+00:00\",\"breadcrumb\":{\"@id\":\"https:\/\/tourcruiser.com\/de\/products\/women-nike-offcourt-slide-se-light-orewood-brown\/#breadcrumb\"},\"inLanguage\":\"de\",\"potentialAction\":[{\"@type\":\"ReadAction\",\"target\":[\"https:\/\/tourcruiser.com\/de\/products\/women-nike-offcourt-slide-se-light-orewood-brown\/\"]}]},{\"@type\":\"ImageObject\",\"inLanguage\":\"de\",\"@id\":\"https:\/\/tourcruiser.com\/de\/products\/women-nike-offcourt-slide-se-light-orewood-brown\/#primaryimage\",\"url\":\"https:\/\/images.novelship.com\/product\/_women__nike_offcourt_slide_se__light_orewood_brow_0_10983.jpeg\",\"contentUrl\":\"https:\/\/images.novelship.com\/product\/_women__nike_offcourt_slide_se__light_orewood_brow_0_10983.jpeg\"},{\"@type\":\"BreadcrumbList\",\"@id\":\"https:\/\/tourcruiser.com\/de\/products\/women-nike-offcourt-slide-se-light-orewood-brown\/#breadcrumb\",\"itemListElement\":[{\"@type\":\"ListItem\",\"position\":1,\"name\":\"Home\",\"item\":\"https:\/\/tourcruiser.com\/de\/\"},{\"@type\":\"ListItem\",\"position\":2,\"name\":\"Shop\",\"item\":\"https:\/\/tourcruiser.com\/de\/shop\/\"},{\"@type\":\"ListItem\",\"position\":3,\"name\":\"(Women) Nike OffCourt Slide SE 'Light Orewood Brown'\"}]},{\"@type\":\"WebSite\",\"@id\":\"https:\/\/tourcruiser.com\/de\/#website\",\"url\":\"https:\/\/tourcruiser.com\/de\/\",\"name\":\"Styloral Jewelry Shop\",\"description\":\"Tourcruiser Sneaker Store \u2014 der Ort, an dem das Universum deine Einzigartigkeit trifft.\",\"publisher\":{\"@id\":\"https:\/\/tourcruiser.com\/de\/#organization\"},\"potentialAction\":[{\"@type\":\"SearchAction\",\"target\":{\"@type\":\"EntryPoint\",\"urlTemplate\":\"https:\/\/tourcruiser.com\/de\/?s={search_term_string}\"},\"query-input\":{\"@type\":\"PropertyValueSpecification\",\"valueRequired\":true,\"valueName\":\"search_term_string\"}}],\"inLanguage\":\"de\"},{\"@type\":\"Organization\",\"@id\":\"https:\/\/tourcruiser.com\/de\/#organization\",\"name\":\"STYLORAL PTE. LTD\",\"url\":\"https:\/\/tourcruiser.com\/de\/\",\"logo\":{\"@type\":\"ImageObject\",\"inLanguage\":\"de\",\"@id\":\"https:\/\/tourcruiser.com\/de\/#\/schema\/logo\/image\/\",\"url\":\"https:\/\/www.tourcruiser.com\/wp-content\/uploads\/2025\/12\/logo.png\",\"contentUrl\":\"https:\/\/www.tourcruiser.com\/wp-content\/uploads\/2025\/12\/logo.png\",\"width\":200,\"height\":65,\"caption\":\"STYLORAL PTE. LTD\"},\"image\":{\"@id\":\"https:\/\/tourcruiser.com\/de\/#\/schema\/logo\/image\/\"}}]}<\/script>\n<!-- \/ Yoast SEO plugin. -->","yoast_head_json":{"title":"(Women) Nike OffCourt Slide SE 'Light Orewood Brown' - Tourcruiser PTE. LTD","robots":{"index":"index","follow":"follow","max-snippet":"max-snippet:-1","max-image-preview":"max-image-preview:large","max-video-preview":"max-video-preview:-1"},"canonical":"https:\/\/tourcruiser.com\/de\/products\/women-nike-offcourt-slide-se-light-orewood-brown\/","og_locale":"de_DE","og_type":"article","og_title":"(Women) Nike OffCourt Slide SE 'Light Orewood Brown' - Tourcruiser PTE. LTD","og_description":"Genie\u00c3\u0178en Sie Komfort und Stil mit den Nike OffCourt Slide SE \u00e2\u20ac\u017eLight Orewood Brown\u00e2\u20ac\u0153. Dank der weichen Schaumstoff-Mittelsohle bieten diese Slides au\u00c3\u0178ergew\u00c3\u00b6hnliche D\u00c3\u00a4mpfung f\u00c3\u00bcr ganzt\u00c3\u00a4gigen Tragekomfort. Die strapazierf\u00c3\u00a4hige Gummiau\u00c3\u0178ensohle sorgt f\u00c3\u00bcr optimale Traktion, w\u00c3\u00a4hrend das Obermaterial aus Kunstleder einen Hauch von Luxus verleiht. Perfekt zum Entspannen nach dem Training oder f\u00c3\u00bcr l\u00c3\u00a4ssige Ausfl\u00c3\u00bcge \u00e2\u20ac\u201c diese [&hellip;]","og_url":"https:\/\/tourcruiser.com\/de\/products\/women-nike-offcourt-slide-se-light-orewood-brown\/","og_site_name":"Tourcruiser Sneaker Store","twitter_card":"summary_large_image","twitter_image":"https:\/\/images.novelship.com\/product\/_women__nike_offcourt_slide_se__light_orewood_brow_0_10983.jpeg","schema":{"@context":"https:\/\/schema.org","@graph":[{"@type":"WebPage","@id":"https:\/\/tourcruiser.com\/de\/products\/women-nike-offcourt-slide-se-light-orewood-brown\/","url":"https:\/\/tourcruiser.com\/de\/products\/women-nike-offcourt-slide-se-light-orewood-brown\/","name":"(Women) Nike OffCourt Slide SE 'Light Orewood Brown' - Tourcruiser PTE. LTD","isPartOf":{"@id":"https:\/\/tourcruiser.com\/de\/#website"},"primaryImageOfPage":{"@id":"https:\/\/tourcruiser.com\/de\/products\/women-nike-offcourt-slide-se-light-orewood-brown\/#primaryimage"},"image":{"@id":"https:\/\/tourcruiser.com\/de\/products\/women-nike-offcourt-slide-se-light-orewood-brown\/#primaryimage"},"thumbnailUrl":"https:\/\/images.novelship.com\/product\/_women__nike_offcourt_slide_se__light_orewood_brow_0_10983.jpeg","datePublished":"2026-03-21T05:23:11+00:00","breadcrumb":{"@id":"https:\/\/tourcruiser.com\/de\/products\/women-nike-offcourt-slide-se-light-orewood-brown\/#breadcrumb"},"inLanguage":"de","potentialAction":[{"@type":"ReadAction","target":["https:\/\/tourcruiser.com\/de\/products\/women-nike-offcourt-slide-se-light-orewood-brown\/"]}]},{"@type":"ImageObject","inLanguage":"de","@id":"https:\/\/tourcruiser.com\/de\/products\/women-nike-offcourt-slide-se-light-orewood-brown\/#primaryimage","url":"https:\/\/images.novelship.com\/product\/_women__nike_offcourt_slide_se__light_orewood_brow_0_10983.jpeg","contentUrl":"https:\/\/images.novelship.com\/product\/_women__nike_offcourt_slide_se__light_orewood_brow_0_10983.jpeg"},{"@type":"BreadcrumbList","@id":"https:\/\/tourcruiser.com\/de\/products\/women-nike-offcourt-slide-se-light-orewood-brown\/#breadcrumb","itemListElement":[{"@type":"ListItem","position":1,"name":"Home","item":"https:\/\/tourcruiser.com\/de\/"},{"@type":"ListItem","position":2,"name":"Shop","item":"https:\/\/tourcruiser.com\/de\/shop\/"},{"@type":"ListItem","position":3,"name":"(Women) Nike OffCourt Slide SE 'Light Orewood Brown'"}]},{"@type":"WebSite","@id":"https:\/\/tourcruiser.com\/de\/#website","url":"https:\/\/tourcruiser.com\/de\/","name":"Styloral Jewelry Shop","description":"Tourcruiser Sneaker Store \u2014 der Ort, an dem das Universum deine Einzigartigkeit trifft.","publisher":{"@id":"https:\/\/tourcruiser.com\/de\/#organization"},"potentialAction":[{"@type":"SearchAction","target":{"@type":"EntryPoint","urlTemplate":"https:\/\/tourcruiser.com\/de\/?s={search_term_string}"},"query-input":{"@type":"PropertyValueSpecification","valueRequired":true,"valueName":"search_term_string"}}],"inLanguage":"de"},{"@type":"Organization","@id":"https:\/\/tourcruiser.com\/de\/#organization","name":"STYLORAL PTE. LTD","url":"https:\/\/tourcruiser.com\/de\/","logo":{"@type":"ImageObject","inLanguage":"de","@id":"https:\/\/tourcruiser.com\/de\/#\/schema\/logo\/image\/","url":"https:\/\/www.tourcruiser.com\/wp-content\/uploads\/2025\/12\/logo.png","contentUrl":"https:\/\/www.tourcruiser.com\/wp-content\/uploads\/2025\/12\/logo.png","width":200,"height":65,"caption":"STYLORAL PTE. LTD"},"image":{"@id":"https:\/\/tourcruiser.com\/de\/#\/schema\/logo\/image\/"}}]}},"_links":{"self":[{"href":"https:\/\/tourcruiser.com\/de\/wp-json\/wp\/v2\/product\/469051","targetHints":{"allow":["GET"]}}],"collection":[{"href":"https:\/\/tourcruiser.com\/de\/wp-json\/wp\/v2\/product"}],"about":[{"href":"https:\/\/tourcruiser.com\/de\/wp-json\/wp\/v2\/types\/product"}],"replies":[{"embeddable":true,"href":"https:\/\/tourcruiser.com\/de\/wp-json\/wp\/v2\/comments?post=469051"}],"wp:featuredmedia":[{"embeddable":true,"href":"https:\/\/tourcruiser.com\/de\/wp-json\/wp\/v2\/media\/469052"}],"wp:attachment":[{"href":"https:\/\/tourcruiser.com\/de\/wp-json\/wp\/v2\/media?parent=469051"}],"wp:term":[{"taxonomy":"product_brand","embeddable":true,"href":"https:\/\/tourcruiser.com\/de\/wp-json\/wp\/v2\/product_brand?post=469051"},{"taxonomy":"product_cat","embeddable":true,"href":"https:\/\/tourcruiser.com\/de\/wp-json\/wp\/v2\/product_cat?post=469051"},{"taxonomy":"product_tag","embeddable":true,"href":"https:\/\/tourcruiser.com\/de\/wp-json\/wp\/v2\/product_tag?post=469051"}],"curies":[{"name":"wp","href":"https:\/\/api.w.org\/{rel}","templated":true}]}}