{"id":468684,"date":"2026-03-21T12:17:45","date_gmt":"2026-03-21T05:17:45","guid":{"rendered":"http:\/\/tourcruiser.com\/product\/women-nike-calm-se-slide-glacier-blue"},"modified":"2026-03-21T12:17:45","modified_gmt":"2026-03-21T05:17:45","slug":"women-nike-calm-se-slide-glacier-blue","status":"publish","type":"product","link":"https:\/\/tourcruiser.com\/de\/products\/women-nike-calm-se-slide-glacier-blue\/","title":{"rendered":"(Women) Nike Calm SE Slide &#8218;Glacier Blue&#8216;"},"content":{"rendered":"<p>Entdecke m\u00c3\u00bchelosen Komfort und zeitlosen Stil mit den Nike Calm SE FV5940-400 Slides \u00e2\u20ac\u201c perfekt f\u00c3\u00bcr entspannte Stunden und den ganzen Tag. Diese leichten Slides bestechen durch ihr schlankes, minimalistisches Design und verf\u00c3\u00bcgen \u00c3\u00bcber eine weiche Schaumstoffsohle f\u00c3\u00bcr optimale D\u00c3\u00a4mpfung sowie einen robusten Riemen f\u00c3\u00bcr sicheren Halt. Die beruhigende blaue Farbe verleiht deinem Look eine frische Note und macht sie zur idealen Wahl f\u00c3\u00bcr gem\u00c3\u00bctliche Stunden zu Hause und f\u00c3\u00bcr Abenteuer unterwegs. Ob am Strand, im Fitnessstudio oder einfach nur zu Hause \u00e2\u20ac\u201c diese vielseitigen Slides vereinen Funktionalit\u00c3\u00a4t und modisches Design auf perfekte Weise. Erlebe ultimativen Komfort, egal wohin dich das Leben f\u00c3\u00bchrt \u00e2\u20ac\u201c mit dem Nike Calm SE FV5940-400.<\/p>\n<ul>\n<li><strong>Farbgebung:<\/strong> Gletscherblau\/Gletscherblau<\/li>\n<li><strong>Artikelnummer:<\/strong> FV5940-400<\/li>\n<li><strong>Obermaterial:<\/strong> EVA<\/li>\n<li><strong>Zwischensohle:<\/strong> EVA<\/li>\n<li><strong>Farbe:<\/strong> Blau<\/li>\n<\/ul>\n","protected":false},"excerpt":{"rendered":"<p>Entdecke m\u00c3\u00bchelosen Komfort und zeitlosen Stil mit den Nike Calm SE FV5940-400 Slides \u00e2\u20ac\u201c perfekt f\u00c3\u00bcr entspannte Stunden und den ganzen Tag. Diese leichten Slides bestechen durch ihr schlankes, minimalistisches Design und verf\u00c3\u00bcgen \u00c3\u00bcber eine weiche Schaumstoffsohle f\u00c3\u00bcr optimale D\u00c3\u00a4mpfung sowie einen robusten Riemen f\u00c3\u00bcr sicheren Halt. Die beruhigende blaue Farbe verleiht deinem Look eine [&hellip;]<\/p>\n","protected":false},"featured_media":468685,"comment_status":"open","ping_status":"closed","template":"","meta":[],"product_brand":[],"product_cat":[40534,10803,39306,38854],"product_tag":[40421,40424,10801,10808,40429],"class_list":{"0":"post-468684","1":"product","2":"type-product","3":"status-publish","4":"has-post-thumbnail","6":"product_cat-nike-calm-se","7":"product_cat-nike","8":"product_cat-slides","9":"product_cat-gender-women","10":"product_tag-la-ssige-sandalen","11":"product_tag-lifestyle-freizeitschuhe","12":"product_tag-nike","13":"product_tag-slides","14":"product_tag-unter-retailpreis","15":"wcpa_has_options","17":"first","18":"instock","19":"taxable","20":"shipping-taxable","21":"purchasable","22":"product-type-simple"},"wcpa_form_fields":{"rules":{"pric_overide_base_price":false,"pric_overide_base_price_if_gt_zero":false,"pric_overide_base_price_fully":false,"pric_cal_option_once":false,"pric_use_as_fee":false,"bind_quantity":false,"quantity_bind_formula":false},"fields":[{"type":"color-group","required":true,"elementId":"wcpa-color-group-66c4a75505e74","label":"Gr\u00f6\u00dfe - EU Gr\u00f6\u00dfe","inline":true,"priceOptions":"different_for_all","pricingType":"fixed","className":"hassizechart product-shoes-size-eu product-shoes-size","name":"color-group-66c4a75505e89","disp_type":"square","selection_type":"tick-border","disp_size":"44","show_label_inside":true,"adjust_width":true,"cart_display_type":"text","other_text":"Other","cl_rule":"show","col":6,"values":[{"label":"35.5","value":"EU 35.5","price":"","pimage":"","pimage_id":"","pthumb":"","color":""},{"label":"36","value":"EU 36","price":"","pimage":"","pimage_id":"","pthumb":"","color":"","selected":true},{"label":"36.5","value":"EU 36.5","price":"","pimage":"","pimage_id":"","pthumb":"","color":""},{"label":"37.5","value":"EU 37.5","price":"","pimage":"","pimage_id":"","pthumb":"","color":""},{"label":"38","value":"EU 38","price":"","pimage":"","pimage_id":"","pthumb":"","color":""},{"label":"38.5","value":"EU 38.5","price":"","pimage":"","pimage_id":"","pthumb":"","color":""},{"label":"39","value":"EU 39","price":"","pimage":"","pimage_id":"","pthumb":"","color":""},{"label":"40","value":"EU 40","price":"","pimage":"","pimage_id":"","pthumb":"","color":""},{"label":"40.5","value":"EU 40.5","price":"","pimage":"","pimage_id":"","pthumb":"","color":""},{"label":"41","value":"EU 41","price":"","pimage":"","pimage_id":"","pthumb":"","color":""},{"label":"42","value":"EU 42","price":"","pimage":"","pimage_id":"","pthumb":"","color":""},{"label":"42.5","value":"EU 42.5","price":"","pimage":"","pimage_id":"","pthumb":"","color":""},{"label":"43","value":"EU 43","price":"","pimage":"","pimage_id":"","pthumb":"","color":""},{"label":"44","value":"EU 44","price":"","pimage":"","pimage_id":"","pthumb":"","color":""},{"label":"44.5","value":"EU 44.5","price":"","pimage":"","pimage_id":"","pthumb":"","color":""},{"label":"45","value":"EU 45","price":"","pimage":"","pimage_id":"","pthumb":"","color":""},{"label":"45.5","value":"EU 45.5","price":"","pimage":"","pimage_id":"","pthumb":"","color":""},{"label":"46","value":"EU 46","price":"","pimage":"","pimage_id":"","pthumb":"","color":""},{"label":"47","value":"EU 47","price":"","pimage":"","pimage_id":"","pthumb":"","color":""},{"label":"47.5","value":"EU 47.5","price":"","pimage":"","pimage_id":"","pthumb":"","color":""},{"label":"48","value":"EU 48","price":"","pimage":"","pimage_id":"","pthumb":"","color":""}],"relations":[{"operator":false,"rules":[]}],"form_id":18106,"form_rules":{"pric_cal_option_once":false,"exclude_from_discount":false,"pric_use_as_fee":false,"fee_label":"Fee","render_after_acb":false,"disp_hide_options_price":false}}]},"yoast_head":"<!-- This site is optimized with the Yoast SEO plugin v26.5 - https:\/\/yoast.com\/wordpress\/plugins\/seo\/ -->\n<title>(Women) Nike Calm SE Slide &#039;Glacier Blue&#039; - Tourcruiser PTE. LTD<\/title>\n<meta name=\"robots\" content=\"index, follow, max-snippet:-1, max-image-preview:large, max-video-preview:-1\" \/>\n<link rel=\"canonical\" href=\"https:\/\/tourcruiser.com\/de\/products\/women-nike-calm-se-slide-glacier-blue\/\" \/>\n<meta property=\"og:locale\" content=\"de_DE\" \/>\n<meta property=\"og:type\" content=\"article\" \/>\n<meta property=\"og:title\" content=\"(Women) Nike Calm SE Slide &#039;Glacier Blue&#039; - Tourcruiser PTE. LTD\" \/>\n<meta property=\"og:description\" content=\"Entdecke m\u00c3\u00bchelosen Komfort und zeitlosen Stil mit den Nike Calm SE FV5940-400 Slides \u00e2\u20ac\u201c perfekt f\u00c3\u00bcr entspannte Stunden und den ganzen Tag. Diese leichten Slides bestechen durch ihr schlankes, minimalistisches Design und verf\u00c3\u00bcgen \u00c3\u00bcber eine weiche Schaumstoffsohle f\u00c3\u00bcr optimale D\u00c3\u00a4mpfung sowie einen robusten Riemen f\u00c3\u00bcr sicheren Halt. Die beruhigende blaue Farbe verleiht deinem Look eine [&hellip;]\" \/>\n<meta property=\"og:url\" content=\"https:\/\/tourcruiser.com\/de\/products\/women-nike-calm-se-slide-glacier-blue\/\" \/>\n<meta property=\"og:site_name\" content=\"Tourcruiser Sneaker Store\" \/>\n<meta name=\"twitter:card\" content=\"summary_large_image\" \/>\n<meta name=\"twitter:image\" content=\"https:\/\/images.novelship.com\/product\/_w__nike_calm_se_fv5940-400_0_2789.jpeg\" \/>\n<meta name=\"twitter:label1\" content=\"Gesch\u00e4tzte Lesezeit\" \/>\n\t<meta name=\"twitter:data1\" content=\"1\u00a0Minute\" \/>\n<script type=\"application\/ld+json\" class=\"yoast-schema-graph\">{\"@context\":\"https:\/\/schema.org\",\"@graph\":[{\"@type\":\"WebPage\",\"@id\":\"https:\/\/tourcruiser.com\/de\/products\/women-nike-calm-se-slide-glacier-blue\/\",\"url\":\"https:\/\/tourcruiser.com\/de\/products\/women-nike-calm-se-slide-glacier-blue\/\",\"name\":\"(Women) Nike Calm SE Slide 'Glacier Blue' - Tourcruiser PTE. LTD\",\"isPartOf\":{\"@id\":\"https:\/\/tourcruiser.com\/de\/#website\"},\"primaryImageOfPage\":{\"@id\":\"https:\/\/tourcruiser.com\/de\/products\/women-nike-calm-se-slide-glacier-blue\/#primaryimage\"},\"image\":{\"@id\":\"https:\/\/tourcruiser.com\/de\/products\/women-nike-calm-se-slide-glacier-blue\/#primaryimage\"},\"thumbnailUrl\":\"https:\/\/images.novelship.com\/product\/_w__nike_calm_se_fv5940-400_0_2789.jpeg\",\"datePublished\":\"2026-03-21T05:17:45+00:00\",\"breadcrumb\":{\"@id\":\"https:\/\/tourcruiser.com\/de\/products\/women-nike-calm-se-slide-glacier-blue\/#breadcrumb\"},\"inLanguage\":\"de\",\"potentialAction\":[{\"@type\":\"ReadAction\",\"target\":[\"https:\/\/tourcruiser.com\/de\/products\/women-nike-calm-se-slide-glacier-blue\/\"]}]},{\"@type\":\"ImageObject\",\"inLanguage\":\"de\",\"@id\":\"https:\/\/tourcruiser.com\/de\/products\/women-nike-calm-se-slide-glacier-blue\/#primaryimage\",\"url\":\"https:\/\/images.novelship.com\/product\/_w__nike_calm_se_fv5940-400_0_2789.jpeg\",\"contentUrl\":\"https:\/\/images.novelship.com\/product\/_w__nike_calm_se_fv5940-400_0_2789.jpeg\"},{\"@type\":\"BreadcrumbList\",\"@id\":\"https:\/\/tourcruiser.com\/de\/products\/women-nike-calm-se-slide-glacier-blue\/#breadcrumb\",\"itemListElement\":[{\"@type\":\"ListItem\",\"position\":1,\"name\":\"Home\",\"item\":\"https:\/\/tourcruiser.com\/de\/\"},{\"@type\":\"ListItem\",\"position\":2,\"name\":\"Shop\",\"item\":\"https:\/\/tourcruiser.com\/de\/shop\/\"},{\"@type\":\"ListItem\",\"position\":3,\"name\":\"(Women) Nike Calm SE Slide 'Glacier Blue'\"}]},{\"@type\":\"WebSite\",\"@id\":\"https:\/\/tourcruiser.com\/de\/#website\",\"url\":\"https:\/\/tourcruiser.com\/de\/\",\"name\":\"Styloral Jewelry Shop\",\"description\":\"Tourcruiser Sneaker Store \u2014 der Ort, an dem das Universum deine Einzigartigkeit trifft.\",\"publisher\":{\"@id\":\"https:\/\/tourcruiser.com\/de\/#organization\"},\"potentialAction\":[{\"@type\":\"SearchAction\",\"target\":{\"@type\":\"EntryPoint\",\"urlTemplate\":\"https:\/\/tourcruiser.com\/de\/?s={search_term_string}\"},\"query-input\":{\"@type\":\"PropertyValueSpecification\",\"valueRequired\":true,\"valueName\":\"search_term_string\"}}],\"inLanguage\":\"de\"},{\"@type\":\"Organization\",\"@id\":\"https:\/\/tourcruiser.com\/de\/#organization\",\"name\":\"STYLORAL PTE. LTD\",\"url\":\"https:\/\/tourcruiser.com\/de\/\",\"logo\":{\"@type\":\"ImageObject\",\"inLanguage\":\"de\",\"@id\":\"https:\/\/tourcruiser.com\/de\/#\/schema\/logo\/image\/\",\"url\":\"https:\/\/www.tourcruiser.com\/wp-content\/uploads\/2025\/12\/logo.png\",\"contentUrl\":\"https:\/\/www.tourcruiser.com\/wp-content\/uploads\/2025\/12\/logo.png\",\"width\":200,\"height\":65,\"caption\":\"STYLORAL PTE. LTD\"},\"image\":{\"@id\":\"https:\/\/tourcruiser.com\/de\/#\/schema\/logo\/image\/\"}}]}<\/script>\n<!-- \/ Yoast SEO plugin. -->","yoast_head_json":{"title":"(Women) Nike Calm SE Slide 'Glacier Blue' - Tourcruiser PTE. LTD","robots":{"index":"index","follow":"follow","max-snippet":"max-snippet:-1","max-image-preview":"max-image-preview:large","max-video-preview":"max-video-preview:-1"},"canonical":"https:\/\/tourcruiser.com\/de\/products\/women-nike-calm-se-slide-glacier-blue\/","og_locale":"de_DE","og_type":"article","og_title":"(Women) Nike Calm SE Slide 'Glacier Blue' - Tourcruiser PTE. LTD","og_description":"Entdecke m\u00c3\u00bchelosen Komfort und zeitlosen Stil mit den Nike Calm SE FV5940-400 Slides \u00e2\u20ac\u201c perfekt f\u00c3\u00bcr entspannte Stunden und den ganzen Tag. Diese leichten Slides bestechen durch ihr schlankes, minimalistisches Design und verf\u00c3\u00bcgen \u00c3\u00bcber eine weiche Schaumstoffsohle f\u00c3\u00bcr optimale D\u00c3\u00a4mpfung sowie einen robusten Riemen f\u00c3\u00bcr sicheren Halt. Die beruhigende blaue Farbe verleiht deinem Look eine [&hellip;]","og_url":"https:\/\/tourcruiser.com\/de\/products\/women-nike-calm-se-slide-glacier-blue\/","og_site_name":"Tourcruiser Sneaker Store","twitter_card":"summary_large_image","twitter_image":"https:\/\/images.novelship.com\/product\/_w__nike_calm_se_fv5940-400_0_2789.jpeg","twitter_misc":{"Gesch\u00e4tzte Lesezeit":"1\u00a0Minute"},"schema":{"@context":"https:\/\/schema.org","@graph":[{"@type":"WebPage","@id":"https:\/\/tourcruiser.com\/de\/products\/women-nike-calm-se-slide-glacier-blue\/","url":"https:\/\/tourcruiser.com\/de\/products\/women-nike-calm-se-slide-glacier-blue\/","name":"(Women) Nike Calm SE Slide 'Glacier Blue' - Tourcruiser PTE. LTD","isPartOf":{"@id":"https:\/\/tourcruiser.com\/de\/#website"},"primaryImageOfPage":{"@id":"https:\/\/tourcruiser.com\/de\/products\/women-nike-calm-se-slide-glacier-blue\/#primaryimage"},"image":{"@id":"https:\/\/tourcruiser.com\/de\/products\/women-nike-calm-se-slide-glacier-blue\/#primaryimage"},"thumbnailUrl":"https:\/\/images.novelship.com\/product\/_w__nike_calm_se_fv5940-400_0_2789.jpeg","datePublished":"2026-03-21T05:17:45+00:00","breadcrumb":{"@id":"https:\/\/tourcruiser.com\/de\/products\/women-nike-calm-se-slide-glacier-blue\/#breadcrumb"},"inLanguage":"de","potentialAction":[{"@type":"ReadAction","target":["https:\/\/tourcruiser.com\/de\/products\/women-nike-calm-se-slide-glacier-blue\/"]}]},{"@type":"ImageObject","inLanguage":"de","@id":"https:\/\/tourcruiser.com\/de\/products\/women-nike-calm-se-slide-glacier-blue\/#primaryimage","url":"https:\/\/images.novelship.com\/product\/_w__nike_calm_se_fv5940-400_0_2789.jpeg","contentUrl":"https:\/\/images.novelship.com\/product\/_w__nike_calm_se_fv5940-400_0_2789.jpeg"},{"@type":"BreadcrumbList","@id":"https:\/\/tourcruiser.com\/de\/products\/women-nike-calm-se-slide-glacier-blue\/#breadcrumb","itemListElement":[{"@type":"ListItem","position":1,"name":"Home","item":"https:\/\/tourcruiser.com\/de\/"},{"@type":"ListItem","position":2,"name":"Shop","item":"https:\/\/tourcruiser.com\/de\/shop\/"},{"@type":"ListItem","position":3,"name":"(Women) Nike Calm SE Slide 'Glacier Blue'"}]},{"@type":"WebSite","@id":"https:\/\/tourcruiser.com\/de\/#website","url":"https:\/\/tourcruiser.com\/de\/","name":"Styloral Jewelry Shop","description":"Tourcruiser Sneaker Store \u2014 der Ort, an dem das Universum deine Einzigartigkeit trifft.","publisher":{"@id":"https:\/\/tourcruiser.com\/de\/#organization"},"potentialAction":[{"@type":"SearchAction","target":{"@type":"EntryPoint","urlTemplate":"https:\/\/tourcruiser.com\/de\/?s={search_term_string}"},"query-input":{"@type":"PropertyValueSpecification","valueRequired":true,"valueName":"search_term_string"}}],"inLanguage":"de"},{"@type":"Organization","@id":"https:\/\/tourcruiser.com\/de\/#organization","name":"STYLORAL PTE. LTD","url":"https:\/\/tourcruiser.com\/de\/","logo":{"@type":"ImageObject","inLanguage":"de","@id":"https:\/\/tourcruiser.com\/de\/#\/schema\/logo\/image\/","url":"https:\/\/www.tourcruiser.com\/wp-content\/uploads\/2025\/12\/logo.png","contentUrl":"https:\/\/www.tourcruiser.com\/wp-content\/uploads\/2025\/12\/logo.png","width":200,"height":65,"caption":"STYLORAL PTE. LTD"},"image":{"@id":"https:\/\/tourcruiser.com\/de\/#\/schema\/logo\/image\/"}}]}},"_links":{"self":[{"href":"https:\/\/tourcruiser.com\/de\/wp-json\/wp\/v2\/product\/468684","targetHints":{"allow":["GET"]}}],"collection":[{"href":"https:\/\/tourcruiser.com\/de\/wp-json\/wp\/v2\/product"}],"about":[{"href":"https:\/\/tourcruiser.com\/de\/wp-json\/wp\/v2\/types\/product"}],"replies":[{"embeddable":true,"href":"https:\/\/tourcruiser.com\/de\/wp-json\/wp\/v2\/comments?post=468684"}],"wp:featuredmedia":[{"embeddable":true,"href":"https:\/\/tourcruiser.com\/de\/wp-json\/wp\/v2\/media\/468685"}],"wp:attachment":[{"href":"https:\/\/tourcruiser.com\/de\/wp-json\/wp\/v2\/media?parent=468684"}],"wp:term":[{"taxonomy":"product_brand","embeddable":true,"href":"https:\/\/tourcruiser.com\/de\/wp-json\/wp\/v2\/product_brand?post=468684"},{"taxonomy":"product_cat","embeddable":true,"href":"https:\/\/tourcruiser.com\/de\/wp-json\/wp\/v2\/product_cat?post=468684"},{"taxonomy":"product_tag","embeddable":true,"href":"https:\/\/tourcruiser.com\/de\/wp-json\/wp\/v2\/product_tag?post=468684"}],"curies":[{"name":"wp","href":"https:\/\/api.w.org\/{rel}","templated":true}]}}