{"id":468574,"date":"2026-03-21T12:17:27","date_gmt":"2026-03-21T05:17:27","guid":{"rendered":"http:\/\/tourcruiser.com\/product\/women-air-jordan-sophia-slide-dark-ash-black"},"modified":"2026-03-21T12:17:27","modified_gmt":"2026-03-21T05:17:27","slug":"women-air-jordan-sophia-slide-dark-ash-black","status":"publish","type":"product","link":"https:\/\/tourcruiser.com\/de\/products\/women-air-jordan-sophia-slide-dark-ash-black\/","title":{"rendered":"(Women) Air Jordan Sophia Slide &#8218;Dark Ash Black&#8216;"},"content":{"rendered":"<p>Erleben Sie puren Komfort und verleihen Sie Ihrem Streetstyle mit den Air Jordan Sophia Slides f\u00c3\u00bcr Damen in \u00e2\u20ac\u017eDark Ash Black\u00e2\u20ac\u0153 das gewisse Etwas. Dank des ultraweichen, gesteppten Fu\u00c3\u0178betts und der leichten Schaumstoffsohle bieten diese Slides unvergleichliche D\u00c3\u00a4mpfung und Unterst\u00c3\u00bctzung. Die strapazierf\u00c3\u00a4hige Gummisohle sorgt f\u00c3\u00bcr hervorragende Traktion, w\u00c3\u00a4hrend der verstellbare Riemen mit Schnallenverschluss einen sicheren Sitz gew\u00c3\u00a4hrleistet. Die elegante, dunkelgraue Farbgebung strahlt Raffinesse und Coolness aus und macht die Slides zur perfekten Erg\u00c3\u00a4nzung f\u00c3\u00bcr jedes Casual-Outfit. Schl\u00c3\u00bcpfen Sie in diese Sophia Slides und genie\u00c3\u0178en Sie m\u00c3\u00bchelosen Style und unvergleichlichen Komfort.<\/p>\n<ul>\n<li><strong>Farbgebung:<\/strong> DK ASH\/SAIL-WHITE<\/li>\n<li><strong>Style-Code:<\/strong> DO8863-201<\/li>\n<li><strong>Obermaterial:<\/strong> EVA<\/li>\n<\/ul>\n","protected":false},"excerpt":{"rendered":"<p>Erleben Sie puren Komfort und verleihen Sie Ihrem Streetstyle mit den Air Jordan Sophia Slides f\u00c3\u00bcr Damen in \u00e2\u20ac\u017eDark Ash Black\u00e2\u20ac\u0153 das gewisse Etwas. Dank des ultraweichen, gesteppten Fu\u00c3\u0178betts und der leichten Schaumstoffsohle bieten diese Slides unvergleichliche D\u00c3\u00a4mpfung und Unterst\u00c3\u00bctzung. Die strapazierf\u00c3\u00a4hige Gummisohle sorgt f\u00c3\u00bcr hervorragende Traktion, w\u00c3\u00a4hrend der verstellbare Riemen mit Schnallenverschluss einen sicheren [&hellip;]<\/p>\n","protected":false},"featured_media":468575,"comment_status":"open","ping_status":"closed","template":"","meta":[],"product_brand":[],"product_cat":[38869,39306,40518,38854],"product_tag":[40473,10776,40421,40424,10808,40429],"class_list":{"0":"post-468574","1":"product","2":"type-product","3":"status-publish","4":"has-post-thumbnail","6":"product_cat-jordan","7":"product_cat-slides","8":"product_cat-jordan-sophia-slide","9":"product_cat-gender-women","10":"product_tag-geschenk-fa-r-sie","11":"product_tag-jordan","12":"product_tag-la-ssige-sandalen","13":"product_tag-lifestyle-freizeitschuhe","14":"product_tag-slides","15":"product_tag-unter-retailpreis","16":"wcpa_has_options","18":"first","19":"instock","20":"taxable","21":"shipping-taxable","22":"purchasable","23":"product-type-simple"},"wcpa_form_fields":{"rules":{"pric_overide_base_price":false,"pric_overide_base_price_if_gt_zero":false,"pric_overide_base_price_fully":false,"pric_cal_option_once":false,"pric_use_as_fee":false,"bind_quantity":false,"quantity_bind_formula":false},"fields":[{"type":"color-group","required":true,"elementId":"wcpa-color-group-66c4a75505e74","label":"Gr\u00f6\u00dfe - EU Gr\u00f6\u00dfe","inline":true,"priceOptions":"different_for_all","pricingType":"fixed","className":"hassizechart product-shoes-size-eu product-shoes-size","name":"color-group-66c4a75505e89","disp_type":"square","selection_type":"tick-border","disp_size":"44","show_label_inside":true,"adjust_width":true,"cart_display_type":"text","other_text":"Other","cl_rule":"show","col":6,"values":[{"label":"35.5","value":"EU 35.5","price":"","pimage":"","pimage_id":"","pthumb":"","color":""},{"label":"36","value":"EU 36","price":"","pimage":"","pimage_id":"","pthumb":"","color":"","selected":true},{"label":"36.5","value":"EU 36.5","price":"","pimage":"","pimage_id":"","pthumb":"","color":""},{"label":"37.5","value":"EU 37.5","price":"","pimage":"","pimage_id":"","pthumb":"","color":""},{"label":"38","value":"EU 38","price":"","pimage":"","pimage_id":"","pthumb":"","color":""},{"label":"38.5","value":"EU 38.5","price":"","pimage":"","pimage_id":"","pthumb":"","color":""},{"label":"39","value":"EU 39","price":"","pimage":"","pimage_id":"","pthumb":"","color":""},{"label":"40","value":"EU 40","price":"","pimage":"","pimage_id":"","pthumb":"","color":""},{"label":"40.5","value":"EU 40.5","price":"","pimage":"","pimage_id":"","pthumb":"","color":""},{"label":"41","value":"EU 41","price":"","pimage":"","pimage_id":"","pthumb":"","color":""},{"label":"42","value":"EU 42","price":"","pimage":"","pimage_id":"","pthumb":"","color":""},{"label":"42.5","value":"EU 42.5","price":"","pimage":"","pimage_id":"","pthumb":"","color":""},{"label":"43","value":"EU 43","price":"","pimage":"","pimage_id":"","pthumb":"","color":""},{"label":"44","value":"EU 44","price":"","pimage":"","pimage_id":"","pthumb":"","color":""},{"label":"44.5","value":"EU 44.5","price":"","pimage":"","pimage_id":"","pthumb":"","color":""},{"label":"45","value":"EU 45","price":"","pimage":"","pimage_id":"","pthumb":"","color":""},{"label":"45.5","value":"EU 45.5","price":"","pimage":"","pimage_id":"","pthumb":"","color":""},{"label":"46","value":"EU 46","price":"","pimage":"","pimage_id":"","pthumb":"","color":""},{"label":"47","value":"EU 47","price":"","pimage":"","pimage_id":"","pthumb":"","color":""},{"label":"47.5","value":"EU 47.5","price":"","pimage":"","pimage_id":"","pthumb":"","color":""},{"label":"48","value":"EU 48","price":"","pimage":"","pimage_id":"","pthumb":"","color":""}],"relations":[{"operator":false,"rules":[]}],"form_id":18106,"form_rules":{"pric_cal_option_once":false,"exclude_from_discount":false,"pric_use_as_fee":false,"fee_label":"Fee","render_after_acb":false,"disp_hide_options_price":false}}]},"yoast_head":"<!-- This site is optimized with the Yoast SEO plugin v26.5 - https:\/\/yoast.com\/wordpress\/plugins\/seo\/ -->\n<title>(Women) Air Jordan Sophia Slide &#039;Dark Ash Black&#039; - Tourcruiser PTE. LTD<\/title>\n<meta name=\"robots\" content=\"index, follow, max-snippet:-1, max-image-preview:large, max-video-preview:-1\" \/>\n<link rel=\"canonical\" href=\"https:\/\/tourcruiser.com\/de\/products\/women-air-jordan-sophia-slide-dark-ash-black\/\" \/>\n<meta property=\"og:locale\" content=\"de_DE\" \/>\n<meta property=\"og:type\" content=\"article\" \/>\n<meta property=\"og:title\" content=\"(Women) Air Jordan Sophia Slide &#039;Dark Ash Black&#039; - Tourcruiser PTE. LTD\" \/>\n<meta property=\"og:description\" content=\"Erleben Sie puren Komfort und verleihen Sie Ihrem Streetstyle mit den Air Jordan Sophia Slides f\u00c3\u00bcr Damen in \u00e2\u20ac\u017eDark Ash Black\u00e2\u20ac\u0153 das gewisse Etwas. Dank des ultraweichen, gesteppten Fu\u00c3\u0178betts und der leichten Schaumstoffsohle bieten diese Slides unvergleichliche D\u00c3\u00a4mpfung und Unterst\u00c3\u00bctzung. Die strapazierf\u00c3\u00a4hige Gummisohle sorgt f\u00c3\u00bcr hervorragende Traktion, w\u00c3\u00a4hrend der verstellbare Riemen mit Schnallenverschluss einen sicheren [&hellip;]\" \/>\n<meta property=\"og:url\" content=\"https:\/\/tourcruiser.com\/de\/products\/women-air-jordan-sophia-slide-dark-ash-black\/\" \/>\n<meta property=\"og:site_name\" content=\"Tourcruiser Sneaker Store\" \/>\n<meta name=\"twitter:card\" content=\"summary_large_image\" \/>\n<meta name=\"twitter:image\" content=\"https:\/\/images.novelship.com\/product\/_women__air_jordan_sophia_slide__dark_ash_black__d_0_74890.jpeg\" \/>\n<meta name=\"twitter:label1\" content=\"Gesch\u00e4tzte Lesezeit\" \/>\n\t<meta name=\"twitter:data1\" content=\"1\u00a0Minute\" \/>\n<script type=\"application\/ld+json\" class=\"yoast-schema-graph\">{\"@context\":\"https:\/\/schema.org\",\"@graph\":[{\"@type\":\"WebPage\",\"@id\":\"https:\/\/tourcruiser.com\/de\/products\/women-air-jordan-sophia-slide-dark-ash-black\/\",\"url\":\"https:\/\/tourcruiser.com\/de\/products\/women-air-jordan-sophia-slide-dark-ash-black\/\",\"name\":\"(Women) Air Jordan Sophia Slide 'Dark Ash Black' - Tourcruiser PTE. LTD\",\"isPartOf\":{\"@id\":\"https:\/\/tourcruiser.com\/de\/#website\"},\"primaryImageOfPage\":{\"@id\":\"https:\/\/tourcruiser.com\/de\/products\/women-air-jordan-sophia-slide-dark-ash-black\/#primaryimage\"},\"image\":{\"@id\":\"https:\/\/tourcruiser.com\/de\/products\/women-air-jordan-sophia-slide-dark-ash-black\/#primaryimage\"},\"thumbnailUrl\":\"https:\/\/images.novelship.com\/product\/_women__air_jordan_sophia_slide__dark_ash_black__d_0_74890.jpeg\",\"datePublished\":\"2026-03-21T05:17:27+00:00\",\"breadcrumb\":{\"@id\":\"https:\/\/tourcruiser.com\/de\/products\/women-air-jordan-sophia-slide-dark-ash-black\/#breadcrumb\"},\"inLanguage\":\"de\",\"potentialAction\":[{\"@type\":\"ReadAction\",\"target\":[\"https:\/\/tourcruiser.com\/de\/products\/women-air-jordan-sophia-slide-dark-ash-black\/\"]}]},{\"@type\":\"ImageObject\",\"inLanguage\":\"de\",\"@id\":\"https:\/\/tourcruiser.com\/de\/products\/women-air-jordan-sophia-slide-dark-ash-black\/#primaryimage\",\"url\":\"https:\/\/images.novelship.com\/product\/_women__air_jordan_sophia_slide__dark_ash_black__d_0_74890.jpeg\",\"contentUrl\":\"https:\/\/images.novelship.com\/product\/_women__air_jordan_sophia_slide__dark_ash_black__d_0_74890.jpeg\"},{\"@type\":\"BreadcrumbList\",\"@id\":\"https:\/\/tourcruiser.com\/de\/products\/women-air-jordan-sophia-slide-dark-ash-black\/#breadcrumb\",\"itemListElement\":[{\"@type\":\"ListItem\",\"position\":1,\"name\":\"Home\",\"item\":\"https:\/\/tourcruiser.com\/de\/\"},{\"@type\":\"ListItem\",\"position\":2,\"name\":\"Shop\",\"item\":\"https:\/\/tourcruiser.com\/de\/shop\/\"},{\"@type\":\"ListItem\",\"position\":3,\"name\":\"(Women) Air Jordan Sophia Slide 'Dark Ash Black'\"}]},{\"@type\":\"WebSite\",\"@id\":\"https:\/\/tourcruiser.com\/de\/#website\",\"url\":\"https:\/\/tourcruiser.com\/de\/\",\"name\":\"Styloral Jewelry Shop\",\"description\":\"Tourcruiser Sneaker Store \u2014 der Ort, an dem das Universum deine Einzigartigkeit trifft.\",\"publisher\":{\"@id\":\"https:\/\/tourcruiser.com\/de\/#organization\"},\"potentialAction\":[{\"@type\":\"SearchAction\",\"target\":{\"@type\":\"EntryPoint\",\"urlTemplate\":\"https:\/\/tourcruiser.com\/de\/?s={search_term_string}\"},\"query-input\":{\"@type\":\"PropertyValueSpecification\",\"valueRequired\":true,\"valueName\":\"search_term_string\"}}],\"inLanguage\":\"de\"},{\"@type\":\"Organization\",\"@id\":\"https:\/\/tourcruiser.com\/de\/#organization\",\"name\":\"STYLORAL PTE. LTD\",\"url\":\"https:\/\/tourcruiser.com\/de\/\",\"logo\":{\"@type\":\"ImageObject\",\"inLanguage\":\"de\",\"@id\":\"https:\/\/tourcruiser.com\/de\/#\/schema\/logo\/image\/\",\"url\":\"https:\/\/www.tourcruiser.com\/wp-content\/uploads\/2025\/12\/logo.png\",\"contentUrl\":\"https:\/\/www.tourcruiser.com\/wp-content\/uploads\/2025\/12\/logo.png\",\"width\":200,\"height\":65,\"caption\":\"STYLORAL PTE. LTD\"},\"image\":{\"@id\":\"https:\/\/tourcruiser.com\/de\/#\/schema\/logo\/image\/\"}}]}<\/script>\n<!-- \/ Yoast SEO plugin. -->","yoast_head_json":{"title":"(Women) Air Jordan Sophia Slide 'Dark Ash Black' - Tourcruiser PTE. LTD","robots":{"index":"index","follow":"follow","max-snippet":"max-snippet:-1","max-image-preview":"max-image-preview:large","max-video-preview":"max-video-preview:-1"},"canonical":"https:\/\/tourcruiser.com\/de\/products\/women-air-jordan-sophia-slide-dark-ash-black\/","og_locale":"de_DE","og_type":"article","og_title":"(Women) Air Jordan Sophia Slide 'Dark Ash Black' - Tourcruiser PTE. LTD","og_description":"Erleben Sie puren Komfort und verleihen Sie Ihrem Streetstyle mit den Air Jordan Sophia Slides f\u00c3\u00bcr Damen in \u00e2\u20ac\u017eDark Ash Black\u00e2\u20ac\u0153 das gewisse Etwas. Dank des ultraweichen, gesteppten Fu\u00c3\u0178betts und der leichten Schaumstoffsohle bieten diese Slides unvergleichliche D\u00c3\u00a4mpfung und Unterst\u00c3\u00bctzung. Die strapazierf\u00c3\u00a4hige Gummisohle sorgt f\u00c3\u00bcr hervorragende Traktion, w\u00c3\u00a4hrend der verstellbare Riemen mit Schnallenverschluss einen sicheren [&hellip;]","og_url":"https:\/\/tourcruiser.com\/de\/products\/women-air-jordan-sophia-slide-dark-ash-black\/","og_site_name":"Tourcruiser Sneaker Store","twitter_card":"summary_large_image","twitter_image":"https:\/\/images.novelship.com\/product\/_women__air_jordan_sophia_slide__dark_ash_black__d_0_74890.jpeg","twitter_misc":{"Gesch\u00e4tzte Lesezeit":"1\u00a0Minute"},"schema":{"@context":"https:\/\/schema.org","@graph":[{"@type":"WebPage","@id":"https:\/\/tourcruiser.com\/de\/products\/women-air-jordan-sophia-slide-dark-ash-black\/","url":"https:\/\/tourcruiser.com\/de\/products\/women-air-jordan-sophia-slide-dark-ash-black\/","name":"(Women) Air Jordan Sophia Slide 'Dark Ash Black' - Tourcruiser PTE. LTD","isPartOf":{"@id":"https:\/\/tourcruiser.com\/de\/#website"},"primaryImageOfPage":{"@id":"https:\/\/tourcruiser.com\/de\/products\/women-air-jordan-sophia-slide-dark-ash-black\/#primaryimage"},"image":{"@id":"https:\/\/tourcruiser.com\/de\/products\/women-air-jordan-sophia-slide-dark-ash-black\/#primaryimage"},"thumbnailUrl":"https:\/\/images.novelship.com\/product\/_women__air_jordan_sophia_slide__dark_ash_black__d_0_74890.jpeg","datePublished":"2026-03-21T05:17:27+00:00","breadcrumb":{"@id":"https:\/\/tourcruiser.com\/de\/products\/women-air-jordan-sophia-slide-dark-ash-black\/#breadcrumb"},"inLanguage":"de","potentialAction":[{"@type":"ReadAction","target":["https:\/\/tourcruiser.com\/de\/products\/women-air-jordan-sophia-slide-dark-ash-black\/"]}]},{"@type":"ImageObject","inLanguage":"de","@id":"https:\/\/tourcruiser.com\/de\/products\/women-air-jordan-sophia-slide-dark-ash-black\/#primaryimage","url":"https:\/\/images.novelship.com\/product\/_women__air_jordan_sophia_slide__dark_ash_black__d_0_74890.jpeg","contentUrl":"https:\/\/images.novelship.com\/product\/_women__air_jordan_sophia_slide__dark_ash_black__d_0_74890.jpeg"},{"@type":"BreadcrumbList","@id":"https:\/\/tourcruiser.com\/de\/products\/women-air-jordan-sophia-slide-dark-ash-black\/#breadcrumb","itemListElement":[{"@type":"ListItem","position":1,"name":"Home","item":"https:\/\/tourcruiser.com\/de\/"},{"@type":"ListItem","position":2,"name":"Shop","item":"https:\/\/tourcruiser.com\/de\/shop\/"},{"@type":"ListItem","position":3,"name":"(Women) Air Jordan Sophia Slide 'Dark Ash Black'"}]},{"@type":"WebSite","@id":"https:\/\/tourcruiser.com\/de\/#website","url":"https:\/\/tourcruiser.com\/de\/","name":"Styloral Jewelry Shop","description":"Tourcruiser Sneaker Store \u2014 der Ort, an dem das Universum deine Einzigartigkeit trifft.","publisher":{"@id":"https:\/\/tourcruiser.com\/de\/#organization"},"potentialAction":[{"@type":"SearchAction","target":{"@type":"EntryPoint","urlTemplate":"https:\/\/tourcruiser.com\/de\/?s={search_term_string}"},"query-input":{"@type":"PropertyValueSpecification","valueRequired":true,"valueName":"search_term_string"}}],"inLanguage":"de"},{"@type":"Organization","@id":"https:\/\/tourcruiser.com\/de\/#organization","name":"STYLORAL PTE. LTD","url":"https:\/\/tourcruiser.com\/de\/","logo":{"@type":"ImageObject","inLanguage":"de","@id":"https:\/\/tourcruiser.com\/de\/#\/schema\/logo\/image\/","url":"https:\/\/www.tourcruiser.com\/wp-content\/uploads\/2025\/12\/logo.png","contentUrl":"https:\/\/www.tourcruiser.com\/wp-content\/uploads\/2025\/12\/logo.png","width":200,"height":65,"caption":"STYLORAL PTE. LTD"},"image":{"@id":"https:\/\/tourcruiser.com\/de\/#\/schema\/logo\/image\/"}}]}},"_links":{"self":[{"href":"https:\/\/tourcruiser.com\/de\/wp-json\/wp\/v2\/product\/468574","targetHints":{"allow":["GET"]}}],"collection":[{"href":"https:\/\/tourcruiser.com\/de\/wp-json\/wp\/v2\/product"}],"about":[{"href":"https:\/\/tourcruiser.com\/de\/wp-json\/wp\/v2\/types\/product"}],"replies":[{"embeddable":true,"href":"https:\/\/tourcruiser.com\/de\/wp-json\/wp\/v2\/comments?post=468574"}],"wp:featuredmedia":[{"embeddable":true,"href":"https:\/\/tourcruiser.com\/de\/wp-json\/wp\/v2\/media\/468575"}],"wp:attachment":[{"href":"https:\/\/tourcruiser.com\/de\/wp-json\/wp\/v2\/media?parent=468574"}],"wp:term":[{"taxonomy":"product_brand","embeddable":true,"href":"https:\/\/tourcruiser.com\/de\/wp-json\/wp\/v2\/product_brand?post=468574"},{"taxonomy":"product_cat","embeddable":true,"href":"https:\/\/tourcruiser.com\/de\/wp-json\/wp\/v2\/product_cat?post=468574"},{"taxonomy":"product_tag","embeddable":true,"href":"https:\/\/tourcruiser.com\/de\/wp-json\/wp\/v2\/product_tag?post=468574"}],"curies":[{"name":"wp","href":"https:\/\/api.w.org\/{rel}","templated":true}]}}