{"id":468551,"date":"2026-03-21T12:17:18","date_gmt":"2026-03-21T05:17:18","guid":{"rendered":"http:\/\/tourcruiser.com\/product\/air-jordan-roam-slides-sail-rattan"},"modified":"2026-03-21T12:17:18","modified_gmt":"2026-03-21T05:17:18","slug":"air-jordan-roam-slides-sail-rattan","status":"publish","type":"product","link":"https:\/\/tourcruiser.com\/de\/products\/air-jordan-roam-slides-sail-rattan\/","title":{"rendered":"Air Jordan Roam Slides &#8218;Sail Rattan&#8216;"},"content":{"rendered":"<p>Erleben Sie unvergleichlichen Komfort und ikonischen Style mit dem Air Jordan Roam Slide Rattan Sail. Die elegante Sandale besticht durch hochwertige Materialien f\u00c3\u00bcr maximale Strapazierf\u00c3\u00a4higkeit und optimalen Tragekomfort. In der modernen Farbkombination Rattan Sail gehalten, vereint sie m\u00c3\u00bchelos Eleganz mit l\u00c3\u00a4ssigem Streetstyle und ist somit die perfekte Wahl f\u00c3\u00bcr jeden Anlass. Das konturierte Fu\u00c3\u0178bett und die Schaumstoff-Mittelsohle bieten federleichten Halt und garantieren ganzt\u00c3\u00a4gigen Tragekomfort \u00e2\u20ac\u201c egal ob zu Hause oder unterwegs. Diese Slides sind ideal f\u00c3\u00bcr Fans der Jordan-Legende und eine subtile Hommage an deren ber\u00c3\u00bchmtes Erbe, gepaart mit funktionalem und trendigem Design.<\/p>\n<p>Farbkombination: Rattan\/Sail\/Pale Ivory\/Black<\/p>\n<p>Style-Code: FQ0227-201<\/p>\n<p>Obermaterial: Gummi<\/p>\n<p>Farbe: Beige<\/p>\n","protected":false},"excerpt":{"rendered":"<p>Erleben Sie unvergleichlichen Komfort und ikonischen Style mit dem Air Jordan Roam Slide Rattan Sail. Die elegante Sandale besticht durch hochwertige Materialien f\u00c3\u00bcr maximale Strapazierf\u00c3\u00a4higkeit und optimalen Tragekomfort. In der modernen Farbkombination Rattan Sail gehalten, vereint sie m\u00c3\u00bchelos Eleganz mit l\u00c3\u00a4ssigem Streetstyle und ist somit die perfekte Wahl f\u00c3\u00bcr jeden Anlass. Das konturierte Fu\u00c3\u0178bett und [&hellip;]<\/p>\n","protected":false},"featured_media":468552,"comment_status":"open","ping_status":"closed","template":"","meta":[],"product_brand":[],"product_cat":[38869,38842,40490,39306],"product_tag":[40430,10776,40424,10808,40429],"class_list":{"0":"post-468551","1":"product","2":"type-product","3":"status-publish","4":"has-post-thumbnail","6":"product_cat-jordan","7":"product_cat-gender-men","8":"product_cat-jordan-roam-slide","9":"product_cat-slides","10":"product_tag-athleisure-schuhe","11":"product_tag-jordan","12":"product_tag-lifestyle-freizeitschuhe","13":"product_tag-slides","14":"product_tag-unter-retailpreis","15":"wcpa_has_options","17":"first","18":"instock","19":"taxable","20":"shipping-taxable","21":"purchasable","22":"product-type-simple"},"wcpa_form_fields":{"rules":{"pric_overide_base_price":false,"pric_overide_base_price_if_gt_zero":false,"pric_overide_base_price_fully":false,"pric_cal_option_once":false,"pric_use_as_fee":false,"bind_quantity":false,"quantity_bind_formula":false},"fields":[{"type":"color-group","required":true,"elementId":"wcpa-color-group-66c4a75505e74","label":"Gr\u00f6\u00dfe - EU Gr\u00f6\u00dfe","inline":true,"priceOptions":"different_for_all","pricingType":"fixed","className":"hassizechart product-shoes-size-eu product-shoes-size","name":"color-group-66c4a75505e89","disp_type":"square","selection_type":"tick-border","disp_size":"44","show_label_inside":true,"adjust_width":true,"cart_display_type":"text","other_text":"Other","cl_rule":"show","col":6,"values":[{"label":"35.5","value":"EU 35.5","price":"","pimage":"","pimage_id":"","pthumb":"","color":""},{"label":"36","value":"EU 36","price":"","pimage":"","pimage_id":"","pthumb":"","color":"","selected":true},{"label":"36.5","value":"EU 36.5","price":"","pimage":"","pimage_id":"","pthumb":"","color":""},{"label":"37.5","value":"EU 37.5","price":"","pimage":"","pimage_id":"","pthumb":"","color":""},{"label":"38","value":"EU 38","price":"","pimage":"","pimage_id":"","pthumb":"","color":""},{"label":"38.5","value":"EU 38.5","price":"","pimage":"","pimage_id":"","pthumb":"","color":""},{"label":"39","value":"EU 39","price":"","pimage":"","pimage_id":"","pthumb":"","color":""},{"label":"40","value":"EU 40","price":"","pimage":"","pimage_id":"","pthumb":"","color":""},{"label":"40.5","value":"EU 40.5","price":"","pimage":"","pimage_id":"","pthumb":"","color":""},{"label":"41","value":"EU 41","price":"","pimage":"","pimage_id":"","pthumb":"","color":""},{"label":"42","value":"EU 42","price":"","pimage":"","pimage_id":"","pthumb":"","color":""},{"label":"42.5","value":"EU 42.5","price":"","pimage":"","pimage_id":"","pthumb":"","color":""},{"label":"43","value":"EU 43","price":"","pimage":"","pimage_id":"","pthumb":"","color":""},{"label":"44","value":"EU 44","price":"","pimage":"","pimage_id":"","pthumb":"","color":""},{"label":"44.5","value":"EU 44.5","price":"","pimage":"","pimage_id":"","pthumb":"","color":""},{"label":"45","value":"EU 45","price":"","pimage":"","pimage_id":"","pthumb":"","color":""},{"label":"45.5","value":"EU 45.5","price":"","pimage":"","pimage_id":"","pthumb":"","color":""},{"label":"46","value":"EU 46","price":"","pimage":"","pimage_id":"","pthumb":"","color":""},{"label":"47","value":"EU 47","price":"","pimage":"","pimage_id":"","pthumb":"","color":""},{"label":"47.5","value":"EU 47.5","price":"","pimage":"","pimage_id":"","pthumb":"","color":""},{"label":"48","value":"EU 48","price":"","pimage":"","pimage_id":"","pthumb":"","color":""}],"relations":[{"operator":false,"rules":[]}],"form_id":18106,"form_rules":{"pric_cal_option_once":false,"exclude_from_discount":false,"pric_use_as_fee":false,"fee_label":"Fee","render_after_acb":false,"disp_hide_options_price":false}}]},"yoast_head":"<!-- This site is optimized with the Yoast SEO plugin v26.5 - https:\/\/yoast.com\/wordpress\/plugins\/seo\/ -->\n<title>Air Jordan Roam Slides &#039;Sail Rattan&#039; - Tourcruiser PTE. LTD<\/title>\n<meta name=\"robots\" content=\"index, follow, max-snippet:-1, max-image-preview:large, max-video-preview:-1\" \/>\n<link rel=\"canonical\" href=\"https:\/\/tourcruiser.com\/de\/products\/air-jordan-roam-slides-sail-rattan\/\" \/>\n<meta property=\"og:locale\" content=\"de_DE\" \/>\n<meta property=\"og:type\" content=\"article\" \/>\n<meta property=\"og:title\" content=\"Air Jordan Roam Slides &#039;Sail Rattan&#039; - Tourcruiser PTE. LTD\" \/>\n<meta property=\"og:description\" content=\"Erleben Sie unvergleichlichen Komfort und ikonischen Style mit dem Air Jordan Roam Slide Rattan Sail. Die elegante Sandale besticht durch hochwertige Materialien f\u00c3\u00bcr maximale Strapazierf\u00c3\u00a4higkeit und optimalen Tragekomfort. In der modernen Farbkombination Rattan Sail gehalten, vereint sie m\u00c3\u00bchelos Eleganz mit l\u00c3\u00a4ssigem Streetstyle und ist somit die perfekte Wahl f\u00c3\u00bcr jeden Anlass. Das konturierte Fu\u00c3\u0178bett und [&hellip;]\" \/>\n<meta property=\"og:url\" content=\"https:\/\/tourcruiser.com\/de\/products\/air-jordan-roam-slides-sail-rattan\/\" \/>\n<meta property=\"og:site_name\" content=\"Tourcruiser Sneaker Store\" \/>\n<meta name=\"twitter:card\" content=\"summary_large_image\" \/>\n<meta name=\"twitter:image\" content=\"https:\/\/images.novelship.com\/product\/air_jordan_roam_slide_rattan_sail_fq0227-201_0_62258.jpeg\" \/>\n<meta name=\"twitter:label1\" content=\"Gesch\u00e4tzte Lesezeit\" \/>\n\t<meta name=\"twitter:data1\" content=\"1\u00a0Minute\" \/>\n<script type=\"application\/ld+json\" class=\"yoast-schema-graph\">{\"@context\":\"https:\/\/schema.org\",\"@graph\":[{\"@type\":\"WebPage\",\"@id\":\"https:\/\/tourcruiser.com\/de\/products\/air-jordan-roam-slides-sail-rattan\/\",\"url\":\"https:\/\/tourcruiser.com\/de\/products\/air-jordan-roam-slides-sail-rattan\/\",\"name\":\"Air Jordan Roam Slides 'Sail Rattan' - Tourcruiser PTE. LTD\",\"isPartOf\":{\"@id\":\"https:\/\/tourcruiser.com\/de\/#website\"},\"primaryImageOfPage\":{\"@id\":\"https:\/\/tourcruiser.com\/de\/products\/air-jordan-roam-slides-sail-rattan\/#primaryimage\"},\"image\":{\"@id\":\"https:\/\/tourcruiser.com\/de\/products\/air-jordan-roam-slides-sail-rattan\/#primaryimage\"},\"thumbnailUrl\":\"https:\/\/images.novelship.com\/product\/air_jordan_roam_slide_rattan_sail_fq0227-201_0_62258.jpeg\",\"datePublished\":\"2026-03-21T05:17:18+00:00\",\"breadcrumb\":{\"@id\":\"https:\/\/tourcruiser.com\/de\/products\/air-jordan-roam-slides-sail-rattan\/#breadcrumb\"},\"inLanguage\":\"de\",\"potentialAction\":[{\"@type\":\"ReadAction\",\"target\":[\"https:\/\/tourcruiser.com\/de\/products\/air-jordan-roam-slides-sail-rattan\/\"]}]},{\"@type\":\"ImageObject\",\"inLanguage\":\"de\",\"@id\":\"https:\/\/tourcruiser.com\/de\/products\/air-jordan-roam-slides-sail-rattan\/#primaryimage\",\"url\":\"https:\/\/images.novelship.com\/product\/air_jordan_roam_slide_rattan_sail_fq0227-201_0_62258.jpeg\",\"contentUrl\":\"https:\/\/images.novelship.com\/product\/air_jordan_roam_slide_rattan_sail_fq0227-201_0_62258.jpeg\"},{\"@type\":\"BreadcrumbList\",\"@id\":\"https:\/\/tourcruiser.com\/de\/products\/air-jordan-roam-slides-sail-rattan\/#breadcrumb\",\"itemListElement\":[{\"@type\":\"ListItem\",\"position\":1,\"name\":\"Home\",\"item\":\"https:\/\/tourcruiser.com\/de\/\"},{\"@type\":\"ListItem\",\"position\":2,\"name\":\"Shop\",\"item\":\"https:\/\/tourcruiser.com\/de\/shop\/\"},{\"@type\":\"ListItem\",\"position\":3,\"name\":\"Air Jordan Roam Slides 'Sail Rattan'\"}]},{\"@type\":\"WebSite\",\"@id\":\"https:\/\/tourcruiser.com\/de\/#website\",\"url\":\"https:\/\/tourcruiser.com\/de\/\",\"name\":\"Styloral Jewelry Shop\",\"description\":\"Tourcruiser Sneaker Store \u2014 der Ort, an dem das Universum deine Einzigartigkeit trifft.\",\"publisher\":{\"@id\":\"https:\/\/tourcruiser.com\/de\/#organization\"},\"potentialAction\":[{\"@type\":\"SearchAction\",\"target\":{\"@type\":\"EntryPoint\",\"urlTemplate\":\"https:\/\/tourcruiser.com\/de\/?s={search_term_string}\"},\"query-input\":{\"@type\":\"PropertyValueSpecification\",\"valueRequired\":true,\"valueName\":\"search_term_string\"}}],\"inLanguage\":\"de\"},{\"@type\":\"Organization\",\"@id\":\"https:\/\/tourcruiser.com\/de\/#organization\",\"name\":\"STYLORAL PTE. LTD\",\"url\":\"https:\/\/tourcruiser.com\/de\/\",\"logo\":{\"@type\":\"ImageObject\",\"inLanguage\":\"de\",\"@id\":\"https:\/\/tourcruiser.com\/de\/#\/schema\/logo\/image\/\",\"url\":\"https:\/\/www.tourcruiser.com\/wp-content\/uploads\/2025\/12\/logo.png\",\"contentUrl\":\"https:\/\/www.tourcruiser.com\/wp-content\/uploads\/2025\/12\/logo.png\",\"width\":200,\"height\":65,\"caption\":\"STYLORAL PTE. LTD\"},\"image\":{\"@id\":\"https:\/\/tourcruiser.com\/de\/#\/schema\/logo\/image\/\"}}]}<\/script>\n<!-- \/ Yoast SEO plugin. -->","yoast_head_json":{"title":"Air Jordan Roam Slides 'Sail Rattan' - Tourcruiser PTE. LTD","robots":{"index":"index","follow":"follow","max-snippet":"max-snippet:-1","max-image-preview":"max-image-preview:large","max-video-preview":"max-video-preview:-1"},"canonical":"https:\/\/tourcruiser.com\/de\/products\/air-jordan-roam-slides-sail-rattan\/","og_locale":"de_DE","og_type":"article","og_title":"Air Jordan Roam Slides 'Sail Rattan' - Tourcruiser PTE. LTD","og_description":"Erleben Sie unvergleichlichen Komfort und ikonischen Style mit dem Air Jordan Roam Slide Rattan Sail. Die elegante Sandale besticht durch hochwertige Materialien f\u00c3\u00bcr maximale Strapazierf\u00c3\u00a4higkeit und optimalen Tragekomfort. In der modernen Farbkombination Rattan Sail gehalten, vereint sie m\u00c3\u00bchelos Eleganz mit l\u00c3\u00a4ssigem Streetstyle und ist somit die perfekte Wahl f\u00c3\u00bcr jeden Anlass. Das konturierte Fu\u00c3\u0178bett und [&hellip;]","og_url":"https:\/\/tourcruiser.com\/de\/products\/air-jordan-roam-slides-sail-rattan\/","og_site_name":"Tourcruiser Sneaker Store","twitter_card":"summary_large_image","twitter_image":"https:\/\/images.novelship.com\/product\/air_jordan_roam_slide_rattan_sail_fq0227-201_0_62258.jpeg","twitter_misc":{"Gesch\u00e4tzte Lesezeit":"1\u00a0Minute"},"schema":{"@context":"https:\/\/schema.org","@graph":[{"@type":"WebPage","@id":"https:\/\/tourcruiser.com\/de\/products\/air-jordan-roam-slides-sail-rattan\/","url":"https:\/\/tourcruiser.com\/de\/products\/air-jordan-roam-slides-sail-rattan\/","name":"Air Jordan Roam Slides 'Sail Rattan' - Tourcruiser PTE. LTD","isPartOf":{"@id":"https:\/\/tourcruiser.com\/de\/#website"},"primaryImageOfPage":{"@id":"https:\/\/tourcruiser.com\/de\/products\/air-jordan-roam-slides-sail-rattan\/#primaryimage"},"image":{"@id":"https:\/\/tourcruiser.com\/de\/products\/air-jordan-roam-slides-sail-rattan\/#primaryimage"},"thumbnailUrl":"https:\/\/images.novelship.com\/product\/air_jordan_roam_slide_rattan_sail_fq0227-201_0_62258.jpeg","datePublished":"2026-03-21T05:17:18+00:00","breadcrumb":{"@id":"https:\/\/tourcruiser.com\/de\/products\/air-jordan-roam-slides-sail-rattan\/#breadcrumb"},"inLanguage":"de","potentialAction":[{"@type":"ReadAction","target":["https:\/\/tourcruiser.com\/de\/products\/air-jordan-roam-slides-sail-rattan\/"]}]},{"@type":"ImageObject","inLanguage":"de","@id":"https:\/\/tourcruiser.com\/de\/products\/air-jordan-roam-slides-sail-rattan\/#primaryimage","url":"https:\/\/images.novelship.com\/product\/air_jordan_roam_slide_rattan_sail_fq0227-201_0_62258.jpeg","contentUrl":"https:\/\/images.novelship.com\/product\/air_jordan_roam_slide_rattan_sail_fq0227-201_0_62258.jpeg"},{"@type":"BreadcrumbList","@id":"https:\/\/tourcruiser.com\/de\/products\/air-jordan-roam-slides-sail-rattan\/#breadcrumb","itemListElement":[{"@type":"ListItem","position":1,"name":"Home","item":"https:\/\/tourcruiser.com\/de\/"},{"@type":"ListItem","position":2,"name":"Shop","item":"https:\/\/tourcruiser.com\/de\/shop\/"},{"@type":"ListItem","position":3,"name":"Air Jordan Roam Slides 'Sail Rattan'"}]},{"@type":"WebSite","@id":"https:\/\/tourcruiser.com\/de\/#website","url":"https:\/\/tourcruiser.com\/de\/","name":"Styloral Jewelry Shop","description":"Tourcruiser Sneaker Store \u2014 der Ort, an dem das Universum deine Einzigartigkeit trifft.","publisher":{"@id":"https:\/\/tourcruiser.com\/de\/#organization"},"potentialAction":[{"@type":"SearchAction","target":{"@type":"EntryPoint","urlTemplate":"https:\/\/tourcruiser.com\/de\/?s={search_term_string}"},"query-input":{"@type":"PropertyValueSpecification","valueRequired":true,"valueName":"search_term_string"}}],"inLanguage":"de"},{"@type":"Organization","@id":"https:\/\/tourcruiser.com\/de\/#organization","name":"STYLORAL PTE. LTD","url":"https:\/\/tourcruiser.com\/de\/","logo":{"@type":"ImageObject","inLanguage":"de","@id":"https:\/\/tourcruiser.com\/de\/#\/schema\/logo\/image\/","url":"https:\/\/www.tourcruiser.com\/wp-content\/uploads\/2025\/12\/logo.png","contentUrl":"https:\/\/www.tourcruiser.com\/wp-content\/uploads\/2025\/12\/logo.png","width":200,"height":65,"caption":"STYLORAL PTE. LTD"},"image":{"@id":"https:\/\/tourcruiser.com\/de\/#\/schema\/logo\/image\/"}}]}},"_links":{"self":[{"href":"https:\/\/tourcruiser.com\/de\/wp-json\/wp\/v2\/product\/468551","targetHints":{"allow":["GET"]}}],"collection":[{"href":"https:\/\/tourcruiser.com\/de\/wp-json\/wp\/v2\/product"}],"about":[{"href":"https:\/\/tourcruiser.com\/de\/wp-json\/wp\/v2\/types\/product"}],"replies":[{"embeddable":true,"href":"https:\/\/tourcruiser.com\/de\/wp-json\/wp\/v2\/comments?post=468551"}],"wp:featuredmedia":[{"embeddable":true,"href":"https:\/\/tourcruiser.com\/de\/wp-json\/wp\/v2\/media\/468552"}],"wp:attachment":[{"href":"https:\/\/tourcruiser.com\/de\/wp-json\/wp\/v2\/media?parent=468551"}],"wp:term":[{"taxonomy":"product_brand","embeddable":true,"href":"https:\/\/tourcruiser.com\/de\/wp-json\/wp\/v2\/product_brand?post=468551"},{"taxonomy":"product_cat","embeddable":true,"href":"https:\/\/tourcruiser.com\/de\/wp-json\/wp\/v2\/product_cat?post=468551"},{"taxonomy":"product_tag","embeddable":true,"href":"https:\/\/tourcruiser.com\/de\/wp-json\/wp\/v2\/product_tag?post=468551"}],"curies":[{"name":"wp","href":"https:\/\/api.w.org\/{rel}","templated":true}]}}