{"id":468424,"date":"2026-03-21T12:16:51","date_gmt":"2026-03-21T05:16:51","guid":{"rendered":"http:\/\/tourcruiser.com\/product\/nike-calm-slide-black-gum"},"modified":"2026-03-21T12:16:51","modified_gmt":"2026-03-21T05:16:51","slug":"nike-calm-slide-black-gum","status":"publish","type":"product","link":"https:\/\/tourcruiser.com\/de\/products\/nike-calm-slide-black-gum\/","title":{"rendered":"Nike Calm Slide &#8218;Black Gum&#8216;"},"content":{"rendered":"<p>Genie\u00c3\u0178en Sie Komfort und Stil mit dem Nike Calm Slide &#8218;Black Gum&#8216; FD4116-003. Diese eleganten Slides bestechen durch ihr minimalistisches schwarzes Design und die klassische Gummisohle und bieten einen vielseitigen Look f\u00c3\u00bcr jeden Freizeit-Anlass. Dank des weichen und strapazierf\u00c3\u00a4higen Materials garantieren die Slides ganzt\u00c3\u00a4gigen Tragekomfort und Halt. Ob zum Entspannen nach dem Training oder im Alltag \u00e2\u20ac\u201c der Nike Calm Slide vereint Funktionalit\u00c3\u00a4t und moderne \u00c3\u201esthetik. Bereichern Sie Ihre Schuhsammlung mit diesem unverzichtbaren und stylischen Basic.<\/p>\n<ul>\n<li><strong>Farbgebung:<\/strong> Schwarz\/Mittelbraunes Gummi<\/li>\n<li><strong>Artikelnummer:<\/strong> FD4116-003<\/li>\n<li><strong>Obermaterial:<\/strong> EVA<\/li>\n<li><strong>Zwischensohle:<\/strong> EVA<\/li>\n<li><strong>Farbe:<\/strong> Schwarz<\/li>\n<\/ul>\n","protected":false},"excerpt":{"rendered":"<p>Genie\u00c3\u0178en Sie Komfort und Stil mit dem Nike Calm Slide &#8218;Black Gum&#8216; FD4116-003. Diese eleganten Slides bestechen durch ihr minimalistisches schwarzes Design und die klassische Gummisohle und bieten einen vielseitigen Look f\u00c3\u00bcr jeden Freizeit-Anlass. Dank des weichen und strapazierf\u00c3\u00a4higen Materials garantieren die Slides ganzt\u00c3\u00a4gigen Tragekomfort und Halt. Ob zum Entspannen nach dem Training oder im [&hellip;]<\/p>\n","protected":false},"featured_media":468425,"comment_status":"open","ping_status":"closed","template":"","meta":[],"product_brand":[],"product_cat":[40488,38842,10803,39306],"product_tag":[40423,40421,40424,10801,10808],"class_list":{"0":"post-468424","1":"product","2":"type-product","3":"status-publish","4":"has-post-thumbnail","6":"product_cat-nike-calm","7":"product_cat-gender-men","8":"product_cat-nike","9":"product_cat-slides","10":"product_tag-geschenk-fa-r-ihn","11":"product_tag-la-ssige-sandalen","12":"product_tag-lifestyle-freizeitschuhe","13":"product_tag-nike","14":"product_tag-slides","15":"wcpa_has_options","17":"first","18":"instock","19":"taxable","20":"shipping-taxable","21":"purchasable","22":"product-type-simple"},"wcpa_form_fields":{"rules":{"pric_overide_base_price":false,"pric_overide_base_price_if_gt_zero":false,"pric_overide_base_price_fully":false,"pric_cal_option_once":false,"pric_use_as_fee":false,"bind_quantity":false,"quantity_bind_formula":false},"fields":[{"type":"color-group","required":true,"elementId":"wcpa-color-group-66c4a75505e74","label":"Gr\u00f6\u00dfe - EU Gr\u00f6\u00dfe","inline":true,"priceOptions":"different_for_all","pricingType":"fixed","className":"hassizechart product-shoes-size-eu product-shoes-size","name":"color-group-66c4a75505e89","disp_type":"square","selection_type":"tick-border","disp_size":"44","show_label_inside":true,"adjust_width":true,"cart_display_type":"text","other_text":"Other","cl_rule":"show","col":6,"values":[{"label":"35.5","value":"EU 35.5","price":"","pimage":"","pimage_id":"","pthumb":"","color":""},{"label":"36","value":"EU 36","price":"","pimage":"","pimage_id":"","pthumb":"","color":"","selected":true},{"label":"36.5","value":"EU 36.5","price":"","pimage":"","pimage_id":"","pthumb":"","color":""},{"label":"37.5","value":"EU 37.5","price":"","pimage":"","pimage_id":"","pthumb":"","color":""},{"label":"38","value":"EU 38","price":"","pimage":"","pimage_id":"","pthumb":"","color":""},{"label":"38.5","value":"EU 38.5","price":"","pimage":"","pimage_id":"","pthumb":"","color":""},{"label":"39","value":"EU 39","price":"","pimage":"","pimage_id":"","pthumb":"","color":""},{"label":"40","value":"EU 40","price":"","pimage":"","pimage_id":"","pthumb":"","color":""},{"label":"40.5","value":"EU 40.5","price":"","pimage":"","pimage_id":"","pthumb":"","color":""},{"label":"41","value":"EU 41","price":"","pimage":"","pimage_id":"","pthumb":"","color":""},{"label":"42","value":"EU 42","price":"","pimage":"","pimage_id":"","pthumb":"","color":""},{"label":"42.5","value":"EU 42.5","price":"","pimage":"","pimage_id":"","pthumb":"","color":""},{"label":"43","value":"EU 43","price":"","pimage":"","pimage_id":"","pthumb":"","color":""},{"label":"44","value":"EU 44","price":"","pimage":"","pimage_id":"","pthumb":"","color":""},{"label":"44.5","value":"EU 44.5","price":"","pimage":"","pimage_id":"","pthumb":"","color":""},{"label":"45","value":"EU 45","price":"","pimage":"","pimage_id":"","pthumb":"","color":""},{"label":"45.5","value":"EU 45.5","price":"","pimage":"","pimage_id":"","pthumb":"","color":""},{"label":"46","value":"EU 46","price":"","pimage":"","pimage_id":"","pthumb":"","color":""},{"label":"47","value":"EU 47","price":"","pimage":"","pimage_id":"","pthumb":"","color":""},{"label":"47.5","value":"EU 47.5","price":"","pimage":"","pimage_id":"","pthumb":"","color":""},{"label":"48","value":"EU 48","price":"","pimage":"","pimage_id":"","pthumb":"","color":""}],"relations":[{"operator":false,"rules":[]}],"form_id":18106,"form_rules":{"pric_cal_option_once":false,"exclude_from_discount":false,"pric_use_as_fee":false,"fee_label":"Fee","render_after_acb":false,"disp_hide_options_price":false}}]},"yoast_head":"<!-- This site is optimized with the Yoast SEO plugin v26.5 - https:\/\/yoast.com\/wordpress\/plugins\/seo\/ -->\n<title>Nike Calm Slide &#039;Black Gum&#039; - Tourcruiser PTE. LTD<\/title>\n<meta name=\"robots\" content=\"index, follow, max-snippet:-1, max-image-preview:large, max-video-preview:-1\" \/>\n<link rel=\"canonical\" href=\"https:\/\/tourcruiser.com\/de\/products\/nike-calm-slide-black-gum\/\" \/>\n<meta property=\"og:locale\" content=\"de_DE\" \/>\n<meta property=\"og:type\" content=\"article\" \/>\n<meta property=\"og:title\" content=\"Nike Calm Slide &#039;Black Gum&#039; - Tourcruiser PTE. LTD\" \/>\n<meta property=\"og:description\" content=\"Genie\u00c3\u0178en Sie Komfort und Stil mit dem Nike Calm Slide &#8218;Black Gum&#8216; FD4116-003. Diese eleganten Slides bestechen durch ihr minimalistisches schwarzes Design und die klassische Gummisohle und bieten einen vielseitigen Look f\u00c3\u00bcr jeden Freizeit-Anlass. Dank des weichen und strapazierf\u00c3\u00a4higen Materials garantieren die Slides ganzt\u00c3\u00a4gigen Tragekomfort und Halt. Ob zum Entspannen nach dem Training oder im [&hellip;]\" \/>\n<meta property=\"og:url\" content=\"https:\/\/tourcruiser.com\/de\/products\/nike-calm-slide-black-gum\/\" \/>\n<meta property=\"og:site_name\" content=\"Tourcruiser Sneaker Store\" \/>\n<meta name=\"twitter:card\" content=\"summary_large_image\" \/>\n<meta name=\"twitter:image\" content=\"https:\/\/images.novelship.com\/product\/nike_calm_slide__black_gum__fd4116-003_0_88157.jpeg\" \/>\n<script type=\"application\/ld+json\" class=\"yoast-schema-graph\">{\"@context\":\"https:\/\/schema.org\",\"@graph\":[{\"@type\":\"WebPage\",\"@id\":\"https:\/\/tourcruiser.com\/de\/products\/nike-calm-slide-black-gum\/\",\"url\":\"https:\/\/tourcruiser.com\/de\/products\/nike-calm-slide-black-gum\/\",\"name\":\"Nike Calm Slide 'Black Gum' - Tourcruiser PTE. LTD\",\"isPartOf\":{\"@id\":\"https:\/\/tourcruiser.com\/de\/#website\"},\"primaryImageOfPage\":{\"@id\":\"https:\/\/tourcruiser.com\/de\/products\/nike-calm-slide-black-gum\/#primaryimage\"},\"image\":{\"@id\":\"https:\/\/tourcruiser.com\/de\/products\/nike-calm-slide-black-gum\/#primaryimage\"},\"thumbnailUrl\":\"https:\/\/images.novelship.com\/product\/nike_calm_slide__black_gum__fd4116-003_0_88157.jpeg\",\"datePublished\":\"2026-03-21T05:16:51+00:00\",\"breadcrumb\":{\"@id\":\"https:\/\/tourcruiser.com\/de\/products\/nike-calm-slide-black-gum\/#breadcrumb\"},\"inLanguage\":\"de\",\"potentialAction\":[{\"@type\":\"ReadAction\",\"target\":[\"https:\/\/tourcruiser.com\/de\/products\/nike-calm-slide-black-gum\/\"]}]},{\"@type\":\"ImageObject\",\"inLanguage\":\"de\",\"@id\":\"https:\/\/tourcruiser.com\/de\/products\/nike-calm-slide-black-gum\/#primaryimage\",\"url\":\"https:\/\/images.novelship.com\/product\/nike_calm_slide__black_gum__fd4116-003_0_88157.jpeg\",\"contentUrl\":\"https:\/\/images.novelship.com\/product\/nike_calm_slide__black_gum__fd4116-003_0_88157.jpeg\"},{\"@type\":\"BreadcrumbList\",\"@id\":\"https:\/\/tourcruiser.com\/de\/products\/nike-calm-slide-black-gum\/#breadcrumb\",\"itemListElement\":[{\"@type\":\"ListItem\",\"position\":1,\"name\":\"Home\",\"item\":\"https:\/\/tourcruiser.com\/de\/\"},{\"@type\":\"ListItem\",\"position\":2,\"name\":\"Shop\",\"item\":\"https:\/\/tourcruiser.com\/de\/shop\/\"},{\"@type\":\"ListItem\",\"position\":3,\"name\":\"Nike Calm Slide 'Black Gum'\"}]},{\"@type\":\"WebSite\",\"@id\":\"https:\/\/tourcruiser.com\/de\/#website\",\"url\":\"https:\/\/tourcruiser.com\/de\/\",\"name\":\"Styloral Jewelry Shop\",\"description\":\"Tourcruiser Sneaker Store \u2014 der Ort, an dem das Universum deine Einzigartigkeit trifft.\",\"publisher\":{\"@id\":\"https:\/\/tourcruiser.com\/de\/#organization\"},\"potentialAction\":[{\"@type\":\"SearchAction\",\"target\":{\"@type\":\"EntryPoint\",\"urlTemplate\":\"https:\/\/tourcruiser.com\/de\/?s={search_term_string}\"},\"query-input\":{\"@type\":\"PropertyValueSpecification\",\"valueRequired\":true,\"valueName\":\"search_term_string\"}}],\"inLanguage\":\"de\"},{\"@type\":\"Organization\",\"@id\":\"https:\/\/tourcruiser.com\/de\/#organization\",\"name\":\"STYLORAL PTE. LTD\",\"url\":\"https:\/\/tourcruiser.com\/de\/\",\"logo\":{\"@type\":\"ImageObject\",\"inLanguage\":\"de\",\"@id\":\"https:\/\/tourcruiser.com\/de\/#\/schema\/logo\/image\/\",\"url\":\"https:\/\/www.tourcruiser.com\/wp-content\/uploads\/2025\/12\/logo.png\",\"contentUrl\":\"https:\/\/www.tourcruiser.com\/wp-content\/uploads\/2025\/12\/logo.png\",\"width\":200,\"height\":65,\"caption\":\"STYLORAL PTE. LTD\"},\"image\":{\"@id\":\"https:\/\/tourcruiser.com\/de\/#\/schema\/logo\/image\/\"}}]}<\/script>\n<!-- \/ Yoast SEO plugin. -->","yoast_head_json":{"title":"Nike Calm Slide 'Black Gum' - Tourcruiser PTE. LTD","robots":{"index":"index","follow":"follow","max-snippet":"max-snippet:-1","max-image-preview":"max-image-preview:large","max-video-preview":"max-video-preview:-1"},"canonical":"https:\/\/tourcruiser.com\/de\/products\/nike-calm-slide-black-gum\/","og_locale":"de_DE","og_type":"article","og_title":"Nike Calm Slide 'Black Gum' - Tourcruiser PTE. LTD","og_description":"Genie\u00c3\u0178en Sie Komfort und Stil mit dem Nike Calm Slide &#8218;Black Gum&#8216; FD4116-003. Diese eleganten Slides bestechen durch ihr minimalistisches schwarzes Design und die klassische Gummisohle und bieten einen vielseitigen Look f\u00c3\u00bcr jeden Freizeit-Anlass. Dank des weichen und strapazierf\u00c3\u00a4higen Materials garantieren die Slides ganzt\u00c3\u00a4gigen Tragekomfort und Halt. Ob zum Entspannen nach dem Training oder im [&hellip;]","og_url":"https:\/\/tourcruiser.com\/de\/products\/nike-calm-slide-black-gum\/","og_site_name":"Tourcruiser Sneaker Store","twitter_card":"summary_large_image","twitter_image":"https:\/\/images.novelship.com\/product\/nike_calm_slide__black_gum__fd4116-003_0_88157.jpeg","schema":{"@context":"https:\/\/schema.org","@graph":[{"@type":"WebPage","@id":"https:\/\/tourcruiser.com\/de\/products\/nike-calm-slide-black-gum\/","url":"https:\/\/tourcruiser.com\/de\/products\/nike-calm-slide-black-gum\/","name":"Nike Calm Slide 'Black Gum' - Tourcruiser PTE. LTD","isPartOf":{"@id":"https:\/\/tourcruiser.com\/de\/#website"},"primaryImageOfPage":{"@id":"https:\/\/tourcruiser.com\/de\/products\/nike-calm-slide-black-gum\/#primaryimage"},"image":{"@id":"https:\/\/tourcruiser.com\/de\/products\/nike-calm-slide-black-gum\/#primaryimage"},"thumbnailUrl":"https:\/\/images.novelship.com\/product\/nike_calm_slide__black_gum__fd4116-003_0_88157.jpeg","datePublished":"2026-03-21T05:16:51+00:00","breadcrumb":{"@id":"https:\/\/tourcruiser.com\/de\/products\/nike-calm-slide-black-gum\/#breadcrumb"},"inLanguage":"de","potentialAction":[{"@type":"ReadAction","target":["https:\/\/tourcruiser.com\/de\/products\/nike-calm-slide-black-gum\/"]}]},{"@type":"ImageObject","inLanguage":"de","@id":"https:\/\/tourcruiser.com\/de\/products\/nike-calm-slide-black-gum\/#primaryimage","url":"https:\/\/images.novelship.com\/product\/nike_calm_slide__black_gum__fd4116-003_0_88157.jpeg","contentUrl":"https:\/\/images.novelship.com\/product\/nike_calm_slide__black_gum__fd4116-003_0_88157.jpeg"},{"@type":"BreadcrumbList","@id":"https:\/\/tourcruiser.com\/de\/products\/nike-calm-slide-black-gum\/#breadcrumb","itemListElement":[{"@type":"ListItem","position":1,"name":"Home","item":"https:\/\/tourcruiser.com\/de\/"},{"@type":"ListItem","position":2,"name":"Shop","item":"https:\/\/tourcruiser.com\/de\/shop\/"},{"@type":"ListItem","position":3,"name":"Nike Calm Slide 'Black Gum'"}]},{"@type":"WebSite","@id":"https:\/\/tourcruiser.com\/de\/#website","url":"https:\/\/tourcruiser.com\/de\/","name":"Styloral Jewelry Shop","description":"Tourcruiser Sneaker Store \u2014 der Ort, an dem das Universum deine Einzigartigkeit trifft.","publisher":{"@id":"https:\/\/tourcruiser.com\/de\/#organization"},"potentialAction":[{"@type":"SearchAction","target":{"@type":"EntryPoint","urlTemplate":"https:\/\/tourcruiser.com\/de\/?s={search_term_string}"},"query-input":{"@type":"PropertyValueSpecification","valueRequired":true,"valueName":"search_term_string"}}],"inLanguage":"de"},{"@type":"Organization","@id":"https:\/\/tourcruiser.com\/de\/#organization","name":"STYLORAL PTE. LTD","url":"https:\/\/tourcruiser.com\/de\/","logo":{"@type":"ImageObject","inLanguage":"de","@id":"https:\/\/tourcruiser.com\/de\/#\/schema\/logo\/image\/","url":"https:\/\/www.tourcruiser.com\/wp-content\/uploads\/2025\/12\/logo.png","contentUrl":"https:\/\/www.tourcruiser.com\/wp-content\/uploads\/2025\/12\/logo.png","width":200,"height":65,"caption":"STYLORAL PTE. LTD"},"image":{"@id":"https:\/\/tourcruiser.com\/de\/#\/schema\/logo\/image\/"}}]}},"_links":{"self":[{"href":"https:\/\/tourcruiser.com\/de\/wp-json\/wp\/v2\/product\/468424","targetHints":{"allow":["GET"]}}],"collection":[{"href":"https:\/\/tourcruiser.com\/de\/wp-json\/wp\/v2\/product"}],"about":[{"href":"https:\/\/tourcruiser.com\/de\/wp-json\/wp\/v2\/types\/product"}],"replies":[{"embeddable":true,"href":"https:\/\/tourcruiser.com\/de\/wp-json\/wp\/v2\/comments?post=468424"}],"wp:featuredmedia":[{"embeddable":true,"href":"https:\/\/tourcruiser.com\/de\/wp-json\/wp\/v2\/media\/468425"}],"wp:attachment":[{"href":"https:\/\/tourcruiser.com\/de\/wp-json\/wp\/v2\/media?parent=468424"}],"wp:term":[{"taxonomy":"product_brand","embeddable":true,"href":"https:\/\/tourcruiser.com\/de\/wp-json\/wp\/v2\/product_brand?post=468424"},{"taxonomy":"product_cat","embeddable":true,"href":"https:\/\/tourcruiser.com\/de\/wp-json\/wp\/v2\/product_cat?post=468424"},{"taxonomy":"product_tag","embeddable":true,"href":"https:\/\/tourcruiser.com\/de\/wp-json\/wp\/v2\/product_tag?post=468424"}],"curies":[{"name":"wp","href":"https:\/\/api.w.org\/{rel}","templated":true}]}}