{"id":468322,"date":"2026-03-21T12:16:37","date_gmt":"2026-03-21T05:16:37","guid":{"rendered":"http:\/\/tourcruiser.com\/product\/air-jordan-franchise-shower-slide-fire-red-black"},"modified":"2026-03-21T12:16:37","modified_gmt":"2026-03-21T05:16:37","slug":"air-jordan-franchise-shower-slide-fire-red-black","status":"publish","type":"product","link":"https:\/\/tourcruiser.com\/de\/products\/air-jordan-franchise-shower-slide-fire-red-black\/","title":{"rendered":"Air Jordan Franchise Shower Slide &#8218;Fire Red Black&#8216;"},"content":{"rendered":"<p>Erleben Sie unvergleichlichen Komfort und ikonischen Style mit den Air Jordan Franchise Shower Slides \u00e2\u20ac\u017eFire Red Black\u00e2\u20ac\u0153 HQ2163-600 \u00e2\u20ac\u201c die perfekte Kombination aus Funktionalit\u00c3\u00a4t und modernem Look. Diese Slides sind ideal f\u00c3\u00bcr den Alltag und \u00c3\u00bcberzeugen durch ihre leichte und hochwertige Verarbeitung, die f\u00c3\u00bcr Langlebigkeit und ganzt\u00c3\u00a4gigen Tragekomfort sorgt. Die markante Farbkombination aus Feuerrot und Schwarz ist eine Hommage an Jordans legend\u00c3\u00a4res Verm\u00c3\u00a4chtnis und verleiht den Slides gleichzeitig eine elegante und sportliche Optik. Das konturierte Fu\u00c3\u0178bett bietet optimale Unterst\u00c3\u00bctzung des Fu\u00c3\u0178gew\u00c3\u00b6lbes und D\u00c3\u00a4mpfung \u00e2\u20ac\u201c perfekt nach dem Training, f\u00c3\u00bcr entspannte Spazierg\u00c3\u00a4nge oder einfach zum Relaxen zu Hause. Die rutschfeste Gummisohle sorgt f\u00c3\u00bcr sicheren Halt und Stabilit\u00c3\u00a4t auf nassen oder rutschigen Oberfl\u00c3\u00a4chen und bietet zus\u00c3\u00a4tzlichen Komfort. Mit dem ikonischen Jumpman-Logo unterstreichen diese Slides bei jedem Schritt Ihre sportliche St\u00c3\u00a4rke. Sie lassen sich leicht an- und ausziehen und bieten so Komfort ohne Kompromisse beim Design. Egal, ob du ein Jordan-Fan bist oder nach High-Performance-Schuhen mit einem Hauch von Luxus suchst, die Air Jordan Franchise Shower Slide \u00e2\u20ac\u017eFire Red Black\u00e2\u20ac\u0153 ist ein absolutes Must-have f\u00c3\u00bcr deine Sammlung. Verleihe deinem Alltag einen Hauch von Jordan-Tradition und genie\u00c3\u0178e mit diesem vielseitigen und auff\u00c3\u00a4lligen Design m\u00c3\u00bchelos h\u00c3\u00b6chsten Tragekomfort.<\/p>\n<ul>\n<li><strong>Farbgebung:<\/strong> Fire Red\/Schwarz<\/li>\n<li><strong>Style-Code:<\/strong> HQ2163-600<\/li>\n<li><strong>Obermaterial:<\/strong> Synthetik<\/li>\n<li><strong>Farbe:<\/strong> Rot<\/li>\n<\/ul>\n","protected":false},"excerpt":{"rendered":"<p>Erleben Sie unvergleichlichen Komfort und ikonischen Style mit den Air Jordan Franchise Shower Slides \u00e2\u20ac\u017eFire Red Black\u00e2\u20ac\u0153 HQ2163-600 \u00e2\u20ac\u201c die perfekte Kombination aus Funktionalit\u00c3\u00a4t und modernem Look. Diese Slides sind ideal f\u00c3\u00bcr den Alltag und \u00c3\u00bcberzeugen durch ihre leichte und hochwertige Verarbeitung, die f\u00c3\u00bcr Langlebigkeit und ganzt\u00c3\u00a4gigen Tragekomfort sorgt. Die markante Farbkombination aus Feuerrot und [&hellip;]<\/p>\n","protected":false},"featured_media":468323,"comment_status":"open","ping_status":"closed","template":"","meta":[],"product_brand":[],"product_cat":[40484,38869,38842,39306],"product_tag":[40430,10776,40424,10808,40429],"class_list":{"0":"post-468322","1":"product","2":"type-product","3":"status-publish","4":"has-post-thumbnail","6":"product_cat-jordan-franchise-shower-slide","7":"product_cat-jordan","8":"product_cat-gender-men","9":"product_cat-slides","10":"product_tag-athleisure-schuhe","11":"product_tag-jordan","12":"product_tag-lifestyle-freizeitschuhe","13":"product_tag-slides","14":"product_tag-unter-retailpreis","15":"wcpa_has_options","17":"first","18":"instock","19":"taxable","20":"shipping-taxable","21":"purchasable","22":"product-type-simple"},"wcpa_form_fields":{"rules":{"pric_overide_base_price":false,"pric_overide_base_price_if_gt_zero":false,"pric_overide_base_price_fully":false,"pric_cal_option_once":false,"pric_use_as_fee":false,"bind_quantity":false,"quantity_bind_formula":false},"fields":[{"type":"color-group","required":true,"elementId":"wcpa-color-group-66c4a75505e74","label":"Gr\u00f6\u00dfe - EU Gr\u00f6\u00dfe","inline":true,"priceOptions":"different_for_all","pricingType":"fixed","className":"hassizechart product-shoes-size-eu product-shoes-size","name":"color-group-66c4a75505e89","disp_type":"square","selection_type":"tick-border","disp_size":"44","show_label_inside":true,"adjust_width":true,"cart_display_type":"text","other_text":"Other","cl_rule":"show","col":6,"values":[{"label":"35.5","value":"EU 35.5","price":"","pimage":"","pimage_id":"","pthumb":"","color":""},{"label":"36","value":"EU 36","price":"","pimage":"","pimage_id":"","pthumb":"","color":"","selected":true},{"label":"36.5","value":"EU 36.5","price":"","pimage":"","pimage_id":"","pthumb":"","color":""},{"label":"37.5","value":"EU 37.5","price":"","pimage":"","pimage_id":"","pthumb":"","color":""},{"label":"38","value":"EU 38","price":"","pimage":"","pimage_id":"","pthumb":"","color":""},{"label":"38.5","value":"EU 38.5","price":"","pimage":"","pimage_id":"","pthumb":"","color":""},{"label":"39","value":"EU 39","price":"","pimage":"","pimage_id":"","pthumb":"","color":""},{"label":"40","value":"EU 40","price":"","pimage":"","pimage_id":"","pthumb":"","color":""},{"label":"40.5","value":"EU 40.5","price":"","pimage":"","pimage_id":"","pthumb":"","color":""},{"label":"41","value":"EU 41","price":"","pimage":"","pimage_id":"","pthumb":"","color":""},{"label":"42","value":"EU 42","price":"","pimage":"","pimage_id":"","pthumb":"","color":""},{"label":"42.5","value":"EU 42.5","price":"","pimage":"","pimage_id":"","pthumb":"","color":""},{"label":"43","value":"EU 43","price":"","pimage":"","pimage_id":"","pthumb":"","color":""},{"label":"44","value":"EU 44","price":"","pimage":"","pimage_id":"","pthumb":"","color":""},{"label":"44.5","value":"EU 44.5","price":"","pimage":"","pimage_id":"","pthumb":"","color":""},{"label":"45","value":"EU 45","price":"","pimage":"","pimage_id":"","pthumb":"","color":""},{"label":"45.5","value":"EU 45.5","price":"","pimage":"","pimage_id":"","pthumb":"","color":""},{"label":"46","value":"EU 46","price":"","pimage":"","pimage_id":"","pthumb":"","color":""},{"label":"47","value":"EU 47","price":"","pimage":"","pimage_id":"","pthumb":"","color":""},{"label":"47.5","value":"EU 47.5","price":"","pimage":"","pimage_id":"","pthumb":"","color":""},{"label":"48","value":"EU 48","price":"","pimage":"","pimage_id":"","pthumb":"","color":""}],"relations":[{"operator":false,"rules":[]}],"form_id":18106,"form_rules":{"pric_cal_option_once":false,"exclude_from_discount":false,"pric_use_as_fee":false,"fee_label":"Fee","render_after_acb":false,"disp_hide_options_price":false}}]},"yoast_head":"<!-- This site is optimized with the Yoast SEO plugin v26.5 - https:\/\/yoast.com\/wordpress\/plugins\/seo\/ -->\n<title>Air Jordan Franchise Shower Slide &#039;Fire Red Black&#039; - Tourcruiser PTE. LTD<\/title>\n<meta name=\"robots\" content=\"index, follow, max-snippet:-1, max-image-preview:large, max-video-preview:-1\" \/>\n<link rel=\"canonical\" href=\"https:\/\/tourcruiser.com\/de\/products\/air-jordan-franchise-shower-slide-fire-red-black\/\" \/>\n<meta property=\"og:locale\" content=\"de_DE\" \/>\n<meta property=\"og:type\" content=\"article\" \/>\n<meta property=\"og:title\" content=\"Air Jordan Franchise Shower Slide &#039;Fire Red Black&#039; - Tourcruiser PTE. LTD\" \/>\n<meta property=\"og:description\" content=\"Erleben Sie unvergleichlichen Komfort und ikonischen Style mit den Air Jordan Franchise Shower Slides \u00e2\u20ac\u017eFire Red Black\u00e2\u20ac\u0153 HQ2163-600 \u00e2\u20ac\u201c die perfekte Kombination aus Funktionalit\u00c3\u00a4t und modernem Look. Diese Slides sind ideal f\u00c3\u00bcr den Alltag und \u00c3\u00bcberzeugen durch ihre leichte und hochwertige Verarbeitung, die f\u00c3\u00bcr Langlebigkeit und ganzt\u00c3\u00a4gigen Tragekomfort sorgt. Die markante Farbkombination aus Feuerrot und [&hellip;]\" \/>\n<meta property=\"og:url\" content=\"https:\/\/tourcruiser.com\/de\/products\/air-jordan-franchise-shower-slide-fire-red-black\/\" \/>\n<meta property=\"og:site_name\" content=\"Tourcruiser Sneaker Store\" \/>\n<meta name=\"twitter:card\" content=\"summary_large_image\" \/>\n<meta name=\"twitter:image\" content=\"https:\/\/images.novelship.com\/product\/air_jordan_franchise_shower_slide__fire_red_black__0_27402.jpeg\" \/>\n<meta name=\"twitter:label1\" content=\"Gesch\u00e4tzte Lesezeit\" \/>\n\t<meta name=\"twitter:data1\" content=\"1\u00a0Minute\" \/>\n<script type=\"application\/ld+json\" class=\"yoast-schema-graph\">{\"@context\":\"https:\/\/schema.org\",\"@graph\":[{\"@type\":\"WebPage\",\"@id\":\"https:\/\/tourcruiser.com\/de\/products\/air-jordan-franchise-shower-slide-fire-red-black\/\",\"url\":\"https:\/\/tourcruiser.com\/de\/products\/air-jordan-franchise-shower-slide-fire-red-black\/\",\"name\":\"Air Jordan Franchise Shower Slide 'Fire Red Black' - Tourcruiser PTE. LTD\",\"isPartOf\":{\"@id\":\"https:\/\/tourcruiser.com\/de\/#website\"},\"primaryImageOfPage\":{\"@id\":\"https:\/\/tourcruiser.com\/de\/products\/air-jordan-franchise-shower-slide-fire-red-black\/#primaryimage\"},\"image\":{\"@id\":\"https:\/\/tourcruiser.com\/de\/products\/air-jordan-franchise-shower-slide-fire-red-black\/#primaryimage\"},\"thumbnailUrl\":\"https:\/\/images.novelship.com\/product\/air_jordan_franchise_shower_slide__fire_red_black__0_27402.jpeg\",\"datePublished\":\"2026-03-21T05:16:37+00:00\",\"breadcrumb\":{\"@id\":\"https:\/\/tourcruiser.com\/de\/products\/air-jordan-franchise-shower-slide-fire-red-black\/#breadcrumb\"},\"inLanguage\":\"de\",\"potentialAction\":[{\"@type\":\"ReadAction\",\"target\":[\"https:\/\/tourcruiser.com\/de\/products\/air-jordan-franchise-shower-slide-fire-red-black\/\"]}]},{\"@type\":\"ImageObject\",\"inLanguage\":\"de\",\"@id\":\"https:\/\/tourcruiser.com\/de\/products\/air-jordan-franchise-shower-slide-fire-red-black\/#primaryimage\",\"url\":\"https:\/\/images.novelship.com\/product\/air_jordan_franchise_shower_slide__fire_red_black__0_27402.jpeg\",\"contentUrl\":\"https:\/\/images.novelship.com\/product\/air_jordan_franchise_shower_slide__fire_red_black__0_27402.jpeg\"},{\"@type\":\"BreadcrumbList\",\"@id\":\"https:\/\/tourcruiser.com\/de\/products\/air-jordan-franchise-shower-slide-fire-red-black\/#breadcrumb\",\"itemListElement\":[{\"@type\":\"ListItem\",\"position\":1,\"name\":\"Home\",\"item\":\"https:\/\/tourcruiser.com\/de\/\"},{\"@type\":\"ListItem\",\"position\":2,\"name\":\"Shop\",\"item\":\"https:\/\/tourcruiser.com\/de\/shop\/\"},{\"@type\":\"ListItem\",\"position\":3,\"name\":\"Air Jordan Franchise Shower Slide 'Fire Red Black'\"}]},{\"@type\":\"WebSite\",\"@id\":\"https:\/\/tourcruiser.com\/de\/#website\",\"url\":\"https:\/\/tourcruiser.com\/de\/\",\"name\":\"Styloral Jewelry Shop\",\"description\":\"Tourcruiser Sneaker Store \u2014 der Ort, an dem das Universum deine Einzigartigkeit trifft.\",\"publisher\":{\"@id\":\"https:\/\/tourcruiser.com\/de\/#organization\"},\"potentialAction\":[{\"@type\":\"SearchAction\",\"target\":{\"@type\":\"EntryPoint\",\"urlTemplate\":\"https:\/\/tourcruiser.com\/de\/?s={search_term_string}\"},\"query-input\":{\"@type\":\"PropertyValueSpecification\",\"valueRequired\":true,\"valueName\":\"search_term_string\"}}],\"inLanguage\":\"de\"},{\"@type\":\"Organization\",\"@id\":\"https:\/\/tourcruiser.com\/de\/#organization\",\"name\":\"STYLORAL PTE. LTD\",\"url\":\"https:\/\/tourcruiser.com\/de\/\",\"logo\":{\"@type\":\"ImageObject\",\"inLanguage\":\"de\",\"@id\":\"https:\/\/tourcruiser.com\/de\/#\/schema\/logo\/image\/\",\"url\":\"https:\/\/www.tourcruiser.com\/wp-content\/uploads\/2025\/12\/logo.png\",\"contentUrl\":\"https:\/\/www.tourcruiser.com\/wp-content\/uploads\/2025\/12\/logo.png\",\"width\":200,\"height\":65,\"caption\":\"STYLORAL PTE. LTD\"},\"image\":{\"@id\":\"https:\/\/tourcruiser.com\/de\/#\/schema\/logo\/image\/\"}}]}<\/script>\n<!-- \/ Yoast SEO plugin. -->","yoast_head_json":{"title":"Air Jordan Franchise Shower Slide 'Fire Red Black' - Tourcruiser PTE. LTD","robots":{"index":"index","follow":"follow","max-snippet":"max-snippet:-1","max-image-preview":"max-image-preview:large","max-video-preview":"max-video-preview:-1"},"canonical":"https:\/\/tourcruiser.com\/de\/products\/air-jordan-franchise-shower-slide-fire-red-black\/","og_locale":"de_DE","og_type":"article","og_title":"Air Jordan Franchise Shower Slide 'Fire Red Black' - Tourcruiser PTE. LTD","og_description":"Erleben Sie unvergleichlichen Komfort und ikonischen Style mit den Air Jordan Franchise Shower Slides \u00e2\u20ac\u017eFire Red Black\u00e2\u20ac\u0153 HQ2163-600 \u00e2\u20ac\u201c die perfekte Kombination aus Funktionalit\u00c3\u00a4t und modernem Look. Diese Slides sind ideal f\u00c3\u00bcr den Alltag und \u00c3\u00bcberzeugen durch ihre leichte und hochwertige Verarbeitung, die f\u00c3\u00bcr Langlebigkeit und ganzt\u00c3\u00a4gigen Tragekomfort sorgt. Die markante Farbkombination aus Feuerrot und [&hellip;]","og_url":"https:\/\/tourcruiser.com\/de\/products\/air-jordan-franchise-shower-slide-fire-red-black\/","og_site_name":"Tourcruiser Sneaker Store","twitter_card":"summary_large_image","twitter_image":"https:\/\/images.novelship.com\/product\/air_jordan_franchise_shower_slide__fire_red_black__0_27402.jpeg","twitter_misc":{"Gesch\u00e4tzte Lesezeit":"1\u00a0Minute"},"schema":{"@context":"https:\/\/schema.org","@graph":[{"@type":"WebPage","@id":"https:\/\/tourcruiser.com\/de\/products\/air-jordan-franchise-shower-slide-fire-red-black\/","url":"https:\/\/tourcruiser.com\/de\/products\/air-jordan-franchise-shower-slide-fire-red-black\/","name":"Air Jordan Franchise Shower Slide 'Fire Red Black' - Tourcruiser PTE. LTD","isPartOf":{"@id":"https:\/\/tourcruiser.com\/de\/#website"},"primaryImageOfPage":{"@id":"https:\/\/tourcruiser.com\/de\/products\/air-jordan-franchise-shower-slide-fire-red-black\/#primaryimage"},"image":{"@id":"https:\/\/tourcruiser.com\/de\/products\/air-jordan-franchise-shower-slide-fire-red-black\/#primaryimage"},"thumbnailUrl":"https:\/\/images.novelship.com\/product\/air_jordan_franchise_shower_slide__fire_red_black__0_27402.jpeg","datePublished":"2026-03-21T05:16:37+00:00","breadcrumb":{"@id":"https:\/\/tourcruiser.com\/de\/products\/air-jordan-franchise-shower-slide-fire-red-black\/#breadcrumb"},"inLanguage":"de","potentialAction":[{"@type":"ReadAction","target":["https:\/\/tourcruiser.com\/de\/products\/air-jordan-franchise-shower-slide-fire-red-black\/"]}]},{"@type":"ImageObject","inLanguage":"de","@id":"https:\/\/tourcruiser.com\/de\/products\/air-jordan-franchise-shower-slide-fire-red-black\/#primaryimage","url":"https:\/\/images.novelship.com\/product\/air_jordan_franchise_shower_slide__fire_red_black__0_27402.jpeg","contentUrl":"https:\/\/images.novelship.com\/product\/air_jordan_franchise_shower_slide__fire_red_black__0_27402.jpeg"},{"@type":"BreadcrumbList","@id":"https:\/\/tourcruiser.com\/de\/products\/air-jordan-franchise-shower-slide-fire-red-black\/#breadcrumb","itemListElement":[{"@type":"ListItem","position":1,"name":"Home","item":"https:\/\/tourcruiser.com\/de\/"},{"@type":"ListItem","position":2,"name":"Shop","item":"https:\/\/tourcruiser.com\/de\/shop\/"},{"@type":"ListItem","position":3,"name":"Air Jordan Franchise Shower Slide 'Fire Red Black'"}]},{"@type":"WebSite","@id":"https:\/\/tourcruiser.com\/de\/#website","url":"https:\/\/tourcruiser.com\/de\/","name":"Styloral Jewelry Shop","description":"Tourcruiser Sneaker Store \u2014 der Ort, an dem das Universum deine Einzigartigkeit trifft.","publisher":{"@id":"https:\/\/tourcruiser.com\/de\/#organization"},"potentialAction":[{"@type":"SearchAction","target":{"@type":"EntryPoint","urlTemplate":"https:\/\/tourcruiser.com\/de\/?s={search_term_string}"},"query-input":{"@type":"PropertyValueSpecification","valueRequired":true,"valueName":"search_term_string"}}],"inLanguage":"de"},{"@type":"Organization","@id":"https:\/\/tourcruiser.com\/de\/#organization","name":"STYLORAL PTE. LTD","url":"https:\/\/tourcruiser.com\/de\/","logo":{"@type":"ImageObject","inLanguage":"de","@id":"https:\/\/tourcruiser.com\/de\/#\/schema\/logo\/image\/","url":"https:\/\/www.tourcruiser.com\/wp-content\/uploads\/2025\/12\/logo.png","contentUrl":"https:\/\/www.tourcruiser.com\/wp-content\/uploads\/2025\/12\/logo.png","width":200,"height":65,"caption":"STYLORAL PTE. LTD"},"image":{"@id":"https:\/\/tourcruiser.com\/de\/#\/schema\/logo\/image\/"}}]}},"_links":{"self":[{"href":"https:\/\/tourcruiser.com\/de\/wp-json\/wp\/v2\/product\/468322","targetHints":{"allow":["GET"]}}],"collection":[{"href":"https:\/\/tourcruiser.com\/de\/wp-json\/wp\/v2\/product"}],"about":[{"href":"https:\/\/tourcruiser.com\/de\/wp-json\/wp\/v2\/types\/product"}],"replies":[{"embeddable":true,"href":"https:\/\/tourcruiser.com\/de\/wp-json\/wp\/v2\/comments?post=468322"}],"wp:featuredmedia":[{"embeddable":true,"href":"https:\/\/tourcruiser.com\/de\/wp-json\/wp\/v2\/media\/468323"}],"wp:attachment":[{"href":"https:\/\/tourcruiser.com\/de\/wp-json\/wp\/v2\/media?parent=468322"}],"wp:term":[{"taxonomy":"product_brand","embeddable":true,"href":"https:\/\/tourcruiser.com\/de\/wp-json\/wp\/v2\/product_brand?post=468322"},{"taxonomy":"product_cat","embeddable":true,"href":"https:\/\/tourcruiser.com\/de\/wp-json\/wp\/v2\/product_cat?post=468322"},{"taxonomy":"product_tag","embeddable":true,"href":"https:\/\/tourcruiser.com\/de\/wp-json\/wp\/v2\/product_tag?post=468322"}],"curies":[{"name":"wp","href":"https:\/\/api.w.org\/{rel}","templated":true}]}}