{"id":468213,"date":"2026-03-21T12:16:17","date_gmt":"2026-03-21T05:16:17","guid":{"rendered":"http:\/\/tourcruiser.com\/product\/women-adidas-samba-og-shoes-dark-brownoff-whitegum"},"modified":"2026-03-21T12:16:17","modified_gmt":"2026-03-21T05:16:17","slug":"women-adidas-samba-og-shoes-dark-brownoff-whitegum","status":"publish","type":"product","link":"https:\/\/tourcruiser.com\/de\/products\/women-adidas-samba-og-shoes-dark-brownoff-whitegum\/","title":{"rendered":"(Women) Adidas Samba OG Shoes Dark Brown\/Off White\/Gum"},"content":{"rendered":"<p>Verleihe deinem Style mit den Adidas Samba OG Schuhen das gewisse Etwas \u00e2\u20ac\u201c ein zeitloser Klassiker, neu interpretiert in Dunkelbraun\/Off-White\/Gummi. Diese Sneaker vereinen Komfort und ikonischen Look mit hochwertigem Leder und einer robusten Gummisohle f\u00c3\u00bcr au\u00c3\u0178ergew\u00c3\u00b6hnliche Langlebigkeit. Ob Freizeit oder sportliche Aktivit\u00c3\u00a4ten, der Adidas Samba OG bietet die perfekte Kombination aus Mode und Funktionalit\u00c3\u00a4t. Mit diesen stylischen Schuhen, die sich m\u00c3\u00bchelos in jedes Outfit integrieren lassen, bist du im globalen Streetstyle ganz vorn dabei. Hol dir jetzt den perfekten Sneaker!<\/p>\n<ul>\n<li><strong>Farbgebung:<\/strong> Dunkelbraun\/Off-White\/Gum<\/li>\n<li><strong>Style-Code:<\/strong> JR1256<\/li>\n<li><strong>Obermaterial:<\/strong> Fell<\/li>\n<li><strong>Farbe:<\/strong> Wei\u00c3\u0178<\/li>\n<\/ul>\n","protected":false},"excerpt":{"rendered":"<p>Verleihe deinem Style mit den Adidas Samba OG Schuhen das gewisse Etwas \u00e2\u20ac\u201c ein zeitloser Klassiker, neu interpretiert in Dunkelbraun\/Off-White\/Gummi. Diese Sneaker vereinen Komfort und ikonischen Look mit hochwertigem Leder und einer robusten Gummisohle f\u00c3\u00bcr au\u00c3\u0178ergew\u00c3\u00b6hnliche Langlebigkeit. Ob Freizeit oder sportliche Aktivit\u00c3\u00a4ten, der Adidas Samba OG bietet die perfekte Kombination aus Mode und Funktionalit\u00c3\u00a4t. Mit [&hellip;]<\/p>\n","protected":false},"featured_media":468214,"comment_status":"open","ping_status":"closed","template":"","meta":[],"product_brand":[],"product_cat":[40460,40457,40462,40464,40463,10760,40461,40458,39039,40459,38854],"product_tag":[10759,40430,40424,40456,40432,40429],"class_list":{"0":"post-468213","1":"product","2":"type-product","3":"status-publish","4":"has-post-thumbnail","6":"product_cat-na-43030939","7":"product_cat-adidas-mid-b391","8":"product_cat-2-1","9":"product_cat-40464","10":"product_cat-4-1-find-char-160","11":"product_cat-adidas","12":"product_cat-char-160","13":"product_cat-find-char-160","14":"product_cat-lifestyle-shoes-soccer-inspired","15":"product_cat-substitute-b391","16":"product_cat-gender-women","17":"product_tag-adidas","18":"product_tag-athleisure-schuhe","19":"product_tag-lifestyle-freizeitschuhe","20":"product_tag-lifestyle-schuhe-vom-fuayball-inspiriert","21":"product_tag-retro-freizeitschuhe","22":"product_tag-unter-retailpreis","23":"wcpa_has_options","25":"first","26":"instock","27":"taxable","28":"shipping-taxable","29":"purchasable","30":"product-type-simple"},"wcpa_form_fields":{"rules":{"pric_overide_base_price":false,"pric_overide_base_price_if_gt_zero":false,"pric_overide_base_price_fully":false,"pric_cal_option_once":false,"pric_use_as_fee":false,"bind_quantity":false,"quantity_bind_formula":false},"fields":[{"type":"color-group","required":true,"elementId":"wcpa-color-group-66c4a7f817afe","label":"Gr\u00f6\u00dfe","inline":true,"priceOptions":"different_for_all","pricingType":"fixed","className":"hassizechart product-shoes-size-eu product-shoes-size","name":"color-group-66c4a7f817b18","disp_type":"square","selection_type":"tick-border","disp_size":"50","show_label_inside":true,"adjust_width":true,"cart_display_type":"text","other_text":"Other","cl_rule":"show","col":6,"values":[{"label":"35","value":"EU 35","price":"","pimage":"","pimage_id":"","pthumb":"","color":""},{"label":"35.5","value":"EU 35.5","price":"","pimage":"","pimage_id":"","pthumb":"","color":""},{"label":"36","value":"EU 36","price":"","pimage":"","pimage_id":"","pthumb":"","color":"","selected":true},{"label":"36 2\/3","value":"EU 36 2\/3","price":"","pimage":"","pimage_id":"","pthumb":"","color":""},{"label":"37 1\/3","value":"EU 37 1\/3","price":"","pimage":"","pimage_id":"","pthumb":"","color":""},{"label":"38","value":"EU 38","price":"","pimage":"","pimage_id":"","pthumb":"","color":""},{"label":"38 2\/3","value":"EU 38 2\/3","price":"","pimage":"","pimage_id":"","pthumb":"","color":""},{"label":"39 1\/3","value":"EU 39 1\/3","price":"","pimage":"","pimage_id":"","pthumb":"","color":""},{"label":"40","value":"EU 40","price":"","pimage":"","pimage_id":"","pthumb":"","color":""},{"label":"40 2\/3","value":"EU 40 2\/3","price":"","pimage":"","pimage_id":"","pthumb":"","color":""},{"label":"41 1\/3","value":"EU 41 1\/3","price":"","pimage":"","pimage_id":"","pthumb":"","color":""},{"label":"42","value":"EU 42","price":"","pimage":"","pimage_id":"","pthumb":"","color":""},{"label":"42 2\/3","value":"EU 42 2\/3","price":"","pimage":"","pimage_id":"","pthumb":"","color":""},{"label":"43 1\/3","value":"EU 43 1\/3","price":"","pimage":"","pimage_id":"","pthumb":"","color":""},{"label":"44","value":"EU 44","price":"","pimage":"","pimage_id":"","pthumb":"","color":""},{"label":"44 2\/3","value":"EU 44 2\/3","price":"","pimage":"","pimage_id":"","pthumb":"","color":""},{"label":"45 1\/3","value":"EU 45 1\/3","price":"","pimage":"","pimage_id":"","pthumb":"","color":""},{"label":"46","value":"EU 46","price":"","pimage":"","pimage_id":"","pthumb":"","color":""},{"label":"46 2\/3","value":"EU 46 2\/3","price":"","pimage":"","pimage_id":"","pthumb":"","color":""},{"label":"47 1\/3","value":"EU 47 1\/3","price":"","pimage":"","pimage_id":"","pthumb":"","color":""}],"relations":[{"operator":false,"rules":[]}],"form_id":24802,"form_rules":{"pric_cal_option_once":false,"exclude_from_discount":false,"pric_use_as_fee":false,"fee_label":"Fee","render_after_acb":false,"disp_hide_options_price":false}}]},"yoast_head":"<!-- This site is optimized with the Yoast SEO plugin v26.5 - https:\/\/yoast.com\/wordpress\/plugins\/seo\/ -->\n<title>(Women) Adidas Samba OG Shoes Dark Brown\/Off White\/Gum - Tourcruiser PTE. LTD<\/title>\n<meta name=\"robots\" content=\"index, follow, max-snippet:-1, max-image-preview:large, max-video-preview:-1\" \/>\n<link rel=\"canonical\" href=\"https:\/\/tourcruiser.com\/de\/products\/women-adidas-samba-og-shoes-dark-brownoff-whitegum\/\" \/>\n<meta property=\"og:locale\" content=\"de_DE\" \/>\n<meta property=\"og:type\" content=\"article\" \/>\n<meta property=\"og:title\" content=\"(Women) Adidas Samba OG Shoes Dark Brown\/Off White\/Gum - Tourcruiser PTE. LTD\" \/>\n<meta property=\"og:description\" content=\"Verleihe deinem Style mit den Adidas Samba OG Schuhen das gewisse Etwas \u00e2\u20ac\u201c ein zeitloser Klassiker, neu interpretiert in Dunkelbraun\/Off-White\/Gummi. Diese Sneaker vereinen Komfort und ikonischen Look mit hochwertigem Leder und einer robusten Gummisohle f\u00c3\u00bcr au\u00c3\u0178ergew\u00c3\u00b6hnliche Langlebigkeit. Ob Freizeit oder sportliche Aktivit\u00c3\u00a4ten, der Adidas Samba OG bietet die perfekte Kombination aus Mode und Funktionalit\u00c3\u00a4t. Mit [&hellip;]\" \/>\n<meta property=\"og:url\" content=\"https:\/\/tourcruiser.com\/de\/products\/women-adidas-samba-og-shoes-dark-brownoff-whitegum\/\" \/>\n<meta property=\"og:site_name\" content=\"Tourcruiser Sneaker Store\" \/>\n<meta name=\"twitter:card\" content=\"summary_large_image\" \/>\n<meta name=\"twitter:image\" content=\"https:\/\/images.novelship.com\/product\/_women__adidas_samba_og_shoes_dark_brown_off_white_0_34105.jpeg\" \/>\n<script type=\"application\/ld+json\" class=\"yoast-schema-graph\">{\"@context\":\"https:\/\/schema.org\",\"@graph\":[{\"@type\":\"WebPage\",\"@id\":\"https:\/\/tourcruiser.com\/de\/products\/women-adidas-samba-og-shoes-dark-brownoff-whitegum\/\",\"url\":\"https:\/\/tourcruiser.com\/de\/products\/women-adidas-samba-og-shoes-dark-brownoff-whitegum\/\",\"name\":\"(Women) Adidas Samba OG Shoes Dark Brown\/Off White\/Gum - Tourcruiser PTE. LTD\",\"isPartOf\":{\"@id\":\"https:\/\/tourcruiser.com\/de\/#website\"},\"primaryImageOfPage\":{\"@id\":\"https:\/\/tourcruiser.com\/de\/products\/women-adidas-samba-og-shoes-dark-brownoff-whitegum\/#primaryimage\"},\"image\":{\"@id\":\"https:\/\/tourcruiser.com\/de\/products\/women-adidas-samba-og-shoes-dark-brownoff-whitegum\/#primaryimage\"},\"thumbnailUrl\":\"https:\/\/images.novelship.com\/product\/_women__adidas_samba_og_shoes_dark_brown_off_white_0_34105.jpeg\",\"datePublished\":\"2026-03-21T05:16:17+00:00\",\"breadcrumb\":{\"@id\":\"https:\/\/tourcruiser.com\/de\/products\/women-adidas-samba-og-shoes-dark-brownoff-whitegum\/#breadcrumb\"},\"inLanguage\":\"de\",\"potentialAction\":[{\"@type\":\"ReadAction\",\"target\":[\"https:\/\/tourcruiser.com\/de\/products\/women-adidas-samba-og-shoes-dark-brownoff-whitegum\/\"]}]},{\"@type\":\"ImageObject\",\"inLanguage\":\"de\",\"@id\":\"https:\/\/tourcruiser.com\/de\/products\/women-adidas-samba-og-shoes-dark-brownoff-whitegum\/#primaryimage\",\"url\":\"https:\/\/images.novelship.com\/product\/_women__adidas_samba_og_shoes_dark_brown_off_white_0_34105.jpeg\",\"contentUrl\":\"https:\/\/images.novelship.com\/product\/_women__adidas_samba_og_shoes_dark_brown_off_white_0_34105.jpeg\"},{\"@type\":\"BreadcrumbList\",\"@id\":\"https:\/\/tourcruiser.com\/de\/products\/women-adidas-samba-og-shoes-dark-brownoff-whitegum\/#breadcrumb\",\"itemListElement\":[{\"@type\":\"ListItem\",\"position\":1,\"name\":\"Home\",\"item\":\"https:\/\/tourcruiser.com\/de\/\"},{\"@type\":\"ListItem\",\"position\":2,\"name\":\"Shop\",\"item\":\"https:\/\/tourcruiser.com\/de\/shop\/\"},{\"@type\":\"ListItem\",\"position\":3,\"name\":\"(Women) Adidas Samba OG Shoes Dark Brown\/Off White\/Gum\"}]},{\"@type\":\"WebSite\",\"@id\":\"https:\/\/tourcruiser.com\/de\/#website\",\"url\":\"https:\/\/tourcruiser.com\/de\/\",\"name\":\"Styloral Jewelry Shop\",\"description\":\"Tourcruiser Sneaker Store \u2014 der Ort, an dem das Universum deine Einzigartigkeit trifft.\",\"publisher\":{\"@id\":\"https:\/\/tourcruiser.com\/de\/#organization\"},\"potentialAction\":[{\"@type\":\"SearchAction\",\"target\":{\"@type\":\"EntryPoint\",\"urlTemplate\":\"https:\/\/tourcruiser.com\/de\/?s={search_term_string}\"},\"query-input\":{\"@type\":\"PropertyValueSpecification\",\"valueRequired\":true,\"valueName\":\"search_term_string\"}}],\"inLanguage\":\"de\"},{\"@type\":\"Organization\",\"@id\":\"https:\/\/tourcruiser.com\/de\/#organization\",\"name\":\"STYLORAL PTE. LTD\",\"url\":\"https:\/\/tourcruiser.com\/de\/\",\"logo\":{\"@type\":\"ImageObject\",\"inLanguage\":\"de\",\"@id\":\"https:\/\/tourcruiser.com\/de\/#\/schema\/logo\/image\/\",\"url\":\"https:\/\/www.tourcruiser.com\/wp-content\/uploads\/2025\/12\/logo.png\",\"contentUrl\":\"https:\/\/www.tourcruiser.com\/wp-content\/uploads\/2025\/12\/logo.png\",\"width\":200,\"height\":65,\"caption\":\"STYLORAL PTE. LTD\"},\"image\":{\"@id\":\"https:\/\/tourcruiser.com\/de\/#\/schema\/logo\/image\/\"}}]}<\/script>\n<!-- \/ Yoast SEO plugin. -->","yoast_head_json":{"title":"(Women) Adidas Samba OG Shoes Dark Brown\/Off White\/Gum - Tourcruiser PTE. LTD","robots":{"index":"index","follow":"follow","max-snippet":"max-snippet:-1","max-image-preview":"max-image-preview:large","max-video-preview":"max-video-preview:-1"},"canonical":"https:\/\/tourcruiser.com\/de\/products\/women-adidas-samba-og-shoes-dark-brownoff-whitegum\/","og_locale":"de_DE","og_type":"article","og_title":"(Women) Adidas Samba OG Shoes Dark Brown\/Off White\/Gum - Tourcruiser PTE. LTD","og_description":"Verleihe deinem Style mit den Adidas Samba OG Schuhen das gewisse Etwas \u00e2\u20ac\u201c ein zeitloser Klassiker, neu interpretiert in Dunkelbraun\/Off-White\/Gummi. Diese Sneaker vereinen Komfort und ikonischen Look mit hochwertigem Leder und einer robusten Gummisohle f\u00c3\u00bcr au\u00c3\u0178ergew\u00c3\u00b6hnliche Langlebigkeit. Ob Freizeit oder sportliche Aktivit\u00c3\u00a4ten, der Adidas Samba OG bietet die perfekte Kombination aus Mode und Funktionalit\u00c3\u00a4t. Mit [&hellip;]","og_url":"https:\/\/tourcruiser.com\/de\/products\/women-adidas-samba-og-shoes-dark-brownoff-whitegum\/","og_site_name":"Tourcruiser Sneaker Store","twitter_card":"summary_large_image","twitter_image":"https:\/\/images.novelship.com\/product\/_women__adidas_samba_og_shoes_dark_brown_off_white_0_34105.jpeg","schema":{"@context":"https:\/\/schema.org","@graph":[{"@type":"WebPage","@id":"https:\/\/tourcruiser.com\/de\/products\/women-adidas-samba-og-shoes-dark-brownoff-whitegum\/","url":"https:\/\/tourcruiser.com\/de\/products\/women-adidas-samba-og-shoes-dark-brownoff-whitegum\/","name":"(Women) Adidas Samba OG Shoes Dark Brown\/Off White\/Gum - Tourcruiser PTE. LTD","isPartOf":{"@id":"https:\/\/tourcruiser.com\/de\/#website"},"primaryImageOfPage":{"@id":"https:\/\/tourcruiser.com\/de\/products\/women-adidas-samba-og-shoes-dark-brownoff-whitegum\/#primaryimage"},"image":{"@id":"https:\/\/tourcruiser.com\/de\/products\/women-adidas-samba-og-shoes-dark-brownoff-whitegum\/#primaryimage"},"thumbnailUrl":"https:\/\/images.novelship.com\/product\/_women__adidas_samba_og_shoes_dark_brown_off_white_0_34105.jpeg","datePublished":"2026-03-21T05:16:17+00:00","breadcrumb":{"@id":"https:\/\/tourcruiser.com\/de\/products\/women-adidas-samba-og-shoes-dark-brownoff-whitegum\/#breadcrumb"},"inLanguage":"de","potentialAction":[{"@type":"ReadAction","target":["https:\/\/tourcruiser.com\/de\/products\/women-adidas-samba-og-shoes-dark-brownoff-whitegum\/"]}]},{"@type":"ImageObject","inLanguage":"de","@id":"https:\/\/tourcruiser.com\/de\/products\/women-adidas-samba-og-shoes-dark-brownoff-whitegum\/#primaryimage","url":"https:\/\/images.novelship.com\/product\/_women__adidas_samba_og_shoes_dark_brown_off_white_0_34105.jpeg","contentUrl":"https:\/\/images.novelship.com\/product\/_women__adidas_samba_og_shoes_dark_brown_off_white_0_34105.jpeg"},{"@type":"BreadcrumbList","@id":"https:\/\/tourcruiser.com\/de\/products\/women-adidas-samba-og-shoes-dark-brownoff-whitegum\/#breadcrumb","itemListElement":[{"@type":"ListItem","position":1,"name":"Home","item":"https:\/\/tourcruiser.com\/de\/"},{"@type":"ListItem","position":2,"name":"Shop","item":"https:\/\/tourcruiser.com\/de\/shop\/"},{"@type":"ListItem","position":3,"name":"(Women) Adidas Samba OG Shoes Dark Brown\/Off White\/Gum"}]},{"@type":"WebSite","@id":"https:\/\/tourcruiser.com\/de\/#website","url":"https:\/\/tourcruiser.com\/de\/","name":"Styloral Jewelry Shop","description":"Tourcruiser Sneaker Store \u2014 der Ort, an dem das Universum deine Einzigartigkeit trifft.","publisher":{"@id":"https:\/\/tourcruiser.com\/de\/#organization"},"potentialAction":[{"@type":"SearchAction","target":{"@type":"EntryPoint","urlTemplate":"https:\/\/tourcruiser.com\/de\/?s={search_term_string}"},"query-input":{"@type":"PropertyValueSpecification","valueRequired":true,"valueName":"search_term_string"}}],"inLanguage":"de"},{"@type":"Organization","@id":"https:\/\/tourcruiser.com\/de\/#organization","name":"STYLORAL PTE. LTD","url":"https:\/\/tourcruiser.com\/de\/","logo":{"@type":"ImageObject","inLanguage":"de","@id":"https:\/\/tourcruiser.com\/de\/#\/schema\/logo\/image\/","url":"https:\/\/www.tourcruiser.com\/wp-content\/uploads\/2025\/12\/logo.png","contentUrl":"https:\/\/www.tourcruiser.com\/wp-content\/uploads\/2025\/12\/logo.png","width":200,"height":65,"caption":"STYLORAL PTE. LTD"},"image":{"@id":"https:\/\/tourcruiser.com\/de\/#\/schema\/logo\/image\/"}}]}},"_links":{"self":[{"href":"https:\/\/tourcruiser.com\/de\/wp-json\/wp\/v2\/product\/468213","targetHints":{"allow":["GET"]}}],"collection":[{"href":"https:\/\/tourcruiser.com\/de\/wp-json\/wp\/v2\/product"}],"about":[{"href":"https:\/\/tourcruiser.com\/de\/wp-json\/wp\/v2\/types\/product"}],"replies":[{"embeddable":true,"href":"https:\/\/tourcruiser.com\/de\/wp-json\/wp\/v2\/comments?post=468213"}],"wp:featuredmedia":[{"embeddable":true,"href":"https:\/\/tourcruiser.com\/de\/wp-json\/wp\/v2\/media\/468214"}],"wp:attachment":[{"href":"https:\/\/tourcruiser.com\/de\/wp-json\/wp\/v2\/media?parent=468213"}],"wp:term":[{"taxonomy":"product_brand","embeddable":true,"href":"https:\/\/tourcruiser.com\/de\/wp-json\/wp\/v2\/product_brand?post=468213"},{"taxonomy":"product_cat","embeddable":true,"href":"https:\/\/tourcruiser.com\/de\/wp-json\/wp\/v2\/product_cat?post=468213"},{"taxonomy":"product_tag","embeddable":true,"href":"https:\/\/tourcruiser.com\/de\/wp-json\/wp\/v2\/product_tag?post=468213"}],"curies":[{"name":"wp","href":"https:\/\/api.w.org\/{rel}","templated":true}]}}