{"id":468195,"date":"2026-03-21T12:16:11","date_gmt":"2026-03-21T05:16:11","guid":{"rendered":"http:\/\/tourcruiser.com\/product\/adilette-comfort-slide"},"modified":"2026-03-21T12:16:11","modified_gmt":"2026-03-21T05:16:11","slug":"adilette-comfort-slide","status":"publish","type":"product","link":"https:\/\/tourcruiser.com\/de\/products\/adilette-comfort-slide\/","title":{"rendered":"Adilette Comfort Slide"},"content":{"rendered":"<p>Erleben Sie ultimative Entspannung mit dem Adilette Comfort Slide JP7083 \u00e2\u20ac\u201c eine Kombination aus m\u00c3\u00bchelosem Stil und h\u00c3\u00b6chstem Tragekomfort. Perfekt f\u00c3\u00bcr Freizeit und Erholung nach dem Sport: Diese Pantoletten verf\u00c3\u00bcgen \u00c3\u00bcber ein weiches, konturiertes Fu\u00c3\u0178bett, das jeden Schritt sanft d\u00c3\u00a4mpft. Das elegante, minimalistische Design und das Obermaterial aus Synthetik mit einem einzigen Riemen sorgen f\u00c3\u00bcr sicheren Halt und eine moderne Optik.<\/p>\n<p>Der leichte und vielseitige Adilette Comfort Slide JP7083 ist ideal zum Entspannen zu Hause, f\u00c3\u00bcr kurze Erledigungen oder zum Relaxen am Pool. Dank des praktischen Slip-on-Designs ist er besonders bequem, w\u00c3\u00a4hrend die strapazierf\u00c3\u00a4hige Sohle auf verschiedenen Untergr\u00c3\u00bcnden f\u00c3\u00bcr Halt und Stabilit\u00c3\u00a4t sorgt. Entwickelt f\u00c3\u00bcr langanhaltenden Komfort, sind diese Pantoletten perfekt f\u00c3\u00bcr jeden Tag und verw\u00c3\u00b6hnen Ihre F\u00c3\u00bc\u00c3\u0178e.<\/p>\n<p>F\u00c3\u00bcr alle, die Wert auf Mode und Funktionalit\u00c3\u00a4t legen, bietet der Adilette Comfort Slide JP7083 ein erstklassiges Tragegef\u00c3\u00bchl. Ob zu Sportkleidung, Freizeitkleidung oder Badebekleidung \u00e2\u20ac\u201c diese stylische Pantolette wird schnell zu einem unverzichtbaren Bestandteil Ihrer Garderobe. Steigere deinen Komfort und deinen Style mit jedem Schritt in den Adilette Comfort Slides JP7083.<\/p>\n<ul>\n<li><strong>Farbgebung:<\/strong> Core Black\/Silver Pebble\/Core Black<\/li>\n<li><strong>Artikelnummer:<\/strong> JP7083<\/li>\n<li><strong>Obermaterial:<\/strong> Synthetik<\/li>\n<li><strong>Zwischensohle:<\/strong> EVA<\/li>\n<li><strong>Farbe:<\/strong> Schwarz<\/li>\n<\/ul>\n","protected":false},"excerpt":{"rendered":"<p>Erleben Sie ultimative Entspannung mit dem Adilette Comfort Slide JP7083 \u00e2\u20ac\u201c eine Kombination aus m\u00c3\u00bchelosem Stil und h\u00c3\u00b6chstem Tragekomfort. Perfekt f\u00c3\u00bcr Freizeit und Erholung nach dem Sport: Diese Pantoletten verf\u00c3\u00bcgen \u00c3\u00bcber ein weiches, konturiertes Fu\u00c3\u0178bett, das jeden Schritt sanft d\u00c3\u00a4mpft. Das elegante, minimalistische Design und das Obermaterial aus Synthetik mit einem einzigen Riemen sorgen f\u00c3\u00bcr [&hellip;]<\/p>\n","protected":false},"featured_media":468196,"comment_status":"open","ping_status":"closed","template":"","meta":[],"product_brand":[],"product_cat":[10760,40454,38842,39306],"product_tag":[10759,40421,40424,10808,40429],"class_list":{"0":"post-468195","1":"product","2":"type-product","3":"status-publish","4":"has-post-thumbnail","6":"product_cat-adidas","7":"product_cat-adidas-adilette-comfort-slide","8":"product_cat-gender-men","9":"product_cat-slides","10":"product_tag-adidas","11":"product_tag-la-ssige-sandalen","12":"product_tag-lifestyle-freizeitschuhe","13":"product_tag-slides","14":"product_tag-unter-retailpreis","15":"wcpa_has_options","17":"first","18":"instock","19":"taxable","20":"shipping-taxable","21":"purchasable","22":"product-type-simple"},"wcpa_form_fields":{"rules":{"pric_overide_base_price":false,"pric_overide_base_price_if_gt_zero":false,"pric_overide_base_price_fully":false,"pric_cal_option_once":false,"pric_use_as_fee":false,"bind_quantity":false,"quantity_bind_formula":false},"fields":[{"type":"color-group","required":true,"elementId":"wcpa-color-group-66c4a7f817afe","label":"Gr\u00f6\u00dfe","inline":true,"priceOptions":"different_for_all","pricingType":"fixed","className":"hassizechart product-shoes-size-eu product-shoes-size","name":"color-group-66c4a7f817b18","disp_type":"square","selection_type":"tick-border","disp_size":"50","show_label_inside":true,"adjust_width":true,"cart_display_type":"text","other_text":"Other","cl_rule":"show","col":6,"values":[{"label":"35","value":"EU 35","price":"","pimage":"","pimage_id":"","pthumb":"","color":""},{"label":"35.5","value":"EU 35.5","price":"","pimage":"","pimage_id":"","pthumb":"","color":""},{"label":"36","value":"EU 36","price":"","pimage":"","pimage_id":"","pthumb":"","color":"","selected":true},{"label":"36 2\/3","value":"EU 36 2\/3","price":"","pimage":"","pimage_id":"","pthumb":"","color":""},{"label":"37 1\/3","value":"EU 37 1\/3","price":"","pimage":"","pimage_id":"","pthumb":"","color":""},{"label":"38","value":"EU 38","price":"","pimage":"","pimage_id":"","pthumb":"","color":""},{"label":"38 2\/3","value":"EU 38 2\/3","price":"","pimage":"","pimage_id":"","pthumb":"","color":""},{"label":"39 1\/3","value":"EU 39 1\/3","price":"","pimage":"","pimage_id":"","pthumb":"","color":""},{"label":"40","value":"EU 40","price":"","pimage":"","pimage_id":"","pthumb":"","color":""},{"label":"40 2\/3","value":"EU 40 2\/3","price":"","pimage":"","pimage_id":"","pthumb":"","color":""},{"label":"41 1\/3","value":"EU 41 1\/3","price":"","pimage":"","pimage_id":"","pthumb":"","color":""},{"label":"42","value":"EU 42","price":"","pimage":"","pimage_id":"","pthumb":"","color":""},{"label":"42 2\/3","value":"EU 42 2\/3","price":"","pimage":"","pimage_id":"","pthumb":"","color":""},{"label":"43 1\/3","value":"EU 43 1\/3","price":"","pimage":"","pimage_id":"","pthumb":"","color":""},{"label":"44","value":"EU 44","price":"","pimage":"","pimage_id":"","pthumb":"","color":""},{"label":"44 2\/3","value":"EU 44 2\/3","price":"","pimage":"","pimage_id":"","pthumb":"","color":""},{"label":"45 1\/3","value":"EU 45 1\/3","price":"","pimage":"","pimage_id":"","pthumb":"","color":""},{"label":"46","value":"EU 46","price":"","pimage":"","pimage_id":"","pthumb":"","color":""},{"label":"46 2\/3","value":"EU 46 2\/3","price":"","pimage":"","pimage_id":"","pthumb":"","color":""},{"label":"47 1\/3","value":"EU 47 1\/3","price":"","pimage":"","pimage_id":"","pthumb":"","color":""}],"relations":[{"operator":false,"rules":[]}],"form_id":24802,"form_rules":{"pric_cal_option_once":false,"exclude_from_discount":false,"pric_use_as_fee":false,"fee_label":"Fee","render_after_acb":false,"disp_hide_options_price":false}}]},"yoast_head":"<!-- This site is optimized with the Yoast SEO plugin v26.5 - https:\/\/yoast.com\/wordpress\/plugins\/seo\/ -->\n<title>Adilette Comfort Slide - Tourcruiser PTE. LTD<\/title>\n<meta name=\"robots\" content=\"index, follow, max-snippet:-1, max-image-preview:large, max-video-preview:-1\" \/>\n<link rel=\"canonical\" href=\"https:\/\/tourcruiser.com\/de\/products\/adilette-comfort-slide\/\" \/>\n<meta property=\"og:locale\" content=\"de_DE\" \/>\n<meta property=\"og:type\" content=\"article\" \/>\n<meta property=\"og:title\" content=\"Adilette Comfort Slide - Tourcruiser PTE. LTD\" \/>\n<meta property=\"og:description\" content=\"Erleben Sie ultimative Entspannung mit dem Adilette Comfort Slide JP7083 \u00e2\u20ac\u201c eine Kombination aus m\u00c3\u00bchelosem Stil und h\u00c3\u00b6chstem Tragekomfort. Perfekt f\u00c3\u00bcr Freizeit und Erholung nach dem Sport: Diese Pantoletten verf\u00c3\u00bcgen \u00c3\u00bcber ein weiches, konturiertes Fu\u00c3\u0178bett, das jeden Schritt sanft d\u00c3\u00a4mpft. Das elegante, minimalistische Design und das Obermaterial aus Synthetik mit einem einzigen Riemen sorgen f\u00c3\u00bcr [&hellip;]\" \/>\n<meta property=\"og:url\" content=\"https:\/\/tourcruiser.com\/de\/products\/adilette-comfort-slide\/\" \/>\n<meta property=\"og:site_name\" content=\"Tourcruiser Sneaker Store\" \/>\n<meta name=\"twitter:card\" content=\"summary_large_image\" \/>\n<meta name=\"twitter:image\" content=\"https:\/\/images.novelship.com\/product\/adilette_comfort_slide_jp7083_0_41348.jpeg\" \/>\n<meta name=\"twitter:label1\" content=\"Gesch\u00e4tzte Lesezeit\" \/>\n\t<meta name=\"twitter:data1\" content=\"1\u00a0Minute\" \/>\n<script type=\"application\/ld+json\" class=\"yoast-schema-graph\">{\"@context\":\"https:\/\/schema.org\",\"@graph\":[{\"@type\":\"WebPage\",\"@id\":\"https:\/\/tourcruiser.com\/de\/products\/adilette-comfort-slide\/\",\"url\":\"https:\/\/tourcruiser.com\/de\/products\/adilette-comfort-slide\/\",\"name\":\"Adilette Comfort Slide - Tourcruiser PTE. LTD\",\"isPartOf\":{\"@id\":\"https:\/\/tourcruiser.com\/de\/#website\"},\"primaryImageOfPage\":{\"@id\":\"https:\/\/tourcruiser.com\/de\/products\/adilette-comfort-slide\/#primaryimage\"},\"image\":{\"@id\":\"https:\/\/tourcruiser.com\/de\/products\/adilette-comfort-slide\/#primaryimage\"},\"thumbnailUrl\":\"https:\/\/images.novelship.com\/product\/adilette_comfort_slide_jp7083_0_41348.jpeg\",\"datePublished\":\"2026-03-21T05:16:11+00:00\",\"breadcrumb\":{\"@id\":\"https:\/\/tourcruiser.com\/de\/products\/adilette-comfort-slide\/#breadcrumb\"},\"inLanguage\":\"de\",\"potentialAction\":[{\"@type\":\"ReadAction\",\"target\":[\"https:\/\/tourcruiser.com\/de\/products\/adilette-comfort-slide\/\"]}]},{\"@type\":\"ImageObject\",\"inLanguage\":\"de\",\"@id\":\"https:\/\/tourcruiser.com\/de\/products\/adilette-comfort-slide\/#primaryimage\",\"url\":\"https:\/\/images.novelship.com\/product\/adilette_comfort_slide_jp7083_0_41348.jpeg\",\"contentUrl\":\"https:\/\/images.novelship.com\/product\/adilette_comfort_slide_jp7083_0_41348.jpeg\"},{\"@type\":\"BreadcrumbList\",\"@id\":\"https:\/\/tourcruiser.com\/de\/products\/adilette-comfort-slide\/#breadcrumb\",\"itemListElement\":[{\"@type\":\"ListItem\",\"position\":1,\"name\":\"Home\",\"item\":\"https:\/\/tourcruiser.com\/de\/\"},{\"@type\":\"ListItem\",\"position\":2,\"name\":\"Shop\",\"item\":\"https:\/\/tourcruiser.com\/de\/shop\/\"},{\"@type\":\"ListItem\",\"position\":3,\"name\":\"Adilette Comfort Slide\"}]},{\"@type\":\"WebSite\",\"@id\":\"https:\/\/tourcruiser.com\/de\/#website\",\"url\":\"https:\/\/tourcruiser.com\/de\/\",\"name\":\"Styloral Jewelry Shop\",\"description\":\"Tourcruiser Sneaker Store \u2014 der Ort, an dem das Universum deine Einzigartigkeit trifft.\",\"publisher\":{\"@id\":\"https:\/\/tourcruiser.com\/de\/#organization\"},\"potentialAction\":[{\"@type\":\"SearchAction\",\"target\":{\"@type\":\"EntryPoint\",\"urlTemplate\":\"https:\/\/tourcruiser.com\/de\/?s={search_term_string}\"},\"query-input\":{\"@type\":\"PropertyValueSpecification\",\"valueRequired\":true,\"valueName\":\"search_term_string\"}}],\"inLanguage\":\"de\"},{\"@type\":\"Organization\",\"@id\":\"https:\/\/tourcruiser.com\/de\/#organization\",\"name\":\"STYLORAL PTE. LTD\",\"url\":\"https:\/\/tourcruiser.com\/de\/\",\"logo\":{\"@type\":\"ImageObject\",\"inLanguage\":\"de\",\"@id\":\"https:\/\/tourcruiser.com\/de\/#\/schema\/logo\/image\/\",\"url\":\"https:\/\/www.tourcruiser.com\/wp-content\/uploads\/2025\/12\/logo.png\",\"contentUrl\":\"https:\/\/www.tourcruiser.com\/wp-content\/uploads\/2025\/12\/logo.png\",\"width\":200,\"height\":65,\"caption\":\"STYLORAL PTE. LTD\"},\"image\":{\"@id\":\"https:\/\/tourcruiser.com\/de\/#\/schema\/logo\/image\/\"}}]}<\/script>\n<!-- \/ Yoast SEO plugin. -->","yoast_head_json":{"title":"Adilette Comfort Slide - Tourcruiser PTE. LTD","robots":{"index":"index","follow":"follow","max-snippet":"max-snippet:-1","max-image-preview":"max-image-preview:large","max-video-preview":"max-video-preview:-1"},"canonical":"https:\/\/tourcruiser.com\/de\/products\/adilette-comfort-slide\/","og_locale":"de_DE","og_type":"article","og_title":"Adilette Comfort Slide - Tourcruiser PTE. LTD","og_description":"Erleben Sie ultimative Entspannung mit dem Adilette Comfort Slide JP7083 \u00e2\u20ac\u201c eine Kombination aus m\u00c3\u00bchelosem Stil und h\u00c3\u00b6chstem Tragekomfort. Perfekt f\u00c3\u00bcr Freizeit und Erholung nach dem Sport: Diese Pantoletten verf\u00c3\u00bcgen \u00c3\u00bcber ein weiches, konturiertes Fu\u00c3\u0178bett, das jeden Schritt sanft d\u00c3\u00a4mpft. Das elegante, minimalistische Design und das Obermaterial aus Synthetik mit einem einzigen Riemen sorgen f\u00c3\u00bcr [&hellip;]","og_url":"https:\/\/tourcruiser.com\/de\/products\/adilette-comfort-slide\/","og_site_name":"Tourcruiser Sneaker Store","twitter_card":"summary_large_image","twitter_image":"https:\/\/images.novelship.com\/product\/adilette_comfort_slide_jp7083_0_41348.jpeg","twitter_misc":{"Gesch\u00e4tzte Lesezeit":"1\u00a0Minute"},"schema":{"@context":"https:\/\/schema.org","@graph":[{"@type":"WebPage","@id":"https:\/\/tourcruiser.com\/de\/products\/adilette-comfort-slide\/","url":"https:\/\/tourcruiser.com\/de\/products\/adilette-comfort-slide\/","name":"Adilette Comfort Slide - Tourcruiser PTE. LTD","isPartOf":{"@id":"https:\/\/tourcruiser.com\/de\/#website"},"primaryImageOfPage":{"@id":"https:\/\/tourcruiser.com\/de\/products\/adilette-comfort-slide\/#primaryimage"},"image":{"@id":"https:\/\/tourcruiser.com\/de\/products\/adilette-comfort-slide\/#primaryimage"},"thumbnailUrl":"https:\/\/images.novelship.com\/product\/adilette_comfort_slide_jp7083_0_41348.jpeg","datePublished":"2026-03-21T05:16:11+00:00","breadcrumb":{"@id":"https:\/\/tourcruiser.com\/de\/products\/adilette-comfort-slide\/#breadcrumb"},"inLanguage":"de","potentialAction":[{"@type":"ReadAction","target":["https:\/\/tourcruiser.com\/de\/products\/adilette-comfort-slide\/"]}]},{"@type":"ImageObject","inLanguage":"de","@id":"https:\/\/tourcruiser.com\/de\/products\/adilette-comfort-slide\/#primaryimage","url":"https:\/\/images.novelship.com\/product\/adilette_comfort_slide_jp7083_0_41348.jpeg","contentUrl":"https:\/\/images.novelship.com\/product\/adilette_comfort_slide_jp7083_0_41348.jpeg"},{"@type":"BreadcrumbList","@id":"https:\/\/tourcruiser.com\/de\/products\/adilette-comfort-slide\/#breadcrumb","itemListElement":[{"@type":"ListItem","position":1,"name":"Home","item":"https:\/\/tourcruiser.com\/de\/"},{"@type":"ListItem","position":2,"name":"Shop","item":"https:\/\/tourcruiser.com\/de\/shop\/"},{"@type":"ListItem","position":3,"name":"Adilette Comfort Slide"}]},{"@type":"WebSite","@id":"https:\/\/tourcruiser.com\/de\/#website","url":"https:\/\/tourcruiser.com\/de\/","name":"Styloral Jewelry Shop","description":"Tourcruiser Sneaker Store \u2014 der Ort, an dem das Universum deine Einzigartigkeit trifft.","publisher":{"@id":"https:\/\/tourcruiser.com\/de\/#organization"},"potentialAction":[{"@type":"SearchAction","target":{"@type":"EntryPoint","urlTemplate":"https:\/\/tourcruiser.com\/de\/?s={search_term_string}"},"query-input":{"@type":"PropertyValueSpecification","valueRequired":true,"valueName":"search_term_string"}}],"inLanguage":"de"},{"@type":"Organization","@id":"https:\/\/tourcruiser.com\/de\/#organization","name":"STYLORAL PTE. LTD","url":"https:\/\/tourcruiser.com\/de\/","logo":{"@type":"ImageObject","inLanguage":"de","@id":"https:\/\/tourcruiser.com\/de\/#\/schema\/logo\/image\/","url":"https:\/\/www.tourcruiser.com\/wp-content\/uploads\/2025\/12\/logo.png","contentUrl":"https:\/\/www.tourcruiser.com\/wp-content\/uploads\/2025\/12\/logo.png","width":200,"height":65,"caption":"STYLORAL PTE. LTD"},"image":{"@id":"https:\/\/tourcruiser.com\/de\/#\/schema\/logo\/image\/"}}]}},"_links":{"self":[{"href":"https:\/\/tourcruiser.com\/de\/wp-json\/wp\/v2\/product\/468195","targetHints":{"allow":["GET"]}}],"collection":[{"href":"https:\/\/tourcruiser.com\/de\/wp-json\/wp\/v2\/product"}],"about":[{"href":"https:\/\/tourcruiser.com\/de\/wp-json\/wp\/v2\/types\/product"}],"replies":[{"embeddable":true,"href":"https:\/\/tourcruiser.com\/de\/wp-json\/wp\/v2\/comments?post=468195"}],"wp:featuredmedia":[{"embeddable":true,"href":"https:\/\/tourcruiser.com\/de\/wp-json\/wp\/v2\/media\/468196"}],"wp:attachment":[{"href":"https:\/\/tourcruiser.com\/de\/wp-json\/wp\/v2\/media?parent=468195"}],"wp:term":[{"taxonomy":"product_brand","embeddable":true,"href":"https:\/\/tourcruiser.com\/de\/wp-json\/wp\/v2\/product_brand?post=468195"},{"taxonomy":"product_cat","embeddable":true,"href":"https:\/\/tourcruiser.com\/de\/wp-json\/wp\/v2\/product_cat?post=468195"},{"taxonomy":"product_tag","embeddable":true,"href":"https:\/\/tourcruiser.com\/de\/wp-json\/wp\/v2\/product_tag?post=468195"}],"curies":[{"name":"wp","href":"https:\/\/api.w.org\/{rel}","templated":true}]}}