{"id":467920,"date":"2026-03-21T12:13:39","date_gmt":"2026-03-21T05:13:39","guid":{"rendered":"http:\/\/tourcruiser.com\/product\/women-nike-zoom-pegasus-turbo-multi-color-sole-aj4115-004"},"modified":"2026-03-21T12:13:39","modified_gmt":"2026-03-21T05:13:39","slug":"women-nike-zoom-pegasus-turbo-multi-color-sole-aj4115-004","status":"publish","type":"product","link":"https:\/\/tourcruiser.com\/de\/products\/women-nike-zoom-pegasus-turbo-multi-color-sole-aj4115-004\/","title":{"rendered":"(Women) Nike Zoom Pegasus Turbo &#8218;Multi-Color Sole&#8216; AJ4115-004"},"content":{"rendered":"<p>Verbessere dein Lauferlebnis mit dem Nike Zoom Pegasus Turbo \u00e2\u20ac\u017eMulti-Color Sole\u00e2\u20ac\u0153. Dieser Damen-Laufschuh bietet ein atmungsaktives Mesh-Obermaterial, reaktionsfreudige ZoomX-Schaumstoffd\u00c3\u00a4mpfung und eine strapazierf\u00c3\u00a4hige Gummiau\u00c3\u0178ensohle. Die farbenfrohe Sohle verleiht deinem Laufstil einen Hauch von Style, w\u00c3\u00a4hrend die leichte Konstruktion f\u00c3\u00bcr m\u00c3\u00bchelose Bewegungsfreiheit sorgt. Ob f\u00c3\u00bcr t\u00c3\u00a4gliche L\u00c3\u00a4ufe, Tempotraining oder Wettk\u00c3\u00a4mpfe \u00e2\u20ac\u201c dieser Schuh hilft dir, deine Grenzen zu erweitern und deine Fitnessziele zu erreichen.<\/p>\n<ul>\n<li><strong>Farbgebung:<\/strong> Schwarz\/Saphir\/Hyper Jade<\/li>\n<li><strong>Artikelnummer:<\/strong> AJ4115-004<\/li>\n<li><strong>Obermaterial:<\/strong> Mesh<\/li>\n<li><strong>Zwischensohle:<\/strong> Zoom X<\/li>\n<\/ul>\n","protected":false},"excerpt":{"rendered":"<p>Verbessere dein Lauferlebnis mit dem Nike Zoom Pegasus Turbo \u00e2\u20ac\u017eMulti-Color Sole\u00e2\u20ac\u0153. Dieser Damen-Laufschuh bietet ein atmungsaktives Mesh-Obermaterial, reaktionsfreudige ZoomX-Schaumstoffd\u00c3\u00a4mpfung und eine strapazierf\u00c3\u00a4hige Gummiau\u00c3\u0178ensohle. Die farbenfrohe Sohle verleiht deinem Laufstil einen Hauch von Style, w\u00c3\u00a4hrend die leichte Konstruktion f\u00c3\u00bcr m\u00c3\u00bchelose Bewegungsfreiheit sorgt. Ob f\u00c3\u00bcr t\u00c3\u00a4gliche L\u00c3\u00a4ufe, Tempotraining oder Wettk\u00c3\u00a4mpfe \u00e2\u20ac\u201c dieser Schuh hilft dir, deine Grenzen [&hellip;]<\/p>\n","protected":false},"featured_media":467921,"comment_status":"open","ping_status":"closed","template":"","meta":[],"product_brand":[],"product_cat":[10803,38850,38854,38875],"product_tag":[10926,11053,10801,10882,10839,10802,10840],"class_list":{"0":"post-467920","1":"product","2":"type-product","3":"status-publish","4":"has-post-thumbnail","6":"product_cat-nike","7":"product_cat-running-shoes","8":"product_cat-gender-women","9":"product_cat-nike-zoom-pegasus-turbo","10":"product_tag-gift-for-her","11":"product_tag-lightweight-running-shoes","12":"product_tag-nike","13":"product_tag-nike-running-shoes","14":"product_tag-performance-running-shoes","15":"product_tag-performance-sport-shoes","16":"product_tag-running-shoes","17":"wcpa_has_options","19":"first","20":"instock","21":"taxable","22":"shipping-taxable","23":"purchasable","24":"product-type-simple"},"wcpa_form_fields":{"rules":{"pric_overide_base_price":false,"pric_overide_base_price_if_gt_zero":false,"pric_overide_base_price_fully":false,"pric_cal_option_once":false,"pric_use_as_fee":false,"bind_quantity":false,"quantity_bind_formula":false},"fields":[{"type":"color-group","required":true,"elementId":"wcpa-color-group-66c4a75505e74","label":"Gr\u00f6\u00dfe - EU Gr\u00f6\u00dfe","inline":true,"priceOptions":"different_for_all","pricingType":"fixed","className":"hassizechart product-shoes-size-eu product-shoes-size","name":"color-group-66c4a75505e89","disp_type":"square","selection_type":"tick-border","disp_size":"44","show_label_inside":true,"adjust_width":true,"cart_display_type":"text","other_text":"Other","cl_rule":"show","col":6,"values":[{"label":"35.5","value":"EU 35.5","price":"","pimage":"","pimage_id":"","pthumb":"","color":""},{"label":"36","value":"EU 36","price":"","pimage":"","pimage_id":"","pthumb":"","color":"","selected":true},{"label":"36.5","value":"EU 36.5","price":"","pimage":"","pimage_id":"","pthumb":"","color":""},{"label":"37.5","value":"EU 37.5","price":"","pimage":"","pimage_id":"","pthumb":"","color":""},{"label":"38","value":"EU 38","price":"","pimage":"","pimage_id":"","pthumb":"","color":""},{"label":"38.5","value":"EU 38.5","price":"","pimage":"","pimage_id":"","pthumb":"","color":""},{"label":"39","value":"EU 39","price":"","pimage":"","pimage_id":"","pthumb":"","color":""},{"label":"40","value":"EU 40","price":"","pimage":"","pimage_id":"","pthumb":"","color":""},{"label":"40.5","value":"EU 40.5","price":"","pimage":"","pimage_id":"","pthumb":"","color":""},{"label":"41","value":"EU 41","price":"","pimage":"","pimage_id":"","pthumb":"","color":""},{"label":"42","value":"EU 42","price":"","pimage":"","pimage_id":"","pthumb":"","color":""},{"label":"42.5","value":"EU 42.5","price":"","pimage":"","pimage_id":"","pthumb":"","color":""},{"label":"43","value":"EU 43","price":"","pimage":"","pimage_id":"","pthumb":"","color":""},{"label":"44","value":"EU 44","price":"","pimage":"","pimage_id":"","pthumb":"","color":""},{"label":"44.5","value":"EU 44.5","price":"","pimage":"","pimage_id":"","pthumb":"","color":""},{"label":"45","value":"EU 45","price":"","pimage":"","pimage_id":"","pthumb":"","color":""},{"label":"45.5","value":"EU 45.5","price":"","pimage":"","pimage_id":"","pthumb":"","color":""},{"label":"46","value":"EU 46","price":"","pimage":"","pimage_id":"","pthumb":"","color":""},{"label":"47","value":"EU 47","price":"","pimage":"","pimage_id":"","pthumb":"","color":""},{"label":"47.5","value":"EU 47.5","price":"","pimage":"","pimage_id":"","pthumb":"","color":""},{"label":"48","value":"EU 48","price":"","pimage":"","pimage_id":"","pthumb":"","color":""}],"relations":[{"operator":false,"rules":[]}],"form_id":18106,"form_rules":{"pric_cal_option_once":false,"exclude_from_discount":false,"pric_use_as_fee":false,"fee_label":"Fee","render_after_acb":false,"disp_hide_options_price":false}}]},"yoast_head":"<!-- This site is optimized with the Yoast SEO plugin v26.5 - https:\/\/yoast.com\/wordpress\/plugins\/seo\/ -->\n<title>(Women) Nike Zoom Pegasus Turbo &#039;Multi-Color Sole&#039; AJ4115-004 - Tourcruiser PTE. LTD<\/title>\n<meta name=\"robots\" content=\"index, follow, max-snippet:-1, max-image-preview:large, max-video-preview:-1\" \/>\n<link rel=\"canonical\" href=\"https:\/\/tourcruiser.com\/de\/products\/women-nike-zoom-pegasus-turbo-multi-color-sole-aj4115-004\/\" \/>\n<meta property=\"og:locale\" content=\"de_DE\" \/>\n<meta property=\"og:type\" content=\"article\" \/>\n<meta property=\"og:title\" content=\"(Women) Nike Zoom Pegasus Turbo &#039;Multi-Color Sole&#039; AJ4115-004 - Tourcruiser PTE. LTD\" \/>\n<meta property=\"og:description\" content=\"Verbessere dein Lauferlebnis mit dem Nike Zoom Pegasus Turbo \u00e2\u20ac\u017eMulti-Color Sole\u00e2\u20ac\u0153. Dieser Damen-Laufschuh bietet ein atmungsaktives Mesh-Obermaterial, reaktionsfreudige ZoomX-Schaumstoffd\u00c3\u00a4mpfung und eine strapazierf\u00c3\u00a4hige Gummiau\u00c3\u0178ensohle. Die farbenfrohe Sohle verleiht deinem Laufstil einen Hauch von Style, w\u00c3\u00a4hrend die leichte Konstruktion f\u00c3\u00bcr m\u00c3\u00bchelose Bewegungsfreiheit sorgt. Ob f\u00c3\u00bcr t\u00c3\u00a4gliche L\u00c3\u00a4ufe, Tempotraining oder Wettk\u00c3\u00a4mpfe \u00e2\u20ac\u201c dieser Schuh hilft dir, deine Grenzen [&hellip;]\" \/>\n<meta property=\"og:url\" content=\"https:\/\/tourcruiser.com\/de\/products\/women-nike-zoom-pegasus-turbo-multi-color-sole-aj4115-004\/\" \/>\n<meta property=\"og:site_name\" content=\"Tourcruiser Sneaker Store\" \/>\n<meta name=\"twitter:card\" content=\"summary_large_image\" \/>\n<meta name=\"twitter:image\" content=\"https:\/\/images.novelship.com\/product\/_women__nike_zoom_pegasus_turbo__multi-color_sole__0_15490.jpeg\" \/>\n<script type=\"application\/ld+json\" class=\"yoast-schema-graph\">{\"@context\":\"https:\/\/schema.org\",\"@graph\":[{\"@type\":\"WebPage\",\"@id\":\"https:\/\/tourcruiser.com\/de\/products\/women-nike-zoom-pegasus-turbo-multi-color-sole-aj4115-004\/\",\"url\":\"https:\/\/tourcruiser.com\/de\/products\/women-nike-zoom-pegasus-turbo-multi-color-sole-aj4115-004\/\",\"name\":\"(Women) Nike Zoom Pegasus Turbo 'Multi-Color Sole' AJ4115-004 - Tourcruiser PTE. LTD\",\"isPartOf\":{\"@id\":\"https:\/\/tourcruiser.com\/de\/#website\"},\"primaryImageOfPage\":{\"@id\":\"https:\/\/tourcruiser.com\/de\/products\/women-nike-zoom-pegasus-turbo-multi-color-sole-aj4115-004\/#primaryimage\"},\"image\":{\"@id\":\"https:\/\/tourcruiser.com\/de\/products\/women-nike-zoom-pegasus-turbo-multi-color-sole-aj4115-004\/#primaryimage\"},\"thumbnailUrl\":\"https:\/\/images.novelship.com\/product\/_women__nike_zoom_pegasus_turbo__multi-color_sole__0_15490.jpeg\",\"datePublished\":\"2026-03-21T05:13:39+00:00\",\"breadcrumb\":{\"@id\":\"https:\/\/tourcruiser.com\/de\/products\/women-nike-zoom-pegasus-turbo-multi-color-sole-aj4115-004\/#breadcrumb\"},\"inLanguage\":\"de\",\"potentialAction\":[{\"@type\":\"ReadAction\",\"target\":[\"https:\/\/tourcruiser.com\/de\/products\/women-nike-zoom-pegasus-turbo-multi-color-sole-aj4115-004\/\"]}]},{\"@type\":\"ImageObject\",\"inLanguage\":\"de\",\"@id\":\"https:\/\/tourcruiser.com\/de\/products\/women-nike-zoom-pegasus-turbo-multi-color-sole-aj4115-004\/#primaryimage\",\"url\":\"https:\/\/images.novelship.com\/product\/_women__nike_zoom_pegasus_turbo__multi-color_sole__0_15490.jpeg\",\"contentUrl\":\"https:\/\/images.novelship.com\/product\/_women__nike_zoom_pegasus_turbo__multi-color_sole__0_15490.jpeg\"},{\"@type\":\"BreadcrumbList\",\"@id\":\"https:\/\/tourcruiser.com\/de\/products\/women-nike-zoom-pegasus-turbo-multi-color-sole-aj4115-004\/#breadcrumb\",\"itemListElement\":[{\"@type\":\"ListItem\",\"position\":1,\"name\":\"Home\",\"item\":\"https:\/\/tourcruiser.com\/de\/\"},{\"@type\":\"ListItem\",\"position\":2,\"name\":\"Shop\",\"item\":\"https:\/\/tourcruiser.com\/de\/shop\/\"},{\"@type\":\"ListItem\",\"position\":3,\"name\":\"(Women) Nike Zoom Pegasus Turbo 'Multi-Color Sole' AJ4115-004\"}]},{\"@type\":\"WebSite\",\"@id\":\"https:\/\/tourcruiser.com\/de\/#website\",\"url\":\"https:\/\/tourcruiser.com\/de\/\",\"name\":\"Styloral Jewelry Shop\",\"description\":\"Tourcruiser Sneaker Store \u2014 der Ort, an dem das Universum deine Einzigartigkeit trifft.\",\"publisher\":{\"@id\":\"https:\/\/tourcruiser.com\/de\/#organization\"},\"potentialAction\":[{\"@type\":\"SearchAction\",\"target\":{\"@type\":\"EntryPoint\",\"urlTemplate\":\"https:\/\/tourcruiser.com\/de\/?s={search_term_string}\"},\"query-input\":{\"@type\":\"PropertyValueSpecification\",\"valueRequired\":true,\"valueName\":\"search_term_string\"}}],\"inLanguage\":\"de\"},{\"@type\":\"Organization\",\"@id\":\"https:\/\/tourcruiser.com\/de\/#organization\",\"name\":\"STYLORAL PTE. LTD\",\"url\":\"https:\/\/tourcruiser.com\/de\/\",\"logo\":{\"@type\":\"ImageObject\",\"inLanguage\":\"de\",\"@id\":\"https:\/\/tourcruiser.com\/de\/#\/schema\/logo\/image\/\",\"url\":\"https:\/\/www.tourcruiser.com\/wp-content\/uploads\/2025\/12\/logo.png\",\"contentUrl\":\"https:\/\/www.tourcruiser.com\/wp-content\/uploads\/2025\/12\/logo.png\",\"width\":200,\"height\":65,\"caption\":\"STYLORAL PTE. LTD\"},\"image\":{\"@id\":\"https:\/\/tourcruiser.com\/de\/#\/schema\/logo\/image\/\"}}]}<\/script>\n<!-- \/ Yoast SEO plugin. -->","yoast_head_json":{"title":"(Women) Nike Zoom Pegasus Turbo 'Multi-Color Sole' AJ4115-004 - Tourcruiser PTE. LTD","robots":{"index":"index","follow":"follow","max-snippet":"max-snippet:-1","max-image-preview":"max-image-preview:large","max-video-preview":"max-video-preview:-1"},"canonical":"https:\/\/tourcruiser.com\/de\/products\/women-nike-zoom-pegasus-turbo-multi-color-sole-aj4115-004\/","og_locale":"de_DE","og_type":"article","og_title":"(Women) Nike Zoom Pegasus Turbo 'Multi-Color Sole' AJ4115-004 - Tourcruiser PTE. LTD","og_description":"Verbessere dein Lauferlebnis mit dem Nike Zoom Pegasus Turbo \u00e2\u20ac\u017eMulti-Color Sole\u00e2\u20ac\u0153. Dieser Damen-Laufschuh bietet ein atmungsaktives Mesh-Obermaterial, reaktionsfreudige ZoomX-Schaumstoffd\u00c3\u00a4mpfung und eine strapazierf\u00c3\u00a4hige Gummiau\u00c3\u0178ensohle. Die farbenfrohe Sohle verleiht deinem Laufstil einen Hauch von Style, w\u00c3\u00a4hrend die leichte Konstruktion f\u00c3\u00bcr m\u00c3\u00bchelose Bewegungsfreiheit sorgt. Ob f\u00c3\u00bcr t\u00c3\u00a4gliche L\u00c3\u00a4ufe, Tempotraining oder Wettk\u00c3\u00a4mpfe \u00e2\u20ac\u201c dieser Schuh hilft dir, deine Grenzen [&hellip;]","og_url":"https:\/\/tourcruiser.com\/de\/products\/women-nike-zoom-pegasus-turbo-multi-color-sole-aj4115-004\/","og_site_name":"Tourcruiser Sneaker Store","twitter_card":"summary_large_image","twitter_image":"https:\/\/images.novelship.com\/product\/_women__nike_zoom_pegasus_turbo__multi-color_sole__0_15490.jpeg","schema":{"@context":"https:\/\/schema.org","@graph":[{"@type":"WebPage","@id":"https:\/\/tourcruiser.com\/de\/products\/women-nike-zoom-pegasus-turbo-multi-color-sole-aj4115-004\/","url":"https:\/\/tourcruiser.com\/de\/products\/women-nike-zoom-pegasus-turbo-multi-color-sole-aj4115-004\/","name":"(Women) Nike Zoom Pegasus Turbo 'Multi-Color Sole' AJ4115-004 - Tourcruiser PTE. LTD","isPartOf":{"@id":"https:\/\/tourcruiser.com\/de\/#website"},"primaryImageOfPage":{"@id":"https:\/\/tourcruiser.com\/de\/products\/women-nike-zoom-pegasus-turbo-multi-color-sole-aj4115-004\/#primaryimage"},"image":{"@id":"https:\/\/tourcruiser.com\/de\/products\/women-nike-zoom-pegasus-turbo-multi-color-sole-aj4115-004\/#primaryimage"},"thumbnailUrl":"https:\/\/images.novelship.com\/product\/_women__nike_zoom_pegasus_turbo__multi-color_sole__0_15490.jpeg","datePublished":"2026-03-21T05:13:39+00:00","breadcrumb":{"@id":"https:\/\/tourcruiser.com\/de\/products\/women-nike-zoom-pegasus-turbo-multi-color-sole-aj4115-004\/#breadcrumb"},"inLanguage":"de","potentialAction":[{"@type":"ReadAction","target":["https:\/\/tourcruiser.com\/de\/products\/women-nike-zoom-pegasus-turbo-multi-color-sole-aj4115-004\/"]}]},{"@type":"ImageObject","inLanguage":"de","@id":"https:\/\/tourcruiser.com\/de\/products\/women-nike-zoom-pegasus-turbo-multi-color-sole-aj4115-004\/#primaryimage","url":"https:\/\/images.novelship.com\/product\/_women__nike_zoom_pegasus_turbo__multi-color_sole__0_15490.jpeg","contentUrl":"https:\/\/images.novelship.com\/product\/_women__nike_zoom_pegasus_turbo__multi-color_sole__0_15490.jpeg"},{"@type":"BreadcrumbList","@id":"https:\/\/tourcruiser.com\/de\/products\/women-nike-zoom-pegasus-turbo-multi-color-sole-aj4115-004\/#breadcrumb","itemListElement":[{"@type":"ListItem","position":1,"name":"Home","item":"https:\/\/tourcruiser.com\/de\/"},{"@type":"ListItem","position":2,"name":"Shop","item":"https:\/\/tourcruiser.com\/de\/shop\/"},{"@type":"ListItem","position":3,"name":"(Women) Nike Zoom Pegasus Turbo 'Multi-Color Sole' AJ4115-004"}]},{"@type":"WebSite","@id":"https:\/\/tourcruiser.com\/de\/#website","url":"https:\/\/tourcruiser.com\/de\/","name":"Styloral Jewelry Shop","description":"Tourcruiser Sneaker Store \u2014 der Ort, an dem das Universum deine Einzigartigkeit trifft.","publisher":{"@id":"https:\/\/tourcruiser.com\/de\/#organization"},"potentialAction":[{"@type":"SearchAction","target":{"@type":"EntryPoint","urlTemplate":"https:\/\/tourcruiser.com\/de\/?s={search_term_string}"},"query-input":{"@type":"PropertyValueSpecification","valueRequired":true,"valueName":"search_term_string"}}],"inLanguage":"de"},{"@type":"Organization","@id":"https:\/\/tourcruiser.com\/de\/#organization","name":"STYLORAL PTE. LTD","url":"https:\/\/tourcruiser.com\/de\/","logo":{"@type":"ImageObject","inLanguage":"de","@id":"https:\/\/tourcruiser.com\/de\/#\/schema\/logo\/image\/","url":"https:\/\/www.tourcruiser.com\/wp-content\/uploads\/2025\/12\/logo.png","contentUrl":"https:\/\/www.tourcruiser.com\/wp-content\/uploads\/2025\/12\/logo.png","width":200,"height":65,"caption":"STYLORAL PTE. LTD"},"image":{"@id":"https:\/\/tourcruiser.com\/de\/#\/schema\/logo\/image\/"}}]}},"_links":{"self":[{"href":"https:\/\/tourcruiser.com\/de\/wp-json\/wp\/v2\/product\/467920","targetHints":{"allow":["GET"]}}],"collection":[{"href":"https:\/\/tourcruiser.com\/de\/wp-json\/wp\/v2\/product"}],"about":[{"href":"https:\/\/tourcruiser.com\/de\/wp-json\/wp\/v2\/types\/product"}],"replies":[{"embeddable":true,"href":"https:\/\/tourcruiser.com\/de\/wp-json\/wp\/v2\/comments?post=467920"}],"wp:featuredmedia":[{"embeddable":true,"href":"https:\/\/tourcruiser.com\/de\/wp-json\/wp\/v2\/media\/467921"}],"wp:attachment":[{"href":"https:\/\/tourcruiser.com\/de\/wp-json\/wp\/v2\/media?parent=467920"}],"wp:term":[{"taxonomy":"product_brand","embeddable":true,"href":"https:\/\/tourcruiser.com\/de\/wp-json\/wp\/v2\/product_brand?post=467920"},{"taxonomy":"product_cat","embeddable":true,"href":"https:\/\/tourcruiser.com\/de\/wp-json\/wp\/v2\/product_cat?post=467920"},{"taxonomy":"product_tag","embeddable":true,"href":"https:\/\/tourcruiser.com\/de\/wp-json\/wp\/v2\/product_tag?post=467920"}],"curies":[{"name":"wp","href":"https:\/\/api.w.org\/{rel}","templated":true}]}}