{"id":467873,"date":"2026-03-21T12:13:35","date_gmt":"2026-03-21T05:13:35","guid":{"rendered":"http:\/\/tourcruiser.com\/product\/preschool-nike-air-max-1-triple-black-dz3307-001"},"modified":"2026-03-21T12:13:35","modified_gmt":"2026-03-21T05:13:35","slug":"preschool-nike-air-max-1-triple-black-dz3307-001","status":"publish","type":"product","link":"https:\/\/tourcruiser.com\/de\/products\/preschool-nike-air-max-1-triple-black-dz3307-001\/","title":{"rendered":"(Preschool) Nike Air Max 1 &#8218;Triple Black&#8216; DZ3307-001"},"content":{"rendered":"<p>Entdecke die Welt von Style und Komfort mit den Nike Air Max 1 &#8218;Triple Black&#8216; Sneakern f\u00c3\u00bcr Vorschulkinder. Diese legend\u00c3\u00a4ren Sneaker bestechen durch ihr elegantes, komplett schwarzes Design, das Raffinesse und Vielseitigkeit ausstrahlt. Das atmungsaktive Mesh-Obermaterial und die st\u00c3\u00bctzenden Leder-Overlays garantieren ganzt\u00c3\u00a4gigen Tragekomfort. Die sichtbare Air-D\u00c3\u00a4mpfung sorgt f\u00c3\u00bcr au\u00c3\u0178ergew\u00c3\u00b6hnliche Reaktionsf\u00c3\u00a4higkeit und Unterst\u00c3\u00bctzung und macht diese Sneaker perfekt f\u00c3\u00bcr aktive Vorschulkinder. Ob beim Spielen auf dem Spielplatz oder beim Ausprobieren der neuesten Trends \u00e2\u20ac\u201c der Nike Air Max 1 &#8218;Triple Black&#8216; ist ein Must-have f\u00c3\u00bcr jedes stilbewusste Kind.<\/p>\n<ul>\n<li><strong>Farbe:<\/strong> Schwarz<\/li>\n<li><strong>Style-Code:<\/strong> DZ3307-001<\/li>\n<li><strong>Obermaterial:<\/strong> Nubukleder<\/li>\n<li><strong>Mittelsohle:<\/strong> Air<\/li>\n<li><strong>Designer:<\/strong> Tinker Hatfield<\/li>\n<\/ul>\n","protected":false},"excerpt":{"rendered":"<p>Entdecke die Welt von Style und Komfort mit den Nike Air Max 1 &#8218;Triple Black&#8216; Sneakern f\u00c3\u00bcr Vorschulkinder. Diese legend\u00c3\u00a4ren Sneaker bestechen durch ihr elegantes, komplett schwarzes Design, das Raffinesse und Vielseitigkeit ausstrahlt. Das atmungsaktive Mesh-Obermaterial und die st\u00c3\u00bctzenden Leder-Overlays garantieren ganzt\u00c3\u00a4gigen Tragekomfort. Die sichtbare Air-D\u00c3\u00a4mpfung sorgt f\u00c3\u00bcr au\u00c3\u0178ergew\u00c3\u00b6hnliche Reaktionsf\u00c3\u00a4higkeit und Unterst\u00c3\u00bctzung und macht diese [&hellip;]<\/p>\n","protected":false},"featured_media":467874,"comment_status":"open","ping_status":"closed","template":"","meta":[],"product_brand":[],"product_cat":[39241,38923,10803,38975],"product_tag":[11575,11576,10765,10801,10768],"class_list":{"0":"post-467873","1":"product","2":"type-product","3":"status-publish","4":"has-post-thumbnail","6":"product_cat-nike-air-max-1","7":"product_cat-kids-sneakers","8":"product_cat-nike","9":"product_cat-gender-ps","10":"product_tag-kids-lifestyle-casual-shoes","11":"product_tag-kids-sneakers","12":"product_tag-lifestyle-shoes-running-inspired","13":"product_tag-nike","14":"product_tag-retro-running-shoes","15":"wcpa_has_options","17":"first","18":"instock","19":"taxable","20":"shipping-taxable","21":"purchasable","22":"product-type-simple"},"wcpa_form_fields":{"rules":{"pric_overide_base_price":false,"pric_overide_base_price_if_gt_zero":false,"pric_overide_base_price_fully":false,"pric_cal_option_once":false,"pric_use_as_fee":false,"bind_quantity":false,"quantity_bind_formula":false},"fields":[{"type":"color-group","required":true,"elementId":"wcpa-color-group-66c4a75505e74","label":"Gr\u00f6\u00dfe - EU Gr\u00f6\u00dfe","inline":true,"priceOptions":"different_for_all","pricingType":"fixed","className":"hassizechart product-shoes-size-eu product-shoes-size","name":"color-group-66c4a75505e89","disp_type":"square","selection_type":"tick-border","disp_size":"44","show_label_inside":true,"adjust_width":true,"cart_display_type":"text","other_text":"Other","cl_rule":"show","col":6,"values":[{"label":"35.5","value":"EU 35.5","price":"","pimage":"","pimage_id":"","pthumb":"","color":""},{"label":"36","value":"EU 36","price":"","pimage":"","pimage_id":"","pthumb":"","color":"","selected":true},{"label":"36.5","value":"EU 36.5","price":"","pimage":"","pimage_id":"","pthumb":"","color":""},{"label":"37.5","value":"EU 37.5","price":"","pimage":"","pimage_id":"","pthumb":"","color":""},{"label":"38","value":"EU 38","price":"","pimage":"","pimage_id":"","pthumb":"","color":""},{"label":"38.5","value":"EU 38.5","price":"","pimage":"","pimage_id":"","pthumb":"","color":""},{"label":"39","value":"EU 39","price":"","pimage":"","pimage_id":"","pthumb":"","color":""},{"label":"40","value":"EU 40","price":"","pimage":"","pimage_id":"","pthumb":"","color":""},{"label":"40.5","value":"EU 40.5","price":"","pimage":"","pimage_id":"","pthumb":"","color":""},{"label":"41","value":"EU 41","price":"","pimage":"","pimage_id":"","pthumb":"","color":""},{"label":"42","value":"EU 42","price":"","pimage":"","pimage_id":"","pthumb":"","color":""},{"label":"42.5","value":"EU 42.5","price":"","pimage":"","pimage_id":"","pthumb":"","color":""},{"label":"43","value":"EU 43","price":"","pimage":"","pimage_id":"","pthumb":"","color":""},{"label":"44","value":"EU 44","price":"","pimage":"","pimage_id":"","pthumb":"","color":""},{"label":"44.5","value":"EU 44.5","price":"","pimage":"","pimage_id":"","pthumb":"","color":""},{"label":"45","value":"EU 45","price":"","pimage":"","pimage_id":"","pthumb":"","color":""},{"label":"45.5","value":"EU 45.5","price":"","pimage":"","pimage_id":"","pthumb":"","color":""},{"label":"46","value":"EU 46","price":"","pimage":"","pimage_id":"","pthumb":"","color":""},{"label":"47","value":"EU 47","price":"","pimage":"","pimage_id":"","pthumb":"","color":""},{"label":"47.5","value":"EU 47.5","price":"","pimage":"","pimage_id":"","pthumb":"","color":""},{"label":"48","value":"EU 48","price":"","pimage":"","pimage_id":"","pthumb":"","color":""}],"relations":[{"operator":false,"rules":[]}],"form_id":18106,"form_rules":{"pric_cal_option_once":false,"exclude_from_discount":false,"pric_use_as_fee":false,"fee_label":"Fee","render_after_acb":false,"disp_hide_options_price":false}}]},"yoast_head":"<!-- This site is optimized with the Yoast SEO plugin v26.5 - https:\/\/yoast.com\/wordpress\/plugins\/seo\/ -->\n<title>(Preschool) Nike Air Max 1 &#039;Triple Black&#039; DZ3307-001 - Tourcruiser PTE. LTD<\/title>\n<meta name=\"robots\" content=\"index, follow, max-snippet:-1, max-image-preview:large, max-video-preview:-1\" \/>\n<link rel=\"canonical\" href=\"https:\/\/tourcruiser.com\/de\/products\/preschool-nike-air-max-1-triple-black-dz3307-001\/\" \/>\n<meta property=\"og:locale\" content=\"de_DE\" \/>\n<meta property=\"og:type\" content=\"article\" \/>\n<meta property=\"og:title\" content=\"(Preschool) Nike Air Max 1 &#039;Triple Black&#039; DZ3307-001 - Tourcruiser PTE. LTD\" \/>\n<meta property=\"og:description\" content=\"Entdecke die Welt von Style und Komfort mit den Nike Air Max 1 &#8218;Triple Black&#8216; Sneakern f\u00c3\u00bcr Vorschulkinder. Diese legend\u00c3\u00a4ren Sneaker bestechen durch ihr elegantes, komplett schwarzes Design, das Raffinesse und Vielseitigkeit ausstrahlt. Das atmungsaktive Mesh-Obermaterial und die st\u00c3\u00bctzenden Leder-Overlays garantieren ganzt\u00c3\u00a4gigen Tragekomfort. Die sichtbare Air-D\u00c3\u00a4mpfung sorgt f\u00c3\u00bcr au\u00c3\u0178ergew\u00c3\u00b6hnliche Reaktionsf\u00c3\u00a4higkeit und Unterst\u00c3\u00bctzung und macht diese [&hellip;]\" \/>\n<meta property=\"og:url\" content=\"https:\/\/tourcruiser.com\/de\/products\/preschool-nike-air-max-1-triple-black-dz3307-001\/\" \/>\n<meta property=\"og:site_name\" content=\"Tourcruiser Sneaker Store\" \/>\n<meta name=\"twitter:card\" content=\"summary_large_image\" \/>\n<meta name=\"twitter:image\" content=\"https:\/\/images.novelship.com\/product\/nike_air_max_1_low__durable_non_slip__dz3307_001_0_94897.jpeg\" \/>\n<meta name=\"twitter:label1\" content=\"Gesch\u00e4tzte Lesezeit\" \/>\n\t<meta name=\"twitter:data1\" content=\"1\u00a0Minute\" \/>\n<script type=\"application\/ld+json\" class=\"yoast-schema-graph\">{\"@context\":\"https:\/\/schema.org\",\"@graph\":[{\"@type\":\"WebPage\",\"@id\":\"https:\/\/tourcruiser.com\/de\/products\/preschool-nike-air-max-1-triple-black-dz3307-001\/\",\"url\":\"https:\/\/tourcruiser.com\/de\/products\/preschool-nike-air-max-1-triple-black-dz3307-001\/\",\"name\":\"(Preschool) Nike Air Max 1 'Triple Black' DZ3307-001 - Tourcruiser PTE. LTD\",\"isPartOf\":{\"@id\":\"https:\/\/tourcruiser.com\/de\/#website\"},\"primaryImageOfPage\":{\"@id\":\"https:\/\/tourcruiser.com\/de\/products\/preschool-nike-air-max-1-triple-black-dz3307-001\/#primaryimage\"},\"image\":{\"@id\":\"https:\/\/tourcruiser.com\/de\/products\/preschool-nike-air-max-1-triple-black-dz3307-001\/#primaryimage\"},\"thumbnailUrl\":\"https:\/\/images.novelship.com\/product\/nike_air_max_1_low__durable_non_slip__dz3307_001_0_94897.jpeg\",\"datePublished\":\"2026-03-21T05:13:35+00:00\",\"breadcrumb\":{\"@id\":\"https:\/\/tourcruiser.com\/de\/products\/preschool-nike-air-max-1-triple-black-dz3307-001\/#breadcrumb\"},\"inLanguage\":\"de\",\"potentialAction\":[{\"@type\":\"ReadAction\",\"target\":[\"https:\/\/tourcruiser.com\/de\/products\/preschool-nike-air-max-1-triple-black-dz3307-001\/\"]}]},{\"@type\":\"ImageObject\",\"inLanguage\":\"de\",\"@id\":\"https:\/\/tourcruiser.com\/de\/products\/preschool-nike-air-max-1-triple-black-dz3307-001\/#primaryimage\",\"url\":\"https:\/\/images.novelship.com\/product\/nike_air_max_1_low__durable_non_slip__dz3307_001_0_94897.jpeg\",\"contentUrl\":\"https:\/\/images.novelship.com\/product\/nike_air_max_1_low__durable_non_slip__dz3307_001_0_94897.jpeg\"},{\"@type\":\"BreadcrumbList\",\"@id\":\"https:\/\/tourcruiser.com\/de\/products\/preschool-nike-air-max-1-triple-black-dz3307-001\/#breadcrumb\",\"itemListElement\":[{\"@type\":\"ListItem\",\"position\":1,\"name\":\"Home\",\"item\":\"https:\/\/tourcruiser.com\/de\/\"},{\"@type\":\"ListItem\",\"position\":2,\"name\":\"Shop\",\"item\":\"https:\/\/tourcruiser.com\/de\/shop\/\"},{\"@type\":\"ListItem\",\"position\":3,\"name\":\"(Preschool) Nike Air Max 1 'Triple Black' DZ3307-001\"}]},{\"@type\":\"WebSite\",\"@id\":\"https:\/\/tourcruiser.com\/de\/#website\",\"url\":\"https:\/\/tourcruiser.com\/de\/\",\"name\":\"Styloral Jewelry Shop\",\"description\":\"Tourcruiser Sneaker Store \u2014 der Ort, an dem das Universum deine Einzigartigkeit trifft.\",\"publisher\":{\"@id\":\"https:\/\/tourcruiser.com\/de\/#organization\"},\"potentialAction\":[{\"@type\":\"SearchAction\",\"target\":{\"@type\":\"EntryPoint\",\"urlTemplate\":\"https:\/\/tourcruiser.com\/de\/?s={search_term_string}\"},\"query-input\":{\"@type\":\"PropertyValueSpecification\",\"valueRequired\":true,\"valueName\":\"search_term_string\"}}],\"inLanguage\":\"de\"},{\"@type\":\"Organization\",\"@id\":\"https:\/\/tourcruiser.com\/de\/#organization\",\"name\":\"STYLORAL PTE. LTD\",\"url\":\"https:\/\/tourcruiser.com\/de\/\",\"logo\":{\"@type\":\"ImageObject\",\"inLanguage\":\"de\",\"@id\":\"https:\/\/tourcruiser.com\/de\/#\/schema\/logo\/image\/\",\"url\":\"https:\/\/www.tourcruiser.com\/wp-content\/uploads\/2025\/12\/logo.png\",\"contentUrl\":\"https:\/\/www.tourcruiser.com\/wp-content\/uploads\/2025\/12\/logo.png\",\"width\":200,\"height\":65,\"caption\":\"STYLORAL PTE. LTD\"},\"image\":{\"@id\":\"https:\/\/tourcruiser.com\/de\/#\/schema\/logo\/image\/\"}}]}<\/script>\n<!-- \/ Yoast SEO plugin. -->","yoast_head_json":{"title":"(Preschool) Nike Air Max 1 'Triple Black' DZ3307-001 - Tourcruiser PTE. LTD","robots":{"index":"index","follow":"follow","max-snippet":"max-snippet:-1","max-image-preview":"max-image-preview:large","max-video-preview":"max-video-preview:-1"},"canonical":"https:\/\/tourcruiser.com\/de\/products\/preschool-nike-air-max-1-triple-black-dz3307-001\/","og_locale":"de_DE","og_type":"article","og_title":"(Preschool) Nike Air Max 1 'Triple Black' DZ3307-001 - Tourcruiser PTE. LTD","og_description":"Entdecke die Welt von Style und Komfort mit den Nike Air Max 1 &#8218;Triple Black&#8216; Sneakern f\u00c3\u00bcr Vorschulkinder. Diese legend\u00c3\u00a4ren Sneaker bestechen durch ihr elegantes, komplett schwarzes Design, das Raffinesse und Vielseitigkeit ausstrahlt. Das atmungsaktive Mesh-Obermaterial und die st\u00c3\u00bctzenden Leder-Overlays garantieren ganzt\u00c3\u00a4gigen Tragekomfort. Die sichtbare Air-D\u00c3\u00a4mpfung sorgt f\u00c3\u00bcr au\u00c3\u0178ergew\u00c3\u00b6hnliche Reaktionsf\u00c3\u00a4higkeit und Unterst\u00c3\u00bctzung und macht diese [&hellip;]","og_url":"https:\/\/tourcruiser.com\/de\/products\/preschool-nike-air-max-1-triple-black-dz3307-001\/","og_site_name":"Tourcruiser Sneaker Store","twitter_card":"summary_large_image","twitter_image":"https:\/\/images.novelship.com\/product\/nike_air_max_1_low__durable_non_slip__dz3307_001_0_94897.jpeg","twitter_misc":{"Gesch\u00e4tzte Lesezeit":"1\u00a0Minute"},"schema":{"@context":"https:\/\/schema.org","@graph":[{"@type":"WebPage","@id":"https:\/\/tourcruiser.com\/de\/products\/preschool-nike-air-max-1-triple-black-dz3307-001\/","url":"https:\/\/tourcruiser.com\/de\/products\/preschool-nike-air-max-1-triple-black-dz3307-001\/","name":"(Preschool) Nike Air Max 1 'Triple Black' DZ3307-001 - Tourcruiser PTE. LTD","isPartOf":{"@id":"https:\/\/tourcruiser.com\/de\/#website"},"primaryImageOfPage":{"@id":"https:\/\/tourcruiser.com\/de\/products\/preschool-nike-air-max-1-triple-black-dz3307-001\/#primaryimage"},"image":{"@id":"https:\/\/tourcruiser.com\/de\/products\/preschool-nike-air-max-1-triple-black-dz3307-001\/#primaryimage"},"thumbnailUrl":"https:\/\/images.novelship.com\/product\/nike_air_max_1_low__durable_non_slip__dz3307_001_0_94897.jpeg","datePublished":"2026-03-21T05:13:35+00:00","breadcrumb":{"@id":"https:\/\/tourcruiser.com\/de\/products\/preschool-nike-air-max-1-triple-black-dz3307-001\/#breadcrumb"},"inLanguage":"de","potentialAction":[{"@type":"ReadAction","target":["https:\/\/tourcruiser.com\/de\/products\/preschool-nike-air-max-1-triple-black-dz3307-001\/"]}]},{"@type":"ImageObject","inLanguage":"de","@id":"https:\/\/tourcruiser.com\/de\/products\/preschool-nike-air-max-1-triple-black-dz3307-001\/#primaryimage","url":"https:\/\/images.novelship.com\/product\/nike_air_max_1_low__durable_non_slip__dz3307_001_0_94897.jpeg","contentUrl":"https:\/\/images.novelship.com\/product\/nike_air_max_1_low__durable_non_slip__dz3307_001_0_94897.jpeg"},{"@type":"BreadcrumbList","@id":"https:\/\/tourcruiser.com\/de\/products\/preschool-nike-air-max-1-triple-black-dz3307-001\/#breadcrumb","itemListElement":[{"@type":"ListItem","position":1,"name":"Home","item":"https:\/\/tourcruiser.com\/de\/"},{"@type":"ListItem","position":2,"name":"Shop","item":"https:\/\/tourcruiser.com\/de\/shop\/"},{"@type":"ListItem","position":3,"name":"(Preschool) Nike Air Max 1 'Triple Black' DZ3307-001"}]},{"@type":"WebSite","@id":"https:\/\/tourcruiser.com\/de\/#website","url":"https:\/\/tourcruiser.com\/de\/","name":"Styloral Jewelry Shop","description":"Tourcruiser Sneaker Store \u2014 der Ort, an dem das Universum deine Einzigartigkeit trifft.","publisher":{"@id":"https:\/\/tourcruiser.com\/de\/#organization"},"potentialAction":[{"@type":"SearchAction","target":{"@type":"EntryPoint","urlTemplate":"https:\/\/tourcruiser.com\/de\/?s={search_term_string}"},"query-input":{"@type":"PropertyValueSpecification","valueRequired":true,"valueName":"search_term_string"}}],"inLanguage":"de"},{"@type":"Organization","@id":"https:\/\/tourcruiser.com\/de\/#organization","name":"STYLORAL PTE. LTD","url":"https:\/\/tourcruiser.com\/de\/","logo":{"@type":"ImageObject","inLanguage":"de","@id":"https:\/\/tourcruiser.com\/de\/#\/schema\/logo\/image\/","url":"https:\/\/www.tourcruiser.com\/wp-content\/uploads\/2025\/12\/logo.png","contentUrl":"https:\/\/www.tourcruiser.com\/wp-content\/uploads\/2025\/12\/logo.png","width":200,"height":65,"caption":"STYLORAL PTE. LTD"},"image":{"@id":"https:\/\/tourcruiser.com\/de\/#\/schema\/logo\/image\/"}}]}},"_links":{"self":[{"href":"https:\/\/tourcruiser.com\/de\/wp-json\/wp\/v2\/product\/467873","targetHints":{"allow":["GET"]}}],"collection":[{"href":"https:\/\/tourcruiser.com\/de\/wp-json\/wp\/v2\/product"}],"about":[{"href":"https:\/\/tourcruiser.com\/de\/wp-json\/wp\/v2\/types\/product"}],"replies":[{"embeddable":true,"href":"https:\/\/tourcruiser.com\/de\/wp-json\/wp\/v2\/comments?post=467873"}],"wp:featuredmedia":[{"embeddable":true,"href":"https:\/\/tourcruiser.com\/de\/wp-json\/wp\/v2\/media\/467874"}],"wp:attachment":[{"href":"https:\/\/tourcruiser.com\/de\/wp-json\/wp\/v2\/media?parent=467873"}],"wp:term":[{"taxonomy":"product_brand","embeddable":true,"href":"https:\/\/tourcruiser.com\/de\/wp-json\/wp\/v2\/product_brand?post=467873"},{"taxonomy":"product_cat","embeddable":true,"href":"https:\/\/tourcruiser.com\/de\/wp-json\/wp\/v2\/product_cat?post=467873"},{"taxonomy":"product_tag","embeddable":true,"href":"https:\/\/tourcruiser.com\/de\/wp-json\/wp\/v2\/product_tag?post=467873"}],"curies":[{"name":"wp","href":"https:\/\/api.w.org\/{rel}","templated":true}]}}