{"id":467581,"date":"2026-03-21T12:13:19","date_gmt":"2026-03-21T05:13:19","guid":{"rendered":"http:\/\/tourcruiser.com\/product\/huf-x-nike-sb-dunk-low-wait-what-fd8775-002"},"modified":"2026-03-21T12:13:19","modified_gmt":"2026-03-21T05:13:19","slug":"huf-x-nike-sb-dunk-low-wait-what-fd8775-002","status":"publish","type":"product","link":"https:\/\/tourcruiser.com\/de\/products\/huf-x-nike-sb-dunk-low-wait-what-fd8775-002\/","title":{"rendered":"HUF x Nike SB Dunk Low &#8218;Wait, What!?&#8216; FD8775-002"},"content":{"rendered":"<p>Wir pr\u00c3\u00a4sentieren die HUF x Nike SB Dunk Low \u00e2\u20ac\u017eWait, What!?\u00e2\u20ac\u0153 Sneaker \u00e2\u20ac\u201c eine Kollaboration von HUF und Nike. Diese stylischen und begehrten Schuhe bestechen durch ihr einzigartiges Design, das garantiert alle Blicke auf sich zieht. Gefertigt aus hochwertigen Materialien, sind diese Nike Sneaker nicht nur modisch, sondern auch strapazierf\u00c3\u00a4hig und komfortabel. Ein absolutes Must-have f\u00c3\u00bcr Sneaker-Fans und Sammler: Die HUF x Nike SB Dunk Low \u00e2\u20ac\u017eWait, What!?\u00e2\u20ac\u0153 Sneaker geh\u00c3\u00b6ren in jede Schuhsammlung. Jetzt shoppen und deinen Style mit diesen Kult-Sneakers aufpeppen!<\/p>\n<ul>\n<li><strong>Farbgebung:<\/strong> Anthrazit\/Elektrisches Gr\u00c3\u00bcn-Mittelgrau<\/li>\n<li><strong>Artikelnummer:<\/strong> FD8775-002<\/li>\n<li><strong>Obermaterial:<\/strong> Leder<\/li>\n<li><strong>Zwischensohle:<\/strong> Zoom Air<\/li>\n<li><strong>Farbe:<\/strong> Grau<\/li>\n<li><strong>Saison:<\/strong> Winter<\/li>\n<li><strong>Erscheinungsjahr:<\/strong> 2022<\/li>\n<\/ul>\n","protected":false},"excerpt":{"rendered":"<p>Wir pr\u00c3\u00a4sentieren die HUF x Nike SB Dunk Low \u00e2\u20ac\u017eWait, What!?\u00e2\u20ac\u0153 Sneaker \u00e2\u20ac\u201c eine Kollaboration von HUF und Nike. Diese stylischen und begehrten Schuhe bestechen durch ihr einzigartiges Design, das garantiert alle Blicke auf sich zieht. Gefertigt aus hochwertigen Materialien, sind diese Nike Sneaker nicht nur modisch, sondern auch strapazierf\u00c3\u00a4hig und komfortabel. Ein absolutes Must-have [&hellip;]<\/p>\n","protected":false},"featured_media":467582,"comment_status":"open","ping_status":"closed","template":"","meta":[],"product_brand":[],"product_cat":[38842,10803,39339,38901],"product_tag":[10799,10800,10753,10801,10900,10802,11153],"class_list":{"0":"post-467581","1":"product","2":"type-product","3":"status-publish","4":"has-post-thumbnail","6":"product_cat-gender-men","7":"product_cat-nike","8":"product_cat-nike-sb-dunk-low","9":"product_cat-skateboard-shoes","10":"product_tag-ankle-support-basketball-shoes","11":"product_tag-basketball-shoes","12":"product_tag-gift-for-him","13":"product_tag-nike","14":"product_tag-nike-skateboarding-shoes","15":"product_tag-performance-sport-shoes","16":"product_tag-skateboard-shoes","17":"wcpa_has_options","19":"first","20":"instock","21":"taxable","22":"shipping-taxable","23":"purchasable","24":"product-type-simple"},"wcpa_form_fields":{"rules":{"pric_overide_base_price":false,"pric_overide_base_price_if_gt_zero":false,"pric_overide_base_price_fully":false,"pric_cal_option_once":false,"pric_use_as_fee":false,"bind_quantity":false,"quantity_bind_formula":false},"fields":[{"type":"color-group","required":true,"elementId":"wcpa-color-group-66c4a75505e74","label":"Gr\u00f6\u00dfe - EU Gr\u00f6\u00dfe","inline":true,"priceOptions":"different_for_all","pricingType":"fixed","className":"hassizechart product-shoes-size-eu product-shoes-size","name":"color-group-66c4a75505e89","disp_type":"square","selection_type":"tick-border","disp_size":"44","show_label_inside":true,"adjust_width":true,"cart_display_type":"text","other_text":"Other","cl_rule":"show","col":6,"values":[{"label":"35.5","value":"EU 35.5","price":"","pimage":"","pimage_id":"","pthumb":"","color":""},{"label":"36","value":"EU 36","price":"","pimage":"","pimage_id":"","pthumb":"","color":"","selected":true},{"label":"36.5","value":"EU 36.5","price":"","pimage":"","pimage_id":"","pthumb":"","color":""},{"label":"37.5","value":"EU 37.5","price":"","pimage":"","pimage_id":"","pthumb":"","color":""},{"label":"38","value":"EU 38","price":"","pimage":"","pimage_id":"","pthumb":"","color":""},{"label":"38.5","value":"EU 38.5","price":"","pimage":"","pimage_id":"","pthumb":"","color":""},{"label":"39","value":"EU 39","price":"","pimage":"","pimage_id":"","pthumb":"","color":""},{"label":"40","value":"EU 40","price":"","pimage":"","pimage_id":"","pthumb":"","color":""},{"label":"40.5","value":"EU 40.5","price":"","pimage":"","pimage_id":"","pthumb":"","color":""},{"label":"41","value":"EU 41","price":"","pimage":"","pimage_id":"","pthumb":"","color":""},{"label":"42","value":"EU 42","price":"","pimage":"","pimage_id":"","pthumb":"","color":""},{"label":"42.5","value":"EU 42.5","price":"","pimage":"","pimage_id":"","pthumb":"","color":""},{"label":"43","value":"EU 43","price":"","pimage":"","pimage_id":"","pthumb":"","color":""},{"label":"44","value":"EU 44","price":"","pimage":"","pimage_id":"","pthumb":"","color":""},{"label":"44.5","value":"EU 44.5","price":"","pimage":"","pimage_id":"","pthumb":"","color":""},{"label":"45","value":"EU 45","price":"","pimage":"","pimage_id":"","pthumb":"","color":""},{"label":"45.5","value":"EU 45.5","price":"","pimage":"","pimage_id":"","pthumb":"","color":""},{"label":"46","value":"EU 46","price":"","pimage":"","pimage_id":"","pthumb":"","color":""},{"label":"47","value":"EU 47","price":"","pimage":"","pimage_id":"","pthumb":"","color":""},{"label":"47.5","value":"EU 47.5","price":"","pimage":"","pimage_id":"","pthumb":"","color":""},{"label":"48","value":"EU 48","price":"","pimage":"","pimage_id":"","pthumb":"","color":""}],"relations":[{"operator":false,"rules":[]}],"form_id":18106,"form_rules":{"pric_cal_option_once":false,"exclude_from_discount":false,"pric_use_as_fee":false,"fee_label":"Fee","render_after_acb":false,"disp_hide_options_price":false}}]},"yoast_head":"<!-- This site is optimized with the Yoast SEO plugin v26.5 - https:\/\/yoast.com\/wordpress\/plugins\/seo\/ -->\n<title>HUF x Nike SB Dunk Low &#039;Wait, What!?&#039; FD8775-002 - Tourcruiser PTE. LTD<\/title>\n<meta name=\"robots\" content=\"index, follow, max-snippet:-1, max-image-preview:large, max-video-preview:-1\" \/>\n<link rel=\"canonical\" href=\"https:\/\/tourcruiser.com\/de\/products\/huf-x-nike-sb-dunk-low-wait-what-fd8775-002\/\" \/>\n<meta property=\"og:locale\" content=\"de_DE\" \/>\n<meta property=\"og:type\" content=\"article\" \/>\n<meta property=\"og:title\" content=\"HUF x Nike SB Dunk Low &#039;Wait, What!?&#039; FD8775-002 - Tourcruiser PTE. LTD\" \/>\n<meta property=\"og:description\" content=\"Wir pr\u00c3\u00a4sentieren die HUF x Nike SB Dunk Low \u00e2\u20ac\u017eWait, What!?\u00e2\u20ac\u0153 Sneaker \u00e2\u20ac\u201c eine Kollaboration von HUF und Nike. Diese stylischen und begehrten Schuhe bestechen durch ihr einzigartiges Design, das garantiert alle Blicke auf sich zieht. Gefertigt aus hochwertigen Materialien, sind diese Nike Sneaker nicht nur modisch, sondern auch strapazierf\u00c3\u00a4hig und komfortabel. Ein absolutes Must-have [&hellip;]\" \/>\n<meta property=\"og:url\" content=\"https:\/\/tourcruiser.com\/de\/products\/huf-x-nike-sb-dunk-low-wait-what-fd8775-002\/\" \/>\n<meta property=\"og:site_name\" content=\"Tourcruiser Sneaker Store\" \/>\n<meta name=\"twitter:card\" content=\"summary_large_image\" \/>\n<meta name=\"twitter:image\" content=\"https:\/\/images.novelship.com\/product\/huf_x_nike_sb_dunk_low__wait__what____fd8775-002_0_75662.jpeg\" \/>\n<meta name=\"twitter:label1\" content=\"Gesch\u00e4tzte Lesezeit\" \/>\n\t<meta name=\"twitter:data1\" content=\"1\u00a0Minute\" \/>\n<script type=\"application\/ld+json\" class=\"yoast-schema-graph\">{\"@context\":\"https:\/\/schema.org\",\"@graph\":[{\"@type\":\"WebPage\",\"@id\":\"https:\/\/tourcruiser.com\/de\/products\/huf-x-nike-sb-dunk-low-wait-what-fd8775-002\/\",\"url\":\"https:\/\/tourcruiser.com\/de\/products\/huf-x-nike-sb-dunk-low-wait-what-fd8775-002\/\",\"name\":\"HUF x Nike SB Dunk Low 'Wait, What!?' FD8775-002 - Tourcruiser PTE. LTD\",\"isPartOf\":{\"@id\":\"https:\/\/tourcruiser.com\/de\/#website\"},\"primaryImageOfPage\":{\"@id\":\"https:\/\/tourcruiser.com\/de\/products\/huf-x-nike-sb-dunk-low-wait-what-fd8775-002\/#primaryimage\"},\"image\":{\"@id\":\"https:\/\/tourcruiser.com\/de\/products\/huf-x-nike-sb-dunk-low-wait-what-fd8775-002\/#primaryimage\"},\"thumbnailUrl\":\"https:\/\/images.novelship.com\/product\/huf_x_nike_sb_dunk_low__wait__what____fd8775-002_0_75662.jpeg\",\"datePublished\":\"2026-03-21T05:13:19+00:00\",\"breadcrumb\":{\"@id\":\"https:\/\/tourcruiser.com\/de\/products\/huf-x-nike-sb-dunk-low-wait-what-fd8775-002\/#breadcrumb\"},\"inLanguage\":\"de\",\"potentialAction\":[{\"@type\":\"ReadAction\",\"target\":[\"https:\/\/tourcruiser.com\/de\/products\/huf-x-nike-sb-dunk-low-wait-what-fd8775-002\/\"]}]},{\"@type\":\"ImageObject\",\"inLanguage\":\"de\",\"@id\":\"https:\/\/tourcruiser.com\/de\/products\/huf-x-nike-sb-dunk-low-wait-what-fd8775-002\/#primaryimage\",\"url\":\"https:\/\/images.novelship.com\/product\/huf_x_nike_sb_dunk_low__wait__what____fd8775-002_0_75662.jpeg\",\"contentUrl\":\"https:\/\/images.novelship.com\/product\/huf_x_nike_sb_dunk_low__wait__what____fd8775-002_0_75662.jpeg\"},{\"@type\":\"BreadcrumbList\",\"@id\":\"https:\/\/tourcruiser.com\/de\/products\/huf-x-nike-sb-dunk-low-wait-what-fd8775-002\/#breadcrumb\",\"itemListElement\":[{\"@type\":\"ListItem\",\"position\":1,\"name\":\"Home\",\"item\":\"https:\/\/tourcruiser.com\/de\/\"},{\"@type\":\"ListItem\",\"position\":2,\"name\":\"Shop\",\"item\":\"https:\/\/tourcruiser.com\/de\/shop\/\"},{\"@type\":\"ListItem\",\"position\":3,\"name\":\"HUF x Nike SB Dunk Low 'Wait, What!?' FD8775-002\"}]},{\"@type\":\"WebSite\",\"@id\":\"https:\/\/tourcruiser.com\/de\/#website\",\"url\":\"https:\/\/tourcruiser.com\/de\/\",\"name\":\"Styloral Jewelry Shop\",\"description\":\"Tourcruiser Sneaker Store \u2014 der Ort, an dem das Universum deine Einzigartigkeit trifft.\",\"publisher\":{\"@id\":\"https:\/\/tourcruiser.com\/de\/#organization\"},\"potentialAction\":[{\"@type\":\"SearchAction\",\"target\":{\"@type\":\"EntryPoint\",\"urlTemplate\":\"https:\/\/tourcruiser.com\/de\/?s={search_term_string}\"},\"query-input\":{\"@type\":\"PropertyValueSpecification\",\"valueRequired\":true,\"valueName\":\"search_term_string\"}}],\"inLanguage\":\"de\"},{\"@type\":\"Organization\",\"@id\":\"https:\/\/tourcruiser.com\/de\/#organization\",\"name\":\"STYLORAL PTE. LTD\",\"url\":\"https:\/\/tourcruiser.com\/de\/\",\"logo\":{\"@type\":\"ImageObject\",\"inLanguage\":\"de\",\"@id\":\"https:\/\/tourcruiser.com\/de\/#\/schema\/logo\/image\/\",\"url\":\"https:\/\/www.tourcruiser.com\/wp-content\/uploads\/2025\/12\/logo.png\",\"contentUrl\":\"https:\/\/www.tourcruiser.com\/wp-content\/uploads\/2025\/12\/logo.png\",\"width\":200,\"height\":65,\"caption\":\"STYLORAL PTE. LTD\"},\"image\":{\"@id\":\"https:\/\/tourcruiser.com\/de\/#\/schema\/logo\/image\/\"}}]}<\/script>\n<!-- \/ Yoast SEO plugin. -->","yoast_head_json":{"title":"HUF x Nike SB Dunk Low 'Wait, What!?' FD8775-002 - Tourcruiser PTE. LTD","robots":{"index":"index","follow":"follow","max-snippet":"max-snippet:-1","max-image-preview":"max-image-preview:large","max-video-preview":"max-video-preview:-1"},"canonical":"https:\/\/tourcruiser.com\/de\/products\/huf-x-nike-sb-dunk-low-wait-what-fd8775-002\/","og_locale":"de_DE","og_type":"article","og_title":"HUF x Nike SB Dunk Low 'Wait, What!?' FD8775-002 - Tourcruiser PTE. LTD","og_description":"Wir pr\u00c3\u00a4sentieren die HUF x Nike SB Dunk Low \u00e2\u20ac\u017eWait, What!?\u00e2\u20ac\u0153 Sneaker \u00e2\u20ac\u201c eine Kollaboration von HUF und Nike. Diese stylischen und begehrten Schuhe bestechen durch ihr einzigartiges Design, das garantiert alle Blicke auf sich zieht. Gefertigt aus hochwertigen Materialien, sind diese Nike Sneaker nicht nur modisch, sondern auch strapazierf\u00c3\u00a4hig und komfortabel. Ein absolutes Must-have [&hellip;]","og_url":"https:\/\/tourcruiser.com\/de\/products\/huf-x-nike-sb-dunk-low-wait-what-fd8775-002\/","og_site_name":"Tourcruiser Sneaker Store","twitter_card":"summary_large_image","twitter_image":"https:\/\/images.novelship.com\/product\/huf_x_nike_sb_dunk_low__wait__what____fd8775-002_0_75662.jpeg","twitter_misc":{"Gesch\u00e4tzte Lesezeit":"1\u00a0Minute"},"schema":{"@context":"https:\/\/schema.org","@graph":[{"@type":"WebPage","@id":"https:\/\/tourcruiser.com\/de\/products\/huf-x-nike-sb-dunk-low-wait-what-fd8775-002\/","url":"https:\/\/tourcruiser.com\/de\/products\/huf-x-nike-sb-dunk-low-wait-what-fd8775-002\/","name":"HUF x Nike SB Dunk Low 'Wait, What!?' FD8775-002 - Tourcruiser PTE. LTD","isPartOf":{"@id":"https:\/\/tourcruiser.com\/de\/#website"},"primaryImageOfPage":{"@id":"https:\/\/tourcruiser.com\/de\/products\/huf-x-nike-sb-dunk-low-wait-what-fd8775-002\/#primaryimage"},"image":{"@id":"https:\/\/tourcruiser.com\/de\/products\/huf-x-nike-sb-dunk-low-wait-what-fd8775-002\/#primaryimage"},"thumbnailUrl":"https:\/\/images.novelship.com\/product\/huf_x_nike_sb_dunk_low__wait__what____fd8775-002_0_75662.jpeg","datePublished":"2026-03-21T05:13:19+00:00","breadcrumb":{"@id":"https:\/\/tourcruiser.com\/de\/products\/huf-x-nike-sb-dunk-low-wait-what-fd8775-002\/#breadcrumb"},"inLanguage":"de","potentialAction":[{"@type":"ReadAction","target":["https:\/\/tourcruiser.com\/de\/products\/huf-x-nike-sb-dunk-low-wait-what-fd8775-002\/"]}]},{"@type":"ImageObject","inLanguage":"de","@id":"https:\/\/tourcruiser.com\/de\/products\/huf-x-nike-sb-dunk-low-wait-what-fd8775-002\/#primaryimage","url":"https:\/\/images.novelship.com\/product\/huf_x_nike_sb_dunk_low__wait__what____fd8775-002_0_75662.jpeg","contentUrl":"https:\/\/images.novelship.com\/product\/huf_x_nike_sb_dunk_low__wait__what____fd8775-002_0_75662.jpeg"},{"@type":"BreadcrumbList","@id":"https:\/\/tourcruiser.com\/de\/products\/huf-x-nike-sb-dunk-low-wait-what-fd8775-002\/#breadcrumb","itemListElement":[{"@type":"ListItem","position":1,"name":"Home","item":"https:\/\/tourcruiser.com\/de\/"},{"@type":"ListItem","position":2,"name":"Shop","item":"https:\/\/tourcruiser.com\/de\/shop\/"},{"@type":"ListItem","position":3,"name":"HUF x Nike SB Dunk Low 'Wait, What!?' FD8775-002"}]},{"@type":"WebSite","@id":"https:\/\/tourcruiser.com\/de\/#website","url":"https:\/\/tourcruiser.com\/de\/","name":"Styloral Jewelry Shop","description":"Tourcruiser Sneaker Store \u2014 der Ort, an dem das Universum deine Einzigartigkeit trifft.","publisher":{"@id":"https:\/\/tourcruiser.com\/de\/#organization"},"potentialAction":[{"@type":"SearchAction","target":{"@type":"EntryPoint","urlTemplate":"https:\/\/tourcruiser.com\/de\/?s={search_term_string}"},"query-input":{"@type":"PropertyValueSpecification","valueRequired":true,"valueName":"search_term_string"}}],"inLanguage":"de"},{"@type":"Organization","@id":"https:\/\/tourcruiser.com\/de\/#organization","name":"STYLORAL PTE. LTD","url":"https:\/\/tourcruiser.com\/de\/","logo":{"@type":"ImageObject","inLanguage":"de","@id":"https:\/\/tourcruiser.com\/de\/#\/schema\/logo\/image\/","url":"https:\/\/www.tourcruiser.com\/wp-content\/uploads\/2025\/12\/logo.png","contentUrl":"https:\/\/www.tourcruiser.com\/wp-content\/uploads\/2025\/12\/logo.png","width":200,"height":65,"caption":"STYLORAL PTE. LTD"},"image":{"@id":"https:\/\/tourcruiser.com\/de\/#\/schema\/logo\/image\/"}}]}},"_links":{"self":[{"href":"https:\/\/tourcruiser.com\/de\/wp-json\/wp\/v2\/product\/467581","targetHints":{"allow":["GET"]}}],"collection":[{"href":"https:\/\/tourcruiser.com\/de\/wp-json\/wp\/v2\/product"}],"about":[{"href":"https:\/\/tourcruiser.com\/de\/wp-json\/wp\/v2\/types\/product"}],"replies":[{"embeddable":true,"href":"https:\/\/tourcruiser.com\/de\/wp-json\/wp\/v2\/comments?post=467581"}],"wp:featuredmedia":[{"embeddable":true,"href":"https:\/\/tourcruiser.com\/de\/wp-json\/wp\/v2\/media\/467582"}],"wp:attachment":[{"href":"https:\/\/tourcruiser.com\/de\/wp-json\/wp\/v2\/media?parent=467581"}],"wp:term":[{"taxonomy":"product_brand","embeddable":true,"href":"https:\/\/tourcruiser.com\/de\/wp-json\/wp\/v2\/product_brand?post=467581"},{"taxonomy":"product_cat","embeddable":true,"href":"https:\/\/tourcruiser.com\/de\/wp-json\/wp\/v2\/product_cat?post=467581"},{"taxonomy":"product_tag","embeddable":true,"href":"https:\/\/tourcruiser.com\/de\/wp-json\/wp\/v2\/product_tag?post=467581"}],"curies":[{"name":"wp","href":"https:\/\/api.w.org\/{rel}","templated":true}]}}