{"id":467493,"date":"2026-03-21T12:13:09","date_gmt":"2026-03-21T05:13:09","guid":{"rendered":"http:\/\/tourcruiser.com\/product\/preschool-new-balance-2002r-hook-loop-black-white-pv2002bk"},"modified":"2026-03-21T12:13:09","modified_gmt":"2026-03-21T05:13:09","slug":"preschool-new-balance-2002r-hook-loop-black-white-pv2002bk","status":"publish","type":"product","link":"https:\/\/tourcruiser.com\/de\/products\/preschool-new-balance-2002r-hook-loop-black-white-pv2002bk\/","title":{"rendered":"(Preschool) New Balance 2002R Hook &#038; Loop &#8218;Black White&#8216; PV2002BK"},"content":{"rendered":"<p>Wir pr\u00c3\u00a4sentieren den New Balance 2002R Hook &#038; Loop in Schwarz-Wei\u00c3\u0178 f\u00c3\u00bcr Vorschulkinder! Diese Sneaker aus strapazierf\u00c3\u00a4higen Materialien bieten dank des praktischen Klettverschlusses einen sicheren und bequemen Sitz. Die klassische Schwarz-Wei\u00c3\u0178-Kombination verleiht jedem Outfit einen Hauch von Eleganz. Mit ihrer gepolsterten Sohle und der st\u00c3\u00bctzenden Konstruktion bieten diese Schuhe optimalen Komfort und Halt f\u00c3\u00bcr kleine F\u00c3\u00bc\u00c3\u0178e. Der New Balance 2002R Hook &#038; Loop ist perfekt f\u00c3\u00bcr aktive Vorschulkinder und sorgt daf\u00c3\u00bcr, dass sich Kinder den ganzen Tag \u00c3\u00bcber wohlf\u00c3\u00bchlen und gut aussehen.<\/p>\n<p>Farbe: Schwarz\/Wei\u00c3\u0178<br \/>\nArtikelnummer: PV2002BK<br \/>\nObermaterial: Leder<\/p>\n<p>Obermaterial: Leder<\/p>\n","protected":false},"excerpt":{"rendered":"<p>Wir pr\u00c3\u00a4sentieren den New Balance 2002R Hook &#038; Loop in Schwarz-Wei\u00c3\u0178 f\u00c3\u00bcr Vorschulkinder! Diese Sneaker aus strapazierf\u00c3\u00a4higen Materialien bieten dank des praktischen Klettverschlusses einen sicheren und bequemen Sitz. Die klassische Schwarz-Wei\u00c3\u0178-Kombination verleiht jedem Outfit einen Hauch von Eleganz. Mit ihrer gepolsterten Sohle und der st\u00c3\u00bctzenden Konstruktion bieten diese Schuhe optimalen Komfort und Halt f\u00c3\u00bcr kleine [&hellip;]<\/p>\n","protected":false},"featured_media":467494,"comment_status":"open","ping_status":"closed","template":"","meta":[],"product_brand":[],"product_cat":[38862,10771,38975,39313],"product_tag":[10750,39083,10766,10767,10768,39312],"class_list":{"0":"post-467493","1":"product","2":"type-product","3":"status-publish","4":"has-post-thumbnail","6":"product_cat-new-balance-2002r","7":"product_cat-new-balance","8":"product_cat-gender-ps","9":"product_cat-toddler-shoes","10":"product_tag-athleisure-shoes","11":"product_tag-infant-toddler-shoes","12":"product_tag-new-balance","13":"product_tag-new-balance-running-shoes","14":"product_tag-retro-running-shoes","15":"product_tag-toddler-shoes","16":"wcpa_has_options","18":"first","19":"instock","20":"taxable","21":"shipping-taxable","22":"purchasable","23":"product-type-simple"},"wcpa_form_fields":{"rules":{"pric_overide_base_price":false,"pric_overide_base_price_if_gt_zero":false,"pric_overide_base_price_fully":false,"pric_cal_option_once":false,"pric_use_as_fee":false,"bind_quantity":false,"quantity_bind_formula":false},"fields":[{"type":"color-group","required":true,"elementId":"wcpa-color-group-66c4a928225d2","label":"Gr\u00f6\u00dfe","inline":true,"priceOptions":"different_for_all","pricingType":"fixed","className":"hassizechart product-shoes-size-eu product-shoes-size","name":"color-group-66c4a928225e2","disp_type":"square","selection_type":"tick-border","disp_size":"50","show_label_inside":true,"adjust_width":true,"cart_display_type":"text","other_text":"Other","cl_rule":"show","col":6,"values":[{"label":"35","value":"EU 35","price":"","pimage":"","pimage_id":"","pthumb":"","color":""},{"label":"36","value":"EU 36","price":"","pimage":"","pimage_id":"","pthumb":"","color":"","selected":true},{"label":"37","value":"EU 37","price":"","pimage":"","pimage_id":"","pthumb":"","color":""},{"label":"37.5","value":"EU 37.5","price":"","pimage":"","pimage_id":"","pthumb":"","color":""},{"label":"38","value":"EU 38","price":"","pimage":"","pimage_id":"","pthumb":"","color":""},{"label":"38.5","value":"EU 38.5","price":"","pimage":"","pimage_id":"","pthumb":"","color":""},{"label":"39","value":"EU 39","price":"","pimage":"","pimage_id":"","pthumb":"","color":""},{"label":"39.5","value":"EU 39.5","price":"","pimage":"","pimage_id":"","pthumb":"","color":""},{"label":"40","value":"EU 40","price":"","pimage":"","pimage_id":"","pthumb":"","color":""},{"label":"40.5","value":"EU 40.5","price":"","pimage":"","pimage_id":"","pthumb":"","color":""},{"label":" 41.5","value":"EU 41.5","price":"","pimage":"","pimage_id":"","pthumb":"","color":""},{"label":"42","value":"EU 42","price":"","pimage":"","pimage_id":"","pthumb":"","color":""},{"label":"42.5","value":"EU 42.5","price":"","pimage":"","pimage_id":"","pthumb":"","color":""},{"label":"43","value":"EU 43","price":"","pimage":"","pimage_id":"","pthumb":"","color":""},{"label":"44","value":"EU 44","price":"","pimage":"","pimage_id":"","pthumb":"","color":""},{"label":"44.5","value":"EU 44.5","price":"","pimage":"","pimage_id":"","pthumb":"","color":""},{"label":"45","value":"EU 45","price":"","pimage":"","pimage_id":"","pthumb":"","color":""},{"label":"45.5","value":"EU 45.5","price":"","pimage":"","pimage_id":"","pthumb":"","color":""},{"label":"46","value":"EU 46","price":"","pimage":"","pimage_id":"","pthumb":"","color":""}],"relations":[{"operator":false,"rules":[]}],"form_id":24803,"form_rules":{"pric_cal_option_once":false,"exclude_from_discount":false,"pric_use_as_fee":false,"fee_label":"Fee","render_after_acb":false,"disp_hide_options_price":false}}]},"yoast_head":"<!-- This site is optimized with the Yoast SEO plugin v26.5 - https:\/\/yoast.com\/wordpress\/plugins\/seo\/ -->\n<title>(Preschool) New Balance 2002R Hook &amp; Loop &#039;Black White&#039; PV2002BK - Tourcruiser PTE. LTD<\/title>\n<meta name=\"robots\" content=\"index, follow, max-snippet:-1, max-image-preview:large, max-video-preview:-1\" \/>\n<link rel=\"canonical\" href=\"https:\/\/tourcruiser.com\/de\/products\/preschool-new-balance-2002r-hook-loop-black-white-pv2002bk\/\" \/>\n<meta property=\"og:locale\" content=\"de_DE\" \/>\n<meta property=\"og:type\" content=\"article\" \/>\n<meta property=\"og:title\" content=\"(Preschool) New Balance 2002R Hook &amp; Loop &#039;Black White&#039; PV2002BK - Tourcruiser PTE. LTD\" \/>\n<meta property=\"og:description\" content=\"Wir pr\u00c3\u00a4sentieren den New Balance 2002R Hook &#038; Loop in Schwarz-Wei\u00c3\u0178 f\u00c3\u00bcr Vorschulkinder! Diese Sneaker aus strapazierf\u00c3\u00a4higen Materialien bieten dank des praktischen Klettverschlusses einen sicheren und bequemen Sitz. Die klassische Schwarz-Wei\u00c3\u0178-Kombination verleiht jedem Outfit einen Hauch von Eleganz. Mit ihrer gepolsterten Sohle und der st\u00c3\u00bctzenden Konstruktion bieten diese Schuhe optimalen Komfort und Halt f\u00c3\u00bcr kleine [&hellip;]\" \/>\n<meta property=\"og:url\" content=\"https:\/\/tourcruiser.com\/de\/products\/preschool-new-balance-2002r-hook-loop-black-white-pv2002bk\/\" \/>\n<meta property=\"og:site_name\" content=\"Tourcruiser Sneaker Store\" \/>\n<meta name=\"twitter:card\" content=\"summary_large_image\" \/>\n<meta name=\"twitter:image\" content=\"https:\/\/images.novelship.com\/product\/_preschool__new_balance_2002r_hook___loop__black_w_0_31738.jpeg\" \/>\n<meta name=\"twitter:label1\" content=\"Gesch\u00e4tzte Lesezeit\" \/>\n\t<meta name=\"twitter:data1\" content=\"1\u00a0Minute\" \/>\n<script type=\"application\/ld+json\" class=\"yoast-schema-graph\">{\"@context\":\"https:\/\/schema.org\",\"@graph\":[{\"@type\":\"WebPage\",\"@id\":\"https:\/\/tourcruiser.com\/de\/products\/preschool-new-balance-2002r-hook-loop-black-white-pv2002bk\/\",\"url\":\"https:\/\/tourcruiser.com\/de\/products\/preschool-new-balance-2002r-hook-loop-black-white-pv2002bk\/\",\"name\":\"(Preschool) New Balance 2002R Hook & Loop 'Black White' PV2002BK - Tourcruiser PTE. LTD\",\"isPartOf\":{\"@id\":\"https:\/\/tourcruiser.com\/de\/#website\"},\"primaryImageOfPage\":{\"@id\":\"https:\/\/tourcruiser.com\/de\/products\/preschool-new-balance-2002r-hook-loop-black-white-pv2002bk\/#primaryimage\"},\"image\":{\"@id\":\"https:\/\/tourcruiser.com\/de\/products\/preschool-new-balance-2002r-hook-loop-black-white-pv2002bk\/#primaryimage\"},\"thumbnailUrl\":\"https:\/\/images.novelship.com\/product\/_preschool__new_balance_2002r_hook___loop__black_w_0_31738.jpeg\",\"datePublished\":\"2026-03-21T05:13:09+00:00\",\"breadcrumb\":{\"@id\":\"https:\/\/tourcruiser.com\/de\/products\/preschool-new-balance-2002r-hook-loop-black-white-pv2002bk\/#breadcrumb\"},\"inLanguage\":\"de\",\"potentialAction\":[{\"@type\":\"ReadAction\",\"target\":[\"https:\/\/tourcruiser.com\/de\/products\/preschool-new-balance-2002r-hook-loop-black-white-pv2002bk\/\"]}]},{\"@type\":\"ImageObject\",\"inLanguage\":\"de\",\"@id\":\"https:\/\/tourcruiser.com\/de\/products\/preschool-new-balance-2002r-hook-loop-black-white-pv2002bk\/#primaryimage\",\"url\":\"https:\/\/images.novelship.com\/product\/_preschool__new_balance_2002r_hook___loop__black_w_0_31738.jpeg\",\"contentUrl\":\"https:\/\/images.novelship.com\/product\/_preschool__new_balance_2002r_hook___loop__black_w_0_31738.jpeg\"},{\"@type\":\"BreadcrumbList\",\"@id\":\"https:\/\/tourcruiser.com\/de\/products\/preschool-new-balance-2002r-hook-loop-black-white-pv2002bk\/#breadcrumb\",\"itemListElement\":[{\"@type\":\"ListItem\",\"position\":1,\"name\":\"Home\",\"item\":\"https:\/\/tourcruiser.com\/de\/\"},{\"@type\":\"ListItem\",\"position\":2,\"name\":\"Shop\",\"item\":\"https:\/\/tourcruiser.com\/de\/shop\/\"},{\"@type\":\"ListItem\",\"position\":3,\"name\":\"(Preschool) New Balance 2002R Hook &#038; Loop 'Black White' PV2002BK\"}]},{\"@type\":\"WebSite\",\"@id\":\"https:\/\/tourcruiser.com\/de\/#website\",\"url\":\"https:\/\/tourcruiser.com\/de\/\",\"name\":\"Styloral Jewelry Shop\",\"description\":\"Tourcruiser Sneaker Store \u2014 der Ort, an dem das Universum deine Einzigartigkeit trifft.\",\"publisher\":{\"@id\":\"https:\/\/tourcruiser.com\/de\/#organization\"},\"potentialAction\":[{\"@type\":\"SearchAction\",\"target\":{\"@type\":\"EntryPoint\",\"urlTemplate\":\"https:\/\/tourcruiser.com\/de\/?s={search_term_string}\"},\"query-input\":{\"@type\":\"PropertyValueSpecification\",\"valueRequired\":true,\"valueName\":\"search_term_string\"}}],\"inLanguage\":\"de\"},{\"@type\":\"Organization\",\"@id\":\"https:\/\/tourcruiser.com\/de\/#organization\",\"name\":\"STYLORAL PTE. LTD\",\"url\":\"https:\/\/tourcruiser.com\/de\/\",\"logo\":{\"@type\":\"ImageObject\",\"inLanguage\":\"de\",\"@id\":\"https:\/\/tourcruiser.com\/de\/#\/schema\/logo\/image\/\",\"url\":\"https:\/\/www.tourcruiser.com\/wp-content\/uploads\/2025\/12\/logo.png\",\"contentUrl\":\"https:\/\/www.tourcruiser.com\/wp-content\/uploads\/2025\/12\/logo.png\",\"width\":200,\"height\":65,\"caption\":\"STYLORAL PTE. LTD\"},\"image\":{\"@id\":\"https:\/\/tourcruiser.com\/de\/#\/schema\/logo\/image\/\"}}]}<\/script>\n<!-- \/ Yoast SEO plugin. -->","yoast_head_json":{"title":"(Preschool) New Balance 2002R Hook & Loop 'Black White' PV2002BK - Tourcruiser PTE. LTD","robots":{"index":"index","follow":"follow","max-snippet":"max-snippet:-1","max-image-preview":"max-image-preview:large","max-video-preview":"max-video-preview:-1"},"canonical":"https:\/\/tourcruiser.com\/de\/products\/preschool-new-balance-2002r-hook-loop-black-white-pv2002bk\/","og_locale":"de_DE","og_type":"article","og_title":"(Preschool) New Balance 2002R Hook & Loop 'Black White' PV2002BK - Tourcruiser PTE. LTD","og_description":"Wir pr\u00c3\u00a4sentieren den New Balance 2002R Hook &#038; Loop in Schwarz-Wei\u00c3\u0178 f\u00c3\u00bcr Vorschulkinder! Diese Sneaker aus strapazierf\u00c3\u00a4higen Materialien bieten dank des praktischen Klettverschlusses einen sicheren und bequemen Sitz. Die klassische Schwarz-Wei\u00c3\u0178-Kombination verleiht jedem Outfit einen Hauch von Eleganz. Mit ihrer gepolsterten Sohle und der st\u00c3\u00bctzenden Konstruktion bieten diese Schuhe optimalen Komfort und Halt f\u00c3\u00bcr kleine [&hellip;]","og_url":"https:\/\/tourcruiser.com\/de\/products\/preschool-new-balance-2002r-hook-loop-black-white-pv2002bk\/","og_site_name":"Tourcruiser Sneaker Store","twitter_card":"summary_large_image","twitter_image":"https:\/\/images.novelship.com\/product\/_preschool__new_balance_2002r_hook___loop__black_w_0_31738.jpeg","twitter_misc":{"Gesch\u00e4tzte Lesezeit":"1\u00a0Minute"},"schema":{"@context":"https:\/\/schema.org","@graph":[{"@type":"WebPage","@id":"https:\/\/tourcruiser.com\/de\/products\/preschool-new-balance-2002r-hook-loop-black-white-pv2002bk\/","url":"https:\/\/tourcruiser.com\/de\/products\/preschool-new-balance-2002r-hook-loop-black-white-pv2002bk\/","name":"(Preschool) New Balance 2002R Hook & Loop 'Black White' PV2002BK - Tourcruiser PTE. LTD","isPartOf":{"@id":"https:\/\/tourcruiser.com\/de\/#website"},"primaryImageOfPage":{"@id":"https:\/\/tourcruiser.com\/de\/products\/preschool-new-balance-2002r-hook-loop-black-white-pv2002bk\/#primaryimage"},"image":{"@id":"https:\/\/tourcruiser.com\/de\/products\/preschool-new-balance-2002r-hook-loop-black-white-pv2002bk\/#primaryimage"},"thumbnailUrl":"https:\/\/images.novelship.com\/product\/_preschool__new_balance_2002r_hook___loop__black_w_0_31738.jpeg","datePublished":"2026-03-21T05:13:09+00:00","breadcrumb":{"@id":"https:\/\/tourcruiser.com\/de\/products\/preschool-new-balance-2002r-hook-loop-black-white-pv2002bk\/#breadcrumb"},"inLanguage":"de","potentialAction":[{"@type":"ReadAction","target":["https:\/\/tourcruiser.com\/de\/products\/preschool-new-balance-2002r-hook-loop-black-white-pv2002bk\/"]}]},{"@type":"ImageObject","inLanguage":"de","@id":"https:\/\/tourcruiser.com\/de\/products\/preschool-new-balance-2002r-hook-loop-black-white-pv2002bk\/#primaryimage","url":"https:\/\/images.novelship.com\/product\/_preschool__new_balance_2002r_hook___loop__black_w_0_31738.jpeg","contentUrl":"https:\/\/images.novelship.com\/product\/_preschool__new_balance_2002r_hook___loop__black_w_0_31738.jpeg"},{"@type":"BreadcrumbList","@id":"https:\/\/tourcruiser.com\/de\/products\/preschool-new-balance-2002r-hook-loop-black-white-pv2002bk\/#breadcrumb","itemListElement":[{"@type":"ListItem","position":1,"name":"Home","item":"https:\/\/tourcruiser.com\/de\/"},{"@type":"ListItem","position":2,"name":"Shop","item":"https:\/\/tourcruiser.com\/de\/shop\/"},{"@type":"ListItem","position":3,"name":"(Preschool) New Balance 2002R Hook &#038; Loop 'Black White' PV2002BK"}]},{"@type":"WebSite","@id":"https:\/\/tourcruiser.com\/de\/#website","url":"https:\/\/tourcruiser.com\/de\/","name":"Styloral Jewelry Shop","description":"Tourcruiser Sneaker Store \u2014 der Ort, an dem das Universum deine Einzigartigkeit trifft.","publisher":{"@id":"https:\/\/tourcruiser.com\/de\/#organization"},"potentialAction":[{"@type":"SearchAction","target":{"@type":"EntryPoint","urlTemplate":"https:\/\/tourcruiser.com\/de\/?s={search_term_string}"},"query-input":{"@type":"PropertyValueSpecification","valueRequired":true,"valueName":"search_term_string"}}],"inLanguage":"de"},{"@type":"Organization","@id":"https:\/\/tourcruiser.com\/de\/#organization","name":"STYLORAL PTE. LTD","url":"https:\/\/tourcruiser.com\/de\/","logo":{"@type":"ImageObject","inLanguage":"de","@id":"https:\/\/tourcruiser.com\/de\/#\/schema\/logo\/image\/","url":"https:\/\/www.tourcruiser.com\/wp-content\/uploads\/2025\/12\/logo.png","contentUrl":"https:\/\/www.tourcruiser.com\/wp-content\/uploads\/2025\/12\/logo.png","width":200,"height":65,"caption":"STYLORAL PTE. LTD"},"image":{"@id":"https:\/\/tourcruiser.com\/de\/#\/schema\/logo\/image\/"}}]}},"_links":{"self":[{"href":"https:\/\/tourcruiser.com\/de\/wp-json\/wp\/v2\/product\/467493","targetHints":{"allow":["GET"]}}],"collection":[{"href":"https:\/\/tourcruiser.com\/de\/wp-json\/wp\/v2\/product"}],"about":[{"href":"https:\/\/tourcruiser.com\/de\/wp-json\/wp\/v2\/types\/product"}],"replies":[{"embeddable":true,"href":"https:\/\/tourcruiser.com\/de\/wp-json\/wp\/v2\/comments?post=467493"}],"wp:featuredmedia":[{"embeddable":true,"href":"https:\/\/tourcruiser.com\/de\/wp-json\/wp\/v2\/media\/467494"}],"wp:attachment":[{"href":"https:\/\/tourcruiser.com\/de\/wp-json\/wp\/v2\/media?parent=467493"}],"wp:term":[{"taxonomy":"product_brand","embeddable":true,"href":"https:\/\/tourcruiser.com\/de\/wp-json\/wp\/v2\/product_brand?post=467493"},{"taxonomy":"product_cat","embeddable":true,"href":"https:\/\/tourcruiser.com\/de\/wp-json\/wp\/v2\/product_cat?post=467493"},{"taxonomy":"product_tag","embeddable":true,"href":"https:\/\/tourcruiser.com\/de\/wp-json\/wp\/v2\/product_tag?post=467493"}],"curies":[{"name":"wp","href":"https:\/\/api.w.org\/{rel}","templated":true}]}}