{"id":467489,"date":"2026-03-21T12:13:09","date_gmt":"2026-03-21T05:13:09","guid":{"rendered":"http:\/\/tourcruiser.com\/product\/new-balance-fresh-foam-evoz-v2-blue-mevozlb2"},"modified":"2026-03-21T12:13:09","modified_gmt":"2026-03-21T05:13:09","slug":"new-balance-fresh-foam-evoz-v2-blue-mevozlb2","status":"publish","type":"product","link":"https:\/\/tourcruiser.com\/de\/products\/new-balance-fresh-foam-evoz-v2-blue-mevozlb2\/","title":{"rendered":"New Balance Fresh Foam Evoz V2 Blue MEVOZLB2"},"content":{"rendered":"<p>Erleben Sie unvergleichlichen Komfort und Stil mit dem New Balance Fresh Foam Evoz V2 Blue (MEVOZLB2). Dieser stylische Laufschuh mit fortschrittlicher Fresh Foam-D\u00c3\u00a4mpfung bietet au\u00c3\u0178ergew\u00c3\u00b6hnliche Unterst\u00c3\u00bctzung und Sto\u00c3\u0178d\u00c3\u00a4mpfung f\u00c3\u00bcr ein geschmeidiges Laufgef\u00c3\u00bchl. Das atmungsaktive Mesh-Obermaterial sorgt f\u00c3\u00bcr eine angenehme, bequeme Passform, w\u00c3\u00a4hrend die strapazierf\u00c3\u00a4hige Gummisohle hervorragende Traktion bietet. Der Fresh Foam Evoz V2 ist perfekt f\u00c3\u00bcr t\u00c3\u00a4gliche L\u00c3\u00a4ufe oder die Freizeit und vereint Leistung und \u00c3\u201esthetik \u00e2\u20ac\u201c ein Must-have f\u00c3\u00bcr jeden Fitnessbegeisterten. Erleben Sie Komfort pur!<\/p>\n<p>Farbe: Blau\/Wei\u00c3\u0178<br \/>\nArtikelnummer: MEVOZLB2<br \/>\nObermaterial: Textil<br \/>\nFarbe: Blau<br \/>\nSaison: Ganzj\u00c3\u00a4hrig<\/p>\n<p>Farbe: Blau<\/p>\n","protected":false},"excerpt":{"rendered":"<p>Erleben Sie unvergleichlichen Komfort und Stil mit dem New Balance Fresh Foam Evoz V2 Blue (MEVOZLB2). Dieser stylische Laufschuh mit fortschrittlicher Fresh Foam-D\u00c3\u00a4mpfung bietet au\u00c3\u0178ergew\u00c3\u00b6hnliche Unterst\u00c3\u00bctzung und Sto\u00c3\u0178d\u00c3\u00a4mpfung f\u00c3\u00bcr ein geschmeidiges Laufgef\u00c3\u00bchl. Das atmungsaktive Mesh-Obermaterial sorgt f\u00c3\u00bcr eine angenehme, bequeme Passform, w\u00c3\u00a4hrend die strapazierf\u00c3\u00a4hige Gummisohle hervorragende Traktion bietet. Der Fresh Foam Evoz V2 ist perfekt [&hellip;]<\/p>\n","protected":false},"featured_media":467490,"comment_status":"open","ping_status":"closed","template":"","meta":[],"product_brand":[],"product_cat":[40388,38842,10771,38850],"product_tag":[10753,11053,10766,10839,10802,10840],"class_list":{"0":"post-467489","1":"product","2":"type-product","3":"status-publish","4":"has-post-thumbnail","6":"product_cat-new-balance-fresh-foam-evoz-v2","7":"product_cat-gender-men","8":"product_cat-new-balance","9":"product_cat-running-shoes","10":"product_tag-gift-for-him","11":"product_tag-lightweight-running-shoes","12":"product_tag-new-balance","13":"product_tag-performance-running-shoes","14":"product_tag-performance-sport-shoes","15":"product_tag-running-shoes","16":"wcpa_has_options","18":"first","19":"instock","20":"taxable","21":"shipping-taxable","22":"purchasable","23":"product-type-simple"},"wcpa_form_fields":{"rules":{"pric_overide_base_price":false,"pric_overide_base_price_if_gt_zero":false,"pric_overide_base_price_fully":false,"pric_cal_option_once":false,"pric_use_as_fee":false,"bind_quantity":false,"quantity_bind_formula":false},"fields":[{"type":"color-group","required":true,"elementId":"wcpa-color-group-66c4a928225d2","label":"Gr\u00f6\u00dfe","inline":true,"priceOptions":"different_for_all","pricingType":"fixed","className":"hassizechart product-shoes-size-eu product-shoes-size","name":"color-group-66c4a928225e2","disp_type":"square","selection_type":"tick-border","disp_size":"50","show_label_inside":true,"adjust_width":true,"cart_display_type":"text","other_text":"Other","cl_rule":"show","col":6,"values":[{"label":"35","value":"EU 35","price":"","pimage":"","pimage_id":"","pthumb":"","color":""},{"label":"36","value":"EU 36","price":"","pimage":"","pimage_id":"","pthumb":"","color":"","selected":true},{"label":"37","value":"EU 37","price":"","pimage":"","pimage_id":"","pthumb":"","color":""},{"label":"37.5","value":"EU 37.5","price":"","pimage":"","pimage_id":"","pthumb":"","color":""},{"label":"38","value":"EU 38","price":"","pimage":"","pimage_id":"","pthumb":"","color":""},{"label":"38.5","value":"EU 38.5","price":"","pimage":"","pimage_id":"","pthumb":"","color":""},{"label":"39","value":"EU 39","price":"","pimage":"","pimage_id":"","pthumb":"","color":""},{"label":"39.5","value":"EU 39.5","price":"","pimage":"","pimage_id":"","pthumb":"","color":""},{"label":"40","value":"EU 40","price":"","pimage":"","pimage_id":"","pthumb":"","color":""},{"label":"40.5","value":"EU 40.5","price":"","pimage":"","pimage_id":"","pthumb":"","color":""},{"label":" 41.5","value":"EU 41.5","price":"","pimage":"","pimage_id":"","pthumb":"","color":""},{"label":"42","value":"EU 42","price":"","pimage":"","pimage_id":"","pthumb":"","color":""},{"label":"42.5","value":"EU 42.5","price":"","pimage":"","pimage_id":"","pthumb":"","color":""},{"label":"43","value":"EU 43","price":"","pimage":"","pimage_id":"","pthumb":"","color":""},{"label":"44","value":"EU 44","price":"","pimage":"","pimage_id":"","pthumb":"","color":""},{"label":"44.5","value":"EU 44.5","price":"","pimage":"","pimage_id":"","pthumb":"","color":""},{"label":"45","value":"EU 45","price":"","pimage":"","pimage_id":"","pthumb":"","color":""},{"label":"45.5","value":"EU 45.5","price":"","pimage":"","pimage_id":"","pthumb":"","color":""},{"label":"46","value":"EU 46","price":"","pimage":"","pimage_id":"","pthumb":"","color":""}],"relations":[{"operator":false,"rules":[]}],"form_id":24803,"form_rules":{"pric_cal_option_once":false,"exclude_from_discount":false,"pric_use_as_fee":false,"fee_label":"Fee","render_after_acb":false,"disp_hide_options_price":false}}]},"yoast_head":"<!-- This site is optimized with the Yoast SEO plugin v26.5 - https:\/\/yoast.com\/wordpress\/plugins\/seo\/ -->\n<title>New Balance Fresh Foam Evoz V2 Blue MEVOZLB2 - Tourcruiser PTE. LTD<\/title>\n<meta name=\"robots\" content=\"index, follow, max-snippet:-1, max-image-preview:large, max-video-preview:-1\" \/>\n<link rel=\"canonical\" href=\"https:\/\/tourcruiser.com\/de\/products\/new-balance-fresh-foam-evoz-v2-blue-mevozlb2\/\" \/>\n<meta property=\"og:locale\" content=\"de_DE\" \/>\n<meta property=\"og:type\" content=\"article\" \/>\n<meta property=\"og:title\" content=\"New Balance Fresh Foam Evoz V2 Blue MEVOZLB2 - Tourcruiser PTE. LTD\" \/>\n<meta property=\"og:description\" content=\"Erleben Sie unvergleichlichen Komfort und Stil mit dem New Balance Fresh Foam Evoz V2 Blue (MEVOZLB2). Dieser stylische Laufschuh mit fortschrittlicher Fresh Foam-D\u00c3\u00a4mpfung bietet au\u00c3\u0178ergew\u00c3\u00b6hnliche Unterst\u00c3\u00bctzung und Sto\u00c3\u0178d\u00c3\u00a4mpfung f\u00c3\u00bcr ein geschmeidiges Laufgef\u00c3\u00bchl. Das atmungsaktive Mesh-Obermaterial sorgt f\u00c3\u00bcr eine angenehme, bequeme Passform, w\u00c3\u00a4hrend die strapazierf\u00c3\u00a4hige Gummisohle hervorragende Traktion bietet. Der Fresh Foam Evoz V2 ist perfekt [&hellip;]\" \/>\n<meta property=\"og:url\" content=\"https:\/\/tourcruiser.com\/de\/products\/new-balance-fresh-foam-evoz-v2-blue-mevozlb2\/\" \/>\n<meta property=\"og:site_name\" content=\"Tourcruiser Sneaker Store\" \/>\n<meta name=\"twitter:card\" content=\"summary_large_image\" \/>\n<meta name=\"twitter:image\" content=\"https:\/\/images.novelship.com\/product\/new_balance_fresh_foam_evoz_v2_blue_mevozlb2_0_2056.jpeg\" \/>\n<meta name=\"twitter:label1\" content=\"Gesch\u00e4tzte Lesezeit\" \/>\n\t<meta name=\"twitter:data1\" content=\"1\u00a0Minute\" \/>\n<script type=\"application\/ld+json\" class=\"yoast-schema-graph\">{\"@context\":\"https:\/\/schema.org\",\"@graph\":[{\"@type\":\"WebPage\",\"@id\":\"https:\/\/tourcruiser.com\/de\/products\/new-balance-fresh-foam-evoz-v2-blue-mevozlb2\/\",\"url\":\"https:\/\/tourcruiser.com\/de\/products\/new-balance-fresh-foam-evoz-v2-blue-mevozlb2\/\",\"name\":\"New Balance Fresh Foam Evoz V2 Blue MEVOZLB2 - Tourcruiser PTE. LTD\",\"isPartOf\":{\"@id\":\"https:\/\/tourcruiser.com\/de\/#website\"},\"primaryImageOfPage\":{\"@id\":\"https:\/\/tourcruiser.com\/de\/products\/new-balance-fresh-foam-evoz-v2-blue-mevozlb2\/#primaryimage\"},\"image\":{\"@id\":\"https:\/\/tourcruiser.com\/de\/products\/new-balance-fresh-foam-evoz-v2-blue-mevozlb2\/#primaryimage\"},\"thumbnailUrl\":\"https:\/\/images.novelship.com\/product\/new_balance_fresh_foam_evoz_v2_blue_mevozlb2_0_2056.jpeg\",\"datePublished\":\"2026-03-21T05:13:09+00:00\",\"breadcrumb\":{\"@id\":\"https:\/\/tourcruiser.com\/de\/products\/new-balance-fresh-foam-evoz-v2-blue-mevozlb2\/#breadcrumb\"},\"inLanguage\":\"de\",\"potentialAction\":[{\"@type\":\"ReadAction\",\"target\":[\"https:\/\/tourcruiser.com\/de\/products\/new-balance-fresh-foam-evoz-v2-blue-mevozlb2\/\"]}]},{\"@type\":\"ImageObject\",\"inLanguage\":\"de\",\"@id\":\"https:\/\/tourcruiser.com\/de\/products\/new-balance-fresh-foam-evoz-v2-blue-mevozlb2\/#primaryimage\",\"url\":\"https:\/\/images.novelship.com\/product\/new_balance_fresh_foam_evoz_v2_blue_mevozlb2_0_2056.jpeg\",\"contentUrl\":\"https:\/\/images.novelship.com\/product\/new_balance_fresh_foam_evoz_v2_blue_mevozlb2_0_2056.jpeg\"},{\"@type\":\"BreadcrumbList\",\"@id\":\"https:\/\/tourcruiser.com\/de\/products\/new-balance-fresh-foam-evoz-v2-blue-mevozlb2\/#breadcrumb\",\"itemListElement\":[{\"@type\":\"ListItem\",\"position\":1,\"name\":\"Home\",\"item\":\"https:\/\/tourcruiser.com\/de\/\"},{\"@type\":\"ListItem\",\"position\":2,\"name\":\"Shop\",\"item\":\"https:\/\/tourcruiser.com\/de\/shop\/\"},{\"@type\":\"ListItem\",\"position\":3,\"name\":\"New Balance Fresh Foam Evoz V2 Blue MEVOZLB2\"}]},{\"@type\":\"WebSite\",\"@id\":\"https:\/\/tourcruiser.com\/de\/#website\",\"url\":\"https:\/\/tourcruiser.com\/de\/\",\"name\":\"Styloral Jewelry Shop\",\"description\":\"Tourcruiser Sneaker Store \u2014 der Ort, an dem das Universum deine Einzigartigkeit trifft.\",\"publisher\":{\"@id\":\"https:\/\/tourcruiser.com\/de\/#organization\"},\"potentialAction\":[{\"@type\":\"SearchAction\",\"target\":{\"@type\":\"EntryPoint\",\"urlTemplate\":\"https:\/\/tourcruiser.com\/de\/?s={search_term_string}\"},\"query-input\":{\"@type\":\"PropertyValueSpecification\",\"valueRequired\":true,\"valueName\":\"search_term_string\"}}],\"inLanguage\":\"de\"},{\"@type\":\"Organization\",\"@id\":\"https:\/\/tourcruiser.com\/de\/#organization\",\"name\":\"STYLORAL PTE. LTD\",\"url\":\"https:\/\/tourcruiser.com\/de\/\",\"logo\":{\"@type\":\"ImageObject\",\"inLanguage\":\"de\",\"@id\":\"https:\/\/tourcruiser.com\/de\/#\/schema\/logo\/image\/\",\"url\":\"https:\/\/www.tourcruiser.com\/wp-content\/uploads\/2025\/12\/logo.png\",\"contentUrl\":\"https:\/\/www.tourcruiser.com\/wp-content\/uploads\/2025\/12\/logo.png\",\"width\":200,\"height\":65,\"caption\":\"STYLORAL PTE. LTD\"},\"image\":{\"@id\":\"https:\/\/tourcruiser.com\/de\/#\/schema\/logo\/image\/\"}}]}<\/script>\n<!-- \/ Yoast SEO plugin. -->","yoast_head_json":{"title":"New Balance Fresh Foam Evoz V2 Blue MEVOZLB2 - Tourcruiser PTE. LTD","robots":{"index":"index","follow":"follow","max-snippet":"max-snippet:-1","max-image-preview":"max-image-preview:large","max-video-preview":"max-video-preview:-1"},"canonical":"https:\/\/tourcruiser.com\/de\/products\/new-balance-fresh-foam-evoz-v2-blue-mevozlb2\/","og_locale":"de_DE","og_type":"article","og_title":"New Balance Fresh Foam Evoz V2 Blue MEVOZLB2 - Tourcruiser PTE. LTD","og_description":"Erleben Sie unvergleichlichen Komfort und Stil mit dem New Balance Fresh Foam Evoz V2 Blue (MEVOZLB2). Dieser stylische Laufschuh mit fortschrittlicher Fresh Foam-D\u00c3\u00a4mpfung bietet au\u00c3\u0178ergew\u00c3\u00b6hnliche Unterst\u00c3\u00bctzung und Sto\u00c3\u0178d\u00c3\u00a4mpfung f\u00c3\u00bcr ein geschmeidiges Laufgef\u00c3\u00bchl. Das atmungsaktive Mesh-Obermaterial sorgt f\u00c3\u00bcr eine angenehme, bequeme Passform, w\u00c3\u00a4hrend die strapazierf\u00c3\u00a4hige Gummisohle hervorragende Traktion bietet. Der Fresh Foam Evoz V2 ist perfekt [&hellip;]","og_url":"https:\/\/tourcruiser.com\/de\/products\/new-balance-fresh-foam-evoz-v2-blue-mevozlb2\/","og_site_name":"Tourcruiser Sneaker Store","twitter_card":"summary_large_image","twitter_image":"https:\/\/images.novelship.com\/product\/new_balance_fresh_foam_evoz_v2_blue_mevozlb2_0_2056.jpeg","twitter_misc":{"Gesch\u00e4tzte Lesezeit":"1\u00a0Minute"},"schema":{"@context":"https:\/\/schema.org","@graph":[{"@type":"WebPage","@id":"https:\/\/tourcruiser.com\/de\/products\/new-balance-fresh-foam-evoz-v2-blue-mevozlb2\/","url":"https:\/\/tourcruiser.com\/de\/products\/new-balance-fresh-foam-evoz-v2-blue-mevozlb2\/","name":"New Balance Fresh Foam Evoz V2 Blue MEVOZLB2 - Tourcruiser PTE. LTD","isPartOf":{"@id":"https:\/\/tourcruiser.com\/de\/#website"},"primaryImageOfPage":{"@id":"https:\/\/tourcruiser.com\/de\/products\/new-balance-fresh-foam-evoz-v2-blue-mevozlb2\/#primaryimage"},"image":{"@id":"https:\/\/tourcruiser.com\/de\/products\/new-balance-fresh-foam-evoz-v2-blue-mevozlb2\/#primaryimage"},"thumbnailUrl":"https:\/\/images.novelship.com\/product\/new_balance_fresh_foam_evoz_v2_blue_mevozlb2_0_2056.jpeg","datePublished":"2026-03-21T05:13:09+00:00","breadcrumb":{"@id":"https:\/\/tourcruiser.com\/de\/products\/new-balance-fresh-foam-evoz-v2-blue-mevozlb2\/#breadcrumb"},"inLanguage":"de","potentialAction":[{"@type":"ReadAction","target":["https:\/\/tourcruiser.com\/de\/products\/new-balance-fresh-foam-evoz-v2-blue-mevozlb2\/"]}]},{"@type":"ImageObject","inLanguage":"de","@id":"https:\/\/tourcruiser.com\/de\/products\/new-balance-fresh-foam-evoz-v2-blue-mevozlb2\/#primaryimage","url":"https:\/\/images.novelship.com\/product\/new_balance_fresh_foam_evoz_v2_blue_mevozlb2_0_2056.jpeg","contentUrl":"https:\/\/images.novelship.com\/product\/new_balance_fresh_foam_evoz_v2_blue_mevozlb2_0_2056.jpeg"},{"@type":"BreadcrumbList","@id":"https:\/\/tourcruiser.com\/de\/products\/new-balance-fresh-foam-evoz-v2-blue-mevozlb2\/#breadcrumb","itemListElement":[{"@type":"ListItem","position":1,"name":"Home","item":"https:\/\/tourcruiser.com\/de\/"},{"@type":"ListItem","position":2,"name":"Shop","item":"https:\/\/tourcruiser.com\/de\/shop\/"},{"@type":"ListItem","position":3,"name":"New Balance Fresh Foam Evoz V2 Blue MEVOZLB2"}]},{"@type":"WebSite","@id":"https:\/\/tourcruiser.com\/de\/#website","url":"https:\/\/tourcruiser.com\/de\/","name":"Styloral Jewelry Shop","description":"Tourcruiser Sneaker Store \u2014 der Ort, an dem das Universum deine Einzigartigkeit trifft.","publisher":{"@id":"https:\/\/tourcruiser.com\/de\/#organization"},"potentialAction":[{"@type":"SearchAction","target":{"@type":"EntryPoint","urlTemplate":"https:\/\/tourcruiser.com\/de\/?s={search_term_string}"},"query-input":{"@type":"PropertyValueSpecification","valueRequired":true,"valueName":"search_term_string"}}],"inLanguage":"de"},{"@type":"Organization","@id":"https:\/\/tourcruiser.com\/de\/#organization","name":"STYLORAL PTE. LTD","url":"https:\/\/tourcruiser.com\/de\/","logo":{"@type":"ImageObject","inLanguage":"de","@id":"https:\/\/tourcruiser.com\/de\/#\/schema\/logo\/image\/","url":"https:\/\/www.tourcruiser.com\/wp-content\/uploads\/2025\/12\/logo.png","contentUrl":"https:\/\/www.tourcruiser.com\/wp-content\/uploads\/2025\/12\/logo.png","width":200,"height":65,"caption":"STYLORAL PTE. LTD"},"image":{"@id":"https:\/\/tourcruiser.com\/de\/#\/schema\/logo\/image\/"}}]}},"_links":{"self":[{"href":"https:\/\/tourcruiser.com\/de\/wp-json\/wp\/v2\/product\/467489","targetHints":{"allow":["GET"]}}],"collection":[{"href":"https:\/\/tourcruiser.com\/de\/wp-json\/wp\/v2\/product"}],"about":[{"href":"https:\/\/tourcruiser.com\/de\/wp-json\/wp\/v2\/types\/product"}],"replies":[{"embeddable":true,"href":"https:\/\/tourcruiser.com\/de\/wp-json\/wp\/v2\/comments?post=467489"}],"wp:featuredmedia":[{"embeddable":true,"href":"https:\/\/tourcruiser.com\/de\/wp-json\/wp\/v2\/media\/467490"}],"wp:attachment":[{"href":"https:\/\/tourcruiser.com\/de\/wp-json\/wp\/v2\/media?parent=467489"}],"wp:term":[{"taxonomy":"product_brand","embeddable":true,"href":"https:\/\/tourcruiser.com\/de\/wp-json\/wp\/v2\/product_brand?post=467489"},{"taxonomy":"product_cat","embeddable":true,"href":"https:\/\/tourcruiser.com\/de\/wp-json\/wp\/v2\/product_cat?post=467489"},{"taxonomy":"product_tag","embeddable":true,"href":"https:\/\/tourcruiser.com\/de\/wp-json\/wp\/v2\/product_tag?post=467489"}],"curies":[{"name":"wp","href":"https:\/\/api.w.org\/{rel}","templated":true}]}}