{"id":467238,"date":"2026-03-21T12:12:46","date_gmt":"2026-03-21T05:12:46","guid":{"rendered":"http:\/\/tourcruiser.com\/product\/air-jordan-travis-scott-x-fragment-design-x-1-low-white-green-black-dm7866-128"},"modified":"2026-03-21T12:12:46","modified_gmt":"2026-03-21T05:12:46","slug":"air-jordan-travis-scott-x-fragment-design-x-1-low-white-green-black-dm7866-128","status":"publish","type":"product","link":"https:\/\/tourcruiser.com\/de\/products\/air-jordan-travis-scott-x-fragment-design-x-1-low-white-green-black-dm7866-128\/","title":{"rendered":"Air Jordan Travis Scott x Fragment Design x 1 Low &#8218;White Green Black&#8216; DM7866-128"},"content":{"rendered":"<p>Mit dem Air Jordan Travis Scott x Fragment Design x 1 Low &#8218;White Green Black&#8216; DM7866-128 verleihst du deinem Sneaker-Style das gewisse Extra. Diese Kollaboration vereint ikonische Designelemente mit einem frischen, modernen Touch und besticht durch ein elegantes Obermaterial aus wei\u00c3\u0178em Leder, leuchtend gr\u00c3\u00bcne Akzente und kontrastierende schwarze Overlays. Perfekt f\u00c3\u00bcr Sammler und modebewusste Menschen: Diese Sneaker bieten unvergleichlichen Style und erstklassigen Tragekomfort. Sichere dir ein St\u00c3\u00bcck Sneaker-Geschichte \u00e2\u20ac\u201c hol dir noch heute dein Paar und erweitere deine Schuhsammlung.<\/p>\n<ul>\n<li><strong>Style Code:<\/strong> DM7866-128<\/li>\n<li><strong>Color:<\/strong> White<\/li>\n<\/ul>\n","protected":false},"excerpt":{"rendered":"<p>Mit dem Air Jordan Travis Scott x Fragment Design x 1 Low &#8218;White Green Black&#8216; DM7866-128 verleihst du deinem Sneaker-Style das gewisse Extra. Diese Kollaboration vereint ikonische Designelemente mit einem frischen, modernen Touch und besticht durch ein elegantes Obermaterial aus wei\u00c3\u0178em Leder, leuchtend gr\u00c3\u00bcne Akzente und kontrastierende schwarze Overlays. Perfekt f\u00c3\u00bcr Sammler und modebewusste Menschen: [&hellip;]<\/p>\n","protected":false},"featured_media":467239,"comment_status":"open","ping_status":"closed","template":"","meta":[],"product_brand":[],"product_cat":[38869,39484,38878,38941],"product_tag":[10750,10776,10754,10777,10756,11671,11672],"class_list":{"0":"post-467238","1":"product","2":"type-product","3":"status-publish","4":"has-post-thumbnail","6":"product_cat-jordan","7":"product_cat-jordan-jordan-1-low","8":"product_cat-lifestyle-shoes-basketball-inspired","9":"product_cat-gender-unisex","10":"product_tag-athleisure-shoes","11":"product_tag-jordan","12":"product_tag-lifestyle-casual-shoes","13":"product_tag-lifestyle-shoes-basketball-inspired","14":"product_tag-retro-casual-shoes","15":"product_tag-travis-scott-collection","16":"product_tag-travis-scott-shoes","17":"wcpa_has_options","19":"first","20":"instock","21":"taxable","22":"shipping-taxable","23":"purchasable","24":"product-type-simple"},"wcpa_form_fields":{"rules":{"pric_overide_base_price":false,"pric_overide_base_price_if_gt_zero":false,"pric_overide_base_price_fully":false,"pric_cal_option_once":false,"pric_use_as_fee":false,"bind_quantity":false,"quantity_bind_formula":false},"fields":[{"type":"color-group","required":true,"elementId":"wcpa-color-group-66c4a75505e74","label":"Gr\u00f6\u00dfe - EU Gr\u00f6\u00dfe","inline":true,"priceOptions":"different_for_all","pricingType":"fixed","className":"hassizechart product-shoes-size-eu product-shoes-size","name":"color-group-66c4a75505e89","disp_type":"square","selection_type":"tick-border","disp_size":"44","show_label_inside":true,"adjust_width":true,"cart_display_type":"text","other_text":"Other","cl_rule":"show","col":6,"values":[{"label":"35.5","value":"EU 35.5","price":"","pimage":"","pimage_id":"","pthumb":"","color":""},{"label":"36","value":"EU 36","price":"","pimage":"","pimage_id":"","pthumb":"","color":"","selected":true},{"label":"36.5","value":"EU 36.5","price":"","pimage":"","pimage_id":"","pthumb":"","color":""},{"label":"37.5","value":"EU 37.5","price":"","pimage":"","pimage_id":"","pthumb":"","color":""},{"label":"38","value":"EU 38","price":"","pimage":"","pimage_id":"","pthumb":"","color":""},{"label":"38.5","value":"EU 38.5","price":"","pimage":"","pimage_id":"","pthumb":"","color":""},{"label":"39","value":"EU 39","price":"","pimage":"","pimage_id":"","pthumb":"","color":""},{"label":"40","value":"EU 40","price":"","pimage":"","pimage_id":"","pthumb":"","color":""},{"label":"40.5","value":"EU 40.5","price":"","pimage":"","pimage_id":"","pthumb":"","color":""},{"label":"41","value":"EU 41","price":"","pimage":"","pimage_id":"","pthumb":"","color":""},{"label":"42","value":"EU 42","price":"","pimage":"","pimage_id":"","pthumb":"","color":""},{"label":"42.5","value":"EU 42.5","price":"","pimage":"","pimage_id":"","pthumb":"","color":""},{"label":"43","value":"EU 43","price":"","pimage":"","pimage_id":"","pthumb":"","color":""},{"label":"44","value":"EU 44","price":"","pimage":"","pimage_id":"","pthumb":"","color":""},{"label":"44.5","value":"EU 44.5","price":"","pimage":"","pimage_id":"","pthumb":"","color":""},{"label":"45","value":"EU 45","price":"","pimage":"","pimage_id":"","pthumb":"","color":""},{"label":"45.5","value":"EU 45.5","price":"","pimage":"","pimage_id":"","pthumb":"","color":""},{"label":"46","value":"EU 46","price":"","pimage":"","pimage_id":"","pthumb":"","color":""},{"label":"47","value":"EU 47","price":"","pimage":"","pimage_id":"","pthumb":"","color":""},{"label":"47.5","value":"EU 47.5","price":"","pimage":"","pimage_id":"","pthumb":"","color":""},{"label":"48","value":"EU 48","price":"","pimage":"","pimage_id":"","pthumb":"","color":""}],"relations":[{"operator":false,"rules":[]}],"form_id":18106,"form_rules":{"pric_cal_option_once":false,"exclude_from_discount":false,"pric_use_as_fee":false,"fee_label":"Fee","render_after_acb":false,"disp_hide_options_price":false}}]},"yoast_head":"<!-- This site is optimized with the Yoast SEO plugin v26.5 - https:\/\/yoast.com\/wordpress\/plugins\/seo\/ -->\n<title>Air Jordan Travis Scott x Fragment Design x 1 Low &#039;White Green Black&#039; DM7866-128 - Tourcruiser PTE. LTD<\/title>\n<meta name=\"robots\" content=\"index, follow, max-snippet:-1, max-image-preview:large, max-video-preview:-1\" \/>\n<link rel=\"canonical\" href=\"https:\/\/tourcruiser.com\/de\/products\/air-jordan-travis-scott-x-fragment-design-x-1-low-white-green-black-dm7866-128\/\" \/>\n<meta property=\"og:locale\" content=\"de_DE\" \/>\n<meta property=\"og:type\" content=\"article\" \/>\n<meta property=\"og:title\" content=\"Air Jordan Travis Scott x Fragment Design x 1 Low &#039;White Green Black&#039; DM7866-128 - Tourcruiser PTE. LTD\" \/>\n<meta property=\"og:description\" content=\"Mit dem Air Jordan Travis Scott x Fragment Design x 1 Low &#8218;White Green Black&#8216; DM7866-128 verleihst du deinem Sneaker-Style das gewisse Extra. Diese Kollaboration vereint ikonische Designelemente mit einem frischen, modernen Touch und besticht durch ein elegantes Obermaterial aus wei\u00c3\u0178em Leder, leuchtend gr\u00c3\u00bcne Akzente und kontrastierende schwarze Overlays. Perfekt f\u00c3\u00bcr Sammler und modebewusste Menschen: [&hellip;]\" \/>\n<meta property=\"og:url\" content=\"https:\/\/tourcruiser.com\/de\/products\/air-jordan-travis-scott-x-fragment-design-x-1-low-white-green-black-dm7866-128\/\" \/>\n<meta property=\"og:site_name\" content=\"Tourcruiser Sneaker Store\" \/>\n<meta name=\"twitter:card\" content=\"summary_large_image\" \/>\n<meta name=\"twitter:image\" content=\"https:\/\/images.novelship.com\/product\/air_jordan_travis_scott_x_fragment_design_x_1_low__0_10877.jpeg\" \/>\n<script type=\"application\/ld+json\" class=\"yoast-schema-graph\">{\"@context\":\"https:\/\/schema.org\",\"@graph\":[{\"@type\":\"WebPage\",\"@id\":\"https:\/\/tourcruiser.com\/de\/products\/air-jordan-travis-scott-x-fragment-design-x-1-low-white-green-black-dm7866-128\/\",\"url\":\"https:\/\/tourcruiser.com\/de\/products\/air-jordan-travis-scott-x-fragment-design-x-1-low-white-green-black-dm7866-128\/\",\"name\":\"Air Jordan Travis Scott x Fragment Design x 1 Low 'White Green Black' DM7866-128 - Tourcruiser PTE. LTD\",\"isPartOf\":{\"@id\":\"https:\/\/tourcruiser.com\/de\/#website\"},\"primaryImageOfPage\":{\"@id\":\"https:\/\/tourcruiser.com\/de\/products\/air-jordan-travis-scott-x-fragment-design-x-1-low-white-green-black-dm7866-128\/#primaryimage\"},\"image\":{\"@id\":\"https:\/\/tourcruiser.com\/de\/products\/air-jordan-travis-scott-x-fragment-design-x-1-low-white-green-black-dm7866-128\/#primaryimage\"},\"thumbnailUrl\":\"https:\/\/images.novelship.com\/product\/air_jordan_travis_scott_x_fragment_design_x_1_low__0_10877.jpeg\",\"datePublished\":\"2026-03-21T05:12:46+00:00\",\"breadcrumb\":{\"@id\":\"https:\/\/tourcruiser.com\/de\/products\/air-jordan-travis-scott-x-fragment-design-x-1-low-white-green-black-dm7866-128\/#breadcrumb\"},\"inLanguage\":\"de\",\"potentialAction\":[{\"@type\":\"ReadAction\",\"target\":[\"https:\/\/tourcruiser.com\/de\/products\/air-jordan-travis-scott-x-fragment-design-x-1-low-white-green-black-dm7866-128\/\"]}]},{\"@type\":\"ImageObject\",\"inLanguage\":\"de\",\"@id\":\"https:\/\/tourcruiser.com\/de\/products\/air-jordan-travis-scott-x-fragment-design-x-1-low-white-green-black-dm7866-128\/#primaryimage\",\"url\":\"https:\/\/images.novelship.com\/product\/air_jordan_travis_scott_x_fragment_design_x_1_low__0_10877.jpeg\",\"contentUrl\":\"https:\/\/images.novelship.com\/product\/air_jordan_travis_scott_x_fragment_design_x_1_low__0_10877.jpeg\"},{\"@type\":\"BreadcrumbList\",\"@id\":\"https:\/\/tourcruiser.com\/de\/products\/air-jordan-travis-scott-x-fragment-design-x-1-low-white-green-black-dm7866-128\/#breadcrumb\",\"itemListElement\":[{\"@type\":\"ListItem\",\"position\":1,\"name\":\"Home\",\"item\":\"https:\/\/tourcruiser.com\/de\/\"},{\"@type\":\"ListItem\",\"position\":2,\"name\":\"Shop\",\"item\":\"https:\/\/tourcruiser.com\/de\/shop\/\"},{\"@type\":\"ListItem\",\"position\":3,\"name\":\"Air Jordan Travis Scott x Fragment Design x 1 Low 'White Green Black' DM7866-128\"}]},{\"@type\":\"WebSite\",\"@id\":\"https:\/\/tourcruiser.com\/de\/#website\",\"url\":\"https:\/\/tourcruiser.com\/de\/\",\"name\":\"Styloral Jewelry Shop\",\"description\":\"Tourcruiser Sneaker Store \u2014 der Ort, an dem das Universum deine Einzigartigkeit trifft.\",\"publisher\":{\"@id\":\"https:\/\/tourcruiser.com\/de\/#organization\"},\"potentialAction\":[{\"@type\":\"SearchAction\",\"target\":{\"@type\":\"EntryPoint\",\"urlTemplate\":\"https:\/\/tourcruiser.com\/de\/?s={search_term_string}\"},\"query-input\":{\"@type\":\"PropertyValueSpecification\",\"valueRequired\":true,\"valueName\":\"search_term_string\"}}],\"inLanguage\":\"de\"},{\"@type\":\"Organization\",\"@id\":\"https:\/\/tourcruiser.com\/de\/#organization\",\"name\":\"STYLORAL PTE. LTD\",\"url\":\"https:\/\/tourcruiser.com\/de\/\",\"logo\":{\"@type\":\"ImageObject\",\"inLanguage\":\"de\",\"@id\":\"https:\/\/tourcruiser.com\/de\/#\/schema\/logo\/image\/\",\"url\":\"https:\/\/www.tourcruiser.com\/wp-content\/uploads\/2025\/12\/logo.png\",\"contentUrl\":\"https:\/\/www.tourcruiser.com\/wp-content\/uploads\/2025\/12\/logo.png\",\"width\":200,\"height\":65,\"caption\":\"STYLORAL PTE. LTD\"},\"image\":{\"@id\":\"https:\/\/tourcruiser.com\/de\/#\/schema\/logo\/image\/\"}}]}<\/script>\n<!-- \/ Yoast SEO plugin. -->","yoast_head_json":{"title":"Air Jordan Travis Scott x Fragment Design x 1 Low 'White Green Black' DM7866-128 - Tourcruiser PTE. LTD","robots":{"index":"index","follow":"follow","max-snippet":"max-snippet:-1","max-image-preview":"max-image-preview:large","max-video-preview":"max-video-preview:-1"},"canonical":"https:\/\/tourcruiser.com\/de\/products\/air-jordan-travis-scott-x-fragment-design-x-1-low-white-green-black-dm7866-128\/","og_locale":"de_DE","og_type":"article","og_title":"Air Jordan Travis Scott x Fragment Design x 1 Low 'White Green Black' DM7866-128 - Tourcruiser PTE. LTD","og_description":"Mit dem Air Jordan Travis Scott x Fragment Design x 1 Low &#8218;White Green Black&#8216; DM7866-128 verleihst du deinem Sneaker-Style das gewisse Extra. Diese Kollaboration vereint ikonische Designelemente mit einem frischen, modernen Touch und besticht durch ein elegantes Obermaterial aus wei\u00c3\u0178em Leder, leuchtend gr\u00c3\u00bcne Akzente und kontrastierende schwarze Overlays. Perfekt f\u00c3\u00bcr Sammler und modebewusste Menschen: [&hellip;]","og_url":"https:\/\/tourcruiser.com\/de\/products\/air-jordan-travis-scott-x-fragment-design-x-1-low-white-green-black-dm7866-128\/","og_site_name":"Tourcruiser Sneaker Store","twitter_card":"summary_large_image","twitter_image":"https:\/\/images.novelship.com\/product\/air_jordan_travis_scott_x_fragment_design_x_1_low__0_10877.jpeg","schema":{"@context":"https:\/\/schema.org","@graph":[{"@type":"WebPage","@id":"https:\/\/tourcruiser.com\/de\/products\/air-jordan-travis-scott-x-fragment-design-x-1-low-white-green-black-dm7866-128\/","url":"https:\/\/tourcruiser.com\/de\/products\/air-jordan-travis-scott-x-fragment-design-x-1-low-white-green-black-dm7866-128\/","name":"Air Jordan Travis Scott x Fragment Design x 1 Low 'White Green Black' DM7866-128 - Tourcruiser PTE. LTD","isPartOf":{"@id":"https:\/\/tourcruiser.com\/de\/#website"},"primaryImageOfPage":{"@id":"https:\/\/tourcruiser.com\/de\/products\/air-jordan-travis-scott-x-fragment-design-x-1-low-white-green-black-dm7866-128\/#primaryimage"},"image":{"@id":"https:\/\/tourcruiser.com\/de\/products\/air-jordan-travis-scott-x-fragment-design-x-1-low-white-green-black-dm7866-128\/#primaryimage"},"thumbnailUrl":"https:\/\/images.novelship.com\/product\/air_jordan_travis_scott_x_fragment_design_x_1_low__0_10877.jpeg","datePublished":"2026-03-21T05:12:46+00:00","breadcrumb":{"@id":"https:\/\/tourcruiser.com\/de\/products\/air-jordan-travis-scott-x-fragment-design-x-1-low-white-green-black-dm7866-128\/#breadcrumb"},"inLanguage":"de","potentialAction":[{"@type":"ReadAction","target":["https:\/\/tourcruiser.com\/de\/products\/air-jordan-travis-scott-x-fragment-design-x-1-low-white-green-black-dm7866-128\/"]}]},{"@type":"ImageObject","inLanguage":"de","@id":"https:\/\/tourcruiser.com\/de\/products\/air-jordan-travis-scott-x-fragment-design-x-1-low-white-green-black-dm7866-128\/#primaryimage","url":"https:\/\/images.novelship.com\/product\/air_jordan_travis_scott_x_fragment_design_x_1_low__0_10877.jpeg","contentUrl":"https:\/\/images.novelship.com\/product\/air_jordan_travis_scott_x_fragment_design_x_1_low__0_10877.jpeg"},{"@type":"BreadcrumbList","@id":"https:\/\/tourcruiser.com\/de\/products\/air-jordan-travis-scott-x-fragment-design-x-1-low-white-green-black-dm7866-128\/#breadcrumb","itemListElement":[{"@type":"ListItem","position":1,"name":"Home","item":"https:\/\/tourcruiser.com\/de\/"},{"@type":"ListItem","position":2,"name":"Shop","item":"https:\/\/tourcruiser.com\/de\/shop\/"},{"@type":"ListItem","position":3,"name":"Air Jordan Travis Scott x Fragment Design x 1 Low 'White Green Black' DM7866-128"}]},{"@type":"WebSite","@id":"https:\/\/tourcruiser.com\/de\/#website","url":"https:\/\/tourcruiser.com\/de\/","name":"Styloral Jewelry Shop","description":"Tourcruiser Sneaker Store \u2014 der Ort, an dem das Universum deine Einzigartigkeit trifft.","publisher":{"@id":"https:\/\/tourcruiser.com\/de\/#organization"},"potentialAction":[{"@type":"SearchAction","target":{"@type":"EntryPoint","urlTemplate":"https:\/\/tourcruiser.com\/de\/?s={search_term_string}"},"query-input":{"@type":"PropertyValueSpecification","valueRequired":true,"valueName":"search_term_string"}}],"inLanguage":"de"},{"@type":"Organization","@id":"https:\/\/tourcruiser.com\/de\/#organization","name":"STYLORAL PTE. LTD","url":"https:\/\/tourcruiser.com\/de\/","logo":{"@type":"ImageObject","inLanguage":"de","@id":"https:\/\/tourcruiser.com\/de\/#\/schema\/logo\/image\/","url":"https:\/\/www.tourcruiser.com\/wp-content\/uploads\/2025\/12\/logo.png","contentUrl":"https:\/\/www.tourcruiser.com\/wp-content\/uploads\/2025\/12\/logo.png","width":200,"height":65,"caption":"STYLORAL PTE. LTD"},"image":{"@id":"https:\/\/tourcruiser.com\/de\/#\/schema\/logo\/image\/"}}]}},"_links":{"self":[{"href":"https:\/\/tourcruiser.com\/de\/wp-json\/wp\/v2\/product\/467238","targetHints":{"allow":["GET"]}}],"collection":[{"href":"https:\/\/tourcruiser.com\/de\/wp-json\/wp\/v2\/product"}],"about":[{"href":"https:\/\/tourcruiser.com\/de\/wp-json\/wp\/v2\/types\/product"}],"replies":[{"embeddable":true,"href":"https:\/\/tourcruiser.com\/de\/wp-json\/wp\/v2\/comments?post=467238"}],"wp:featuredmedia":[{"embeddable":true,"href":"https:\/\/tourcruiser.com\/de\/wp-json\/wp\/v2\/media\/467239"}],"wp:attachment":[{"href":"https:\/\/tourcruiser.com\/de\/wp-json\/wp\/v2\/media?parent=467238"}],"wp:term":[{"taxonomy":"product_brand","embeddable":true,"href":"https:\/\/tourcruiser.com\/de\/wp-json\/wp\/v2\/product_brand?post=467238"},{"taxonomy":"product_cat","embeddable":true,"href":"https:\/\/tourcruiser.com\/de\/wp-json\/wp\/v2\/product_cat?post=467238"},{"taxonomy":"product_tag","embeddable":true,"href":"https:\/\/tourcruiser.com\/de\/wp-json\/wp\/v2\/product_tag?post=467238"}],"curies":[{"name":"wp","href":"https:\/\/api.w.org\/{rel}","templated":true}]}}