{"id":467204,"date":"2026-03-21T12:12:43","date_gmt":"2026-03-21T05:12:43","guid":{"rendered":"http:\/\/tourcruiser.com\/product\/nike-otomo-katsuhiro-x-sb-dunk-low-steamboy-brown-white-lf0039-001"},"modified":"2026-03-21T12:12:43","modified_gmt":"2026-03-21T05:12:43","slug":"nike-otomo-katsuhiro-x-sb-dunk-low-steamboy-brown-white-lf0039-001","status":"publish","type":"product","link":"https:\/\/tourcruiser.com\/de\/products\/nike-otomo-katsuhiro-x-sb-dunk-low-steamboy-brown-white-lf0039-001\/","title":{"rendered":"Nike Otomo Katsuhiro x SB Dunk Low &#8218;Steamboy Brown White&#8216; LF0039-001"},"content":{"rendered":"<p>Erlebe unvergleichlichen Style und Komfort mit dem Nike Otomo Katsuhiro x SB Dunk Low &#8218;Steamboy Brown White&#8216; (LF0039-001). Inspiriert von der japanischen Anime-Legende Katsuhiro Otomo, besticht diese exklusive Kollaboration durch hochwertiges braunes und wei\u00c3\u0178es Leder, aufwendige Details und einzigartige Grafiken, die Otomos ikonischem Werk Tribut zollen. Die hervorragende D\u00c3\u00a4mpfung und das strapazierf\u00c3\u00a4hige Design garantieren maximale Performance auf und neben dem Skateboard. Hebe deinen Sneaker-Style mit diesem limitierten Paar auf ein neues Level \u00e2\u20ac\u201c ein wahres Kunstwerk!<\/p>\n<p>Style-Code: LF0039-001<\/p>\n<p>Farbe: Braun<\/p>\n<p>Style-Code: LF0039-001<\/p>\n","protected":false},"excerpt":{"rendered":"<p>Erlebe unvergleichlichen Style und Komfort mit dem Nike Otomo Katsuhiro x SB Dunk Low &#8218;Steamboy Brown White&#8216; (LF0039-001). Inspiriert von der japanischen Anime-Legende Katsuhiro Otomo, besticht diese exklusive Kollaboration durch hochwertiges braunes und wei\u00c3\u0178es Leder, aufwendige Details und einzigartige Grafiken, die Otomos ikonischem Werk Tribut zollen. Die hervorragende D\u00c3\u00a4mpfung und das strapazierf\u00c3\u00a4hige Design garantieren maximale [&hellip;]<\/p>\n","protected":false},"featured_media":467205,"comment_status":"open","ping_status":"closed","template":"","meta":[],"product_brand":[],"product_cat":[38842,10803,40354,38901],"product_tag":[10799,10800,10753,10801,10802,11153],"class_list":{"0":"post-467204","1":"product","2":"type-product","3":"status-publish","4":"has-post-thumbnail","6":"product_cat-gender-men","7":"product_cat-nike","8":"product_cat-nike-sb-dunk-low-otomo-katsuhiro","9":"product_cat-skateboard-shoes","10":"product_tag-ankle-support-basketball-shoes","11":"product_tag-basketball-shoes","12":"product_tag-gift-for-him","13":"product_tag-nike","14":"product_tag-performance-sport-shoes","15":"product_tag-skateboard-shoes","16":"wcpa_has_options","18":"first","19":"instock","20":"taxable","21":"shipping-taxable","22":"purchasable","23":"product-type-simple"},"wcpa_form_fields":{"rules":{"pric_overide_base_price":false,"pric_overide_base_price_if_gt_zero":false,"pric_overide_base_price_fully":false,"pric_cal_option_once":false,"pric_use_as_fee":false,"bind_quantity":false,"quantity_bind_formula":false},"fields":[{"type":"color-group","required":true,"elementId":"wcpa-color-group-66c4a75505e74","label":"Gr\u00f6\u00dfe - EU Gr\u00f6\u00dfe","inline":true,"priceOptions":"different_for_all","pricingType":"fixed","className":"hassizechart product-shoes-size-eu product-shoes-size","name":"color-group-66c4a75505e89","disp_type":"square","selection_type":"tick-border","disp_size":"44","show_label_inside":true,"adjust_width":true,"cart_display_type":"text","other_text":"Other","cl_rule":"show","col":6,"values":[{"label":"35.5","value":"EU 35.5","price":"","pimage":"","pimage_id":"","pthumb":"","color":""},{"label":"36","value":"EU 36","price":"","pimage":"","pimage_id":"","pthumb":"","color":"","selected":true},{"label":"36.5","value":"EU 36.5","price":"","pimage":"","pimage_id":"","pthumb":"","color":""},{"label":"37.5","value":"EU 37.5","price":"","pimage":"","pimage_id":"","pthumb":"","color":""},{"label":"38","value":"EU 38","price":"","pimage":"","pimage_id":"","pthumb":"","color":""},{"label":"38.5","value":"EU 38.5","price":"","pimage":"","pimage_id":"","pthumb":"","color":""},{"label":"39","value":"EU 39","price":"","pimage":"","pimage_id":"","pthumb":"","color":""},{"label":"40","value":"EU 40","price":"","pimage":"","pimage_id":"","pthumb":"","color":""},{"label":"40.5","value":"EU 40.5","price":"","pimage":"","pimage_id":"","pthumb":"","color":""},{"label":"41","value":"EU 41","price":"","pimage":"","pimage_id":"","pthumb":"","color":""},{"label":"42","value":"EU 42","price":"","pimage":"","pimage_id":"","pthumb":"","color":""},{"label":"42.5","value":"EU 42.5","price":"","pimage":"","pimage_id":"","pthumb":"","color":""},{"label":"43","value":"EU 43","price":"","pimage":"","pimage_id":"","pthumb":"","color":""},{"label":"44","value":"EU 44","price":"","pimage":"","pimage_id":"","pthumb":"","color":""},{"label":"44.5","value":"EU 44.5","price":"","pimage":"","pimage_id":"","pthumb":"","color":""},{"label":"45","value":"EU 45","price":"","pimage":"","pimage_id":"","pthumb":"","color":""},{"label":"45.5","value":"EU 45.5","price":"","pimage":"","pimage_id":"","pthumb":"","color":""},{"label":"46","value":"EU 46","price":"","pimage":"","pimage_id":"","pthumb":"","color":""},{"label":"47","value":"EU 47","price":"","pimage":"","pimage_id":"","pthumb":"","color":""},{"label":"47.5","value":"EU 47.5","price":"","pimage":"","pimage_id":"","pthumb":"","color":""},{"label":"48","value":"EU 48","price":"","pimage":"","pimage_id":"","pthumb":"","color":""}],"relations":[{"operator":false,"rules":[]}],"form_id":18106,"form_rules":{"pric_cal_option_once":false,"exclude_from_discount":false,"pric_use_as_fee":false,"fee_label":"Fee","render_after_acb":false,"disp_hide_options_price":false}}]},"yoast_head":"<!-- This site is optimized with the Yoast SEO plugin v26.5 - https:\/\/yoast.com\/wordpress\/plugins\/seo\/ -->\n<title>Nike Otomo Katsuhiro x SB Dunk Low &#039;Steamboy Brown White&#039; LF0039-001 - Tourcruiser PTE. LTD<\/title>\n<meta name=\"robots\" content=\"index, follow, max-snippet:-1, max-image-preview:large, max-video-preview:-1\" \/>\n<link rel=\"canonical\" href=\"https:\/\/tourcruiser.com\/de\/products\/nike-otomo-katsuhiro-x-sb-dunk-low-steamboy-brown-white-lf0039-001\/\" \/>\n<meta property=\"og:locale\" content=\"de_DE\" \/>\n<meta property=\"og:type\" content=\"article\" \/>\n<meta property=\"og:title\" content=\"Nike Otomo Katsuhiro x SB Dunk Low &#039;Steamboy Brown White&#039; LF0039-001 - Tourcruiser PTE. LTD\" \/>\n<meta property=\"og:description\" content=\"Erlebe unvergleichlichen Style und Komfort mit dem Nike Otomo Katsuhiro x SB Dunk Low &#8218;Steamboy Brown White&#8216; (LF0039-001). Inspiriert von der japanischen Anime-Legende Katsuhiro Otomo, besticht diese exklusive Kollaboration durch hochwertiges braunes und wei\u00c3\u0178es Leder, aufwendige Details und einzigartige Grafiken, die Otomos ikonischem Werk Tribut zollen. Die hervorragende D\u00c3\u00a4mpfung und das strapazierf\u00c3\u00a4hige Design garantieren maximale [&hellip;]\" \/>\n<meta property=\"og:url\" content=\"https:\/\/tourcruiser.com\/de\/products\/nike-otomo-katsuhiro-x-sb-dunk-low-steamboy-brown-white-lf0039-001\/\" \/>\n<meta property=\"og:site_name\" content=\"Tourcruiser Sneaker Store\" \/>\n<meta name=\"twitter:card\" content=\"summary_large_image\" \/>\n<meta name=\"twitter:image\" content=\"https:\/\/images.novelship.com\/product\/nike_otomo_katsuhiro_x_sb_dunk_low__steamboy_brown_0_93804.jpeg\" \/>\n<script type=\"application\/ld+json\" class=\"yoast-schema-graph\">{\"@context\":\"https:\/\/schema.org\",\"@graph\":[{\"@type\":\"WebPage\",\"@id\":\"https:\/\/tourcruiser.com\/de\/products\/nike-otomo-katsuhiro-x-sb-dunk-low-steamboy-brown-white-lf0039-001\/\",\"url\":\"https:\/\/tourcruiser.com\/de\/products\/nike-otomo-katsuhiro-x-sb-dunk-low-steamboy-brown-white-lf0039-001\/\",\"name\":\"Nike Otomo Katsuhiro x SB Dunk Low 'Steamboy Brown White' LF0039-001 - Tourcruiser PTE. LTD\",\"isPartOf\":{\"@id\":\"https:\/\/tourcruiser.com\/de\/#website\"},\"primaryImageOfPage\":{\"@id\":\"https:\/\/tourcruiser.com\/de\/products\/nike-otomo-katsuhiro-x-sb-dunk-low-steamboy-brown-white-lf0039-001\/#primaryimage\"},\"image\":{\"@id\":\"https:\/\/tourcruiser.com\/de\/products\/nike-otomo-katsuhiro-x-sb-dunk-low-steamboy-brown-white-lf0039-001\/#primaryimage\"},\"thumbnailUrl\":\"https:\/\/images.novelship.com\/product\/nike_otomo_katsuhiro_x_sb_dunk_low__steamboy_brown_0_93804.jpeg\",\"datePublished\":\"2026-03-21T05:12:43+00:00\",\"breadcrumb\":{\"@id\":\"https:\/\/tourcruiser.com\/de\/products\/nike-otomo-katsuhiro-x-sb-dunk-low-steamboy-brown-white-lf0039-001\/#breadcrumb\"},\"inLanguage\":\"de\",\"potentialAction\":[{\"@type\":\"ReadAction\",\"target\":[\"https:\/\/tourcruiser.com\/de\/products\/nike-otomo-katsuhiro-x-sb-dunk-low-steamboy-brown-white-lf0039-001\/\"]}]},{\"@type\":\"ImageObject\",\"inLanguage\":\"de\",\"@id\":\"https:\/\/tourcruiser.com\/de\/products\/nike-otomo-katsuhiro-x-sb-dunk-low-steamboy-brown-white-lf0039-001\/#primaryimage\",\"url\":\"https:\/\/images.novelship.com\/product\/nike_otomo_katsuhiro_x_sb_dunk_low__steamboy_brown_0_93804.jpeg\",\"contentUrl\":\"https:\/\/images.novelship.com\/product\/nike_otomo_katsuhiro_x_sb_dunk_low__steamboy_brown_0_93804.jpeg\"},{\"@type\":\"BreadcrumbList\",\"@id\":\"https:\/\/tourcruiser.com\/de\/products\/nike-otomo-katsuhiro-x-sb-dunk-low-steamboy-brown-white-lf0039-001\/#breadcrumb\",\"itemListElement\":[{\"@type\":\"ListItem\",\"position\":1,\"name\":\"Home\",\"item\":\"https:\/\/tourcruiser.com\/de\/\"},{\"@type\":\"ListItem\",\"position\":2,\"name\":\"Shop\",\"item\":\"https:\/\/tourcruiser.com\/de\/shop\/\"},{\"@type\":\"ListItem\",\"position\":3,\"name\":\"Nike Otomo Katsuhiro x SB Dunk Low 'Steamboy Brown White' LF0039-001\"}]},{\"@type\":\"WebSite\",\"@id\":\"https:\/\/tourcruiser.com\/de\/#website\",\"url\":\"https:\/\/tourcruiser.com\/de\/\",\"name\":\"Styloral Jewelry Shop\",\"description\":\"Tourcruiser Sneaker Store \u2014 der Ort, an dem das Universum deine Einzigartigkeit trifft.\",\"publisher\":{\"@id\":\"https:\/\/tourcruiser.com\/de\/#organization\"},\"potentialAction\":[{\"@type\":\"SearchAction\",\"target\":{\"@type\":\"EntryPoint\",\"urlTemplate\":\"https:\/\/tourcruiser.com\/de\/?s={search_term_string}\"},\"query-input\":{\"@type\":\"PropertyValueSpecification\",\"valueRequired\":true,\"valueName\":\"search_term_string\"}}],\"inLanguage\":\"de\"},{\"@type\":\"Organization\",\"@id\":\"https:\/\/tourcruiser.com\/de\/#organization\",\"name\":\"STYLORAL PTE. LTD\",\"url\":\"https:\/\/tourcruiser.com\/de\/\",\"logo\":{\"@type\":\"ImageObject\",\"inLanguage\":\"de\",\"@id\":\"https:\/\/tourcruiser.com\/de\/#\/schema\/logo\/image\/\",\"url\":\"https:\/\/www.tourcruiser.com\/wp-content\/uploads\/2025\/12\/logo.png\",\"contentUrl\":\"https:\/\/www.tourcruiser.com\/wp-content\/uploads\/2025\/12\/logo.png\",\"width\":200,\"height\":65,\"caption\":\"STYLORAL PTE. LTD\"},\"image\":{\"@id\":\"https:\/\/tourcruiser.com\/de\/#\/schema\/logo\/image\/\"}}]}<\/script>\n<!-- \/ Yoast SEO plugin. -->","yoast_head_json":{"title":"Nike Otomo Katsuhiro x SB Dunk Low 'Steamboy Brown White' LF0039-001 - Tourcruiser PTE. LTD","robots":{"index":"index","follow":"follow","max-snippet":"max-snippet:-1","max-image-preview":"max-image-preview:large","max-video-preview":"max-video-preview:-1"},"canonical":"https:\/\/tourcruiser.com\/de\/products\/nike-otomo-katsuhiro-x-sb-dunk-low-steamboy-brown-white-lf0039-001\/","og_locale":"de_DE","og_type":"article","og_title":"Nike Otomo Katsuhiro x SB Dunk Low 'Steamboy Brown White' LF0039-001 - Tourcruiser PTE. LTD","og_description":"Erlebe unvergleichlichen Style und Komfort mit dem Nike Otomo Katsuhiro x SB Dunk Low &#8218;Steamboy Brown White&#8216; (LF0039-001). Inspiriert von der japanischen Anime-Legende Katsuhiro Otomo, besticht diese exklusive Kollaboration durch hochwertiges braunes und wei\u00c3\u0178es Leder, aufwendige Details und einzigartige Grafiken, die Otomos ikonischem Werk Tribut zollen. Die hervorragende D\u00c3\u00a4mpfung und das strapazierf\u00c3\u00a4hige Design garantieren maximale [&hellip;]","og_url":"https:\/\/tourcruiser.com\/de\/products\/nike-otomo-katsuhiro-x-sb-dunk-low-steamboy-brown-white-lf0039-001\/","og_site_name":"Tourcruiser Sneaker Store","twitter_card":"summary_large_image","twitter_image":"https:\/\/images.novelship.com\/product\/nike_otomo_katsuhiro_x_sb_dunk_low__steamboy_brown_0_93804.jpeg","schema":{"@context":"https:\/\/schema.org","@graph":[{"@type":"WebPage","@id":"https:\/\/tourcruiser.com\/de\/products\/nike-otomo-katsuhiro-x-sb-dunk-low-steamboy-brown-white-lf0039-001\/","url":"https:\/\/tourcruiser.com\/de\/products\/nike-otomo-katsuhiro-x-sb-dunk-low-steamboy-brown-white-lf0039-001\/","name":"Nike Otomo Katsuhiro x SB Dunk Low 'Steamboy Brown White' LF0039-001 - Tourcruiser PTE. LTD","isPartOf":{"@id":"https:\/\/tourcruiser.com\/de\/#website"},"primaryImageOfPage":{"@id":"https:\/\/tourcruiser.com\/de\/products\/nike-otomo-katsuhiro-x-sb-dunk-low-steamboy-brown-white-lf0039-001\/#primaryimage"},"image":{"@id":"https:\/\/tourcruiser.com\/de\/products\/nike-otomo-katsuhiro-x-sb-dunk-low-steamboy-brown-white-lf0039-001\/#primaryimage"},"thumbnailUrl":"https:\/\/images.novelship.com\/product\/nike_otomo_katsuhiro_x_sb_dunk_low__steamboy_brown_0_93804.jpeg","datePublished":"2026-03-21T05:12:43+00:00","breadcrumb":{"@id":"https:\/\/tourcruiser.com\/de\/products\/nike-otomo-katsuhiro-x-sb-dunk-low-steamboy-brown-white-lf0039-001\/#breadcrumb"},"inLanguage":"de","potentialAction":[{"@type":"ReadAction","target":["https:\/\/tourcruiser.com\/de\/products\/nike-otomo-katsuhiro-x-sb-dunk-low-steamboy-brown-white-lf0039-001\/"]}]},{"@type":"ImageObject","inLanguage":"de","@id":"https:\/\/tourcruiser.com\/de\/products\/nike-otomo-katsuhiro-x-sb-dunk-low-steamboy-brown-white-lf0039-001\/#primaryimage","url":"https:\/\/images.novelship.com\/product\/nike_otomo_katsuhiro_x_sb_dunk_low__steamboy_brown_0_93804.jpeg","contentUrl":"https:\/\/images.novelship.com\/product\/nike_otomo_katsuhiro_x_sb_dunk_low__steamboy_brown_0_93804.jpeg"},{"@type":"BreadcrumbList","@id":"https:\/\/tourcruiser.com\/de\/products\/nike-otomo-katsuhiro-x-sb-dunk-low-steamboy-brown-white-lf0039-001\/#breadcrumb","itemListElement":[{"@type":"ListItem","position":1,"name":"Home","item":"https:\/\/tourcruiser.com\/de\/"},{"@type":"ListItem","position":2,"name":"Shop","item":"https:\/\/tourcruiser.com\/de\/shop\/"},{"@type":"ListItem","position":3,"name":"Nike Otomo Katsuhiro x SB Dunk Low 'Steamboy Brown White' LF0039-001"}]},{"@type":"WebSite","@id":"https:\/\/tourcruiser.com\/de\/#website","url":"https:\/\/tourcruiser.com\/de\/","name":"Styloral Jewelry Shop","description":"Tourcruiser Sneaker Store \u2014 der Ort, an dem das Universum deine Einzigartigkeit trifft.","publisher":{"@id":"https:\/\/tourcruiser.com\/de\/#organization"},"potentialAction":[{"@type":"SearchAction","target":{"@type":"EntryPoint","urlTemplate":"https:\/\/tourcruiser.com\/de\/?s={search_term_string}"},"query-input":{"@type":"PropertyValueSpecification","valueRequired":true,"valueName":"search_term_string"}}],"inLanguage":"de"},{"@type":"Organization","@id":"https:\/\/tourcruiser.com\/de\/#organization","name":"STYLORAL PTE. LTD","url":"https:\/\/tourcruiser.com\/de\/","logo":{"@type":"ImageObject","inLanguage":"de","@id":"https:\/\/tourcruiser.com\/de\/#\/schema\/logo\/image\/","url":"https:\/\/www.tourcruiser.com\/wp-content\/uploads\/2025\/12\/logo.png","contentUrl":"https:\/\/www.tourcruiser.com\/wp-content\/uploads\/2025\/12\/logo.png","width":200,"height":65,"caption":"STYLORAL PTE. LTD"},"image":{"@id":"https:\/\/tourcruiser.com\/de\/#\/schema\/logo\/image\/"}}]}},"_links":{"self":[{"href":"https:\/\/tourcruiser.com\/de\/wp-json\/wp\/v2\/product\/467204","targetHints":{"allow":["GET"]}}],"collection":[{"href":"https:\/\/tourcruiser.com\/de\/wp-json\/wp\/v2\/product"}],"about":[{"href":"https:\/\/tourcruiser.com\/de\/wp-json\/wp\/v2\/types\/product"}],"replies":[{"embeddable":true,"href":"https:\/\/tourcruiser.com\/de\/wp-json\/wp\/v2\/comments?post=467204"}],"wp:featuredmedia":[{"embeddable":true,"href":"https:\/\/tourcruiser.com\/de\/wp-json\/wp\/v2\/media\/467205"}],"wp:attachment":[{"href":"https:\/\/tourcruiser.com\/de\/wp-json\/wp\/v2\/media?parent=467204"}],"wp:term":[{"taxonomy":"product_brand","embeddable":true,"href":"https:\/\/tourcruiser.com\/de\/wp-json\/wp\/v2\/product_brand?post=467204"},{"taxonomy":"product_cat","embeddable":true,"href":"https:\/\/tourcruiser.com\/de\/wp-json\/wp\/v2\/product_cat?post=467204"},{"taxonomy":"product_tag","embeddable":true,"href":"https:\/\/tourcruiser.com\/de\/wp-json\/wp\/v2\/product_tag?post=467204"}],"curies":[{"name":"wp","href":"https:\/\/api.w.org\/{rel}","templated":true}]}}