{"id":466140,"date":"2026-03-21T12:11:56","date_gmt":"2026-03-21T05:11:56","guid":{"rendered":"http:\/\/tourcruiser.com\/product\/new-balance-5740-sea-salt-white-black-m5740cbc"},"modified":"2026-03-21T12:11:56","modified_gmt":"2026-03-21T05:11:56","slug":"new-balance-5740-sea-salt-white-black-m5740cbc","status":"publish","type":"product","link":"https:\/\/tourcruiser.com\/de\/products\/new-balance-5740-sea-salt-white-black-m5740cbc\/","title":{"rendered":"New Balance 57\/40 &#8218;Sea Salt White Black&#8216; M5740CBC"},"content":{"rendered":"<p>Wir pr\u00c3\u00a4sentieren die New Balance 57\/40 Sea Salt White Black Sneaker. Diese stylischen Schuhe der renommierten Marke New Balance bestechen durch ihre Farbkombination aus Meersalz, Wei\u00c3\u0178 und Schwarz. Die perfekte Verbindung von Komfort und Style \u00e2\u20ac\u201c diese Sneaker sind ein Must-have f\u00c3\u00bcr jeden Schuhliebhaber. Bereichern Sie Ihre Schuhsammlung noch heute mit den New Balance 57\/40 Sea Salt White Black.<\/p>\n<p>Farbe: Meersalz\/Schwarz<br \/>\nArtikelnummer: M5740CBC<br \/>\nObermaterial: Wildleder<br \/>\nFarbe: Wei\u00c3\u0178<br \/>\nSaison: Ganzj\u00c3\u00a4hrig<\/p>\n<p>F\u00c3\u00bcr alle Jahreszeiten geeignet<\/p>\n","protected":false},"excerpt":{"rendered":"<p>Wir pr\u00c3\u00a4sentieren die New Balance 57\/40 Sea Salt White Black Sneaker. Diese stylischen Schuhe der renommierten Marke New Balance bestechen durch ihre Farbkombination aus Meersalz, Wei\u00c3\u0178 und Schwarz. Die perfekte Verbindung von Komfort und Style \u00e2\u20ac\u201c diese Sneaker sind ein Must-have f\u00c3\u00bcr jeden Schuhliebhaber. Bereichern Sie Ihre Schuhsammlung noch heute mit den New Balance 57\/40 [&hellip;]<\/p>\n","protected":false},"featured_media":466141,"comment_status":"open","ping_status":"closed","template":"","meta":[],"product_brand":[],"product_cat":[40311,38840,38842,10771],"product_tag":[10750,10847,10753,10754,10765,10766,10767,10768,10785,10786,10758],"class_list":{"0":"post-466140","1":"product","2":"type-product","3":"status-publish","4":"has-post-thumbnail","6":"product_cat-new-balance-57-40","7":"product_cat-lifestyle-shoes-running-inspired","8":"product_cat-gender-men","9":"product_cat-new-balance","10":"product_tag-athleisure-shoes","11":"product_tag-best-finds-under-100","12":"product_tag-gift-for-him","13":"product_tag-lifestyle-casual-shoes","14":"product_tag-lifestyle-shoes-running-inspired","15":"product_tag-new-balance","16":"product_tag-new-balance-running-shoes","17":"product_tag-retro-running-shoes","18":"product_tag-trending-deals","19":"product_tag-trending-deals-under-150","20":"product_tag-under-retail","21":"wcpa_has_options","23":"first","24":"instock","25":"taxable","26":"shipping-taxable","27":"purchasable","28":"product-type-simple"},"wcpa_form_fields":{"rules":{"pric_overide_base_price":false,"pric_overide_base_price_if_gt_zero":false,"pric_overide_base_price_fully":false,"pric_cal_option_once":false,"pric_use_as_fee":false,"bind_quantity":false,"quantity_bind_formula":false},"fields":[{"type":"color-group","required":true,"elementId":"wcpa-color-group-66c4a928225d2","label":"Gr\u00f6\u00dfe","inline":true,"priceOptions":"different_for_all","pricingType":"fixed","className":"hassizechart product-shoes-size-eu product-shoes-size","name":"color-group-66c4a928225e2","disp_type":"square","selection_type":"tick-border","disp_size":"50","show_label_inside":true,"adjust_width":true,"cart_display_type":"text","other_text":"Other","cl_rule":"show","col":6,"values":[{"label":"35","value":"EU 35","price":"","pimage":"","pimage_id":"","pthumb":"","color":""},{"label":"36","value":"EU 36","price":"","pimage":"","pimage_id":"","pthumb":"","color":"","selected":true},{"label":"37","value":"EU 37","price":"","pimage":"","pimage_id":"","pthumb":"","color":""},{"label":"37.5","value":"EU 37.5","price":"","pimage":"","pimage_id":"","pthumb":"","color":""},{"label":"38","value":"EU 38","price":"","pimage":"","pimage_id":"","pthumb":"","color":""},{"label":"38.5","value":"EU 38.5","price":"","pimage":"","pimage_id":"","pthumb":"","color":""},{"label":"39","value":"EU 39","price":"","pimage":"","pimage_id":"","pthumb":"","color":""},{"label":"39.5","value":"EU 39.5","price":"","pimage":"","pimage_id":"","pthumb":"","color":""},{"label":"40","value":"EU 40","price":"","pimage":"","pimage_id":"","pthumb":"","color":""},{"label":"40.5","value":"EU 40.5","price":"","pimage":"","pimage_id":"","pthumb":"","color":""},{"label":" 41.5","value":"EU 41.5","price":"","pimage":"","pimage_id":"","pthumb":"","color":""},{"label":"42","value":"EU 42","price":"","pimage":"","pimage_id":"","pthumb":"","color":""},{"label":"42.5","value":"EU 42.5","price":"","pimage":"","pimage_id":"","pthumb":"","color":""},{"label":"43","value":"EU 43","price":"","pimage":"","pimage_id":"","pthumb":"","color":""},{"label":"44","value":"EU 44","price":"","pimage":"","pimage_id":"","pthumb":"","color":""},{"label":"44.5","value":"EU 44.5","price":"","pimage":"","pimage_id":"","pthumb":"","color":""},{"label":"45","value":"EU 45","price":"","pimage":"","pimage_id":"","pthumb":"","color":""},{"label":"45.5","value":"EU 45.5","price":"","pimage":"","pimage_id":"","pthumb":"","color":""},{"label":"46","value":"EU 46","price":"","pimage":"","pimage_id":"","pthumb":"","color":""}],"relations":[{"operator":false,"rules":[]}],"form_id":24803,"form_rules":{"pric_cal_option_once":false,"exclude_from_discount":false,"pric_use_as_fee":false,"fee_label":"Fee","render_after_acb":false,"disp_hide_options_price":false}}]},"yoast_head":"<!-- This site is optimized with the Yoast SEO plugin v26.5 - https:\/\/yoast.com\/wordpress\/plugins\/seo\/ -->\n<title>New Balance 57\/40 &#039;Sea Salt White Black&#039; M5740CBC - Tourcruiser PTE. LTD<\/title>\n<meta name=\"robots\" content=\"index, follow, max-snippet:-1, max-image-preview:large, max-video-preview:-1\" \/>\n<link rel=\"canonical\" href=\"https:\/\/tourcruiser.com\/de\/products\/new-balance-5740-sea-salt-white-black-m5740cbc\/\" \/>\n<meta property=\"og:locale\" content=\"de_DE\" \/>\n<meta property=\"og:type\" content=\"article\" \/>\n<meta property=\"og:title\" content=\"New Balance 57\/40 &#039;Sea Salt White Black&#039; M5740CBC - Tourcruiser PTE. LTD\" \/>\n<meta property=\"og:description\" content=\"Wir pr\u00c3\u00a4sentieren die New Balance 57\/40 Sea Salt White Black Sneaker. Diese stylischen Schuhe der renommierten Marke New Balance bestechen durch ihre Farbkombination aus Meersalz, Wei\u00c3\u0178 und Schwarz. Die perfekte Verbindung von Komfort und Style \u00e2\u20ac\u201c diese Sneaker sind ein Must-have f\u00c3\u00bcr jeden Schuhliebhaber. Bereichern Sie Ihre Schuhsammlung noch heute mit den New Balance 57\/40 [&hellip;]\" \/>\n<meta property=\"og:url\" content=\"https:\/\/tourcruiser.com\/de\/products\/new-balance-5740-sea-salt-white-black-m5740cbc\/\" \/>\n<meta property=\"og:site_name\" content=\"Tourcruiser Sneaker Store\" \/>\n<meta name=\"twitter:card\" content=\"summary_large_image\" \/>\n<meta name=\"twitter:image\" content=\"https:\/\/images.novelship.com\/product\/new_balance_57_40__sea_salt_white_black__m5740cbc_0_95727.jpeg\" \/>\n<script type=\"application\/ld+json\" class=\"yoast-schema-graph\">{\"@context\":\"https:\/\/schema.org\",\"@graph\":[{\"@type\":\"WebPage\",\"@id\":\"https:\/\/tourcruiser.com\/de\/products\/new-balance-5740-sea-salt-white-black-m5740cbc\/\",\"url\":\"https:\/\/tourcruiser.com\/de\/products\/new-balance-5740-sea-salt-white-black-m5740cbc\/\",\"name\":\"New Balance 57\/40 'Sea Salt White Black' M5740CBC - Tourcruiser PTE. LTD\",\"isPartOf\":{\"@id\":\"https:\/\/tourcruiser.com\/de\/#website\"},\"primaryImageOfPage\":{\"@id\":\"https:\/\/tourcruiser.com\/de\/products\/new-balance-5740-sea-salt-white-black-m5740cbc\/#primaryimage\"},\"image\":{\"@id\":\"https:\/\/tourcruiser.com\/de\/products\/new-balance-5740-sea-salt-white-black-m5740cbc\/#primaryimage\"},\"thumbnailUrl\":\"https:\/\/images.novelship.com\/product\/new_balance_57_40__sea_salt_white_black__m5740cbc_0_95727.jpeg\",\"datePublished\":\"2026-03-21T05:11:56+00:00\",\"breadcrumb\":{\"@id\":\"https:\/\/tourcruiser.com\/de\/products\/new-balance-5740-sea-salt-white-black-m5740cbc\/#breadcrumb\"},\"inLanguage\":\"de\",\"potentialAction\":[{\"@type\":\"ReadAction\",\"target\":[\"https:\/\/tourcruiser.com\/de\/products\/new-balance-5740-sea-salt-white-black-m5740cbc\/\"]}]},{\"@type\":\"ImageObject\",\"inLanguage\":\"de\",\"@id\":\"https:\/\/tourcruiser.com\/de\/products\/new-balance-5740-sea-salt-white-black-m5740cbc\/#primaryimage\",\"url\":\"https:\/\/images.novelship.com\/product\/new_balance_57_40__sea_salt_white_black__m5740cbc_0_95727.jpeg\",\"contentUrl\":\"https:\/\/images.novelship.com\/product\/new_balance_57_40__sea_salt_white_black__m5740cbc_0_95727.jpeg\"},{\"@type\":\"BreadcrumbList\",\"@id\":\"https:\/\/tourcruiser.com\/de\/products\/new-balance-5740-sea-salt-white-black-m5740cbc\/#breadcrumb\",\"itemListElement\":[{\"@type\":\"ListItem\",\"position\":1,\"name\":\"Home\",\"item\":\"https:\/\/tourcruiser.com\/de\/\"},{\"@type\":\"ListItem\",\"position\":2,\"name\":\"Shop\",\"item\":\"https:\/\/tourcruiser.com\/de\/shop\/\"},{\"@type\":\"ListItem\",\"position\":3,\"name\":\"New Balance 57\/40 'Sea Salt White Black' M5740CBC\"}]},{\"@type\":\"WebSite\",\"@id\":\"https:\/\/tourcruiser.com\/de\/#website\",\"url\":\"https:\/\/tourcruiser.com\/de\/\",\"name\":\"Styloral Jewelry Shop\",\"description\":\"Tourcruiser Sneaker Store \u2014 der Ort, an dem das Universum deine Einzigartigkeit trifft.\",\"publisher\":{\"@id\":\"https:\/\/tourcruiser.com\/de\/#organization\"},\"potentialAction\":[{\"@type\":\"SearchAction\",\"target\":{\"@type\":\"EntryPoint\",\"urlTemplate\":\"https:\/\/tourcruiser.com\/de\/?s={search_term_string}\"},\"query-input\":{\"@type\":\"PropertyValueSpecification\",\"valueRequired\":true,\"valueName\":\"search_term_string\"}}],\"inLanguage\":\"de\"},{\"@type\":\"Organization\",\"@id\":\"https:\/\/tourcruiser.com\/de\/#organization\",\"name\":\"STYLORAL PTE. LTD\",\"url\":\"https:\/\/tourcruiser.com\/de\/\",\"logo\":{\"@type\":\"ImageObject\",\"inLanguage\":\"de\",\"@id\":\"https:\/\/tourcruiser.com\/de\/#\/schema\/logo\/image\/\",\"url\":\"https:\/\/www.tourcruiser.com\/wp-content\/uploads\/2025\/12\/logo.png\",\"contentUrl\":\"https:\/\/www.tourcruiser.com\/wp-content\/uploads\/2025\/12\/logo.png\",\"width\":200,\"height\":65,\"caption\":\"STYLORAL PTE. LTD\"},\"image\":{\"@id\":\"https:\/\/tourcruiser.com\/de\/#\/schema\/logo\/image\/\"}}]}<\/script>\n<!-- \/ Yoast SEO plugin. -->","yoast_head_json":{"title":"New Balance 57\/40 'Sea Salt White Black' M5740CBC - Tourcruiser PTE. LTD","robots":{"index":"index","follow":"follow","max-snippet":"max-snippet:-1","max-image-preview":"max-image-preview:large","max-video-preview":"max-video-preview:-1"},"canonical":"https:\/\/tourcruiser.com\/de\/products\/new-balance-5740-sea-salt-white-black-m5740cbc\/","og_locale":"de_DE","og_type":"article","og_title":"New Balance 57\/40 'Sea Salt White Black' M5740CBC - Tourcruiser PTE. LTD","og_description":"Wir pr\u00c3\u00a4sentieren die New Balance 57\/40 Sea Salt White Black Sneaker. Diese stylischen Schuhe der renommierten Marke New Balance bestechen durch ihre Farbkombination aus Meersalz, Wei\u00c3\u0178 und Schwarz. Die perfekte Verbindung von Komfort und Style \u00e2\u20ac\u201c diese Sneaker sind ein Must-have f\u00c3\u00bcr jeden Schuhliebhaber. Bereichern Sie Ihre Schuhsammlung noch heute mit den New Balance 57\/40 [&hellip;]","og_url":"https:\/\/tourcruiser.com\/de\/products\/new-balance-5740-sea-salt-white-black-m5740cbc\/","og_site_name":"Tourcruiser Sneaker Store","twitter_card":"summary_large_image","twitter_image":"https:\/\/images.novelship.com\/product\/new_balance_57_40__sea_salt_white_black__m5740cbc_0_95727.jpeg","schema":{"@context":"https:\/\/schema.org","@graph":[{"@type":"WebPage","@id":"https:\/\/tourcruiser.com\/de\/products\/new-balance-5740-sea-salt-white-black-m5740cbc\/","url":"https:\/\/tourcruiser.com\/de\/products\/new-balance-5740-sea-salt-white-black-m5740cbc\/","name":"New Balance 57\/40 'Sea Salt White Black' M5740CBC - Tourcruiser PTE. LTD","isPartOf":{"@id":"https:\/\/tourcruiser.com\/de\/#website"},"primaryImageOfPage":{"@id":"https:\/\/tourcruiser.com\/de\/products\/new-balance-5740-sea-salt-white-black-m5740cbc\/#primaryimage"},"image":{"@id":"https:\/\/tourcruiser.com\/de\/products\/new-balance-5740-sea-salt-white-black-m5740cbc\/#primaryimage"},"thumbnailUrl":"https:\/\/images.novelship.com\/product\/new_balance_57_40__sea_salt_white_black__m5740cbc_0_95727.jpeg","datePublished":"2026-03-21T05:11:56+00:00","breadcrumb":{"@id":"https:\/\/tourcruiser.com\/de\/products\/new-balance-5740-sea-salt-white-black-m5740cbc\/#breadcrumb"},"inLanguage":"de","potentialAction":[{"@type":"ReadAction","target":["https:\/\/tourcruiser.com\/de\/products\/new-balance-5740-sea-salt-white-black-m5740cbc\/"]}]},{"@type":"ImageObject","inLanguage":"de","@id":"https:\/\/tourcruiser.com\/de\/products\/new-balance-5740-sea-salt-white-black-m5740cbc\/#primaryimage","url":"https:\/\/images.novelship.com\/product\/new_balance_57_40__sea_salt_white_black__m5740cbc_0_95727.jpeg","contentUrl":"https:\/\/images.novelship.com\/product\/new_balance_57_40__sea_salt_white_black__m5740cbc_0_95727.jpeg"},{"@type":"BreadcrumbList","@id":"https:\/\/tourcruiser.com\/de\/products\/new-balance-5740-sea-salt-white-black-m5740cbc\/#breadcrumb","itemListElement":[{"@type":"ListItem","position":1,"name":"Home","item":"https:\/\/tourcruiser.com\/de\/"},{"@type":"ListItem","position":2,"name":"Shop","item":"https:\/\/tourcruiser.com\/de\/shop\/"},{"@type":"ListItem","position":3,"name":"New Balance 57\/40 'Sea Salt White Black' M5740CBC"}]},{"@type":"WebSite","@id":"https:\/\/tourcruiser.com\/de\/#website","url":"https:\/\/tourcruiser.com\/de\/","name":"Styloral Jewelry Shop","description":"Tourcruiser Sneaker Store \u2014 der Ort, an dem das Universum deine Einzigartigkeit trifft.","publisher":{"@id":"https:\/\/tourcruiser.com\/de\/#organization"},"potentialAction":[{"@type":"SearchAction","target":{"@type":"EntryPoint","urlTemplate":"https:\/\/tourcruiser.com\/de\/?s={search_term_string}"},"query-input":{"@type":"PropertyValueSpecification","valueRequired":true,"valueName":"search_term_string"}}],"inLanguage":"de"},{"@type":"Organization","@id":"https:\/\/tourcruiser.com\/de\/#organization","name":"STYLORAL PTE. LTD","url":"https:\/\/tourcruiser.com\/de\/","logo":{"@type":"ImageObject","inLanguage":"de","@id":"https:\/\/tourcruiser.com\/de\/#\/schema\/logo\/image\/","url":"https:\/\/www.tourcruiser.com\/wp-content\/uploads\/2025\/12\/logo.png","contentUrl":"https:\/\/www.tourcruiser.com\/wp-content\/uploads\/2025\/12\/logo.png","width":200,"height":65,"caption":"STYLORAL PTE. LTD"},"image":{"@id":"https:\/\/tourcruiser.com\/de\/#\/schema\/logo\/image\/"}}]}},"_links":{"self":[{"href":"https:\/\/tourcruiser.com\/de\/wp-json\/wp\/v2\/product\/466140","targetHints":{"allow":["GET"]}}],"collection":[{"href":"https:\/\/tourcruiser.com\/de\/wp-json\/wp\/v2\/product"}],"about":[{"href":"https:\/\/tourcruiser.com\/de\/wp-json\/wp\/v2\/types\/product"}],"replies":[{"embeddable":true,"href":"https:\/\/tourcruiser.com\/de\/wp-json\/wp\/v2\/comments?post=466140"}],"wp:featuredmedia":[{"embeddable":true,"href":"https:\/\/tourcruiser.com\/de\/wp-json\/wp\/v2\/media\/466141"}],"wp:attachment":[{"href":"https:\/\/tourcruiser.com\/de\/wp-json\/wp\/v2\/media?parent=466140"}],"wp:term":[{"taxonomy":"product_brand","embeddable":true,"href":"https:\/\/tourcruiser.com\/de\/wp-json\/wp\/v2\/product_brand?post=466140"},{"taxonomy":"product_cat","embeddable":true,"href":"https:\/\/tourcruiser.com\/de\/wp-json\/wp\/v2\/product_cat?post=466140"},{"taxonomy":"product_tag","embeddable":true,"href":"https:\/\/tourcruiser.com\/de\/wp-json\/wp\/v2\/product_tag?post=466140"}],"curies":[{"name":"wp","href":"https:\/\/api.w.org\/{rel}","templated":true}]}}