{"id":465300,"date":"2026-03-21T12:11:24","date_gmt":"2026-03-21T05:11:24","guid":{"rendered":"http:\/\/tourcruiser.com\/product\/adidas-forum-low-cloud-white-collegiate-green-gy8556"},"modified":"2026-03-21T12:11:24","modified_gmt":"2026-03-21T05:11:24","slug":"adidas-forum-low-cloud-white-collegiate-green-gy8556","status":"publish","type":"product","link":"https:\/\/tourcruiser.com\/de\/products\/adidas-forum-low-cloud-white-collegiate-green-gy8556\/","title":{"rendered":"adidas Forum Low &#8218;Cloud White Collegiate Green&#8216; GY8556"},"content":{"rendered":"<p>Wir pr\u00c3\u00a4sentieren den adidas Forum Low Cloud White Collegiate Green Sneaker \u00e2\u20ac\u201c ein stylischer und vielseitiger Schuh, perfekt f\u00c3\u00bcr jeden Tag. Mit seinem zeitlosen Low-Top-Design und der erfrischenden Farbkombination aus Cloud White und Collegiate Green ist dieser Sneaker ebenso modisch wie bequem. Ob beim Bummeln durch die Stra\u00c3\u0178en oder beim Einkaufen \u00e2\u20ac\u201c mit diesem adidas Sneaker ziehst du garantiert alle Blicke auf dich.<\/p>\n<p>Farbe: Cloud White\/Collegiate Green<\/p>\n<p>Artikelnummer: GY8556<\/p>\n<p>Obermaterial: Leder<br \/>\nFarbe: Wei\u00c3\u0178<br \/>\nSaison: Ganzj\u00c3\u00a4hrig<br \/>\nErscheinungsjahr: 2021<\/p>\n<p>Farbe: Wei\u00c3\u0178<\/p>\n","protected":false},"excerpt":{"rendered":"<p>Wir pr\u00c3\u00a4sentieren den adidas Forum Low Cloud White Collegiate Green Sneaker \u00e2\u20ac\u201c ein stylischer und vielseitiger Schuh, perfekt f\u00c3\u00bcr jeden Tag. Mit seinem zeitlosen Low-Top-Design und der erfrischenden Farbkombination aus Cloud White und Collegiate Green ist dieser Sneaker ebenso modisch wie bequem. Ob beim Bummeln durch die Stra\u00c3\u0178en oder beim Einkaufen \u00e2\u20ac\u201c mit diesem adidas [&hellip;]<\/p>\n","protected":false},"featured_media":465301,"comment_status":"open","ping_status":"closed","template":"","meta":[],"product_brand":[],"product_cat":[10760,38994,38878,38842],"product_tag":[10759,10749,10750,10753,10754,10777,10756],"class_list":{"0":"post-465300","1":"product","2":"type-product","3":"status-publish","4":"has-post-thumbnail","6":"product_cat-adidas","7":"product_cat-adidas-forum-low","8":"product_cat-lifestyle-shoes-basketball-inspired","9":"product_cat-gender-men","10":"product_tag-adidas","11":"product_tag-adidas-skateboarding-shoes","12":"product_tag-athleisure-shoes","13":"product_tag-gift-for-him","14":"product_tag-lifestyle-casual-shoes","15":"product_tag-lifestyle-shoes-basketball-inspired","16":"product_tag-retro-casual-shoes","17":"wcpa_has_options","19":"first","20":"instock","21":"taxable","22":"shipping-taxable","23":"purchasable","24":"product-type-simple"},"wcpa_form_fields":{"rules":{"pric_overide_base_price":false,"pric_overide_base_price_if_gt_zero":false,"pric_overide_base_price_fully":false,"pric_cal_option_once":false,"pric_use_as_fee":false,"bind_quantity":false,"quantity_bind_formula":false},"fields":[{"type":"color-group","required":true,"elementId":"wcpa-color-group-66c4a7f817afe","label":"Gr\u00f6\u00dfe","inline":true,"priceOptions":"different_for_all","pricingType":"fixed","className":"hassizechart product-shoes-size-eu product-shoes-size","name":"color-group-66c4a7f817b18","disp_type":"square","selection_type":"tick-border","disp_size":"50","show_label_inside":true,"adjust_width":true,"cart_display_type":"text","other_text":"Other","cl_rule":"show","col":6,"values":[{"label":"35","value":"EU 35","price":"","pimage":"","pimage_id":"","pthumb":"","color":""},{"label":"35.5","value":"EU 35.5","price":"","pimage":"","pimage_id":"","pthumb":"","color":""},{"label":"36","value":"EU 36","price":"","pimage":"","pimage_id":"","pthumb":"","color":"","selected":true},{"label":"36 2\/3","value":"EU 36 2\/3","price":"","pimage":"","pimage_id":"","pthumb":"","color":""},{"label":"37 1\/3","value":"EU 37 1\/3","price":"","pimage":"","pimage_id":"","pthumb":"","color":""},{"label":"38","value":"EU 38","price":"","pimage":"","pimage_id":"","pthumb":"","color":""},{"label":"38 2\/3","value":"EU 38 2\/3","price":"","pimage":"","pimage_id":"","pthumb":"","color":""},{"label":"39 1\/3","value":"EU 39 1\/3","price":"","pimage":"","pimage_id":"","pthumb":"","color":""},{"label":"40","value":"EU 40","price":"","pimage":"","pimage_id":"","pthumb":"","color":""},{"label":"40 2\/3","value":"EU 40 2\/3","price":"","pimage":"","pimage_id":"","pthumb":"","color":""},{"label":"41 1\/3","value":"EU 41 1\/3","price":"","pimage":"","pimage_id":"","pthumb":"","color":""},{"label":"42","value":"EU 42","price":"","pimage":"","pimage_id":"","pthumb":"","color":""},{"label":"42 2\/3","value":"EU 42 2\/3","price":"","pimage":"","pimage_id":"","pthumb":"","color":""},{"label":"43 1\/3","value":"EU 43 1\/3","price":"","pimage":"","pimage_id":"","pthumb":"","color":""},{"label":"44","value":"EU 44","price":"","pimage":"","pimage_id":"","pthumb":"","color":""},{"label":"44 2\/3","value":"EU 44 2\/3","price":"","pimage":"","pimage_id":"","pthumb":"","color":""},{"label":"45 1\/3","value":"EU 45 1\/3","price":"","pimage":"","pimage_id":"","pthumb":"","color":""},{"label":"46","value":"EU 46","price":"","pimage":"","pimage_id":"","pthumb":"","color":""},{"label":"46 2\/3","value":"EU 46 2\/3","price":"","pimage":"","pimage_id":"","pthumb":"","color":""},{"label":"47 1\/3","value":"EU 47 1\/3","price":"","pimage":"","pimage_id":"","pthumb":"","color":""}],"relations":[{"operator":false,"rules":[]}],"form_id":24802,"form_rules":{"pric_cal_option_once":false,"exclude_from_discount":false,"pric_use_as_fee":false,"fee_label":"Fee","render_after_acb":false,"disp_hide_options_price":false}}]},"yoast_head":"<!-- This site is optimized with the Yoast SEO plugin v26.5 - https:\/\/yoast.com\/wordpress\/plugins\/seo\/ -->\n<title>adidas Forum Low &#039;Cloud White Collegiate Green&#039; GY8556 - Tourcruiser PTE. LTD<\/title>\n<meta name=\"robots\" content=\"index, follow, max-snippet:-1, max-image-preview:large, max-video-preview:-1\" \/>\n<link rel=\"canonical\" href=\"https:\/\/tourcruiser.com\/de\/products\/adidas-forum-low-cloud-white-collegiate-green-gy8556\/\" \/>\n<meta property=\"og:locale\" content=\"de_DE\" \/>\n<meta property=\"og:type\" content=\"article\" \/>\n<meta property=\"og:title\" content=\"adidas Forum Low &#039;Cloud White Collegiate Green&#039; GY8556 - Tourcruiser PTE. LTD\" \/>\n<meta property=\"og:description\" content=\"Wir pr\u00c3\u00a4sentieren den adidas Forum Low Cloud White Collegiate Green Sneaker \u00e2\u20ac\u201c ein stylischer und vielseitiger Schuh, perfekt f\u00c3\u00bcr jeden Tag. Mit seinem zeitlosen Low-Top-Design und der erfrischenden Farbkombination aus Cloud White und Collegiate Green ist dieser Sneaker ebenso modisch wie bequem. Ob beim Bummeln durch die Stra\u00c3\u0178en oder beim Einkaufen \u00e2\u20ac\u201c mit diesem adidas [&hellip;]\" \/>\n<meta property=\"og:url\" content=\"https:\/\/tourcruiser.com\/de\/products\/adidas-forum-low-cloud-white-collegiate-green-gy8556\/\" \/>\n<meta property=\"og:site_name\" content=\"Tourcruiser Sneaker Store\" \/>\n<meta name=\"twitter:card\" content=\"summary_large_image\" \/>\n<meta name=\"twitter:image\" content=\"https:\/\/images.novelship.com\/product\/adidas_forum_low__cloud_white_collegiate_green__gy_0_86475.jpeg\" \/>\n<script type=\"application\/ld+json\" class=\"yoast-schema-graph\">{\"@context\":\"https:\/\/schema.org\",\"@graph\":[{\"@type\":\"WebPage\",\"@id\":\"https:\/\/tourcruiser.com\/de\/products\/adidas-forum-low-cloud-white-collegiate-green-gy8556\/\",\"url\":\"https:\/\/tourcruiser.com\/de\/products\/adidas-forum-low-cloud-white-collegiate-green-gy8556\/\",\"name\":\"adidas Forum Low 'Cloud White Collegiate Green' GY8556 - Tourcruiser PTE. LTD\",\"isPartOf\":{\"@id\":\"https:\/\/tourcruiser.com\/de\/#website\"},\"primaryImageOfPage\":{\"@id\":\"https:\/\/tourcruiser.com\/de\/products\/adidas-forum-low-cloud-white-collegiate-green-gy8556\/#primaryimage\"},\"image\":{\"@id\":\"https:\/\/tourcruiser.com\/de\/products\/adidas-forum-low-cloud-white-collegiate-green-gy8556\/#primaryimage\"},\"thumbnailUrl\":\"https:\/\/images.novelship.com\/product\/adidas_forum_low__cloud_white_collegiate_green__gy_0_86475.jpeg\",\"datePublished\":\"2026-03-21T05:11:24+00:00\",\"breadcrumb\":{\"@id\":\"https:\/\/tourcruiser.com\/de\/products\/adidas-forum-low-cloud-white-collegiate-green-gy8556\/#breadcrumb\"},\"inLanguage\":\"de\",\"potentialAction\":[{\"@type\":\"ReadAction\",\"target\":[\"https:\/\/tourcruiser.com\/de\/products\/adidas-forum-low-cloud-white-collegiate-green-gy8556\/\"]}]},{\"@type\":\"ImageObject\",\"inLanguage\":\"de\",\"@id\":\"https:\/\/tourcruiser.com\/de\/products\/adidas-forum-low-cloud-white-collegiate-green-gy8556\/#primaryimage\",\"url\":\"https:\/\/images.novelship.com\/product\/adidas_forum_low__cloud_white_collegiate_green__gy_0_86475.jpeg\",\"contentUrl\":\"https:\/\/images.novelship.com\/product\/adidas_forum_low__cloud_white_collegiate_green__gy_0_86475.jpeg\"},{\"@type\":\"BreadcrumbList\",\"@id\":\"https:\/\/tourcruiser.com\/de\/products\/adidas-forum-low-cloud-white-collegiate-green-gy8556\/#breadcrumb\",\"itemListElement\":[{\"@type\":\"ListItem\",\"position\":1,\"name\":\"Home\",\"item\":\"https:\/\/tourcruiser.com\/de\/\"},{\"@type\":\"ListItem\",\"position\":2,\"name\":\"Shop\",\"item\":\"https:\/\/tourcruiser.com\/de\/shop\/\"},{\"@type\":\"ListItem\",\"position\":3,\"name\":\"adidas Forum Low 'Cloud White Collegiate Green' GY8556\"}]},{\"@type\":\"WebSite\",\"@id\":\"https:\/\/tourcruiser.com\/de\/#website\",\"url\":\"https:\/\/tourcruiser.com\/de\/\",\"name\":\"Styloral Jewelry Shop\",\"description\":\"Tourcruiser Sneaker Store \u2014 der Ort, an dem das Universum deine Einzigartigkeit trifft.\",\"publisher\":{\"@id\":\"https:\/\/tourcruiser.com\/de\/#organization\"},\"potentialAction\":[{\"@type\":\"SearchAction\",\"target\":{\"@type\":\"EntryPoint\",\"urlTemplate\":\"https:\/\/tourcruiser.com\/de\/?s={search_term_string}\"},\"query-input\":{\"@type\":\"PropertyValueSpecification\",\"valueRequired\":true,\"valueName\":\"search_term_string\"}}],\"inLanguage\":\"de\"},{\"@type\":\"Organization\",\"@id\":\"https:\/\/tourcruiser.com\/de\/#organization\",\"name\":\"STYLORAL PTE. LTD\",\"url\":\"https:\/\/tourcruiser.com\/de\/\",\"logo\":{\"@type\":\"ImageObject\",\"inLanguage\":\"de\",\"@id\":\"https:\/\/tourcruiser.com\/de\/#\/schema\/logo\/image\/\",\"url\":\"https:\/\/www.tourcruiser.com\/wp-content\/uploads\/2025\/12\/logo.png\",\"contentUrl\":\"https:\/\/www.tourcruiser.com\/wp-content\/uploads\/2025\/12\/logo.png\",\"width\":200,\"height\":65,\"caption\":\"STYLORAL PTE. LTD\"},\"image\":{\"@id\":\"https:\/\/tourcruiser.com\/de\/#\/schema\/logo\/image\/\"}}]}<\/script>\n<!-- \/ Yoast SEO plugin. -->","yoast_head_json":{"title":"adidas Forum Low 'Cloud White Collegiate Green' GY8556 - Tourcruiser PTE. LTD","robots":{"index":"index","follow":"follow","max-snippet":"max-snippet:-1","max-image-preview":"max-image-preview:large","max-video-preview":"max-video-preview:-1"},"canonical":"https:\/\/tourcruiser.com\/de\/products\/adidas-forum-low-cloud-white-collegiate-green-gy8556\/","og_locale":"de_DE","og_type":"article","og_title":"adidas Forum Low 'Cloud White Collegiate Green' GY8556 - Tourcruiser PTE. LTD","og_description":"Wir pr\u00c3\u00a4sentieren den adidas Forum Low Cloud White Collegiate Green Sneaker \u00e2\u20ac\u201c ein stylischer und vielseitiger Schuh, perfekt f\u00c3\u00bcr jeden Tag. Mit seinem zeitlosen Low-Top-Design und der erfrischenden Farbkombination aus Cloud White und Collegiate Green ist dieser Sneaker ebenso modisch wie bequem. Ob beim Bummeln durch die Stra\u00c3\u0178en oder beim Einkaufen \u00e2\u20ac\u201c mit diesem adidas [&hellip;]","og_url":"https:\/\/tourcruiser.com\/de\/products\/adidas-forum-low-cloud-white-collegiate-green-gy8556\/","og_site_name":"Tourcruiser Sneaker Store","twitter_card":"summary_large_image","twitter_image":"https:\/\/images.novelship.com\/product\/adidas_forum_low__cloud_white_collegiate_green__gy_0_86475.jpeg","schema":{"@context":"https:\/\/schema.org","@graph":[{"@type":"WebPage","@id":"https:\/\/tourcruiser.com\/de\/products\/adidas-forum-low-cloud-white-collegiate-green-gy8556\/","url":"https:\/\/tourcruiser.com\/de\/products\/adidas-forum-low-cloud-white-collegiate-green-gy8556\/","name":"adidas Forum Low 'Cloud White Collegiate Green' GY8556 - Tourcruiser PTE. LTD","isPartOf":{"@id":"https:\/\/tourcruiser.com\/de\/#website"},"primaryImageOfPage":{"@id":"https:\/\/tourcruiser.com\/de\/products\/adidas-forum-low-cloud-white-collegiate-green-gy8556\/#primaryimage"},"image":{"@id":"https:\/\/tourcruiser.com\/de\/products\/adidas-forum-low-cloud-white-collegiate-green-gy8556\/#primaryimage"},"thumbnailUrl":"https:\/\/images.novelship.com\/product\/adidas_forum_low__cloud_white_collegiate_green__gy_0_86475.jpeg","datePublished":"2026-03-21T05:11:24+00:00","breadcrumb":{"@id":"https:\/\/tourcruiser.com\/de\/products\/adidas-forum-low-cloud-white-collegiate-green-gy8556\/#breadcrumb"},"inLanguage":"de","potentialAction":[{"@type":"ReadAction","target":["https:\/\/tourcruiser.com\/de\/products\/adidas-forum-low-cloud-white-collegiate-green-gy8556\/"]}]},{"@type":"ImageObject","inLanguage":"de","@id":"https:\/\/tourcruiser.com\/de\/products\/adidas-forum-low-cloud-white-collegiate-green-gy8556\/#primaryimage","url":"https:\/\/images.novelship.com\/product\/adidas_forum_low__cloud_white_collegiate_green__gy_0_86475.jpeg","contentUrl":"https:\/\/images.novelship.com\/product\/adidas_forum_low__cloud_white_collegiate_green__gy_0_86475.jpeg"},{"@type":"BreadcrumbList","@id":"https:\/\/tourcruiser.com\/de\/products\/adidas-forum-low-cloud-white-collegiate-green-gy8556\/#breadcrumb","itemListElement":[{"@type":"ListItem","position":1,"name":"Home","item":"https:\/\/tourcruiser.com\/de\/"},{"@type":"ListItem","position":2,"name":"Shop","item":"https:\/\/tourcruiser.com\/de\/shop\/"},{"@type":"ListItem","position":3,"name":"adidas Forum Low 'Cloud White Collegiate Green' GY8556"}]},{"@type":"WebSite","@id":"https:\/\/tourcruiser.com\/de\/#website","url":"https:\/\/tourcruiser.com\/de\/","name":"Styloral Jewelry Shop","description":"Tourcruiser Sneaker Store \u2014 der Ort, an dem das Universum deine Einzigartigkeit trifft.","publisher":{"@id":"https:\/\/tourcruiser.com\/de\/#organization"},"potentialAction":[{"@type":"SearchAction","target":{"@type":"EntryPoint","urlTemplate":"https:\/\/tourcruiser.com\/de\/?s={search_term_string}"},"query-input":{"@type":"PropertyValueSpecification","valueRequired":true,"valueName":"search_term_string"}}],"inLanguage":"de"},{"@type":"Organization","@id":"https:\/\/tourcruiser.com\/de\/#organization","name":"STYLORAL PTE. LTD","url":"https:\/\/tourcruiser.com\/de\/","logo":{"@type":"ImageObject","inLanguage":"de","@id":"https:\/\/tourcruiser.com\/de\/#\/schema\/logo\/image\/","url":"https:\/\/www.tourcruiser.com\/wp-content\/uploads\/2025\/12\/logo.png","contentUrl":"https:\/\/www.tourcruiser.com\/wp-content\/uploads\/2025\/12\/logo.png","width":200,"height":65,"caption":"STYLORAL PTE. LTD"},"image":{"@id":"https:\/\/tourcruiser.com\/de\/#\/schema\/logo\/image\/"}}]}},"_links":{"self":[{"href":"https:\/\/tourcruiser.com\/de\/wp-json\/wp\/v2\/product\/465300","targetHints":{"allow":["GET"]}}],"collection":[{"href":"https:\/\/tourcruiser.com\/de\/wp-json\/wp\/v2\/product"}],"about":[{"href":"https:\/\/tourcruiser.com\/de\/wp-json\/wp\/v2\/types\/product"}],"replies":[{"embeddable":true,"href":"https:\/\/tourcruiser.com\/de\/wp-json\/wp\/v2\/comments?post=465300"}],"wp:featuredmedia":[{"embeddable":true,"href":"https:\/\/tourcruiser.com\/de\/wp-json\/wp\/v2\/media\/465301"}],"wp:attachment":[{"href":"https:\/\/tourcruiser.com\/de\/wp-json\/wp\/v2\/media?parent=465300"}],"wp:term":[{"taxonomy":"product_brand","embeddable":true,"href":"https:\/\/tourcruiser.com\/de\/wp-json\/wp\/v2\/product_brand?post=465300"},{"taxonomy":"product_cat","embeddable":true,"href":"https:\/\/tourcruiser.com\/de\/wp-json\/wp\/v2\/product_cat?post=465300"},{"taxonomy":"product_tag","embeddable":true,"href":"https:\/\/tourcruiser.com\/de\/wp-json\/wp\/v2\/product_tag?post=465300"}],"curies":[{"name":"wp","href":"https:\/\/api.w.org\/{rel}","templated":true}]}}