{"id":465249,"date":"2026-03-21T12:11:22","date_gmt":"2026-03-21T05:11:22","guid":{"rendered":"http:\/\/tourcruiser.com\/product\/grade-school-nike-kyrie-7-pixel-camo-ct4080-008"},"modified":"2026-03-21T12:11:22","modified_gmt":"2026-03-21T05:11:22","slug":"grade-school-nike-kyrie-7-pixel-camo-ct4080-008","status":"publish","type":"product","link":"https:\/\/tourcruiser.com\/de\/products\/grade-school-nike-kyrie-7-pixel-camo-ct4080-008\/","title":{"rendered":"(Grade School) Nike Kyrie 7 Pixel Camo CT4080-008"},"content":{"rendered":"<p>Der Nike Kyrie 7 Pixel Camo (GS) ist ein stylischer und leistungsstarker Basketballschuh, der speziell f\u00c3\u00bcr junge Sportler entwickelt wurde. Mit seinem pixeligen Camouflage-Muster bietet er einen einzigartigen und markanten Look auf dem Spielfeld. Dank Nikes bew\u00c3\u00a4hrter Technologie und Liebe zum Detail bietet dieser Schuh optimale Unterst\u00c3\u00bctzung, D\u00c3\u00a4mpfung und Traktion, damit junge Spieler ihr volles Potenzial aussch\u00c3\u00b6pfen k\u00c3\u00b6nnen. Der Nike Kyrie 7 Pixel Camo (GS) ist perfekt f\u00c3\u00bcr jeden jungen Basketballfan und ein Must-have f\u00c3\u00bcr die n\u00c3\u00a4chste Generation von Athleten.<\/p>\n<ul>\n<li><strong>Farbgebung:<\/strong> Schwarz\/Hellgrau\/Blau\/Metallic-Silber<\/li>\n<li><strong>Artikelnummer:<\/strong> CT4080-008<\/li>\n<li><strong>Obermaterial:<\/strong> Mesh<\/li>\n<li><strong>Farbe:<\/strong> Schwarz<\/li>\n<li><strong>Designer:<\/strong> Ben Nethongkome<\/li>\n<li><strong>Saison:<\/strong> Ganzj\u00c3\u00a4hrig<\/li>\n<\/ul>\n","protected":false},"excerpt":{"rendered":"<p>Der Nike Kyrie 7 Pixel Camo (GS) ist ein stylischer und leistungsstarker Basketballschuh, der speziell f\u00c3\u00bcr junge Sportler entwickelt wurde. Mit seinem pixeligen Camouflage-Muster bietet er einen einzigartigen und markanten Look auf dem Spielfeld. Dank Nikes bew\u00c3\u00a4hrter Technologie und Liebe zum Detail bietet dieser Schuh optimale Unterst\u00c3\u00bctzung, D\u00c3\u00a4mpfung und Traktion, damit junge Spieler ihr volles [&hellip;]<\/p>\n","protected":false},"featured_media":465250,"comment_status":"open","ping_status":"closed","template":"","meta":[],"product_brand":[],"product_cat":[38871,39804,10803,38872],"product_tag":[10800,13146,11095,12240,11129,10801,11223,10900,10785,10786,10758],"class_list":{"0":"post-465249","1":"product","2":"type-product","3":"status-publish","4":"has-post-thumbnail","6":"product_cat-kids-basketball-shoes","7":"product_cat-nike-kyrie-7","8":"product_cat-nike","9":"product_cat-gender-youth","10":"product_tag-basketball-shoes","11":"product_tag-kids-basketball-shoes","12":"product_tag-kids-sport-performance-shoes","13":"product_tag-kyrie-irving","14":"product_tag-lightweight-basketball-shoes","15":"product_tag-nike","16":"product_tag-nike-basketball-shoes","17":"product_tag-nike-skateboarding-shoes","18":"product_tag-trending-deals","19":"product_tag-trending-deals-under-150","20":"product_tag-under-retail","21":"wcpa_has_options","23":"first","24":"instock","25":"taxable","26":"shipping-taxable","27":"purchasable","28":"product-type-simple"},"wcpa_form_fields":{"rules":{"pric_overide_base_price":false,"pric_overide_base_price_if_gt_zero":false,"pric_overide_base_price_fully":false,"pric_cal_option_once":false,"pric_use_as_fee":false,"bind_quantity":false,"quantity_bind_formula":false},"fields":[{"type":"color-group","required":true,"elementId":"wcpa-color-group-66c4a75505e74","label":"Gr\u00f6\u00dfe - EU Gr\u00f6\u00dfe","inline":true,"priceOptions":"different_for_all","pricingType":"fixed","className":"hassizechart product-shoes-size-eu product-shoes-size","name":"color-group-66c4a75505e89","disp_type":"square","selection_type":"tick-border","disp_size":"44","show_label_inside":true,"adjust_width":true,"cart_display_type":"text","other_text":"Other","cl_rule":"show","col":6,"values":[{"label":"35.5","value":"EU 35.5","price":"","pimage":"","pimage_id":"","pthumb":"","color":""},{"label":"36","value":"EU 36","price":"","pimage":"","pimage_id":"","pthumb":"","color":"","selected":true},{"label":"36.5","value":"EU 36.5","price":"","pimage":"","pimage_id":"","pthumb":"","color":""},{"label":"37.5","value":"EU 37.5","price":"","pimage":"","pimage_id":"","pthumb":"","color":""},{"label":"38","value":"EU 38","price":"","pimage":"","pimage_id":"","pthumb":"","color":""},{"label":"38.5","value":"EU 38.5","price":"","pimage":"","pimage_id":"","pthumb":"","color":""},{"label":"39","value":"EU 39","price":"","pimage":"","pimage_id":"","pthumb":"","color":""},{"label":"40","value":"EU 40","price":"","pimage":"","pimage_id":"","pthumb":"","color":""},{"label":"40.5","value":"EU 40.5","price":"","pimage":"","pimage_id":"","pthumb":"","color":""},{"label":"41","value":"EU 41","price":"","pimage":"","pimage_id":"","pthumb":"","color":""},{"label":"42","value":"EU 42","price":"","pimage":"","pimage_id":"","pthumb":"","color":""},{"label":"42.5","value":"EU 42.5","price":"","pimage":"","pimage_id":"","pthumb":"","color":""},{"label":"43","value":"EU 43","price":"","pimage":"","pimage_id":"","pthumb":"","color":""},{"label":"44","value":"EU 44","price":"","pimage":"","pimage_id":"","pthumb":"","color":""},{"label":"44.5","value":"EU 44.5","price":"","pimage":"","pimage_id":"","pthumb":"","color":""},{"label":"45","value":"EU 45","price":"","pimage":"","pimage_id":"","pthumb":"","color":""},{"label":"45.5","value":"EU 45.5","price":"","pimage":"","pimage_id":"","pthumb":"","color":""},{"label":"46","value":"EU 46","price":"","pimage":"","pimage_id":"","pthumb":"","color":""},{"label":"47","value":"EU 47","price":"","pimage":"","pimage_id":"","pthumb":"","color":""},{"label":"47.5","value":"EU 47.5","price":"","pimage":"","pimage_id":"","pthumb":"","color":""},{"label":"48","value":"EU 48","price":"","pimage":"","pimage_id":"","pthumb":"","color":""}],"relations":[{"operator":false,"rules":[]}],"form_id":18106,"form_rules":{"pric_cal_option_once":false,"exclude_from_discount":false,"pric_use_as_fee":false,"fee_label":"Fee","render_after_acb":false,"disp_hide_options_price":false}}]},"yoast_head":"<!-- This site is optimized with the Yoast SEO plugin v26.5 - https:\/\/yoast.com\/wordpress\/plugins\/seo\/ -->\n<title>(Grade School) Nike Kyrie 7 Pixel Camo CT4080-008 - Tourcruiser PTE. LTD<\/title>\n<meta name=\"robots\" content=\"index, follow, max-snippet:-1, max-image-preview:large, max-video-preview:-1\" \/>\n<link rel=\"canonical\" href=\"https:\/\/tourcruiser.com\/de\/products\/grade-school-nike-kyrie-7-pixel-camo-ct4080-008\/\" \/>\n<meta property=\"og:locale\" content=\"de_DE\" \/>\n<meta property=\"og:type\" content=\"article\" \/>\n<meta property=\"og:title\" content=\"(Grade School) Nike Kyrie 7 Pixel Camo CT4080-008 - Tourcruiser PTE. LTD\" \/>\n<meta property=\"og:description\" content=\"Der Nike Kyrie 7 Pixel Camo (GS) ist ein stylischer und leistungsstarker Basketballschuh, der speziell f\u00c3\u00bcr junge Sportler entwickelt wurde. Mit seinem pixeligen Camouflage-Muster bietet er einen einzigartigen und markanten Look auf dem Spielfeld. Dank Nikes bew\u00c3\u00a4hrter Technologie und Liebe zum Detail bietet dieser Schuh optimale Unterst\u00c3\u00bctzung, D\u00c3\u00a4mpfung und Traktion, damit junge Spieler ihr volles [&hellip;]\" \/>\n<meta property=\"og:url\" content=\"https:\/\/tourcruiser.com\/de\/products\/grade-school-nike-kyrie-7-pixel-camo-ct4080-008\/\" \/>\n<meta property=\"og:site_name\" content=\"Tourcruiser Sneaker Store\" \/>\n<meta name=\"twitter:card\" content=\"summary_large_image\" \/>\n<meta name=\"twitter:image\" content=\"https:\/\/images.novelship.com\/product\/_grade_school__nike_kyrie_7_pixel_camo_ct4080-008_0_68864.jpeg\" \/>\n<meta name=\"twitter:label1\" content=\"Gesch\u00e4tzte Lesezeit\" \/>\n\t<meta name=\"twitter:data1\" content=\"1\u00a0Minute\" \/>\n<script type=\"application\/ld+json\" class=\"yoast-schema-graph\">{\"@context\":\"https:\/\/schema.org\",\"@graph\":[{\"@type\":\"WebPage\",\"@id\":\"https:\/\/tourcruiser.com\/de\/products\/grade-school-nike-kyrie-7-pixel-camo-ct4080-008\/\",\"url\":\"https:\/\/tourcruiser.com\/de\/products\/grade-school-nike-kyrie-7-pixel-camo-ct4080-008\/\",\"name\":\"(Grade School) Nike Kyrie 7 Pixel Camo CT4080-008 - Tourcruiser PTE. LTD\",\"isPartOf\":{\"@id\":\"https:\/\/tourcruiser.com\/de\/#website\"},\"primaryImageOfPage\":{\"@id\":\"https:\/\/tourcruiser.com\/de\/products\/grade-school-nike-kyrie-7-pixel-camo-ct4080-008\/#primaryimage\"},\"image\":{\"@id\":\"https:\/\/tourcruiser.com\/de\/products\/grade-school-nike-kyrie-7-pixel-camo-ct4080-008\/#primaryimage\"},\"thumbnailUrl\":\"https:\/\/images.novelship.com\/product\/_grade_school__nike_kyrie_7_pixel_camo_ct4080-008_0_68864.jpeg\",\"datePublished\":\"2026-03-21T05:11:22+00:00\",\"breadcrumb\":{\"@id\":\"https:\/\/tourcruiser.com\/de\/products\/grade-school-nike-kyrie-7-pixel-camo-ct4080-008\/#breadcrumb\"},\"inLanguage\":\"de\",\"potentialAction\":[{\"@type\":\"ReadAction\",\"target\":[\"https:\/\/tourcruiser.com\/de\/products\/grade-school-nike-kyrie-7-pixel-camo-ct4080-008\/\"]}]},{\"@type\":\"ImageObject\",\"inLanguage\":\"de\",\"@id\":\"https:\/\/tourcruiser.com\/de\/products\/grade-school-nike-kyrie-7-pixel-camo-ct4080-008\/#primaryimage\",\"url\":\"https:\/\/images.novelship.com\/product\/_grade_school__nike_kyrie_7_pixel_camo_ct4080-008_0_68864.jpeg\",\"contentUrl\":\"https:\/\/images.novelship.com\/product\/_grade_school__nike_kyrie_7_pixel_camo_ct4080-008_0_68864.jpeg\"},{\"@type\":\"BreadcrumbList\",\"@id\":\"https:\/\/tourcruiser.com\/de\/products\/grade-school-nike-kyrie-7-pixel-camo-ct4080-008\/#breadcrumb\",\"itemListElement\":[{\"@type\":\"ListItem\",\"position\":1,\"name\":\"Home\",\"item\":\"https:\/\/tourcruiser.com\/de\/\"},{\"@type\":\"ListItem\",\"position\":2,\"name\":\"Shop\",\"item\":\"https:\/\/tourcruiser.com\/de\/shop\/\"},{\"@type\":\"ListItem\",\"position\":3,\"name\":\"(Grade School) Nike Kyrie 7 Pixel Camo CT4080-008\"}]},{\"@type\":\"WebSite\",\"@id\":\"https:\/\/tourcruiser.com\/de\/#website\",\"url\":\"https:\/\/tourcruiser.com\/de\/\",\"name\":\"Styloral Jewelry Shop\",\"description\":\"Tourcruiser Sneaker Store \u2014 der Ort, an dem das Universum deine Einzigartigkeit trifft.\",\"publisher\":{\"@id\":\"https:\/\/tourcruiser.com\/de\/#organization\"},\"potentialAction\":[{\"@type\":\"SearchAction\",\"target\":{\"@type\":\"EntryPoint\",\"urlTemplate\":\"https:\/\/tourcruiser.com\/de\/?s={search_term_string}\"},\"query-input\":{\"@type\":\"PropertyValueSpecification\",\"valueRequired\":true,\"valueName\":\"search_term_string\"}}],\"inLanguage\":\"de\"},{\"@type\":\"Organization\",\"@id\":\"https:\/\/tourcruiser.com\/de\/#organization\",\"name\":\"STYLORAL PTE. LTD\",\"url\":\"https:\/\/tourcruiser.com\/de\/\",\"logo\":{\"@type\":\"ImageObject\",\"inLanguage\":\"de\",\"@id\":\"https:\/\/tourcruiser.com\/de\/#\/schema\/logo\/image\/\",\"url\":\"https:\/\/www.tourcruiser.com\/wp-content\/uploads\/2025\/12\/logo.png\",\"contentUrl\":\"https:\/\/www.tourcruiser.com\/wp-content\/uploads\/2025\/12\/logo.png\",\"width\":200,\"height\":65,\"caption\":\"STYLORAL PTE. LTD\"},\"image\":{\"@id\":\"https:\/\/tourcruiser.com\/de\/#\/schema\/logo\/image\/\"}}]}<\/script>\n<!-- \/ Yoast SEO plugin. -->","yoast_head_json":{"title":"(Grade School) Nike Kyrie 7 Pixel Camo CT4080-008 - Tourcruiser PTE. LTD","robots":{"index":"index","follow":"follow","max-snippet":"max-snippet:-1","max-image-preview":"max-image-preview:large","max-video-preview":"max-video-preview:-1"},"canonical":"https:\/\/tourcruiser.com\/de\/products\/grade-school-nike-kyrie-7-pixel-camo-ct4080-008\/","og_locale":"de_DE","og_type":"article","og_title":"(Grade School) Nike Kyrie 7 Pixel Camo CT4080-008 - Tourcruiser PTE. LTD","og_description":"Der Nike Kyrie 7 Pixel Camo (GS) ist ein stylischer und leistungsstarker Basketballschuh, der speziell f\u00c3\u00bcr junge Sportler entwickelt wurde. Mit seinem pixeligen Camouflage-Muster bietet er einen einzigartigen und markanten Look auf dem Spielfeld. Dank Nikes bew\u00c3\u00a4hrter Technologie und Liebe zum Detail bietet dieser Schuh optimale Unterst\u00c3\u00bctzung, D\u00c3\u00a4mpfung und Traktion, damit junge Spieler ihr volles [&hellip;]","og_url":"https:\/\/tourcruiser.com\/de\/products\/grade-school-nike-kyrie-7-pixel-camo-ct4080-008\/","og_site_name":"Tourcruiser Sneaker Store","twitter_card":"summary_large_image","twitter_image":"https:\/\/images.novelship.com\/product\/_grade_school__nike_kyrie_7_pixel_camo_ct4080-008_0_68864.jpeg","twitter_misc":{"Gesch\u00e4tzte Lesezeit":"1\u00a0Minute"},"schema":{"@context":"https:\/\/schema.org","@graph":[{"@type":"WebPage","@id":"https:\/\/tourcruiser.com\/de\/products\/grade-school-nike-kyrie-7-pixel-camo-ct4080-008\/","url":"https:\/\/tourcruiser.com\/de\/products\/grade-school-nike-kyrie-7-pixel-camo-ct4080-008\/","name":"(Grade School) Nike Kyrie 7 Pixel Camo CT4080-008 - Tourcruiser PTE. LTD","isPartOf":{"@id":"https:\/\/tourcruiser.com\/de\/#website"},"primaryImageOfPage":{"@id":"https:\/\/tourcruiser.com\/de\/products\/grade-school-nike-kyrie-7-pixel-camo-ct4080-008\/#primaryimage"},"image":{"@id":"https:\/\/tourcruiser.com\/de\/products\/grade-school-nike-kyrie-7-pixel-camo-ct4080-008\/#primaryimage"},"thumbnailUrl":"https:\/\/images.novelship.com\/product\/_grade_school__nike_kyrie_7_pixel_camo_ct4080-008_0_68864.jpeg","datePublished":"2026-03-21T05:11:22+00:00","breadcrumb":{"@id":"https:\/\/tourcruiser.com\/de\/products\/grade-school-nike-kyrie-7-pixel-camo-ct4080-008\/#breadcrumb"},"inLanguage":"de","potentialAction":[{"@type":"ReadAction","target":["https:\/\/tourcruiser.com\/de\/products\/grade-school-nike-kyrie-7-pixel-camo-ct4080-008\/"]}]},{"@type":"ImageObject","inLanguage":"de","@id":"https:\/\/tourcruiser.com\/de\/products\/grade-school-nike-kyrie-7-pixel-camo-ct4080-008\/#primaryimage","url":"https:\/\/images.novelship.com\/product\/_grade_school__nike_kyrie_7_pixel_camo_ct4080-008_0_68864.jpeg","contentUrl":"https:\/\/images.novelship.com\/product\/_grade_school__nike_kyrie_7_pixel_camo_ct4080-008_0_68864.jpeg"},{"@type":"BreadcrumbList","@id":"https:\/\/tourcruiser.com\/de\/products\/grade-school-nike-kyrie-7-pixel-camo-ct4080-008\/#breadcrumb","itemListElement":[{"@type":"ListItem","position":1,"name":"Home","item":"https:\/\/tourcruiser.com\/de\/"},{"@type":"ListItem","position":2,"name":"Shop","item":"https:\/\/tourcruiser.com\/de\/shop\/"},{"@type":"ListItem","position":3,"name":"(Grade School) Nike Kyrie 7 Pixel Camo CT4080-008"}]},{"@type":"WebSite","@id":"https:\/\/tourcruiser.com\/de\/#website","url":"https:\/\/tourcruiser.com\/de\/","name":"Styloral Jewelry Shop","description":"Tourcruiser Sneaker Store \u2014 der Ort, an dem das Universum deine Einzigartigkeit trifft.","publisher":{"@id":"https:\/\/tourcruiser.com\/de\/#organization"},"potentialAction":[{"@type":"SearchAction","target":{"@type":"EntryPoint","urlTemplate":"https:\/\/tourcruiser.com\/de\/?s={search_term_string}"},"query-input":{"@type":"PropertyValueSpecification","valueRequired":true,"valueName":"search_term_string"}}],"inLanguage":"de"},{"@type":"Organization","@id":"https:\/\/tourcruiser.com\/de\/#organization","name":"STYLORAL PTE. LTD","url":"https:\/\/tourcruiser.com\/de\/","logo":{"@type":"ImageObject","inLanguage":"de","@id":"https:\/\/tourcruiser.com\/de\/#\/schema\/logo\/image\/","url":"https:\/\/www.tourcruiser.com\/wp-content\/uploads\/2025\/12\/logo.png","contentUrl":"https:\/\/www.tourcruiser.com\/wp-content\/uploads\/2025\/12\/logo.png","width":200,"height":65,"caption":"STYLORAL PTE. LTD"},"image":{"@id":"https:\/\/tourcruiser.com\/de\/#\/schema\/logo\/image\/"}}]}},"_links":{"self":[{"href":"https:\/\/tourcruiser.com\/de\/wp-json\/wp\/v2\/product\/465249","targetHints":{"allow":["GET"]}}],"collection":[{"href":"https:\/\/tourcruiser.com\/de\/wp-json\/wp\/v2\/product"}],"about":[{"href":"https:\/\/tourcruiser.com\/de\/wp-json\/wp\/v2\/types\/product"}],"replies":[{"embeddable":true,"href":"https:\/\/tourcruiser.com\/de\/wp-json\/wp\/v2\/comments?post=465249"}],"wp:featuredmedia":[{"embeddable":true,"href":"https:\/\/tourcruiser.com\/de\/wp-json\/wp\/v2\/media\/465250"}],"wp:attachment":[{"href":"https:\/\/tourcruiser.com\/de\/wp-json\/wp\/v2\/media?parent=465249"}],"wp:term":[{"taxonomy":"product_brand","embeddable":true,"href":"https:\/\/tourcruiser.com\/de\/wp-json\/wp\/v2\/product_brand?post=465249"},{"taxonomy":"product_cat","embeddable":true,"href":"https:\/\/tourcruiser.com\/de\/wp-json\/wp\/v2\/product_cat?post=465249"},{"taxonomy":"product_tag","embeddable":true,"href":"https:\/\/tourcruiser.com\/de\/wp-json\/wp\/v2\/product_tag?post=465249"}],"curies":[{"name":"wp","href":"https:\/\/api.w.org\/{rel}","templated":true}]}}