{"id":464804,"date":"2026-03-21T12:11:04","date_gmt":"2026-03-21T05:11:04","guid":{"rendered":"http:\/\/tourcruiser.com\/product\/preschool-new-balance-2002r-steel-pv2002st"},"modified":"2026-03-21T12:11:04","modified_gmt":"2026-03-21T05:11:04","slug":"preschool-new-balance-2002r-steel-pv2002st","status":"publish","type":"product","link":"https:\/\/tourcruiser.com\/de\/products\/preschool-new-balance-2002r-steel-pv2002st\/","title":{"rendered":"(Preschool) New Balance 2002R Steel PV2002ST"},"content":{"rendered":"<p>Tauche ein in die bunte Welt der Vorschulkinder mit dem New Balance 2002R Steel PV2002ST! Diese Sneaker mit strapazierf\u00c3\u00a4higem Obermaterial aus Wildleder und Mesh vereinen Stil und Langlebigkeit. Die ABZORB- und N-ergy-D\u00c3\u00a4mpfung sorgen f\u00c3\u00bcr au\u00c3\u0178ergew\u00c3\u00b6hnlichen Tragekomfort, w\u00c3\u00a4hrend die Gummisohle Stabilit\u00c3\u00a4t und Traktion bei jedem Spielplatzabenteuer garantiert. Erh\u00c3\u00a4ltlich in der auff\u00c3\u00a4lligen Farbe Steel, sind diese Sneaker die perfekte Erg\u00c3\u00a4nzung f\u00c3\u00bcr die Garderobe jedes Vorschulkindes.<\/p>\n<ul>\n<li><strong>Farbgebung:<\/strong> Steel\/Lead<\/li>\n<li><strong>Artikelnummer:<\/strong> PV2002ST<\/li>\n<li><strong>Obermaterial:<\/strong> Wildleder<\/li>\n<li><strong>Zwischensohle:<\/strong> NERGY<\/li>\n<li><strong>Farbe:<\/strong> Grau<\/li>\n<\/ul>\n","protected":false},"excerpt":{"rendered":"<p>Tauche ein in die bunte Welt der Vorschulkinder mit dem New Balance 2002R Steel PV2002ST! Diese Sneaker mit strapazierf\u00c3\u00a4higem Obermaterial aus Wildleder und Mesh vereinen Stil und Langlebigkeit. Die ABZORB- und N-ergy-D\u00c3\u00a4mpfung sorgen f\u00c3\u00bcr au\u00c3\u0178ergew\u00c3\u00b6hnlichen Tragekomfort, w\u00c3\u00a4hrend die Gummisohle Stabilit\u00c3\u00a4t und Traktion bei jedem Spielplatzabenteuer garantiert. Erh\u00c3\u00a4ltlich in der auff\u00c3\u00a4lligen Farbe Steel, sind diese Sneaker [&hellip;]<\/p>\n","protected":false},"featured_media":464805,"comment_status":"open","ping_status":"closed","template":"","meta":[],"product_brand":[],"product_cat":[38862,38923,10771,38975],"product_tag":[10750,11575,11576,10766,10767,10768,10758],"class_list":{"0":"post-464804","1":"product","2":"type-product","3":"status-publish","4":"has-post-thumbnail","6":"product_cat-new-balance-2002r","7":"product_cat-kids-sneakers","8":"product_cat-new-balance","9":"product_cat-gender-ps","10":"product_tag-athleisure-shoes","11":"product_tag-kids-lifestyle-casual-shoes","12":"product_tag-kids-sneakers","13":"product_tag-new-balance","14":"product_tag-new-balance-running-shoes","15":"product_tag-retro-running-shoes","16":"product_tag-under-retail","17":"wcpa_has_options","19":"first","20":"instock","21":"taxable","22":"shipping-taxable","23":"purchasable","24":"product-type-simple"},"wcpa_form_fields":{"rules":{"pric_overide_base_price":false,"pric_overide_base_price_if_gt_zero":false,"pric_overide_base_price_fully":false,"pric_cal_option_once":false,"pric_use_as_fee":false,"bind_quantity":false,"quantity_bind_formula":false},"fields":[{"type":"color-group","required":true,"elementId":"wcpa-color-group-66c4a928225d2","label":"Gr\u00f6\u00dfe","inline":true,"priceOptions":"different_for_all","pricingType":"fixed","className":"hassizechart product-shoes-size-eu product-shoes-size","name":"color-group-66c4a928225e2","disp_type":"square","selection_type":"tick-border","disp_size":"50","show_label_inside":true,"adjust_width":true,"cart_display_type":"text","other_text":"Other","cl_rule":"show","col":6,"values":[{"label":"35","value":"EU 35","price":"","pimage":"","pimage_id":"","pthumb":"","color":""},{"label":"36","value":"EU 36","price":"","pimage":"","pimage_id":"","pthumb":"","color":"","selected":true},{"label":"37","value":"EU 37","price":"","pimage":"","pimage_id":"","pthumb":"","color":""},{"label":"37.5","value":"EU 37.5","price":"","pimage":"","pimage_id":"","pthumb":"","color":""},{"label":"38","value":"EU 38","price":"","pimage":"","pimage_id":"","pthumb":"","color":""},{"label":"38.5","value":"EU 38.5","price":"","pimage":"","pimage_id":"","pthumb":"","color":""},{"label":"39","value":"EU 39","price":"","pimage":"","pimage_id":"","pthumb":"","color":""},{"label":"39.5","value":"EU 39.5","price":"","pimage":"","pimage_id":"","pthumb":"","color":""},{"label":"40","value":"EU 40","price":"","pimage":"","pimage_id":"","pthumb":"","color":""},{"label":"40.5","value":"EU 40.5","price":"","pimage":"","pimage_id":"","pthumb":"","color":""},{"label":" 41.5","value":"EU 41.5","price":"","pimage":"","pimage_id":"","pthumb":"","color":""},{"label":"42","value":"EU 42","price":"","pimage":"","pimage_id":"","pthumb":"","color":""},{"label":"42.5","value":"EU 42.5","price":"","pimage":"","pimage_id":"","pthumb":"","color":""},{"label":"43","value":"EU 43","price":"","pimage":"","pimage_id":"","pthumb":"","color":""},{"label":"44","value":"EU 44","price":"","pimage":"","pimage_id":"","pthumb":"","color":""},{"label":"44.5","value":"EU 44.5","price":"","pimage":"","pimage_id":"","pthumb":"","color":""},{"label":"45","value":"EU 45","price":"","pimage":"","pimage_id":"","pthumb":"","color":""},{"label":"45.5","value":"EU 45.5","price":"","pimage":"","pimage_id":"","pthumb":"","color":""},{"label":"46","value":"EU 46","price":"","pimage":"","pimage_id":"","pthumb":"","color":""}],"relations":[{"operator":false,"rules":[]}],"form_id":24803,"form_rules":{"pric_cal_option_once":false,"exclude_from_discount":false,"pric_use_as_fee":false,"fee_label":"Fee","render_after_acb":false,"disp_hide_options_price":false}}]},"yoast_head":"<!-- This site is optimized with the Yoast SEO plugin v26.5 - https:\/\/yoast.com\/wordpress\/plugins\/seo\/ -->\n<title>(Preschool) New Balance 2002R Steel PV2002ST - Tourcruiser PTE. LTD<\/title>\n<meta name=\"robots\" content=\"index, follow, max-snippet:-1, max-image-preview:large, max-video-preview:-1\" \/>\n<link rel=\"canonical\" href=\"https:\/\/tourcruiser.com\/de\/products\/preschool-new-balance-2002r-steel-pv2002st\/\" \/>\n<meta property=\"og:locale\" content=\"de_DE\" \/>\n<meta property=\"og:type\" content=\"article\" \/>\n<meta property=\"og:title\" content=\"(Preschool) New Balance 2002R Steel PV2002ST - Tourcruiser PTE. LTD\" \/>\n<meta property=\"og:description\" content=\"Tauche ein in die bunte Welt der Vorschulkinder mit dem New Balance 2002R Steel PV2002ST! Diese Sneaker mit strapazierf\u00c3\u00a4higem Obermaterial aus Wildleder und Mesh vereinen Stil und Langlebigkeit. Die ABZORB- und N-ergy-D\u00c3\u00a4mpfung sorgen f\u00c3\u00bcr au\u00c3\u0178ergew\u00c3\u00b6hnlichen Tragekomfort, w\u00c3\u00a4hrend die Gummisohle Stabilit\u00c3\u00a4t und Traktion bei jedem Spielplatzabenteuer garantiert. Erh\u00c3\u00a4ltlich in der auff\u00c3\u00a4lligen Farbe Steel, sind diese Sneaker [&hellip;]\" \/>\n<meta property=\"og:url\" content=\"https:\/\/tourcruiser.com\/de\/products\/preschool-new-balance-2002r-steel-pv2002st\/\" \/>\n<meta property=\"og:site_name\" content=\"Tourcruiser Sneaker Store\" \/>\n<meta name=\"twitter:card\" content=\"summary_large_image\" \/>\n<meta name=\"twitter:image\" content=\"https:\/\/images.novelship.com\/product\/_preschool__new_balance_2002r_steel_pv2002st_0_3930.jpeg\" \/>\n<script type=\"application\/ld+json\" class=\"yoast-schema-graph\">{\"@context\":\"https:\/\/schema.org\",\"@graph\":[{\"@type\":\"WebPage\",\"@id\":\"https:\/\/tourcruiser.com\/de\/products\/preschool-new-balance-2002r-steel-pv2002st\/\",\"url\":\"https:\/\/tourcruiser.com\/de\/products\/preschool-new-balance-2002r-steel-pv2002st\/\",\"name\":\"(Preschool) New Balance 2002R Steel PV2002ST - Tourcruiser PTE. LTD\",\"isPartOf\":{\"@id\":\"https:\/\/tourcruiser.com\/de\/#website\"},\"primaryImageOfPage\":{\"@id\":\"https:\/\/tourcruiser.com\/de\/products\/preschool-new-balance-2002r-steel-pv2002st\/#primaryimage\"},\"image\":{\"@id\":\"https:\/\/tourcruiser.com\/de\/products\/preschool-new-balance-2002r-steel-pv2002st\/#primaryimage\"},\"thumbnailUrl\":\"https:\/\/images.novelship.com\/product\/_preschool__new_balance_2002r_steel_pv2002st_0_3930.jpeg\",\"datePublished\":\"2026-03-21T05:11:04+00:00\",\"breadcrumb\":{\"@id\":\"https:\/\/tourcruiser.com\/de\/products\/preschool-new-balance-2002r-steel-pv2002st\/#breadcrumb\"},\"inLanguage\":\"de\",\"potentialAction\":[{\"@type\":\"ReadAction\",\"target\":[\"https:\/\/tourcruiser.com\/de\/products\/preschool-new-balance-2002r-steel-pv2002st\/\"]}]},{\"@type\":\"ImageObject\",\"inLanguage\":\"de\",\"@id\":\"https:\/\/tourcruiser.com\/de\/products\/preschool-new-balance-2002r-steel-pv2002st\/#primaryimage\",\"url\":\"https:\/\/images.novelship.com\/product\/_preschool__new_balance_2002r_steel_pv2002st_0_3930.jpeg\",\"contentUrl\":\"https:\/\/images.novelship.com\/product\/_preschool__new_balance_2002r_steel_pv2002st_0_3930.jpeg\"},{\"@type\":\"BreadcrumbList\",\"@id\":\"https:\/\/tourcruiser.com\/de\/products\/preschool-new-balance-2002r-steel-pv2002st\/#breadcrumb\",\"itemListElement\":[{\"@type\":\"ListItem\",\"position\":1,\"name\":\"Home\",\"item\":\"https:\/\/tourcruiser.com\/de\/\"},{\"@type\":\"ListItem\",\"position\":2,\"name\":\"Shop\",\"item\":\"https:\/\/tourcruiser.com\/de\/shop\/\"},{\"@type\":\"ListItem\",\"position\":3,\"name\":\"(Preschool) New Balance 2002R Steel PV2002ST\"}]},{\"@type\":\"WebSite\",\"@id\":\"https:\/\/tourcruiser.com\/de\/#website\",\"url\":\"https:\/\/tourcruiser.com\/de\/\",\"name\":\"Styloral Jewelry Shop\",\"description\":\"Tourcruiser Sneaker Store \u2014 der Ort, an dem das Universum deine Einzigartigkeit trifft.\",\"publisher\":{\"@id\":\"https:\/\/tourcruiser.com\/de\/#organization\"},\"potentialAction\":[{\"@type\":\"SearchAction\",\"target\":{\"@type\":\"EntryPoint\",\"urlTemplate\":\"https:\/\/tourcruiser.com\/de\/?s={search_term_string}\"},\"query-input\":{\"@type\":\"PropertyValueSpecification\",\"valueRequired\":true,\"valueName\":\"search_term_string\"}}],\"inLanguage\":\"de\"},{\"@type\":\"Organization\",\"@id\":\"https:\/\/tourcruiser.com\/de\/#organization\",\"name\":\"STYLORAL PTE. LTD\",\"url\":\"https:\/\/tourcruiser.com\/de\/\",\"logo\":{\"@type\":\"ImageObject\",\"inLanguage\":\"de\",\"@id\":\"https:\/\/tourcruiser.com\/de\/#\/schema\/logo\/image\/\",\"url\":\"https:\/\/www.tourcruiser.com\/wp-content\/uploads\/2025\/12\/logo.png\",\"contentUrl\":\"https:\/\/www.tourcruiser.com\/wp-content\/uploads\/2025\/12\/logo.png\",\"width\":200,\"height\":65,\"caption\":\"STYLORAL PTE. LTD\"},\"image\":{\"@id\":\"https:\/\/tourcruiser.com\/de\/#\/schema\/logo\/image\/\"}}]}<\/script>\n<!-- \/ Yoast SEO plugin. -->","yoast_head_json":{"title":"(Preschool) New Balance 2002R Steel PV2002ST - Tourcruiser PTE. LTD","robots":{"index":"index","follow":"follow","max-snippet":"max-snippet:-1","max-image-preview":"max-image-preview:large","max-video-preview":"max-video-preview:-1"},"canonical":"https:\/\/tourcruiser.com\/de\/products\/preschool-new-balance-2002r-steel-pv2002st\/","og_locale":"de_DE","og_type":"article","og_title":"(Preschool) New Balance 2002R Steel PV2002ST - Tourcruiser PTE. LTD","og_description":"Tauche ein in die bunte Welt der Vorschulkinder mit dem New Balance 2002R Steel PV2002ST! Diese Sneaker mit strapazierf\u00c3\u00a4higem Obermaterial aus Wildleder und Mesh vereinen Stil und Langlebigkeit. Die ABZORB- und N-ergy-D\u00c3\u00a4mpfung sorgen f\u00c3\u00bcr au\u00c3\u0178ergew\u00c3\u00b6hnlichen Tragekomfort, w\u00c3\u00a4hrend die Gummisohle Stabilit\u00c3\u00a4t und Traktion bei jedem Spielplatzabenteuer garantiert. Erh\u00c3\u00a4ltlich in der auff\u00c3\u00a4lligen Farbe Steel, sind diese Sneaker [&hellip;]","og_url":"https:\/\/tourcruiser.com\/de\/products\/preschool-new-balance-2002r-steel-pv2002st\/","og_site_name":"Tourcruiser Sneaker Store","twitter_card":"summary_large_image","twitter_image":"https:\/\/images.novelship.com\/product\/_preschool__new_balance_2002r_steel_pv2002st_0_3930.jpeg","schema":{"@context":"https:\/\/schema.org","@graph":[{"@type":"WebPage","@id":"https:\/\/tourcruiser.com\/de\/products\/preschool-new-balance-2002r-steel-pv2002st\/","url":"https:\/\/tourcruiser.com\/de\/products\/preschool-new-balance-2002r-steel-pv2002st\/","name":"(Preschool) New Balance 2002R Steel PV2002ST - Tourcruiser PTE. LTD","isPartOf":{"@id":"https:\/\/tourcruiser.com\/de\/#website"},"primaryImageOfPage":{"@id":"https:\/\/tourcruiser.com\/de\/products\/preschool-new-balance-2002r-steel-pv2002st\/#primaryimage"},"image":{"@id":"https:\/\/tourcruiser.com\/de\/products\/preschool-new-balance-2002r-steel-pv2002st\/#primaryimage"},"thumbnailUrl":"https:\/\/images.novelship.com\/product\/_preschool__new_balance_2002r_steel_pv2002st_0_3930.jpeg","datePublished":"2026-03-21T05:11:04+00:00","breadcrumb":{"@id":"https:\/\/tourcruiser.com\/de\/products\/preschool-new-balance-2002r-steel-pv2002st\/#breadcrumb"},"inLanguage":"de","potentialAction":[{"@type":"ReadAction","target":["https:\/\/tourcruiser.com\/de\/products\/preschool-new-balance-2002r-steel-pv2002st\/"]}]},{"@type":"ImageObject","inLanguage":"de","@id":"https:\/\/tourcruiser.com\/de\/products\/preschool-new-balance-2002r-steel-pv2002st\/#primaryimage","url":"https:\/\/images.novelship.com\/product\/_preschool__new_balance_2002r_steel_pv2002st_0_3930.jpeg","contentUrl":"https:\/\/images.novelship.com\/product\/_preschool__new_balance_2002r_steel_pv2002st_0_3930.jpeg"},{"@type":"BreadcrumbList","@id":"https:\/\/tourcruiser.com\/de\/products\/preschool-new-balance-2002r-steel-pv2002st\/#breadcrumb","itemListElement":[{"@type":"ListItem","position":1,"name":"Home","item":"https:\/\/tourcruiser.com\/de\/"},{"@type":"ListItem","position":2,"name":"Shop","item":"https:\/\/tourcruiser.com\/de\/shop\/"},{"@type":"ListItem","position":3,"name":"(Preschool) New Balance 2002R Steel PV2002ST"}]},{"@type":"WebSite","@id":"https:\/\/tourcruiser.com\/de\/#website","url":"https:\/\/tourcruiser.com\/de\/","name":"Styloral Jewelry Shop","description":"Tourcruiser Sneaker Store \u2014 der Ort, an dem das Universum deine Einzigartigkeit trifft.","publisher":{"@id":"https:\/\/tourcruiser.com\/de\/#organization"},"potentialAction":[{"@type":"SearchAction","target":{"@type":"EntryPoint","urlTemplate":"https:\/\/tourcruiser.com\/de\/?s={search_term_string}"},"query-input":{"@type":"PropertyValueSpecification","valueRequired":true,"valueName":"search_term_string"}}],"inLanguage":"de"},{"@type":"Organization","@id":"https:\/\/tourcruiser.com\/de\/#organization","name":"STYLORAL PTE. LTD","url":"https:\/\/tourcruiser.com\/de\/","logo":{"@type":"ImageObject","inLanguage":"de","@id":"https:\/\/tourcruiser.com\/de\/#\/schema\/logo\/image\/","url":"https:\/\/www.tourcruiser.com\/wp-content\/uploads\/2025\/12\/logo.png","contentUrl":"https:\/\/www.tourcruiser.com\/wp-content\/uploads\/2025\/12\/logo.png","width":200,"height":65,"caption":"STYLORAL PTE. LTD"},"image":{"@id":"https:\/\/tourcruiser.com\/de\/#\/schema\/logo\/image\/"}}]}},"_links":{"self":[{"href":"https:\/\/tourcruiser.com\/de\/wp-json\/wp\/v2\/product\/464804","targetHints":{"allow":["GET"]}}],"collection":[{"href":"https:\/\/tourcruiser.com\/de\/wp-json\/wp\/v2\/product"}],"about":[{"href":"https:\/\/tourcruiser.com\/de\/wp-json\/wp\/v2\/types\/product"}],"replies":[{"embeddable":true,"href":"https:\/\/tourcruiser.com\/de\/wp-json\/wp\/v2\/comments?post=464804"}],"wp:featuredmedia":[{"embeddable":true,"href":"https:\/\/tourcruiser.com\/de\/wp-json\/wp\/v2\/media\/464805"}],"wp:attachment":[{"href":"https:\/\/tourcruiser.com\/de\/wp-json\/wp\/v2\/media?parent=464804"}],"wp:term":[{"taxonomy":"product_brand","embeddable":true,"href":"https:\/\/tourcruiser.com\/de\/wp-json\/wp\/v2\/product_brand?post=464804"},{"taxonomy":"product_cat","embeddable":true,"href":"https:\/\/tourcruiser.com\/de\/wp-json\/wp\/v2\/product_cat?post=464804"},{"taxonomy":"product_tag","embeddable":true,"href":"https:\/\/tourcruiser.com\/de\/wp-json\/wp\/v2\/product_tag?post=464804"}],"curies":[{"name":"wp","href":"https:\/\/api.w.org\/{rel}","templated":true}]}}