{"id":464784,"date":"2026-03-21T12:11:04","date_gmt":"2026-03-21T05:11:04","guid":{"rendered":"http:\/\/tourcruiser.com\/product\/preschool-adidas-yeezy-slides-dark-onyx-id5104"},"modified":"2026-03-21T12:11:04","modified_gmt":"2026-03-21T05:11:04","slug":"preschool-adidas-yeezy-slides-dark-onyx-id5104","status":"publish","type":"product","link":"https:\/\/tourcruiser.com\/de\/products\/preschool-adidas-yeezy-slides-dark-onyx-id5104\/","title":{"rendered":"(Preschool) adidas Yeezy Slides &#8218;Dark Onyx&#8216; ID5104"},"content":{"rendered":"<p>Wir pr\u00c3\u00a4sentieren die adidas Yeezy Slides \u00e2\u20ac\u017eDark Onyx\u00e2\u20ac\u0153 \u00e2\u20ac\u201c die perfekten Begleiter f\u00c3\u00bcr die Spielabenteuer Ihres Kindes. Gefertigt aus weichem, fu\u00c3\u0178anpassendem EVA-Schaum, bieten diese Slides unvergleichlichen Komfort und Halt. Dank des Slip-on-Designs lassen sie sich schnell und einfach anziehen, w\u00c3\u00a4hrend die profilierte Au\u00c3\u0178ensohle f\u00c3\u00bcr optimale Bodenhaftung sorgt. Diese Yeezy Slides in der vielseitigen Farbe \u00e2\u20ac\u017eDark Onyx\u00e2\u20ac\u0153 sind die perfekte Erg\u00c3\u00a4nzung f\u00c3\u00bcr die Garderobe jedes Vorschulkindes und verleihen ihren t\u00c3\u00a4glichen Abenteuern einen Hauch von m\u00c3\u00bchelosem Stil.<\/p>\n<ul>\n<li><strong>Farbgebung:<\/strong> Dark Onyx\/Dark Onyx\/Dark Onyx<\/li>\n<li><strong>Style-Code:<\/strong> ID5104<\/li>\n<li><strong>Obermaterial:<\/strong> EVA<\/li>\n<li><strong>Zwischensohle:<\/strong> EVA<\/li>\n<li><strong>Designer:<\/strong> Kanye West<\/li>\n<li><strong>Erscheinungsjahr:<\/strong> 2024<\/li>\n<\/ul>\n","protected":false},"excerpt":{"rendered":"<p>Wir pr\u00c3\u00a4sentieren die adidas Yeezy Slides \u00e2\u20ac\u017eDark Onyx\u00e2\u20ac\u0153 \u00e2\u20ac\u201c die perfekten Begleiter f\u00c3\u00bcr die Spielabenteuer Ihres Kindes. Gefertigt aus weichem, fu\u00c3\u0178anpassendem EVA-Schaum, bieten diese Slides unvergleichlichen Komfort und Halt. Dank des Slip-on-Designs lassen sie sich schnell und einfach anziehen, w\u00c3\u00a4hrend die profilierte Au\u00c3\u0178ensohle f\u00c3\u00bcr optimale Bodenhaftung sorgt. Diese Yeezy Slides in der vielseitigen Farbe \u00e2\u20ac\u017eDark [&hellip;]<\/p>\n","protected":false},"featured_media":464785,"comment_status":"open","ping_status":"closed","template":"","meta":[],"product_brand":[],"product_cat":[10760,38975,39306,39305],"product_tag":[10759,10864,11575,10808],"class_list":{"0":"post-464784","1":"product","2":"type-product","3":"status-publish","4":"has-post-thumbnail","6":"product_cat-adidas","7":"product_cat-gender-ps","8":"product_cat-slides","9":"product_cat-adidas-yeezy-slide","10":"product_tag-adidas","11":"product_tag-casual-sandals","12":"product_tag-kids-lifestyle-casual-shoes","13":"product_tag-slides","14":"wcpa_has_options","16":"first","17":"instock","18":"taxable","19":"shipping-taxable","20":"purchasable","21":"product-type-simple"},"wcpa_form_fields":{"rules":{"pric_overide_base_price":false,"pric_overide_base_price_if_gt_zero":false,"pric_overide_base_price_fully":false,"pric_cal_option_once":false,"pric_use_as_fee":false,"bind_quantity":false,"quantity_bind_formula":false},"fields":[{"type":"color-group","required":true,"elementId":"wcpa-color-group-66c4a7f817afe","label":"Gr\u00f6\u00dfe","inline":true,"priceOptions":"different_for_all","pricingType":"fixed","className":"hassizechart product-shoes-size-eu product-shoes-size","name":"color-group-66c4a7f817b18","disp_type":"square","selection_type":"tick-border","disp_size":"50","show_label_inside":true,"adjust_width":true,"cart_display_type":"text","other_text":"Other","cl_rule":"show","col":6,"values":[{"label":"35","value":"EU 35","price":"","pimage":"","pimage_id":"","pthumb":"","color":""},{"label":"35.5","value":"EU 35.5","price":"","pimage":"","pimage_id":"","pthumb":"","color":""},{"label":"36","value":"EU 36","price":"","pimage":"","pimage_id":"","pthumb":"","color":"","selected":true},{"label":"36 2\/3","value":"EU 36 2\/3","price":"","pimage":"","pimage_id":"","pthumb":"","color":""},{"label":"37 1\/3","value":"EU 37 1\/3","price":"","pimage":"","pimage_id":"","pthumb":"","color":""},{"label":"38","value":"EU 38","price":"","pimage":"","pimage_id":"","pthumb":"","color":""},{"label":"38 2\/3","value":"EU 38 2\/3","price":"","pimage":"","pimage_id":"","pthumb":"","color":""},{"label":"39 1\/3","value":"EU 39 1\/3","price":"","pimage":"","pimage_id":"","pthumb":"","color":""},{"label":"40","value":"EU 40","price":"","pimage":"","pimage_id":"","pthumb":"","color":""},{"label":"40 2\/3","value":"EU 40 2\/3","price":"","pimage":"","pimage_id":"","pthumb":"","color":""},{"label":"41 1\/3","value":"EU 41 1\/3","price":"","pimage":"","pimage_id":"","pthumb":"","color":""},{"label":"42","value":"EU 42","price":"","pimage":"","pimage_id":"","pthumb":"","color":""},{"label":"42 2\/3","value":"EU 42 2\/3","price":"","pimage":"","pimage_id":"","pthumb":"","color":""},{"label":"43 1\/3","value":"EU 43 1\/3","price":"","pimage":"","pimage_id":"","pthumb":"","color":""},{"label":"44","value":"EU 44","price":"","pimage":"","pimage_id":"","pthumb":"","color":""},{"label":"44 2\/3","value":"EU 44 2\/3","price":"","pimage":"","pimage_id":"","pthumb":"","color":""},{"label":"45 1\/3","value":"EU 45 1\/3","price":"","pimage":"","pimage_id":"","pthumb":"","color":""},{"label":"46","value":"EU 46","price":"","pimage":"","pimage_id":"","pthumb":"","color":""},{"label":"46 2\/3","value":"EU 46 2\/3","price":"","pimage":"","pimage_id":"","pthumb":"","color":""},{"label":"47 1\/3","value":"EU 47 1\/3","price":"","pimage":"","pimage_id":"","pthumb":"","color":""}],"relations":[{"operator":false,"rules":[]}],"form_id":24802,"form_rules":{"pric_cal_option_once":false,"exclude_from_discount":false,"pric_use_as_fee":false,"fee_label":"Fee","render_after_acb":false,"disp_hide_options_price":false}}]},"yoast_head":"<!-- This site is optimized with the Yoast SEO plugin v26.5 - https:\/\/yoast.com\/wordpress\/plugins\/seo\/ -->\n<title>(Preschool) adidas Yeezy Slides &#039;Dark Onyx&#039; ID5104 - Tourcruiser PTE. LTD<\/title>\n<meta name=\"robots\" content=\"index, follow, max-snippet:-1, max-image-preview:large, max-video-preview:-1\" \/>\n<link rel=\"canonical\" href=\"https:\/\/tourcruiser.com\/de\/products\/preschool-adidas-yeezy-slides-dark-onyx-id5104\/\" \/>\n<meta property=\"og:locale\" content=\"de_DE\" \/>\n<meta property=\"og:type\" content=\"article\" \/>\n<meta property=\"og:title\" content=\"(Preschool) adidas Yeezy Slides &#039;Dark Onyx&#039; ID5104 - Tourcruiser PTE. LTD\" \/>\n<meta property=\"og:description\" content=\"Wir pr\u00c3\u00a4sentieren die adidas Yeezy Slides \u00e2\u20ac\u017eDark Onyx\u00e2\u20ac\u0153 \u00e2\u20ac\u201c die perfekten Begleiter f\u00c3\u00bcr die Spielabenteuer Ihres Kindes. Gefertigt aus weichem, fu\u00c3\u0178anpassendem EVA-Schaum, bieten diese Slides unvergleichlichen Komfort und Halt. Dank des Slip-on-Designs lassen sie sich schnell und einfach anziehen, w\u00c3\u00a4hrend die profilierte Au\u00c3\u0178ensohle f\u00c3\u00bcr optimale Bodenhaftung sorgt. Diese Yeezy Slides in der vielseitigen Farbe \u00e2\u20ac\u017eDark [&hellip;]\" \/>\n<meta property=\"og:url\" content=\"https:\/\/tourcruiser.com\/de\/products\/preschool-adidas-yeezy-slides-dark-onyx-id5104\/\" \/>\n<meta property=\"og:site_name\" content=\"Tourcruiser Sneaker Store\" \/>\n<meta name=\"twitter:card\" content=\"summary_large_image\" \/>\n<meta name=\"twitter:image\" content=\"https:\/\/images.novelship.com\/product\/_preschool__adidas_yeezy_slides__dark_onyx__id5104_0_9344.jpeg\" \/>\n<meta name=\"twitter:label1\" content=\"Gesch\u00e4tzte Lesezeit\" \/>\n\t<meta name=\"twitter:data1\" content=\"1\u00a0Minute\" \/>\n<script type=\"application\/ld+json\" class=\"yoast-schema-graph\">{\"@context\":\"https:\/\/schema.org\",\"@graph\":[{\"@type\":\"WebPage\",\"@id\":\"https:\/\/tourcruiser.com\/de\/products\/preschool-adidas-yeezy-slides-dark-onyx-id5104\/\",\"url\":\"https:\/\/tourcruiser.com\/de\/products\/preschool-adidas-yeezy-slides-dark-onyx-id5104\/\",\"name\":\"(Preschool) adidas Yeezy Slides 'Dark Onyx' ID5104 - Tourcruiser PTE. LTD\",\"isPartOf\":{\"@id\":\"https:\/\/tourcruiser.com\/de\/#website\"},\"primaryImageOfPage\":{\"@id\":\"https:\/\/tourcruiser.com\/de\/products\/preschool-adidas-yeezy-slides-dark-onyx-id5104\/#primaryimage\"},\"image\":{\"@id\":\"https:\/\/tourcruiser.com\/de\/products\/preschool-adidas-yeezy-slides-dark-onyx-id5104\/#primaryimage\"},\"thumbnailUrl\":\"https:\/\/images.novelship.com\/product\/_preschool__adidas_yeezy_slides__dark_onyx__id5104_0_9344.jpeg\",\"datePublished\":\"2026-03-21T05:11:04+00:00\",\"breadcrumb\":{\"@id\":\"https:\/\/tourcruiser.com\/de\/products\/preschool-adidas-yeezy-slides-dark-onyx-id5104\/#breadcrumb\"},\"inLanguage\":\"de\",\"potentialAction\":[{\"@type\":\"ReadAction\",\"target\":[\"https:\/\/tourcruiser.com\/de\/products\/preschool-adidas-yeezy-slides-dark-onyx-id5104\/\"]}]},{\"@type\":\"ImageObject\",\"inLanguage\":\"de\",\"@id\":\"https:\/\/tourcruiser.com\/de\/products\/preschool-adidas-yeezy-slides-dark-onyx-id5104\/#primaryimage\",\"url\":\"https:\/\/images.novelship.com\/product\/_preschool__adidas_yeezy_slides__dark_onyx__id5104_0_9344.jpeg\",\"contentUrl\":\"https:\/\/images.novelship.com\/product\/_preschool__adidas_yeezy_slides__dark_onyx__id5104_0_9344.jpeg\"},{\"@type\":\"BreadcrumbList\",\"@id\":\"https:\/\/tourcruiser.com\/de\/products\/preschool-adidas-yeezy-slides-dark-onyx-id5104\/#breadcrumb\",\"itemListElement\":[{\"@type\":\"ListItem\",\"position\":1,\"name\":\"Home\",\"item\":\"https:\/\/tourcruiser.com\/de\/\"},{\"@type\":\"ListItem\",\"position\":2,\"name\":\"Shop\",\"item\":\"https:\/\/tourcruiser.com\/de\/shop\/\"},{\"@type\":\"ListItem\",\"position\":3,\"name\":\"(Preschool) adidas Yeezy Slides 'Dark Onyx' ID5104\"}]},{\"@type\":\"WebSite\",\"@id\":\"https:\/\/tourcruiser.com\/de\/#website\",\"url\":\"https:\/\/tourcruiser.com\/de\/\",\"name\":\"Styloral Jewelry Shop\",\"description\":\"Tourcruiser Sneaker Store \u2014 der Ort, an dem das Universum deine Einzigartigkeit trifft.\",\"publisher\":{\"@id\":\"https:\/\/tourcruiser.com\/de\/#organization\"},\"potentialAction\":[{\"@type\":\"SearchAction\",\"target\":{\"@type\":\"EntryPoint\",\"urlTemplate\":\"https:\/\/tourcruiser.com\/de\/?s={search_term_string}\"},\"query-input\":{\"@type\":\"PropertyValueSpecification\",\"valueRequired\":true,\"valueName\":\"search_term_string\"}}],\"inLanguage\":\"de\"},{\"@type\":\"Organization\",\"@id\":\"https:\/\/tourcruiser.com\/de\/#organization\",\"name\":\"STYLORAL PTE. LTD\",\"url\":\"https:\/\/tourcruiser.com\/de\/\",\"logo\":{\"@type\":\"ImageObject\",\"inLanguage\":\"de\",\"@id\":\"https:\/\/tourcruiser.com\/de\/#\/schema\/logo\/image\/\",\"url\":\"https:\/\/www.tourcruiser.com\/wp-content\/uploads\/2025\/12\/logo.png\",\"contentUrl\":\"https:\/\/www.tourcruiser.com\/wp-content\/uploads\/2025\/12\/logo.png\",\"width\":200,\"height\":65,\"caption\":\"STYLORAL PTE. LTD\"},\"image\":{\"@id\":\"https:\/\/tourcruiser.com\/de\/#\/schema\/logo\/image\/\"}}]}<\/script>\n<!-- \/ Yoast SEO plugin. -->","yoast_head_json":{"title":"(Preschool) adidas Yeezy Slides 'Dark Onyx' ID5104 - Tourcruiser PTE. LTD","robots":{"index":"index","follow":"follow","max-snippet":"max-snippet:-1","max-image-preview":"max-image-preview:large","max-video-preview":"max-video-preview:-1"},"canonical":"https:\/\/tourcruiser.com\/de\/products\/preschool-adidas-yeezy-slides-dark-onyx-id5104\/","og_locale":"de_DE","og_type":"article","og_title":"(Preschool) adidas Yeezy Slides 'Dark Onyx' ID5104 - Tourcruiser PTE. LTD","og_description":"Wir pr\u00c3\u00a4sentieren die adidas Yeezy Slides \u00e2\u20ac\u017eDark Onyx\u00e2\u20ac\u0153 \u00e2\u20ac\u201c die perfekten Begleiter f\u00c3\u00bcr die Spielabenteuer Ihres Kindes. Gefertigt aus weichem, fu\u00c3\u0178anpassendem EVA-Schaum, bieten diese Slides unvergleichlichen Komfort und Halt. Dank des Slip-on-Designs lassen sie sich schnell und einfach anziehen, w\u00c3\u00a4hrend die profilierte Au\u00c3\u0178ensohle f\u00c3\u00bcr optimale Bodenhaftung sorgt. Diese Yeezy Slides in der vielseitigen Farbe \u00e2\u20ac\u017eDark [&hellip;]","og_url":"https:\/\/tourcruiser.com\/de\/products\/preschool-adidas-yeezy-slides-dark-onyx-id5104\/","og_site_name":"Tourcruiser Sneaker Store","twitter_card":"summary_large_image","twitter_image":"https:\/\/images.novelship.com\/product\/_preschool__adidas_yeezy_slides__dark_onyx__id5104_0_9344.jpeg","twitter_misc":{"Gesch\u00e4tzte Lesezeit":"1\u00a0Minute"},"schema":{"@context":"https:\/\/schema.org","@graph":[{"@type":"WebPage","@id":"https:\/\/tourcruiser.com\/de\/products\/preschool-adidas-yeezy-slides-dark-onyx-id5104\/","url":"https:\/\/tourcruiser.com\/de\/products\/preschool-adidas-yeezy-slides-dark-onyx-id5104\/","name":"(Preschool) adidas Yeezy Slides 'Dark Onyx' ID5104 - Tourcruiser PTE. LTD","isPartOf":{"@id":"https:\/\/tourcruiser.com\/de\/#website"},"primaryImageOfPage":{"@id":"https:\/\/tourcruiser.com\/de\/products\/preschool-adidas-yeezy-slides-dark-onyx-id5104\/#primaryimage"},"image":{"@id":"https:\/\/tourcruiser.com\/de\/products\/preschool-adidas-yeezy-slides-dark-onyx-id5104\/#primaryimage"},"thumbnailUrl":"https:\/\/images.novelship.com\/product\/_preschool__adidas_yeezy_slides__dark_onyx__id5104_0_9344.jpeg","datePublished":"2026-03-21T05:11:04+00:00","breadcrumb":{"@id":"https:\/\/tourcruiser.com\/de\/products\/preschool-adidas-yeezy-slides-dark-onyx-id5104\/#breadcrumb"},"inLanguage":"de","potentialAction":[{"@type":"ReadAction","target":["https:\/\/tourcruiser.com\/de\/products\/preschool-adidas-yeezy-slides-dark-onyx-id5104\/"]}]},{"@type":"ImageObject","inLanguage":"de","@id":"https:\/\/tourcruiser.com\/de\/products\/preschool-adidas-yeezy-slides-dark-onyx-id5104\/#primaryimage","url":"https:\/\/images.novelship.com\/product\/_preschool__adidas_yeezy_slides__dark_onyx__id5104_0_9344.jpeg","contentUrl":"https:\/\/images.novelship.com\/product\/_preschool__adidas_yeezy_slides__dark_onyx__id5104_0_9344.jpeg"},{"@type":"BreadcrumbList","@id":"https:\/\/tourcruiser.com\/de\/products\/preschool-adidas-yeezy-slides-dark-onyx-id5104\/#breadcrumb","itemListElement":[{"@type":"ListItem","position":1,"name":"Home","item":"https:\/\/tourcruiser.com\/de\/"},{"@type":"ListItem","position":2,"name":"Shop","item":"https:\/\/tourcruiser.com\/de\/shop\/"},{"@type":"ListItem","position":3,"name":"(Preschool) adidas Yeezy Slides 'Dark Onyx' ID5104"}]},{"@type":"WebSite","@id":"https:\/\/tourcruiser.com\/de\/#website","url":"https:\/\/tourcruiser.com\/de\/","name":"Styloral Jewelry Shop","description":"Tourcruiser Sneaker Store \u2014 der Ort, an dem das Universum deine Einzigartigkeit trifft.","publisher":{"@id":"https:\/\/tourcruiser.com\/de\/#organization"},"potentialAction":[{"@type":"SearchAction","target":{"@type":"EntryPoint","urlTemplate":"https:\/\/tourcruiser.com\/de\/?s={search_term_string}"},"query-input":{"@type":"PropertyValueSpecification","valueRequired":true,"valueName":"search_term_string"}}],"inLanguage":"de"},{"@type":"Organization","@id":"https:\/\/tourcruiser.com\/de\/#organization","name":"STYLORAL PTE. LTD","url":"https:\/\/tourcruiser.com\/de\/","logo":{"@type":"ImageObject","inLanguage":"de","@id":"https:\/\/tourcruiser.com\/de\/#\/schema\/logo\/image\/","url":"https:\/\/www.tourcruiser.com\/wp-content\/uploads\/2025\/12\/logo.png","contentUrl":"https:\/\/www.tourcruiser.com\/wp-content\/uploads\/2025\/12\/logo.png","width":200,"height":65,"caption":"STYLORAL PTE. LTD"},"image":{"@id":"https:\/\/tourcruiser.com\/de\/#\/schema\/logo\/image\/"}}]}},"_links":{"self":[{"href":"https:\/\/tourcruiser.com\/de\/wp-json\/wp\/v2\/product\/464784","targetHints":{"allow":["GET"]}}],"collection":[{"href":"https:\/\/tourcruiser.com\/de\/wp-json\/wp\/v2\/product"}],"about":[{"href":"https:\/\/tourcruiser.com\/de\/wp-json\/wp\/v2\/types\/product"}],"replies":[{"embeddable":true,"href":"https:\/\/tourcruiser.com\/de\/wp-json\/wp\/v2\/comments?post=464784"}],"wp:featuredmedia":[{"embeddable":true,"href":"https:\/\/tourcruiser.com\/de\/wp-json\/wp\/v2\/media\/464785"}],"wp:attachment":[{"href":"https:\/\/tourcruiser.com\/de\/wp-json\/wp\/v2\/media?parent=464784"}],"wp:term":[{"taxonomy":"product_brand","embeddable":true,"href":"https:\/\/tourcruiser.com\/de\/wp-json\/wp\/v2\/product_brand?post=464784"},{"taxonomy":"product_cat","embeddable":true,"href":"https:\/\/tourcruiser.com\/de\/wp-json\/wp\/v2\/product_cat?post=464784"},{"taxonomy":"product_tag","embeddable":true,"href":"https:\/\/tourcruiser.com\/de\/wp-json\/wp\/v2\/product_tag?post=464784"}],"curies":[{"name":"wp","href":"https:\/\/api.w.org\/{rel}","templated":true}]}}